{"id":10311,"date":"2013-03-06T13:35:15","date_gmt":"2013-03-06T21:35:15","guid":{"rendered":"https:\/\/plg-pllc.com\/?p=10311"},"modified":"2024-11-07T04:12:20","modified_gmt":"2024-11-07T12:12:20","slug":"navigating-slick-seattle-roads-seattle-auto-accident-attorney","status":"publish","type":"page","link":"https:\/\/plg-pllc.com\/es\/faqs\/how-to-navigate-slick-seattle-roads\/","title":{"rendered":"C\u00f3mo navegar por las resbaladizas carreteras de Seattle | Abogado de accidentes automovil\u00edsticos en Seattle"},"content":{"rendered":"<p><a href=\"https:\/\/plg-pllc.com\/wp-content\/uploads\/2013\/03\/night-driving-rain.jpg\"><img loading=\"lazy\" decoding=\"async\" class=\"alignleft size-full wp-image-10312\" src=\"https:\/\/plg-pllc.com\/wp-content\/uploads\/2013\/03\/night-driving-rain.jpg\" alt=\"lluvia torrencial nocturna\" width=\"500\" height=\"334\" \/><\/a><\/p>\n<p>El noroeste del Pac\u00edfico: hogar de las cascadas, Microsoft, los Seahawks. Hay tantas cosas maravillosas en esta zona, y es por lejos uno de los lugares m\u00e1s hermosos para vivir en el pa\u00eds. Pero, con este territorio viene mucha lluvia. Todo el mundo lo sabe, y muchos de nosotros hemos estado en la carretera, bajo la lluvia, durante mucho tiempo. Sin embargo, es conveniente refrescar la memoria cuando se trata de recordar c\u00f3mo conducir correctamente bajo la lluvia. Aqu\u00ed hay algunos consejos de Smart Motorist y Goodyear Tires para que los lleve consigo la pr\u00f3xima vez que recorra las resbaladizas calles de Seattle:<\/p>\n<p>1. Disminuya la velocidad. No se sienta presionado por otros conductores para ir m\u00e1s r\u00e1pido de lo que le resulta c\u00f3modo, ya que en condiciones h\u00famedas se tarda m\u00e1s en detenerse.<\/p>\n<p>2. Mantenga una distancia de seguimiento adecuada y aum\u00e9ntela si llueve.<\/p>\n<p>3. Siga las huellas del veh\u00edculo que va delante de usted.<\/p>\n<p>4. Si las condiciones y situaciones lo permiten, evite usar los frenos y en su lugar retire el pie del acelerador para reducir la velocidad.<\/p>\n<p>5. Compruebe siempre que los limpiaparabrisas est\u00e9n en buenas condiciones y reempl\u00e1celos seg\u00fan sea necesario.<\/p>\n<p>6. No conduzca fuera de carretera.<\/p>\n<p>7. Evite conducir por charcos de profundidad desconocida.<\/p>\n<p>8. Aprenda c\u00f3mo recuperarse adecuadamente de una patinada e implementar de manera apropiada (no golpee sus talones).<\/p>\n<p>Estas son, por supuesto, solo algunas de las muchas cosas que debe hacer cuando conduce en condiciones h\u00famedas. Recuerde que puede ser un conductor fenomenal, llueva o haga sol, \u00a1pero nunca puede predecir lo que har\u00e1n quienes lo rodean!<\/p>\n\n        <div class=\"rs-content-cta\">\n            <p>Llamar o enviar mensaje de texto <a href=\"tel:+12062851743\">(206) 285-1743<\/a> o complete un formulario de evaluaci\u00f3n de caso gratuito<\/p>\n            <a href=\"https:\/\/plg-pllc.com\/es\/contact-us\/\" title=\"OBTENGA UNA EVALUACI\u00d3N DE CASO GRATUITA\" class=\"btn-global\">OBTENGA UNA EVALUACI\u00d3N DE CASO GRATUITA<\/a>\n                    <picture>\n                            <source srcset=\"https:\/\/plg-pllc.com\/wp-content\/themes\/plg-pllc-redesign\/assets\/app\/img\/cta-thumb.webp\" type=\"image\/webp\"\/>\n                            <img src=\"https:\/\/plg-pllc.com\/wp-content\/themes\/plg-pllc-redesign\/assets\/app\/img\/cta-thumb.png\" alt=\"Grupo de abogados Premier\" title=\"Grupo de abogados Premier\" width=\"245\" height=\"220\" loading=\"auto\" fetchpriority=\"auto\" decoding=\"async\"\/>\n        <\/picture>\n        \n        <\/div>","protected":false},"excerpt":{"rendered":"<p>El noroeste del Pac\u00edfico: hogar de las cascadas, Microsoft y los Seahawks. Hay tantas cosas maravillosas en esta zona y es, por lejos, uno de los lugares m\u00e1s hermosos para vivir en el pa\u00eds. Pero, con este territorio, tambi\u00e9n llueve mucho. Todo el mundo lo sabe y muchos de nosotros hemos estado all\u00ed\u2026<\/p>","protected":false},"author":2,"featured_media":0,"parent":20714,"menu_order":0,"comment_status":"closed","ping_status":"closed","template":"","meta":{"_acf_changed":false,"_genesis_hide_title":false,"_genesis_hide_breadcrumbs":false,"_genesis_hide_singular_image":false,"_genesis_hide_footer_widgets":false,"_genesis_custom_body_class":"","_genesis_custom_post_class":"","_genesis_layout":"","footnotes":""},"hc_faqs":[10344],"class_list":{"0":"post-10311","1":"page","2":"type-page","3":"status-publish","5":"hc_faqs-car-accident","6":"entry"},"acf":[],"yoast_head":"<!-- This site is optimized with the Yoast SEO plugin v27.2 - https:\/\/yoast.com\/product\/yoast-seo-wordpress\/ -->\n<title>Navigating Slick Seattle Roads | Seattle Auto Accident Attorney<\/title>\n<meta name=\"description\" content=\"Navigating Slick Seattle Roads | Seattle Auto Accident Attorney: Premier Law Group helps you unlock the full compensation you deserve. No Fee Unless We Win.\" \/>\n<meta name=\"robots\" content=\"index, follow, max-snippet:-1, max-image-preview:large, max-video-preview:-1\" \/>\n<link rel=\"canonical\" href=\"https:\/\/plg-pllc.com\/es\/faqs\/how-to-navigate-slick-seattle-roads\/\" \/>\n<meta property=\"og:locale\" content=\"es_MX\" \/>\n<meta property=\"og:type\" content=\"article\" \/>\n<meta property=\"og:title\" content=\"Navigating Slick Seattle Roads | Seattle Auto Accident Attorney\" \/>\n<meta property=\"og:description\" content=\"Navigating Slick Seattle Roads | Seattle Auto Accident Attorney: Premier Law Group helps you unlock the full compensation you deserve. No Fee Unless We Win.\" \/>\n<meta property=\"og:url\" content=\"https:\/\/plg-pllc.com\/es\/faqs\/how-to-navigate-slick-seattle-roads\/\" \/>\n<meta property=\"og:site_name\" content=\"Premier Law Group\" \/>\n<meta property=\"article:publisher\" content=\"https:\/\/www.facebook.com\/premierlawgroup\" \/>\n<meta property=\"article:modified_time\" content=\"2024-11-07T12:12:20+00:00\" \/>\n<meta name=\"twitter:card\" content=\"summary_large_image\" \/>\n<meta name=\"twitter:site\" content=\"@premierlawgroup\" \/>\n<meta name=\"twitter:label1\" content=\"Tiempo de lectura\" \/>\n\t<meta name=\"twitter:data1\" content=\"2 minutos\" \/>\n<script type=\"application\/ld+json\" class=\"yoast-schema-graph\">{\"@context\":\"https:\/\/schema.org\",\"@graph\":[{\"@type\":\"WebPage\",\"@id\":\"https:\/\/plg-pllc.com\/faqs\/how-to-navigate-slick-seattle-roads\/\",\"url\":\"https:\/\/plg-pllc.com\/faqs\/how-to-navigate-slick-seattle-roads\/\",\"name\":\"Navigating Slick Seattle Roads | Seattle Auto Accident Attorney\",\"isPartOf\":{\"@id\":\"https:\/\/plg-pllc.com\/#website\"},\"primaryImageOfPage\":{\"@id\":\"https:\/\/plg-pllc.com\/faqs\/how-to-navigate-slick-seattle-roads\/#primaryimage\"},\"image\":{\"@id\":\"https:\/\/plg-pllc.com\/faqs\/how-to-navigate-slick-seattle-roads\/#primaryimage\"},\"thumbnailUrl\":\"https:\/\/plg-pllc.com\/wp-content\/uploads\/2013\/03\/night-driving-rain.jpg\",\"datePublished\":\"2013-03-06T21:35:15+00:00\",\"dateModified\":\"2024-11-07T12:12:20+00:00\",\"description\":\"Navigating Slick Seattle Roads | Seattle Auto Accident Attorney: Premier Law Group helps you unlock the full compensation you deserve. No Fee Unless We Win.\",\"breadcrumb\":{\"@id\":\"https:\/\/plg-pllc.com\/faqs\/how-to-navigate-slick-seattle-roads\/#breadcrumb\"},\"inLanguage\":\"es\",\"potentialAction\":[{\"@type\":\"ReadAction\",\"target\":[\"https:\/\/plg-pllc.com\/faqs\/how-to-navigate-slick-seattle-roads\/\"]}]},{\"@type\":\"ImageObject\",\"inLanguage\":\"es\",\"@id\":\"https:\/\/plg-pllc.com\/faqs\/how-to-navigate-slick-seattle-roads\/#primaryimage\",\"url\":\"https:\/\/plg-pllc.com\/wp-content\/uploads\/2013\/03\/night-driving-rain.jpg\",\"contentUrl\":\"https:\/\/plg-pllc.com\/wp-content\/uploads\/2013\/03\/night-driving-rain.jpg\"},{\"@type\":\"BreadcrumbList\",\"@id\":\"https:\/\/plg-pllc.com\/faqs\/how-to-navigate-slick-seattle-roads\/#breadcrumb\",\"itemListElement\":[{\"@type\":\"ListItem\",\"position\":1,\"name\":\"Home\",\"item\":\"https:\/\/plg-pllc.com\/es\/\"},{\"@type\":\"ListItem\",\"position\":2,\"name\":\"FAQs\",\"item\":\"https:\/\/plg-pllc.com\/es\/faqs\/\"},{\"@type\":\"ListItem\",\"position\":3,\"name\":\"Navigating Slick Seattle Roads | Seattle Auto Accident Attorney\"}]},{\"@type\":\"WebSite\",\"@id\":\"https:\/\/plg-pllc.com\/#website\",\"url\":\"https:\/\/plg-pllc.com\/\",\"name\":\"Premier Law Group\",\"description\":\"Washington Wrongful Death and Serious Injury Lawyer\",\"publisher\":{\"@id\":\"https:\/\/plg-pllc.com\/#organization\"},\"inLanguage\":\"es\"},{\"@type\":\"Organization\",\"@id\":\"https:\/\/plg-pllc.com\/#organization\",\"name\":\"Premier Law Group\",\"url\":\"https:\/\/plg-pllc.com\/\",\"logo\":{\"@type\":\"ImageObject\",\"inLanguage\":\"es\",\"@id\":\"https:\/\/plg-pllc.com\/#\/schema\/logo\/image\/\",\"url\":\"https:\/\/plg-pllc.com\/wp-content\/uploads\/2020\/10\/plg-logo-v2.gif\",\"contentUrl\":\"https:\/\/plg-pllc.com\/wp-content\/uploads\/2020\/10\/plg-logo-v2.gif\",\"width\":592,\"height\":191,\"caption\":\"Premier Law Group\"},\"image\":{\"@id\":\"https:\/\/plg-pllc.com\/#\/schema\/logo\/image\/\"},\"sameAs\":[\"https:\/\/www.facebook.com\/premierlawgroup\",\"https:\/\/x.com\/premierlawgroup\"]}]}<\/script>\n<!-- \/ Yoast SEO plugin. -->","yoast_head_json":{"title":"C\u00f3mo navegar por las resbaladizas carreteras de Seattle | Abogado de accidentes automovil\u00edsticos en Seattle","description":"C\u00f3mo navegar por las resbaladizas carreteras de Seattle | Abogado de accidentes automovil\u00edsticos de Seattle: Premier Law Group lo ayuda a obtener la compensaci\u00f3n total que se merece. Sin honorarios a menos que ganemos.","robots":{"index":"index","follow":"follow","max-snippet":"max-snippet:-1","max-image-preview":"max-image-preview:large","max-video-preview":"max-video-preview:-1"},"canonical":"https:\/\/plg-pllc.com\/es\/faqs\/how-to-navigate-slick-seattle-roads\/","og_locale":"es_MX","og_type":"article","og_title":"Navigating Slick Seattle Roads | Seattle Auto Accident Attorney","og_description":"Navigating Slick Seattle Roads | Seattle Auto Accident Attorney: Premier Law Group helps you unlock the full compensation you deserve. No Fee Unless We Win.","og_url":"https:\/\/plg-pllc.com\/es\/faqs\/how-to-navigate-slick-seattle-roads\/","og_site_name":"Premier Law Group","article_publisher":"https:\/\/www.facebook.com\/premierlawgroup","article_modified_time":"2024-11-07T12:12:20+00:00","twitter_card":"summary_large_image","twitter_site":"@premierlawgroup","twitter_misc":{"Tiempo de lectura":"2 minutos"},"schema":{"@context":"https:\/\/schema.org","@graph":[{"@type":"WebPage","@id":"https:\/\/plg-pllc.com\/faqs\/how-to-navigate-slick-seattle-roads\/","url":"https:\/\/plg-pllc.com\/faqs\/how-to-navigate-slick-seattle-roads\/","name":"C\u00f3mo navegar por las resbaladizas carreteras de Seattle | Abogado de accidentes automovil\u00edsticos en Seattle","isPartOf":{"@id":"https:\/\/plg-pllc.com\/#website"},"primaryImageOfPage":{"@id":"https:\/\/plg-pllc.com\/faqs\/how-to-navigate-slick-seattle-roads\/#primaryimage"},"image":{"@id":"https:\/\/plg-pllc.com\/faqs\/how-to-navigate-slick-seattle-roads\/#primaryimage"},"thumbnailUrl":"https:\/\/plg-pllc.com\/wp-content\/uploads\/2013\/03\/night-driving-rain.jpg","datePublished":"2013-03-06T21:35:15+00:00","dateModified":"2024-11-07T12:12:20+00:00","description":"C\u00f3mo navegar por las resbaladizas carreteras de Seattle | Abogado de accidentes automovil\u00edsticos de Seattle: Premier Law Group lo ayuda a obtener la compensaci\u00f3n total que se merece. Sin honorarios a menos que ganemos.","breadcrumb":{"@id":"https:\/\/plg-pllc.com\/faqs\/how-to-navigate-slick-seattle-roads\/#breadcrumb"},"inLanguage":"es","potentialAction":[{"@type":"ReadAction","target":["https:\/\/plg-pllc.com\/faqs\/how-to-navigate-slick-seattle-roads\/"]}]},{"@type":"ImageObject","inLanguage":"es","@id":"https:\/\/plg-pllc.com\/faqs\/how-to-navigate-slick-seattle-roads\/#primaryimage","url":"https:\/\/plg-pllc.com\/wp-content\/uploads\/2013\/03\/night-driving-rain.jpg","contentUrl":"https:\/\/plg-pllc.com\/wp-content\/uploads\/2013\/03\/night-driving-rain.jpg"},{"@type":"BreadcrumbList","@id":"https:\/\/plg-pllc.com\/faqs\/how-to-navigate-slick-seattle-roads\/#breadcrumb","itemListElement":[{"@type":"ListItem","position":1,"name":"Home","item":"https:\/\/plg-pllc.com\/es\/"},{"@type":"ListItem","position":2,"name":"FAQs","item":"https:\/\/plg-pllc.com\/es\/faqs\/"},{"@type":"ListItem","position":3,"name":"Navigating Slick Seattle Roads | Seattle Auto Accident Attorney"}]},{"@type":"WebSite","@id":"https:\/\/plg-pllc.com\/#website","url":"https:\/\/plg-pllc.com\/","name":"Grupo de abogados Premier","description":"Abogado de muerte por negligencia y lesiones graves en Washington","publisher":{"@id":"https:\/\/plg-pllc.com\/#organization"},"inLanguage":"es"},{"@type":"Organization","@id":"https:\/\/plg-pllc.com\/#organization","name":"Grupo de abogados Premier","url":"https:\/\/plg-pllc.com\/","logo":{"@type":"ImageObject","inLanguage":"es","@id":"https:\/\/plg-pllc.com\/#\/schema\/logo\/image\/","url":"https:\/\/plg-pllc.com\/wp-content\/uploads\/2020\/10\/plg-logo-v2.gif","contentUrl":"https:\/\/plg-pllc.com\/wp-content\/uploads\/2020\/10\/plg-logo-v2.gif","width":592,"height":191,"caption":"Premier Law Group"},"image":{"@id":"https:\/\/plg-pllc.com\/#\/schema\/logo\/image\/"},"sameAs":["https:\/\/www.facebook.com\/premierlawgroup","https:\/\/x.com\/premierlawgroup"]}]}},"_links":{"self":[{"href":"https:\/\/plg-pllc.com\/es\/wp-json\/wp\/v2\/pages\/10311","targetHints":{"allow":["GET"]}}],"collection":[{"href":"https:\/\/plg-pllc.com\/es\/wp-json\/wp\/v2\/pages"}],"about":[{"href":"https:\/\/plg-pllc.com\/es\/wp-json\/wp\/v2\/types\/page"}],"author":[{"embeddable":true,"href":"https:\/\/plg-pllc.com\/es\/wp-json\/wp\/v2\/users\/2"}],"replies":[{"embeddable":true,"href":"https:\/\/plg-pllc.com\/es\/wp-json\/wp\/v2\/comments?post=10311"}],"version-history":[{"count":0,"href":"https:\/\/plg-pllc.com\/es\/wp-json\/wp\/v2\/pages\/10311\/revisions"}],"up":[{"embeddable":true,"href":"https:\/\/plg-pllc.com\/es\/wp-json\/wp\/v2\/pages\/20714"}],"wp:attachment":[{"href":"https:\/\/plg-pllc.com\/es\/wp-json\/wp\/v2\/media?parent=10311"}],"wp:term":[{"taxonomy":"hc_faqs","embeddable":true,"href":"https:\/\/plg-pllc.com\/es\/wp-json\/wp\/v2\/hc_faqs?post=10311"}],"curies":[{"name":"gracias","href":"https:\/\/api.w.org\/{rel}","templated":true}]}}