{"id":1094,"date":"2010-09-01T17:02:25","date_gmt":"2010-09-02T00:02:25","guid":{"rendered":"https:\/\/plg-pllc.com\/"},"modified":"2026-04-15T17:35:24","modified_gmt":"2026-04-16T00:35:24","slug":"links","status":"publish","type":"page","link":"https:\/\/plg-pllc.com\/es\/free-resources\/","title":{"rendered":"Enlaces\/Recursos \u00fatiles"},"content":{"rendered":"<h2>Definici\u00f3n de Accidentes Automovil\u00edsticos<\/h2>\n<ul>\n<li><a href=\"https:\/\/plg-pllc.com\/books\/truth-about-washington-auto-accidents\/\">Libro de accidentes de tr\u00e1fico<\/a> \u2013 Mi libro sobre accidentes automovil\u00edsticos en el estado de Washington que proporciona una gran cantidad de informaci\u00f3n sobre qu\u00e9 hacer despu\u00e9s de un accidente automovil\u00edstico.<\/li>\n<li><a href=\"https:\/\/www.teensagainstdistracteddriving.com\/\">Los adolescentes y la conducci\u00f3n distra\u00edda<\/a> \u2013 Nuestra organizaci\u00f3n sin fines de lucro dedicada a ense\u00f1ar a los adolescentes sobre los peligros de conducir distra\u00eddo.<\/li>\n<li>\n<div style=\"text-align: left;\"><a href=\"https:\/\/www.transportation.gov\/\">Departamento de Transporte<\/a> \u2013 Consejos de seguridad del Departamento de Transporte de EE. UU.<\/div>\n<\/li>\n<li>\n<div style=\"text-align: left;\"><a href=\"https:\/\/app.leg.wa.gov\/rcw\/default.aspx?cite=46.61.502\/\">Leyes sobre conducir en estado de ebriedad<\/a> \u2013 Leyes sobre conducir en estado de ebriedad en el estado de Washington<\/div>\n<\/li>\n<li>\n<div style=\"text-align: left;\"><a href=\"https:\/\/www.nhtsa.gov\/\">Administraci\u00f3n Nacional de Seguridad del Tr\u00e1fico en las Carreteras<\/a> \u2013 Aprenda consejos de conducci\u00f3n segura, c\u00f3mo mantener a su hijo seguro en el autom\u00f3vil y encuentre las estad\u00edsticas de conducci\u00f3n m\u00e1s recientes.<\/div>\n<\/li>\n<li><a href=\"https:\/\/madd.org\/\">Madres contra la conducci\u00f3n en estado de ebriedad<\/a> \u2013 Una organizaci\u00f3n comprometida a poner fin a la conducci\u00f3n en estado de ebriedad.<\/li>\n<li><a href=\"https:\/\/www.youtube.com\/watch?app=desktop&#038;v=ju6t-yyoU8s\/\">Seguridad del veh\u00edculo inteligente<\/a> \u2013 Un v\u00eddeo interesante sobre la seguridad de los coches inteligentes<\/li>\n<\/ul>\n<h2>Accidentes de motocicletas y bicicletas<\/h2>\n<ul>\n<li>\n<div style=\"text-align: left;\"><a href=\"https:\/\/plg-pllc.com\/books\/truth-about-washington-motorcycle-accidents\/\">Libro de accidentes de motocicleta<\/a> \u2013 Mi libro sobre c\u00f3mo manejar un accidente de motocicleta en el estado de Washington<\/div>\n<div style=\"text-align: left;\"><a href=\"https:\/\/msf-usa.org\/\">Seguridad en motocicleta<\/a> \u2013 Sitio web de la Fundaci\u00f3n para la Seguridad de las Motocicletas<\/div>\n<\/li>\n<li>\n<div style=\"text-align: left;\"><a href=\"https:\/\/www.iihs.org\/research-areas\/motorcycles\/motorcycle-helmet-laws-table\/\">Leyes sobre cascos para motocicletas y bicicletas<\/a> \u2013 Lista de leyes sobre cascos para motocicletas y bicicletas en cada estado<\/div>\n<\/li>\n<li>\n<div style=\"text-align: left;\"><a href=\"https:\/\/americanmotorcyclist.com\/\">Asociaci\u00f3n Americana de Motociclistas<\/a> \u2013 Lista pr\u00e1ctica de todas las leyes que rigen el uso de motocicletas en Washington<\/div>\n<\/li>\n<li>\n<div style=\"text-align: left;\"><a href=\"https:\/\/dol.wa.gov\/driver-licenses-and-permits\/motorcycle\">Licencias para motocicletas en Washington<\/a> \u2013 Descubra qu\u00e9 se necesita para obtener su licencia de motocicleta en Washington<\/div>\n<\/li>\n<li>\n<div style=\"text-align: left;\"><a href=\"https:\/\/www.seattle.gov\/transportation\/projects-and-programs\/programs\/bike-program\/bike-web-map\">Mapas de bicicletas de Seattle<\/a> \u2013 Mapas que te ayudar\u00e1n a encontrar los mejores lugares para andar en bicicleta en Seattle<\/div>\n<\/li>\n<li>\n<div style=\"text-align: left;\">Beber y conducir: un art\u00edculo interesante sobre los peligros de beber alcohol y conducir una motocicleta.<\/div>\n<\/li>\n<li>\n<div style=\"text-align: left;\"><a href=\"https:\/\/kidshealth.org\/en\/kids\/bike-safety.html\">Seguridad infantil en bicicleta<\/a> \u2013 Art\u00edculo dedicado a informar a la gente sobre la seguridad en bicicleta para ni\u00f1os.<\/div>\n<\/li>\n<\/ul>\n<h2>Colisiones de peatones<\/h2>\n<ul>\n<li>\n<div style=\"text-align: left;\"><a href=\"https:\/\/library.municode.com\/wa\/seattle\/codes\/municipal_code?nodeId=TIT11VETR_SUBTITLE_ITRCO_PT4PEHIBIEPMOFOSCRU_CH11.40PERU\">Ley de peatones de Seattle<\/a> \u2013 Lista de leyes para peatones en la ciudad de Seattle<\/div>\n<\/li>\n<li>\n<div style=\"text-align: left;\"><a href=\"https:\/\/wsdot.wa.gov\/travel\/bicycling-walking\/walking-rolling-washington\/pedestrian-laws-safety\">Leyes para peatones en el estado de Washington <\/a>\u2013 Seguridad peatonal del Departamento de Transporte del Estado de Washington<\/div>\n<\/li>\n<\/ul>\n<h2>Muerte por negligencia<\/h2>\n<ul>\n<li>\n<div style=\"text-align: left;\"><a href=\"https:\/\/apps.leg.wa.gov\/RCW\/default.aspx?cite=4.20&amp;full=true\">Ley del estado de Washington<\/a> \u2013 Ley revisada del C\u00f3digo de Washington sobre muerte por negligencia<\/div>\n<\/li>\n<li>\n<div style=\"text-align: left;\"><a href=\"https:\/\/plg-pllc.com\/books\/washington-wrongful-death\/\">En caso de muerte<\/a> \u2013 Mi libro sobre c\u00f3mo manejar una demanda por muerte por negligencia en el estado de Washington<\/div>\n<\/li>\n<\/ul>\n<h2>Definici\u00f3n Legal de Lesiones Personales<\/h2>\n<ul>\n<li>\n<div style=\"text-align: left;\"><a href=\"https:\/\/www.seattlechildrens.org\/\">Hospital Infantil de Seattle<\/a> \u2013 Un gran hospital de Seattle para llevar a tus hijos si han sufrido alg\u00fan tipo de accidente.<\/div>\n<\/li>\n<li>\n<div style=\"text-align: left;\"><a href=\"https:\/\/www.emedicinehealth.com\/whiplash\/article_em.htm\">Lesiones por latigazo cervical<\/a> \u2013 Mucha informaci\u00f3n muy buena sobre las causas y los efectos del latigazo cervical y c\u00f3mo detectarlos.<\/div>\n<\/li>\n<li>\n<div style=\"text-align: left;\"><a href=\"https:\/\/www.webmd.com\/\">WebMD<\/a> \u2013 Un recurso valioso de informaci\u00f3n de salud para cualquier persona que crea que est\u00e1 lesionada o enferma.<\/div>\n<\/li>\n<li>\n<div style=\"text-align: left;\"><a href=\"https:\/\/kidshealth.org\/en\/parents\/\">Sitio web sobre salud infantil<\/a> \u2013 Un sitio para que los padres investiguen lesiones o problemas de salud espec\u00edficos de sus hijos.<\/div>\n<\/li>\n<li>\n<div style=\"text-align: left;\">Centro m\u00e9dico Harborview: uno de los mejores hospitales del pa\u00eds para lesiones graves relacionadas con accidentes. Un centro est\u00e1 justo en las afueras del centro de la ciudad y el otro en el distrito universitario.<\/div>\n<\/li>\n<\/ul>","protected":false},"excerpt":{"rendered":"<p>Accidentes automovil\u00edsticos Libro sobre accidentes automovil\u00edsticos: mi libro sobre accidentes automovil\u00edsticos en el estado de Washington que proporciona una gran cantidad de informaci\u00f3n sobre qu\u00e9 hacer despu\u00e9s de un accidente automovil\u00edstico. Adolescentes y conducci\u00f3n distra\u00edda: nuestra organizaci\u00f3n sin fines de lucro dedicada a ense\u00f1ar a los adolescentes sobre los peligros de conducir distra\u00eddo. Departamento de Transporte: consejos de seguridad del Departamento de Transporte de EE. UU. \u2026<\/p>","protected":false},"author":2,"featured_media":0,"parent":0,"menu_order":19,"comment_status":"closed","ping_status":"closed","template":"","meta":{"_acf_changed":false,"_genesis_hide_title":false,"_genesis_hide_breadcrumbs":false,"_genesis_hide_singular_image":false,"_genesis_hide_footer_widgets":false,"_genesis_custom_body_class":"","_genesis_custom_post_class":"","_genesis_layout":"","footnotes":""},"hc_faqs":[],"class_list":{"0":"post-1094","1":"page","2":"type-page","3":"status-publish","5":"entry"},"acf":[],"yoast_head":"<!-- This site is optimized with the Yoast SEO plugin v27.4 - https:\/\/yoast.com\/product\/yoast-seo-wordpress\/ -->\n<title>Useful Links\/Resources<\/title>\n<meta name=\"description\" content=\"Useful Links\/Resources: Premier Law Group helps you unlock the full compensation you deserve. No Fee Unless We Win.\" \/>\n<meta name=\"robots\" content=\"index, follow, max-snippet:-1, max-image-preview:large, max-video-preview:-1\" \/>\n<link rel=\"canonical\" href=\"https:\/\/plg-pllc.com\/es\/free-resources\/\" \/>\n<meta property=\"og:locale\" content=\"es_MX\" \/>\n<meta property=\"og:type\" content=\"article\" \/>\n<meta property=\"og:title\" content=\"Useful Links\/Resources\" \/>\n<meta property=\"og:description\" content=\"Useful Links\/Resources: Premier Law Group helps you unlock the full compensation you deserve. No Fee Unless We Win.\" \/>\n<meta property=\"og:url\" content=\"https:\/\/plg-pllc.com\/es\/free-resources\/\" \/>\n<meta property=\"og:site_name\" content=\"Premier Law Group\" \/>\n<meta property=\"article:publisher\" content=\"https:\/\/www.facebook.com\/premierlawgroup\" \/>\n<meta property=\"article:modified_time\" content=\"2026-04-16T00:35:24+00:00\" \/>\n<meta name=\"twitter:card\" content=\"summary_large_image\" \/>\n<meta name=\"twitter:site\" content=\"@premierlawgroup\" \/>\n<meta name=\"twitter:label1\" content=\"Tiempo de lectura\" \/>\n\t<meta name=\"twitter:data1\" content=\"2 minutos\" \/>\n<script type=\"application\/ld+json\" class=\"yoast-schema-graph\">{\"@context\":\"https:\\\/\\\/schema.org\",\"@graph\":[{\"@type\":\"WebPage\",\"@id\":\"https:\\\/\\\/plg-pllc.com\\\/free-resources\\\/\",\"url\":\"https:\\\/\\\/plg-pllc.com\\\/free-resources\\\/\",\"name\":\"Useful Links\\\/Resources\",\"isPartOf\":{\"@id\":\"https:\\\/\\\/plg-pllc.com\\\/#website\"},\"datePublished\":\"2010-09-02T00:02:25+00:00\",\"dateModified\":\"2026-04-16T00:35:24+00:00\",\"description\":\"Useful Links\\\/Resources: Premier Law Group helps you unlock the full compensation you deserve. No Fee Unless We Win.\",\"breadcrumb\":{\"@id\":\"https:\\\/\\\/plg-pllc.com\\\/free-resources\\\/#breadcrumb\"},\"inLanguage\":\"es\",\"potentialAction\":[{\"@type\":\"ReadAction\",\"target\":[\"https:\\\/\\\/plg-pllc.com\\\/free-resources\\\/\"]}]},{\"@type\":\"BreadcrumbList\",\"@id\":\"https:\\\/\\\/plg-pllc.com\\\/free-resources\\\/#breadcrumb\",\"itemListElement\":[{\"@type\":\"ListItem\",\"position\":1,\"name\":\"Home\",\"item\":\"https:\\\/\\\/plg-pllc.com\\\/es\\\/\"},{\"@type\":\"ListItem\",\"position\":2,\"name\":\"Useful Links\\\/Resources\"}]},{\"@type\":\"WebSite\",\"@id\":\"https:\\\/\\\/plg-pllc.com\\\/#website\",\"url\":\"https:\\\/\\\/plg-pllc.com\\\/\",\"name\":\"Premier Law Group\",\"description\":\"Washington Wrongful Death and Serious Injury Lawyer\",\"publisher\":{\"@id\":\"https:\\\/\\\/plg-pllc.com\\\/#organization\"},\"inLanguage\":\"es\"},{\"@type\":\"Organization\",\"@id\":\"https:\\\/\\\/plg-pllc.com\\\/#organization\",\"name\":\"Premier Law Group\",\"url\":\"https:\\\/\\\/plg-pllc.com\\\/\",\"logo\":{\"@type\":\"ImageObject\",\"inLanguage\":\"es\",\"@id\":\"https:\\\/\\\/plg-pllc.com\\\/#\\\/schema\\\/logo\\\/image\\\/\",\"url\":\"https:\\\/\\\/plg-pllc.com\\\/wp-content\\\/uploads\\\/2020\\\/10\\\/plg-logo-v2.gif\",\"contentUrl\":\"https:\\\/\\\/plg-pllc.com\\\/wp-content\\\/uploads\\\/2020\\\/10\\\/plg-logo-v2.gif\",\"width\":592,\"height\":191,\"caption\":\"Premier Law Group\"},\"image\":{\"@id\":\"https:\\\/\\\/plg-pllc.com\\\/#\\\/schema\\\/logo\\\/image\\\/\"},\"sameAs\":[\"https:\\\/\\\/www.facebook.com\\\/premierlawgroup\",\"https:\\\/\\\/x.com\\\/premierlawgroup\"]}]}<\/script>\n<!-- \/ Yoast SEO plugin. -->","yoast_head_json":{"title":"Enlaces\/Recursos \u00fatiles","description":"Enlaces y recursos \u00fatiles: Premier Law Group le ayuda a obtener la compensaci\u00f3n total que merece. No cobramos honorarios a menos que ganemos.","robots":{"index":"index","follow":"follow","max-snippet":"max-snippet:-1","max-image-preview":"max-image-preview:large","max-video-preview":"max-video-preview:-1"},"canonical":"https:\/\/plg-pllc.com\/es\/free-resources\/","og_locale":"es_MX","og_type":"article","og_title":"Useful Links\/Resources","og_description":"Useful Links\/Resources: Premier Law Group helps you unlock the full compensation you deserve. No Fee Unless We Win.","og_url":"https:\/\/plg-pllc.com\/es\/free-resources\/","og_site_name":"Premier Law Group","article_publisher":"https:\/\/www.facebook.com\/premierlawgroup","article_modified_time":"2026-04-16T00:35:24+00:00","twitter_card":"summary_large_image","twitter_site":"@premierlawgroup","twitter_misc":{"Tiempo de lectura":"2 minutos"},"schema":{"@context":"https:\/\/schema.org","@graph":[{"@type":"WebPage","@id":"https:\/\/plg-pllc.com\/free-resources\/","url":"https:\/\/plg-pllc.com\/free-resources\/","name":"Enlaces\/Recursos \u00fatiles","isPartOf":{"@id":"https:\/\/plg-pllc.com\/#website"},"datePublished":"2010-09-02T00:02:25+00:00","dateModified":"2026-04-16T00:35:24+00:00","description":"Enlaces y recursos \u00fatiles: Premier Law Group le ayuda a obtener la compensaci\u00f3n total que merece. No cobramos honorarios a menos que ganemos.","breadcrumb":{"@id":"https:\/\/plg-pllc.com\/free-resources\/#breadcrumb"},"inLanguage":"es","potentialAction":[{"@type":"ReadAction","target":["https:\/\/plg-pllc.com\/free-resources\/"]}]},{"@type":"BreadcrumbList","@id":"https:\/\/plg-pllc.com\/free-resources\/#breadcrumb","itemListElement":[{"@type":"ListItem","position":1,"name":"Home","item":"https:\/\/plg-pllc.com\/es\/"},{"@type":"ListItem","position":2,"name":"Useful Links\/Resources"}]},{"@type":"WebSite","@id":"https:\/\/plg-pllc.com\/#website","url":"https:\/\/plg-pllc.com\/","name":"Grupo de abogados Premier","description":"Abogado de muerte por negligencia y lesiones graves en Washington","publisher":{"@id":"https:\/\/plg-pllc.com\/#organization"},"inLanguage":"es"},{"@type":"Organization","@id":"https:\/\/plg-pllc.com\/#organization","name":"Grupo de abogados Premier","url":"https:\/\/plg-pllc.com\/","logo":{"@type":"ImageObject","inLanguage":"es","@id":"https:\/\/plg-pllc.com\/#\/schema\/logo\/image\/","url":"https:\/\/plg-pllc.com\/wp-content\/uploads\/2020\/10\/plg-logo-v2.gif","contentUrl":"https:\/\/plg-pllc.com\/wp-content\/uploads\/2020\/10\/plg-logo-v2.gif","width":592,"height":191,"caption":"Premier Law Group"},"image":{"@id":"https:\/\/plg-pllc.com\/#\/schema\/logo\/image\/"},"sameAs":["https:\/\/www.facebook.com\/premierlawgroup","https:\/\/x.com\/premierlawgroup"]}]}},"_links":{"self":[{"href":"https:\/\/plg-pllc.com\/es\/wp-json\/wp\/v2\/pages\/1094","targetHints":{"allow":["GET"]}}],"collection":[{"href":"https:\/\/plg-pllc.com\/es\/wp-json\/wp\/v2\/pages"}],"about":[{"href":"https:\/\/plg-pllc.com\/es\/wp-json\/wp\/v2\/types\/page"}],"author":[{"embeddable":true,"href":"https:\/\/plg-pllc.com\/es\/wp-json\/wp\/v2\/users\/2"}],"replies":[{"embeddable":true,"href":"https:\/\/plg-pllc.com\/es\/wp-json\/wp\/v2\/comments?post=1094"}],"version-history":[{"count":0,"href":"https:\/\/plg-pllc.com\/es\/wp-json\/wp\/v2\/pages\/1094\/revisions"}],"wp:attachment":[{"href":"https:\/\/plg-pllc.com\/es\/wp-json\/wp\/v2\/media?parent=1094"}],"wp:term":[{"taxonomy":"hc_faqs","embeddable":true,"href":"https:\/\/plg-pllc.com\/es\/wp-json\/wp\/v2\/hc_faqs?post=1094"}],"curies":[{"name":"gracias","href":"https:\/\/api.w.org\/{rel}","templated":true}]}}