{"id":11036,"date":"2013-06-01T16:13:40","date_gmt":"2013-06-01T23:13:40","guid":{"rendered":"https:\/\/plg-pllc.com\/?p=11036"},"modified":"2024-11-07T04:12:16","modified_gmt":"2024-11-07T12:12:16","slug":"essential-riding-skills-for-bicyclists-seattle-auto-accident-lawyer","status":"publish","type":"page","link":"https:\/\/plg-pllc.com\/es\/faqs\/what-are-essential-riding-skills-bicyclists\/","title":{"rendered":"Habilidades esenciales para ciclistas | Abogado de accidentes automovil\u00edsticos en Seattle"},"content":{"rendered":"<p><img loading=\"lazy\" decoding=\"async\" class=\"alignleft size-medium wp-image-11037\" src=\"https:\/\/plg-pllc.com\/wp-content\/uploads\/2013\/05\/bike2-300x260.jpg\" alt=\"bicicleta\" width=\"300\" height=\"260\" \/><\/p>\n<p>Todo el tiempo o\u00edmos hablar de peatones atropellados por coches, pero al parecer los veh\u00edculos de motor no son lo \u00fanico que tienen que temer. Un pol\u00edtico australiano ha llegado al extremo de llamarlos &quot;asesinos silenciosos&quot;. \u00bfQui\u00e9nes son estos escurridizos personajes? Son ciclistas y est\u00e1n provocando una gran conmoci\u00f3n en todas partes, desde Londres hasta nuestras calles de Seattle, donde un ciclista fue acusado de atropello y fuga, as\u00ed como de agresi\u00f3n con veh\u00edculo, tras atropellar a un ni\u00f1o en su bicicleta y luego huir r\u00e1pidamente del lugar.<\/p>\n<p>No tenemos nada en contra de los ciclistas, ya que la mayor\u00eda respeta las normas de circulaci\u00f3n, pero hay algunos que dan mala fama al resto. Es importante que, antes de montar en bicicleta, te asegures de dominar las siguientes habilidades esenciales para evitar accidentes, tanto con coches como con peatones:<\/p>\n<p>\u2022 MIRA HACIA ATR\u00c1S. Mira siempre por encima del hombro antes de moverte en cualquier direcci\u00f3n.<br \/>\n\u2022 PARADA BREVE. Modifica la distribuci\u00f3n normal del peso al frenar. En una parada breve, lev\u00e1ntate del asiento de la bicicleta y mueve todo el cuerpo hacia atr\u00e1s para que haya m\u00e1s peso en la rueda trasera.<br \/>\n\u2022 PEQUE\u00d1OS GIROS. Aprenda a maniobrar r\u00e1pidamente para esquivar cualquier cosa que pueda encontrar en el camino sin moverse demasiado en ninguna direcci\u00f3n.<br \/>\n\u2022 GIRO R\u00c1PIDO. Incl\u00ednese hacia lo que venga hacia usted (por ejemplo, un autom\u00f3vil) muy brevemente primero y luego incl\u00ednese en la direcci\u00f3n en la que desea ir y gire bruscamente.<\/p>\n\n        <div class=\"rs-content-cta\">\n            <p>Llamar o enviar mensaje de texto <a href=\"tel:+12062851743\">(206) 285-1743<\/a> o complete un formulario de evaluaci\u00f3n de caso gratuito<\/p>\n            <a href=\"https:\/\/plg-pllc.com\/es\/contact-us\/\" title=\"OBTENGA UNA EVALUACI\u00d3N DE CASO GRATUITA\" class=\"btn-global\">OBTENGA UNA EVALUACI\u00d3N DE CASO GRATUITA<\/a>\n                    <picture>\n                            <source srcset=\"https:\/\/plg-pllc.com\/wp-content\/themes\/plg-pllc-redesign\/assets\/app\/img\/cta-thumb.webp\" type=\"image\/webp\"\/>\n                            <img src=\"https:\/\/plg-pllc.com\/wp-content\/themes\/plg-pllc-redesign\/assets\/app\/img\/cta-thumb.png\" alt=\"Grupo de abogados Premier\" title=\"Grupo de abogados Premier\" width=\"245\" height=\"220\" loading=\"auto\" fetchpriority=\"auto\" decoding=\"async\"\/>\n        <\/picture>\n        \n        <\/div>","protected":false},"excerpt":{"rendered":"<p>Todo el tiempo o\u00edmos hablar de peatones atropellados por coches, pero al parecer los veh\u00edculos de motor no son lo \u00fanico a lo que tienen que temer. Un pol\u00edtico australiano ha llegado al extremo de llamarlos \u201casesinos silenciosos\u201d. \u00bfQui\u00e9nes son estos escurridizos personajes? Son ciclistas y est\u00e1n provocando un gran revuelo en todas partes, desde Londres hasta...<\/p>","protected":false},"author":2,"featured_media":0,"parent":20714,"menu_order":0,"comment_status":"closed","ping_status":"closed","template":"","meta":{"_acf_changed":false,"_genesis_hide_title":false,"_genesis_hide_breadcrumbs":false,"_genesis_hide_singular_image":false,"_genesis_hide_footer_widgets":false,"_genesis_custom_body_class":"","_genesis_custom_post_class":"","_genesis_layout":"","footnotes":""},"hc_faqs":[10351],"class_list":{"0":"post-11036","1":"page","2":"type-page","3":"status-publish","5":"hc_faqs-bicycle-accident","6":"entry"},"acf":[],"yoast_head":"<!-- This site is optimized with the Yoast SEO plugin v27.4 - https:\/\/yoast.com\/product\/yoast-seo-wordpress\/ -->\n<title>Essential Riding Skills for Bicyclists | Seattle Auto Accident Lawyer<\/title>\n<meta name=\"description\" content=\"Essential Riding Skills for Bicyclists | Seattle Auto Accident Lawyer: Premier Law Group helps you unlock the full compensation you deserve. No Fee Unless We Win.\" \/>\n<meta name=\"robots\" content=\"index, follow, max-snippet:-1, max-image-preview:large, max-video-preview:-1\" \/>\n<link rel=\"canonical\" href=\"https:\/\/plg-pllc.com\/es\/faqs\/what-are-essential-riding-skills-bicyclists\/\" \/>\n<meta property=\"og:locale\" content=\"es_MX\" \/>\n<meta property=\"og:type\" content=\"article\" \/>\n<meta property=\"og:title\" content=\"Essential Riding Skills for Bicyclists | Seattle Auto Accident Lawyer\" \/>\n<meta property=\"og:description\" content=\"Essential Riding Skills for Bicyclists | Seattle Auto Accident Lawyer: Premier Law Group helps you unlock the full compensation you deserve. No Fee Unless We Win.\" \/>\n<meta property=\"og:url\" content=\"https:\/\/plg-pllc.com\/es\/faqs\/what-are-essential-riding-skills-bicyclists\/\" \/>\n<meta property=\"og:site_name\" content=\"Premier Law Group\" \/>\n<meta property=\"article:publisher\" content=\"https:\/\/www.facebook.com\/premierlawgroup\" \/>\n<meta property=\"article:modified_time\" content=\"2024-11-07T12:12:16+00:00\" \/>\n<meta name=\"twitter:card\" content=\"summary_large_image\" \/>\n<meta name=\"twitter:site\" content=\"@premierlawgroup\" \/>\n<meta name=\"twitter:label1\" content=\"Tiempo de lectura\" \/>\n\t<meta name=\"twitter:data1\" content=\"2 minutos\" \/>\n<script type=\"application\/ld+json\" class=\"yoast-schema-graph\">{\"@context\":\"https:\\\/\\\/schema.org\",\"@graph\":[{\"@type\":\"WebPage\",\"@id\":\"https:\\\/\\\/plg-pllc.com\\\/faqs\\\/what-are-essential-riding-skills-bicyclists\\\/\",\"url\":\"https:\\\/\\\/plg-pllc.com\\\/faqs\\\/what-are-essential-riding-skills-bicyclists\\\/\",\"name\":\"Essential Riding Skills for Bicyclists | Seattle Auto Accident Lawyer\",\"isPartOf\":{\"@id\":\"https:\\\/\\\/plg-pllc.com\\\/#website\"},\"primaryImageOfPage\":{\"@id\":\"https:\\\/\\\/plg-pllc.com\\\/faqs\\\/what-are-essential-riding-skills-bicyclists\\\/#primaryimage\"},\"image\":{\"@id\":\"https:\\\/\\\/plg-pllc.com\\\/faqs\\\/what-are-essential-riding-skills-bicyclists\\\/#primaryimage\"},\"thumbnailUrl\":\"https:\\\/\\\/plg-pllc.com\\\/wp-content\\\/uploads\\\/2013\\\/05\\\/bike2-300x260.jpg\",\"datePublished\":\"2013-06-01T23:13:40+00:00\",\"dateModified\":\"2024-11-07T12:12:16+00:00\",\"description\":\"Essential Riding Skills for Bicyclists | Seattle Auto Accident Lawyer: Premier Law Group helps you unlock the full compensation you deserve. No Fee Unless We Win.\",\"breadcrumb\":{\"@id\":\"https:\\\/\\\/plg-pllc.com\\\/faqs\\\/what-are-essential-riding-skills-bicyclists\\\/#breadcrumb\"},\"inLanguage\":\"es\",\"potentialAction\":[{\"@type\":\"ReadAction\",\"target\":[\"https:\\\/\\\/plg-pllc.com\\\/faqs\\\/what-are-essential-riding-skills-bicyclists\\\/\"]}]},{\"@type\":\"ImageObject\",\"inLanguage\":\"es\",\"@id\":\"https:\\\/\\\/plg-pllc.com\\\/faqs\\\/what-are-essential-riding-skills-bicyclists\\\/#primaryimage\",\"url\":\"https:\\\/\\\/plg-pllc.com\\\/wp-content\\\/uploads\\\/2013\\\/05\\\/bike2-300x260.jpg\",\"contentUrl\":\"https:\\\/\\\/plg-pllc.com\\\/wp-content\\\/uploads\\\/2013\\\/05\\\/bike2-300x260.jpg\"},{\"@type\":\"BreadcrumbList\",\"@id\":\"https:\\\/\\\/plg-pllc.com\\\/faqs\\\/what-are-essential-riding-skills-bicyclists\\\/#breadcrumb\",\"itemListElement\":[{\"@type\":\"ListItem\",\"position\":1,\"name\":\"Home\",\"item\":\"https:\\\/\\\/plg-pllc.com\\\/es\\\/\"},{\"@type\":\"ListItem\",\"position\":2,\"name\":\"FAQs\",\"item\":\"https:\\\/\\\/plg-pllc.com\\\/es\\\/faqs\\\/\"},{\"@type\":\"ListItem\",\"position\":3,\"name\":\"Essential Riding Skills for Bicyclists | Seattle Auto Accident Lawyer\"}]},{\"@type\":\"WebSite\",\"@id\":\"https:\\\/\\\/plg-pllc.com\\\/#website\",\"url\":\"https:\\\/\\\/plg-pllc.com\\\/\",\"name\":\"Premier Law Group\",\"description\":\"Washington Wrongful Death and Serious Injury Lawyer\",\"publisher\":{\"@id\":\"https:\\\/\\\/plg-pllc.com\\\/#organization\"},\"inLanguage\":\"es\"},{\"@type\":\"Organization\",\"@id\":\"https:\\\/\\\/plg-pllc.com\\\/#organization\",\"name\":\"Premier Law Group\",\"url\":\"https:\\\/\\\/plg-pllc.com\\\/\",\"logo\":{\"@type\":\"ImageObject\",\"inLanguage\":\"es\",\"@id\":\"https:\\\/\\\/plg-pllc.com\\\/#\\\/schema\\\/logo\\\/image\\\/\",\"url\":\"https:\\\/\\\/plg-pllc.com\\\/wp-content\\\/uploads\\\/2020\\\/10\\\/plg-logo-v2.gif\",\"contentUrl\":\"https:\\\/\\\/plg-pllc.com\\\/wp-content\\\/uploads\\\/2020\\\/10\\\/plg-logo-v2.gif\",\"width\":592,\"height\":191,\"caption\":\"Premier Law Group\"},\"image\":{\"@id\":\"https:\\\/\\\/plg-pllc.com\\\/#\\\/schema\\\/logo\\\/image\\\/\"},\"sameAs\":[\"https:\\\/\\\/www.facebook.com\\\/premierlawgroup\",\"https:\\\/\\\/x.com\\\/premierlawgroup\"]}]}<\/script>\n<!-- \/ Yoast SEO plugin. -->","yoast_head_json":{"title":"Habilidades esenciales para ciclistas | Abogado de accidentes automovil\u00edsticos en Seattle","description":"Habilidades esenciales para ciclistas | Abogado de accidentes automovil\u00edsticos en Seattle: Premier Law Group lo ayuda a obtener la compensaci\u00f3n total que se merece. Sin honorarios a menos que ganemos.","robots":{"index":"index","follow":"follow","max-snippet":"max-snippet:-1","max-image-preview":"max-image-preview:large","max-video-preview":"max-video-preview:-1"},"canonical":"https:\/\/plg-pllc.com\/es\/faqs\/what-are-essential-riding-skills-bicyclists\/","og_locale":"es_MX","og_type":"article","og_title":"Essential Riding Skills for Bicyclists | Seattle Auto Accident Lawyer","og_description":"Essential Riding Skills for Bicyclists | Seattle Auto Accident Lawyer: Premier Law Group helps you unlock the full compensation you deserve. No Fee Unless We Win.","og_url":"https:\/\/plg-pllc.com\/es\/faqs\/what-are-essential-riding-skills-bicyclists\/","og_site_name":"Premier Law Group","article_publisher":"https:\/\/www.facebook.com\/premierlawgroup","article_modified_time":"2024-11-07T12:12:16+00:00","twitter_card":"summary_large_image","twitter_site":"@premierlawgroup","twitter_misc":{"Tiempo de lectura":"2 minutos"},"schema":{"@context":"https:\/\/schema.org","@graph":[{"@type":"WebPage","@id":"https:\/\/plg-pllc.com\/faqs\/what-are-essential-riding-skills-bicyclists\/","url":"https:\/\/plg-pllc.com\/faqs\/what-are-essential-riding-skills-bicyclists\/","name":"Habilidades esenciales para ciclistas | Abogado de accidentes automovil\u00edsticos en Seattle","isPartOf":{"@id":"https:\/\/plg-pllc.com\/#website"},"primaryImageOfPage":{"@id":"https:\/\/plg-pllc.com\/faqs\/what-are-essential-riding-skills-bicyclists\/#primaryimage"},"image":{"@id":"https:\/\/plg-pllc.com\/faqs\/what-are-essential-riding-skills-bicyclists\/#primaryimage"},"thumbnailUrl":"https:\/\/plg-pllc.com\/wp-content\/uploads\/2013\/05\/bike2-300x260.jpg","datePublished":"2013-06-01T23:13:40+00:00","dateModified":"2024-11-07T12:12:16+00:00","description":"Habilidades esenciales para ciclistas | Abogado de accidentes automovil\u00edsticos en Seattle: Premier Law Group lo ayuda a obtener la compensaci\u00f3n total que se merece. Sin honorarios a menos que ganemos.","breadcrumb":{"@id":"https:\/\/plg-pllc.com\/faqs\/what-are-essential-riding-skills-bicyclists\/#breadcrumb"},"inLanguage":"es","potentialAction":[{"@type":"ReadAction","target":["https:\/\/plg-pllc.com\/faqs\/what-are-essential-riding-skills-bicyclists\/"]}]},{"@type":"ImageObject","inLanguage":"es","@id":"https:\/\/plg-pllc.com\/faqs\/what-are-essential-riding-skills-bicyclists\/#primaryimage","url":"https:\/\/plg-pllc.com\/wp-content\/uploads\/2013\/05\/bike2-300x260.jpg","contentUrl":"https:\/\/plg-pllc.com\/wp-content\/uploads\/2013\/05\/bike2-300x260.jpg"},{"@type":"BreadcrumbList","@id":"https:\/\/plg-pllc.com\/faqs\/what-are-essential-riding-skills-bicyclists\/#breadcrumb","itemListElement":[{"@type":"ListItem","position":1,"name":"Home","item":"https:\/\/plg-pllc.com\/es\/"},{"@type":"ListItem","position":2,"name":"FAQs","item":"https:\/\/plg-pllc.com\/es\/faqs\/"},{"@type":"ListItem","position":3,"name":"Essential Riding Skills for Bicyclists | Seattle Auto Accident Lawyer"}]},{"@type":"WebSite","@id":"https:\/\/plg-pllc.com\/#website","url":"https:\/\/plg-pllc.com\/","name":"Grupo de abogados Premier","description":"Abogado de muerte por negligencia y lesiones graves en Washington","publisher":{"@id":"https:\/\/plg-pllc.com\/#organization"},"inLanguage":"es"},{"@type":"Organization","@id":"https:\/\/plg-pllc.com\/#organization","name":"Grupo de abogados Premier","url":"https:\/\/plg-pllc.com\/","logo":{"@type":"ImageObject","inLanguage":"es","@id":"https:\/\/plg-pllc.com\/#\/schema\/logo\/image\/","url":"https:\/\/plg-pllc.com\/wp-content\/uploads\/2020\/10\/plg-logo-v2.gif","contentUrl":"https:\/\/plg-pllc.com\/wp-content\/uploads\/2020\/10\/plg-logo-v2.gif","width":592,"height":191,"caption":"Premier Law Group"},"image":{"@id":"https:\/\/plg-pllc.com\/#\/schema\/logo\/image\/"},"sameAs":["https:\/\/www.facebook.com\/premierlawgroup","https:\/\/x.com\/premierlawgroup"]}]}},"_links":{"self":[{"href":"https:\/\/plg-pllc.com\/es\/wp-json\/wp\/v2\/pages\/11036","targetHints":{"allow":["GET"]}}],"collection":[{"href":"https:\/\/plg-pllc.com\/es\/wp-json\/wp\/v2\/pages"}],"about":[{"href":"https:\/\/plg-pllc.com\/es\/wp-json\/wp\/v2\/types\/page"}],"author":[{"embeddable":true,"href":"https:\/\/plg-pllc.com\/es\/wp-json\/wp\/v2\/users\/2"}],"replies":[{"embeddable":true,"href":"https:\/\/plg-pllc.com\/es\/wp-json\/wp\/v2\/comments?post=11036"}],"version-history":[{"count":0,"href":"https:\/\/plg-pllc.com\/es\/wp-json\/wp\/v2\/pages\/11036\/revisions"}],"up":[{"embeddable":true,"href":"https:\/\/plg-pllc.com\/es\/wp-json\/wp\/v2\/pages\/20714"}],"wp:attachment":[{"href":"https:\/\/plg-pllc.com\/es\/wp-json\/wp\/v2\/media?parent=11036"}],"wp:term":[{"taxonomy":"hc_faqs","embeddable":true,"href":"https:\/\/plg-pllc.com\/es\/wp-json\/wp\/v2\/hc_faqs?post=11036"}],"curies":[{"name":"gracias","href":"https:\/\/api.w.org\/{rel}","templated":true}]}}