{"id":11222,"date":"2013-07-06T12:26:12","date_gmt":"2013-07-06T19:26:12","guid":{"rendered":"https:\/\/plg-pllc.com\/?p=11222"},"modified":"2024-11-07T04:12:15","modified_gmt":"2024-11-07T12:12:15","slug":"bicycle-safety-for-kids-seattle-auto-accident-lawyer","status":"publish","type":"page","link":"https:\/\/plg-pllc.com\/es\/faqs\/bicycle-safety-for-kids\/","title":{"rendered":"Seguridad en bicicleta para ni\u00f1os"},"content":{"rendered":"<p><img loading=\"lazy\" decoding=\"async\" class=\"aligncenter size-medium wp-image-11223\" src=\"https:\/\/plg-pllc.com\/wp-content\/uploads\/2013\/07\/bike-272x300.jpg\" alt=\"bicicleta\" width=\"272\" height=\"300\" \/><\/p>\n<p>Andar en bicicleta es una actividad divertida y saludable en verano en la que puede participar toda la familia. Uno de mis recuerdos favoritos de la infancia era andar en bicicleta por los senderos con mi familia. Hasta el d\u00eda de hoy, todav\u00eda disfruto de salir a dar una vuelta en bicicleta. Pero andar en bicicleta puede ser peligroso para los ni\u00f1os si no se les ense\u00f1a a hacerlo de forma segura. Por eso estamos aqu\u00ed para ofrecerles algunos recordatorios antes de enviarlos a su alegre camino (con casco):<\/p>\n<p>\u2022 Comprenda sus limitaciones: los ni\u00f1os no tienen las mismas capacidades cognitivas que los ciclistas adultos.<br \/>\no No pueden utilizar su visi\u00f3n perif\u00e9rica como lo hacen los adultos.<br \/>\no No utilizan de forma natural el sonido para identificar la direcci\u00f3n de donde proviene el tr\u00e1fico.<br \/>\no Conf\u00edan \u00fanicamente en su visi\u00f3n.<br \/>\no No pueden comprender la complejidad de muchas situaciones de tr\u00e1fico.<br \/>\no Los ni\u00f1os se distraen f\u00e1cilmente y no pueden controlar bien sus impulsos.<br \/>\no Los ni\u00f1os depender\u00e1n de los adultos para mantenerlos seguros.<\/p>\n<p>\u2022 Conozca sus habilidades: cada ni\u00f1o y cada grupo de edad tienen habilidades diferentes.<\/p>\n<p>\u2022 Establezca las reglas: comience a se\u00f1alar las reglas de tr\u00e1nsito de inmediato, incluso si solo se trata de un pasajero en su bicicleta. Algunas reglas esenciales son:<br \/>\no Circula en la misma direcci\u00f3n que el tr\u00e1fico.<br \/>\no Obedezca todas las leyes de tr\u00e1nsito.<br \/>\no Det\u00e9ngase y mire a ambos lados antes de ingresar al tr\u00e1fico.<br \/>\no Camine con su bicicleta por intersecciones concurridas.<br \/>\no Est\u00e9 atento a los autom\u00f3viles que ingresan a la carretera desde entradas o lugares de estacionamiento.<br \/>\no Utilice se\u00f1ales con las manos y mire en todas direcciones antes de girar.<br \/>\no Conduzca de manera predecible: no haga cambios bruscos.<br \/>\no Viajar en fila india por la derecha.<br \/>\no Nunca conduzcas de noche o al anochecer. Si vas a salir tarde, pide que te lleven.<br \/>\no Use ropa de colores brillantes.<br \/>\no Nunca use auriculares ni coma mientras conduce.<br \/>\no Coloca todo lo que necesites llevar en una mochila para tener las manos libres.<br \/>\no Mantenga siempre al menos una mano en el manillar.<br \/>\no No dejes que nadie viaje en tu bicicleta.<br \/>\no No hagas algo s\u00f3lo porque tus amigos lo hacen.<br \/>\no Utilice siempre casco.<\/p>\n<p>\u2022 Consigue el equipo adecuado.<br \/>\no Aseg\u00farese de que la bicicleta y el casco se ajusten correctamente.<br \/>\no Equipa la bicicleta con luces delanteras y traseras, reflectores para pedales y ruedas y un timbre o bocina.<\/p>\n<p>\u2022 Realice controles de seguridad peri\u00f3dicos.<\/p>\n\n        <div class=\"rs-content-cta\">\n            <p>Llamar o enviar mensaje de texto <a href=\"tel:+12062851743\">(206) 285-1743<\/a> o complete un formulario de evaluaci\u00f3n de caso gratuito<\/p>\n            <a href=\"https:\/\/plg-pllc.com\/es\/contact-us\/\" title=\"OBTENGA UNA EVALUACI\u00d3N DE CASO GRATUITA\" class=\"btn-global\">OBTENGA UNA EVALUACI\u00d3N DE CASO GRATUITA<\/a>\n                    <picture>\n                            <source srcset=\"https:\/\/plg-pllc.com\/wp-content\/themes\/plg-pllc-redesign\/assets\/app\/img\/cta-thumb.webp\" type=\"image\/webp\"\/>\n                            <img src=\"https:\/\/plg-pllc.com\/wp-content\/themes\/plg-pllc-redesign\/assets\/app\/img\/cta-thumb.png\" alt=\"Grupo de abogados Premier\" title=\"Grupo de abogados Premier\" width=\"245\" height=\"220\" loading=\"auto\" fetchpriority=\"auto\" decoding=\"async\"\/>\n        <\/picture>\n        \n        <\/div>","protected":false},"excerpt":{"rendered":"<p>Andar en bicicleta es una actividad de verano divertida y saludable en la que puede participar toda la familia.<\/p>","protected":false},"author":2,"featured_media":0,"parent":20714,"menu_order":0,"comment_status":"closed","ping_status":"closed","template":"","meta":{"_acf_changed":false,"_genesis_hide_title":false,"_genesis_hide_breadcrumbs":false,"_genesis_hide_singular_image":false,"_genesis_hide_footer_widgets":false,"_genesis_custom_body_class":"","_genesis_custom_post_class":"","_genesis_layout":"","footnotes":""},"hc_faqs":[10351],"class_list":{"0":"post-11222","1":"page","2":"type-page","3":"status-publish","5":"hc_faqs-bicycle-accident","6":"entry"},"acf":[],"yoast_head":"<!-- This site is optimized with the Yoast SEO plugin v27.5 - https:\/\/yoast.com\/product\/yoast-seo-wordpress\/ -->\n<title>Bicycle Safety for Kids | Premier Law Group<\/title>\n<meta name=\"description\" content=\"Bicycle Safety for Kids: Premier Law Group helps you unlock the full compensation you deserve. No Fee Unless We Win.\" \/>\n<meta name=\"robots\" content=\"index, follow, max-snippet:-1, max-image-preview:large, max-video-preview:-1\" \/>\n<link rel=\"canonical\" href=\"https:\/\/plg-pllc.com\/es\/faqs\/bicycle-safety-for-kids\/\" \/>\n<meta property=\"og:locale\" content=\"es_MX\" \/>\n<meta property=\"og:type\" content=\"article\" \/>\n<meta property=\"og:title\" content=\"Bicycle Safety for Kids | Premier Law Group\" \/>\n<meta property=\"og:description\" content=\"Bicycle Safety for Kids: Premier Law Group helps you unlock the full compensation you deserve. No Fee Unless We Win.\" \/>\n<meta property=\"og:url\" content=\"https:\/\/plg-pllc.com\/es\/faqs\/bicycle-safety-for-kids\/\" \/>\n<meta property=\"og:site_name\" content=\"Premier Law Group\" \/>\n<meta property=\"article:publisher\" content=\"https:\/\/www.facebook.com\/premierlawgroup\" \/>\n<meta property=\"article:modified_time\" content=\"2024-11-07T12:12:15+00:00\" \/>\n<meta name=\"twitter:card\" content=\"summary_large_image\" \/>\n<meta name=\"twitter:site\" content=\"@premierlawgroup\" \/>\n<meta name=\"twitter:label1\" content=\"Tiempo de lectura\" \/>\n\t<meta name=\"twitter:data1\" content=\"2 minutos\" \/>\n<script type=\"application\/ld+json\" class=\"yoast-schema-graph\">{\"@context\":\"https:\\\/\\\/schema.org\",\"@graph\":[{\"@type\":\"WebPage\",\"@id\":\"https:\\\/\\\/plg-pllc.com\\\/es\\\/faqs\\\/bicycle-safety-for-kids\\\/\",\"url\":\"https:\\\/\\\/plg-pllc.com\\\/es\\\/faqs\\\/bicycle-safety-for-kids\\\/\",\"name\":\"Bicycle Safety for Kids | Premier Law Group\",\"isPartOf\":{\"@id\":\"https:\\\/\\\/plg-pllc.com\\\/#website\"},\"primaryImageOfPage\":{\"@id\":\"https:\\\/\\\/plg-pllc.com\\\/es\\\/faqs\\\/bicycle-safety-for-kids\\\/#primaryimage\"},\"image\":{\"@id\":\"https:\\\/\\\/plg-pllc.com\\\/es\\\/faqs\\\/bicycle-safety-for-kids\\\/#primaryimage\"},\"thumbnailUrl\":\"https:\\\/\\\/plg-pllc.com\\\/wp-content\\\/uploads\\\/2013\\\/07\\\/bike-272x300.jpg\",\"datePublished\":\"2013-07-06T19:26:12+00:00\",\"dateModified\":\"2024-11-07T12:12:15+00:00\",\"description\":\"Bicycle Safety for Kids: Premier Law Group helps you unlock the full compensation you deserve. No Fee Unless We Win.\",\"breadcrumb\":{\"@id\":\"https:\\\/\\\/plg-pllc.com\\\/es\\\/faqs\\\/bicycle-safety-for-kids\\\/#breadcrumb\"},\"inLanguage\":\"es\",\"potentialAction\":[{\"@type\":\"ReadAction\",\"target\":[\"https:\\\/\\\/plg-pllc.com\\\/es\\\/faqs\\\/bicycle-safety-for-kids\\\/\"]}]},{\"@type\":\"ImageObject\",\"inLanguage\":\"es\",\"@id\":\"https:\\\/\\\/plg-pllc.com\\\/es\\\/faqs\\\/bicycle-safety-for-kids\\\/#primaryimage\",\"url\":\"https:\\\/\\\/plg-pllc.com\\\/wp-content\\\/uploads\\\/2013\\\/07\\\/bike-272x300.jpg\",\"contentUrl\":\"https:\\\/\\\/plg-pllc.com\\\/wp-content\\\/uploads\\\/2013\\\/07\\\/bike-272x300.jpg\"},{\"@type\":\"BreadcrumbList\",\"@id\":\"https:\\\/\\\/plg-pllc.com\\\/es\\\/faqs\\\/bicycle-safety-for-kids\\\/#breadcrumb\",\"itemListElement\":[{\"@type\":\"ListItem\",\"position\":1,\"name\":\"Home\",\"item\":\"https:\\\/\\\/plg-pllc.com\\\/es\\\/\"},{\"@type\":\"ListItem\",\"position\":2,\"name\":\"FAQs\",\"item\":\"https:\\\/\\\/plg-pllc.com\\\/es\\\/faqs\\\/\"},{\"@type\":\"ListItem\",\"position\":3,\"name\":\"Bicycle Safety for Kids\"}]},{\"@type\":\"WebSite\",\"@id\":\"https:\\\/\\\/plg-pllc.com\\\/#website\",\"url\":\"https:\\\/\\\/plg-pllc.com\\\/\",\"name\":\"Premier Law Group\",\"description\":\"Washington Wrongful Death and Serious Injury Lawyer\",\"publisher\":{\"@id\":\"https:\\\/\\\/plg-pllc.com\\\/#organization\"},\"inLanguage\":\"es\"},{\"@type\":\"Organization\",\"@id\":\"https:\\\/\\\/plg-pllc.com\\\/#organization\",\"name\":\"Premier Law Group\",\"url\":\"https:\\\/\\\/plg-pllc.com\\\/\",\"logo\":{\"@type\":\"ImageObject\",\"inLanguage\":\"es\",\"@id\":\"https:\\\/\\\/plg-pllc.com\\\/#\\\/schema\\\/logo\\\/image\\\/\",\"url\":\"https:\\\/\\\/plg-pllc.com\\\/wp-content\\\/uploads\\\/2020\\\/10\\\/plg-logo-v2.gif\",\"contentUrl\":\"https:\\\/\\\/plg-pllc.com\\\/wp-content\\\/uploads\\\/2020\\\/10\\\/plg-logo-v2.gif\",\"width\":592,\"height\":191,\"caption\":\"Premier Law Group\"},\"image\":{\"@id\":\"https:\\\/\\\/plg-pllc.com\\\/#\\\/schema\\\/logo\\\/image\\\/\"},\"sameAs\":[\"https:\\\/\\\/www.facebook.com\\\/premierlawgroup\",\"https:\\\/\\\/x.com\\\/premierlawgroup\"]}]}<\/script>\n<!-- \/ Yoast SEO plugin. -->","yoast_head_json":{"title":"Seguridad en bicicleta para ni\u00f1os | Premier Law Group","description":"Seguridad en bicicleta para ni\u00f1os: Premier Law Group lo ayuda a obtener la compensaci\u00f3n total que merece. Sin cargo a menos que ganemos.","robots":{"index":"index","follow":"follow","max-snippet":"max-snippet:-1","max-image-preview":"max-image-preview:large","max-video-preview":"max-video-preview:-1"},"canonical":"https:\/\/plg-pllc.com\/es\/faqs\/bicycle-safety-for-kids\/","og_locale":"es_MX","og_type":"article","og_title":"Bicycle Safety for Kids | Premier Law Group","og_description":"Bicycle Safety for Kids: Premier Law Group helps you unlock the full compensation you deserve. No Fee Unless We Win.","og_url":"https:\/\/plg-pllc.com\/es\/faqs\/bicycle-safety-for-kids\/","og_site_name":"Premier Law Group","article_publisher":"https:\/\/www.facebook.com\/premierlawgroup","article_modified_time":"2024-11-07T12:12:15+00:00","twitter_card":"summary_large_image","twitter_site":"@premierlawgroup","twitter_misc":{"Tiempo de lectura":"2 minutos"},"schema":{"@context":"https:\/\/schema.org","@graph":[{"@type":"WebPage","@id":"https:\/\/plg-pllc.com\/es\/faqs\/bicycle-safety-for-kids\/","url":"https:\/\/plg-pllc.com\/es\/faqs\/bicycle-safety-for-kids\/","name":"Seguridad en bicicleta para ni\u00f1os | Premier Law Group","isPartOf":{"@id":"https:\/\/plg-pllc.com\/#website"},"primaryImageOfPage":{"@id":"https:\/\/plg-pllc.com\/es\/faqs\/bicycle-safety-for-kids\/#primaryimage"},"image":{"@id":"https:\/\/plg-pllc.com\/es\/faqs\/bicycle-safety-for-kids\/#primaryimage"},"thumbnailUrl":"https:\/\/plg-pllc.com\/wp-content\/uploads\/2013\/07\/bike-272x300.jpg","datePublished":"2013-07-06T19:26:12+00:00","dateModified":"2024-11-07T12:12:15+00:00","description":"Seguridad en bicicleta para ni\u00f1os: Premier Law Group lo ayuda a obtener la compensaci\u00f3n total que merece. Sin cargo a menos que ganemos.","breadcrumb":{"@id":"https:\/\/plg-pllc.com\/es\/faqs\/bicycle-safety-for-kids\/#breadcrumb"},"inLanguage":"es","potentialAction":[{"@type":"ReadAction","target":["https:\/\/plg-pllc.com\/es\/faqs\/bicycle-safety-for-kids\/"]}]},{"@type":"ImageObject","inLanguage":"es","@id":"https:\/\/plg-pllc.com\/es\/faqs\/bicycle-safety-for-kids\/#primaryimage","url":"https:\/\/plg-pllc.com\/wp-content\/uploads\/2013\/07\/bike-272x300.jpg","contentUrl":"https:\/\/plg-pllc.com\/wp-content\/uploads\/2013\/07\/bike-272x300.jpg"},{"@type":"BreadcrumbList","@id":"https:\/\/plg-pllc.com\/es\/faqs\/bicycle-safety-for-kids\/#breadcrumb","itemListElement":[{"@type":"ListItem","position":1,"name":"Home","item":"https:\/\/plg-pllc.com\/es\/"},{"@type":"ListItem","position":2,"name":"FAQs","item":"https:\/\/plg-pllc.com\/es\/faqs\/"},{"@type":"ListItem","position":3,"name":"Bicycle Safety for Kids"}]},{"@type":"WebSite","@id":"https:\/\/plg-pllc.com\/#website","url":"https:\/\/plg-pllc.com\/","name":"Grupo de abogados Premier","description":"Abogado de muerte por negligencia y lesiones graves en Washington","publisher":{"@id":"https:\/\/plg-pllc.com\/#organization"},"inLanguage":"es"},{"@type":"Organization","@id":"https:\/\/plg-pllc.com\/#organization","name":"Grupo de abogados Premier","url":"https:\/\/plg-pllc.com\/","logo":{"@type":"ImageObject","inLanguage":"es","@id":"https:\/\/plg-pllc.com\/#\/schema\/logo\/image\/","url":"https:\/\/plg-pllc.com\/wp-content\/uploads\/2020\/10\/plg-logo-v2.gif","contentUrl":"https:\/\/plg-pllc.com\/wp-content\/uploads\/2020\/10\/plg-logo-v2.gif","width":592,"height":191,"caption":"Premier Law Group"},"image":{"@id":"https:\/\/plg-pllc.com\/#\/schema\/logo\/image\/"},"sameAs":["https:\/\/www.facebook.com\/premierlawgroup","https:\/\/x.com\/premierlawgroup"]}]}},"_links":{"self":[{"href":"https:\/\/plg-pllc.com\/es\/wp-json\/wp\/v2\/pages\/11222","targetHints":{"allow":["GET"]}}],"collection":[{"href":"https:\/\/plg-pllc.com\/es\/wp-json\/wp\/v2\/pages"}],"about":[{"href":"https:\/\/plg-pllc.com\/es\/wp-json\/wp\/v2\/types\/page"}],"author":[{"embeddable":true,"href":"https:\/\/plg-pllc.com\/es\/wp-json\/wp\/v2\/users\/2"}],"replies":[{"embeddable":true,"href":"https:\/\/plg-pllc.com\/es\/wp-json\/wp\/v2\/comments?post=11222"}],"version-history":[{"count":0,"href":"https:\/\/plg-pllc.com\/es\/wp-json\/wp\/v2\/pages\/11222\/revisions"}],"up":[{"embeddable":true,"href":"https:\/\/plg-pllc.com\/es\/wp-json\/wp\/v2\/pages\/20714"}],"wp:attachment":[{"href":"https:\/\/plg-pllc.com\/es\/wp-json\/wp\/v2\/media?parent=11222"}],"wp:term":[{"taxonomy":"hc_faqs","embeddable":true,"href":"https:\/\/plg-pllc.com\/es\/wp-json\/wp\/v2\/hc_faqs?post=11222"}],"curies":[{"name":"gracias","href":"https:\/\/api.w.org\/{rel}","templated":true}]}}