{"id":11328,"date":"2013-08-07T15:36:33","date_gmt":"2013-08-07T22:36:33","guid":{"rendered":"https:\/\/plg-pllc.com\/?p=11328"},"modified":"2024-10-15T19:04:29","modified_gmt":"2024-10-16T02:04:29","slug":"what-a-motorcycle-accident-attorney-does-for-you-in-a-lawsuit","status":"publish","type":"page","link":"https:\/\/plg-pllc.com\/es\/faqs\/what-a-motorcycle-accident-attorney-does-for-you-in-a-lawsuit\/","title":{"rendered":"Lo que un abogado de accidentes de motocicleta hace por usted en una demanda"},"content":{"rendered":"<p><em>Pleito.<\/em> La sola palabra es suficiente para ponernos los pelos de punta a la mayor\u00eda de nosotros. Encontrar un abogado especializado en accidentes de motocicleta es bastante dif\u00edcil y presentar una demanda puede resultar intimidante. Estoy aqu\u00ed para darte una idea de en qu\u00e9 consiste. Ten paciencia mientras utilizo algunas palabras no tan sencillas. La ley puede ser muy t\u00e9cnica, pero espero que este blog te ayude a entender lo que sucede cuando presentas una demanda.<\/p>\n<p>Cuando usted y su abogado no pueden llegar a un acuerdo en un caso de lesiones personales mediante negociaciones, lo m\u00e1s probable es que inicie una demanda. Para ello, primero deber\u00e1 presentar una citaci\u00f3n y una demanda ante el tribunal. A continuaci\u00f3n, se le notificar\u00e1n los documentos al acusado o a los acusados. A continuaci\u00f3n, la compa\u00f1\u00eda de seguros asignar\u00e1 un abogado defensor para que represente a la persona asegurada.<\/p>\n<h2>El proceso de demanda<\/h2>\n<p>En el estado de Washington, los accidentes de motocicleta tienen un plazo de prescripci\u00f3n. Esto significa que una persona lesionada en un accidente de motocicleta debe iniciar su demanda dentro de los tres a\u00f1os posteriores a la fecha del accidente o, de lo contrario, se perder\u00e1 para siempre. Una vez transcurridos los tres a\u00f1os, por lo general, usted o cualquier otra persona no puede hacer absolutamente nada. El tiempo es esencial en estos accidentes. Si decide contratar a un abogado especializado en accidentes de motocicleta, \u00e9l o ella ser\u00e1 responsable de cumplir con los requisitos t\u00e9cnicos para iniciar la demanda de manera adecuada, en el lugar correcto y en el momento correcto.<\/p>\n<p>Una vez que se logra esto, comienza la fase de &quot;descubrimiento&quot;. Durante la fase de descubrimiento, cada parte se env\u00eda preguntas por escrito. Adem\u00e1s, durante este tiempo, se puede obligar a los testigos a testificar en declaraciones. Se les toma juramento y dan testimonio bajo juramento. A veces, tambi\u00e9n se solicitan ex\u00e1menes m\u00e9dicos independientes durante la fase de descubrimiento. En general, el descubrimiento es el momento en que ambas partes tienen la oportunidad de analizar el caso de la otra persona, medir sus fortalezas y debilidades y desarrollar estrategias legales despu\u00e9s de la medici\u00f3n. La fase de descubrimiento puede durar desde meses hasta a\u00f1os.<\/p>\n<p>Despu\u00e9s de la fase de descubrimiento, las partes pueden recurrir a un mecanismo alternativo de resoluci\u00f3n de conflictos, que consiste en intentar resolver el caso. Algunas personas optan por hacerlo en forma de mediaci\u00f3n. Durante la mediaci\u00f3n, las partes contratan a un abogado experimentado para que las ayude a alcanzar una resoluci\u00f3n justa. Las mediaciones se llevan a cabo en una oficina y cada parte tiene su propia sala. El mediador va de una sala a otra hasta que ambas partes llegan a un acuerdo o se dan por vencidas. Si bien la mediaci\u00f3n puede llevar mucho tiempo y ser aburrida, tambi\u00e9n puede ser exitosa.<\/p>\n<p>En algunos casos, se puede recurrir al arbitraje para resolver un caso. Los tribunales del estado de Washington han establecido un programa llamado \u201carbitraje obligatorio\u201d. El arbitraje obligatorio est\u00e1 orientado a resolver r\u00e1pidamente un caso cuyo valor sea de $50,000 o menos. Se lleva a cabo mediante una audiencia informal que se lleva a cabo frente a un abogado experimentado. De esta manera, las partes pueden presentar las pruebas para respaldar su caso. Luego, el \u00e1rbitro evaluar\u00e1 las pruebas y emitir\u00e1 un \u201claudo\u201d. El arbitraje es como un juicio informal y se lleva a cabo fuera de un tribunal. Muchos abogados prefieren el arbitraje porque las reglas de prueba no son tan estrictas y el demandante no se ve sometido a tanto estr\u00e9s como en un juicio. El arbitraje obligatorio no es vinculante y, si una de las partes considera que el laudo es injusto, puede apelar y enviar el caso a juicio. Pero, si una parte que apela no obtiene mejores resultados en el juicio que en el arbitraje, debe pagar los honorarios del abogado a la otra parte.<\/p>\n<h2>Si su caso de accidente de motocicleta va a juicio<\/h2>\n<p>La \u00faltima opci\u00f3n para resolver un caso es, por supuesto, ir a juicio ante un juez y un jurado. Si ambas partes est\u00e1n de acuerdo, se puede renunciar al derecho a un jurado y un juez puede decidir todo. Sin embargo, las compa\u00f1\u00edas de seguros normalmente no est\u00e1n dispuestas a ir a juicio solo ante un juez. Los jurados son impredecibles. Por lo general, son conservadores en los casos de lesiones personales y no otorgan grandes sumas. No hay forma de que un abogado pueda predecir con certeza c\u00f3mo actuar\u00e1 un jurado. El juicio es la \u00faltima opci\u00f3n porque es costoso, estresante y considerablemente riesgoso.<\/p>\n<p>Independientemente de c\u00f3mo se maneje su caso, prep\u00e1rese para una monta\u00f1a rusa de emociones. Las demandas no son divertidas, pero a menudo son necesarias. Si ha resultado herido en un accidente de motocicleta y tiene preguntas, no dude en ponerse en contacto con nosotros. <a href=\"https:\/\/plg-pllc.com\/contact-us\/\">Cont\u00e1ctame<\/a> y estar\u00e9 m\u00e1s que dispuesto a responderles.<\/p>\n\n        <div class=\"rs-content-cta\">\n            <p>Llamar o enviar mensaje de texto <a href=\"tel:+12062851743\">(206) 285-1743<\/a> o complete un formulario de evaluaci\u00f3n de caso gratuito<\/p>\n            <a href=\"https:\/\/plg-pllc.com\/es\/contact-us\/\" title=\"OBTENGA UNA EVALUACI\u00d3N DE CASO GRATUITA\" class=\"btn-global\">OBTENGA UNA EVALUACI\u00d3N DE CASO GRATUITA<\/a>\n                    <picture>\n                            <source srcset=\"https:\/\/plg-pllc.com\/wp-content\/themes\/plg-pllc-redesign\/assets\/app\/img\/cta-thumb.webp\" type=\"image\/webp\"\/>\n                            <img src=\"https:\/\/plg-pllc.com\/wp-content\/themes\/plg-pllc-redesign\/assets\/app\/img\/cta-thumb.png\" alt=\"Grupo de abogados Premier\" title=\"Grupo de abogados Premier\" width=\"245\" height=\"220\" loading=\"auto\" fetchpriority=\"auto\" decoding=\"async\"\/>\n        <\/picture>\n        \n        <\/div>","protected":false},"excerpt":{"rendered":"<p>Demanda. La palabra por s\u00ed sola es suficiente para darnos escalofr\u00edos a la mayor\u00eda de nosotros. Encontrar un abogado especializado en accidentes de motocicleta es bastante dif\u00edcil y presentar una demanda puede ser intimidante. Estoy aqu\u00ed para brindarle una idea de en qu\u00e9 consiste. Tenga paciencia mientras uso algunas palabras no tan sencillas. La ley puede ser muy\u2026<\/p>","protected":false},"author":2,"featured_media":0,"parent":20714,"menu_order":0,"comment_status":"closed","ping_status":"closed","template":"","meta":{"_acf_changed":false,"_genesis_hide_title":false,"_genesis_hide_breadcrumbs":false,"_genesis_hide_singular_image":false,"_genesis_hide_footer_widgets":false,"_genesis_custom_body_class":"","_genesis_custom_post_class":"","_genesis_layout":"","footnotes":""},"hc_faqs":[10366],"class_list":{"0":"post-11328","1":"page","2":"type-page","3":"status-publish","5":"hc_faqs-motorcycle-accident","6":"entry"},"acf":[],"yoast_head":"<!-- This site is optimized with the Yoast SEO plugin v27.4 - https:\/\/yoast.com\/product\/yoast-seo-wordpress\/ -->\n<title>What a Motorcycle Accident Attorney Does for You in a Lawsuit<\/title>\n<meta name=\"description\" content=\"What a Motorcycle Accident Attorney Does for You in a Lawsuit: Premier Law Group helps you unlock the full compensation you deserve. No Fee Unless We Win.\" \/>\n<meta name=\"robots\" content=\"index, follow, max-snippet:-1, max-image-preview:large, max-video-preview:-1\" \/>\n<link rel=\"canonical\" href=\"https:\/\/plg-pllc.com\/es\/faqs\/what-a-motorcycle-accident-attorney-does-for-you-in-a-lawsuit\/\" \/>\n<meta property=\"og:locale\" content=\"es_MX\" \/>\n<meta property=\"og:type\" content=\"article\" \/>\n<meta property=\"og:title\" content=\"What a Motorcycle Accident Attorney Does for You in a Lawsuit\" \/>\n<meta property=\"og:description\" content=\"What a Motorcycle Accident Attorney Does for You in a Lawsuit: Premier Law Group helps you unlock the full compensation you deserve. No Fee Unless We Win.\" \/>\n<meta property=\"og:url\" content=\"https:\/\/plg-pllc.com\/es\/faqs\/what-a-motorcycle-accident-attorney-does-for-you-in-a-lawsuit\/\" \/>\n<meta property=\"og:site_name\" content=\"Premier Law Group\" \/>\n<meta property=\"article:publisher\" content=\"https:\/\/www.facebook.com\/premierlawgroup\" \/>\n<meta property=\"article:modified_time\" content=\"2024-10-16T02:04:29+00:00\" \/>\n<meta name=\"twitter:card\" content=\"summary_large_image\" \/>\n<meta name=\"twitter:site\" content=\"@premierlawgroup\" \/>\n<meta name=\"twitter:label1\" content=\"Tiempo de lectura\" \/>\n\t<meta name=\"twitter:data1\" content=\"4 minutos\" \/>\n<script type=\"application\/ld+json\" class=\"yoast-schema-graph\">{\"@context\":\"https:\\\/\\\/schema.org\",\"@graph\":[{\"@type\":\"WebPage\",\"@id\":\"https:\\\/\\\/plg-pllc.com\\\/faqs\\\/what-a-motorcycle-accident-attorney-does-for-you-in-a-lawsuit\\\/\",\"url\":\"https:\\\/\\\/plg-pllc.com\\\/faqs\\\/what-a-motorcycle-accident-attorney-does-for-you-in-a-lawsuit\\\/\",\"name\":\"What a Motorcycle Accident Attorney Does for You in a Lawsuit\",\"isPartOf\":{\"@id\":\"https:\\\/\\\/plg-pllc.com\\\/#website\"},\"datePublished\":\"2013-08-07T22:36:33+00:00\",\"dateModified\":\"2024-10-16T02:04:29+00:00\",\"description\":\"What a Motorcycle Accident Attorney Does for You in a Lawsuit: Premier Law Group helps you unlock the full compensation you deserve. No Fee Unless We Win.\",\"breadcrumb\":{\"@id\":\"https:\\\/\\\/plg-pllc.com\\\/faqs\\\/what-a-motorcycle-accident-attorney-does-for-you-in-a-lawsuit\\\/#breadcrumb\"},\"inLanguage\":\"es\",\"potentialAction\":[{\"@type\":\"ReadAction\",\"target\":[\"https:\\\/\\\/plg-pllc.com\\\/faqs\\\/what-a-motorcycle-accident-attorney-does-for-you-in-a-lawsuit\\\/\"]}]},{\"@type\":\"BreadcrumbList\",\"@id\":\"https:\\\/\\\/plg-pllc.com\\\/faqs\\\/what-a-motorcycle-accident-attorney-does-for-you-in-a-lawsuit\\\/#breadcrumb\",\"itemListElement\":[{\"@type\":\"ListItem\",\"position\":1,\"name\":\"Home\",\"item\":\"https:\\\/\\\/plg-pllc.com\\\/es\\\/\"},{\"@type\":\"ListItem\",\"position\":2,\"name\":\"FAQs\",\"item\":\"https:\\\/\\\/plg-pllc.com\\\/es\\\/faqs\\\/\"},{\"@type\":\"ListItem\",\"position\":3,\"name\":\"What a Motorcycle Accident Attorney Does for You in a Lawsuit\"}]},{\"@type\":\"WebSite\",\"@id\":\"https:\\\/\\\/plg-pllc.com\\\/#website\",\"url\":\"https:\\\/\\\/plg-pllc.com\\\/\",\"name\":\"Premier Law Group\",\"description\":\"Washington Wrongful Death and Serious Injury Lawyer\",\"publisher\":{\"@id\":\"https:\\\/\\\/plg-pllc.com\\\/#organization\"},\"inLanguage\":\"es\"},{\"@type\":\"Organization\",\"@id\":\"https:\\\/\\\/plg-pllc.com\\\/#organization\",\"name\":\"Premier Law Group\",\"url\":\"https:\\\/\\\/plg-pllc.com\\\/\",\"logo\":{\"@type\":\"ImageObject\",\"inLanguage\":\"es\",\"@id\":\"https:\\\/\\\/plg-pllc.com\\\/#\\\/schema\\\/logo\\\/image\\\/\",\"url\":\"https:\\\/\\\/plg-pllc.com\\\/wp-content\\\/uploads\\\/2020\\\/10\\\/plg-logo-v2.gif\",\"contentUrl\":\"https:\\\/\\\/plg-pllc.com\\\/wp-content\\\/uploads\\\/2020\\\/10\\\/plg-logo-v2.gif\",\"width\":592,\"height\":191,\"caption\":\"Premier Law Group\"},\"image\":{\"@id\":\"https:\\\/\\\/plg-pllc.com\\\/#\\\/schema\\\/logo\\\/image\\\/\"},\"sameAs\":[\"https:\\\/\\\/www.facebook.com\\\/premierlawgroup\",\"https:\\\/\\\/x.com\\\/premierlawgroup\"]}]}<\/script>\n<!-- \/ Yoast SEO plugin. -->","yoast_head_json":{"title":"Lo que un abogado de accidentes de motocicleta hace por usted en una demanda","description":"Lo que un abogado especializado en accidentes de motocicleta puede hacer por usted en una demanda: Premier Law Group lo ayuda a obtener la compensaci\u00f3n total que se merece. Sin honorarios a menos que ganemos.","robots":{"index":"index","follow":"follow","max-snippet":"max-snippet:-1","max-image-preview":"max-image-preview:large","max-video-preview":"max-video-preview:-1"},"canonical":"https:\/\/plg-pllc.com\/es\/faqs\/what-a-motorcycle-accident-attorney-does-for-you-in-a-lawsuit\/","og_locale":"es_MX","og_type":"article","og_title":"What a Motorcycle Accident Attorney Does for You in a Lawsuit","og_description":"What a Motorcycle Accident Attorney Does for You in a Lawsuit: Premier Law Group helps you unlock the full compensation you deserve. No Fee Unless We Win.","og_url":"https:\/\/plg-pllc.com\/es\/faqs\/what-a-motorcycle-accident-attorney-does-for-you-in-a-lawsuit\/","og_site_name":"Premier Law Group","article_publisher":"https:\/\/www.facebook.com\/premierlawgroup","article_modified_time":"2024-10-16T02:04:29+00:00","twitter_card":"summary_large_image","twitter_site":"@premierlawgroup","twitter_misc":{"Tiempo de lectura":"4 minutos"},"schema":{"@context":"https:\/\/schema.org","@graph":[{"@type":"WebPage","@id":"https:\/\/plg-pllc.com\/faqs\/what-a-motorcycle-accident-attorney-does-for-you-in-a-lawsuit\/","url":"https:\/\/plg-pllc.com\/faqs\/what-a-motorcycle-accident-attorney-does-for-you-in-a-lawsuit\/","name":"Lo que un abogado de accidentes de motocicleta hace por usted en una demanda","isPartOf":{"@id":"https:\/\/plg-pllc.com\/#website"},"datePublished":"2013-08-07T22:36:33+00:00","dateModified":"2024-10-16T02:04:29+00:00","description":"Lo que un abogado especializado en accidentes de motocicleta puede hacer por usted en una demanda: Premier Law Group lo ayuda a obtener la compensaci\u00f3n total que se merece. Sin honorarios a menos que ganemos.","breadcrumb":{"@id":"https:\/\/plg-pllc.com\/faqs\/what-a-motorcycle-accident-attorney-does-for-you-in-a-lawsuit\/#breadcrumb"},"inLanguage":"es","potentialAction":[{"@type":"ReadAction","target":["https:\/\/plg-pllc.com\/faqs\/what-a-motorcycle-accident-attorney-does-for-you-in-a-lawsuit\/"]}]},{"@type":"BreadcrumbList","@id":"https:\/\/plg-pllc.com\/faqs\/what-a-motorcycle-accident-attorney-does-for-you-in-a-lawsuit\/#breadcrumb","itemListElement":[{"@type":"ListItem","position":1,"name":"Home","item":"https:\/\/plg-pllc.com\/es\/"},{"@type":"ListItem","position":2,"name":"FAQs","item":"https:\/\/plg-pllc.com\/es\/faqs\/"},{"@type":"ListItem","position":3,"name":"What a Motorcycle Accident Attorney Does for You in a Lawsuit"}]},{"@type":"WebSite","@id":"https:\/\/plg-pllc.com\/#website","url":"https:\/\/plg-pllc.com\/","name":"Grupo de abogados Premier","description":"Abogado de muerte por negligencia y lesiones graves en Washington","publisher":{"@id":"https:\/\/plg-pllc.com\/#organization"},"inLanguage":"es"},{"@type":"Organization","@id":"https:\/\/plg-pllc.com\/#organization","name":"Grupo de abogados Premier","url":"https:\/\/plg-pllc.com\/","logo":{"@type":"ImageObject","inLanguage":"es","@id":"https:\/\/plg-pllc.com\/#\/schema\/logo\/image\/","url":"https:\/\/plg-pllc.com\/wp-content\/uploads\/2020\/10\/plg-logo-v2.gif","contentUrl":"https:\/\/plg-pllc.com\/wp-content\/uploads\/2020\/10\/plg-logo-v2.gif","width":592,"height":191,"caption":"Premier Law Group"},"image":{"@id":"https:\/\/plg-pllc.com\/#\/schema\/logo\/image\/"},"sameAs":["https:\/\/www.facebook.com\/premierlawgroup","https:\/\/x.com\/premierlawgroup"]}]}},"_links":{"self":[{"href":"https:\/\/plg-pllc.com\/es\/wp-json\/wp\/v2\/pages\/11328","targetHints":{"allow":["GET"]}}],"collection":[{"href":"https:\/\/plg-pllc.com\/es\/wp-json\/wp\/v2\/pages"}],"about":[{"href":"https:\/\/plg-pllc.com\/es\/wp-json\/wp\/v2\/types\/page"}],"author":[{"embeddable":true,"href":"https:\/\/plg-pllc.com\/es\/wp-json\/wp\/v2\/users\/2"}],"replies":[{"embeddable":true,"href":"https:\/\/plg-pllc.com\/es\/wp-json\/wp\/v2\/comments?post=11328"}],"version-history":[{"count":0,"href":"https:\/\/plg-pllc.com\/es\/wp-json\/wp\/v2\/pages\/11328\/revisions"}],"up":[{"embeddable":true,"href":"https:\/\/plg-pllc.com\/es\/wp-json\/wp\/v2\/pages\/20714"}],"wp:attachment":[{"href":"https:\/\/plg-pllc.com\/es\/wp-json\/wp\/v2\/media?parent=11328"}],"wp:term":[{"taxonomy":"hc_faqs","embeddable":true,"href":"https:\/\/plg-pllc.com\/es\/wp-json\/wp\/v2\/hc_faqs?post=11328"}],"curies":[{"name":"gracias","href":"https:\/\/api.w.org\/{rel}","templated":true}]}}