{"id":11331,"date":"2013-08-08T10:57:23","date_gmt":"2013-08-08T17:57:23","guid":{"rendered":"https:\/\/plg-pllc.com\/?p=11331"},"modified":"2024-11-07T04:12:16","modified_gmt":"2024-11-07T12:12:16","slug":"employment-law-understanding-minimum-wage-and-overtime-pay","status":"publish","type":"page","link":"https:\/\/plg-pllc.com\/es\/faqs\/what-is-minimum-wage-and-overtime\/","title":{"rendered":"Derecho laboral: comprensi\u00f3n del salario m\u00ednimo y el pago de horas extra"},"content":{"rendered":"<p>La legislaci\u00f3n laboral es extremadamente compleja y no recibir el salario completo es frustrante, desmoralizante y estresante. Usted y su familia pueden sentirse expuestos a riesgos financieros. Puede sentirse impotente y victimizado porque cree que su empleador tiene todas las de ganar en esta situaci\u00f3n. Si no comprende la ley, no puede estar seguro de que le hayan pagado cada d\u00f3lar que ha ganado.<\/p>\n<p>La informaci\u00f3n precisa y relevante es fundamental para llevar adelante un caso legal. La informaci\u00f3n y el proceso legal deben ser claros y directos. Sin embargo, tratar de leer los estatutos de Washington, denominados C\u00f3digo Revisado de Washington, puede resultar abrumador e incomprensible, ya que puede parecer que est\u00e1n escritos en un idioma extranjero. De manera similar, el sistema legal tambi\u00e9n puede ser intimidante y dif\u00edcil de entender. Muchas personas no saben qu\u00e9 esperar del proceso legal.<\/p>\n<p>Esta sensaci\u00f3n de confusi\u00f3n existe incluso cuando una persona contrata a un abogado laboralista, porque a menudo las personas no saben c\u00f3mo contratar al abogado adecuado para su caso. Como resultado, terminan contratando a un abogado inexperto que no conoce ni entiende la legislaci\u00f3n laboral. Queremos ayudarlo a comprender el proceso y qu\u00e9 tipo de pasos tomar\u00e1 un buen abogado laboralista para ayudarlo.<\/p>\n<p>Si necesita ayuda inmediata, no dude en contactarnos. <a href=\"https:\/\/plg-pllc.com\/contact-us\/\">Cont\u00e1ctame<\/a>. Para obtener m\u00e1s informaci\u00f3n sobre sus derechos como empleado, siga leyendo.<\/p>\n<h2>\u00bfMi empleador me debe dinero?<\/h2>\n<p>Las leyes salariales de Washington est\u00e1n expresamente escritas en el C\u00f3digo Revisado de Washington (RCW) y el C\u00f3digo Administrativo de Washington (WAC). Los RCW son las leyes aprobadas por la legislatura del estado de Washington. Los WAC son las regulaciones aprobadas por departamentos particulares asignados para supervisar ciertas industrias. En \u00faltima instancia, el pago de los salarios lo maneja el <a href=\"https:\/\/www.lni.wa.gov:443\/\">Departamento de Trabajo e Industrias del Estado de Washington<\/a>Los empleadores deben cumplir con las leyes y regulaciones de este Departamento en lo que respecta a sus salarios. Adem\u00e1s, algunas relaciones entre empleadores y empleados se rigen por leyes y regulaciones federales.<\/p>\n<p>Existen varios tipos de reclamaciones salariales. Los empleados a menudo se quejan de que no les pagan el salario m\u00ednimo o tiempo y medio por sus horas extras. Algunos empleadores realizan deducciones ilegales de los cheques de pago o no realizan los pagos por las horas trabajadas o los servicios prestados.<\/p>\n<h2>Salario m\u00ednimo<\/h2>\n<p>En general, la ley de Washington exige que los empleadores paguen un salario m\u00ednimo a sus empleados por todas las horas trabajadas. El t\u00e9rmino \u201cempleado\u201d se define de manera amplia e incluye cualquier compromiso de trabajo y el permiso o autorizaci\u00f3n del empleador para trabajar. Un \u201cempleador\u201d puede ser un individuo, una sociedad, una asociaci\u00f3n, una corporaci\u00f3n o cualquier grupo de personas que act\u00faen en inter\u00e9s de un empleador.<\/p>\n<p>Un abogado laboralista experimentado le aconsejar\u00e1 si su empleo est\u00e1 excluido o no del requisito de salario m\u00ednimo. Un \u201cempleado\u201d es una persona contratada para trabajar para un empleador. Sin embargo, existen numerosas excepciones para los trabajadores en ciertos trabajos espec\u00edficos. Estos incluyen marineros, bomberos, trabajadores de transbordadores, algunos vendedores y profesionales o personas que trabajan en puestos ejecutivos. Un \u201ccontratista independiente\u201d tambi\u00e9n est\u00e1 excluido del requisito de salario m\u00ednimo. Sin embargo, un empleador no puede simplemente llamarlo \u201ccontratista independiente\u201d solo para evitar pagarle un salario m\u00ednimo.<\/p>\n<p>El Departamento de Trabajo e Industrias calcula el salario m\u00ednimo cada septiembre y entra en vigencia el 1 de enero siguiente. Su empleador debe tener un cartel en las instalaciones de su trabajo que indique el salario m\u00ednimo federal y estatal actual. Usted tiene derecho a recibir el mayor de los dos salarios m\u00ednimos posibles. A partir de 2013, el salario m\u00ednimo en Washington es de $9.19 por hora.<\/p>\n<p>Se le debe pagar el salario m\u00ednimo por todas las horas trabajadas. Esto incluye cualquier reuni\u00f3n o capacitaci\u00f3n a la que su empleador le exija asistir. Tambi\u00e9n incluye cualquier tiempo dedicado a abrir y cerrar el negocio, y el descanso de diez minutos al que tiene derecho por cada cuatro horas de trabajo. Tambi\u00e9n puede incluir su per\u00edodo de comida de treinta minutos si su empleador exige que permanezca de guardia o en el lugar de trabajo durante el per\u00edodo de comida. Si recibe propinas, gratificaciones u honorarios por servicios, su empleador no puede usarlos para cumplir con el requisito de salario m\u00ednimo. Su empleador tampoco puede usar su pago de vacaciones, pago de d\u00edas festivos, comidas o alojamiento como cr\u00e9dito para el salario m\u00ednimo para el per\u00edodo de pago. Su empleador puede contar cualquier otro pago adicional que le haya hecho y bonificaciones para cumplir con el requisito de salario m\u00ednimo.<\/p>\n<h2>Salarios por horas extras<\/h2>\n<p>Las \u201choras extras\u201d son aquellas que un empleado realiza por encima de la semana laboral normal de 40 horas. En general, la ley de Washington exige que a un empleado se le pague una vez y media la tarifa por hora normal por las horas extras trabajadas. Sin embargo, existen muchas profesiones y trabajos que est\u00e1n excluidos de esta regla, tanto en virtud de la ley federal como de la ley de Washington. Existen docenas de exclusiones que deben evaluarse caso por caso.<\/p>\n<p>Un abogado laboral calificado puede decirle si tiene derecho o no a recibir horas extras. Uno de los mayores errores que veo que cometen los empleadores y los empleados en materia de horas extras es suponer que el hecho de que a una persona se le pague un salario significa que no tiene derecho a recibir horas extras. Eso no es lo que dice la ley. La ley exige que un empleado que recibe un salario siga estando incluido en una de las excepciones a las leyes de horas extras. Por ejemplo, si trabaja como vendedor (es decir, cajero) en Wal-Mart y le pagan un salario mensual sin horas extras, aunque trabaje constantemente m\u00e1s de 40 horas por semana, es posible que tenga derecho al pago de horas extras. EL PAGO DE UN SALARIO NO ES EL FACTOR DETERMINANTE.<\/p>\n<p>Si sospecha que no le est\u00e1n pagando las horas extras, re\u00fana todos los documentos que demuestren la cantidad de horas que trabaja por semana. Si eso requiere ponerse en contacto con el personal de recursos humanos o de n\u00f3mina para obtener copias de sus tarjetas de tiempo o recibos de pago, debe hacerlo, ya que necesitar\u00e1 esta informaci\u00f3n para probar su caso. No deber\u00eda ser necesario que revele por qu\u00e9 est\u00e1 solicitando la informaci\u00f3n. Si no puede acceder a esos documentos, o no los tiene, debe averiguar c\u00f3mo validar\u00e1 su afirmaci\u00f3n de que trabaj\u00f3 m\u00e1s de cuarenta horas por semana. Por lo general, por cada hora que trabaje en exceso de cuarenta horas, tiene derecho a una vez y media su tarifa de pago normal.<\/p>\n\n        <div class=\"rs-content-cta long\">\n            <p>Para una consulta legal GRATUITA, llame al <a href=\"tel:+12062851743\">(206) 285-1743 <\/a><\/p>\n            <a href=\"https:\/\/plg-pllc.com\/es\/contact-us\/\" title=\"OBTENGA UNA EVALUACI\u00d3N DE CASO GRATUITA\" class=\"btn-global\">OBTENGA UNA EVALUACI\u00d3N DE CASO GRATUITA<\/a>\n                    <picture>\n                            <source srcset=\"https:\/\/plg-pllc.com\/wp-content\/themes\/plg-pllc-redesign\/assets\/app\/img\/cta-thumb.webp\" type=\"image\/webp\"\/>\n                            <img src=\"https:\/\/plg-pllc.com\/wp-content\/themes\/plg-pllc-redesign\/assets\/app\/img\/cta-thumb.png\" alt=\"Grupo de abogados Premier\" title=\"Grupo de abogados Premier\" width=\"245\" height=\"220\" loading=\"auto\" fetchpriority=\"auto\" decoding=\"async\"\/>\n        <\/picture>\n        \n        <\/div><h2>\u00bfNecesitas ayuda?<\/h2>\n<p>Navegar por el complejo laberinto de las leyes laborales y salariales puede ser tremendamente estresante y frustrante. Un buen abogado laboral podr\u00e1 ayudarlo y aliviarlo de parte de ese estr\u00e9s. \u00bfNecesita ayuda ahora? No dude en contactarnos. <a href=\"https:\/\/plg-pllc.com\/contact-us\/\">Cont\u00e1ctame<\/a>.<\/p>\n\n        <div class=\"rs-content-cta\">\n            <p>Llamar o enviar mensaje de texto <a href=\"tel:+12062851743\">(206) 285-1743<\/a> o complete un formulario de evaluaci\u00f3n de caso gratuito<\/p>\n            <a href=\"https:\/\/plg-pllc.com\/es\/contact-us\/\" title=\"OBTENGA UNA EVALUACI\u00d3N DE CASO GRATUITA\" class=\"btn-global\">OBTENGA UNA EVALUACI\u00d3N DE CASO GRATUITA<\/a>\n                    <picture>\n                            <source srcset=\"https:\/\/plg-pllc.com\/wp-content\/themes\/plg-pllc-redesign\/assets\/app\/img\/cta-thumb.webp\" type=\"image\/webp\"\/>\n                            <img src=\"https:\/\/plg-pllc.com\/wp-content\/themes\/plg-pllc-redesign\/assets\/app\/img\/cta-thumb.png\" alt=\"Grupo de abogados Premier\" title=\"Grupo de abogados Premier\" width=\"245\" height=\"220\" loading=\"auto\" fetchpriority=\"auto\" decoding=\"async\"\/>\n        <\/picture>\n        \n        <\/div>","protected":false},"excerpt":{"rendered":"<p>La legislaci\u00f3n laboral es extremadamente compleja y no recibir el salario completo es frustrante, desmoralizante y estresante. Usted y su familia pueden sentirse expuestos a riesgos financieros. Puede sentirse impotente y victimizado porque cree que su empleador tiene todas las de ganar en esta situaci\u00f3n. Si no comprende la ley, \u2026<\/p>","protected":false},"author":8,"featured_media":0,"parent":20714,"menu_order":0,"comment_status":"closed","ping_status":"closed","template":"","meta":{"_acf_changed":false,"_genesis_hide_title":false,"_genesis_hide_breadcrumbs":false,"_genesis_hide_singular_image":false,"_genesis_hide_footer_widgets":false,"_genesis_custom_body_class":"","_genesis_custom_post_class":"","_genesis_layout":"","footnotes":""},"hc_faqs":[10343],"class_list":{"0":"post-11331","1":"page","2":"type-page","3":"status-publish","5":"hc_faqs-unpaid-wages","6":"entry"},"acf":[],"yoast_head":"<!-- This site is optimized with the Yoast SEO plugin v27.2 - https:\/\/yoast.com\/product\/yoast-seo-wordpress\/ -->\n<title>Employment Law: Understanding Minimum Wage and Overtime Pay<\/title>\n<meta name=\"description\" content=\"Employment Law: Understanding Minimum Wage and Overtime Pay: Premier Law Group helps you unlock the full compensation you deserve. No Fee Unless We Win.\" \/>\n<meta name=\"robots\" content=\"index, follow, max-snippet:-1, max-image-preview:large, max-video-preview:-1\" \/>\n<link rel=\"canonical\" href=\"https:\/\/plg-pllc.com\/es\/faqs\/what-is-minimum-wage-and-overtime\/\" \/>\n<meta property=\"og:locale\" content=\"es_MX\" \/>\n<meta property=\"og:type\" content=\"article\" \/>\n<meta property=\"og:title\" content=\"Employment Law: Understanding Minimum Wage and Overtime Pay\" \/>\n<meta property=\"og:description\" content=\"Employment Law: Understanding Minimum Wage and Overtime Pay: Premier Law Group helps you unlock the full compensation you deserve. No Fee Unless We Win.\" \/>\n<meta property=\"og:url\" content=\"https:\/\/plg-pllc.com\/es\/faqs\/what-is-minimum-wage-and-overtime\/\" \/>\n<meta property=\"og:site_name\" content=\"Premier Law Group\" \/>\n<meta property=\"article:publisher\" content=\"https:\/\/www.facebook.com\/premierlawgroup\" \/>\n<meta property=\"article:modified_time\" content=\"2024-11-07T12:12:16+00:00\" \/>\n<meta name=\"twitter:card\" content=\"summary_large_image\" \/>\n<meta name=\"twitter:site\" content=\"@premierlawgroup\" \/>\n<meta name=\"twitter:label1\" content=\"Tiempo de lectura\" \/>\n\t<meta name=\"twitter:data1\" content=\"5 minutos\" \/>\n<script type=\"application\/ld+json\" class=\"yoast-schema-graph\">{\"@context\":\"https:\/\/schema.org\",\"@graph\":[{\"@type\":\"WebPage\",\"@id\":\"https:\/\/plg-pllc.com\/faqs\/what-is-minimum-wage-and-overtime\/\",\"url\":\"https:\/\/plg-pllc.com\/faqs\/what-is-minimum-wage-and-overtime\/\",\"name\":\"Employment Law: Understanding Minimum Wage and Overtime Pay\",\"isPartOf\":{\"@id\":\"https:\/\/plg-pllc.com\/#website\"},\"datePublished\":\"2013-08-08T17:57:23+00:00\",\"dateModified\":\"2024-11-07T12:12:16+00:00\",\"description\":\"Employment Law: Understanding Minimum Wage and Overtime Pay: Premier Law Group helps you unlock the full compensation you deserve. No Fee Unless We Win.\",\"breadcrumb\":{\"@id\":\"https:\/\/plg-pllc.com\/faqs\/what-is-minimum-wage-and-overtime\/#breadcrumb\"},\"inLanguage\":\"es\",\"potentialAction\":[{\"@type\":\"ReadAction\",\"target\":[\"https:\/\/plg-pllc.com\/faqs\/what-is-minimum-wage-and-overtime\/\"]}]},{\"@type\":\"BreadcrumbList\",\"@id\":\"https:\/\/plg-pllc.com\/faqs\/what-is-minimum-wage-and-overtime\/#breadcrumb\",\"itemListElement\":[{\"@type\":\"ListItem\",\"position\":1,\"name\":\"Home\",\"item\":\"https:\/\/plg-pllc.com\/es\/\"},{\"@type\":\"ListItem\",\"position\":2,\"name\":\"FAQs\",\"item\":\"https:\/\/plg-pllc.com\/es\/faqs\/\"},{\"@type\":\"ListItem\",\"position\":3,\"name\":\"Employment Law: Understanding Minimum Wage and Overtime Pay\"}]},{\"@type\":\"WebSite\",\"@id\":\"https:\/\/plg-pllc.com\/#website\",\"url\":\"https:\/\/plg-pllc.com\/\",\"name\":\"Premier Law Group\",\"description\":\"Washington Wrongful Death and Serious Injury Lawyer\",\"publisher\":{\"@id\":\"https:\/\/plg-pllc.com\/#organization\"},\"inLanguage\":\"es\"},{\"@type\":\"Organization\",\"@id\":\"https:\/\/plg-pllc.com\/#organization\",\"name\":\"Premier Law Group\",\"url\":\"https:\/\/plg-pllc.com\/\",\"logo\":{\"@type\":\"ImageObject\",\"inLanguage\":\"es\",\"@id\":\"https:\/\/plg-pllc.com\/#\/schema\/logo\/image\/\",\"url\":\"https:\/\/plg-pllc.com\/wp-content\/uploads\/2020\/10\/plg-logo-v2.gif\",\"contentUrl\":\"https:\/\/plg-pllc.com\/wp-content\/uploads\/2020\/10\/plg-logo-v2.gif\",\"width\":592,\"height\":191,\"caption\":\"Premier Law Group\"},\"image\":{\"@id\":\"https:\/\/plg-pllc.com\/#\/schema\/logo\/image\/\"},\"sameAs\":[\"https:\/\/www.facebook.com\/premierlawgroup\",\"https:\/\/x.com\/premierlawgroup\"]}]}<\/script>\n<!-- \/ Yoast SEO plugin. -->","yoast_head_json":{"title":"Derecho laboral: comprensi\u00f3n del salario m\u00ednimo y el pago de horas extra","description":"Derecho laboral: comprensi\u00f3n del salario m\u00ednimo y el pago de horas extra: Premier Law Group lo ayuda a obtener la compensaci\u00f3n total que se merece. Sin honorarios a menos que ganemos.","robots":{"index":"index","follow":"follow","max-snippet":"max-snippet:-1","max-image-preview":"max-image-preview:large","max-video-preview":"max-video-preview:-1"},"canonical":"https:\/\/plg-pllc.com\/es\/faqs\/what-is-minimum-wage-and-overtime\/","og_locale":"es_MX","og_type":"article","og_title":"Employment Law: Understanding Minimum Wage and Overtime Pay","og_description":"Employment Law: Understanding Minimum Wage and Overtime Pay: Premier Law Group helps you unlock the full compensation you deserve. No Fee Unless We Win.","og_url":"https:\/\/plg-pllc.com\/es\/faqs\/what-is-minimum-wage-and-overtime\/","og_site_name":"Premier Law Group","article_publisher":"https:\/\/www.facebook.com\/premierlawgroup","article_modified_time":"2024-11-07T12:12:16+00:00","twitter_card":"summary_large_image","twitter_site":"@premierlawgroup","twitter_misc":{"Tiempo de lectura":"5 minutos"},"schema":{"@context":"https:\/\/schema.org","@graph":[{"@type":"WebPage","@id":"https:\/\/plg-pllc.com\/faqs\/what-is-minimum-wage-and-overtime\/","url":"https:\/\/plg-pllc.com\/faqs\/what-is-minimum-wage-and-overtime\/","name":"Derecho laboral: comprensi\u00f3n del salario m\u00ednimo y el pago de horas extra","isPartOf":{"@id":"https:\/\/plg-pllc.com\/#website"},"datePublished":"2013-08-08T17:57:23+00:00","dateModified":"2024-11-07T12:12:16+00:00","description":"Derecho laboral: comprensi\u00f3n del salario m\u00ednimo y el pago de horas extra: Premier Law Group lo ayuda a obtener la compensaci\u00f3n total que se merece. Sin honorarios a menos que ganemos.","breadcrumb":{"@id":"https:\/\/plg-pllc.com\/faqs\/what-is-minimum-wage-and-overtime\/#breadcrumb"},"inLanguage":"es","potentialAction":[{"@type":"ReadAction","target":["https:\/\/plg-pllc.com\/faqs\/what-is-minimum-wage-and-overtime\/"]}]},{"@type":"BreadcrumbList","@id":"https:\/\/plg-pllc.com\/faqs\/what-is-minimum-wage-and-overtime\/#breadcrumb","itemListElement":[{"@type":"ListItem","position":1,"name":"Home","item":"https:\/\/plg-pllc.com\/es\/"},{"@type":"ListItem","position":2,"name":"FAQs","item":"https:\/\/plg-pllc.com\/es\/faqs\/"},{"@type":"ListItem","position":3,"name":"Employment Law: Understanding Minimum Wage and Overtime Pay"}]},{"@type":"WebSite","@id":"https:\/\/plg-pllc.com\/#website","url":"https:\/\/plg-pllc.com\/","name":"Grupo de abogados Premier","description":"Abogado de muerte por negligencia y lesiones graves en Washington","publisher":{"@id":"https:\/\/plg-pllc.com\/#organization"},"inLanguage":"es"},{"@type":"Organization","@id":"https:\/\/plg-pllc.com\/#organization","name":"Grupo de abogados Premier","url":"https:\/\/plg-pllc.com\/","logo":{"@type":"ImageObject","inLanguage":"es","@id":"https:\/\/plg-pllc.com\/#\/schema\/logo\/image\/","url":"https:\/\/plg-pllc.com\/wp-content\/uploads\/2020\/10\/plg-logo-v2.gif","contentUrl":"https:\/\/plg-pllc.com\/wp-content\/uploads\/2020\/10\/plg-logo-v2.gif","width":592,"height":191,"caption":"Premier Law Group"},"image":{"@id":"https:\/\/plg-pllc.com\/#\/schema\/logo\/image\/"},"sameAs":["https:\/\/www.facebook.com\/premierlawgroup","https:\/\/x.com\/premierlawgroup"]}]}},"_links":{"self":[{"href":"https:\/\/plg-pllc.com\/es\/wp-json\/wp\/v2\/pages\/11331","targetHints":{"allow":["GET"]}}],"collection":[{"href":"https:\/\/plg-pllc.com\/es\/wp-json\/wp\/v2\/pages"}],"about":[{"href":"https:\/\/plg-pllc.com\/es\/wp-json\/wp\/v2\/types\/page"}],"author":[{"embeddable":true,"href":"https:\/\/plg-pllc.com\/es\/wp-json\/wp\/v2\/users\/8"}],"replies":[{"embeddable":true,"href":"https:\/\/plg-pllc.com\/es\/wp-json\/wp\/v2\/comments?post=11331"}],"version-history":[{"count":0,"href":"https:\/\/plg-pllc.com\/es\/wp-json\/wp\/v2\/pages\/11331\/revisions"}],"up":[{"embeddable":true,"href":"https:\/\/plg-pllc.com\/es\/wp-json\/wp\/v2\/pages\/20714"}],"wp:attachment":[{"href":"https:\/\/plg-pllc.com\/es\/wp-json\/wp\/v2\/media?parent=11331"}],"wp:term":[{"taxonomy":"hc_faqs","embeddable":true,"href":"https:\/\/plg-pllc.com\/es\/wp-json\/wp\/v2\/hc_faqs?post=11331"}],"curies":[{"name":"gracias","href":"https:\/\/api.w.org\/{rel}","templated":true}]}}