{"id":11338,"date":"2013-08-13T16:00:21","date_gmt":"2013-08-13T23:00:21","guid":{"rendered":"https:\/\/plg-pllc.com\/?p=11338"},"modified":"2024-11-07T04:12:17","modified_gmt":"2024-11-07T12:12:17","slug":"filing-a-sexual-harassment-lawsuit-how-to-know-if-you-have-been-a-victim","status":"publish","type":"page","link":"https:\/\/plg-pllc.com\/es\/faqs\/how-do-i-know-if-im-a-sexual-harassment-victim\/","title":{"rendered":"Presentar una demanda por acoso sexual: c\u00f3mo saber si ha sido v\u00edctima"},"content":{"rendered":"<p>El acoso sexual es un t\u00e9rmino que se utiliza desde la d\u00e9cada de 1970 para definir las insinuaciones sexuales no deseadas. Puede incluir solicitudes de favores sexuales, conductas de naturaleza sexual, aceptaci\u00f3n o rechazo de estas insinuaciones y recompensas o castigos a cambio de favores sexuales. Los empleadores u otras personas en puestos de poder pueden usar su autoridad para explotar a sus subordinados. Esto no significa que los empleadores sean los \u00fanicos que explotan sexualmente a otros; un supervisor, un compa\u00f1ero de trabajo, un empleado, un cliente o incluso alguien que no est\u00e9 afiliado al mismo campo laboral pueden ser potencialmente los culpables del acoso sexual.<\/p>\n<p>El acoso de cualquier tipo es ilegal. El acoso sexual se define como acoso por raz\u00f3n de sexo. La ley no proh\u00edbe las bromas ni los juegos bruscos, pero cuando son frecuentes o graves, est\u00e1n prohibidos por la ley. El hecho de que las bromas y los juegos amistosos puedan escalar al nivel de acoso sexual hace que sea dif\u00edcil para las personas saber si han sido v\u00edctimas. Si la conducta es implacable, humillante o intimidante y una persona razonable considerar\u00eda que el comportamiento es ofensivo, hostil o abusivo, entonces puede considerarse acoso sexual y es ilegal.<\/p>\n<p>Buscar un buen abogado especializado en acoso sexual que lo represente durante este per\u00edodo le ayudar\u00e1 a proteger sus derechos y a recuperar los da\u00f1os si corresponde. Un abogado tambi\u00e9n puede ayudarlo a descifrar los t\u00e9rminos y definiciones que pueden generar confusi\u00f3n.<\/p>\n<p>Si siente que ha sido v\u00edctima de acoso sexual y necesita ayuda inmediata, por favor <a href=\"https:\/\/plg-pllc.com\/contact-us\/\">Cont\u00e1ctame<\/a>.<\/p>\n<h2>\u00bfQu\u00e9 conducta puede considerarse acoso sexual?<\/h2>\n<p>El acoso sexual puede adoptar muchas formas diferentes, pero las m\u00e1s comunes son las verbales, las no verbales, las f\u00edsicas y las visuales. Identificar algunas de estas conductas puede ayudar a determinar si usted es v\u00edctima de acoso sexual o no.<\/p>\n<p><strong>Acoso verbal<\/strong>. El uso de etiquetas o apodos, comentarios despectivos, bromas sexuales, comentarios sobre el cuerpo o la ropa de una persona, insinuaciones sexuales, iniciar rumores sobre una persona o amenazar a una persona.<br \/>\nAcoso no verbal. Los gestos y miradas despectivas, los gestos o expresiones faciales sexuales e incluso el simple hecho de mirar fijamente a la otra persona pueden constituir acoso sexual.<\/p>\n<p><strong>Acoso f\u00edsico.<\/strong> Besar, abrazar, tocar, manosear, agredir, obstaculizar el movimiento de la otra persona o cualquier interferencia f\u00edsica con el trabajo o movimiento normal.<br \/>\nAcoso visual. Puede incluir carteles, dibujos, caricaturas, etc. con connotaci\u00f3n sexual, ver material sexual inapropiado en p\u00fablico o simular actos sexuales.<\/p>\n<h2>Definiciones legales de acoso sexual<\/h2>\n<p>Existen dos definiciones legales que definen la ley sobre acoso sexual.<\/p>\n<p><strong>Ambiente de trabajo hostil.\u00a0<\/strong>Para definir legalmente el acoso sexual, el entorno en cuesti\u00f3n debe ser uno que una persona razonable considerar\u00eda hostil o abusivo. Los tribunales analizar\u00e1n la gravedad y la frecuencia de los hechos. Las situaciones deben ser continuas y extensas. El demandante, o la parte que presenta la denuncia, en un caso de entorno laboral hostil debe demostrar que su entorno laboral estaba infiltrado con intimidaci\u00f3n, rid\u00edculo o insultos que difer\u00edan del entorno laboral general.<\/p>\n<p><strong>Acoso quid pro quo.\u00a0<\/strong>Se trata del acoso de \u201chaz algo por m\u00ed, yo har\u00e9 algo por ti\u201d. Si una persona en una posici\u00f3n de poder niega oportunidades laborales bas\u00e1ndose en una conducta sexual o concede un beneficio laboral bas\u00e1ndose en una insinuaci\u00f3n sexual, eso se considera acoso quid pro quo.<\/p>\n<h2>Cinco pasos a seguir si sientes que eres v\u00edctima de acoso sexual<\/h2>\n<p>Tomar medidas y documentar adecuadamente los incidentes que tenga con acoso sexual puede hacer una gran diferencia en su caso y ayudar a su abogado a saber si tiene un caso o no.<\/p>\n<p><strong>Dile al acosador que pare.<\/strong> No permita que su deseo de encajar le impida expresar su malestar ante una situaci\u00f3n. Deje en claro que el comportamiento no es bienvenido. Esta declaraci\u00f3n de desaprobaci\u00f3n del comportamiento har\u00e1 que sea mucho m\u00e1s f\u00e1cil demostrar su caso ante el tribunal.<\/p>\n<p><strong>Documentar el acoso.<\/strong> Puede resultar dif\u00edcil demostrar que, de hecho, sufriste acoso. La documentaci\u00f3n siempre ayuda. Intenta llevar un diario de los hechos e intenta ponerte en contacto con Recursos Humanos.<\/p>\n<p><strong>Denuncie el acoso con anticipaci\u00f3n.<\/strong> Denunciar el acoso sexual a Recursos Humanos puede ser de gran ayuda. Si no se env\u00edan denuncias, no hay posibilidad de resolver el problema.<\/p>\n<p><strong>Insistir en que se tomen medidas correctivas.<\/strong> Una vez que Recursos Humanos es informado de los incidentes de acoso sexual, tiene la obligaci\u00f3n de remediar la situaci\u00f3n. Es su deber hacer que la v\u00edctima se sienta c\u00f3moda y tomar las medidas adecuadas.<\/p>\n<p><strong>Busque un consejero lo m\u00e1s pronto posible.<\/strong> Buscar un consejero de salud mental no s\u00f3lo puede jugar un papel importante para ganar su caso, sino que tambi\u00e9n puede ayudarle a defenderse por s\u00ed mismo.<\/p>\n<p>El acoso sexual no es algo f\u00e1cil de afrontar y puede resultar degradante y frustrante. Buscar un buen abogado especializado en acoso sexual puede ayudar a aliviar algunos de esos sentimientos, as\u00ed que no dude en ponerse en contacto conmigo. Tambi\u00e9n puede obtener m\u00e1s informaci\u00f3n sobre el acoso sexual en \u201cStraightalk Law The Truth About Workplace Sexual Harassment\u201d de Darryl Parker. Si necesita ayuda de inmediato, por favor <a href=\"https:\/\/plg-pllc.com\/contact-us\/\">Cont\u00e1ctame<\/a>.<\/p>\n\n        <div class=\"rs-content-cta\">\n            <p>Llamar o enviar mensaje de texto <a href=\"tel:+12062851743\">(206) 285-1743<\/a> o complete un formulario de evaluaci\u00f3n de caso gratuito<\/p>\n            <a href=\"https:\/\/plg-pllc.com\/es\/contact-us\/\" title=\"OBTENGA UNA EVALUACI\u00d3N DE CASO GRATUITA\" class=\"btn-global\">OBTENGA UNA EVALUACI\u00d3N DE CASO GRATUITA<\/a>\n                    <picture>\n                            <source srcset=\"https:\/\/plg-pllc.com\/wp-content\/themes\/plg-pllc-redesign\/assets\/app\/img\/cta-thumb.webp\" type=\"image\/webp\"\/>\n                            <img src=\"https:\/\/plg-pllc.com\/wp-content\/themes\/plg-pllc-redesign\/assets\/app\/img\/cta-thumb.png\" alt=\"Grupo de abogados Premier\" title=\"Grupo de abogados Premier\" width=\"245\" height=\"220\" loading=\"auto\" fetchpriority=\"auto\" decoding=\"async\"\/>\n        <\/picture>\n        \n        <\/div>","protected":false},"excerpt":{"rendered":"<p>El acoso sexual es un t\u00e9rmino que se utiliza desde la d\u00e9cada de 1970 para definir las insinuaciones sexuales no deseadas. Puede incluir solicitudes de favores sexuales, conductas de naturaleza sexual, aceptaci\u00f3n o rechazo de estas insinuaciones y recompensas o castigos a cambio de favores sexuales. Los empleadores u otras personas en puestos de poder pueden usar su autoridad para explotar...<\/p>","protected":false},"author":8,"featured_media":0,"parent":20714,"menu_order":0,"comment_status":"closed","ping_status":"closed","template":"","meta":{"_acf_changed":false,"_genesis_hide_title":false,"_genesis_hide_breadcrumbs":false,"_genesis_hide_singular_image":false,"_genesis_hide_footer_widgets":false,"_genesis_custom_body_class":"","_genesis_custom_post_class":"","_genesis_layout":"","footnotes":""},"hc_faqs":[10368],"class_list":{"0":"post-11338","1":"page","2":"type-page","3":"status-publish","5":"hc_faqs-sexual-harassment","6":"entry"},"acf":[],"yoast_head":"<!-- This site is optimized with the Yoast SEO plugin v27.4 - https:\/\/yoast.com\/product\/yoast-seo-wordpress\/ -->\n<title>Filing a Sexual Harassment Lawsuit: How to Know if You Have Been a Victim<\/title>\n<meta name=\"description\" content=\"Filing a Sexual Harassment Lawsuit: How to Know if You Have Been a Victim: Premier Law Group helps you unlock the full compensation you deserve. No Fee Unless We Win.\" \/>\n<meta name=\"robots\" content=\"index, follow, max-snippet:-1, max-image-preview:large, max-video-preview:-1\" \/>\n<link rel=\"canonical\" href=\"https:\/\/plg-pllc.com\/es\/faqs\/how-do-i-know-if-im-a-sexual-harassment-victim\/\" \/>\n<meta property=\"og:locale\" content=\"es_MX\" \/>\n<meta property=\"og:type\" content=\"article\" \/>\n<meta property=\"og:title\" content=\"Filing a Sexual Harassment Lawsuit: How to Know if You Have Been a Victim\" \/>\n<meta property=\"og:description\" content=\"Filing a Sexual Harassment Lawsuit: How to Know if You Have Been a Victim: Premier Law Group helps you unlock the full compensation you deserve. No Fee Unless We Win.\" \/>\n<meta property=\"og:url\" content=\"https:\/\/plg-pllc.com\/es\/faqs\/how-do-i-know-if-im-a-sexual-harassment-victim\/\" \/>\n<meta property=\"og:site_name\" content=\"Premier Law Group\" \/>\n<meta property=\"article:publisher\" content=\"https:\/\/www.facebook.com\/premierlawgroup\" \/>\n<meta property=\"article:modified_time\" content=\"2024-11-07T12:12:17+00:00\" \/>\n<meta name=\"twitter:card\" content=\"summary_large_image\" \/>\n<meta name=\"twitter:site\" content=\"@premierlawgroup\" \/>\n<meta name=\"twitter:label1\" content=\"Tiempo de lectura\" \/>\n\t<meta name=\"twitter:data1\" content=\"4 minutos\" \/>\n<script type=\"application\/ld+json\" class=\"yoast-schema-graph\">{\"@context\":\"https:\\\/\\\/schema.org\",\"@graph\":[{\"@type\":\"WebPage\",\"@id\":\"https:\\\/\\\/plg-pllc.com\\\/faqs\\\/how-do-i-know-if-im-a-sexual-harassment-victim\\\/\",\"url\":\"https:\\\/\\\/plg-pllc.com\\\/faqs\\\/how-do-i-know-if-im-a-sexual-harassment-victim\\\/\",\"name\":\"Filing a Sexual Harassment Lawsuit: How to Know if You Have Been a Victim\",\"isPartOf\":{\"@id\":\"https:\\\/\\\/plg-pllc.com\\\/#website\"},\"datePublished\":\"2013-08-13T23:00:21+00:00\",\"dateModified\":\"2024-11-07T12:12:17+00:00\",\"description\":\"Filing a Sexual Harassment Lawsuit: How to Know if You Have Been a Victim: Premier Law Group helps you unlock the full compensation you deserve. No Fee Unless We Win.\",\"breadcrumb\":{\"@id\":\"https:\\\/\\\/plg-pllc.com\\\/faqs\\\/how-do-i-know-if-im-a-sexual-harassment-victim\\\/#breadcrumb\"},\"inLanguage\":\"es\",\"potentialAction\":[{\"@type\":\"ReadAction\",\"target\":[\"https:\\\/\\\/plg-pllc.com\\\/faqs\\\/how-do-i-know-if-im-a-sexual-harassment-victim\\\/\"]}]},{\"@type\":\"BreadcrumbList\",\"@id\":\"https:\\\/\\\/plg-pllc.com\\\/faqs\\\/how-do-i-know-if-im-a-sexual-harassment-victim\\\/#breadcrumb\",\"itemListElement\":[{\"@type\":\"ListItem\",\"position\":1,\"name\":\"Home\",\"item\":\"https:\\\/\\\/plg-pllc.com\\\/es\\\/\"},{\"@type\":\"ListItem\",\"position\":2,\"name\":\"FAQs\",\"item\":\"https:\\\/\\\/plg-pllc.com\\\/es\\\/faqs\\\/\"},{\"@type\":\"ListItem\",\"position\":3,\"name\":\"Filing a Sexual Harassment Lawsuit: How to Know if You Have Been a Victim\"}]},{\"@type\":\"WebSite\",\"@id\":\"https:\\\/\\\/plg-pllc.com\\\/#website\",\"url\":\"https:\\\/\\\/plg-pllc.com\\\/\",\"name\":\"Premier Law Group\",\"description\":\"Washington Wrongful Death and Serious Injury Lawyer\",\"publisher\":{\"@id\":\"https:\\\/\\\/plg-pllc.com\\\/#organization\"},\"inLanguage\":\"es\"},{\"@type\":\"Organization\",\"@id\":\"https:\\\/\\\/plg-pllc.com\\\/#organization\",\"name\":\"Premier Law Group\",\"url\":\"https:\\\/\\\/plg-pllc.com\\\/\",\"logo\":{\"@type\":\"ImageObject\",\"inLanguage\":\"es\",\"@id\":\"https:\\\/\\\/plg-pllc.com\\\/#\\\/schema\\\/logo\\\/image\\\/\",\"url\":\"https:\\\/\\\/plg-pllc.com\\\/wp-content\\\/uploads\\\/2020\\\/10\\\/plg-logo-v2.gif\",\"contentUrl\":\"https:\\\/\\\/plg-pllc.com\\\/wp-content\\\/uploads\\\/2020\\\/10\\\/plg-logo-v2.gif\",\"width\":592,\"height\":191,\"caption\":\"Premier Law Group\"},\"image\":{\"@id\":\"https:\\\/\\\/plg-pllc.com\\\/#\\\/schema\\\/logo\\\/image\\\/\"},\"sameAs\":[\"https:\\\/\\\/www.facebook.com\\\/premierlawgroup\",\"https:\\\/\\\/x.com\\\/premierlawgroup\"]}]}<\/script>\n<!-- \/ Yoast SEO plugin. -->","yoast_head_json":{"title":"Presentar una demanda por acoso sexual: c\u00f3mo saber si ha sido v\u00edctima","description":"Presentar una demanda por acoso sexual: c\u00f3mo saber si ha sido v\u00edctima: Premier Law Group le ayuda a obtener la compensaci\u00f3n total que merece. Sin cargo a menos que ganemos.","robots":{"index":"index","follow":"follow","max-snippet":"max-snippet:-1","max-image-preview":"max-image-preview:large","max-video-preview":"max-video-preview:-1"},"canonical":"https:\/\/plg-pllc.com\/es\/faqs\/how-do-i-know-if-im-a-sexual-harassment-victim\/","og_locale":"es_MX","og_type":"article","og_title":"Filing a Sexual Harassment Lawsuit: How to Know if You Have Been a Victim","og_description":"Filing a Sexual Harassment Lawsuit: How to Know if You Have Been a Victim: Premier Law Group helps you unlock the full compensation you deserve. No Fee Unless We Win.","og_url":"https:\/\/plg-pllc.com\/es\/faqs\/how-do-i-know-if-im-a-sexual-harassment-victim\/","og_site_name":"Premier Law Group","article_publisher":"https:\/\/www.facebook.com\/premierlawgroup","article_modified_time":"2024-11-07T12:12:17+00:00","twitter_card":"summary_large_image","twitter_site":"@premierlawgroup","twitter_misc":{"Tiempo de lectura":"4 minutos"},"schema":{"@context":"https:\/\/schema.org","@graph":[{"@type":"WebPage","@id":"https:\/\/plg-pllc.com\/faqs\/how-do-i-know-if-im-a-sexual-harassment-victim\/","url":"https:\/\/plg-pllc.com\/faqs\/how-do-i-know-if-im-a-sexual-harassment-victim\/","name":"Presentar una demanda por acoso sexual: c\u00f3mo saber si ha sido v\u00edctima","isPartOf":{"@id":"https:\/\/plg-pllc.com\/#website"},"datePublished":"2013-08-13T23:00:21+00:00","dateModified":"2024-11-07T12:12:17+00:00","description":"Presentar una demanda por acoso sexual: c\u00f3mo saber si ha sido v\u00edctima: Premier Law Group le ayuda a obtener la compensaci\u00f3n total que merece. Sin cargo a menos que ganemos.","breadcrumb":{"@id":"https:\/\/plg-pllc.com\/faqs\/how-do-i-know-if-im-a-sexual-harassment-victim\/#breadcrumb"},"inLanguage":"es","potentialAction":[{"@type":"ReadAction","target":["https:\/\/plg-pllc.com\/faqs\/how-do-i-know-if-im-a-sexual-harassment-victim\/"]}]},{"@type":"BreadcrumbList","@id":"https:\/\/plg-pllc.com\/faqs\/how-do-i-know-if-im-a-sexual-harassment-victim\/#breadcrumb","itemListElement":[{"@type":"ListItem","position":1,"name":"Home","item":"https:\/\/plg-pllc.com\/es\/"},{"@type":"ListItem","position":2,"name":"FAQs","item":"https:\/\/plg-pllc.com\/es\/faqs\/"},{"@type":"ListItem","position":3,"name":"Filing a Sexual Harassment Lawsuit: How to Know if You Have Been a Victim"}]},{"@type":"WebSite","@id":"https:\/\/plg-pllc.com\/#website","url":"https:\/\/plg-pllc.com\/","name":"Grupo de abogados Premier","description":"Abogado de muerte por negligencia y lesiones graves en Washington","publisher":{"@id":"https:\/\/plg-pllc.com\/#organization"},"inLanguage":"es"},{"@type":"Organization","@id":"https:\/\/plg-pllc.com\/#organization","name":"Grupo de abogados Premier","url":"https:\/\/plg-pllc.com\/","logo":{"@type":"ImageObject","inLanguage":"es","@id":"https:\/\/plg-pllc.com\/#\/schema\/logo\/image\/","url":"https:\/\/plg-pllc.com\/wp-content\/uploads\/2020\/10\/plg-logo-v2.gif","contentUrl":"https:\/\/plg-pllc.com\/wp-content\/uploads\/2020\/10\/plg-logo-v2.gif","width":592,"height":191,"caption":"Premier Law Group"},"image":{"@id":"https:\/\/plg-pllc.com\/#\/schema\/logo\/image\/"},"sameAs":["https:\/\/www.facebook.com\/premierlawgroup","https:\/\/x.com\/premierlawgroup"]}]}},"_links":{"self":[{"href":"https:\/\/plg-pllc.com\/es\/wp-json\/wp\/v2\/pages\/11338","targetHints":{"allow":["GET"]}}],"collection":[{"href":"https:\/\/plg-pllc.com\/es\/wp-json\/wp\/v2\/pages"}],"about":[{"href":"https:\/\/plg-pllc.com\/es\/wp-json\/wp\/v2\/types\/page"}],"author":[{"embeddable":true,"href":"https:\/\/plg-pllc.com\/es\/wp-json\/wp\/v2\/users\/8"}],"replies":[{"embeddable":true,"href":"https:\/\/plg-pllc.com\/es\/wp-json\/wp\/v2\/comments?post=11338"}],"version-history":[{"count":0,"href":"https:\/\/plg-pllc.com\/es\/wp-json\/wp\/v2\/pages\/11338\/revisions"}],"up":[{"embeddable":true,"href":"https:\/\/plg-pllc.com\/es\/wp-json\/wp\/v2\/pages\/20714"}],"wp:attachment":[{"href":"https:\/\/plg-pllc.com\/es\/wp-json\/wp\/v2\/media?parent=11338"}],"wp:term":[{"taxonomy":"hc_faqs","embeddable":true,"href":"https:\/\/plg-pllc.com\/es\/wp-json\/wp\/v2\/hc_faqs?post=11338"}],"curies":[{"name":"gracias","href":"https:\/\/api.w.org\/{rel}","templated":true}]}}