{"id":11340,"date":"2013-08-13T16:08:16","date_gmt":"2013-08-13T23:08:16","guid":{"rendered":"https:\/\/plg-pllc.com\/?p=11340"},"modified":"2024-10-18T09:08:31","modified_gmt":"2024-10-18T16:08:31","slug":"seven-steps-to-take-after-a-pedestrian-accident","status":"publish","type":"page","link":"https:\/\/plg-pllc.com\/es\/faqs\/seven-steps-to-take-after-a-pedestrian-accident\/","title":{"rendered":"Siete pasos a seguir despu\u00e9s de un accidente de peat\u00f3n"},"content":{"rendered":"<p>A pedestrian accident occurs every eight seconds. While motor vehicle drivers have a responsibility to obey traffic laws, which are put in place to keep people safe, these laws are sometimes disregarded. Many times, pedestrian accidents are the result of negligence. Pedestrians who are struck by vehicles often experience injuries, missed work, and interference in their day-today activities.<\/p>\n<p>In addition to experiencing physical pain as a result of an accident, the emotional pain may be even worse. The thoughts of not knowing what to do, to not knowing how to find a good lawyer, to the need to understand how the insurance process works can be daunting. To help you understand this process and get you back to health as soon as possible in the event of an accident, here are seven tips for dealing with a pedestrian accident.<\/p>\n<h2>The seven steps to take after a pedestrian accident<\/h2>\n<p>Here are some of the most important actions you can take after involvement in a pedestrian accident.<\/p>\n<p><strong>Document the accident.<\/strong> Recording critical information while it is still fresh in your mind can have a great contribution to the success of your case.<\/p>\n<p><strong>See a doctor.<\/strong> No matter how small you think your injury may be, see a doctor. This is important for your health as well as your claim. After you have visited your doctor, listen to their advice; many people make their injuries worse but not taking this advice.<\/p>\n<p><strong>Document your injuries<\/strong>. Both you and your doctor are responsible for documenting your injuries. This will make dealing with the insurance companies much easier down the road.<\/p>\n<p><strong>Report the accident to your insurance company.<\/strong> If you have an automobile insurance policy that covers you in the event of a pedestrian accident, report the accident immediately.<\/p>\n<p><strong>Find a lawyer.<\/strong> If you escaped the accident with only minor injuries, you should contact your lawyer even before your insurance company. Finding a qualified attorney with experience in cases like yours is key because you need someone who will advocate for you and protect your interests.<\/p>\n<p><strong>Educate yourself.<\/strong> You can empower yourself by learning the legal process. Rather than sitting back and being the victim, you can play an active role by asserting yourself.<\/p>\n<p><strong>Relax.<\/strong> While this is easier said than done, if you have hired a qualified attorney, you should be in good hands to lay back and get some rest.<\/p>\n<h2>How to find a good pedestrian accident lawyer<\/h2>\n<p>The number of confusing messages coming from different lawyers can be overwhelming. Lawyers are allowed to advertise themselves, which means that they can puff up their qualifications. Once you identify the legal problem that you face, you can then make an informed decision about which attorney is right for you. A helpful tool in pinpointing your legal issues is the Consumer Rights Alliance. [https:\/\/www.consumerrightsalliance.org] This site will also help you compile a list of attorneys to speak with.<\/p>\n<p>Ask your list of potential lawyers question regarding what kind of law they specialize in and what qualifications they have for your particular case. You can then make an informed decision. If an attorney declines to provide you with written information, you should remove them from your list.<\/p>\n<h2>How do I handle my insurance company?<\/h2>\n<p>Being the victim of a pedestrian accident can leave you feeling overly trustworthy of people who are not really on your side. Sadly, your insurance adjuster has the company\u2019s interests at heart, not yours. Their bottom line is to save their company money. The insurance company\u2019s ultimate goal is to settle your claim cheaply, which is the opposite of your ultimate goal: to get fair compensation for your injury or damages. Here are five tips to help protect you after the accident:<\/p>\n<p><strong>Don\u2019t fall for your insurance adjustor\u2019s \u201cnice guy\u201d act.<\/strong> Your adjustor\u2019s kind demeanor is part of the process of obtaining the information they need to settle your claim for the smallest possible amount.<\/p>\n<p><strong>Remember that your words can be used against you.<\/strong> Before you say anything to your insurance adjustor or sign any document, speak with your attorney. Anything you say can be used against you by the insurance company.<\/p>\n<p><strong> Be wary of making recorded statements.<\/strong> There is no law that requires recorded statements. Some insurance companies require you to make a recorded statement before they will settle your claim, but what you say on a recorded statement can still be used against you.<\/p>\n<p><strong> Do not grant access to past records.<\/strong> This might include medical, school or employment records, leaving your whole life open to scrutiny. Once the insurance adjuster has all the information they needs from you to finalize your claim, they no longer have to be friendly to you.<\/p>\n<p><strong> Be wary of delayed payments.<\/strong> There are two reasons for delaying your settlement. The first is because delayed payments make the company more money on interest. The second reason is to get you to become so frustrated or desperate for your compensation that you will accept less than you deserve.<\/p>\n<p>Regardless of how serious you injuries may be from a pedestrian accident, seeking help can make the process easier. If you need help, please <a href=\"https:\/\/plg-pllc.com\/contact-us\/\">contact us<\/a> immediately.<\/p>\n\n        <div class=\"rs-content-cta\">\n            <p>Call or text <a href=\"tel:+12062851743\">(206) 285-1743<\/a> or complete a Free  Case Evaluation form<\/p>\n            <a href=\"https:\/\/plg-pllc.com\/es\/contact-us\/\" title=\"GET A FREE  CASE EVALUATION\" class=\"btn-global\">GET A FREE  CASE EVALUATION<\/a>\n                    <picture>\n                            <source srcset=\"https:\/\/plg-pllc.com\/wp-content\/themes\/plg-pllc-redesign\/assets\/app\/img\/cta-thumb.webp\" type=\"image\/webp\"\/>\n                            <img src=\"https:\/\/plg-pllc.com\/wp-content\/themes\/plg-pllc-redesign\/assets\/app\/img\/cta-thumb.png\" alt=\"Premier Law Group\" title=\"Premier Law Group\" width=\"245\" height=\"220\" loading=\"auto\" fetchpriority=\"auto\" decoding=\"async\"\/>\n        <\/picture>\n        \n        <\/div>","protected":false},"excerpt":{"rendered":"<p>Cada ocho segundos se produce un accidente peatonal. Si bien los conductores de veh\u00edculos motorizados tienen la responsabilidad de obedecer las leyes de tr\u00e1nsito, que se establecen para mantener la seguridad de las personas, a veces se ignoran estas leyes. Muchas veces, los accidentes peatonales son el resultado de la negligencia. Los peatones que son atropellados por veh\u00edculos a menudo sufren lesiones, faltan al trabajo e interfieren en el funcionamiento de las carreteras.<\/p>","protected":false},"author":2,"featured_media":0,"parent":20714,"menu_order":0,"comment_status":"closed","ping_status":"closed","template":"","meta":{"_acf_changed":false,"_genesis_hide_title":false,"_genesis_hide_breadcrumbs":false,"_genesis_hide_singular_image":false,"_genesis_hide_footer_widgets":false,"_genesis_custom_body_class":"","_genesis_custom_post_class":"","_genesis_layout":"","footnotes":""},"hc_faqs":[10345],"class_list":{"0":"post-11340","1":"page","2":"type-page","3":"status-publish","5":"hc_faqs-pedestrian-accident","6":"entry"},"acf":[],"yoast_head":"<!-- This site is optimized with the Yoast SEO plugin v27.4 - https:\/\/yoast.com\/product\/yoast-seo-wordpress\/ -->\n<title>Seven Steps to Take After a Pedestrian Accident<\/title>\n<meta name=\"description\" content=\"Seven Steps to Take After a Pedestrian Accident: Premier Law Group helps you unlock the full compensation you deserve. No Fee Unless We Win.\" \/>\n<meta name=\"robots\" content=\"index, follow, max-snippet:-1, max-image-preview:large, max-video-preview:-1\" \/>\n<link rel=\"canonical\" href=\"https:\/\/plg-pllc.com\/es\/faqs\/seven-steps-to-take-after-a-pedestrian-accident\/\" \/>\n<meta property=\"og:locale\" content=\"es_MX\" \/>\n<meta property=\"og:type\" content=\"article\" \/>\n<meta property=\"og:title\" content=\"Seven Steps to Take After a Pedestrian Accident\" \/>\n<meta property=\"og:description\" content=\"Seven Steps to Take After a Pedestrian Accident: Premier Law Group helps you unlock the full compensation you deserve. No Fee Unless We Win.\" \/>\n<meta property=\"og:url\" content=\"https:\/\/plg-pllc.com\/es\/faqs\/seven-steps-to-take-after-a-pedestrian-accident\/\" \/>\n<meta property=\"og:site_name\" content=\"Premier Law Group\" \/>\n<meta property=\"article:publisher\" content=\"https:\/\/www.facebook.com\/premierlawgroup\" \/>\n<meta property=\"article:modified_time\" content=\"2024-10-18T16:08:31+00:00\" \/>\n<meta name=\"twitter:card\" content=\"summary_large_image\" \/>\n<meta name=\"twitter:site\" content=\"@premierlawgroup\" \/>\n<meta name=\"twitter:label1\" content=\"Tiempo de lectura\" \/>\n\t<meta name=\"twitter:data1\" content=\"4 minutos\" \/>\n<script type=\"application\/ld+json\" class=\"yoast-schema-graph\">{\"@context\":\"https:\\\/\\\/schema.org\",\"@graph\":[{\"@type\":\"WebPage\",\"@id\":\"https:\\\/\\\/plg-pllc.com\\\/faqs\\\/seven-steps-to-take-after-a-pedestrian-accident\\\/\",\"url\":\"https:\\\/\\\/plg-pllc.com\\\/faqs\\\/seven-steps-to-take-after-a-pedestrian-accident\\\/\",\"name\":\"Seven Steps to Take After a Pedestrian Accident\",\"isPartOf\":{\"@id\":\"https:\\\/\\\/plg-pllc.com\\\/#website\"},\"datePublished\":\"2013-08-13T23:08:16+00:00\",\"dateModified\":\"2024-10-18T16:08:31+00:00\",\"description\":\"Seven Steps to Take After a Pedestrian Accident: Premier Law Group helps you unlock the full compensation you deserve. No Fee Unless We Win.\",\"breadcrumb\":{\"@id\":\"https:\\\/\\\/plg-pllc.com\\\/faqs\\\/seven-steps-to-take-after-a-pedestrian-accident\\\/#breadcrumb\"},\"inLanguage\":\"es\",\"potentialAction\":[{\"@type\":\"ReadAction\",\"target\":[\"https:\\\/\\\/plg-pllc.com\\\/faqs\\\/seven-steps-to-take-after-a-pedestrian-accident\\\/\"]}]},{\"@type\":\"BreadcrumbList\",\"@id\":\"https:\\\/\\\/plg-pllc.com\\\/faqs\\\/seven-steps-to-take-after-a-pedestrian-accident\\\/#breadcrumb\",\"itemListElement\":[{\"@type\":\"ListItem\",\"position\":1,\"name\":\"Home\",\"item\":\"https:\\\/\\\/plg-pllc.com\\\/es\\\/\"},{\"@type\":\"ListItem\",\"position\":2,\"name\":\"FAQs\",\"item\":\"https:\\\/\\\/plg-pllc.com\\\/es\\\/faqs\\\/\"},{\"@type\":\"ListItem\",\"position\":3,\"name\":\"Seven Steps to Take After a Pedestrian Accident\"}]},{\"@type\":\"WebSite\",\"@id\":\"https:\\\/\\\/plg-pllc.com\\\/#website\",\"url\":\"https:\\\/\\\/plg-pllc.com\\\/\",\"name\":\"Premier Law Group\",\"description\":\"Washington Wrongful Death and Serious Injury Lawyer\",\"publisher\":{\"@id\":\"https:\\\/\\\/plg-pllc.com\\\/#organization\"},\"inLanguage\":\"es\"},{\"@type\":\"Organization\",\"@id\":\"https:\\\/\\\/plg-pllc.com\\\/#organization\",\"name\":\"Premier Law Group\",\"url\":\"https:\\\/\\\/plg-pllc.com\\\/\",\"logo\":{\"@type\":\"ImageObject\",\"inLanguage\":\"es\",\"@id\":\"https:\\\/\\\/plg-pllc.com\\\/#\\\/schema\\\/logo\\\/image\\\/\",\"url\":\"https:\\\/\\\/plg-pllc.com\\\/wp-content\\\/uploads\\\/2020\\\/10\\\/plg-logo-v2.gif\",\"contentUrl\":\"https:\\\/\\\/plg-pllc.com\\\/wp-content\\\/uploads\\\/2020\\\/10\\\/plg-logo-v2.gif\",\"width\":592,\"height\":191,\"caption\":\"Premier Law Group\"},\"image\":{\"@id\":\"https:\\\/\\\/plg-pllc.com\\\/#\\\/schema\\\/logo\\\/image\\\/\"},\"sameAs\":[\"https:\\\/\\\/www.facebook.com\\\/premierlawgroup\",\"https:\\\/\\\/x.com\\\/premierlawgroup\"]}]}<\/script>\n<!-- \/ Yoast SEO plugin. -->","yoast_head_json":{"title":"Siete pasos a seguir despu\u00e9s de un accidente de peat\u00f3n","description":"Siete pasos a seguir despu\u00e9s de un accidente de peat\u00f3n: Premier Law Group le ayuda a obtener la compensaci\u00f3n total que merece. Sin honorarios a menos que ganemos.","robots":{"index":"index","follow":"follow","max-snippet":"max-snippet:-1","max-image-preview":"max-image-preview:large","max-video-preview":"max-video-preview:-1"},"canonical":"https:\/\/plg-pllc.com\/es\/faqs\/seven-steps-to-take-after-a-pedestrian-accident\/","og_locale":"es_MX","og_type":"article","og_title":"Seven Steps to Take After a Pedestrian Accident","og_description":"Seven Steps to Take After a Pedestrian Accident: Premier Law Group helps you unlock the full compensation you deserve. No Fee Unless We Win.","og_url":"https:\/\/plg-pllc.com\/es\/faqs\/seven-steps-to-take-after-a-pedestrian-accident\/","og_site_name":"Premier Law Group","article_publisher":"https:\/\/www.facebook.com\/premierlawgroup","article_modified_time":"2024-10-18T16:08:31+00:00","twitter_card":"summary_large_image","twitter_site":"@premierlawgroup","twitter_misc":{"Tiempo de lectura":"4 minutos"},"schema":{"@context":"https:\/\/schema.org","@graph":[{"@type":"WebPage","@id":"https:\/\/plg-pllc.com\/faqs\/seven-steps-to-take-after-a-pedestrian-accident\/","url":"https:\/\/plg-pllc.com\/faqs\/seven-steps-to-take-after-a-pedestrian-accident\/","name":"Siete pasos a seguir despu\u00e9s de un accidente de peat\u00f3n","isPartOf":{"@id":"https:\/\/plg-pllc.com\/#website"},"datePublished":"2013-08-13T23:08:16+00:00","dateModified":"2024-10-18T16:08:31+00:00","description":"Siete pasos a seguir despu\u00e9s de un accidente de peat\u00f3n: Premier Law Group le ayuda a obtener la compensaci\u00f3n total que merece. Sin honorarios a menos que ganemos.","breadcrumb":{"@id":"https:\/\/plg-pllc.com\/faqs\/seven-steps-to-take-after-a-pedestrian-accident\/#breadcrumb"},"inLanguage":"es","potentialAction":[{"@type":"ReadAction","target":["https:\/\/plg-pllc.com\/faqs\/seven-steps-to-take-after-a-pedestrian-accident\/"]}]},{"@type":"BreadcrumbList","@id":"https:\/\/plg-pllc.com\/faqs\/seven-steps-to-take-after-a-pedestrian-accident\/#breadcrumb","itemListElement":[{"@type":"ListItem","position":1,"name":"Home","item":"https:\/\/plg-pllc.com\/es\/"},{"@type":"ListItem","position":2,"name":"FAQs","item":"https:\/\/plg-pllc.com\/es\/faqs\/"},{"@type":"ListItem","position":3,"name":"Seven Steps to Take After a Pedestrian Accident"}]},{"@type":"WebSite","@id":"https:\/\/plg-pllc.com\/#website","url":"https:\/\/plg-pllc.com\/","name":"Grupo de abogados Premier","description":"Abogado de muerte por negligencia y lesiones graves en Washington","publisher":{"@id":"https:\/\/plg-pllc.com\/#organization"},"inLanguage":"es"},{"@type":"Organization","@id":"https:\/\/plg-pllc.com\/#organization","name":"Grupo de abogados Premier","url":"https:\/\/plg-pllc.com\/","logo":{"@type":"ImageObject","inLanguage":"es","@id":"https:\/\/plg-pllc.com\/#\/schema\/logo\/image\/","url":"https:\/\/plg-pllc.com\/wp-content\/uploads\/2020\/10\/plg-logo-v2.gif","contentUrl":"https:\/\/plg-pllc.com\/wp-content\/uploads\/2020\/10\/plg-logo-v2.gif","width":592,"height":191,"caption":"Premier Law Group"},"image":{"@id":"https:\/\/plg-pllc.com\/#\/schema\/logo\/image\/"},"sameAs":["https:\/\/www.facebook.com\/premierlawgroup","https:\/\/x.com\/premierlawgroup"]}]}},"_links":{"self":[{"href":"https:\/\/plg-pllc.com\/es\/wp-json\/wp\/v2\/pages\/11340","targetHints":{"allow":["GET"]}}],"collection":[{"href":"https:\/\/plg-pllc.com\/es\/wp-json\/wp\/v2\/pages"}],"about":[{"href":"https:\/\/plg-pllc.com\/es\/wp-json\/wp\/v2\/types\/page"}],"author":[{"embeddable":true,"href":"https:\/\/plg-pllc.com\/es\/wp-json\/wp\/v2\/users\/2"}],"replies":[{"embeddable":true,"href":"https:\/\/plg-pllc.com\/es\/wp-json\/wp\/v2\/comments?post=11340"}],"version-history":[{"count":0,"href":"https:\/\/plg-pllc.com\/es\/wp-json\/wp\/v2\/pages\/11340\/revisions"}],"up":[{"embeddable":true,"href":"https:\/\/plg-pllc.com\/es\/wp-json\/wp\/v2\/pages\/20714"}],"wp:attachment":[{"href":"https:\/\/plg-pllc.com\/es\/wp-json\/wp\/v2\/media?parent=11340"}],"wp:term":[{"taxonomy":"hc_faqs","embeddable":true,"href":"https:\/\/plg-pllc.com\/es\/wp-json\/wp\/v2\/hc_faqs?post=11340"}],"curies":[{"name":"gracias","href":"https:\/\/api.w.org\/{rel}","templated":true}]}}