{"id":11427,"date":"2013-09-05T15:16:41","date_gmt":"2013-09-05T22:16:41","guid":{"rendered":"https:\/\/plg-pllc.com\/?page_id=11427"},"modified":"2024-09-27T04:36:26","modified_gmt":"2024-09-27T11:36:26","slug":"privacy-policy","status":"publish","type":"page","link":"https:\/\/plg-pllc.com\/es\/privacy-policy\/","title":{"rendered":"pol\u00edtica de privacidad"},"content":{"rendered":"<p>Mantener la privacidad de la informaci\u00f3n de nuestros clientes es una prioridad para nuestra empresa. Para poder brindarle servicios superiores, necesitamos recopilar cierta informaci\u00f3n suya. Sin embargo, queremos enfatizar que estamos comprometidos a mantener la privacidad de esta informaci\u00f3n de acuerdo con la ley. Todas las personas con acceso a informaci\u00f3n personal sobre nuestros clientes deben cumplir con esta pol\u00edtica.<\/p>\n<p>Le proporcionamos este aviso de privacidad para informarle qu\u00e9 informaci\u00f3n personal recopilamos sobre usted y c\u00f3mo tratamos dicha informaci\u00f3n. Esperamos que este aviso de privacidad responda a cualquier pregunta que pueda tener sobre el tratamiento que hacemos de su informaci\u00f3n personal y le asegure nuestra dedicaci\u00f3n a mantener segura su informaci\u00f3n personal.<\/p>\n<p><strong>Informaci\u00f3n que recopilamos<\/strong><\/p>\n<p>Recopilamos informaci\u00f3n personal no p\u00fablica sobre usted de las siguientes fuentes:<\/p>\n<ul>\n<li>Informaci\u00f3n que recibimos de usted en solicitudes u otros formularios (como su nombre, direcci\u00f3n, n\u00famero de seguro social e instrucciones de pago;<\/li>\n<li>Informaci\u00f3n que usted pueda proporcionar durante sus visitas a nuestro sitio web; y<\/li>\n<li>Informaci\u00f3n sobre sus transacciones con nosotros.<\/li>\n<\/ul>\n<p><strong>Informaci\u00f3n que compartimos<\/strong><\/p>\n<p>No revelamos ninguna informaci\u00f3n personal no p\u00fablica sobre nuestros clientes o antiguos clientes a terceros a menos que se solicite o autorice previamente.<\/p>\n<p>Cuando se comparte informaci\u00f3n con empresas que realizan servicios en nuestro nombre, la protegemos contra la divulgaci\u00f3n posterior de dicha informaci\u00f3n con un acuerdo de confidencialidad.<\/p>\n<p>En ning\u00fan caso revelamos su informaci\u00f3n personal a empresas que utilizar\u00e1n dicha informaci\u00f3n para contactarlo acerca de sus propios productos o servicios.<\/p>\n<p><strong>Exclusi\u00f3n voluntaria<\/strong><\/p>\n<p>Si se suscribe a nuestra lista de correo electr\u00f3nico recurrente para recibir nuestros libros y literatura gratuitos, todos los correos electr\u00f3nicos que reciba a trav\u00e9s de ese servicio contendr\u00e1n un enlace de cancelaci\u00f3n de suscripci\u00f3n en la parte inferior. Puede hacer clic en ese enlace para cancelar la suscripci\u00f3n al instante. Si se comunica con nosotros directamente y desea dejar de recibir correos electr\u00f3nicos, puede enviarnos un correo electr\u00f3nico directamente y solicitar que se elimine su informaci\u00f3n.<\/p>\n<p><strong>Nuestros procedimientos de seguridad<\/strong><\/p>\n<p>Restringimos el acceso a su informaci\u00f3n personal no p\u00fablica a aquellas personas que necesitan dicha informaci\u00f3n para proporcionarle productos o servicios. Mantenemos medidas de seguridad f\u00edsicas, electr\u00f3nicas y de procedimiento que cumplen con la normativa federal para proteger su informaci\u00f3n personal no p\u00fablica.<\/p>\n<p><strong>Preguntas<\/strong><\/p>\n<p>Si tiene preguntas sobre este Aviso, por favor&nbsp;<a href=\"https:\/\/plg-pllc.com\/contact-us\/\">Cont\u00e1ctenos<\/a>.<\/p>","protected":false},"excerpt":{"rendered":"<p>Mantener la privacidad de la informaci\u00f3n de nuestros clientes es una prioridad para nuestra empresa. Para poder brindarle servicios superiores, necesitamos recopilar cierta informaci\u00f3n suya. Sin embargo, queremos enfatizar que estamos comprometidos a mantener la privacidad de esta informaci\u00f3n de acuerdo con la ley. Todas las personas con acceso a informaci\u00f3n personal sobre usted\u2026<\/p>","protected":false},"author":2,"featured_media":0,"parent":0,"menu_order":0,"comment_status":"open","ping_status":"open","template":"","meta":{"_acf_changed":false,"_genesis_hide_title":false,"_genesis_hide_breadcrumbs":false,"_genesis_hide_singular_image":false,"_genesis_hide_footer_widgets":false,"_genesis_custom_body_class":"","_genesis_custom_post_class":"","_genesis_layout":"","footnotes":""},"hc_faqs":[],"class_list":{"0":"post-11427","1":"page","2":"type-page","3":"status-publish","5":"entry"},"acf":[],"yoast_head":"<!-- This site is optimized with the Yoast SEO plugin v27.4 - https:\/\/yoast.com\/product\/yoast-seo-wordpress\/ -->\n<title>Privacy Policy | Premier Law Group<\/title>\n<meta name=\"description\" content=\"Learn more about Premier Law Group&#039;s privacy policy and how our website handles user data, tracking, and protects your pivacy.\" \/>\n<meta name=\"robots\" content=\"index, follow, max-snippet:-1, max-image-preview:large, max-video-preview:-1\" \/>\n<link rel=\"canonical\" href=\"https:\/\/plg-pllc.com\/es\/privacy-policy\/\" \/>\n<meta property=\"og:locale\" content=\"es_MX\" \/>\n<meta property=\"og:type\" content=\"article\" \/>\n<meta property=\"og:title\" content=\"Privacy Policy | Premier Law Group\" \/>\n<meta property=\"og:description\" content=\"Learn more about Premier Law Group&#039;s privacy policy and how our website handles user data, tracking, and protects your pivacy.\" \/>\n<meta property=\"og:url\" content=\"https:\/\/plg-pllc.com\/es\/privacy-policy\/\" \/>\n<meta property=\"og:site_name\" content=\"Premier Law Group\" \/>\n<meta property=\"article:publisher\" content=\"https:\/\/www.facebook.com\/premierlawgroup\" \/>\n<meta property=\"article:modified_time\" content=\"2024-09-27T11:36:26+00:00\" \/>\n<meta name=\"twitter:card\" content=\"summary_large_image\" \/>\n<meta name=\"twitter:site\" content=\"@premierlawgroup\" \/>\n<meta name=\"twitter:label1\" content=\"Tiempo de lectura\" \/>\n\t<meta name=\"twitter:data1\" content=\"2 minutos\" \/>\n<script type=\"application\/ld+json\" class=\"yoast-schema-graph\">{\"@context\":\"https:\\\/\\\/schema.org\",\"@graph\":[{\"@type\":\"WebPage\",\"@id\":\"https:\\\/\\\/plg-pllc.com\\\/privacy-policy\\\/\",\"url\":\"https:\\\/\\\/plg-pllc.com\\\/privacy-policy\\\/\",\"name\":\"Privacy Policy | Premier Law Group\",\"isPartOf\":{\"@id\":\"https:\\\/\\\/plg-pllc.com\\\/#website\"},\"datePublished\":\"2013-09-05T22:16:41+00:00\",\"dateModified\":\"2024-09-27T11:36:26+00:00\",\"description\":\"Learn more about Premier Law Group's privacy policy and how our website handles user data, tracking, and protects your pivacy.\",\"breadcrumb\":{\"@id\":\"https:\\\/\\\/plg-pllc.com\\\/privacy-policy\\\/#breadcrumb\"},\"inLanguage\":\"es\",\"potentialAction\":[{\"@type\":\"ReadAction\",\"target\":[\"https:\\\/\\\/plg-pllc.com\\\/privacy-policy\\\/\"]}]},{\"@type\":\"BreadcrumbList\",\"@id\":\"https:\\\/\\\/plg-pllc.com\\\/privacy-policy\\\/#breadcrumb\",\"itemListElement\":[{\"@type\":\"ListItem\",\"position\":1,\"name\":\"Home\",\"item\":\"https:\\\/\\\/plg-pllc.com\\\/es\\\/\"},{\"@type\":\"ListItem\",\"position\":2,\"name\":\"Privacy Policy\"}]},{\"@type\":\"WebSite\",\"@id\":\"https:\\\/\\\/plg-pllc.com\\\/#website\",\"url\":\"https:\\\/\\\/plg-pllc.com\\\/\",\"name\":\"Premier Law Group\",\"description\":\"Washington Wrongful Death and Serious Injury Lawyer\",\"publisher\":{\"@id\":\"https:\\\/\\\/plg-pllc.com\\\/#organization\"},\"inLanguage\":\"es\"},{\"@type\":\"Organization\",\"@id\":\"https:\\\/\\\/plg-pllc.com\\\/#organization\",\"name\":\"Premier Law Group\",\"url\":\"https:\\\/\\\/plg-pllc.com\\\/\",\"logo\":{\"@type\":\"ImageObject\",\"inLanguage\":\"es\",\"@id\":\"https:\\\/\\\/plg-pllc.com\\\/#\\\/schema\\\/logo\\\/image\\\/\",\"url\":\"https:\\\/\\\/plg-pllc.com\\\/wp-content\\\/uploads\\\/2020\\\/10\\\/plg-logo-v2.gif\",\"contentUrl\":\"https:\\\/\\\/plg-pllc.com\\\/wp-content\\\/uploads\\\/2020\\\/10\\\/plg-logo-v2.gif\",\"width\":592,\"height\":191,\"caption\":\"Premier Law Group\"},\"image\":{\"@id\":\"https:\\\/\\\/plg-pllc.com\\\/#\\\/schema\\\/logo\\\/image\\\/\"},\"sameAs\":[\"https:\\\/\\\/www.facebook.com\\\/premierlawgroup\",\"https:\\\/\\\/x.com\\\/premierlawgroup\"]}]}<\/script>\n<!-- \/ Yoast SEO plugin. -->","yoast_head_json":{"title":"Pol\u00edtica de privacidad | Premier Law Group","description":"Obtenga m\u00e1s informaci\u00f3n sobre la pol\u00edtica de privacidad de Premier Law Group y c\u00f3mo nuestro sitio web maneja los datos del usuario, el seguimiento y protege su privacidad.","robots":{"index":"index","follow":"follow","max-snippet":"max-snippet:-1","max-image-preview":"max-image-preview:large","max-video-preview":"max-video-preview:-1"},"canonical":"https:\/\/plg-pllc.com\/es\/privacy-policy\/","og_locale":"es_MX","og_type":"article","og_title":"Privacy Policy | Premier Law Group","og_description":"Learn more about Premier Law Group's privacy policy and how our website handles user data, tracking, and protects your pivacy.","og_url":"https:\/\/plg-pllc.com\/es\/privacy-policy\/","og_site_name":"Premier Law Group","article_publisher":"https:\/\/www.facebook.com\/premierlawgroup","article_modified_time":"2024-09-27T11:36:26+00:00","twitter_card":"summary_large_image","twitter_site":"@premierlawgroup","twitter_misc":{"Tiempo de lectura":"2 minutos"},"schema":{"@context":"https:\/\/schema.org","@graph":[{"@type":"WebPage","@id":"https:\/\/plg-pllc.com\/privacy-policy\/","url":"https:\/\/plg-pllc.com\/privacy-policy\/","name":"Pol\u00edtica de privacidad | Premier Law Group","isPartOf":{"@id":"https:\/\/plg-pllc.com\/#website"},"datePublished":"2013-09-05T22:16:41+00:00","dateModified":"2024-09-27T11:36:26+00:00","description":"Obtenga m\u00e1s informaci\u00f3n sobre la pol\u00edtica de privacidad de Premier Law Group y c\u00f3mo nuestro sitio web maneja los datos del usuario, el seguimiento y protege su privacidad.","breadcrumb":{"@id":"https:\/\/plg-pllc.com\/privacy-policy\/#breadcrumb"},"inLanguage":"es","potentialAction":[{"@type":"ReadAction","target":["https:\/\/plg-pllc.com\/privacy-policy\/"]}]},{"@type":"BreadcrumbList","@id":"https:\/\/plg-pllc.com\/privacy-policy\/#breadcrumb","itemListElement":[{"@type":"ListItem","position":1,"name":"Home","item":"https:\/\/plg-pllc.com\/es\/"},{"@type":"ListItem","position":2,"name":"Privacy Policy"}]},{"@type":"WebSite","@id":"https:\/\/plg-pllc.com\/#website","url":"https:\/\/plg-pllc.com\/","name":"Grupo de abogados Premier","description":"Abogado de muerte por negligencia y lesiones graves en Washington","publisher":{"@id":"https:\/\/plg-pllc.com\/#organization"},"inLanguage":"es"},{"@type":"Organization","@id":"https:\/\/plg-pllc.com\/#organization","name":"Grupo de abogados Premier","url":"https:\/\/plg-pllc.com\/","logo":{"@type":"ImageObject","inLanguage":"es","@id":"https:\/\/plg-pllc.com\/#\/schema\/logo\/image\/","url":"https:\/\/plg-pllc.com\/wp-content\/uploads\/2020\/10\/plg-logo-v2.gif","contentUrl":"https:\/\/plg-pllc.com\/wp-content\/uploads\/2020\/10\/plg-logo-v2.gif","width":592,"height":191,"caption":"Premier Law Group"},"image":{"@id":"https:\/\/plg-pllc.com\/#\/schema\/logo\/image\/"},"sameAs":["https:\/\/www.facebook.com\/premierlawgroup","https:\/\/x.com\/premierlawgroup"]}]}},"_links":{"self":[{"href":"https:\/\/plg-pllc.com\/es\/wp-json\/wp\/v2\/pages\/11427","targetHints":{"allow":["GET"]}}],"collection":[{"href":"https:\/\/plg-pllc.com\/es\/wp-json\/wp\/v2\/pages"}],"about":[{"href":"https:\/\/plg-pllc.com\/es\/wp-json\/wp\/v2\/types\/page"}],"author":[{"embeddable":true,"href":"https:\/\/plg-pllc.com\/es\/wp-json\/wp\/v2\/users\/2"}],"replies":[{"embeddable":true,"href":"https:\/\/plg-pllc.com\/es\/wp-json\/wp\/v2\/comments?post=11427"}],"version-history":[{"count":0,"href":"https:\/\/plg-pllc.com\/es\/wp-json\/wp\/v2\/pages\/11427\/revisions"}],"wp:attachment":[{"href":"https:\/\/plg-pllc.com\/es\/wp-json\/wp\/v2\/media?parent=11427"}],"wp:term":[{"taxonomy":"hc_faqs","embeddable":true,"href":"https:\/\/plg-pllc.com\/es\/wp-json\/wp\/v2\/hc_faqs?post=11427"}],"curies":[{"name":"gracias","href":"https:\/\/api.w.org\/{rel}","templated":true}]}}