{"id":11428,"date":"2013-09-05T15:24:47","date_gmt":"2013-09-05T22:24:47","guid":{"rendered":"https:\/\/plg-pllc.com\/?page_id=11428"},"modified":"2024-10-15T00:44:25","modified_gmt":"2024-10-15T07:44:25","slug":"premier-law-group-terms-of-service-agreement","status":"publish","type":"page","link":"https:\/\/plg-pllc.com\/es\/premier-law-group-terms-of-service-agreement\/","title":{"rendered":"Condiciones de servicio de Premier Law Group (\u201cAcuerdo\u201d)"},"content":{"rendered":"<p><em>Este Acuerdo fue modificado por \u00faltima vez el 26 de agosto de 2013.<br \/>\n<\/em><br \/>\nLea atentamente estos T\u00e9rminos de servicio (\u201cAcuerdo\u201d, \u201cT\u00e9rminos de servicio\u201d) antes de utilizar https:\/\/plg-pllc.com (\u201cel Sitio\u201d) operado por Premier Law Group, PLLC (\u201cnosotros\u201d, \u201cnos\u201d o \u201cnuestro\u201d). Este Acuerdo establece los t\u00e9rminos y condiciones legalmente vinculantes para su uso del Sitio en https:\/\/plg-pllc.com.<\/p>\n<p>Al acceder o utilizar el Sitio de cualquier manera, lo que incluye, entre otras cosas, visitar o navegar por el Sitio o contribuir con contenido u otros materiales al Sitio, usted acepta estar sujeto a estos T\u00e9rminos de servicio. Los t\u00e9rminos en may\u00fascula se definen en este Acuerdo.<\/p>\n<p><strong>Propiedad intelectual<\/strong><br \/>\nEl Sitio y su contenido, caracter\u00edsticas y funcionalidades originales son propiedad de Premier Law Group, PLLC y est\u00e1n protegidos por leyes internacionales de derechos de autor, marcas registradas, patentes, secretos comerciales y otras leyes de propiedad intelectual o derechos de propiedad.<\/p>\n<p><strong>Terminaci\u00f3n<\/strong><br \/>\nPodemos cancelar su acceso al Sitio, sin causa ni aviso, lo que puede resultar en la p\u00e9rdida y destrucci\u00f3n de toda la informaci\u00f3n asociada con usted. Todas las disposiciones de este Acuerdo que por su naturaleza deban sobrevivir a la rescisi\u00f3n sobrevivir\u00e1n a la rescisi\u00f3n, incluidas, entre otras, las disposiciones de propiedad, las exenciones de garant\u00eda, la indemnizaci\u00f3n y las limitaciones de responsabilidad.<\/p>\n<p><strong>Enlaces a otros sitios<\/strong><br \/>\nNuestro Sitio puede contener enlaces a sitios de terceros que no son propiedad ni est\u00e1n controlados por Premier Law Group, PLLC.<\/p>\n<p>Premier Law Group, PLLC no tiene control ni asume ninguna responsabilidad por el contenido, las pol\u00edticas de privacidad o las pr\u00e1cticas de sitios o servicios de terceros. Le recomendamos encarecidamente que lea los t\u00e9rminos y condiciones y la pol\u00edtica de privacidad de cualquier sitio de terceros que visite.<\/p>\n<p><strong>Ley aplicable<\/strong><br \/>\nEste Acuerdo (y cualquier otra regla, pol\u00edtica o directriz incorporada por referencia) se regir\u00e1 e interpretar\u00e1 de conformidad con las leyes de Washington, Estados Unidos, sin dar efecto a ning\u00fan principio de conflicto de leyes.<\/p>\n<p><strong>Cambios a este acuerdo<\/strong><br \/>\nNos reservamos el derecho, a nuestra exclusiva discreci\u00f3n, de modificar o reemplazar estos T\u00e9rminos de Servicio mediante la publicaci\u00f3n de los t\u00e9rminos actualizados en el Sitio. Su uso continuo del Sitio despu\u00e9s de dichos cambios constituye su aceptaci\u00f3n de los nuevos T\u00e9rminos de Servicio.<\/p>\n<p>Revise este Acuerdo peri\u00f3dicamente para conocer los cambios. Si no est\u00e1 de acuerdo con alguna de las disposiciones de este Acuerdo o con cualquier cambio que se realice en \u00e9l, no utilice, acceda ni contin\u00fae accediendo al Sitio o deje de utilizarlo inmediatamente.<\/p>\n<p><strong>Cont\u00e1ctenos<\/strong><br \/>\nSi tiene alguna pregunta sobre este Acuerdo, por favor <a href=\"https:\/\/plg-pllc.com\/contact-us\/\">Cont\u00e1ctenos<\/a>.<\/p>","protected":false},"excerpt":{"rendered":"<p>Este Acuerdo se modific\u00f3 por \u00faltima vez el 26 de agosto de 2013. Lea atentamente estos T\u00e9rminos de servicio (\u201cAcuerdo\u201d, \u201cT\u00e9rminos de servicio\u201d) antes de utilizar https:\/\/plg-pllc.com (\u201cel Sitio\u201d) operado por Premier Law Group, PLLC (\u201cnosotros\u201d, \u201cnos\u201d o \u201cnuestro\u201d). Este Acuerdo establece los t\u00e9rminos y condiciones legalmente vinculantes para su uso del Sitio en https:\/\/plg-pllc.com. Al acceder \u2026<\/p>","protected":false},"author":2,"featured_media":0,"parent":0,"menu_order":0,"comment_status":"closed","ping_status":"closed","template":"","meta":{"_acf_changed":false,"_genesis_hide_title":false,"_genesis_hide_breadcrumbs":false,"_genesis_hide_singular_image":false,"_genesis_hide_footer_widgets":false,"_genesis_custom_body_class":"","_genesis_custom_post_class":"","_genesis_layout":"","footnotes":""},"hc_faqs":[],"class_list":{"0":"post-11428","1":"page","2":"type-page","3":"status-publish","5":"entry"},"acf":[],"yoast_head":"<!-- This site is optimized with the Yoast SEO plugin v27.4 - https:\/\/yoast.com\/product\/yoast-seo-wordpress\/ -->\n<title>Premier Law Group Terms of Service (\u201cAgreement\u201d)<\/title>\n<meta name=\"description\" content=\"Premier Law Group Terms of Service (\u201cAgreement\u201d): Premier Law Group helps you unlock the full compensation you deserve. No Fee Unless We Win.\" \/>\n<meta name=\"robots\" content=\"index, follow, max-snippet:-1, max-image-preview:large, max-video-preview:-1\" \/>\n<link rel=\"canonical\" href=\"https:\/\/plg-pllc.com\/es\/premier-law-group-terms-of-service-agreement\/\" \/>\n<meta property=\"og:locale\" content=\"es_MX\" \/>\n<meta property=\"og:type\" content=\"article\" \/>\n<meta property=\"og:title\" content=\"Premier Law Group Terms of Service (\u201cAgreement\u201d)\" \/>\n<meta property=\"og:description\" content=\"Premier Law Group Terms of Service (\u201cAgreement\u201d): Premier Law Group helps you unlock the full compensation you deserve. No Fee Unless We Win.\" \/>\n<meta property=\"og:url\" content=\"https:\/\/plg-pllc.com\/es\/premier-law-group-terms-of-service-agreement\/\" \/>\n<meta property=\"og:site_name\" content=\"Premier Law Group\" \/>\n<meta property=\"article:publisher\" content=\"https:\/\/www.facebook.com\/premierlawgroup\" \/>\n<meta property=\"article:modified_time\" content=\"2024-10-15T07:44:25+00:00\" \/>\n<meta name=\"twitter:card\" content=\"summary_large_image\" \/>\n<meta name=\"twitter:site\" content=\"@premierlawgroup\" \/>\n<meta name=\"twitter:label1\" content=\"Tiempo de lectura\" \/>\n\t<meta name=\"twitter:data1\" content=\"2 minutos\" \/>\n<script type=\"application\/ld+json\" class=\"yoast-schema-graph\">{\"@context\":\"https:\\\/\\\/schema.org\",\"@graph\":[{\"@type\":\"WebPage\",\"@id\":\"https:\\\/\\\/plg-pllc.com\\\/premier-law-group-terms-of-service-agreement\\\/\",\"url\":\"https:\\\/\\\/plg-pllc.com\\\/premier-law-group-terms-of-service-agreement\\\/\",\"name\":\"Premier Law Group Terms of Service (\u201cAgreement\u201d)\",\"isPartOf\":{\"@id\":\"https:\\\/\\\/plg-pllc.com\\\/#website\"},\"datePublished\":\"2013-09-05T22:24:47+00:00\",\"dateModified\":\"2024-10-15T07:44:25+00:00\",\"description\":\"Premier Law Group Terms of Service (\u201cAgreement\u201d): Premier Law Group helps you unlock the full compensation you deserve. No Fee Unless We Win.\",\"breadcrumb\":{\"@id\":\"https:\\\/\\\/plg-pllc.com\\\/premier-law-group-terms-of-service-agreement\\\/#breadcrumb\"},\"inLanguage\":\"es\",\"potentialAction\":[{\"@type\":\"ReadAction\",\"target\":[\"https:\\\/\\\/plg-pllc.com\\\/premier-law-group-terms-of-service-agreement\\\/\"]}]},{\"@type\":\"BreadcrumbList\",\"@id\":\"https:\\\/\\\/plg-pllc.com\\\/premier-law-group-terms-of-service-agreement\\\/#breadcrumb\",\"itemListElement\":[{\"@type\":\"ListItem\",\"position\":1,\"name\":\"Home\",\"item\":\"https:\\\/\\\/plg-pllc.com\\\/es\\\/\"},{\"@type\":\"ListItem\",\"position\":2,\"name\":\"Premier Law Group Terms of Service (\u201cAgreement\u201d)\"}]},{\"@type\":\"WebSite\",\"@id\":\"https:\\\/\\\/plg-pllc.com\\\/#website\",\"url\":\"https:\\\/\\\/plg-pllc.com\\\/\",\"name\":\"Premier Law Group\",\"description\":\"Washington Wrongful Death and Serious Injury Lawyer\",\"publisher\":{\"@id\":\"https:\\\/\\\/plg-pllc.com\\\/#organization\"},\"inLanguage\":\"es\"},{\"@type\":\"Organization\",\"@id\":\"https:\\\/\\\/plg-pllc.com\\\/#organization\",\"name\":\"Premier Law Group\",\"url\":\"https:\\\/\\\/plg-pllc.com\\\/\",\"logo\":{\"@type\":\"ImageObject\",\"inLanguage\":\"es\",\"@id\":\"https:\\\/\\\/plg-pllc.com\\\/#\\\/schema\\\/logo\\\/image\\\/\",\"url\":\"https:\\\/\\\/plg-pllc.com\\\/wp-content\\\/uploads\\\/2020\\\/10\\\/plg-logo-v2.gif\",\"contentUrl\":\"https:\\\/\\\/plg-pllc.com\\\/wp-content\\\/uploads\\\/2020\\\/10\\\/plg-logo-v2.gif\",\"width\":592,\"height\":191,\"caption\":\"Premier Law Group\"},\"image\":{\"@id\":\"https:\\\/\\\/plg-pllc.com\\\/#\\\/schema\\\/logo\\\/image\\\/\"},\"sameAs\":[\"https:\\\/\\\/www.facebook.com\\\/premierlawgroup\",\"https:\\\/\\\/x.com\\\/premierlawgroup\"]}]}<\/script>\n<!-- \/ Yoast SEO plugin. -->","yoast_head_json":{"title":"Condiciones de servicio de Premier Law Group (\u201cAcuerdo\u201d)","description":"Condiciones de servicio de Premier Law Group (\u201cAcuerdo\u201d): Premier Law Group le ayuda a obtener la compensaci\u00f3n total que merece. Sin cargo a menos que ganemos.","robots":{"index":"index","follow":"follow","max-snippet":"max-snippet:-1","max-image-preview":"max-image-preview:large","max-video-preview":"max-video-preview:-1"},"canonical":"https:\/\/plg-pllc.com\/es\/premier-law-group-terms-of-service-agreement\/","og_locale":"es_MX","og_type":"article","og_title":"Premier Law Group Terms of Service (\u201cAgreement\u201d)","og_description":"Premier Law Group Terms of Service (\u201cAgreement\u201d): Premier Law Group helps you unlock the full compensation you deserve. No Fee Unless We Win.","og_url":"https:\/\/plg-pllc.com\/es\/premier-law-group-terms-of-service-agreement\/","og_site_name":"Premier Law Group","article_publisher":"https:\/\/www.facebook.com\/premierlawgroup","article_modified_time":"2024-10-15T07:44:25+00:00","twitter_card":"summary_large_image","twitter_site":"@premierlawgroup","twitter_misc":{"Tiempo de lectura":"2 minutos"},"schema":{"@context":"https:\/\/schema.org","@graph":[{"@type":"WebPage","@id":"https:\/\/plg-pllc.com\/premier-law-group-terms-of-service-agreement\/","url":"https:\/\/plg-pllc.com\/premier-law-group-terms-of-service-agreement\/","name":"Condiciones de servicio de Premier Law Group (\u201cAcuerdo\u201d)","isPartOf":{"@id":"https:\/\/plg-pllc.com\/#website"},"datePublished":"2013-09-05T22:24:47+00:00","dateModified":"2024-10-15T07:44:25+00:00","description":"Condiciones de servicio de Premier Law Group (\u201cAcuerdo\u201d): Premier Law Group le ayuda a obtener la compensaci\u00f3n total que merece. Sin cargo a menos que ganemos.","breadcrumb":{"@id":"https:\/\/plg-pllc.com\/premier-law-group-terms-of-service-agreement\/#breadcrumb"},"inLanguage":"es","potentialAction":[{"@type":"ReadAction","target":["https:\/\/plg-pllc.com\/premier-law-group-terms-of-service-agreement\/"]}]},{"@type":"BreadcrumbList","@id":"https:\/\/plg-pllc.com\/premier-law-group-terms-of-service-agreement\/#breadcrumb","itemListElement":[{"@type":"ListItem","position":1,"name":"Home","item":"https:\/\/plg-pllc.com\/es\/"},{"@type":"ListItem","position":2,"name":"Premier Law Group Terms of Service (\u201cAgreement\u201d)"}]},{"@type":"WebSite","@id":"https:\/\/plg-pllc.com\/#website","url":"https:\/\/plg-pllc.com\/","name":"Grupo de abogados Premier","description":"Abogado de muerte por negligencia y lesiones graves en Washington","publisher":{"@id":"https:\/\/plg-pllc.com\/#organization"},"inLanguage":"es"},{"@type":"Organization","@id":"https:\/\/plg-pllc.com\/#organization","name":"Grupo de abogados Premier","url":"https:\/\/plg-pllc.com\/","logo":{"@type":"ImageObject","inLanguage":"es","@id":"https:\/\/plg-pllc.com\/#\/schema\/logo\/image\/","url":"https:\/\/plg-pllc.com\/wp-content\/uploads\/2020\/10\/plg-logo-v2.gif","contentUrl":"https:\/\/plg-pllc.com\/wp-content\/uploads\/2020\/10\/plg-logo-v2.gif","width":592,"height":191,"caption":"Premier Law Group"},"image":{"@id":"https:\/\/plg-pllc.com\/#\/schema\/logo\/image\/"},"sameAs":["https:\/\/www.facebook.com\/premierlawgroup","https:\/\/x.com\/premierlawgroup"]}]}},"_links":{"self":[{"href":"https:\/\/plg-pllc.com\/es\/wp-json\/wp\/v2\/pages\/11428","targetHints":{"allow":["GET"]}}],"collection":[{"href":"https:\/\/plg-pllc.com\/es\/wp-json\/wp\/v2\/pages"}],"about":[{"href":"https:\/\/plg-pllc.com\/es\/wp-json\/wp\/v2\/types\/page"}],"author":[{"embeddable":true,"href":"https:\/\/plg-pllc.com\/es\/wp-json\/wp\/v2\/users\/2"}],"replies":[{"embeddable":true,"href":"https:\/\/plg-pllc.com\/es\/wp-json\/wp\/v2\/comments?post=11428"}],"version-history":[{"count":0,"href":"https:\/\/plg-pllc.com\/es\/wp-json\/wp\/v2\/pages\/11428\/revisions"}],"wp:attachment":[{"href":"https:\/\/plg-pllc.com\/es\/wp-json\/wp\/v2\/media?parent=11428"}],"wp:term":[{"taxonomy":"hc_faqs","embeddable":true,"href":"https:\/\/plg-pllc.com\/es\/wp-json\/wp\/v2\/hc_faqs?post=11428"}],"curies":[{"name":"gracias","href":"https:\/\/api.w.org\/{rel}","templated":true}]}}