{"id":11561,"date":"2013-09-27T10:13:41","date_gmt":"2013-09-27T17:13:41","guid":{"rendered":"https:\/\/plg-pllc.com\/?p=11561"},"modified":"2024-11-28T21:06:15","modified_gmt":"2024-11-29T05:06:15","slug":"video-jason-epstein-on-seattle-bike-sharing","status":"publish","type":"page","link":"https:\/\/plg-pllc.com\/es\/videos\/video-jason-epstein-on-seattle-bike-sharing\/","title":{"rendered":"V\u00eddeo: Jason Epstein habla sobre el uso compartido de bicicletas en Seattle"},"content":{"rendered":"<p><iframe loading=\"lazy\" src=\"\/\/www.youtube.com\/embed\/fAO-EZs5I5g?rel=0\" width=\"740\" height=\"555\" frameborder=\"0\" allowfullscreen=\"allowfullscreen\"><\/iframe><\/p>\n<p>Transcripci\u00f3n del v\u00eddeo:<\/p>\n<p>Hola, soy Jason Epstein y estoy aqu\u00ed hoy para hablar sobre el <a href=\"https:\/\/sdotblog.seattle.gov\/2021\/12\/10\/welcome-veo-bike-share-to-seattle\/\" target=\"_blank\" rel=\"noopener\">El sistema de bicicletas compartidas que llegar\u00e1 a Seattle<\/a>Hace poco estuve en Washington DC y vi c\u00f3mo funcionaba uno de estos sistemas. B\u00e1sicamente, hay quioscos por toda la ciudad que tienen varias bicicletas. Te acercas al quiosco, introduces tu tarjeta de cr\u00e9dito, alquilas la bicicleta y simplemente la devuelves en otro quiosco y te cobran por el tiempo que la utilizas. Es una gran idea para desplazarse en zonas urbanas como Seattle.<\/p>\n<p>Sin embargo, desde mi punto de vista, esto tiene un gran inconveniente en t\u00e9rminos de seguridad. El inconveniente es que va a poner en la calle a una gran cantidad de ciclistas nuevos, cerca de los coches, que no est\u00e1n acostumbrados a circular entre ellos. Tambi\u00e9n va a aumentar el volumen de ciclistas en las calles. Considero que esto supone un gran peligro potencial para el ciclista. Ahora bien, como ciclista \u00e1vido, puedo decirte que hay diferentes reglas que debes aplicar cuando vas en bicicleta y sabes que es menos probable que los coches te vean. Puede que no sean reglas formales, pero son reglas que aprendes a lo largo de horas y horas de tiempo en una bicicleta.<\/p>\n<p>Me preocupa que los ciclistas que no est\u00e1n acostumbrados a pasar tanto tiempo en bicicleta ahora est\u00e9n cerca de muchos autom\u00f3viles, y esto puede provocar muchos accidentes automovil\u00edsticos. Otro inconveniente es que, por lo general, cuando un ciclista sufre un accidente con un autom\u00f3vil, suele ser el ciclista el que se lleva la peor parte y termina con lesiones importantes o significativas.<\/p>\n<p>Si le ha sucedido algo parecido, no dude en comunicarse con nosotros llamando al 206-285-1743.<\/p>","protected":false},"excerpt":{"rendered":"<p>El uso compartido de bicicletas llega a Seattle. Los usuarios que no est\u00e1n acostumbrados a utilizar una bicicleta ahora estar\u00e1n cerca de muchos autom\u00f3viles, lo que puede provocar accidentes.<\/p>","protected":false},"author":2,"featured_media":0,"parent":720,"menu_order":0,"comment_status":"closed","ping_status":"closed","template":"","meta":{"_acf_changed":false,"_genesis_hide_title":false,"_genesis_hide_breadcrumbs":false,"_genesis_hide_singular_image":false,"_genesis_hide_footer_widgets":false,"_genesis_custom_body_class":"","_genesis_custom_post_class":"","_genesis_layout":"","footnotes":""},"hc_faqs":[],"class_list":{"0":"post-11561","1":"page","2":"type-page","3":"status-publish","5":"entry"},"acf":[],"yoast_head":"<!-- This site is optimized with the Yoast SEO plugin v27.4 - https:\/\/yoast.com\/product\/yoast-seo-wordpress\/ -->\n<title>Video: Jason Epstein on Seattle Bike Sharing<\/title>\n<meta name=\"description\" content=\"Video: Jason Epstein on Seattle Bike Sharing: Premier Law Group helps you unlock the full compensation you deserve. No Fee Unless We Win.\" \/>\n<meta name=\"robots\" content=\"index, follow, max-snippet:-1, max-image-preview:large, max-video-preview:-1\" \/>\n<link rel=\"canonical\" href=\"https:\/\/plg-pllc.com\/es\/videos\/video-jason-epstein-on-seattle-bike-sharing\/\" \/>\n<meta property=\"og:locale\" content=\"es_MX\" \/>\n<meta property=\"og:type\" content=\"article\" \/>\n<meta property=\"og:title\" content=\"Video: Jason Epstein on Seattle Bike Sharing\" \/>\n<meta property=\"og:description\" content=\"Video: Jason Epstein on Seattle Bike Sharing: Premier Law Group helps you unlock the full compensation you deserve. No Fee Unless We Win.\" \/>\n<meta property=\"og:url\" content=\"https:\/\/plg-pllc.com\/es\/videos\/video-jason-epstein-on-seattle-bike-sharing\/\" \/>\n<meta property=\"og:site_name\" content=\"Premier Law Group\" \/>\n<meta property=\"article:publisher\" content=\"https:\/\/www.facebook.com\/premierlawgroup\" \/>\n<meta property=\"article:modified_time\" content=\"2024-11-29T05:06:15+00:00\" \/>\n<meta name=\"twitter:card\" content=\"summary_large_image\" \/>\n<meta name=\"twitter:site\" content=\"@premierlawgroup\" \/>\n<meta name=\"twitter:label1\" content=\"Tiempo de lectura\" \/>\n\t<meta name=\"twitter:data1\" content=\"2 minutos\" \/>\n<script type=\"application\/ld+json\" class=\"yoast-schema-graph\">{\"@context\":\"https:\\\/\\\/schema.org\",\"@graph\":[{\"@type\":\"WebPage\",\"@id\":\"https:\\\/\\\/plg-pllc.com\\\/videos\\\/video-jason-epstein-on-seattle-bike-sharing\\\/\",\"url\":\"https:\\\/\\\/plg-pllc.com\\\/videos\\\/video-jason-epstein-on-seattle-bike-sharing\\\/\",\"name\":\"Video: Jason Epstein on Seattle Bike Sharing\",\"isPartOf\":{\"@id\":\"https:\\\/\\\/plg-pllc.com\\\/#website\"},\"datePublished\":\"2013-09-27T17:13:41+00:00\",\"dateModified\":\"2024-11-29T05:06:15+00:00\",\"description\":\"Video: Jason Epstein on Seattle Bike Sharing: Premier Law Group helps you unlock the full compensation you deserve. No Fee Unless We Win.\",\"breadcrumb\":{\"@id\":\"https:\\\/\\\/plg-pllc.com\\\/videos\\\/video-jason-epstein-on-seattle-bike-sharing\\\/#breadcrumb\"},\"inLanguage\":\"es\",\"potentialAction\":[{\"@type\":\"ReadAction\",\"target\":[\"https:\\\/\\\/plg-pllc.com\\\/videos\\\/video-jason-epstein-on-seattle-bike-sharing\\\/\"]}]},{\"@type\":\"BreadcrumbList\",\"@id\":\"https:\\\/\\\/plg-pllc.com\\\/videos\\\/video-jason-epstein-on-seattle-bike-sharing\\\/#breadcrumb\",\"itemListElement\":[{\"@type\":\"ListItem\",\"position\":1,\"name\":\"Home\",\"item\":\"https:\\\/\\\/plg-pllc.com\\\/es\\\/\"},{\"@type\":\"ListItem\",\"position\":2,\"name\":\"Videos\",\"item\":\"https:\\\/\\\/plg-pllc.com\\\/es\\\/videos\\\/\"},{\"@type\":\"ListItem\",\"position\":3,\"name\":\"Video: Jason Epstein on Seattle Bike Sharing\"}]},{\"@type\":\"WebSite\",\"@id\":\"https:\\\/\\\/plg-pllc.com\\\/#website\",\"url\":\"https:\\\/\\\/plg-pllc.com\\\/\",\"name\":\"Premier Law Group\",\"description\":\"Washington Wrongful Death and Serious Injury Lawyer\",\"publisher\":{\"@id\":\"https:\\\/\\\/plg-pllc.com\\\/#organization\"},\"inLanguage\":\"es\"},{\"@type\":\"Organization\",\"@id\":\"https:\\\/\\\/plg-pllc.com\\\/#organization\",\"name\":\"Premier Law Group\",\"url\":\"https:\\\/\\\/plg-pllc.com\\\/\",\"logo\":{\"@type\":\"ImageObject\",\"inLanguage\":\"es\",\"@id\":\"https:\\\/\\\/plg-pllc.com\\\/#\\\/schema\\\/logo\\\/image\\\/\",\"url\":\"https:\\\/\\\/plg-pllc.com\\\/wp-content\\\/uploads\\\/2020\\\/10\\\/plg-logo-v2.gif\",\"contentUrl\":\"https:\\\/\\\/plg-pllc.com\\\/wp-content\\\/uploads\\\/2020\\\/10\\\/plg-logo-v2.gif\",\"width\":592,\"height\":191,\"caption\":\"Premier Law Group\"},\"image\":{\"@id\":\"https:\\\/\\\/plg-pllc.com\\\/#\\\/schema\\\/logo\\\/image\\\/\"},\"sameAs\":[\"https:\\\/\\\/www.facebook.com\\\/premierlawgroup\",\"https:\\\/\\\/x.com\\\/premierlawgroup\"]}]}<\/script>\n<!-- \/ Yoast SEO plugin. -->","yoast_head_json":{"title":"V\u00eddeo: Jason Epstein habla sobre el uso compartido de bicicletas en Seattle","description":"V\u00eddeo: Jason Epstein sobre el uso compartido de bicicletas en Seattle: Premier Law Group le ayuda a obtener la compensaci\u00f3n total que merece. Sin cargo a menos que ganemos.","robots":{"index":"index","follow":"follow","max-snippet":"max-snippet:-1","max-image-preview":"max-image-preview:large","max-video-preview":"max-video-preview:-1"},"canonical":"https:\/\/plg-pllc.com\/es\/videos\/video-jason-epstein-on-seattle-bike-sharing\/","og_locale":"es_MX","og_type":"article","og_title":"Video: Jason Epstein on Seattle Bike Sharing","og_description":"Video: Jason Epstein on Seattle Bike Sharing: Premier Law Group helps you unlock the full compensation you deserve. No Fee Unless We Win.","og_url":"https:\/\/plg-pllc.com\/es\/videos\/video-jason-epstein-on-seattle-bike-sharing\/","og_site_name":"Premier Law Group","article_publisher":"https:\/\/www.facebook.com\/premierlawgroup","article_modified_time":"2024-11-29T05:06:15+00:00","twitter_card":"summary_large_image","twitter_site":"@premierlawgroup","twitter_misc":{"Tiempo de lectura":"2 minutos"},"schema":{"@context":"https:\/\/schema.org","@graph":[{"@type":"WebPage","@id":"https:\/\/plg-pllc.com\/videos\/video-jason-epstein-on-seattle-bike-sharing\/","url":"https:\/\/plg-pllc.com\/videos\/video-jason-epstein-on-seattle-bike-sharing\/","name":"V\u00eddeo: Jason Epstein habla sobre el uso compartido de bicicletas en Seattle","isPartOf":{"@id":"https:\/\/plg-pllc.com\/#website"},"datePublished":"2013-09-27T17:13:41+00:00","dateModified":"2024-11-29T05:06:15+00:00","description":"V\u00eddeo: Jason Epstein sobre el uso compartido de bicicletas en Seattle: Premier Law Group le ayuda a obtener la compensaci\u00f3n total que merece. Sin cargo a menos que ganemos.","breadcrumb":{"@id":"https:\/\/plg-pllc.com\/videos\/video-jason-epstein-on-seattle-bike-sharing\/#breadcrumb"},"inLanguage":"es","potentialAction":[{"@type":"ReadAction","target":["https:\/\/plg-pllc.com\/videos\/video-jason-epstein-on-seattle-bike-sharing\/"]}]},{"@type":"BreadcrumbList","@id":"https:\/\/plg-pllc.com\/videos\/video-jason-epstein-on-seattle-bike-sharing\/#breadcrumb","itemListElement":[{"@type":"ListItem","position":1,"name":"Home","item":"https:\/\/plg-pllc.com\/es\/"},{"@type":"ListItem","position":2,"name":"Videos","item":"https:\/\/plg-pllc.com\/es\/videos\/"},{"@type":"ListItem","position":3,"name":"Video: Jason Epstein on Seattle Bike Sharing"}]},{"@type":"WebSite","@id":"https:\/\/plg-pllc.com\/#website","url":"https:\/\/plg-pllc.com\/","name":"Grupo de abogados Premier","description":"Abogado de muerte por negligencia y lesiones graves en Washington","publisher":{"@id":"https:\/\/plg-pllc.com\/#organization"},"inLanguage":"es"},{"@type":"Organization","@id":"https:\/\/plg-pllc.com\/#organization","name":"Grupo de abogados Premier","url":"https:\/\/plg-pllc.com\/","logo":{"@type":"ImageObject","inLanguage":"es","@id":"https:\/\/plg-pllc.com\/#\/schema\/logo\/image\/","url":"https:\/\/plg-pllc.com\/wp-content\/uploads\/2020\/10\/plg-logo-v2.gif","contentUrl":"https:\/\/plg-pllc.com\/wp-content\/uploads\/2020\/10\/plg-logo-v2.gif","width":592,"height":191,"caption":"Premier Law Group"},"image":{"@id":"https:\/\/plg-pllc.com\/#\/schema\/logo\/image\/"},"sameAs":["https:\/\/www.facebook.com\/premierlawgroup","https:\/\/x.com\/premierlawgroup"]}]}},"_links":{"self":[{"href":"https:\/\/plg-pllc.com\/es\/wp-json\/wp\/v2\/pages\/11561","targetHints":{"allow":["GET"]}}],"collection":[{"href":"https:\/\/plg-pllc.com\/es\/wp-json\/wp\/v2\/pages"}],"about":[{"href":"https:\/\/plg-pllc.com\/es\/wp-json\/wp\/v2\/types\/page"}],"author":[{"embeddable":true,"href":"https:\/\/plg-pllc.com\/es\/wp-json\/wp\/v2\/users\/2"}],"replies":[{"embeddable":true,"href":"https:\/\/plg-pllc.com\/es\/wp-json\/wp\/v2\/comments?post=11561"}],"version-history":[{"count":0,"href":"https:\/\/plg-pllc.com\/es\/wp-json\/wp\/v2\/pages\/11561\/revisions"}],"up":[{"embeddable":true,"href":"https:\/\/plg-pllc.com\/es\/wp-json\/wp\/v2\/pages\/720"}],"wp:attachment":[{"href":"https:\/\/plg-pllc.com\/es\/wp-json\/wp\/v2\/media?parent=11561"}],"wp:term":[{"taxonomy":"hc_faqs","embeddable":true,"href":"https:\/\/plg-pllc.com\/es\/wp-json\/wp\/v2\/hc_faqs?post=11561"}],"curies":[{"name":"gracias","href":"https:\/\/api.w.org\/{rel}","templated":true}]}}