{"id":11614,"date":"2013-09-27T16:30:50","date_gmt":"2013-09-27T23:30:50","guid":{"rendered":"https:\/\/plg-pllc.com\/?p=11614"},"modified":"2025-06-27T07:47:54","modified_gmt":"2025-06-27T14:47:54","slug":"video-what-continuing-education-might-lawyers-participate-in","status":"publish","type":"page","link":"https:\/\/plg-pllc.com\/es\/videos\/video-what-continuing-education-might-lawyers-participate-in\/","title":{"rendered":"V\u00eddeo: \u00bfEn qu\u00e9 formaci\u00f3n continua podr\u00edan participar los abogados?"},"content":{"rendered":"<p><iframe loading=\"lazy\" class=\"wistia_embed\" src=\"https:\/\/fast.wistia.net\/embed\/iframe\/hkc2wmtoic\" name=\"wistia_embed\" width=\"740\" height=\"416\" frameborder=\"0\" scrolling=\"no\" allowfullscreen=\"allowfullscreen\"><\/iframe><\/p>\n<h2>Transcripci\u00f3n:<\/h2>\n<p>En Premier Law Group, nos comprometemos a conseguirle el mejor resultado posible. Por eso, dedicamos incontables horas a aprender todo lo que podemos para ser los mejores abogados litigantes que podemos ser. Una de esas cosas es que hemos asistido a <a href=\"https:\/\/www.triallawyerscollege.com\/\">Colegio de Abogados Litigantes de Gerry Spence.<\/a> Gerry Spence es considerado uno de los mejores abogados estadounidenses de todos los tiempos. Todos los a\u00f1os invita a 50 abogados a su rancho en Wyoming para un curso de un mes sobre c\u00f3mo ser mejores abogados litigantes. Su clase solo est\u00e1 abierta a personas que representan a individuos, no a abogados que representan a corporaciones o al gobierno. Tanto Patrick Kang como yo hemos ido a Wyoming para perfeccionar nuestras habilidades, contar su historia y lograr que obtenga una mejor justicia para su caso. \u00bfPreguntas? Ll\u00e1menos al 206-285-1743.<\/p>","protected":false},"excerpt":{"rendered":"<p>En Premier Law Group, nos comprometemos a conseguirle el mejor resultado posible. Por eso, dedicamos incontables horas a aprender todo lo que podemos para ser los mejores abogados litigantes posibles.<\/p>","protected":false},"author":2,"featured_media":0,"parent":720,"menu_order":0,"comment_status":"closed","ping_status":"closed","template":"","meta":{"_acf_changed":false,"_genesis_hide_title":false,"_genesis_hide_breadcrumbs":false,"_genesis_hide_singular_image":false,"_genesis_hide_footer_widgets":false,"_genesis_custom_body_class":"","_genesis_custom_post_class":"","_genesis_layout":"","footnotes":""},"hc_faqs":[],"class_list":{"0":"post-11614","1":"page","2":"type-page","3":"status-publish","5":"entry"},"acf":[],"yoast_head":"<!-- This site is optimized with the Yoast SEO plugin v27.4 - https:\/\/yoast.com\/product\/yoast-seo-wordpress\/ -->\n<title>Video: What continuing education might lawyers participate in?<\/title>\n<meta name=\"description\" content=\"Video: What continuing education might lawyers participate in?: Premier Law Group helps you unlock the full compensation you deserve. No Fee Unless We Win.\" \/>\n<meta name=\"robots\" content=\"index, follow, max-snippet:-1, max-image-preview:large, max-video-preview:-1\" \/>\n<link rel=\"canonical\" href=\"https:\/\/plg-pllc.com\/es\/videos\/video-what-continuing-education-might-lawyers-participate-in\/\" \/>\n<meta property=\"og:locale\" content=\"es_MX\" \/>\n<meta property=\"og:type\" content=\"article\" \/>\n<meta property=\"og:title\" content=\"Video: What continuing education might lawyers participate in?\" \/>\n<meta property=\"og:description\" content=\"Video: What continuing education might lawyers participate in?: Premier Law Group helps you unlock the full compensation you deserve. No Fee Unless We Win.\" \/>\n<meta property=\"og:url\" content=\"https:\/\/plg-pllc.com\/es\/videos\/video-what-continuing-education-might-lawyers-participate-in\/\" \/>\n<meta property=\"og:site_name\" content=\"Premier Law Group\" \/>\n<meta property=\"article:publisher\" content=\"https:\/\/www.facebook.com\/premierlawgroup\" \/>\n<meta property=\"article:modified_time\" content=\"2025-06-27T14:47:54+00:00\" \/>\n<meta name=\"twitter:card\" content=\"summary_large_image\" \/>\n<meta name=\"twitter:site\" content=\"@premierlawgroup\" \/>\n<meta name=\"twitter:label1\" content=\"Tiempo de lectura\" \/>\n\t<meta name=\"twitter:data1\" content=\"1 minuto\" \/>\n<script type=\"application\/ld+json\" class=\"yoast-schema-graph\">{\"@context\":\"https:\\\/\\\/schema.org\",\"@graph\":[{\"@type\":\"WebPage\",\"@id\":\"https:\\\/\\\/plg-pllc.com\\\/videos\\\/video-what-continuing-education-might-lawyers-participate-in\\\/\",\"url\":\"https:\\\/\\\/plg-pllc.com\\\/videos\\\/video-what-continuing-education-might-lawyers-participate-in\\\/\",\"name\":\"Video: What continuing education might lawyers participate in?\",\"isPartOf\":{\"@id\":\"https:\\\/\\\/plg-pllc.com\\\/#website\"},\"datePublished\":\"2013-09-27T23:30:50+00:00\",\"dateModified\":\"2025-06-27T14:47:54+00:00\",\"description\":\"Video: What continuing education might lawyers participate in?: Premier Law Group helps you unlock the full compensation you deserve. No Fee Unless We Win.\",\"breadcrumb\":{\"@id\":\"https:\\\/\\\/plg-pllc.com\\\/videos\\\/video-what-continuing-education-might-lawyers-participate-in\\\/#breadcrumb\"},\"inLanguage\":\"es\",\"potentialAction\":[{\"@type\":\"ReadAction\",\"target\":[\"https:\\\/\\\/plg-pllc.com\\\/videos\\\/video-what-continuing-education-might-lawyers-participate-in\\\/\"]}]},{\"@type\":\"BreadcrumbList\",\"@id\":\"https:\\\/\\\/plg-pllc.com\\\/videos\\\/video-what-continuing-education-might-lawyers-participate-in\\\/#breadcrumb\",\"itemListElement\":[{\"@type\":\"ListItem\",\"position\":1,\"name\":\"Home\",\"item\":\"https:\\\/\\\/plg-pllc.com\\\/es\\\/\"},{\"@type\":\"ListItem\",\"position\":2,\"name\":\"Videos\",\"item\":\"https:\\\/\\\/plg-pllc.com\\\/es\\\/videos\\\/\"},{\"@type\":\"ListItem\",\"position\":3,\"name\":\"Video: What continuing education might lawyers participate in?\"}]},{\"@type\":\"WebSite\",\"@id\":\"https:\\\/\\\/plg-pllc.com\\\/#website\",\"url\":\"https:\\\/\\\/plg-pllc.com\\\/\",\"name\":\"Premier Law Group\",\"description\":\"Washington Wrongful Death and Serious Injury Lawyer\",\"publisher\":{\"@id\":\"https:\\\/\\\/plg-pllc.com\\\/#organization\"},\"inLanguage\":\"es\"},{\"@type\":\"Organization\",\"@id\":\"https:\\\/\\\/plg-pllc.com\\\/#organization\",\"name\":\"Premier Law Group\",\"url\":\"https:\\\/\\\/plg-pllc.com\\\/\",\"logo\":{\"@type\":\"ImageObject\",\"inLanguage\":\"es\",\"@id\":\"https:\\\/\\\/plg-pllc.com\\\/#\\\/schema\\\/logo\\\/image\\\/\",\"url\":\"https:\\\/\\\/plg-pllc.com\\\/wp-content\\\/uploads\\\/2020\\\/10\\\/plg-logo-v2.gif\",\"contentUrl\":\"https:\\\/\\\/plg-pllc.com\\\/wp-content\\\/uploads\\\/2020\\\/10\\\/plg-logo-v2.gif\",\"width\":592,\"height\":191,\"caption\":\"Premier Law Group\"},\"image\":{\"@id\":\"https:\\\/\\\/plg-pllc.com\\\/#\\\/schema\\\/logo\\\/image\\\/\"},\"sameAs\":[\"https:\\\/\\\/www.facebook.com\\\/premierlawgroup\",\"https:\\\/\\\/x.com\\\/premierlawgroup\"]}]}<\/script>\n<!-- \/ Yoast SEO plugin. -->","yoast_head_json":{"title":"V\u00eddeo: \u00bfEn qu\u00e9 formaci\u00f3n continua podr\u00edan participar los abogados?","description":"V\u00eddeo: \u00bfEn qu\u00e9 cursos de formaci\u00f3n continua pueden participar los abogados?: Premier Law Group le ayuda a conseguir la compensaci\u00f3n total que merece. Sin honorarios a menos que ganemos.","robots":{"index":"index","follow":"follow","max-snippet":"max-snippet:-1","max-image-preview":"max-image-preview:large","max-video-preview":"max-video-preview:-1"},"canonical":"https:\/\/plg-pllc.com\/es\/videos\/video-what-continuing-education-might-lawyers-participate-in\/","og_locale":"es_MX","og_type":"article","og_title":"Video: What continuing education might lawyers participate in?","og_description":"Video: What continuing education might lawyers participate in?: Premier Law Group helps you unlock the full compensation you deserve. No Fee Unless We Win.","og_url":"https:\/\/plg-pllc.com\/es\/videos\/video-what-continuing-education-might-lawyers-participate-in\/","og_site_name":"Premier Law Group","article_publisher":"https:\/\/www.facebook.com\/premierlawgroup","article_modified_time":"2025-06-27T14:47:54+00:00","twitter_card":"summary_large_image","twitter_site":"@premierlawgroup","twitter_misc":{"Tiempo de lectura":"1 minuto"},"schema":{"@context":"https:\/\/schema.org","@graph":[{"@type":"WebPage","@id":"https:\/\/plg-pllc.com\/videos\/video-what-continuing-education-might-lawyers-participate-in\/","url":"https:\/\/plg-pllc.com\/videos\/video-what-continuing-education-might-lawyers-participate-in\/","name":"V\u00eddeo: \u00bfEn qu\u00e9 formaci\u00f3n continua podr\u00edan participar los abogados?","isPartOf":{"@id":"https:\/\/plg-pllc.com\/#website"},"datePublished":"2013-09-27T23:30:50+00:00","dateModified":"2025-06-27T14:47:54+00:00","description":"V\u00eddeo: \u00bfEn qu\u00e9 cursos de formaci\u00f3n continua pueden participar los abogados?: Premier Law Group le ayuda a conseguir la compensaci\u00f3n total que merece. Sin honorarios a menos que ganemos.","breadcrumb":{"@id":"https:\/\/plg-pllc.com\/videos\/video-what-continuing-education-might-lawyers-participate-in\/#breadcrumb"},"inLanguage":"es","potentialAction":[{"@type":"ReadAction","target":["https:\/\/plg-pllc.com\/videos\/video-what-continuing-education-might-lawyers-participate-in\/"]}]},{"@type":"BreadcrumbList","@id":"https:\/\/plg-pllc.com\/videos\/video-what-continuing-education-might-lawyers-participate-in\/#breadcrumb","itemListElement":[{"@type":"ListItem","position":1,"name":"Home","item":"https:\/\/plg-pllc.com\/es\/"},{"@type":"ListItem","position":2,"name":"Videos","item":"https:\/\/plg-pllc.com\/es\/videos\/"},{"@type":"ListItem","position":3,"name":"Video: What continuing education might lawyers participate in?"}]},{"@type":"WebSite","@id":"https:\/\/plg-pllc.com\/#website","url":"https:\/\/plg-pllc.com\/","name":"Grupo de abogados Premier","description":"Abogado de muerte por negligencia y lesiones graves en Washington","publisher":{"@id":"https:\/\/plg-pllc.com\/#organization"},"inLanguage":"es"},{"@type":"Organization","@id":"https:\/\/plg-pllc.com\/#organization","name":"Grupo de abogados Premier","url":"https:\/\/plg-pllc.com\/","logo":{"@type":"ImageObject","inLanguage":"es","@id":"https:\/\/plg-pllc.com\/#\/schema\/logo\/image\/","url":"https:\/\/plg-pllc.com\/wp-content\/uploads\/2020\/10\/plg-logo-v2.gif","contentUrl":"https:\/\/plg-pllc.com\/wp-content\/uploads\/2020\/10\/plg-logo-v2.gif","width":592,"height":191,"caption":"Premier Law Group"},"image":{"@id":"https:\/\/plg-pllc.com\/#\/schema\/logo\/image\/"},"sameAs":["https:\/\/www.facebook.com\/premierlawgroup","https:\/\/x.com\/premierlawgroup"]}]}},"_links":{"self":[{"href":"https:\/\/plg-pllc.com\/es\/wp-json\/wp\/v2\/pages\/11614","targetHints":{"allow":["GET"]}}],"collection":[{"href":"https:\/\/plg-pllc.com\/es\/wp-json\/wp\/v2\/pages"}],"about":[{"href":"https:\/\/plg-pllc.com\/es\/wp-json\/wp\/v2\/types\/page"}],"author":[{"embeddable":true,"href":"https:\/\/plg-pllc.com\/es\/wp-json\/wp\/v2\/users\/2"}],"replies":[{"embeddable":true,"href":"https:\/\/plg-pllc.com\/es\/wp-json\/wp\/v2\/comments?post=11614"}],"version-history":[{"count":0,"href":"https:\/\/plg-pllc.com\/es\/wp-json\/wp\/v2\/pages\/11614\/revisions"}],"up":[{"embeddable":true,"href":"https:\/\/plg-pllc.com\/es\/wp-json\/wp\/v2\/pages\/720"}],"wp:attachment":[{"href":"https:\/\/plg-pllc.com\/es\/wp-json\/wp\/v2\/media?parent=11614"}],"wp:term":[{"taxonomy":"hc_faqs","embeddable":true,"href":"https:\/\/plg-pllc.com\/es\/wp-json\/wp\/v2\/hc_faqs?post=11614"}],"curies":[{"name":"gracias","href":"https:\/\/api.w.org\/{rel}","templated":true}]}}