{"id":11618,"date":"2013-09-27T16:41:09","date_gmt":"2013-09-27T23:41:09","guid":{"rendered":"https:\/\/plg-pllc.com\/?p=11618"},"modified":"2024-11-28T21:07:31","modified_gmt":"2024-11-29T05:07:31","slug":"video-what-do-i-do-with-medical-bills-while-my-case-is-in-progress","status":"publish","type":"page","link":"https:\/\/plg-pllc.com\/es\/videos\/video-what-do-i-do-with-medical-bills-while-my-case-is-in-progress\/","title":{"rendered":"V\u00eddeo: \u00bfQu\u00e9 hago con las facturas m\u00e9dicas mientras mi caso est\u00e1 en tr\u00e1mite?"},"content":{"rendered":"<p><iframe loading=\"lazy\" class=\"wistia_embed\" src=\"https:\/\/fast.wistia.net\/embed\/iframe\/at9xc8qblf\" name=\"wistia_embed\" width=\"740\" height=\"416\" frameborder=\"0\" scrolling=\"no\" allowfullscreen=\"allowfullscreen\"><\/iframe><\/p>\n<h2>Transcripci\u00f3n:<\/h2>\n<p>Por supuesto, la gente siempre est\u00e1 preocupada por qui\u00e9n pagar\u00e1 su tratamiento m\u00e9dico. No siempre es una pregunta f\u00e1cil de responder. La primera v\u00eda para pagar sus facturas m\u00e9dicas es <a href=\"https:\/\/en.wikipedia.org\/wiki\/Personal_injury_protection\">Su cobertura PIP<\/a>, o protecci\u00f3n contra lesiones personales. Es la cobertura que tiene a trav\u00e9s de su compa\u00f1\u00eda de seguros y que, con suerte, adquiri\u00f3 al momento de contratar su seguro de autom\u00f3vil.<\/p>\n<p>Si no tiene cobertura PIP, el siguiente paso ser\u00eda utilizar su seguro m\u00e9dico. Su seguro m\u00e9dico deber\u00eda pagar su tratamiento como lo har\u00eda con cualquier otro tratamiento, independientemente de si est\u00e1 relacionado con un accidente automovil\u00edstico.<\/p>\n<p>Si no tiene PIP y no tiene seguro m\u00e9dico, se encuentra en la desafortunada y rara situaci\u00f3n de tener que pagar sus propias facturas m\u00e9dicas a medida que avanza el caso, o tendr\u00e1 que encontrar un proveedor m\u00e9dico que est\u00e9 dispuesto a esperar el pago hasta el final de su tratamiento.<\/p>\n<p>Ahora bien, hay algo que es fundamental: nunca dejes de recibir atenci\u00f3n m\u00e9dica por temor a no saber qui\u00e9n la va a pagar. Siempre debes concentrarte en obtener la atenci\u00f3n m\u00e9dica que necesitas para recuperarte de tus lesiones. Ninguna cantidad de dinero puede compensar tu salud y tu salud es lo m\u00e1s importante.<\/p>\n<p>Al final de su caso, lo que podemos hacer es tomar todas sus facturas m\u00e9dicas relacionadas con las lesiones sufridas por el accidente y exigir que la compa\u00f1\u00eda de seguros de terceros pague todas esas facturas m\u00e9dicas. Tambi\u00e9n hay algo que debe saber sobre este proceso, llamado subrogaci\u00f3n. Cualquiera que pague las facturas m\u00e9dicas en su nombre mientras el caso est\u00e1 en curso, ya sea PIP o seguro m\u00e9dico, tendr\u00e1 derecho a que se le reembolse esa cantidad en el momento del acuerdo.<\/p>\n<p>Es importante que hable con un abogado sobre la subrogaci\u00f3n, porque contratar a un abogado puede ayudarle a reducir o, a veces, eliminar la necesidad de pagar a esas compa\u00f1\u00edas de seguros debido a la subrogaci\u00f3n.<\/p>\n<p>\u00bfTienes preguntas? Ll\u00e1manos al 206-285-1743.<\/p>","protected":false},"excerpt":{"rendered":"<p>Siempre debe concentrarse en obtener la atenci\u00f3n m\u00e9dica que necesita para recuperarse de sus lesiones. Ninguna cantidad de dinero puede compensar su salud y su salud es lo m\u00e1s importante.<\/p>","protected":false},"author":2,"featured_media":0,"parent":720,"menu_order":0,"comment_status":"closed","ping_status":"closed","template":"","meta":{"_acf_changed":false,"_genesis_hide_title":false,"_genesis_hide_breadcrumbs":false,"_genesis_hide_singular_image":false,"_genesis_hide_footer_widgets":false,"_genesis_custom_body_class":"","_genesis_custom_post_class":"","_genesis_layout":"","footnotes":""},"hc_faqs":[],"class_list":{"0":"post-11618","1":"page","2":"type-page","3":"status-publish","5":"entry"},"acf":[],"yoast_head":"<!-- This site is optimized with the Yoast SEO plugin v27.4 - https:\/\/yoast.com\/product\/yoast-seo-wordpress\/ -->\n<title>Video: What do I do with medical bills while my case is in progress?<\/title>\n<meta name=\"description\" content=\"Video: What do I do with medical bills while my case is in progress?: Premier Law Group helps you unlock the full compensation you deserve. No Fee Unless We Win.\" \/>\n<meta name=\"robots\" content=\"index, follow, max-snippet:-1, max-image-preview:large, max-video-preview:-1\" \/>\n<link rel=\"canonical\" href=\"https:\/\/plg-pllc.com\/es\/videos\/video-what-do-i-do-with-medical-bills-while-my-case-is-in-progress\/\" \/>\n<meta property=\"og:locale\" content=\"es_MX\" \/>\n<meta property=\"og:type\" content=\"article\" \/>\n<meta property=\"og:title\" content=\"Video: What do I do with medical bills while my case is in progress?\" \/>\n<meta property=\"og:description\" content=\"Video: What do I do with medical bills while my case is in progress?: Premier Law Group helps you unlock the full compensation you deserve. No Fee Unless We Win.\" \/>\n<meta property=\"og:url\" content=\"https:\/\/plg-pllc.com\/es\/videos\/video-what-do-i-do-with-medical-bills-while-my-case-is-in-progress\/\" \/>\n<meta property=\"og:site_name\" content=\"Premier Law Group\" \/>\n<meta property=\"article:publisher\" content=\"https:\/\/www.facebook.com\/premierlawgroup\" \/>\n<meta property=\"article:modified_time\" content=\"2024-11-29T05:07:31+00:00\" \/>\n<meta name=\"twitter:card\" content=\"summary_large_image\" \/>\n<meta name=\"twitter:site\" content=\"@premierlawgroup\" \/>\n<meta name=\"twitter:label1\" content=\"Tiempo de lectura\" \/>\n\t<meta name=\"twitter:data1\" content=\"2 minutos\" \/>\n<script type=\"application\/ld+json\" class=\"yoast-schema-graph\">{\"@context\":\"https:\\\/\\\/schema.org\",\"@graph\":[{\"@type\":\"WebPage\",\"@id\":\"https:\\\/\\\/plg-pllc.com\\\/videos\\\/video-what-do-i-do-with-medical-bills-while-my-case-is-in-progress\\\/\",\"url\":\"https:\\\/\\\/plg-pllc.com\\\/videos\\\/video-what-do-i-do-with-medical-bills-while-my-case-is-in-progress\\\/\",\"name\":\"Video: What do I do with medical bills while my case is in progress?\",\"isPartOf\":{\"@id\":\"https:\\\/\\\/plg-pllc.com\\\/#website\"},\"datePublished\":\"2013-09-27T23:41:09+00:00\",\"dateModified\":\"2024-11-29T05:07:31+00:00\",\"description\":\"Video: What do I do with medical bills while my case is in progress?: Premier Law Group helps you unlock the full compensation you deserve. No Fee Unless We Win.\",\"breadcrumb\":{\"@id\":\"https:\\\/\\\/plg-pllc.com\\\/videos\\\/video-what-do-i-do-with-medical-bills-while-my-case-is-in-progress\\\/#breadcrumb\"},\"inLanguage\":\"es\",\"potentialAction\":[{\"@type\":\"ReadAction\",\"target\":[\"https:\\\/\\\/plg-pllc.com\\\/videos\\\/video-what-do-i-do-with-medical-bills-while-my-case-is-in-progress\\\/\"]}]},{\"@type\":\"BreadcrumbList\",\"@id\":\"https:\\\/\\\/plg-pllc.com\\\/videos\\\/video-what-do-i-do-with-medical-bills-while-my-case-is-in-progress\\\/#breadcrumb\",\"itemListElement\":[{\"@type\":\"ListItem\",\"position\":1,\"name\":\"Home\",\"item\":\"https:\\\/\\\/plg-pllc.com\\\/es\\\/\"},{\"@type\":\"ListItem\",\"position\":2,\"name\":\"Videos\",\"item\":\"https:\\\/\\\/plg-pllc.com\\\/es\\\/videos\\\/\"},{\"@type\":\"ListItem\",\"position\":3,\"name\":\"Video: What do I do with medical bills while my case is in progress?\"}]},{\"@type\":\"WebSite\",\"@id\":\"https:\\\/\\\/plg-pllc.com\\\/#website\",\"url\":\"https:\\\/\\\/plg-pllc.com\\\/\",\"name\":\"Premier Law Group\",\"description\":\"Washington Wrongful Death and Serious Injury Lawyer\",\"publisher\":{\"@id\":\"https:\\\/\\\/plg-pllc.com\\\/#organization\"},\"inLanguage\":\"es\"},{\"@type\":\"Organization\",\"@id\":\"https:\\\/\\\/plg-pllc.com\\\/#organization\",\"name\":\"Premier Law Group\",\"url\":\"https:\\\/\\\/plg-pllc.com\\\/\",\"logo\":{\"@type\":\"ImageObject\",\"inLanguage\":\"es\",\"@id\":\"https:\\\/\\\/plg-pllc.com\\\/#\\\/schema\\\/logo\\\/image\\\/\",\"url\":\"https:\\\/\\\/plg-pllc.com\\\/wp-content\\\/uploads\\\/2020\\\/10\\\/plg-logo-v2.gif\",\"contentUrl\":\"https:\\\/\\\/plg-pllc.com\\\/wp-content\\\/uploads\\\/2020\\\/10\\\/plg-logo-v2.gif\",\"width\":592,\"height\":191,\"caption\":\"Premier Law Group\"},\"image\":{\"@id\":\"https:\\\/\\\/plg-pllc.com\\\/#\\\/schema\\\/logo\\\/image\\\/\"},\"sameAs\":[\"https:\\\/\\\/www.facebook.com\\\/premierlawgroup\",\"https:\\\/\\\/x.com\\\/premierlawgroup\"]}]}<\/script>\n<!-- \/ Yoast SEO plugin. -->","yoast_head_json":{"title":"V\u00eddeo: \u00bfQu\u00e9 hago con las facturas m\u00e9dicas mientras mi caso est\u00e1 en tr\u00e1mite?","description":"V\u00eddeo: \u00bfQu\u00e9 hago con las facturas m\u00e9dicas mientras mi caso est\u00e1 en curso?: Premier Law Group le ayuda a obtener la compensaci\u00f3n total que merece. Sin honorarios a menos que ganemos.","robots":{"index":"index","follow":"follow","max-snippet":"max-snippet:-1","max-image-preview":"max-image-preview:large","max-video-preview":"max-video-preview:-1"},"canonical":"https:\/\/plg-pllc.com\/es\/videos\/video-what-do-i-do-with-medical-bills-while-my-case-is-in-progress\/","og_locale":"es_MX","og_type":"article","og_title":"Video: What do I do with medical bills while my case is in progress?","og_description":"Video: What do I do with medical bills while my case is in progress?: Premier Law Group helps you unlock the full compensation you deserve. No Fee Unless We Win.","og_url":"https:\/\/plg-pllc.com\/es\/videos\/video-what-do-i-do-with-medical-bills-while-my-case-is-in-progress\/","og_site_name":"Premier Law Group","article_publisher":"https:\/\/www.facebook.com\/premierlawgroup","article_modified_time":"2024-11-29T05:07:31+00:00","twitter_card":"summary_large_image","twitter_site":"@premierlawgroup","twitter_misc":{"Tiempo de lectura":"2 minutos"},"schema":{"@context":"https:\/\/schema.org","@graph":[{"@type":"WebPage","@id":"https:\/\/plg-pllc.com\/videos\/video-what-do-i-do-with-medical-bills-while-my-case-is-in-progress\/","url":"https:\/\/plg-pllc.com\/videos\/video-what-do-i-do-with-medical-bills-while-my-case-is-in-progress\/","name":"V\u00eddeo: \u00bfQu\u00e9 hago con las facturas m\u00e9dicas mientras mi caso est\u00e1 en tr\u00e1mite?","isPartOf":{"@id":"https:\/\/plg-pllc.com\/#website"},"datePublished":"2013-09-27T23:41:09+00:00","dateModified":"2024-11-29T05:07:31+00:00","description":"V\u00eddeo: \u00bfQu\u00e9 hago con las facturas m\u00e9dicas mientras mi caso est\u00e1 en curso?: Premier Law Group le ayuda a obtener la compensaci\u00f3n total que merece. Sin honorarios a menos que ganemos.","breadcrumb":{"@id":"https:\/\/plg-pllc.com\/videos\/video-what-do-i-do-with-medical-bills-while-my-case-is-in-progress\/#breadcrumb"},"inLanguage":"es","potentialAction":[{"@type":"ReadAction","target":["https:\/\/plg-pllc.com\/videos\/video-what-do-i-do-with-medical-bills-while-my-case-is-in-progress\/"]}]},{"@type":"BreadcrumbList","@id":"https:\/\/plg-pllc.com\/videos\/video-what-do-i-do-with-medical-bills-while-my-case-is-in-progress\/#breadcrumb","itemListElement":[{"@type":"ListItem","position":1,"name":"Home","item":"https:\/\/plg-pllc.com\/es\/"},{"@type":"ListItem","position":2,"name":"Videos","item":"https:\/\/plg-pllc.com\/es\/videos\/"},{"@type":"ListItem","position":3,"name":"Video: What do I do with medical bills while my case is in progress?"}]},{"@type":"WebSite","@id":"https:\/\/plg-pllc.com\/#website","url":"https:\/\/plg-pllc.com\/","name":"Grupo de abogados Premier","description":"Abogado de muerte por negligencia y lesiones graves en Washington","publisher":{"@id":"https:\/\/plg-pllc.com\/#organization"},"inLanguage":"es"},{"@type":"Organization","@id":"https:\/\/plg-pllc.com\/#organization","name":"Grupo de abogados Premier","url":"https:\/\/plg-pllc.com\/","logo":{"@type":"ImageObject","inLanguage":"es","@id":"https:\/\/plg-pllc.com\/#\/schema\/logo\/image\/","url":"https:\/\/plg-pllc.com\/wp-content\/uploads\/2020\/10\/plg-logo-v2.gif","contentUrl":"https:\/\/plg-pllc.com\/wp-content\/uploads\/2020\/10\/plg-logo-v2.gif","width":592,"height":191,"caption":"Premier Law Group"},"image":{"@id":"https:\/\/plg-pllc.com\/#\/schema\/logo\/image\/"},"sameAs":["https:\/\/www.facebook.com\/premierlawgroup","https:\/\/x.com\/premierlawgroup"]}]}},"_links":{"self":[{"href":"https:\/\/plg-pllc.com\/es\/wp-json\/wp\/v2\/pages\/11618","targetHints":{"allow":["GET"]}}],"collection":[{"href":"https:\/\/plg-pllc.com\/es\/wp-json\/wp\/v2\/pages"}],"about":[{"href":"https:\/\/plg-pllc.com\/es\/wp-json\/wp\/v2\/types\/page"}],"author":[{"embeddable":true,"href":"https:\/\/plg-pllc.com\/es\/wp-json\/wp\/v2\/users\/2"}],"replies":[{"embeddable":true,"href":"https:\/\/plg-pllc.com\/es\/wp-json\/wp\/v2\/comments?post=11618"}],"version-history":[{"count":0,"href":"https:\/\/plg-pllc.com\/es\/wp-json\/wp\/v2\/pages\/11618\/revisions"}],"up":[{"embeddable":true,"href":"https:\/\/plg-pllc.com\/es\/wp-json\/wp\/v2\/pages\/720"}],"wp:attachment":[{"href":"https:\/\/plg-pllc.com\/es\/wp-json\/wp\/v2\/media?parent=11618"}],"wp:term":[{"taxonomy":"hc_faqs","embeddable":true,"href":"https:\/\/plg-pllc.com\/es\/wp-json\/wp\/v2\/hc_faqs?post=11618"}],"curies":[{"name":"gracias","href":"https:\/\/api.w.org\/{rel}","templated":true}]}}