{"id":11731,"date":"2013-11-05T16:39:40","date_gmt":"2013-11-05T23:39:40","guid":{"rendered":"https:\/\/plg-pllc.com\/?p=11731"},"modified":"2024-11-28T21:05:52","modified_gmt":"2024-11-29T05:05:52","slug":"video-finding-fault-in-a-fatality","status":"publish","type":"page","link":"https:\/\/plg-pllc.com\/es\/videos\/video-finding-fault-in-a-fatality\/","title":{"rendered":"V\u00eddeo: Encontrar la culpa en una fatalidad"},"content":{"rendered":"<p><iframe loading=\"lazy\" src=\"\/\/www.youtube.com\/embed\/h0xjmGAz1ys?rel=0\" width=\"740\" height=\"416\" frameborder=\"0\" allowfullscreen=\"allowfullscreen\"><\/iframe><\/p>\n<p>Hola, soy Jason y hoy quiero hablar sobre un caso del que quiz\u00e1s hayas o\u00eddo hablar en Everett, Washington, donde una adolescente fue asesinada en una acera.<\/p>\n<p>Lo interesante de este caso es determinar qui\u00e9n tuvo la culpa. La mayor\u00eda asumir\u00eda que la persona que la golpe\u00f3 y finalmente la mat\u00f3 ser\u00eda la parte culpable. Sin embargo, en este caso, el auto que la golpe\u00f3 en realidad estaba realizando una maniobra evasiva despu\u00e9s de que otro auto no le cediera el paso. Por lo tanto, este es uno de esos casos en los que no podemos simplemente asumir que la persona que golpe\u00f3 a la persona lesionada o, en este caso, a la v\u00edctima fallecida, fue la parte culpable. Tenemos que retroceder un poco y analizar qu\u00e9 caus\u00f3 el accidente.<\/p>\n<p>Un conductor adolescente no cedi\u00f3 el paso. Otro conductor que ven\u00eda en direcci\u00f3n contraria realiz\u00f3 una maniobra evasiva y se sali\u00f3 de la carretera hacia la acera, atropellando y matando a esta adolescente que regresaba caminando de la escuela a su casa.<\/p>\n<p>Por lo tanto, para determinar qui\u00e9n tiene la culpa, lo que debemos hacer es analizar qu\u00e9 acciones llevaron en \u00faltima instancia al accidente y qui\u00e9n hizo algo mal. La persona que hizo algo mal en este caso fue el conductor que no cedi\u00f3 el paso. Es poco probable que el conductor que se enfrent\u00f3 a lo que se llama una &quot;maniobra de emergencia repentina&quot; haya hecho algo mal. Ven\u00eda en direcci\u00f3n contraria, un autom\u00f3vil no cedi\u00f3 el paso y tuvo que tomar una decisi\u00f3n en una fracci\u00f3n de segundo. Gir\u00f3 el volante y se sali\u00f3 de la carretera hacia la acera, lo que result\u00f3 en una fatalidad. Sin embargo, con toda probabilidad, la culpa solo recae en el conductor que originalmente no cedi\u00f3 el paso y provoc\u00f3 que el segundo conductor hiciera la maniobra de emergencia repentina.<\/p>\n<p>En Washington, somos lo que se llama una <a href=\"https:\/\/en.wikipedia.org\/wiki\/Comparative_negligence\">Estado de falla comparativo puro<\/a>. Eso significa que en cada caso, hay una &quot;culpa&quot; que se puede dividir entre varias partes. Por lo tanto, es posible que un conductor sea culpable de un accidente y otro conductor sea culpable de un accidente. En cada accidente, volvemos a dividir la culpa de esa manera.<\/p>\n<p>En la mayor\u00eda de los casos, es f\u00e1cil hacerlo y, por lo general, determinamos que una de las partes tiene la culpa. Sin embargo, hay ocasiones en las que debemos realizar un an\u00e1lisis detallado para dividir la culpa entre las diferentes partes.<\/p>\n<p>\u00bfTiene preguntas sobre accidentes automovil\u00edsticos y muerte por negligencia en el estado de Washington? Ll\u00e1menos al 206-285-1743 o <a href=\"https:\/\/plg-pllc.com\">Cont\u00e1ctenos<\/a>.<\/p>","protected":false},"excerpt":{"rendered":"<p>Lo interesante de este caso es determinar qui\u00e9n tuvo la culpa. La mayor\u00eda asumir\u00eda que la persona que la golpe\u00f3 y finalmente la mat\u00f3 ser\u00eda la parte culpable. Sin embargo, en este caso, el auto que la golpe\u00f3 en realidad estaba realizando una maniobra evasiva despu\u00e9s de que otro auto no le cediera el paso.<\/p>","protected":false},"author":2,"featured_media":0,"parent":720,"menu_order":0,"comment_status":"closed","ping_status":"closed","template":"","meta":{"_acf_changed":false,"_genesis_hide_title":false,"_genesis_hide_breadcrumbs":false,"_genesis_hide_singular_image":false,"_genesis_hide_footer_widgets":false,"_genesis_custom_body_class":"","_genesis_custom_post_class":"","_genesis_layout":"","footnotes":""},"hc_faqs":[],"class_list":{"0":"post-11731","1":"page","2":"type-page","3":"status-publish","5":"entry"},"acf":[],"yoast_head":"<!-- This site is optimized with the Yoast SEO plugin v27.2 - https:\/\/yoast.com\/product\/yoast-seo-wordpress\/ -->\n<title>Video: Finding Fault in a Fatality<\/title>\n<meta name=\"description\" content=\"Video: Finding Fault in a Fatality: Premier Law Group helps you unlock the full compensation you deserve. No Fee Unless We Win.\" \/>\n<meta name=\"robots\" content=\"index, follow, max-snippet:-1, max-image-preview:large, max-video-preview:-1\" \/>\n<link rel=\"canonical\" href=\"https:\/\/plg-pllc.com\/es\/videos\/video-finding-fault-in-a-fatality\/\" \/>\n<meta property=\"og:locale\" content=\"es_MX\" \/>\n<meta property=\"og:type\" content=\"article\" \/>\n<meta property=\"og:title\" content=\"Video: Finding Fault in a Fatality\" \/>\n<meta property=\"og:description\" content=\"Video: Finding Fault in a Fatality: Premier Law Group helps you unlock the full compensation you deserve. No Fee Unless We Win.\" \/>\n<meta property=\"og:url\" content=\"https:\/\/plg-pllc.com\/es\/videos\/video-finding-fault-in-a-fatality\/\" \/>\n<meta property=\"og:site_name\" content=\"Premier Law Group\" \/>\n<meta property=\"article:publisher\" content=\"https:\/\/www.facebook.com\/premierlawgroup\" \/>\n<meta property=\"article:modified_time\" content=\"2024-11-29T05:05:52+00:00\" \/>\n<meta name=\"twitter:card\" content=\"summary_large_image\" \/>\n<meta name=\"twitter:site\" content=\"@premierlawgroup\" \/>\n<meta name=\"twitter:label1\" content=\"Tiempo de lectura\" \/>\n\t<meta name=\"twitter:data1\" content=\"2 minutos\" \/>\n<script type=\"application\/ld+json\" class=\"yoast-schema-graph\">{\"@context\":\"https:\/\/schema.org\",\"@graph\":[{\"@type\":\"WebPage\",\"@id\":\"https:\/\/plg-pllc.com\/videos\/video-finding-fault-in-a-fatality\/\",\"url\":\"https:\/\/plg-pllc.com\/videos\/video-finding-fault-in-a-fatality\/\",\"name\":\"Video: Finding Fault in a Fatality\",\"isPartOf\":{\"@id\":\"https:\/\/plg-pllc.com\/#website\"},\"datePublished\":\"2013-11-05T23:39:40+00:00\",\"dateModified\":\"2024-11-29T05:05:52+00:00\",\"description\":\"Video: Finding Fault in a Fatality: Premier Law Group helps you unlock the full compensation you deserve. No Fee Unless We Win.\",\"breadcrumb\":{\"@id\":\"https:\/\/plg-pllc.com\/videos\/video-finding-fault-in-a-fatality\/#breadcrumb\"},\"inLanguage\":\"es\",\"potentialAction\":[{\"@type\":\"ReadAction\",\"target\":[\"https:\/\/plg-pllc.com\/videos\/video-finding-fault-in-a-fatality\/\"]}]},{\"@type\":\"BreadcrumbList\",\"@id\":\"https:\/\/plg-pllc.com\/videos\/video-finding-fault-in-a-fatality\/#breadcrumb\",\"itemListElement\":[{\"@type\":\"ListItem\",\"position\":1,\"name\":\"Home\",\"item\":\"https:\/\/plg-pllc.com\/es\/\"},{\"@type\":\"ListItem\",\"position\":2,\"name\":\"Videos\",\"item\":\"https:\/\/plg-pllc.com\/es\/videos\/\"},{\"@type\":\"ListItem\",\"position\":3,\"name\":\"Video: Finding Fault in a Fatality\"}]},{\"@type\":\"WebSite\",\"@id\":\"https:\/\/plg-pllc.com\/#website\",\"url\":\"https:\/\/plg-pllc.com\/\",\"name\":\"Premier Law Group\",\"description\":\"Washington Wrongful Death and Serious Injury Lawyer\",\"publisher\":{\"@id\":\"https:\/\/plg-pllc.com\/#organization\"},\"inLanguage\":\"es\"},{\"@type\":\"Organization\",\"@id\":\"https:\/\/plg-pllc.com\/#organization\",\"name\":\"Premier Law Group\",\"url\":\"https:\/\/plg-pllc.com\/\",\"logo\":{\"@type\":\"ImageObject\",\"inLanguage\":\"es\",\"@id\":\"https:\/\/plg-pllc.com\/#\/schema\/logo\/image\/\",\"url\":\"https:\/\/plg-pllc.com\/wp-content\/uploads\/2020\/10\/plg-logo-v2.gif\",\"contentUrl\":\"https:\/\/plg-pllc.com\/wp-content\/uploads\/2020\/10\/plg-logo-v2.gif\",\"width\":592,\"height\":191,\"caption\":\"Premier Law Group\"},\"image\":{\"@id\":\"https:\/\/plg-pllc.com\/#\/schema\/logo\/image\/\"},\"sameAs\":[\"https:\/\/www.facebook.com\/premierlawgroup\",\"https:\/\/x.com\/premierlawgroup\"]}]}<\/script>\n<!-- \/ Yoast SEO plugin. -->","yoast_head_json":{"title":"V\u00eddeo: Encontrar la culpa en una fatalidad","description":"V\u00eddeo: C\u00f3mo encontrar la culpa en una fatalidad: Premier Law Group le ayuda a conseguir la indemnizaci\u00f3n total que merece. Sin honorarios a menos que ganemos.","robots":{"index":"index","follow":"follow","max-snippet":"max-snippet:-1","max-image-preview":"max-image-preview:large","max-video-preview":"max-video-preview:-1"},"canonical":"https:\/\/plg-pllc.com\/es\/videos\/video-finding-fault-in-a-fatality\/","og_locale":"es_MX","og_type":"article","og_title":"Video: Finding Fault in a Fatality","og_description":"Video: Finding Fault in a Fatality: Premier Law Group helps you unlock the full compensation you deserve. No Fee Unless We Win.","og_url":"https:\/\/plg-pllc.com\/es\/videos\/video-finding-fault-in-a-fatality\/","og_site_name":"Premier Law Group","article_publisher":"https:\/\/www.facebook.com\/premierlawgroup","article_modified_time":"2024-11-29T05:05:52+00:00","twitter_card":"summary_large_image","twitter_site":"@premierlawgroup","twitter_misc":{"Tiempo de lectura":"2 minutos"},"schema":{"@context":"https:\/\/schema.org","@graph":[{"@type":"WebPage","@id":"https:\/\/plg-pllc.com\/videos\/video-finding-fault-in-a-fatality\/","url":"https:\/\/plg-pllc.com\/videos\/video-finding-fault-in-a-fatality\/","name":"V\u00eddeo: Encontrar la culpa en una fatalidad","isPartOf":{"@id":"https:\/\/plg-pllc.com\/#website"},"datePublished":"2013-11-05T23:39:40+00:00","dateModified":"2024-11-29T05:05:52+00:00","description":"V\u00eddeo: C\u00f3mo encontrar la culpa en una fatalidad: Premier Law Group le ayuda a conseguir la indemnizaci\u00f3n total que merece. Sin honorarios a menos que ganemos.","breadcrumb":{"@id":"https:\/\/plg-pllc.com\/videos\/video-finding-fault-in-a-fatality\/#breadcrumb"},"inLanguage":"es","potentialAction":[{"@type":"ReadAction","target":["https:\/\/plg-pllc.com\/videos\/video-finding-fault-in-a-fatality\/"]}]},{"@type":"BreadcrumbList","@id":"https:\/\/plg-pllc.com\/videos\/video-finding-fault-in-a-fatality\/#breadcrumb","itemListElement":[{"@type":"ListItem","position":1,"name":"Home","item":"https:\/\/plg-pllc.com\/es\/"},{"@type":"ListItem","position":2,"name":"Videos","item":"https:\/\/plg-pllc.com\/es\/videos\/"},{"@type":"ListItem","position":3,"name":"Video: Finding Fault in a Fatality"}]},{"@type":"WebSite","@id":"https:\/\/plg-pllc.com\/#website","url":"https:\/\/plg-pllc.com\/","name":"Grupo de abogados Premier","description":"Abogado de muerte por negligencia y lesiones graves en Washington","publisher":{"@id":"https:\/\/plg-pllc.com\/#organization"},"inLanguage":"es"},{"@type":"Organization","@id":"https:\/\/plg-pllc.com\/#organization","name":"Grupo de abogados Premier","url":"https:\/\/plg-pllc.com\/","logo":{"@type":"ImageObject","inLanguage":"es","@id":"https:\/\/plg-pllc.com\/#\/schema\/logo\/image\/","url":"https:\/\/plg-pllc.com\/wp-content\/uploads\/2020\/10\/plg-logo-v2.gif","contentUrl":"https:\/\/plg-pllc.com\/wp-content\/uploads\/2020\/10\/plg-logo-v2.gif","width":592,"height":191,"caption":"Premier Law Group"},"image":{"@id":"https:\/\/plg-pllc.com\/#\/schema\/logo\/image\/"},"sameAs":["https:\/\/www.facebook.com\/premierlawgroup","https:\/\/x.com\/premierlawgroup"]}]}},"_links":{"self":[{"href":"https:\/\/plg-pllc.com\/es\/wp-json\/wp\/v2\/pages\/11731","targetHints":{"allow":["GET"]}}],"collection":[{"href":"https:\/\/plg-pllc.com\/es\/wp-json\/wp\/v2\/pages"}],"about":[{"href":"https:\/\/plg-pllc.com\/es\/wp-json\/wp\/v2\/types\/page"}],"author":[{"embeddable":true,"href":"https:\/\/plg-pllc.com\/es\/wp-json\/wp\/v2\/users\/2"}],"replies":[{"embeddable":true,"href":"https:\/\/plg-pllc.com\/es\/wp-json\/wp\/v2\/comments?post=11731"}],"version-history":[{"count":0,"href":"https:\/\/plg-pllc.com\/es\/wp-json\/wp\/v2\/pages\/11731\/revisions"}],"up":[{"embeddable":true,"href":"https:\/\/plg-pllc.com\/es\/wp-json\/wp\/v2\/pages\/720"}],"wp:attachment":[{"href":"https:\/\/plg-pllc.com\/es\/wp-json\/wp\/v2\/media?parent=11731"}],"wp:term":[{"taxonomy":"hc_faqs","embeddable":true,"href":"https:\/\/plg-pllc.com\/es\/wp-json\/wp\/v2\/hc_faqs?post=11731"}],"curies":[{"name":"gracias","href":"https:\/\/api.w.org\/{rel}","templated":true}]}}