{"id":11822,"date":"2013-12-17T14:46:28","date_gmt":"2013-12-17T21:46:28","guid":{"rendered":"https:\/\/plg-pllc.com\/?page_id=11822"},"modified":"2024-11-07T04:12:16","modified_gmt":"2024-11-07T12:12:16","slug":"choosing-an-attorney-for-your-case","status":"publish","type":"page","link":"https:\/\/plg-pllc.com\/es\/faqs\/how-do-i-choose-my-attorney\/","title":{"rendered":"C\u00f3mo elegir un abogado para su caso"},"content":{"rendered":"<p>Para la mayor\u00eda de las personas, elegir un abogado puede ser un proceso abrumador. Ni siquiera siempre es f\u00e1cil saber si necesitar\u00e1 un abogado especializado en lesiones personales o si su caso es algo que puede manejar usted mismo. Despu\u00e9s de un accidente automovil\u00edstico, usted espera que la compa\u00f1\u00eda de seguros est\u00e9 de su lado y le otorgue la compensaci\u00f3n que se merece. Desafortunadamente, este no siempre es el caso. Las compa\u00f1\u00edas de seguros est\u00e1n en el negocio por un solo motivo: ganar dinero, incluso si eso significa pagarle lo menos posible. Un abogado especializado en lesiones personales tendr\u00e1 el conocimiento y la experiencia necesarios para obtener justicia para usted. Esperamos desmitificar la publicidad de abogados, as\u00ed como brindar algunos consejos sobre qu\u00e9 preguntarle a un abogado antes de contratarlo.<\/p>\n<p>Una vez que haya elegido un abogado, es importante que comprenda sus propios derechos como cliente. Si su abogado vale algo, se encargar\u00e1 de la mayor parte del trabajo de lidiar con la compa\u00f1\u00eda de seguros, para que usted pueda concentrarse en mejorar. Sin embargo, eso no significa que deba estar desinformado sobre el proceso o no prestar atenci\u00f3n a lo que sucede en su caso. Tambi\u00e9n hemos escrito material sobre cu\u00e1les son sus derechos como cliente y algunas se\u00f1ales de alerta que pueden indicar que su abogado no est\u00e1 haciendo su trabajo.<\/p>\n<p>Si tiene alguna pregunta sobre el proceso legal, siempre estamos disponibles para usted. Puede comunicarse con Premier Law Group en l\u00ednea o llamar al 206-285-1743 para hablar con un miembro de nuestro equipo legal de inmediato.<\/p>\n<h2>C\u00f3mo elegir el mejor abogado para usted<\/h2>\n<p><strong>\u00bfDeber\u00eda contratar un abogado?<\/strong> No conviene gastar dinero en representaci\u00f3n si eso no le permitir\u00e1 obtener m\u00e1s por su demanda. El hecho es que no todos los casos de lesiones requieren los servicios de un abogado.<\/p>\n<p><strong>C\u00f3mo encontrar el abogado de accidentes de motocicleta adecuado para su caso<\/strong>\u00a0Los casos de accidentes de motocicleta son \u00fanicos y no se pueden resolver adecuadamente con cualquier abogado. Encontrar el tipo adecuado de abogado para su demanda por accidente de motocicleta es muy importante, pero ciertamente no es una tarea f\u00e1cil a menos que sepa qu\u00e9 buscar.<\/p>\n<p><strong><a href=\"https:\/\/plg-pllc.com\/\">C\u00f3mo elegir un abogado de accidentes de tr\u00e1fico<\/a><\/strong> La decisi\u00f3n de contratar a un abogado especializado en lesiones personales para que luche por usted no es algo que se pueda tomar a la ligera. La compensaci\u00f3n por da\u00f1os puede cambiarle la vida. Debe encontrar el tipo adecuado de abogado especializado en lesiones personales para que lo represente, pero hay muchos factores que intervienen para determinar qu\u00e9 abogado es el adecuado para usted y su caso.<\/p>\n<h2>Conozca los secretos de los anuncios de abogados.<\/h2>\n<p><img loading=\"lazy\" decoding=\"async\" class=\"alignleft size-medium wp-image-7914\" src=\"https:\/\/plg-pllc.com\/wp-content\/uploads\/2013\/09\/Lawyer-Advertising-Book.jpg\" alt=\"\" width=\"193\" height=\"300\" \/>Una de las razones por las que escrib\u00ed el libro \u201cLa impactante verdad sobre la publicidad de abogados\u201d fue para usar mi experiencia para descifrar la confusa jerga de la publicidad de abogados, de modo que todos puedan entender lo que dicen los abogados. Si usted es residente del estado de Washington, puede obtener el libro de forma gratuita.\u00a0\u00a0<strong>La mejor manera de proteger sus derechos legales b\u00e1sicos es informarse.\u00a0<\/strong>Aseg\u00farese de que su abogado est\u00e9 haciendo su trabajo y tendr\u00e1 una clara ventaja en su caso. \u00bfLe gustar\u00eda saber m\u00e1s sobre c\u00f3mo seleccionar un abogado para su caso? Solicite nuestro libro GRATUITO y sin compromiso. <em>La impactante verdad sobre la publicidad de los abogados<\/em>, rellenando el siguiente formulario.<\/p>\n<form class=\"infusion-form\" accept-charset=\"UTF-8\" action=\"https:\/\/plg.infusionsoft.com\/app\/form\/process\/7f5f50198d203c6eaa6f54f2d7056e2c\" method=\"POST\">\n<div class=\"infusion-field\"><label for=\"inf_field_FirstName\">Nombre de pila *<\/label><input id=\"inf_field_FirstName\" class=\"infusion-field-input-container\" name=\"inf_field_FirstName\" type=\"text\" placeholder=\"Nombre de pila*\" \/><\/div>\n<div class=\"infusion-field\"><label for=\"inf_field_Email\">Correo electr\u00f3nico *<\/label><input id=\"inf_field_Email\" class=\"infusion-field-input-container\" name=\"inf_field_Email\" type=\"text\" placeholder=\"Correo electr\u00f3nico*\" \/><\/div>\n<div class=\"infusion-submit\"><input type=\"submit\" value=\"Env\u00edame el libro electr\u00f3nico\" \/><\/div>\n<div class=\"infusion-required\">*Campos obligatorios<\/div>\n<\/form>","protected":false},"excerpt":{"rendered":"<p>Para la mayor\u00eda de las personas, elegir un abogado puede ser un proceso abrumador. Ni siquiera siempre es f\u00e1cil saber si necesitar\u00e1 un abogado especializado en lesiones personales o si su caso es algo que puede manejar por su cuenta. Despu\u00e9s de un accidente automovil\u00edstico, usted espera que la compa\u00f1\u00eda de seguros est\u00e9 de su lado y\u2026<\/p>","protected":false},"author":2,"featured_media":0,"parent":20714,"menu_order":0,"comment_status":"closed","ping_status":"closed","template":"","meta":{"_acf_changed":false,"_genesis_hide_title":false,"_genesis_hide_breadcrumbs":false,"_genesis_hide_singular_image":false,"_genesis_hide_footer_widgets":false,"_genesis_custom_body_class":"","_genesis_custom_post_class":"","_genesis_layout":"","footnotes":""},"hc_faqs":[],"class_list":{"0":"post-11822","1":"page","2":"type-page","3":"status-publish","5":"entry"},"acf":[],"yoast_head":"<!-- This site is optimized with the Yoast SEO plugin v27.4 - https:\/\/yoast.com\/product\/yoast-seo-wordpress\/ -->\n<title>Choosing an Attorney For Your Case<\/title>\n<meta name=\"description\" content=\"Choosing an Attorney For Your Case: Premier Law Group helps you unlock the full compensation you deserve. No Fee Unless We Win.\" \/>\n<meta name=\"robots\" content=\"index, follow, max-snippet:-1, max-image-preview:large, max-video-preview:-1\" \/>\n<link rel=\"canonical\" href=\"https:\/\/plg-pllc.com\/es\/faqs\/how-do-i-choose-my-attorney\/\" \/>\n<meta property=\"og:locale\" content=\"es_MX\" \/>\n<meta property=\"og:type\" content=\"article\" \/>\n<meta property=\"og:title\" content=\"Choosing an Attorney For Your Case\" \/>\n<meta property=\"og:description\" content=\"Choosing an Attorney For Your Case: Premier Law Group helps you unlock the full compensation you deserve. No Fee Unless We Win.\" \/>\n<meta property=\"og:url\" content=\"https:\/\/plg-pllc.com\/es\/faqs\/how-do-i-choose-my-attorney\/\" \/>\n<meta property=\"og:site_name\" content=\"Premier Law Group\" \/>\n<meta property=\"article:publisher\" content=\"https:\/\/www.facebook.com\/premierlawgroup\" \/>\n<meta property=\"article:modified_time\" content=\"2024-11-07T12:12:16+00:00\" \/>\n<meta name=\"twitter:card\" content=\"summary_large_image\" \/>\n<meta name=\"twitter:site\" content=\"@premierlawgroup\" \/>\n<meta name=\"twitter:label1\" content=\"Tiempo de lectura\" \/>\n\t<meta name=\"twitter:data1\" content=\"3 minutos\" \/>\n<script type=\"application\/ld+json\" class=\"yoast-schema-graph\">{\"@context\":\"https:\\\/\\\/schema.org\",\"@graph\":[{\"@type\":\"WebPage\",\"@id\":\"https:\\\/\\\/plg-pllc.com\\\/faqs\\\/how-do-i-choose-my-attorney\\\/\",\"url\":\"https:\\\/\\\/plg-pllc.com\\\/faqs\\\/how-do-i-choose-my-attorney\\\/\",\"name\":\"Choosing an Attorney For Your Case\",\"isPartOf\":{\"@id\":\"https:\\\/\\\/plg-pllc.com\\\/#website\"},\"primaryImageOfPage\":{\"@id\":\"https:\\\/\\\/plg-pllc.com\\\/faqs\\\/how-do-i-choose-my-attorney\\\/#primaryimage\"},\"image\":{\"@id\":\"https:\\\/\\\/plg-pllc.com\\\/faqs\\\/how-do-i-choose-my-attorney\\\/#primaryimage\"},\"thumbnailUrl\":\"https:\\\/\\\/plg-pllc.com\\\/wp-content\\\/uploads\\\/2013\\\/09\\\/Lawyer-Advertising-Book.jpg\",\"datePublished\":\"2013-12-17T21:46:28+00:00\",\"dateModified\":\"2024-11-07T12:12:16+00:00\",\"description\":\"Choosing an Attorney For Your Case: Premier Law Group helps you unlock the full compensation you deserve. No Fee Unless We Win.\",\"breadcrumb\":{\"@id\":\"https:\\\/\\\/plg-pllc.com\\\/faqs\\\/how-do-i-choose-my-attorney\\\/#breadcrumb\"},\"inLanguage\":\"es\",\"potentialAction\":[{\"@type\":\"ReadAction\",\"target\":[\"https:\\\/\\\/plg-pllc.com\\\/faqs\\\/how-do-i-choose-my-attorney\\\/\"]}]},{\"@type\":\"ImageObject\",\"inLanguage\":\"es\",\"@id\":\"https:\\\/\\\/plg-pllc.com\\\/faqs\\\/how-do-i-choose-my-attorney\\\/#primaryimage\",\"url\":\"https:\\\/\\\/plg-pllc.com\\\/wp-content\\\/uploads\\\/2013\\\/09\\\/Lawyer-Advertising-Book.jpg\",\"contentUrl\":\"https:\\\/\\\/plg-pllc.com\\\/wp-content\\\/uploads\\\/2013\\\/09\\\/Lawyer-Advertising-Book.jpg\"},{\"@type\":\"BreadcrumbList\",\"@id\":\"https:\\\/\\\/plg-pllc.com\\\/faqs\\\/how-do-i-choose-my-attorney\\\/#breadcrumb\",\"itemListElement\":[{\"@type\":\"ListItem\",\"position\":1,\"name\":\"Home\",\"item\":\"https:\\\/\\\/plg-pllc.com\\\/es\\\/\"},{\"@type\":\"ListItem\",\"position\":2,\"name\":\"FAQs\",\"item\":\"https:\\\/\\\/plg-pllc.com\\\/es\\\/faqs\\\/\"},{\"@type\":\"ListItem\",\"position\":3,\"name\":\"Choosing an Attorney For Your Case\"}]},{\"@type\":\"WebSite\",\"@id\":\"https:\\\/\\\/plg-pllc.com\\\/#website\",\"url\":\"https:\\\/\\\/plg-pllc.com\\\/\",\"name\":\"Premier Law Group\",\"description\":\"Washington Wrongful Death and Serious Injury Lawyer\",\"publisher\":{\"@id\":\"https:\\\/\\\/plg-pllc.com\\\/#organization\"},\"inLanguage\":\"es\"},{\"@type\":\"Organization\",\"@id\":\"https:\\\/\\\/plg-pllc.com\\\/#organization\",\"name\":\"Premier Law Group\",\"url\":\"https:\\\/\\\/plg-pllc.com\\\/\",\"logo\":{\"@type\":\"ImageObject\",\"inLanguage\":\"es\",\"@id\":\"https:\\\/\\\/plg-pllc.com\\\/#\\\/schema\\\/logo\\\/image\\\/\",\"url\":\"https:\\\/\\\/plg-pllc.com\\\/wp-content\\\/uploads\\\/2020\\\/10\\\/plg-logo-v2.gif\",\"contentUrl\":\"https:\\\/\\\/plg-pllc.com\\\/wp-content\\\/uploads\\\/2020\\\/10\\\/plg-logo-v2.gif\",\"width\":592,\"height\":191,\"caption\":\"Premier Law Group\"},\"image\":{\"@id\":\"https:\\\/\\\/plg-pllc.com\\\/#\\\/schema\\\/logo\\\/image\\\/\"},\"sameAs\":[\"https:\\\/\\\/www.facebook.com\\\/premierlawgroup\",\"https:\\\/\\\/x.com\\\/premierlawgroup\"]}]}<\/script>\n<!-- \/ Yoast SEO plugin. -->","yoast_head_json":{"title":"C\u00f3mo elegir un abogado para su caso","description":"C\u00f3mo elegir un abogado para su caso: Premier Law Group le ayuda a conseguir la compensaci\u00f3n total que merece. Sin honorarios a menos que ganemos.","robots":{"index":"index","follow":"follow","max-snippet":"max-snippet:-1","max-image-preview":"max-image-preview:large","max-video-preview":"max-video-preview:-1"},"canonical":"https:\/\/plg-pllc.com\/es\/faqs\/how-do-i-choose-my-attorney\/","og_locale":"es_MX","og_type":"article","og_title":"Choosing an Attorney For Your Case","og_description":"Choosing an Attorney For Your Case: Premier Law Group helps you unlock the full compensation you deserve. No Fee Unless We Win.","og_url":"https:\/\/plg-pllc.com\/es\/faqs\/how-do-i-choose-my-attorney\/","og_site_name":"Premier Law Group","article_publisher":"https:\/\/www.facebook.com\/premierlawgroup","article_modified_time":"2024-11-07T12:12:16+00:00","twitter_card":"summary_large_image","twitter_site":"@premierlawgroup","twitter_misc":{"Tiempo de lectura":"3 minutos"},"schema":{"@context":"https:\/\/schema.org","@graph":[{"@type":"WebPage","@id":"https:\/\/plg-pllc.com\/faqs\/how-do-i-choose-my-attorney\/","url":"https:\/\/plg-pllc.com\/faqs\/how-do-i-choose-my-attorney\/","name":"C\u00f3mo elegir un abogado para su caso","isPartOf":{"@id":"https:\/\/plg-pllc.com\/#website"},"primaryImageOfPage":{"@id":"https:\/\/plg-pllc.com\/faqs\/how-do-i-choose-my-attorney\/#primaryimage"},"image":{"@id":"https:\/\/plg-pllc.com\/faqs\/how-do-i-choose-my-attorney\/#primaryimage"},"thumbnailUrl":"https:\/\/plg-pllc.com\/wp-content\/uploads\/2013\/09\/Lawyer-Advertising-Book.jpg","datePublished":"2013-12-17T21:46:28+00:00","dateModified":"2024-11-07T12:12:16+00:00","description":"C\u00f3mo elegir un abogado para su caso: Premier Law Group le ayuda a conseguir la compensaci\u00f3n total que merece. Sin honorarios a menos que ganemos.","breadcrumb":{"@id":"https:\/\/plg-pllc.com\/faqs\/how-do-i-choose-my-attorney\/#breadcrumb"},"inLanguage":"es","potentialAction":[{"@type":"ReadAction","target":["https:\/\/plg-pllc.com\/faqs\/how-do-i-choose-my-attorney\/"]}]},{"@type":"ImageObject","inLanguage":"es","@id":"https:\/\/plg-pllc.com\/faqs\/how-do-i-choose-my-attorney\/#primaryimage","url":"https:\/\/plg-pllc.com\/wp-content\/uploads\/2013\/09\/Lawyer-Advertising-Book.jpg","contentUrl":"https:\/\/plg-pllc.com\/wp-content\/uploads\/2013\/09\/Lawyer-Advertising-Book.jpg"},{"@type":"BreadcrumbList","@id":"https:\/\/plg-pllc.com\/faqs\/how-do-i-choose-my-attorney\/#breadcrumb","itemListElement":[{"@type":"ListItem","position":1,"name":"Home","item":"https:\/\/plg-pllc.com\/es\/"},{"@type":"ListItem","position":2,"name":"FAQs","item":"https:\/\/plg-pllc.com\/es\/faqs\/"},{"@type":"ListItem","position":3,"name":"Choosing an Attorney For Your Case"}]},{"@type":"WebSite","@id":"https:\/\/plg-pllc.com\/#website","url":"https:\/\/plg-pllc.com\/","name":"Grupo de abogados Premier","description":"Abogado de muerte por negligencia y lesiones graves en Washington","publisher":{"@id":"https:\/\/plg-pllc.com\/#organization"},"inLanguage":"es"},{"@type":"Organization","@id":"https:\/\/plg-pllc.com\/#organization","name":"Grupo de abogados Premier","url":"https:\/\/plg-pllc.com\/","logo":{"@type":"ImageObject","inLanguage":"es","@id":"https:\/\/plg-pllc.com\/#\/schema\/logo\/image\/","url":"https:\/\/plg-pllc.com\/wp-content\/uploads\/2020\/10\/plg-logo-v2.gif","contentUrl":"https:\/\/plg-pllc.com\/wp-content\/uploads\/2020\/10\/plg-logo-v2.gif","width":592,"height":191,"caption":"Premier Law Group"},"image":{"@id":"https:\/\/plg-pllc.com\/#\/schema\/logo\/image\/"},"sameAs":["https:\/\/www.facebook.com\/premierlawgroup","https:\/\/x.com\/premierlawgroup"]}]}},"_links":{"self":[{"href":"https:\/\/plg-pllc.com\/es\/wp-json\/wp\/v2\/pages\/11822","targetHints":{"allow":["GET"]}}],"collection":[{"href":"https:\/\/plg-pllc.com\/es\/wp-json\/wp\/v2\/pages"}],"about":[{"href":"https:\/\/plg-pllc.com\/es\/wp-json\/wp\/v2\/types\/page"}],"author":[{"embeddable":true,"href":"https:\/\/plg-pllc.com\/es\/wp-json\/wp\/v2\/users\/2"}],"replies":[{"embeddable":true,"href":"https:\/\/plg-pllc.com\/es\/wp-json\/wp\/v2\/comments?post=11822"}],"version-history":[{"count":0,"href":"https:\/\/plg-pllc.com\/es\/wp-json\/wp\/v2\/pages\/11822\/revisions"}],"up":[{"embeddable":true,"href":"https:\/\/plg-pllc.com\/es\/wp-json\/wp\/v2\/pages\/20714"}],"wp:attachment":[{"href":"https:\/\/plg-pllc.com\/es\/wp-json\/wp\/v2\/media?parent=11822"}],"wp:term":[{"taxonomy":"hc_faqs","embeddable":true,"href":"https:\/\/plg-pllc.com\/es\/wp-json\/wp\/v2\/hc_faqs?post=11822"}],"curies":[{"name":"gracias","href":"https:\/\/api.w.org\/{rel}","templated":true}]}}