{"id":11889,"date":"2014-02-25T11:59:48","date_gmt":"2014-02-25T19:59:48","guid":{"rendered":"https:\/\/plg-pllc.com\/?page_id=11889"},"modified":"2025-07-25T11:34:58","modified_gmt":"2025-07-25T18:34:58","slug":"justice-for-the-bicyclist","status":"publish","type":"page","link":"https:\/\/plg-pllc.com\/es\/books\/justice-for-bicyclist\/","title":{"rendered":"Justicia para el ciclista"},"content":{"rendered":"<p><img loading=\"lazy\" decoding=\"async\" class=\"alignleft size-full wp-image-11316\" src=\"https:\/\/plg-pllc.com\/wp-content\/uploads\/2014\/02\/justice-for-the-bicyclist2.png\" alt=\"Justicia para el ciclista\" width=\"177\" height=\"263\" \/>Debido a que los accidentes de bicicleta a menudo resultan en lesiones graves y a menudo se deben a la negligencia de los conductores, vemos demasiados casos en <a href=\"https:\/\/plg-pllc.com\">Grupo de abogados Premier<\/a>Escribimos este libro, Justicia para el ciclista, para brindarles a los ciclistas herramientas para protegerse y una explicaci\u00f3n clara del proceso despu\u00e9s de que ocurre un accidente. En este libro, aprender\u00e1:<\/p>\n<ul>\n<li>C\u00f3mo tratar con los peritos de seguros<\/li>\n<li>Los errores que cometen las personas al hablar con sus m\u00e9dicos<\/li>\n<li>C\u00f3mo elegir el abogado adecuado para su caso<\/li>\n<\/ul>\n<p>Complete el formulario a continuaci\u00f3n y reciba su copia de <strong><em>Justicia para el ciclista<\/em><\/strong> \u00a1Te lo enviaremos de inmediato!<br \/>\n<span style=\"font-size: small;\">Se aplican algunas restricciones.<\/span><\/p>\n<form class=\"infusion-form\" accept-charset=\"UTF-8\" action=\"https:\/\/plg.infusionsoft.com\/app\/form\/process\/f22e0bdad0e2facb38e1e64de2b315a1\" method=\"POST\"><input name=\"inf_form_xid\" type=\"hidden\" value=\"f22e0bdad0e2facb38e1e64de2b315a1\" \/><input name=\"inf_form_name\" type=\"hidden\" value=\"* Bicycle Book\ufffdHard Copy Webform\" \/><input name=\"infusionsoft_version\" type=\"hidden\" value=\"1.29.10.21\" \/>\n<div class=\"infusion-field\"><label for=\"inf_field_FirstName\">Nombre de pila *<\/label><input id=\"inf_field_FirstName\" class=\"infusion-field-input-container\" name=\"inf_field_FirstName\" type=\"text\" placeholder=\"Nombre de pila*\" \/><\/div>\n<div class=\"infusion-field\"><label for=\"inf_field_LastName\">Apellido *<\/label><input id=\"inf_field_LastName\" class=\"infusion-field-input-container\" name=\"inf_field_LastName\" type=\"text\" placeholder=\"Apellido*\" \/><\/div>\n<div class=\"infusion-field\"><label for=\"inf_field_Email\">Correo electr\u00f3nico *<\/label><input id=\"inf_field_Email\" class=\"infusion-field-input-container\" name=\"inf_field_Email\" type=\"text\" placeholder=\"Correo electr\u00f3nico*\" \/><\/div>\n<div class=\"infusion-field\"><label for=\"inf_field_Phone1\">Tel\u00e9fono *<\/label><input id=\"inf_field_Phone1\" class=\"infusion-field-input-container\" name=\"inf_field_Phone1\" type=\"text\" placeholder=\"Tel\u00e9fono*\" \/><\/div>\n<div class=\"infusion-field\"><label for=\"inf_field_Address2Street1\">Direcci\u00f3n de la calle 1 *<\/label><input id=\"inf_field_Address2Street1\" class=\"infusion-field-input-container\" name=\"inf_field_Address2Street1\" type=\"text\" placeholder=\"Direcci\u00f3n de la calle 1*\" \/><\/div>\n<div class=\"infusion-field\"><label for=\"inf_field_Address2Street2\">Direcci\u00f3n de la calle (cont.)<\/label><input id=\"inf_field_Address2Street2\" class=\"infusion-field-input-container\" name=\"inf_field_Address2Street2\" type=\"text\" placeholder=\"Direcci\u00f3n de la calle 2\" \/><\/div>\n<div class=\"infusion-field\"><label for=\"inf_field_City2\">Ciudad *<\/label><input id=\"inf_field_City2\" class=\"infusion-field-input-container\" name=\"inf_field_City2\" type=\"text\" placeholder=\"Ciudad*\" \/><\/div>\n<div class=\"infusion-field\"><label for=\"inf_field_State2\">Estado *<\/label><input id=\"inf_field_State2\" class=\"infusion-field-input-container\" name=\"inf_field_State2\" type=\"text\" placeholder=\"Estado*\" \/><\/div>\n<div class=\"infusion-field\"><label for=\"inf_field_PostalCode2\">C\u00f3digo postal *<\/label><input id=\"inf_field_PostalCode2\" class=\"infusion-field-input-container\" name=\"inf_field_PostalCode2\" type=\"text\" placeholder=\"C\u00f3digo postal*\" \/><\/div>\n<div class=\"infusion-submit\"><input type=\"submit\" value=\"Entregar\" \/><\/div>\n<div class=\"infusion-required\">*Campos obligatorios<\/div>\n<\/form>","protected":false},"excerpt":{"rendered":"<p>Debido a que los accidentes de bicicleta suelen provocar lesiones graves y suelen deberse a la negligencia de los conductores, en Premier Law Group vemos demasiados casos. Escribimos este libro, Justicia para el ciclista, para brindarles a los ciclistas herramientas para protegerse y una explicaci\u00f3n clara del proceso despu\u00e9s de que ocurre un accidente. En \u2026<\/p>","protected":false},"author":2,"featured_media":0,"parent":3363,"menu_order":0,"comment_status":"closed","ping_status":"closed","template":"","meta":{"_acf_changed":false,"_genesis_hide_title":false,"_genesis_hide_breadcrumbs":false,"_genesis_hide_singular_image":false,"_genesis_hide_footer_widgets":false,"_genesis_custom_body_class":"","_genesis_custom_post_class":"","_genesis_layout":"","footnotes":""},"hc_faqs":[],"class_list":{"0":"post-11889","1":"page","2":"type-page","3":"status-publish","5":"entry"},"acf":[],"yoast_head":"<!-- This site is optimized with the Yoast SEO plugin v27.4 - https:\/\/yoast.com\/product\/yoast-seo-wordpress\/ -->\n<title>Justice for the Bicyclist Legal Guide<\/title>\n<meta name=\"description\" content=\"Justice for the Bicyclist: Premier Law Group helps you unlock the full compensation you deserve. No Fee Unless We Win.\" \/>\n<meta name=\"robots\" content=\"index, follow, max-snippet:-1, max-image-preview:large, max-video-preview:-1\" \/>\n<link rel=\"canonical\" href=\"https:\/\/plg-pllc.com\/es\/books\/justice-for-bicyclist\/\" \/>\n<meta property=\"og:locale\" content=\"es_MX\" \/>\n<meta property=\"og:type\" content=\"article\" \/>\n<meta property=\"og:title\" content=\"Justice for the Bicyclist Legal Guide\" \/>\n<meta property=\"og:description\" content=\"Justice for the Bicyclist: Premier Law Group helps you unlock the full compensation you deserve. No Fee Unless We Win.\" \/>\n<meta property=\"og:url\" content=\"https:\/\/plg-pllc.com\/es\/books\/justice-for-bicyclist\/\" \/>\n<meta property=\"og:site_name\" content=\"Premier Law Group\" \/>\n<meta property=\"article:publisher\" content=\"https:\/\/www.facebook.com\/premierlawgroup\" \/>\n<meta property=\"article:modified_time\" content=\"2025-07-25T18:34:58+00:00\" \/>\n<meta name=\"twitter:card\" content=\"summary_large_image\" \/>\n<meta name=\"twitter:site\" content=\"@premierlawgroup\" \/>\n<meta name=\"twitter:label1\" content=\"Tiempo de lectura\" \/>\n\t<meta name=\"twitter:data1\" content=\"1 minuto\" \/>\n<script type=\"application\/ld+json\" class=\"yoast-schema-graph\">{\"@context\":\"https:\\\/\\\/schema.org\",\"@graph\":[{\"@type\":\"WebPage\",\"@id\":\"https:\\\/\\\/plg-pllc.com\\\/books\\\/justice-for-bicyclist\\\/\",\"url\":\"https:\\\/\\\/plg-pllc.com\\\/books\\\/justice-for-bicyclist\\\/\",\"name\":\"Justice for the Bicyclist Legal Guide\",\"isPartOf\":{\"@id\":\"https:\\\/\\\/plg-pllc.com\\\/#website\"},\"primaryImageOfPage\":{\"@id\":\"https:\\\/\\\/plg-pllc.com\\\/books\\\/justice-for-bicyclist\\\/#primaryimage\"},\"image\":{\"@id\":\"https:\\\/\\\/plg-pllc.com\\\/books\\\/justice-for-bicyclist\\\/#primaryimage\"},\"thumbnailUrl\":\"https:\\\/\\\/plg-pllc.com\\\/wp-content\\\/uploads\\\/2014\\\/02\\\/justice-for-the-bicyclist2.png\",\"datePublished\":\"2014-02-25T19:59:48+00:00\",\"dateModified\":\"2025-07-25T18:34:58+00:00\",\"description\":\"Justice for the Bicyclist: Premier Law Group helps you unlock the full compensation you deserve. No Fee Unless We Win.\",\"breadcrumb\":{\"@id\":\"https:\\\/\\\/plg-pllc.com\\\/books\\\/justice-for-bicyclist\\\/#breadcrumb\"},\"inLanguage\":\"es\",\"potentialAction\":[{\"@type\":\"ReadAction\",\"target\":[\"https:\\\/\\\/plg-pllc.com\\\/books\\\/justice-for-bicyclist\\\/\"]}]},{\"@type\":\"ImageObject\",\"inLanguage\":\"es\",\"@id\":\"https:\\\/\\\/plg-pllc.com\\\/books\\\/justice-for-bicyclist\\\/#primaryimage\",\"url\":\"https:\\\/\\\/plg-pllc.com\\\/wp-content\\\/uploads\\\/2014\\\/02\\\/justice-for-the-bicyclist2.png\",\"contentUrl\":\"https:\\\/\\\/plg-pllc.com\\\/wp-content\\\/uploads\\\/2014\\\/02\\\/justice-for-the-bicyclist2.png\"},{\"@type\":\"BreadcrumbList\",\"@id\":\"https:\\\/\\\/plg-pllc.com\\\/books\\\/justice-for-bicyclist\\\/#breadcrumb\",\"itemListElement\":[{\"@type\":\"ListItem\",\"position\":1,\"name\":\"Home\",\"item\":\"https:\\\/\\\/plg-pllc.com\\\/es\\\/\"},{\"@type\":\"ListItem\",\"position\":2,\"name\":\"Books\",\"item\":\"https:\\\/\\\/plg-pllc.com\\\/es\\\/books\\\/\"},{\"@type\":\"ListItem\",\"position\":3,\"name\":\"Justice for the Bicyclist\"}]},{\"@type\":\"WebSite\",\"@id\":\"https:\\\/\\\/plg-pllc.com\\\/#website\",\"url\":\"https:\\\/\\\/plg-pllc.com\\\/\",\"name\":\"Premier Law Group\",\"description\":\"Washington Wrongful Death and Serious Injury Lawyer\",\"publisher\":{\"@id\":\"https:\\\/\\\/plg-pllc.com\\\/#organization\"},\"inLanguage\":\"es\"},{\"@type\":\"Organization\",\"@id\":\"https:\\\/\\\/plg-pllc.com\\\/#organization\",\"name\":\"Premier Law Group\",\"url\":\"https:\\\/\\\/plg-pllc.com\\\/\",\"logo\":{\"@type\":\"ImageObject\",\"inLanguage\":\"es\",\"@id\":\"https:\\\/\\\/plg-pllc.com\\\/#\\\/schema\\\/logo\\\/image\\\/\",\"url\":\"https:\\\/\\\/plg-pllc.com\\\/wp-content\\\/uploads\\\/2020\\\/10\\\/plg-logo-v2.gif\",\"contentUrl\":\"https:\\\/\\\/plg-pllc.com\\\/wp-content\\\/uploads\\\/2020\\\/10\\\/plg-logo-v2.gif\",\"width\":592,\"height\":191,\"caption\":\"Premier Law Group\"},\"image\":{\"@id\":\"https:\\\/\\\/plg-pllc.com\\\/#\\\/schema\\\/logo\\\/image\\\/\"},\"sameAs\":[\"https:\\\/\\\/www.facebook.com\\\/premierlawgroup\",\"https:\\\/\\\/x.com\\\/premierlawgroup\"]}]}<\/script>\n<!-- \/ Yoast SEO plugin. -->","yoast_head_json":{"title":"Gu\u00eda legal de Justicia para el ciclista","description":"Justicia para los ciclistas: Premier Law Group le ayuda a conseguir la compensaci\u00f3n total que merece. Sin cargo a menos que ganemos.","robots":{"index":"index","follow":"follow","max-snippet":"max-snippet:-1","max-image-preview":"max-image-preview:large","max-video-preview":"max-video-preview:-1"},"canonical":"https:\/\/plg-pllc.com\/es\/books\/justice-for-bicyclist\/","og_locale":"es_MX","og_type":"article","og_title":"Justice for the Bicyclist Legal Guide","og_description":"Justice for the Bicyclist: Premier Law Group helps you unlock the full compensation you deserve. No Fee Unless We Win.","og_url":"https:\/\/plg-pllc.com\/es\/books\/justice-for-bicyclist\/","og_site_name":"Premier Law Group","article_publisher":"https:\/\/www.facebook.com\/premierlawgroup","article_modified_time":"2025-07-25T18:34:58+00:00","twitter_card":"summary_large_image","twitter_site":"@premierlawgroup","twitter_misc":{"Tiempo de lectura":"1 minuto"},"schema":{"@context":"https:\/\/schema.org","@graph":[{"@type":"WebPage","@id":"https:\/\/plg-pllc.com\/books\/justice-for-bicyclist\/","url":"https:\/\/plg-pllc.com\/books\/justice-for-bicyclist\/","name":"Gu\u00eda legal de Justicia para el ciclista","isPartOf":{"@id":"https:\/\/plg-pllc.com\/#website"},"primaryImageOfPage":{"@id":"https:\/\/plg-pllc.com\/books\/justice-for-bicyclist\/#primaryimage"},"image":{"@id":"https:\/\/plg-pllc.com\/books\/justice-for-bicyclist\/#primaryimage"},"thumbnailUrl":"https:\/\/plg-pllc.com\/wp-content\/uploads\/2014\/02\/justice-for-the-bicyclist2.png","datePublished":"2014-02-25T19:59:48+00:00","dateModified":"2025-07-25T18:34:58+00:00","description":"Justicia para los ciclistas: Premier Law Group le ayuda a conseguir la compensaci\u00f3n total que merece. Sin cargo a menos que ganemos.","breadcrumb":{"@id":"https:\/\/plg-pllc.com\/books\/justice-for-bicyclist\/#breadcrumb"},"inLanguage":"es","potentialAction":[{"@type":"ReadAction","target":["https:\/\/plg-pllc.com\/books\/justice-for-bicyclist\/"]}]},{"@type":"ImageObject","inLanguage":"es","@id":"https:\/\/plg-pllc.com\/books\/justice-for-bicyclist\/#primaryimage","url":"https:\/\/plg-pllc.com\/wp-content\/uploads\/2014\/02\/justice-for-the-bicyclist2.png","contentUrl":"https:\/\/plg-pllc.com\/wp-content\/uploads\/2014\/02\/justice-for-the-bicyclist2.png"},{"@type":"BreadcrumbList","@id":"https:\/\/plg-pllc.com\/books\/justice-for-bicyclist\/#breadcrumb","itemListElement":[{"@type":"ListItem","position":1,"name":"Home","item":"https:\/\/plg-pllc.com\/es\/"},{"@type":"ListItem","position":2,"name":"Books","item":"https:\/\/plg-pllc.com\/es\/books\/"},{"@type":"ListItem","position":3,"name":"Justice for the Bicyclist"}]},{"@type":"WebSite","@id":"https:\/\/plg-pllc.com\/#website","url":"https:\/\/plg-pllc.com\/","name":"Grupo de abogados Premier","description":"Abogado de muerte por negligencia y lesiones graves en Washington","publisher":{"@id":"https:\/\/plg-pllc.com\/#organization"},"inLanguage":"es"},{"@type":"Organization","@id":"https:\/\/plg-pllc.com\/#organization","name":"Grupo de abogados Premier","url":"https:\/\/plg-pllc.com\/","logo":{"@type":"ImageObject","inLanguage":"es","@id":"https:\/\/plg-pllc.com\/#\/schema\/logo\/image\/","url":"https:\/\/plg-pllc.com\/wp-content\/uploads\/2020\/10\/plg-logo-v2.gif","contentUrl":"https:\/\/plg-pllc.com\/wp-content\/uploads\/2020\/10\/plg-logo-v2.gif","width":592,"height":191,"caption":"Premier Law Group"},"image":{"@id":"https:\/\/plg-pllc.com\/#\/schema\/logo\/image\/"},"sameAs":["https:\/\/www.facebook.com\/premierlawgroup","https:\/\/x.com\/premierlawgroup"]}]}},"_links":{"self":[{"href":"https:\/\/plg-pllc.com\/es\/wp-json\/wp\/v2\/pages\/11889","targetHints":{"allow":["GET"]}}],"collection":[{"href":"https:\/\/plg-pllc.com\/es\/wp-json\/wp\/v2\/pages"}],"about":[{"href":"https:\/\/plg-pllc.com\/es\/wp-json\/wp\/v2\/types\/page"}],"author":[{"embeddable":true,"href":"https:\/\/plg-pllc.com\/es\/wp-json\/wp\/v2\/users\/2"}],"replies":[{"embeddable":true,"href":"https:\/\/plg-pllc.com\/es\/wp-json\/wp\/v2\/comments?post=11889"}],"version-history":[{"count":0,"href":"https:\/\/plg-pllc.com\/es\/wp-json\/wp\/v2\/pages\/11889\/revisions"}],"up":[{"embeddable":true,"href":"https:\/\/plg-pllc.com\/es\/wp-json\/wp\/v2\/pages\/3363"}],"wp:attachment":[{"href":"https:\/\/plg-pllc.com\/es\/wp-json\/wp\/v2\/media?parent=11889"}],"wp:term":[{"taxonomy":"hc_faqs","embeddable":true,"href":"https:\/\/plg-pllc.com\/es\/wp-json\/wp\/v2\/hc_faqs?post=11889"}],"curies":[{"name":"gracias","href":"https:\/\/api.w.org\/{rel}","templated":true}]}}