{"id":11893,"date":"2014-02-27T12:02:34","date_gmt":"2014-02-27T20:02:34","guid":{"rendered":"https:\/\/plg-pllc.com\/?page_id=11893"},"modified":"2024-10-15T18:35:47","modified_gmt":"2024-10-16T01:35:47","slug":"ten-mistakes-make-talking-doctor","status":"publish","type":"page","link":"https:\/\/plg-pllc.com\/es\/free-resources\/ten-mistakes-make-talking-doctor\/","title":{"rendered":"Diez errores que cometes al hablar con tu m\u00e9dico"},"content":{"rendered":"<div class=\"wp-block-image\">\r\n<figure class=\"aligncenter\"><img decoding=\"async\" class=\"wp-image-11897\" src=\"https:\/\/plg-pllc.com\/wp-content\/uploads\/2014\/02\/bigstock-Doctor-Discussing-Records-With-41853415-e1393534860825.jpg\" alt=\"Errores que comete al hablar con su m\u00e9dico\" \/><\/figure>\r\n<\/div>\r\n\r\n\r\n<p class=\"has-text-align-center\">\u00a0<\/p>\r\n\r\n\r\n\r\n<p class=\"has-text-align-left\">Si ha sufrido un accidente, tanto si cuenta con un abogado que lo represente como si no, su prioridad n\u00famero uno es buscar tratamiento para sus lesiones. Desafortunadamente, la compa\u00f1\u00eda de seguros solo busca una cosa: darle la menor cantidad de dinero posible como compensaci\u00f3n por sus lesiones y p\u00e9rdidas. Las compa\u00f1\u00edas de seguros son empresas privadas con un objetivo: obtener ganancias. Utilizar\u00e1n todos los medios a su alcance para justificar el no pagarle; y mientras est\u00e1 tratando sus lesiones, es fundamental que no cometa errores que la compa\u00f1\u00eda de seguros pueda utilizar en su contra m\u00e1s adelante. Estos son los diez errores m\u00e1s comunes que comete al hablar con su m\u00e9dico.<\/p>\r\n\r\n\r\n\r\n<div class=\"wp-block-group book-callout has-background\" style=\"background-color: #eeeeee;\"><div class=\"wp-block-group__inner-container is-layout-flow wp-block-group-is-layout-flow\">\r\n<h2 class=\"wp-block-heading\">Su primer paso despu\u00e9s de un accidente automovil\u00edstico<\/h2>\r\n\r\n\r\n\r\n<h3 class=\"wp-block-heading\" id=\"h-download-our-free-car-accident-guide\"><em>\u00a1Descargue nuestra gu\u00eda gratuita de accidentes automovil\u00edsticos!<img loading=\"lazy\" decoding=\"async\" class=\"size-full wp-image-16999 alignright\" src=\"https:\/\/plg-pllc.com\/wp-content\/uploads\/2019\/05\/wa-auto-accidents-book.png\" alt=\"La verdad sobre los accidentes de tr\u00e1fico\" width=\"150\" height=\"255\" srcset=\"https:\/\/plg-pllc.com\/wp-content\/uploads\/2019\/05\/wa-auto-accidents-book.png 150w, https:\/\/plg-pllc.com\/wp-content\/uploads\/2019\/05\/wa-auto-accidents-book-118x200.png 118w\" sizes=\"auto, (max-width: 150px) 100vw, 150px\" \/><\/em><\/h3>\r\n\r\n\r\n\r\n<p>En Premier Law Group, creemos en educar a las personas que han resultado heridas en accidentes automovil\u00edsticos para que puedan tomar buenas decisiones con respecto a sus situaciones. Es por eso que uno de nuestros socios, Jason Epstein, escribi\u00f3 una gu\u00eda llamada <a href=\"https:\/\/plg-pllc.com\/books\/truth-about-washington-auto-accidents\/\"><em>La verdad sobre los accidentes automovil\u00edsticos en Washington<\/em><\/a>\u00a0Y te lo regalamos gratis. En esta gu\u00eda descubrir\u00e1s:<\/p>\r\n\r\n\r\n\r\n<ul class=\"wp-block-list\">\r\n<li>Diez secretos internos que las compa\u00f1\u00edas de seguros te ocultan.<\/li>\r\n<li>El \u201cservicio\u201d que brindan algunos abogados y que en realidad es un \u201cbeso de la muerte\u201d para su reclamo por accidente automovil\u00edstico.<\/li>\r\n<li>Si su compa\u00f1\u00eda de seguro m\u00e9dico puede o no obligarlo a reembolsarle el dinero si gana su reclamo.<\/li>\r\n<li>El \u00fanico documento que nunca debes firmar con una compa\u00f1\u00eda de seguros.<\/li>\r\n<\/ul>\r\n\r\n\r\n\r\n<div class=\"wp-block-buttons is-content-justification-center is-layout-flex wp-container-core-buttons-is-layout-16018d1d wp-block-buttons-is-layout-flex\">\r\n<div class=\"wp-block-button aligncenter has-custom-width wp-block-button__width-50\"><a class=\"wp-block-button__link\" href=\"https:\/\/plg-pllc.com\/books\/truth-about-washington-auto-accidents\/\">DESCARGAR LA GU\u00cdA<\/a><\/div>\r\n<\/div>\r\n\r\n\r\n\r\n<h4 class=\"wp-block-heading\" id=\"h-discover-other-useful-information\"><em>Descubra otra informaci\u00f3n \u00fatil<\/em><\/h4>\r\n\r\n\r\n\r\n<p>El sitio web de Premier Law Group contiene una gran cantidad de informaci\u00f3n y recursos para personas lesionadas en accidentes automovil\u00edsticos en el estado de Washington. Haga clic en los enlaces a continuaci\u00f3n para descubrir...<\/p>\r\n\r\n\r\n\r\n<ul class=\"wp-block-list\">\r\n<li>Nuestro <a href=\"https:\/\/plg-pllc.com\/washington-accident-claim-calculator\/\">Calculadora de reclamaciones de veh\u00edculos<\/a> Para ver cu\u00e1nto vale su reclamo<\/li>\r\n<li><a href=\"https:\/\/plg-pllc.com\/faqs\/\">Preguntas frecuentes<\/a> sobre accidentes automovil\u00edsticos en Seattle<\/li>\r\n<li>Accidente de coche \u00fatil <a href=\"https:\/\/plg-pllc.com\/blog\/\">art\u00edculos<\/a><\/li>\r\n<li><a href=\"https:\/\/plg-pllc.com\/premier-law-group-terms-of-service-agreement\/\">Definiciones<\/a> para t\u00e9rminos legales<\/li>\r\n<\/ul>\r\n<\/div><\/div>\r\n\r\n\r\n\r\n<h2 class=\"wp-block-heading\" id=\"h-1-failing-to-seek-immediate-medical-attention-after-a-traumatic-event\">1. No buscar atenci\u00f3n m\u00e9dica inmediata despu\u00e9s de un evento traum\u00e1tico<\/h2>\r\n\r\n\r\n\r\n<p>La v\u00edctima siempre es responsable de demostrar que sufri\u00f3 lesiones en un incidente en particular. Las compa\u00f1\u00edas de seguros y los jurados a menudo creen que, si no est\u00e1 lo suficientemente herido como para buscar atenci\u00f3n m\u00e9dica inmediata, no est\u00e1 lo suficientemente herido como para merecer una compensaci\u00f3n. No ignore los signos de dolor, incluso los m\u00e1s peque\u00f1os. Visite a un m\u00e9dico lo antes posible, ya que las lesiones menores siempre pueden empeorar. No querr\u00e1 que las primeras palabras que el abogado de seguros le diga al jurado sean: &quot;Ni siquiera fue al m\u00e9dico durante dos semanas&quot;.<\/p>\r\n\r\n\r\n\r\n<h2 class=\"wp-block-heading\" id=\"h-2-failing-to-fully-disclose-your-health-history-and-habits-to-your-doctor\">2. No revelar completamente su historial de salud y sus h\u00e1bitos a su m\u00e9dico<\/h2>\r\n\r\n\r\n\r\n<p>Un proveedor de atenci\u00f3n m\u00e9dica generalmente le preguntar\u00e1 si tuvo alguna lesi\u00f3n o enfermedad antes de su problema actual. Es importante ser honesto al responder este tipo de preguntas. Los m\u00e9dicos utilizan su historial m\u00e9dico anterior para diagnosticar y tratarlo. Brindar informaci\u00f3n incompleta puede afectar la calidad de la atenci\u00f3n m\u00e9dica que reciba. Ocultarle lesiones o enfermedades previas a su m\u00e9dico tambi\u00e9n perjudicar\u00e1 su caso legal. Si brinda a sus m\u00e9dicos informaci\u00f3n incompleta, sus opiniones m\u00e9dicas podr\u00edan ser rechazadas por las compa\u00f1\u00edas de seguros y los jurados. El mismo consejo se aplica a la descripci\u00f3n del accidente. No le diga a su m\u00e9dico que el autom\u00f3vil qued\u00f3 \u201cdestrozado\u201d si solo ten\u00eda rayones. El abogado de la compa\u00f1\u00eda de seguros destruir\u00e1 nuestra credibilidad con esa contradicci\u00f3n.<\/p>\r\n\r\n\r\n\r\n<p><strong>Mire este video para saber qu\u00e9 debe hacer con sus facturas m\u00e9dicas:<\/strong><br \/><iframe loading=\"lazy\" src=\"\/\/www.youtube.com\/embed\/3Ntljn9bvDY?rel=0\" width=\"740\" height=\"416\" frameborder=\"0\" allowfullscreen=\"allowfullscreen\"><\/iframe><\/p>\r\n\r\n\r\n\r\n<h2 class=\"wp-block-heading\" id=\"h-3-talking-with-your-doctor-about-lawsuits-or-a-lawyer-s-advice\">3. Hablar con su m\u00e9dico sobre demandas o el asesoramiento de un abogado<\/h2>\r\n\r\n\r\n\r\n<p>Otro error que comete al hablar con su m\u00e9dico es hablar sobre su demanda. El trabajo de un m\u00e9dico es centrarse en su condici\u00f3n m\u00e9dica. Para realizar ese trabajo, un m\u00e9dico no tiene por qu\u00e9 saber sobre su demanda o su abogado. Compartir sus problemas o inquietudes legales con un proveedor de atenci\u00f3n m\u00e9dica deber\u00eda ser innecesario. La mayor\u00eda de los m\u00e9dicos no quieren verse involucrados en una demanda. Si le dice a un m\u00e9dico que est\u00e1 tratando una lesi\u00f3n que es objeto de una demanda, podr\u00eda afectar la disposici\u00f3n a brindar tratamiento o llegar a conclusiones importantes. Recuerde que todo lo que le diga en confianza a un m\u00e9dico no es confidencial en absoluto una vez que presente una demanda por lesiones personales.<\/p>\r\n\r\n\r\n\r\n<h2 class=\"wp-block-heading\" id=\"h-4-missing-or-showing-up-late-for-medical-appointments\">4. Faltar o llegar tarde a las citas m\u00e9dicas<\/h2>\r\n\r\n\r\n\r\n<p>Las compa\u00f1\u00edas de seguros y los jurados pueden ver su historial m\u00e9dico. Cuando usted no acude a una cita m\u00e9dica, su historial solo indica \u201cDNS\u201d, que significa \u201cno se present\u00f3\u201d. Las excusas, por v\u00e1lidas que sean, normalmente no aparecen en el historial. M\u00e1s de una o dos entradas de \u201cDNS\u201d podr\u00edan hacer parecer que usted no estaba comprometido a mejorar. No acudir a las citas m\u00e9dicas o llegar tarde tambi\u00e9n podr\u00eda irritar a su m\u00e9dico. Los m\u00e9dicos irritados no son buenos testigos para sus pacientes. Si necesita cancelar, llame con antelaci\u00f3n y vuelva a programar. No querr\u00e1 que el abogado de la compa\u00f1\u00eda de seguros diga: \u201cNo debe haberle dolido tanto, ni siquiera se present\u00f3 a sus citas\u201d.<\/p>\r\n\r\n\r\n\r\n<h2 class=\"wp-block-heading\" id=\"h-5-failing-to-get-your-pain-accurately-documented-in-medical-records\">5. No documentar con precisi\u00f3n el dolor en los registros m\u00e9dicos<\/h2>\r\n\r\n\r\n\r\n<p>Las compa\u00f1\u00edas de seguros y los jurados no creer\u00e1n que usted tiene dolor s\u00f3lo porque usted lo diga. Necesitan leer acerca de su dolor en su historial m\u00e9dico. Cuando las compa\u00f1\u00edas de seguros y los jurados revisen su historial, buscar\u00e1n ver qu\u00e9 tan pronto inform\u00f3 que ten\u00eda dolor despu\u00e9s de una lesi\u00f3n y durante cu\u00e1nto tiempo continu\u00f3 informando ese dolor. Una forma eficaz de ayudar a asegurarse de que su dolor y sus limitaciones espec\u00edficas aparezcan en el historial de un m\u00e9dico ocupado es escribirlo de antemano y entreg\u00e1rselo en su visita al consultorio. Nuevamente, no exagere.<\/p>\r\n\r\n\r\n\r\n<h2 class=\"wp-block-heading\" id=\"h-6-failing-to-inform-your-doctor-if-your-injury-is-affecting-your-ability-to-work\">6. No informar a su m\u00e9dico si su lesi\u00f3n est\u00e1 afectando su capacidad para trabajar<\/h2>\r\n\r\n\r\n\r\n<p>Otro error que se comete al hablar con el m\u00e9dico es no decirle si no puede trabajar debido a su lesi\u00f3n. Las compa\u00f1\u00edas de seguros y los jurados no creer\u00e1n que su lesi\u00f3n afecta su capacidad para trabajar solo porque usted lo diga. Si su lesi\u00f3n est\u00e1 afectando su capacidad para trabajar, es importante que se lo mencione a su proveedor de atenci\u00f3n m\u00e9dica. Los problemas laborales causados por la lesi\u00f3n pueden ser tratables y deben quedar registrados en su historial m\u00e9dico. Nuevamente, puede ser una buena idea guardar las notas que le entrega al m\u00e9dico en sus visitas al consultorio.<\/p>\r\n\r\n\r\n\r\n<h2 class=\"wp-block-heading\" id=\"h-7-failing-to-take-medications-as-prescribed\">7. No tomar los medicamentos seg\u00fan lo prescrito<\/h2>\r\n\r\n\r\n\r\n<p>Existe una raz\u00f3n por la que los m\u00e9dicos recetan un tipo particular de medicamento durante un per\u00edodo de tiempo determinado. Debe seguir la recomendaci\u00f3n de su m\u00e9dico hasta que este le diga algo diferente. Si cree que un medicamento le est\u00e1 haciendo doler los m\u00fasculos o el est\u00f3mago, d\u00edgalo; los efectos secundarios no son raros y, por lo general, su m\u00e9dico puede cambiarle el medicamento. No se ponga en la situaci\u00f3n de tener que admitir que decidi\u00f3 no seguir el consejo de su m\u00e9dico. Esto puede ser devastador para su reclamo.<\/p>\r\n\r\n\r\n\r\n<h2 class=\"wp-block-heading\" id=\"h-8-stopping-medical-treatment-too-soon\">8. Interrumpir el tratamiento m\u00e9dico demasiado pronto<\/h2>\r\n\r\n\r\n\r\n<p>Las compa\u00f1\u00edas de seguros y los jurados a menudo creen que si una persona deja de buscar tratamiento m\u00e9dico para una lesi\u00f3n, la lesi\u00f3n debe curarse. Tambi\u00e9n creen que los intervalos significativos entre los tratamientos sugieren que usted se cur\u00f3 de una lesi\u00f3n y debe haber sufrido una nueva que no est\u00e1 relacionada con la primera. Si tiene una lesi\u00f3n que est\u00e1 afectando su capacidad para funcionar, debe buscar tratamiento m\u00e9dico hasta que se cure o hasta que un m\u00e9dico le diga que no hay nada m\u00e1s que se pueda hacer para mejorar su condici\u00f3n. Si todav\u00eda est\u00e1 sufriendo y su m\u00e9dico le dice que &quot;vuelva cuando sea necesario&quot; o &quot;ll\u00e1meme si tiene alg\u00fan problema&quot;, debe preguntar cu\u00e1nto tiempo debe esperar para llamar si contin\u00faa teniendo el mismo nivel de dolor y discapacidad.<\/p>\r\n\r\n\r\n\r\n<h2 class=\"wp-block-heading\" id=\"h-9-failing-to-follow-treatment-recommendations-related-to-depression-or-anxiety\">9. No seguir las recomendaciones de tratamiento relacionadas con la depresi\u00f3n o la ansiedad<\/h2>\r\n\r\n\r\n\r\n<p>A menudo, el dolor y la discapacidad pueden desencadenar depresi\u00f3n y ansiedad. Los trastornos psicol\u00f3gicos como la depresi\u00f3n y la ansiedad son tan reales como las fracturas de huesos y no se pueden superar sin el tratamiento adecuado. Una persona que causa una lesi\u00f3n f\u00edsica a otra tambi\u00e9n es responsable de los trastornos psicol\u00f3gicos resultantes. Las compa\u00f1\u00edas de seguros y los jurados generalmente solo indemnizan a las v\u00edctimas de depresi\u00f3n y ansiedad relacionadas con lesiones si esas afecciones son diagnosticadas y tratadas adecuadamente por profesionales m\u00e9dicos.<\/p>\r\n\r\n\r\n\r\n<h2 class=\"wp-block-heading\" id=\"h-10-failing-to-keep-a-file\">10. No mantener un archivo<\/h2>\r\n\r\n\r\n\r\n<p>Un \u00faltimo error que se comete al hablar con un m\u00e9dico es no llevar un registro m\u00e9dico. Es importante que su abogado conozca a todos los proveedores de atenci\u00f3n m\u00e9dica que usted visita despu\u00e9s de una lesi\u00f3n. Tambi\u00e9n es importante que lleve un registro de todas las \u00f3rdenes m\u00e9dicas, derivaciones a tratamientos y\/o restricciones laborales. Llevar un registro de todos los materiales que le proporcionan los proveedores de atenci\u00f3n m\u00e9dica y las compa\u00f1\u00edas de seguros le garantizar\u00e1 que puede proporcionar toda la informaci\u00f3n necesaria a su abogado en el momento adecuado.<\/p>","protected":false},"excerpt":{"rendered":"<p>\u00a0 Si ha sufrido un accidente, ya sea que cuente con un abogado que lo represente o no, su prioridad n\u00famero uno es buscar tratamiento para sus lesiones. Desafortunadamente, la compa\u00f1\u00eda de seguros solo busca una cosa: darle la menor cantidad de dinero posible en compensaci\u00f3n por sus lesiones y p\u00e9rdidas. Las compa\u00f1\u00edas de seguros\u2026<\/p>","protected":false},"author":2,"featured_media":0,"parent":1094,"menu_order":0,"comment_status":"closed","ping_status":"closed","template":"","meta":{"_acf_changed":false,"_genesis_hide_title":false,"_genesis_hide_breadcrumbs":false,"_genesis_hide_singular_image":false,"_genesis_hide_footer_widgets":false,"_genesis_custom_body_class":"","_genesis_custom_post_class":"","_genesis_layout":"","footnotes":""},"hc_faqs":[],"class_list":{"0":"post-11893","1":"page","2":"type-page","3":"status-publish","5":"entry"},"acf":[],"yoast_head":"<!-- This site is optimized with the Yoast SEO plugin v27.2 - https:\/\/yoast.com\/product\/yoast-seo-wordpress\/ -->\n<title>Ten Mistakes You Make Talking to Your Doctor | Premier Law Group<\/title>\n<meta name=\"description\" content=\"After an injury your #1 priority should be recovering physically. You will want to avoid these ten common mistakes when talking to your doctor.\" \/>\n<meta name=\"robots\" content=\"index, follow, max-snippet:-1, max-image-preview:large, max-video-preview:-1\" \/>\n<link rel=\"canonical\" href=\"https:\/\/plg-pllc.com\/es\/free-resources\/ten-mistakes-make-talking-doctor\/\" \/>\n<meta property=\"og:locale\" content=\"es_MX\" \/>\n<meta property=\"og:type\" content=\"article\" \/>\n<meta property=\"og:title\" content=\"Ten Mistakes You Make Talking to Your Doctor | Premier Law Group\" \/>\n<meta property=\"og:description\" content=\"After an injury your #1 priority should be recovering physically. You will want to avoid these ten common mistakes when talking to your doctor.\" \/>\n<meta property=\"og:url\" content=\"https:\/\/plg-pllc.com\/es\/free-resources\/ten-mistakes-make-talking-doctor\/\" \/>\n<meta property=\"og:site_name\" content=\"Premier Law Group\" \/>\n<meta property=\"article:publisher\" content=\"https:\/\/www.facebook.com\/premierlawgroup\" \/>\n<meta property=\"article:modified_time\" content=\"2024-10-16T01:35:47+00:00\" \/>\n<meta name=\"twitter:card\" content=\"summary_large_image\" \/>\n<meta name=\"twitter:site\" content=\"@premierlawgroup\" \/>\n<meta name=\"twitter:label1\" content=\"Tiempo de lectura\" \/>\n\t<meta name=\"twitter:data1\" content=\"6 minutos\" \/>\n<script type=\"application\/ld+json\" class=\"yoast-schema-graph\">{\"@context\":\"https:\/\/schema.org\",\"@graph\":[{\"@type\":\"WebPage\",\"@id\":\"https:\/\/plg-pllc.com\/free-resources\/ten-mistakes-make-talking-doctor\/\",\"url\":\"https:\/\/plg-pllc.com\/free-resources\/ten-mistakes-make-talking-doctor\/\",\"name\":\"Ten Mistakes You Make Talking to Your Doctor | Premier Law Group\",\"isPartOf\":{\"@id\":\"https:\/\/plg-pllc.com\/#website\"},\"primaryImageOfPage\":{\"@id\":\"https:\/\/plg-pllc.com\/free-resources\/ten-mistakes-make-talking-doctor\/#primaryimage\"},\"image\":{\"@id\":\"https:\/\/plg-pllc.com\/free-resources\/ten-mistakes-make-talking-doctor\/#primaryimage\"},\"thumbnailUrl\":\"https:\/\/plg-pllc.com\/wp-content\/uploads\/2014\/02\/bigstock-Doctor-Discussing-Records-With-41853415-e1393534860825.jpg\",\"datePublished\":\"2014-02-27T20:02:34+00:00\",\"dateModified\":\"2024-10-16T01:35:47+00:00\",\"description\":\"After an injury your #1 priority should be recovering physically. You will want to avoid these ten common mistakes when talking to your doctor.\",\"breadcrumb\":{\"@id\":\"https:\/\/plg-pllc.com\/free-resources\/ten-mistakes-make-talking-doctor\/#breadcrumb\"},\"inLanguage\":\"es\",\"potentialAction\":[{\"@type\":\"ReadAction\",\"target\":[\"https:\/\/plg-pllc.com\/free-resources\/ten-mistakes-make-talking-doctor\/\"]}]},{\"@type\":\"ImageObject\",\"inLanguage\":\"es\",\"@id\":\"https:\/\/plg-pllc.com\/free-resources\/ten-mistakes-make-talking-doctor\/#primaryimage\",\"url\":\"https:\/\/plg-pllc.com\/wp-content\/uploads\/2014\/02\/bigstock-Doctor-Discussing-Records-With-41853415-e1393534860825.jpg\",\"contentUrl\":\"https:\/\/plg-pllc.com\/wp-content\/uploads\/2014\/02\/bigstock-Doctor-Discussing-Records-With-41853415-e1393534860825.jpg\"},{\"@type\":\"BreadcrumbList\",\"@id\":\"https:\/\/plg-pllc.com\/free-resources\/ten-mistakes-make-talking-doctor\/#breadcrumb\",\"itemListElement\":[{\"@type\":\"ListItem\",\"position\":1,\"name\":\"Home\",\"item\":\"https:\/\/plg-pllc.com\/es\/\"},{\"@type\":\"ListItem\",\"position\":2,\"name\":\"Useful Links\/Resources\",\"item\":\"https:\/\/plg-pllc.com\/es\/free-resources\/\"},{\"@type\":\"ListItem\",\"position\":3,\"name\":\"Ten Mistakes You Make Talking to Your Doctor\"}]},{\"@type\":\"WebSite\",\"@id\":\"https:\/\/plg-pllc.com\/#website\",\"url\":\"https:\/\/plg-pllc.com\/\",\"name\":\"Premier Law Group\",\"description\":\"Washington Wrongful Death and Serious Injury Lawyer\",\"publisher\":{\"@id\":\"https:\/\/plg-pllc.com\/#organization\"},\"inLanguage\":\"es\"},{\"@type\":\"Organization\",\"@id\":\"https:\/\/plg-pllc.com\/#organization\",\"name\":\"Premier Law Group\",\"url\":\"https:\/\/plg-pllc.com\/\",\"logo\":{\"@type\":\"ImageObject\",\"inLanguage\":\"es\",\"@id\":\"https:\/\/plg-pllc.com\/#\/schema\/logo\/image\/\",\"url\":\"https:\/\/plg-pllc.com\/wp-content\/uploads\/2020\/10\/plg-logo-v2.gif\",\"contentUrl\":\"https:\/\/plg-pllc.com\/wp-content\/uploads\/2020\/10\/plg-logo-v2.gif\",\"width\":592,\"height\":191,\"caption\":\"Premier Law Group\"},\"image\":{\"@id\":\"https:\/\/plg-pllc.com\/#\/schema\/logo\/image\/\"},\"sameAs\":[\"https:\/\/www.facebook.com\/premierlawgroup\",\"https:\/\/x.com\/premierlawgroup\"]}]}<\/script>\n<!-- \/ Yoast SEO plugin. -->","yoast_head_json":{"title":"Diez errores que comete al hablar con su m\u00e9dico | Premier Law Group","description":"Despu\u00e9s de una lesi\u00f3n, su prioridad debe ser la recuperaci\u00f3n f\u00edsica. Deber\u00e1 evitar estos diez errores comunes cuando hable con su m\u00e9dico.","robots":{"index":"index","follow":"follow","max-snippet":"max-snippet:-1","max-image-preview":"max-image-preview:large","max-video-preview":"max-video-preview:-1"},"canonical":"https:\/\/plg-pllc.com\/es\/free-resources\/ten-mistakes-make-talking-doctor\/","og_locale":"es_MX","og_type":"article","og_title":"Ten Mistakes You Make Talking to Your Doctor | Premier Law Group","og_description":"After an injury your #1 priority should be recovering physically. You will want to avoid these ten common mistakes when talking to your doctor.","og_url":"https:\/\/plg-pllc.com\/es\/free-resources\/ten-mistakes-make-talking-doctor\/","og_site_name":"Premier Law Group","article_publisher":"https:\/\/www.facebook.com\/premierlawgroup","article_modified_time":"2024-10-16T01:35:47+00:00","twitter_card":"summary_large_image","twitter_site":"@premierlawgroup","twitter_misc":{"Tiempo de lectura":"6 minutos"},"schema":{"@context":"https:\/\/schema.org","@graph":[{"@type":"WebPage","@id":"https:\/\/plg-pllc.com\/free-resources\/ten-mistakes-make-talking-doctor\/","url":"https:\/\/plg-pllc.com\/free-resources\/ten-mistakes-make-talking-doctor\/","name":"Diez errores que comete al hablar con su m\u00e9dico | Premier Law Group","isPartOf":{"@id":"https:\/\/plg-pllc.com\/#website"},"primaryImageOfPage":{"@id":"https:\/\/plg-pllc.com\/free-resources\/ten-mistakes-make-talking-doctor\/#primaryimage"},"image":{"@id":"https:\/\/plg-pllc.com\/free-resources\/ten-mistakes-make-talking-doctor\/#primaryimage"},"thumbnailUrl":"https:\/\/plg-pllc.com\/wp-content\/uploads\/2014\/02\/bigstock-Doctor-Discussing-Records-With-41853415-e1393534860825.jpg","datePublished":"2014-02-27T20:02:34+00:00","dateModified":"2024-10-16T01:35:47+00:00","description":"Despu\u00e9s de una lesi\u00f3n, su prioridad debe ser la recuperaci\u00f3n f\u00edsica. Deber\u00e1 evitar estos diez errores comunes cuando hable con su m\u00e9dico.","breadcrumb":{"@id":"https:\/\/plg-pllc.com\/free-resources\/ten-mistakes-make-talking-doctor\/#breadcrumb"},"inLanguage":"es","potentialAction":[{"@type":"ReadAction","target":["https:\/\/plg-pllc.com\/free-resources\/ten-mistakes-make-talking-doctor\/"]}]},{"@type":"ImageObject","inLanguage":"es","@id":"https:\/\/plg-pllc.com\/free-resources\/ten-mistakes-make-talking-doctor\/#primaryimage","url":"https:\/\/plg-pllc.com\/wp-content\/uploads\/2014\/02\/bigstock-Doctor-Discussing-Records-With-41853415-e1393534860825.jpg","contentUrl":"https:\/\/plg-pllc.com\/wp-content\/uploads\/2014\/02\/bigstock-Doctor-Discussing-Records-With-41853415-e1393534860825.jpg"},{"@type":"BreadcrumbList","@id":"https:\/\/plg-pllc.com\/free-resources\/ten-mistakes-make-talking-doctor\/#breadcrumb","itemListElement":[{"@type":"ListItem","position":1,"name":"Home","item":"https:\/\/plg-pllc.com\/es\/"},{"@type":"ListItem","position":2,"name":"Useful Links\/Resources","item":"https:\/\/plg-pllc.com\/es\/free-resources\/"},{"@type":"ListItem","position":3,"name":"Ten Mistakes You Make Talking to Your Doctor"}]},{"@type":"WebSite","@id":"https:\/\/plg-pllc.com\/#website","url":"https:\/\/plg-pllc.com\/","name":"Grupo de abogados Premier","description":"Abogado de muerte por negligencia y lesiones graves en Washington","publisher":{"@id":"https:\/\/plg-pllc.com\/#organization"},"inLanguage":"es"},{"@type":"Organization","@id":"https:\/\/plg-pllc.com\/#organization","name":"Grupo de abogados Premier","url":"https:\/\/plg-pllc.com\/","logo":{"@type":"ImageObject","inLanguage":"es","@id":"https:\/\/plg-pllc.com\/#\/schema\/logo\/image\/","url":"https:\/\/plg-pllc.com\/wp-content\/uploads\/2020\/10\/plg-logo-v2.gif","contentUrl":"https:\/\/plg-pllc.com\/wp-content\/uploads\/2020\/10\/plg-logo-v2.gif","width":592,"height":191,"caption":"Premier Law Group"},"image":{"@id":"https:\/\/plg-pllc.com\/#\/schema\/logo\/image\/"},"sameAs":["https:\/\/www.facebook.com\/premierlawgroup","https:\/\/x.com\/premierlawgroup"]}]}},"_links":{"self":[{"href":"https:\/\/plg-pllc.com\/es\/wp-json\/wp\/v2\/pages\/11893","targetHints":{"allow":["GET"]}}],"collection":[{"href":"https:\/\/plg-pllc.com\/es\/wp-json\/wp\/v2\/pages"}],"about":[{"href":"https:\/\/plg-pllc.com\/es\/wp-json\/wp\/v2\/types\/page"}],"author":[{"embeddable":true,"href":"https:\/\/plg-pllc.com\/es\/wp-json\/wp\/v2\/users\/2"}],"replies":[{"embeddable":true,"href":"https:\/\/plg-pllc.com\/es\/wp-json\/wp\/v2\/comments?post=11893"}],"version-history":[{"count":0,"href":"https:\/\/plg-pllc.com\/es\/wp-json\/wp\/v2\/pages\/11893\/revisions"}],"up":[{"embeddable":true,"href":"https:\/\/plg-pllc.com\/es\/wp-json\/wp\/v2\/pages\/1094"}],"wp:attachment":[{"href":"https:\/\/plg-pllc.com\/es\/wp-json\/wp\/v2\/media?parent=11893"}],"wp:term":[{"taxonomy":"hc_faqs","embeddable":true,"href":"https:\/\/plg-pllc.com\/es\/wp-json\/wp\/v2\/hc_faqs?post=11893"}],"curies":[{"name":"gracias","href":"https:\/\/api.w.org\/{rel}","templated":true}]}}