{"id":11917,"date":"2014-03-12T15:48:57","date_gmt":"2014-03-12T22:48:57","guid":{"rendered":"https:\/\/plg-pllc.com\/?p=11917"},"modified":"2024-11-07T04:12:19","modified_gmt":"2024-11-07T12:12:19","slug":"how-to-heal-from-a-ruptured-patellar-tendon-injury","status":"publish","type":"page","link":"https:\/\/plg-pllc.com\/es\/faqs\/how-to-heal-from-a-ruptured-patellar-tendon-injury\/","title":{"rendered":"C\u00f3mo curarse de una lesi\u00f3n por rotura del tend\u00f3n rotuliano"},"content":{"rendered":"<p style=\"text-align: center;\"><a href=\"https:\/\/plg-pllc.com\/wp-content\/uploads\/2010\/11\/MLV.RupturedPatellaTendonInjuryExhibit1.jpg\"><img loading=\"lazy\" decoding=\"async\" class=\"size-full wp-image-2552 aligncenter\" title=\"MLV.Lesi\u00f3n de tend\u00f3n de r\u00f3tula rota. Exposici\u00f3n\" src=\"https:\/\/plg-pllc.com\/wp-content\/uploads\/2010\/11\/MLV.RupturedPatellaTendonInjuryExhibit1.jpg\" alt=\"\" width=\"421\" height=\"360\" \/><\/a><\/p>\n<p style=\"text-align: center;\">Las im\u00e1genes son proporcionadas por:<a href=\"https:\/\/medical-legal-visuals.com\/\" target=\"_blank\" rel=\"noopener\">Im\u00e1genes m\u00e9dicas y legales<\/a><\/p>\n<p>Aunque las lesiones del tend\u00f3n rotuliano suelen estar asociadas a actividades f\u00edsicas como correr y saltar, son una de las lesiones m\u00e1s comunes en la parte inferior del cuerpo que resultan de los accidentes automovil\u00edsticos. Pueden ser graves o peores.<\/p>\n<p>La r\u00f3tula est\u00e1 conectada a la parte superior de la tibia por un m\u00fasculo llamado tend\u00f3n rotuliano. El tend\u00f3n rotuliano puede lesionarse cuando un golpe o impacto fuerte golpea directamente la rodilla. El m\u00fasculo suele ser muy fuerte, pero los accidentes automovil\u00edsticos, cuando golpean en una zona determinada, pueden proporcionar una fuerza m\u00e1s que suficiente para desgarrar parcial o totalmente el tend\u00f3n.<\/p>\n<p>Los desgarros parciales se producen cuando se rompen algunas hebras del tend\u00f3n, pero este sigue en su lugar y sujeta la r\u00f3tula a la tibia. Los desgarros completos se producen cuando el tend\u00f3n se desgarra por completo de la tibia, lo que a menudo hace que la r\u00f3tula se levante hacia el muslo por el m\u00fasculo cu\u00e1driceps restante al que est\u00e1 adherida. Ambas lesiones son graves y requieren atenci\u00f3n m\u00e9dica.<\/p>\n<p>Una lesi\u00f3n en el tend\u00f3n rotuliano suele ir acompa\u00f1ada de una \u201csensaci\u00f3n de desgarro o estallido\u201d y los s\u00edntomas pueden incluir hematomas, dolor, calambres e incapacidad para estirar la rodilla, seg\u00fan el sitio web de la Academia Estadounidense de Cirujanos Ortop\u00e9dicos.<\/p>\n<p>A menudo se utilizan radiograf\u00edas y\/o una resonancia magn\u00e9tica para determinar la gravedad de la lesi\u00f3n. Los desgarros parciales se pueden tratar sin cirug\u00eda. La v\u00edctima de un desgarro parcial puede tener que usar una rodillera durante 3 a 6 semanas y muletas para ayudar al m\u00fasculo a sanar, y luego volver a moverlo lentamente. La fisioterapia y los ejercicios ayudan al m\u00fasculo a recuperar gradualmente la fuerza y el movimiento. Los desgarros completos requieren cirug\u00eda para volver a unir la r\u00f3tula al tend\u00f3n rotuliano. Los cirujanos generalmente suturar\u00e1n el m\u00fasculo del tend\u00f3n desgarrado a trav\u00e9s de peque\u00f1os &quot;agujeros de perforaci\u00f3n&quot; en la parte superior de la r\u00f3tula, restableciendo el m\u00fasculo al hueso, mientras intentan igualar la misma tensi\u00f3n y posici\u00f3n que la r\u00f3tula no lesionada, explica el sitio web de la AAOS.<\/p>\n<p>No demore en buscar atenci\u00f3n m\u00e9dica para este tipo de lesi\u00f3n, ya que el tend\u00f3n puede acortarse cuanto m\u00e1s espere y puede requerir que el cirujano extienda el tend\u00f3n agregando tejido externo.<\/p>\n<p>Los tratamientos quir\u00fargicos pueden tardar seis meses o m\u00e1s en sanar.<\/p>\n\n        <div class=\"rs-content-cta long\">\n            <p>Para una consulta legal GRATUITA, llame al <a href=\"tel:+12062851743\">(206) 285-1743 <\/a><\/p>\n            <a href=\"https:\/\/plg-pllc.com\/es\/contact-us\/\" title=\"OBTENGA UNA EVALUACI\u00d3N DE CASO GRATUITA\" class=\"btn-global\">OBTENGA UNA EVALUACI\u00d3N DE CASO GRATUITA<\/a>\n                    <picture>\n                            <source srcset=\"https:\/\/plg-pllc.com\/wp-content\/themes\/plg-pllc-redesign\/assets\/app\/img\/cta-thumb.webp\" type=\"image\/webp\"\/>\n                            <img src=\"https:\/\/plg-pllc.com\/wp-content\/themes\/plg-pllc-redesign\/assets\/app\/img\/cta-thumb.png\" alt=\"Grupo de abogados Premier\" title=\"Grupo de abogados Premier\" width=\"245\" height=\"220\" loading=\"auto\" fetchpriority=\"auto\" decoding=\"async\"\/>\n        <\/picture>\n        \n        <\/div><p>Aunque las lesiones del tend\u00f3n rotuliano son siempre una experiencia desagradable, la mayor\u00eda de las personas prefieren hacerse da\u00f1o haciendo deporte o haciendo ejercicio que en un accidente de tr\u00e1fico. Hay determinados coches que protegen mejor la parte inferior del cuerpo que otros en caso de colisiones frontales. Cuando el borde exterior de la parte delantera de un veh\u00edculo recibe un impacto, por ejemplo, de un poste u otro coche, \u201clas fuerzas del impacto se transmiten directamente a la rueda delantera, al sistema de suspensi\u00f3n y al cortafuegos\u201d, seg\u00fan el Instituto de Seguros para la Seguridad en las Carreteras (IIHS). \u201cNo es raro que la rueda se vea empujada hacia atr\u00e1s hasta el espacio para los pies, lo que contribuye a una mayor intrusi\u00f3n en el compartimento de los ocupantes y da lugar a graves lesiones en las piernas y los pies\u201d. El IIHS convirti\u00f3 la \u201cprueba frontal de superposici\u00f3n peque\u00f1a\u201d en una parte est\u00e1ndar de sus pruebas de seguridad de veh\u00edculos en 2014 para mejorar los resultados de accidentes como este.<\/p>\n<p>Los minicoches no obtuvieron buenos resultados en la prueba de superposici\u00f3n peque\u00f1a. Solo el Chevy Spark logr\u00f3 obtener una calificaci\u00f3n de \u201caceptable\u201d en la categor\u00eda. H\u00e1gale un favor a sus tendones rotulianos y eche un vistazo a esta lista de las mejores opciones de seguridad del IIHS para ver qu\u00e9 autos nuevos proteger\u00e1n mejor sus piernas.<\/p>\n<p>No olvide que si usted o un ser querido estuvo involucrado en un <a href=\"https:\/\/plg-pllc.com\/glossary\/car-accidents\/\">accidente automovil\u00edstico<\/a>, <a href=\"\/books\/\">Disponemos de una amplia selecci\u00f3n de recursos legales gratuitos.<\/a> para ayudarle a decidir c\u00f3mo elegir el mejor abogado para su caso.<\/p>\n\n        <div class=\"rs-content-cta\">\n            <p>Llamar o enviar mensaje de texto <a href=\"tel:+12062851743\">(206) 285-1743<\/a> o complete un formulario de evaluaci\u00f3n de caso gratuito<\/p>\n            <a href=\"https:\/\/plg-pllc.com\/es\/contact-us\/\" title=\"OBTENGA UNA EVALUACI\u00d3N DE CASO GRATUITA\" class=\"btn-global\">OBTENGA UNA EVALUACI\u00d3N DE CASO GRATUITA<\/a>\n                    <picture>\n                            <source srcset=\"https:\/\/plg-pllc.com\/wp-content\/themes\/plg-pllc-redesign\/assets\/app\/img\/cta-thumb.webp\" type=\"image\/webp\"\/>\n                            <img src=\"https:\/\/plg-pllc.com\/wp-content\/themes\/plg-pllc-redesign\/assets\/app\/img\/cta-thumb.png\" alt=\"Grupo de abogados Premier\" title=\"Grupo de abogados Premier\" width=\"245\" height=\"220\" loading=\"auto\" fetchpriority=\"auto\" decoding=\"async\"\/>\n        <\/picture>\n        \n        <\/div>","protected":false},"excerpt":{"rendered":"<p>Las im\u00e1genes son proporcionadas por: Med Legal Visuals Aunque las lesiones del tend\u00f3n rotuliano suelen estar asociadas con actividades f\u00edsicas como correr y saltar, son una de las lesiones m\u00e1s comunes en la parte inferior del cuerpo que resultan de los accidentes automovil\u00edsticos. Pueden ser graves o peores. La r\u00f3tula (patela) est\u00e1 conectada a la parte superior de la tibia...<\/p>","protected":false},"author":2,"featured_media":0,"parent":20714,"menu_order":0,"comment_status":"closed","ping_status":"closed","template":"","meta":{"_acf_changed":false,"_genesis_hide_title":false,"_genesis_hide_breadcrumbs":false,"_genesis_hide_singular_image":false,"_genesis_hide_footer_widgets":false,"_genesis_custom_body_class":"","_genesis_custom_post_class":"","_genesis_layout":"","footnotes":""},"hc_faqs":[10354],"class_list":{"0":"post-11917","1":"page","2":"type-page","3":"status-publish","5":"hc_faqs-personal-injury","6":"entry"},"acf":[],"yoast_head":"<!-- This site is optimized with the Yoast SEO plugin v27.2 - https:\/\/yoast.com\/product\/yoast-seo-wordpress\/ -->\n<title>How to heal from a ruptured patellar tendon injury<\/title>\n<meta name=\"description\" content=\"How to heal from a ruptured patellar tendon injury: Premier Law Group helps you unlock the full compensation you deserve. No Fee Unless We Win.\" \/>\n<meta name=\"robots\" content=\"index, follow, max-snippet:-1, max-image-preview:large, max-video-preview:-1\" \/>\n<link rel=\"canonical\" href=\"https:\/\/plg-pllc.com\/es\/faqs\/how-to-heal-from-a-ruptured-patellar-tendon-injury\/\" \/>\n<meta property=\"og:locale\" content=\"es_MX\" \/>\n<meta property=\"og:type\" content=\"article\" \/>\n<meta property=\"og:title\" content=\"How to heal from a ruptured patellar tendon injury\" \/>\n<meta property=\"og:description\" content=\"How to heal from a ruptured patellar tendon injury: Premier Law Group helps you unlock the full compensation you deserve. No Fee Unless We Win.\" \/>\n<meta property=\"og:url\" content=\"https:\/\/plg-pllc.com\/es\/faqs\/how-to-heal-from-a-ruptured-patellar-tendon-injury\/\" \/>\n<meta property=\"og:site_name\" content=\"Premier Law Group\" \/>\n<meta property=\"article:publisher\" content=\"https:\/\/www.facebook.com\/premierlawgroup\" \/>\n<meta property=\"article:modified_time\" content=\"2024-11-07T12:12:19+00:00\" \/>\n<meta property=\"og:image\" content=\"https:\/\/plg-pllc.com\/wp-content\/uploads\/2010\/11\/MLV.RupturedPatellaTendonInjuryExhibit1.jpg\" \/>\n\t<meta property=\"og:image:width\" content=\"700\" \/>\n\t<meta property=\"og:image:height\" content=\"525\" \/>\n\t<meta property=\"og:image:type\" content=\"image\/jpeg\" \/>\n<meta name=\"twitter:card\" content=\"summary_large_image\" \/>\n<meta name=\"twitter:site\" content=\"@premierlawgroup\" \/>\n<meta name=\"twitter:label1\" content=\"Tiempo de lectura\" \/>\n\t<meta name=\"twitter:data1\" content=\"3 minutos\" \/>\n<script type=\"application\/ld+json\" class=\"yoast-schema-graph\">{\"@context\":\"https:\/\/schema.org\",\"@graph\":[{\"@type\":\"WebPage\",\"@id\":\"https:\/\/plg-pllc.com\/faqs\/how-to-heal-from-a-ruptured-patellar-tendon-injury\/\",\"url\":\"https:\/\/plg-pllc.com\/faqs\/how-to-heal-from-a-ruptured-patellar-tendon-injury\/\",\"name\":\"How to heal from a ruptured patellar tendon injury\",\"isPartOf\":{\"@id\":\"https:\/\/plg-pllc.com\/#website\"},\"primaryImageOfPage\":{\"@id\":\"https:\/\/plg-pllc.com\/faqs\/how-to-heal-from-a-ruptured-patellar-tendon-injury\/#primaryimage\"},\"image\":{\"@id\":\"https:\/\/plg-pllc.com\/faqs\/how-to-heal-from-a-ruptured-patellar-tendon-injury\/#primaryimage\"},\"thumbnailUrl\":\"https:\/\/plg-pllc.com\/wp-content\/uploads\/2010\/11\/MLV.RupturedPatellaTendonInjuryExhibit1.jpg\",\"datePublished\":\"2014-03-12T22:48:57+00:00\",\"dateModified\":\"2024-11-07T12:12:19+00:00\",\"description\":\"How to heal from a ruptured patellar tendon injury: Premier Law Group helps you unlock the full compensation you deserve. No Fee Unless We Win.\",\"breadcrumb\":{\"@id\":\"https:\/\/plg-pllc.com\/faqs\/how-to-heal-from-a-ruptured-patellar-tendon-injury\/#breadcrumb\"},\"inLanguage\":\"es\",\"potentialAction\":[{\"@type\":\"ReadAction\",\"target\":[\"https:\/\/plg-pllc.com\/faqs\/how-to-heal-from-a-ruptured-patellar-tendon-injury\/\"]}]},{\"@type\":\"ImageObject\",\"inLanguage\":\"es\",\"@id\":\"https:\/\/plg-pllc.com\/faqs\/how-to-heal-from-a-ruptured-patellar-tendon-injury\/#primaryimage\",\"url\":\"https:\/\/plg-pllc.com\/wp-content\/uploads\/2010\/11\/MLV.RupturedPatellaTendonInjuryExhibit1.jpg\",\"contentUrl\":\"https:\/\/plg-pllc.com\/wp-content\/uploads\/2010\/11\/MLV.RupturedPatellaTendonInjuryExhibit1.jpg\"},{\"@type\":\"BreadcrumbList\",\"@id\":\"https:\/\/plg-pllc.com\/faqs\/how-to-heal-from-a-ruptured-patellar-tendon-injury\/#breadcrumb\",\"itemListElement\":[{\"@type\":\"ListItem\",\"position\":1,\"name\":\"Home\",\"item\":\"https:\/\/plg-pllc.com\/es\/\"},{\"@type\":\"ListItem\",\"position\":2,\"name\":\"FAQs\",\"item\":\"https:\/\/plg-pllc.com\/es\/faqs\/\"},{\"@type\":\"ListItem\",\"position\":3,\"name\":\"How to heal from a ruptured patellar tendon injury\"}]},{\"@type\":\"WebSite\",\"@id\":\"https:\/\/plg-pllc.com\/#website\",\"url\":\"https:\/\/plg-pllc.com\/\",\"name\":\"Premier Law Group\",\"description\":\"Washington Wrongful Death and Serious Injury Lawyer\",\"publisher\":{\"@id\":\"https:\/\/plg-pllc.com\/#organization\"},\"inLanguage\":\"es\"},{\"@type\":\"Organization\",\"@id\":\"https:\/\/plg-pllc.com\/#organization\",\"name\":\"Premier Law Group\",\"url\":\"https:\/\/plg-pllc.com\/\",\"logo\":{\"@type\":\"ImageObject\",\"inLanguage\":\"es\",\"@id\":\"https:\/\/plg-pllc.com\/#\/schema\/logo\/image\/\",\"url\":\"https:\/\/plg-pllc.com\/wp-content\/uploads\/2020\/10\/plg-logo-v2.gif\",\"contentUrl\":\"https:\/\/plg-pllc.com\/wp-content\/uploads\/2020\/10\/plg-logo-v2.gif\",\"width\":592,\"height\":191,\"caption\":\"Premier Law Group\"},\"image\":{\"@id\":\"https:\/\/plg-pllc.com\/#\/schema\/logo\/image\/\"},\"sameAs\":[\"https:\/\/www.facebook.com\/premierlawgroup\",\"https:\/\/x.com\/premierlawgroup\"]}]}<\/script>\n<!-- \/ Yoast SEO plugin. -->","yoast_head_json":{"title":"C\u00f3mo curarse de una lesi\u00f3n por rotura del tend\u00f3n rotuliano","description":"C\u00f3mo recuperarse de una lesi\u00f3n por rotura del tend\u00f3n rotuliano: Premier Law Group le ayuda a obtener la compensaci\u00f3n total que merece. Sin honorarios a menos que ganemos.","robots":{"index":"index","follow":"follow","max-snippet":"max-snippet:-1","max-image-preview":"max-image-preview:large","max-video-preview":"max-video-preview:-1"},"canonical":"https:\/\/plg-pllc.com\/es\/faqs\/how-to-heal-from-a-ruptured-patellar-tendon-injury\/","og_locale":"es_MX","og_type":"article","og_title":"How to heal from a ruptured patellar tendon injury","og_description":"How to heal from a ruptured patellar tendon injury: Premier Law Group helps you unlock the full compensation you deserve. No Fee Unless We Win.","og_url":"https:\/\/plg-pllc.com\/es\/faqs\/how-to-heal-from-a-ruptured-patellar-tendon-injury\/","og_site_name":"Premier Law Group","article_publisher":"https:\/\/www.facebook.com\/premierlawgroup","article_modified_time":"2024-11-07T12:12:19+00:00","og_image":[{"width":700,"height":525,"url":"https:\/\/plg-pllc.com\/wp-content\/uploads\/2010\/11\/MLV.RupturedPatellaTendonInjuryExhibit1.jpg","type":"image\/jpeg"}],"twitter_card":"summary_large_image","twitter_site":"@premierlawgroup","twitter_misc":{"Tiempo de lectura":"3 minutos"},"schema":{"@context":"https:\/\/schema.org","@graph":[{"@type":"WebPage","@id":"https:\/\/plg-pllc.com\/faqs\/how-to-heal-from-a-ruptured-patellar-tendon-injury\/","url":"https:\/\/plg-pllc.com\/faqs\/how-to-heal-from-a-ruptured-patellar-tendon-injury\/","name":"C\u00f3mo curarse de una lesi\u00f3n por rotura del tend\u00f3n rotuliano","isPartOf":{"@id":"https:\/\/plg-pllc.com\/#website"},"primaryImageOfPage":{"@id":"https:\/\/plg-pllc.com\/faqs\/how-to-heal-from-a-ruptured-patellar-tendon-injury\/#primaryimage"},"image":{"@id":"https:\/\/plg-pllc.com\/faqs\/how-to-heal-from-a-ruptured-patellar-tendon-injury\/#primaryimage"},"thumbnailUrl":"https:\/\/plg-pllc.com\/wp-content\/uploads\/2010\/11\/MLV.RupturedPatellaTendonInjuryExhibit1.jpg","datePublished":"2014-03-12T22:48:57+00:00","dateModified":"2024-11-07T12:12:19+00:00","description":"C\u00f3mo recuperarse de una lesi\u00f3n por rotura del tend\u00f3n rotuliano: Premier Law Group le ayuda a obtener la compensaci\u00f3n total que merece. Sin honorarios a menos que ganemos.","breadcrumb":{"@id":"https:\/\/plg-pllc.com\/faqs\/how-to-heal-from-a-ruptured-patellar-tendon-injury\/#breadcrumb"},"inLanguage":"es","potentialAction":[{"@type":"ReadAction","target":["https:\/\/plg-pllc.com\/faqs\/how-to-heal-from-a-ruptured-patellar-tendon-injury\/"]}]},{"@type":"ImageObject","inLanguage":"es","@id":"https:\/\/plg-pllc.com\/faqs\/how-to-heal-from-a-ruptured-patellar-tendon-injury\/#primaryimage","url":"https:\/\/plg-pllc.com\/wp-content\/uploads\/2010\/11\/MLV.RupturedPatellaTendonInjuryExhibit1.jpg","contentUrl":"https:\/\/plg-pllc.com\/wp-content\/uploads\/2010\/11\/MLV.RupturedPatellaTendonInjuryExhibit1.jpg"},{"@type":"BreadcrumbList","@id":"https:\/\/plg-pllc.com\/faqs\/how-to-heal-from-a-ruptured-patellar-tendon-injury\/#breadcrumb","itemListElement":[{"@type":"ListItem","position":1,"name":"Home","item":"https:\/\/plg-pllc.com\/es\/"},{"@type":"ListItem","position":2,"name":"FAQs","item":"https:\/\/plg-pllc.com\/es\/faqs\/"},{"@type":"ListItem","position":3,"name":"How to heal from a ruptured patellar tendon injury"}]},{"@type":"WebSite","@id":"https:\/\/plg-pllc.com\/#website","url":"https:\/\/plg-pllc.com\/","name":"Grupo de abogados Premier","description":"Abogado de muerte por negligencia y lesiones graves en Washington","publisher":{"@id":"https:\/\/plg-pllc.com\/#organization"},"inLanguage":"es"},{"@type":"Organization","@id":"https:\/\/plg-pllc.com\/#organization","name":"Grupo de abogados Premier","url":"https:\/\/plg-pllc.com\/","logo":{"@type":"ImageObject","inLanguage":"es","@id":"https:\/\/plg-pllc.com\/#\/schema\/logo\/image\/","url":"https:\/\/plg-pllc.com\/wp-content\/uploads\/2020\/10\/plg-logo-v2.gif","contentUrl":"https:\/\/plg-pllc.com\/wp-content\/uploads\/2020\/10\/plg-logo-v2.gif","width":592,"height":191,"caption":"Premier Law Group"},"image":{"@id":"https:\/\/plg-pllc.com\/#\/schema\/logo\/image\/"},"sameAs":["https:\/\/www.facebook.com\/premierlawgroup","https:\/\/x.com\/premierlawgroup"]}]}},"_links":{"self":[{"href":"https:\/\/plg-pllc.com\/es\/wp-json\/wp\/v2\/pages\/11917","targetHints":{"allow":["GET"]}}],"collection":[{"href":"https:\/\/plg-pllc.com\/es\/wp-json\/wp\/v2\/pages"}],"about":[{"href":"https:\/\/plg-pllc.com\/es\/wp-json\/wp\/v2\/types\/page"}],"author":[{"embeddable":true,"href":"https:\/\/plg-pllc.com\/es\/wp-json\/wp\/v2\/users\/2"}],"replies":[{"embeddable":true,"href":"https:\/\/plg-pllc.com\/es\/wp-json\/wp\/v2\/comments?post=11917"}],"version-history":[{"count":0,"href":"https:\/\/plg-pllc.com\/es\/wp-json\/wp\/v2\/pages\/11917\/revisions"}],"up":[{"embeddable":true,"href":"https:\/\/plg-pllc.com\/es\/wp-json\/wp\/v2\/pages\/20714"}],"wp:attachment":[{"href":"https:\/\/plg-pllc.com\/es\/wp-json\/wp\/v2\/media?parent=11917"}],"wp:term":[{"taxonomy":"hc_faqs","embeddable":true,"href":"https:\/\/plg-pllc.com\/es\/wp-json\/wp\/v2\/hc_faqs?post=11917"}],"curies":[{"name":"gracias","href":"https:\/\/api.w.org\/{rel}","templated":true}]}}