{"id":11918,"date":"2014-03-18T13:53:06","date_gmt":"2014-03-18T20:53:06","guid":{"rendered":"https:\/\/plg-pllc.com\/?p=11918"},"modified":"2024-11-28T21:06:37","modified_gmt":"2024-11-29T05:06:37","slug":"video-potential-problems-personal-injury-case","status":"publish","type":"page","link":"https:\/\/plg-pllc.com\/es\/videos\/video-potential-problems-personal-injury-case\/","title":{"rendered":"V\u00eddeo: \u00bfCu\u00e1les son los posibles problemas con mi caso de lesiones personales?"},"content":{"rendered":"<p><iframe loading=\"lazy\" src=\"\/\/www.youtube.com\/embed\/gjfejfQ_fCw?rel=0\" width=\"740\" height=\"416\" frameborder=\"0\" allowfullscreen=\"allowfullscreen\"><\/iframe><\/p>\n<p>Las personas que vienen a verme despu\u00e9s de haber sufrido un accidente a menudo tienen en primer lugar en su mente los problemas potenciales con su caso de lesiones personales.<\/p>\n<p>Hay algunas cosas que son grandes se\u00f1ales de alerta si una compa\u00f1\u00eda de seguros las ve, y son se\u00f1ales de alerta porque si tenemos que llegar hasta un juicio con jurado en su caso, es probable que el jurado no vea su caso con simpat\u00eda. Una se\u00f1al de alerta es si no recibe atenci\u00f3n m\u00e9dica de inmediato o no asiste a las citas con el m\u00e9dico. Es un gran problema si, despu\u00e9s de un accidente, usted va al m\u00e9dico y recibe alg\u00fan tratamiento m\u00e9dico, pero luego hay un intervalo de un mes o dos meses antes de volver al m\u00e9dico. Para el jurado, eso sugiere que tal vez mejor\u00f3 y algo m\u00e1s le sucedi\u00f3 en el \u00ednterin. Ese escenario le da a la compa\u00f1\u00eda de seguros un argumento suficiente para sembrar dudas en la mente del jurado. Evite un gran intervalo en su tratamiento.<\/p>\n<p>Otra se\u00f1al de alerta es si no hay muchos da\u00f1os en el coche en el accidente. Eso se llama da\u00f1o a la propiedad bajo. Sabemos cient\u00edficamente que la cantidad de da\u00f1os a un coche tiene un impacto casi nulo en la cantidad de da\u00f1os a la persona que est\u00e1 dentro del coche. Sin embargo, los jurados normalmente esperan que cuanto mayor sea el da\u00f1o al coche, m\u00e1s gravemente herido podr\u00eda haber sido alguien que estuviera dentro del coche. Por lo tanto, aunque hemos tenido casos en los que las personas desarrollan lesiones graves y significativas con muy pocos da\u00f1os en su coche, esos casos suelen ser m\u00e1s dif\u00edciles de probar y requieren m\u00e1s pruebas m\u00e9dicas para convencer a un jurado de la naturaleza de la lesi\u00f3n. \u00bfTiene preguntas sobre esto? Ll\u00e1menos al 206-285-1743 o consulte <a href=\"\/books\/\">Nuestros numerosos recursos gratuitos.<\/a><\/p>","protected":false},"excerpt":{"rendered":"<p>Las personas que vienen a verme despu\u00e9s de haber sufrido un accidente suelen tener en mente los posibles problemas que pueda tener su caso de lesiones personales. Hay algunas cosas que son grandes se\u00f1ales de alerta si una compa\u00f1\u00eda de seguros las ve, y son se\u00f1ales de alerta porque si tenemos que ir a por todas...<\/p>","protected":false},"author":2,"featured_media":0,"parent":720,"menu_order":0,"comment_status":"closed","ping_status":"closed","template":"","meta":{"_acf_changed":false,"_genesis_hide_title":false,"_genesis_hide_breadcrumbs":false,"_genesis_hide_singular_image":false,"_genesis_hide_footer_widgets":false,"_genesis_custom_body_class":"","_genesis_custom_post_class":"","_genesis_layout":"","footnotes":""},"hc_faqs":[],"class_list":{"0":"post-11918","1":"page","2":"type-page","3":"status-publish","5":"entry"},"acf":[],"yoast_head":"<!-- This site is optimized with the Yoast SEO plugin v27.4 - https:\/\/yoast.com\/product\/yoast-seo-wordpress\/ -->\n<title>Video: What are potential problems with my personal injury case?<\/title>\n<meta name=\"description\" content=\"Video: What are potential problems with my personal injury case?: Premier Law Group helps you unlock the full compensation you deserve. No Fee Unless We Win.\" \/>\n<meta name=\"robots\" content=\"index, follow, max-snippet:-1, max-image-preview:large, max-video-preview:-1\" \/>\n<link rel=\"canonical\" href=\"https:\/\/plg-pllc.com\/es\/videos\/video-potential-problems-personal-injury-case\/\" \/>\n<meta property=\"og:locale\" content=\"es_MX\" \/>\n<meta property=\"og:type\" content=\"article\" \/>\n<meta property=\"og:title\" content=\"Video: What are potential problems with my personal injury case?\" \/>\n<meta property=\"og:description\" content=\"Video: What are potential problems with my personal injury case?: Premier Law Group helps you unlock the full compensation you deserve. No Fee Unless We Win.\" \/>\n<meta property=\"og:url\" content=\"https:\/\/plg-pllc.com\/es\/videos\/video-potential-problems-personal-injury-case\/\" \/>\n<meta property=\"og:site_name\" content=\"Premier Law Group\" \/>\n<meta property=\"article:publisher\" content=\"https:\/\/www.facebook.com\/premierlawgroup\" \/>\n<meta property=\"article:modified_time\" content=\"2024-11-29T05:06:37+00:00\" \/>\n<meta name=\"twitter:card\" content=\"summary_large_image\" \/>\n<meta name=\"twitter:site\" content=\"@premierlawgroup\" \/>\n<meta name=\"twitter:label1\" content=\"Tiempo de lectura\" \/>\n\t<meta name=\"twitter:data1\" content=\"2 minutos\" \/>\n<script type=\"application\/ld+json\" class=\"yoast-schema-graph\">{\"@context\":\"https:\\\/\\\/schema.org\",\"@graph\":[{\"@type\":\"WebPage\",\"@id\":\"https:\\\/\\\/plg-pllc.com\\\/videos\\\/video-potential-problems-personal-injury-case\\\/\",\"url\":\"https:\\\/\\\/plg-pllc.com\\\/videos\\\/video-potential-problems-personal-injury-case\\\/\",\"name\":\"Video: What are potential problems with my personal injury case?\",\"isPartOf\":{\"@id\":\"https:\\\/\\\/plg-pllc.com\\\/#website\"},\"datePublished\":\"2014-03-18T20:53:06+00:00\",\"dateModified\":\"2024-11-29T05:06:37+00:00\",\"description\":\"Video: What are potential problems with my personal injury case?: Premier Law Group helps you unlock the full compensation you deserve. No Fee Unless We Win.\",\"breadcrumb\":{\"@id\":\"https:\\\/\\\/plg-pllc.com\\\/videos\\\/video-potential-problems-personal-injury-case\\\/#breadcrumb\"},\"inLanguage\":\"es\",\"potentialAction\":[{\"@type\":\"ReadAction\",\"target\":[\"https:\\\/\\\/plg-pllc.com\\\/videos\\\/video-potential-problems-personal-injury-case\\\/\"]}]},{\"@type\":\"BreadcrumbList\",\"@id\":\"https:\\\/\\\/plg-pllc.com\\\/videos\\\/video-potential-problems-personal-injury-case\\\/#breadcrumb\",\"itemListElement\":[{\"@type\":\"ListItem\",\"position\":1,\"name\":\"Home\",\"item\":\"https:\\\/\\\/plg-pllc.com\\\/es\\\/\"},{\"@type\":\"ListItem\",\"position\":2,\"name\":\"Videos\",\"item\":\"https:\\\/\\\/plg-pllc.com\\\/es\\\/videos\\\/\"},{\"@type\":\"ListItem\",\"position\":3,\"name\":\"Video: What are potential problems with my personal injury case?\"}]},{\"@type\":\"WebSite\",\"@id\":\"https:\\\/\\\/plg-pllc.com\\\/#website\",\"url\":\"https:\\\/\\\/plg-pllc.com\\\/\",\"name\":\"Premier Law Group\",\"description\":\"Washington Wrongful Death and Serious Injury Lawyer\",\"publisher\":{\"@id\":\"https:\\\/\\\/plg-pllc.com\\\/#organization\"},\"inLanguage\":\"es\"},{\"@type\":\"Organization\",\"@id\":\"https:\\\/\\\/plg-pllc.com\\\/#organization\",\"name\":\"Premier Law Group\",\"url\":\"https:\\\/\\\/plg-pllc.com\\\/\",\"logo\":{\"@type\":\"ImageObject\",\"inLanguage\":\"es\",\"@id\":\"https:\\\/\\\/plg-pllc.com\\\/#\\\/schema\\\/logo\\\/image\\\/\",\"url\":\"https:\\\/\\\/plg-pllc.com\\\/wp-content\\\/uploads\\\/2020\\\/10\\\/plg-logo-v2.gif\",\"contentUrl\":\"https:\\\/\\\/plg-pllc.com\\\/wp-content\\\/uploads\\\/2020\\\/10\\\/plg-logo-v2.gif\",\"width\":592,\"height\":191,\"caption\":\"Premier Law Group\"},\"image\":{\"@id\":\"https:\\\/\\\/plg-pllc.com\\\/#\\\/schema\\\/logo\\\/image\\\/\"},\"sameAs\":[\"https:\\\/\\\/www.facebook.com\\\/premierlawgroup\",\"https:\\\/\\\/x.com\\\/premierlawgroup\"]}]}<\/script>\n<!-- \/ Yoast SEO plugin. -->","yoast_head_json":{"title":"V\u00eddeo: \u00bfCu\u00e1les son los posibles problemas con mi caso de lesiones personales?","description":"V\u00eddeo: \u00bfCu\u00e1les son los posibles problemas con mi caso de lesiones personales?: Premier Law Group le ayuda a obtener la compensaci\u00f3n total que merece. Sin cargo a menos que ganemos.","robots":{"index":"index","follow":"follow","max-snippet":"max-snippet:-1","max-image-preview":"max-image-preview:large","max-video-preview":"max-video-preview:-1"},"canonical":"https:\/\/plg-pllc.com\/es\/videos\/video-potential-problems-personal-injury-case\/","og_locale":"es_MX","og_type":"article","og_title":"Video: What are potential problems with my personal injury case?","og_description":"Video: What are potential problems with my personal injury case?: Premier Law Group helps you unlock the full compensation you deserve. No Fee Unless We Win.","og_url":"https:\/\/plg-pllc.com\/es\/videos\/video-potential-problems-personal-injury-case\/","og_site_name":"Premier Law Group","article_publisher":"https:\/\/www.facebook.com\/premierlawgroup","article_modified_time":"2024-11-29T05:06:37+00:00","twitter_card":"summary_large_image","twitter_site":"@premierlawgroup","twitter_misc":{"Tiempo de lectura":"2 minutos"},"schema":{"@context":"https:\/\/schema.org","@graph":[{"@type":"WebPage","@id":"https:\/\/plg-pllc.com\/videos\/video-potential-problems-personal-injury-case\/","url":"https:\/\/plg-pllc.com\/videos\/video-potential-problems-personal-injury-case\/","name":"V\u00eddeo: \u00bfCu\u00e1les son los posibles problemas con mi caso de lesiones personales?","isPartOf":{"@id":"https:\/\/plg-pllc.com\/#website"},"datePublished":"2014-03-18T20:53:06+00:00","dateModified":"2024-11-29T05:06:37+00:00","description":"V\u00eddeo: \u00bfCu\u00e1les son los posibles problemas con mi caso de lesiones personales?: Premier Law Group le ayuda a obtener la compensaci\u00f3n total que merece. Sin cargo a menos que ganemos.","breadcrumb":{"@id":"https:\/\/plg-pllc.com\/videos\/video-potential-problems-personal-injury-case\/#breadcrumb"},"inLanguage":"es","potentialAction":[{"@type":"ReadAction","target":["https:\/\/plg-pllc.com\/videos\/video-potential-problems-personal-injury-case\/"]}]},{"@type":"BreadcrumbList","@id":"https:\/\/plg-pllc.com\/videos\/video-potential-problems-personal-injury-case\/#breadcrumb","itemListElement":[{"@type":"ListItem","position":1,"name":"Home","item":"https:\/\/plg-pllc.com\/es\/"},{"@type":"ListItem","position":2,"name":"Videos","item":"https:\/\/plg-pllc.com\/es\/videos\/"},{"@type":"ListItem","position":3,"name":"Video: What are potential problems with my personal injury case?"}]},{"@type":"WebSite","@id":"https:\/\/plg-pllc.com\/#website","url":"https:\/\/plg-pllc.com\/","name":"Grupo de abogados Premier","description":"Abogado de muerte por negligencia y lesiones graves en Washington","publisher":{"@id":"https:\/\/plg-pllc.com\/#organization"},"inLanguage":"es"},{"@type":"Organization","@id":"https:\/\/plg-pllc.com\/#organization","name":"Grupo de abogados Premier","url":"https:\/\/plg-pllc.com\/","logo":{"@type":"ImageObject","inLanguage":"es","@id":"https:\/\/plg-pllc.com\/#\/schema\/logo\/image\/","url":"https:\/\/plg-pllc.com\/wp-content\/uploads\/2020\/10\/plg-logo-v2.gif","contentUrl":"https:\/\/plg-pllc.com\/wp-content\/uploads\/2020\/10\/plg-logo-v2.gif","width":592,"height":191,"caption":"Premier Law Group"},"image":{"@id":"https:\/\/plg-pllc.com\/#\/schema\/logo\/image\/"},"sameAs":["https:\/\/www.facebook.com\/premierlawgroup","https:\/\/x.com\/premierlawgroup"]}]}},"_links":{"self":[{"href":"https:\/\/plg-pllc.com\/es\/wp-json\/wp\/v2\/pages\/11918","targetHints":{"allow":["GET"]}}],"collection":[{"href":"https:\/\/plg-pllc.com\/es\/wp-json\/wp\/v2\/pages"}],"about":[{"href":"https:\/\/plg-pllc.com\/es\/wp-json\/wp\/v2\/types\/page"}],"author":[{"embeddable":true,"href":"https:\/\/plg-pllc.com\/es\/wp-json\/wp\/v2\/users\/2"}],"replies":[{"embeddable":true,"href":"https:\/\/plg-pllc.com\/es\/wp-json\/wp\/v2\/comments?post=11918"}],"version-history":[{"count":0,"href":"https:\/\/plg-pllc.com\/es\/wp-json\/wp\/v2\/pages\/11918\/revisions"}],"up":[{"embeddable":true,"href":"https:\/\/plg-pllc.com\/es\/wp-json\/wp\/v2\/pages\/720"}],"wp:attachment":[{"href":"https:\/\/plg-pllc.com\/es\/wp-json\/wp\/v2\/media?parent=11918"}],"wp:term":[{"taxonomy":"hc_faqs","embeddable":true,"href":"https:\/\/plg-pllc.com\/es\/wp-json\/wp\/v2\/hc_faqs?post=11918"}],"curies":[{"name":"gracias","href":"https:\/\/api.w.org\/{rel}","templated":true}]}}