{"id":11954,"date":"2014-08-15T13:32:35","date_gmt":"2014-08-15T20:32:35","guid":{"rendered":"https:\/\/plg-pllc.com\/?page_id=11954"},"modified":"2025-02-14T14:18:08","modified_gmt":"2025-02-14T22:18:08","slug":"jonathan-lee","status":"publish","type":"page","link":"https:\/\/plg-pllc.com\/es\/about-us\/attorneys\/jonathan-lee\/","title":{"rendered":"Jonathan Lee"},"content":{"rendered":"<p>Jonathan Lee sabe que cada cliente merece un defensor inquebrantable que lo mantenga informado. Ver a clientes cuyas vidas han cambiado dr\u00e1sticamente <a href=\"https:\/\/plg-pllc.com\/seattle\/car-accident-lawyer\/\">Accidentes de coche<\/a>, accidentes peatonales o mordeduras de perros le han apasionado por brindarles a esas v\u00edctimas la atenci\u00f3n personalizada y el conocimiento que necesitan para seguir adelante. Jonathan Lee ha dedicado su carrera como abogado y su tiempo en <a href=\"https:\/\/plg-pllc.com\/about-us\/\">Grupo de abogados Premier<\/a> a reclamos por lesiones personales, muerte por negligencia y valor disminuido.<\/p>\n<p>Jonathan es oriundo del estado de Washington y creci\u00f3 localmente en <a href=\"https:\/\/plg-pllc.com\/\">Bellevue<\/a>Obtuvo su doble licenciatura en Ciencias Pol\u00edticas y Derecho, Sociedades y Justicia de la Universidad de Washington en 2006, y un Doctorado en Derecho de la Universidad de Seattle en 2009. Se incorpor\u00f3 <a href=\"https:\/\/plg-pllc.com\/about-us\/\">Grupo de abogados Premier<\/a> como abogado asociado en 2014.<\/p>\n<p>Asegurarse de que todos sus clientes puedan comprender completamente su caso a pesar de las barreras del idioma es muy importante para Jonathan, por eso se alegra de poder ofrecer servicios legales en ingl\u00e9s y canton\u00e9s.<\/p>\n<p>Si no est\u00e1 trabajando, Jonathan probablemente est\u00e9 pasando tiempo con su esposa y sus hijos, George y Autumn. Tambi\u00e9n es mentor de estudiantes en la Universidad de Washington. Fuera de la temporada de f\u00fatbol, le encanta hacer barbacoas, viajar, practicar snowboard y caminar por el pr\u00edstino noroeste del Pac\u00edfico. Y s\u00ed, le encanta la lluvia y las tormentas de viento.<\/p>","protected":false},"excerpt":{"rendered":"<p>Jonathan Lee sabe que cada cliente merece un defensor inquebrantable que lo mantenga informado. Ver a clientes cuyas vidas han sido trastocadas por accidentes automovil\u00edsticos, accidentes peatonales o mordeduras de perros le ha apasionado por brindarles a esas v\u00edctimas la atenci\u00f3n personalizada y el conocimiento que necesitan para seguir adelante. Jonathan Lee ha dedicado su carrera como\u2026<\/p>","protected":false},"author":2,"featured_media":20070,"parent":9,"menu_order":0,"comment_status":"closed","ping_status":"closed","template":"page-templates\/single-attorney.php","meta":{"_acf_changed":false,"_genesis_hide_title":false,"_genesis_hide_breadcrumbs":false,"_genesis_hide_singular_image":false,"_genesis_hide_footer_widgets":false,"_genesis_custom_body_class":"","_genesis_custom_post_class":"","_genesis_layout":"","footnotes":""},"hc_faqs":[],"class_list":{"0":"post-11954","1":"page","2":"type-page","3":"status-publish","4":"has-post-thumbnail","6":"entry"},"acf":[],"yoast_head":"<!-- This site is optimized with the Yoast SEO plugin v27.4 - https:\/\/yoast.com\/product\/yoast-seo-wordpress\/ -->\n<title>Contact Attorney Jonathan Lee | Free Case Review<\/title>\n<meta name=\"description\" content=\"Washington Personal Injury Attorney Jonathan Lee knows that every client deserves an unwavering advocate who keeps them informed. Contact Us 206.880.7236\" \/>\n<meta name=\"robots\" content=\"index, follow, max-snippet:-1, max-image-preview:large, max-video-preview:-1\" \/>\n<link rel=\"canonical\" href=\"https:\/\/plg-pllc.com\/es\/about-us\/attorneys\/jonathan-lee\/\" \/>\n<meta property=\"og:locale\" content=\"es_MX\" \/>\n<meta property=\"og:type\" content=\"article\" \/>\n<meta property=\"og:title\" content=\"Contact Attorney Jonathan Lee | Free Case Review\" \/>\n<meta property=\"og:description\" content=\"Washington Personal Injury Attorney Jonathan Lee knows that every client deserves an unwavering advocate who keeps them informed. Contact Us 206.880.7236\" \/>\n<meta property=\"og:url\" content=\"https:\/\/plg-pllc.com\/es\/about-us\/attorneys\/jonathan-lee\/\" \/>\n<meta property=\"og:site_name\" content=\"Premier Law Group\" \/>\n<meta property=\"article:publisher\" content=\"https:\/\/www.facebook.com\/premierlawgroup\" \/>\n<meta property=\"article:modified_time\" content=\"2025-02-14T22:18:08+00:00\" \/>\n<meta property=\"og:image\" content=\"https:\/\/plg-pllc.com\/wp-content\/uploads\/2023\/07\/PLG-jonathan-lee.jpeg\" \/>\n\t<meta property=\"og:image:width\" content=\"500\" \/>\n\t<meta property=\"og:image:height\" content=\"694\" \/>\n\t<meta property=\"og:image:type\" content=\"image\/jpeg\" \/>\n<meta name=\"twitter:card\" content=\"summary_large_image\" \/>\n<meta name=\"twitter:site\" content=\"@premierlawgroup\" \/>\n<meta name=\"twitter:label1\" content=\"Tiempo de lectura\" \/>\n\t<meta name=\"twitter:data1\" content=\"2 minutos\" \/>\n<script type=\"application\/ld+json\" class=\"yoast-schema-graph\">{\"@context\":\"https:\\\/\\\/schema.org\",\"@graph\":[{\"@type\":\"WebPage\",\"@id\":\"https:\\\/\\\/plg-pllc.com\\\/about-us\\\/attorneys\\\/jonathan-lee\\\/\",\"url\":\"https:\\\/\\\/plg-pllc.com\\\/about-us\\\/attorneys\\\/jonathan-lee\\\/\",\"name\":\"Contact Attorney Jonathan Lee | Free Case Review\",\"isPartOf\":{\"@id\":\"https:\\\/\\\/plg-pllc.com\\\/#website\"},\"primaryImageOfPage\":{\"@id\":\"https:\\\/\\\/plg-pllc.com\\\/about-us\\\/attorneys\\\/jonathan-lee\\\/#primaryimage\"},\"image\":{\"@id\":\"https:\\\/\\\/plg-pllc.com\\\/about-us\\\/attorneys\\\/jonathan-lee\\\/#primaryimage\"},\"thumbnailUrl\":\"https:\\\/\\\/plg-pllc.com\\\/wp-content\\\/uploads\\\/2023\\\/07\\\/PLG-jonathan-lee.jpeg\",\"datePublished\":\"2014-08-15T20:32:35+00:00\",\"dateModified\":\"2025-02-14T22:18:08+00:00\",\"description\":\"Washington Personal Injury Attorney Jonathan Lee knows that every client deserves an unwavering advocate who keeps them informed. Contact Us 206.880.7236\",\"breadcrumb\":{\"@id\":\"https:\\\/\\\/plg-pllc.com\\\/about-us\\\/attorneys\\\/jonathan-lee\\\/#breadcrumb\"},\"inLanguage\":\"es\",\"potentialAction\":[{\"@type\":\"ReadAction\",\"target\":[\"https:\\\/\\\/plg-pllc.com\\\/about-us\\\/attorneys\\\/jonathan-lee\\\/\"]}]},{\"@type\":\"ImageObject\",\"inLanguage\":\"es\",\"@id\":\"https:\\\/\\\/plg-pllc.com\\\/about-us\\\/attorneys\\\/jonathan-lee\\\/#primaryimage\",\"url\":\"https:\\\/\\\/plg-pllc.com\\\/wp-content\\\/uploads\\\/2023\\\/07\\\/PLG-jonathan-lee.jpeg\",\"contentUrl\":\"https:\\\/\\\/plg-pllc.com\\\/wp-content\\\/uploads\\\/2023\\\/07\\\/PLG-jonathan-lee.jpeg\",\"width\":500,\"height\":694,\"caption\":\"Jonathan Lee, Attorney\"},{\"@type\":\"BreadcrumbList\",\"@id\":\"https:\\\/\\\/plg-pllc.com\\\/about-us\\\/attorneys\\\/jonathan-lee\\\/#breadcrumb\",\"itemListElement\":[{\"@type\":\"ListItem\",\"position\":1,\"name\":\"Home\",\"item\":\"https:\\\/\\\/plg-pllc.com\\\/es\\\/\"},{\"@type\":\"ListItem\",\"position\":2,\"name\":\"About Us\",\"item\":\"https:\\\/\\\/plg-pllc.com\\\/es\\\/about-us\\\/\"},{\"@type\":\"ListItem\",\"position\":3,\"name\":\"Our Attorneys\",\"item\":\"https:\\\/\\\/plg-pllc.com\\\/es\\\/about-us\\\/attorneys\\\/\"},{\"@type\":\"ListItem\",\"position\":4,\"name\":\"Jonathan Lee\"}]},{\"@type\":\"WebSite\",\"@id\":\"https:\\\/\\\/plg-pllc.com\\\/#website\",\"url\":\"https:\\\/\\\/plg-pllc.com\\\/\",\"name\":\"Premier Law Group\",\"description\":\"Washington Wrongful Death and Serious Injury Lawyer\",\"publisher\":{\"@id\":\"https:\\\/\\\/plg-pllc.com\\\/#organization\"},\"inLanguage\":\"es\"},{\"@type\":\"Organization\",\"@id\":\"https:\\\/\\\/plg-pllc.com\\\/#organization\",\"name\":\"Premier Law Group\",\"url\":\"https:\\\/\\\/plg-pllc.com\\\/\",\"logo\":{\"@type\":\"ImageObject\",\"inLanguage\":\"es\",\"@id\":\"https:\\\/\\\/plg-pllc.com\\\/#\\\/schema\\\/logo\\\/image\\\/\",\"url\":\"https:\\\/\\\/plg-pllc.com\\\/wp-content\\\/uploads\\\/2020\\\/10\\\/plg-logo-v2.gif\",\"contentUrl\":\"https:\\\/\\\/plg-pllc.com\\\/wp-content\\\/uploads\\\/2020\\\/10\\\/plg-logo-v2.gif\",\"width\":592,\"height\":191,\"caption\":\"Premier Law Group\"},\"image\":{\"@id\":\"https:\\\/\\\/plg-pllc.com\\\/#\\\/schema\\\/logo\\\/image\\\/\"},\"sameAs\":[\"https:\\\/\\\/www.facebook.com\\\/premierlawgroup\",\"https:\\\/\\\/x.com\\\/premierlawgroup\"]}]}<\/script>\n<!-- \/ Yoast SEO plugin. -->","yoast_head_json":{"title":"Contacte al abogado Jonathan Lee | Revisi\u00f3n gratuita de su caso","description":"El abogado de lesiones personales de Washington, Jonathan Lee, sabe que cada cliente merece un defensor inquebrantable que lo mantenga informado. Comun\u00edquese con nosotros al 206.880.7236","robots":{"index":"index","follow":"follow","max-snippet":"max-snippet:-1","max-image-preview":"max-image-preview:large","max-video-preview":"max-video-preview:-1"},"canonical":"https:\/\/plg-pllc.com\/es\/about-us\/attorneys\/jonathan-lee\/","og_locale":"es_MX","og_type":"article","og_title":"Contact Attorney Jonathan Lee | Free Case Review","og_description":"Washington Personal Injury Attorney Jonathan Lee knows that every client deserves an unwavering advocate who keeps them informed. Contact Us 206.880.7236","og_url":"https:\/\/plg-pllc.com\/es\/about-us\/attorneys\/jonathan-lee\/","og_site_name":"Premier Law Group","article_publisher":"https:\/\/www.facebook.com\/premierlawgroup","article_modified_time":"2025-02-14T22:18:08+00:00","og_image":[{"width":500,"height":694,"url":"https:\/\/plg-pllc.com\/wp-content\/uploads\/2023\/07\/PLG-jonathan-lee.jpeg","type":"image\/jpeg"}],"twitter_card":"summary_large_image","twitter_site":"@premierlawgroup","twitter_misc":{"Tiempo de lectura":"2 minutos"},"schema":{"@context":"https:\/\/schema.org","@graph":[{"@type":"WebPage","@id":"https:\/\/plg-pllc.com\/about-us\/attorneys\/jonathan-lee\/","url":"https:\/\/plg-pllc.com\/about-us\/attorneys\/jonathan-lee\/","name":"Contacte al abogado Jonathan Lee | Revisi\u00f3n gratuita de su caso","isPartOf":{"@id":"https:\/\/plg-pllc.com\/#website"},"primaryImageOfPage":{"@id":"https:\/\/plg-pllc.com\/about-us\/attorneys\/jonathan-lee\/#primaryimage"},"image":{"@id":"https:\/\/plg-pllc.com\/about-us\/attorneys\/jonathan-lee\/#primaryimage"},"thumbnailUrl":"https:\/\/plg-pllc.com\/wp-content\/uploads\/2023\/07\/PLG-jonathan-lee.jpeg","datePublished":"2014-08-15T20:32:35+00:00","dateModified":"2025-02-14T22:18:08+00:00","description":"El abogado de lesiones personales de Washington, Jonathan Lee, sabe que cada cliente merece un defensor inquebrantable que lo mantenga informado. Comun\u00edquese con nosotros al 206.880.7236","breadcrumb":{"@id":"https:\/\/plg-pllc.com\/about-us\/attorneys\/jonathan-lee\/#breadcrumb"},"inLanguage":"es","potentialAction":[{"@type":"ReadAction","target":["https:\/\/plg-pllc.com\/about-us\/attorneys\/jonathan-lee\/"]}]},{"@type":"ImageObject","inLanguage":"es","@id":"https:\/\/plg-pllc.com\/about-us\/attorneys\/jonathan-lee\/#primaryimage","url":"https:\/\/plg-pllc.com\/wp-content\/uploads\/2023\/07\/PLG-jonathan-lee.jpeg","contentUrl":"https:\/\/plg-pllc.com\/wp-content\/uploads\/2023\/07\/PLG-jonathan-lee.jpeg","width":500,"height":694,"caption":"Jonathan Lee, Attorney"},{"@type":"BreadcrumbList","@id":"https:\/\/plg-pllc.com\/about-us\/attorneys\/jonathan-lee\/#breadcrumb","itemListElement":[{"@type":"ListItem","position":1,"name":"Home","item":"https:\/\/plg-pllc.com\/es\/"},{"@type":"ListItem","position":2,"name":"About Us","item":"https:\/\/plg-pllc.com\/es\/about-us\/"},{"@type":"ListItem","position":3,"name":"Our Attorneys","item":"https:\/\/plg-pllc.com\/es\/about-us\/attorneys\/"},{"@type":"ListItem","position":4,"name":"Jonathan Lee"}]},{"@type":"WebSite","@id":"https:\/\/plg-pllc.com\/#website","url":"https:\/\/plg-pllc.com\/","name":"Grupo de abogados Premier","description":"Abogado de muerte por negligencia y lesiones graves en Washington","publisher":{"@id":"https:\/\/plg-pllc.com\/#organization"},"inLanguage":"es"},{"@type":"Organization","@id":"https:\/\/plg-pllc.com\/#organization","name":"Grupo de abogados Premier","url":"https:\/\/plg-pllc.com\/","logo":{"@type":"ImageObject","inLanguage":"es","@id":"https:\/\/plg-pllc.com\/#\/schema\/logo\/image\/","url":"https:\/\/plg-pllc.com\/wp-content\/uploads\/2020\/10\/plg-logo-v2.gif","contentUrl":"https:\/\/plg-pllc.com\/wp-content\/uploads\/2020\/10\/plg-logo-v2.gif","width":592,"height":191,"caption":"Premier Law Group"},"image":{"@id":"https:\/\/plg-pllc.com\/#\/schema\/logo\/image\/"},"sameAs":["https:\/\/www.facebook.com\/premierlawgroup","https:\/\/x.com\/premierlawgroup"]}]}},"_links":{"self":[{"href":"https:\/\/plg-pllc.com\/es\/wp-json\/wp\/v2\/pages\/11954","targetHints":{"allow":["GET"]}}],"collection":[{"href":"https:\/\/plg-pllc.com\/es\/wp-json\/wp\/v2\/pages"}],"about":[{"href":"https:\/\/plg-pllc.com\/es\/wp-json\/wp\/v2\/types\/page"}],"author":[{"embeddable":true,"href":"https:\/\/plg-pllc.com\/es\/wp-json\/wp\/v2\/users\/2"}],"replies":[{"embeddable":true,"href":"https:\/\/plg-pllc.com\/es\/wp-json\/wp\/v2\/comments?post=11954"}],"version-history":[{"count":0,"href":"https:\/\/plg-pllc.com\/es\/wp-json\/wp\/v2\/pages\/11954\/revisions"}],"up":[{"embeddable":true,"href":"https:\/\/plg-pllc.com\/es\/wp-json\/wp\/v2\/pages\/9"}],"wp:featuredmedia":[{"embeddable":true,"href":"https:\/\/plg-pllc.com\/es\/wp-json\/wp\/v2\/media\/20070"}],"wp:attachment":[{"href":"https:\/\/plg-pllc.com\/es\/wp-json\/wp\/v2\/media?parent=11954"}],"wp:term":[{"taxonomy":"hc_faqs","embeddable":true,"href":"https:\/\/plg-pllc.com\/es\/wp-json\/wp\/v2\/hc_faqs?post=11954"}],"curies":[{"name":"gracias","href":"https:\/\/api.w.org\/{rel}","templated":true}]}}