{"id":12001,"date":"2015-03-02T13:16:56","date_gmt":"2015-03-02T21:16:56","guid":{"rendered":"https:\/\/plg-pllc.com\/?page_id=12001"},"modified":"2025-02-19T12:54:59","modified_gmt":"2025-02-19T20:54:59","slug":"employment-contract","status":"publish","type":"page","link":"https:\/\/plg-pllc.com\/es\/seattle\/employment-contract-lawyer\/","title":{"rendered":"Abogado de contratos de trabajo en Seattle"},"content":{"rendered":"<h2 class=\"wp-block-heading\" id=\"h-what-is-an-employment-contract\">\u00bfQu\u00e9 es un contrato de trabajo?<\/h2>\r\n\r\n\r\n\r\n<p>Los contratos de trabajo pueden ser beneficiosos para los empleados y los empleadores, ya que pueden brindar seguridad laboral y transparencia entre las partes, pero tambi\u00e9n pueden entra\u00f1ar muchos peligros para los empleados que firman un contrato sin haber le\u00eddo atentamente la letra peque\u00f1a.<\/p>\r\n\r\n\r\n\r\n<p>Tener una experiencia <a href=\"https:\/\/plg-pllc.com\/seattle\/employment-law-lawyer\/\">Abogado laboral de Seattle<\/a> Revisar su contrato de trabajo es muy valioso. Un abogado puede se\u00f1alarle los obst\u00e1culos y los problemas potenciales que podr\u00edan perjudicar su salario y su carrera.<\/p>\r\n\r\n\r\n\r\n<h2 class=\"wp-block-heading\" id=\"h-what-should-you-look-for-before-signing-an-employment-contract\">\u00bfQu\u00e9 debes tener en cuenta antes de firmar un contrato de trabajo?<\/h2>\r\n\r\n\r\n\r\n<p><b>Cl\u00e1usula de rescisi\u00f3n<\/b>:La parte m\u00e1s valiosa de un contrato de trabajo para un empleado es c\u00f3mo se gestionan los procedimientos de despido. Un contrato puede indicar que se le garantiza el empleo durante tres a\u00f1os, pero la letra peque\u00f1a podr\u00eda decir que lo pueden despedir por incumplimiento y no definir qu\u00e9 significa ese incumplimiento. Tambi\u00e9n es importante saber qu\u00e9 paquete de indemnizaci\u00f3n se le otorgar\u00e1 en caso de despido.<\/p>\r\n\r\n\r\n\r\n<p><b>Compensaci\u00f3n<\/b>:Es importante que el salario y los beneficios est\u00e9n detallados. Algunos contratos pueden indicar que un empleador de Seattle puede cambiar el salario y los beneficios a su antojo. Es posible que deba sufrir grandes recortes salariales, que cambien sus beneficios o que lo trasladen a una regi\u00f3n remota. Es muy importante que la remuneraci\u00f3n y los beneficios est\u00e9n detallados y sean transparentes en el contrato de trabajo.<\/p>\r\n\r\n\r\n\r\n<p><b>Cl\u00e1usula de escape<\/b>:Es importante asegurarse de tener la opci\u00f3n de salir de una empresa sin problemas. En la actualidad, muchos contratos de trabajo incluyen cl\u00e1usulas de no competencia, que se deben leer con mucho cuidado. Si dejar su sector durante un a\u00f1o o dos cuando deje su trabajo no es una opci\u00f3n, intente renegociar esta parte del contrato y, si su posible empleador no cede, puede considerar la posibilidad de rechazar el trabajo.<\/p>\r\n\r\n\r\n\r\n<div class=\"wp-block-group book-callout has-background\" style=\"background-color: #eeeeee;\"><div class=\"wp-block-group__inner-container is-layout-flow wp-block-group-is-layout-flow\">\r\n<h2 class=\"wp-block-heading\" id=\"h-free-ebook-the-washington-state-guide-to-severance-employment-contracts\">Libro electr\u00f3nico gratuito: Gu\u00eda del estado de Washington sobre contratos de trabajo e indemnizaci\u00f3n por despido<\/h2>\r\n\r\n\r\n<div class=\"wp-block-image\">\r\n<figure class=\"alignright size-full\"><img loading=\"lazy\" decoding=\"async\" width=\"150\" height=\"256\" class=\"wp-image-19618\" src=\"https:\/\/plg-pllc.com\/wp-content\/uploads\/2022\/08\/plg-severance-guide-book.png\" alt=\"\" srcset=\"https:\/\/plg-pllc.com\/wp-content\/uploads\/2022\/08\/plg-severance-guide-book.png 150w, https:\/\/plg-pllc.com\/wp-content\/uploads\/2022\/08\/plg-severance-guide-book-117x200.png 117w\" sizes=\"auto, (max-width: 150px) 100vw, 150px\" \/><\/figure>\r\n<\/div>\r\n\r\n\r\n<p><a href=\"https:\/\/lni.wa.gov\/workers-rights\/\">Leyes laborales del estado de Washington<\/a>\u00a0Son complicados y, a menudo, dif\u00edciles de entender. Para ayudar a los residentes de Washington a navegar por el proceso con confianza, nuestra firma cre\u00f3 The Washington State Guide to Despido y Contratos de Empleo. Tomamos los conceptos m\u00e1s importantes y los dividimos en libros y recursos f\u00e1ciles de entender. Despu\u00e9s de leer el libro, podr\u00e1 tomar decisiones importantes al elegir si desea presentar una demanda.<\/p>\r\n\r\n\r\n\r\n<div class=\"wp-block-buttons is-content-justification-center is-layout-flex wp-container-core-buttons-is-layout-16018d1d wp-block-buttons-is-layout-flex\">\r\n<div class=\"wp-block-button aligncenter has-custom-width wp-block-button__width-50\"><a class=\"wp-block-button__link\" href=\"https:\/\/plg-pllc.com\/books\/washington-guide-severance\/\">DESCARGAR LA GU\u00cdA<\/a><\/div>\r\n<\/div>\r\n\r\n\r\n\r\n<h3 class=\"wp-block-heading\" id=\"h-download-a-free-copy-of-premier-law-group-s-guide-to-employment-and-severance-contracts\"><em>Descargue una copia GRATUITA de la Gu\u00eda de contratos de empleo e indemnizaci\u00f3n de Premier Law Group<\/em><\/h3>\r\n\r\n\r\n\r\n<p><strong>En su copia GRATUITA de este libro electr\u00f3nico, descubrir\u00e1\u2026<\/strong><\/p>\r\n\r\n\r\n\r\n<ul class=\"wp-block-list\">\r\n<li>Qu\u00e9 es la indemnizaci\u00f3n por despido\u2026 y qu\u00e9 no es<\/li>\r\n<li>Consejos \u00fatiles para negociar su contrato de trabajo<\/li>\r\n<li>Tus derechos como trabajador, tengas contrato o no<\/li>\r\n<li>C\u00f3mo contratar al abogado adecuado para su caso laboral<\/li>\r\n<\/ul>\r\n<\/div><\/div>\r\n\r\n\r\n\r\n\n        <div class=\"rs-content-cta long\">\n            <p>Para una consulta legal con un abogado especializado en contratos laborales que preste servicios en Seattle, llame al <a href=\"tel:+12062851743\">(206) 285-1743 <\/a><\/p>\n            <a href=\"https:\/\/plg-pllc.com\/es\/contact-us\/\" title=\"OBTENGA UNA EVALUACI\u00d3N DE CASO\" class=\"btn-global\">OBTENGA UNA EVALUACI\u00d3N DE CASO<\/a>\n                    <picture>\n                            <source srcset=\"https:\/\/plg-pllc.com\/wp-content\/themes\/plg-pllc-redesign\/assets\/app\/img\/cta-thumb.webp\" type=\"image\/webp\"\/>\n                            <img src=\"https:\/\/plg-pllc.com\/wp-content\/themes\/plg-pllc-redesign\/assets\/app\/img\/cta-thumb.png\" alt=\"Grupo de abogados Premier\" title=\"Grupo de abogados Premier\" width=\"245\" height=\"220\" loading=\"auto\" fetchpriority=\"auto\" decoding=\"async\"\/>\n        <\/picture>\n        \n        <\/div><h2 class=\"wp-block-heading\" id=\"h-why-you-should-choose-premier-law-group\">\u00bfPor qu\u00e9 deber\u00eda elegir Premier Law Group?<\/h2>\r\n\r\n\r\n\r\n<p>Grupo de abogados Premier <a href=\"https:\/\/plg-pllc.com\/\">abogados laborales con experiencia<\/a> Le ayudar\u00e1 a recuperar el poder. Si firma su contrato sin conocer todos los hechos, podr\u00eda estar renunciando a su seguridad laboral, miles de d\u00f3lares y su calidad de vida. <a href=\"https:\/\/plg-pllc.com\/about-us\/\">Grupo de abogados Premier<\/a> de <a href=\"https:\/\/plg-pllc.com\/seattle\/personal-injury-lawyer\/\">Seattle<\/a>, <a href=\"https:\/\/plg-pllc.com\/\">Bellevue<\/a>, <a href=\"https:\/\/plg-pllc.com\/renton\/personal-injury-lawyer\/\">Rent\u00f3n<\/a> y <a href=\"https:\/\/plg-pllc.com\/federal-way\/personal-injury-lawyer\/\">Camino federal<\/a> Puede revisar sus documentos laborales, lo que podr\u00eda ahorrarle dinero y la integridad de su carrera. No merece ser v\u00edctima de su empleador. Ll\u00e1menos al 206-285-1743 para <a href=\"https:\/\/plg-pllc.com\/contact-us\/\">Programe su consulta<\/a> hoy.<\/p>\r\n\n        <div class=\"rs-content-cta\">\n            <p>Llamar o enviar mensaje de texto <a href=\"tel:+12062851743\">(206) 285-1743<\/a> o complete un formulario de evaluaci\u00f3n de caso<\/p>\n            <a href=\"https:\/\/plg-pllc.com\/es\/contact-us\/\" title=\"OBTENGA UNA EVALUACI\u00d3N DE CASO\" class=\"btn-global\">OBTENGA UNA EVALUACI\u00d3N DE CASO<\/a>\n                    <picture>\n                            <source srcset=\"https:\/\/plg-pllc.com\/wp-content\/themes\/plg-pllc-redesign\/assets\/app\/img\/cta-thumb.webp\" type=\"image\/webp\"\/>\n                            <img src=\"https:\/\/plg-pllc.com\/wp-content\/themes\/plg-pllc-redesign\/assets\/app\/img\/cta-thumb.png\" alt=\"Grupo de abogados Premier\" title=\"Grupo de abogados Premier\" width=\"245\" height=\"220\" loading=\"auto\" fetchpriority=\"auto\" decoding=\"async\"\/>\n        <\/picture>\n        \n        <\/div>","protected":false},"excerpt":{"rendered":"<p>\u00bfQu\u00e9 es un contrato de trabajo? Los contratos de trabajo pueden ser beneficiosos para los empleados y los empleadores. Pueden brindar seguridad laboral y transparencia entre las partes. Pero tambi\u00e9n pueden conllevar muchos peligros para los empleados que firman un contrato y no han le\u00eddo atentamente la letra peque\u00f1a. Contar con un abogado laboralista experimentado en Seattle para que revise su contrato de trabajo\u2026<\/p>","protected":false},"author":2,"featured_media":15529,"parent":64,"menu_order":0,"comment_status":"closed","ping_status":"closed","template":"","meta":{"_acf_changed":false,"_genesis_hide_title":false,"_genesis_hide_breadcrumbs":false,"_genesis_hide_singular_image":false,"_genesis_hide_footer_widgets":false,"_genesis_custom_body_class":"","_genesis_custom_post_class":"","_genesis_layout":"","footnotes":""},"hc_faqs":[],"class_list":{"0":"post-12001","1":"page","2":"type-page","3":"status-publish","4":"has-post-thumbnail","6":"hc_city_location-seattle","7":"entry"},"acf":[],"yoast_head":"<!-- This site is optimized with the Yoast SEO plugin v27.4 - https:\/\/yoast.com\/product\/yoast-seo-wordpress\/ -->\n<title>Employment Contract Lawyer in Seattle | Call for a Case Review<\/title>\n<meta name=\"description\" content=\"Seattle Employment Contract Lawyer: Premier Law Group helps you unlock the full compensation you deserve.\" \/>\n<meta name=\"robots\" content=\"index, follow, max-snippet:-1, max-image-preview:large, max-video-preview:-1\" \/>\n<link rel=\"canonical\" href=\"https:\/\/plg-pllc.com\/es\/seattle\/employment-contract-lawyer\/\" \/>\n<meta property=\"og:locale\" content=\"es_MX\" \/>\n<meta property=\"og:type\" content=\"article\" \/>\n<meta property=\"og:title\" content=\"Employment Contract Lawyer in Seattle | Call for a Case Review\" \/>\n<meta property=\"og:description\" content=\"Seattle Employment Contract Lawyer: Premier Law Group helps you unlock the full compensation you deserve.\" \/>\n<meta property=\"og:url\" content=\"https:\/\/plg-pllc.com\/es\/seattle\/employment-contract-lawyer\/\" \/>\n<meta property=\"og:site_name\" content=\"Premier Law Group\" \/>\n<meta property=\"article:publisher\" content=\"https:\/\/www.facebook.com\/premierlawgroup\" \/>\n<meta property=\"article:modified_time\" content=\"2025-02-19T20:54:59+00:00\" \/>\n<meta property=\"og:image\" content=\"https:\/\/plg-pllc.com\/wp-content\/uploads\/2013\/02\/employment-law.jpg\" \/>\n\t<meta property=\"og:image:width\" content=\"1920\" \/>\n\t<meta property=\"og:image:height\" content=\"530\" \/>\n\t<meta property=\"og:image:type\" content=\"image\/jpeg\" \/>\n<meta name=\"twitter:card\" content=\"summary_large_image\" \/>\n<meta name=\"twitter:site\" content=\"@premierlawgroup\" \/>\n<meta name=\"twitter:label1\" content=\"Tiempo de lectura\" \/>\n\t<meta name=\"twitter:data1\" content=\"2 minutos\" \/>\n<script type=\"application\/ld+json\" class=\"yoast-schema-graph\">{\"@context\":\"https:\\\/\\\/schema.org\",\"@graph\":[{\"@type\":\"WebPage\",\"@id\":\"https:\\\/\\\/plg-pllc.com\\\/seattle\\\/employment-contract-lawyer\\\/\",\"url\":\"https:\\\/\\\/plg-pllc.com\\\/seattle\\\/employment-contract-lawyer\\\/\",\"name\":\"Employment Contract Lawyer in Seattle | Call for a Case Review\",\"isPartOf\":{\"@id\":\"https:\\\/\\\/plg-pllc.com\\\/#website\"},\"primaryImageOfPage\":{\"@id\":\"https:\\\/\\\/plg-pllc.com\\\/seattle\\\/employment-contract-lawyer\\\/#primaryimage\"},\"image\":{\"@id\":\"https:\\\/\\\/plg-pllc.com\\\/seattle\\\/employment-contract-lawyer\\\/#primaryimage\"},\"thumbnailUrl\":\"https:\\\/\\\/plg-pllc.com\\\/wp-content\\\/uploads\\\/2013\\\/02\\\/employment-law.jpg\",\"datePublished\":\"2015-03-02T21:16:56+00:00\",\"dateModified\":\"2025-02-19T20:54:59+00:00\",\"description\":\"Seattle Employment Contract Lawyer: Premier Law Group helps you unlock the full compensation you deserve.\",\"breadcrumb\":{\"@id\":\"https:\\\/\\\/plg-pllc.com\\\/seattle\\\/employment-contract-lawyer\\\/#breadcrumb\"},\"inLanguage\":\"es\",\"potentialAction\":[{\"@type\":\"ReadAction\",\"target\":[\"https:\\\/\\\/plg-pllc.com\\\/seattle\\\/employment-contract-lawyer\\\/\"]}]},{\"@type\":\"ImageObject\",\"inLanguage\":\"es\",\"@id\":\"https:\\\/\\\/plg-pllc.com\\\/seattle\\\/employment-contract-lawyer\\\/#primaryimage\",\"url\":\"https:\\\/\\\/plg-pllc.com\\\/wp-content\\\/uploads\\\/2013\\\/02\\\/employment-law.jpg\",\"contentUrl\":\"https:\\\/\\\/plg-pllc.com\\\/wp-content\\\/uploads\\\/2013\\\/02\\\/employment-law.jpg\",\"width\":1920,\"height\":530,\"caption\":\"Employment Contract Lawyer\"},{\"@type\":\"BreadcrumbList\",\"@id\":\"https:\\\/\\\/plg-pllc.com\\\/seattle\\\/employment-contract-lawyer\\\/#breadcrumb\",\"itemListElement\":[{\"@type\":\"ListItem\",\"position\":1,\"name\":\"Home\",\"item\":\"https:\\\/\\\/plg-pllc.com\\\/es\\\/\"},{\"@type\":\"ListItem\",\"position\":2,\"name\":\"Seattle Personal Injury Lawyer\",\"item\":\"https:\\\/\\\/plg-pllc.com\\\/es\\\/seattle\\\/personal-injury-lawyer\\\/\"},{\"@type\":\"ListItem\",\"position\":3,\"name\":\"Seattle Employment Law Lawyer\",\"item\":\"https:\\\/\\\/plg-pllc.com\\\/es\\\/seattle\\\/employment-law-lawyer\\\/\"},{\"@type\":\"ListItem\",\"position\":4,\"name\":\"Employment Contract\"}]},{\"@type\":\"WebSite\",\"@id\":\"https:\\\/\\\/plg-pllc.com\\\/#website\",\"url\":\"https:\\\/\\\/plg-pllc.com\\\/\",\"name\":\"Premier Law Group\",\"description\":\"Washington Wrongful Death and Serious Injury Lawyer\",\"publisher\":{\"@id\":\"https:\\\/\\\/plg-pllc.com\\\/#organization\"},\"inLanguage\":\"es\"},{\"@type\":\"Organization\",\"@id\":\"https:\\\/\\\/plg-pllc.com\\\/#organization\",\"name\":\"Premier Law Group\",\"url\":\"https:\\\/\\\/plg-pllc.com\\\/\",\"logo\":{\"@type\":\"ImageObject\",\"inLanguage\":\"es\",\"@id\":\"https:\\\/\\\/plg-pllc.com\\\/#\\\/schema\\\/logo\\\/image\\\/\",\"url\":\"https:\\\/\\\/plg-pllc.com\\\/wp-content\\\/uploads\\\/2020\\\/10\\\/plg-logo-v2.gif\",\"contentUrl\":\"https:\\\/\\\/plg-pllc.com\\\/wp-content\\\/uploads\\\/2020\\\/10\\\/plg-logo-v2.gif\",\"width\":592,\"height\":191,\"caption\":\"Premier Law Group\"},\"image\":{\"@id\":\"https:\\\/\\\/plg-pllc.com\\\/#\\\/schema\\\/logo\\\/image\\\/\"},\"sameAs\":[\"https:\\\/\\\/www.facebook.com\\\/premierlawgroup\",\"https:\\\/\\\/x.com\\\/premierlawgroup\"]}]}<\/script>\n<!-- \/ Yoast SEO plugin. -->","yoast_head_json":{"title":"Abogado de contratos de trabajo en Seattle | Llame para una revisi\u00f3n de su caso","description":"Abogado de contratos de trabajo en Seattle: Premier Law Group lo ayuda a obtener la compensaci\u00f3n total que se merece.","robots":{"index":"index","follow":"follow","max-snippet":"max-snippet:-1","max-image-preview":"max-image-preview:large","max-video-preview":"max-video-preview:-1"},"canonical":"https:\/\/plg-pllc.com\/es\/seattle\/employment-contract-lawyer\/","og_locale":"es_MX","og_type":"article","og_title":"Employment Contract Lawyer in Seattle | Call for a Case Review","og_description":"Seattle Employment Contract Lawyer: Premier Law Group helps you unlock the full compensation you deserve.","og_url":"https:\/\/plg-pllc.com\/es\/seattle\/employment-contract-lawyer\/","og_site_name":"Premier Law Group","article_publisher":"https:\/\/www.facebook.com\/premierlawgroup","article_modified_time":"2025-02-19T20:54:59+00:00","og_image":[{"width":1920,"height":530,"url":"https:\/\/plg-pllc.com\/wp-content\/uploads\/2013\/02\/employment-law.jpg","type":"image\/jpeg"}],"twitter_card":"summary_large_image","twitter_site":"@premierlawgroup","twitter_misc":{"Tiempo de lectura":"2 minutos"},"schema":{"@context":"https:\/\/schema.org","@graph":[{"@type":"WebPage","@id":"https:\/\/plg-pllc.com\/seattle\/employment-contract-lawyer\/","url":"https:\/\/plg-pllc.com\/seattle\/employment-contract-lawyer\/","name":"Abogado de contratos de trabajo en Seattle | Llame para una revisi\u00f3n de su caso","isPartOf":{"@id":"https:\/\/plg-pllc.com\/#website"},"primaryImageOfPage":{"@id":"https:\/\/plg-pllc.com\/seattle\/employment-contract-lawyer\/#primaryimage"},"image":{"@id":"https:\/\/plg-pllc.com\/seattle\/employment-contract-lawyer\/#primaryimage"},"thumbnailUrl":"https:\/\/plg-pllc.com\/wp-content\/uploads\/2013\/02\/employment-law.jpg","datePublished":"2015-03-02T21:16:56+00:00","dateModified":"2025-02-19T20:54:59+00:00","description":"Abogado de contratos de trabajo en Seattle: Premier Law Group lo ayuda a obtener la compensaci\u00f3n total que se merece.","breadcrumb":{"@id":"https:\/\/plg-pllc.com\/seattle\/employment-contract-lawyer\/#breadcrumb"},"inLanguage":"es","potentialAction":[{"@type":"ReadAction","target":["https:\/\/plg-pllc.com\/seattle\/employment-contract-lawyer\/"]}]},{"@type":"ImageObject","inLanguage":"es","@id":"https:\/\/plg-pllc.com\/seattle\/employment-contract-lawyer\/#primaryimage","url":"https:\/\/plg-pllc.com\/wp-content\/uploads\/2013\/02\/employment-law.jpg","contentUrl":"https:\/\/plg-pllc.com\/wp-content\/uploads\/2013\/02\/employment-law.jpg","width":1920,"height":530,"caption":"Employment Contract Lawyer"},{"@type":"BreadcrumbList","@id":"https:\/\/plg-pllc.com\/seattle\/employment-contract-lawyer\/#breadcrumb","itemListElement":[{"@type":"ListItem","position":1,"name":"Home","item":"https:\/\/plg-pllc.com\/es\/"},{"@type":"ListItem","position":2,"name":"Seattle Personal Injury Lawyer","item":"https:\/\/plg-pllc.com\/es\/seattle\/personal-injury-lawyer\/"},{"@type":"ListItem","position":3,"name":"Seattle Employment Law Lawyer","item":"https:\/\/plg-pllc.com\/es\/seattle\/employment-law-lawyer\/"},{"@type":"ListItem","position":4,"name":"Employment Contract"}]},{"@type":"WebSite","@id":"https:\/\/plg-pllc.com\/#website","url":"https:\/\/plg-pllc.com\/","name":"Grupo de abogados Premier","description":"Abogado de muerte por negligencia y lesiones graves en Washington","publisher":{"@id":"https:\/\/plg-pllc.com\/#organization"},"inLanguage":"es"},{"@type":"Organization","@id":"https:\/\/plg-pllc.com\/#organization","name":"Grupo de abogados Premier","url":"https:\/\/plg-pllc.com\/","logo":{"@type":"ImageObject","inLanguage":"es","@id":"https:\/\/plg-pllc.com\/#\/schema\/logo\/image\/","url":"https:\/\/plg-pllc.com\/wp-content\/uploads\/2020\/10\/plg-logo-v2.gif","contentUrl":"https:\/\/plg-pllc.com\/wp-content\/uploads\/2020\/10\/plg-logo-v2.gif","width":592,"height":191,"caption":"Premier Law Group"},"image":{"@id":"https:\/\/plg-pllc.com\/#\/schema\/logo\/image\/"},"sameAs":["https:\/\/www.facebook.com\/premierlawgroup","https:\/\/x.com\/premierlawgroup"]}]}},"_links":{"self":[{"href":"https:\/\/plg-pllc.com\/es\/wp-json\/wp\/v2\/pages\/12001","targetHints":{"allow":["GET"]}}],"collection":[{"href":"https:\/\/plg-pllc.com\/es\/wp-json\/wp\/v2\/pages"}],"about":[{"href":"https:\/\/plg-pllc.com\/es\/wp-json\/wp\/v2\/types\/page"}],"author":[{"embeddable":true,"href":"https:\/\/plg-pllc.com\/es\/wp-json\/wp\/v2\/users\/2"}],"replies":[{"embeddable":true,"href":"https:\/\/plg-pllc.com\/es\/wp-json\/wp\/v2\/comments?post=12001"}],"version-history":[{"count":0,"href":"https:\/\/plg-pllc.com\/es\/wp-json\/wp\/v2\/pages\/12001\/revisions"}],"up":[{"embeddable":true,"href":"https:\/\/plg-pllc.com\/es\/wp-json\/wp\/v2\/pages\/64"}],"wp:featuredmedia":[{"embeddable":true,"href":"https:\/\/plg-pllc.com\/es\/wp-json\/wp\/v2\/media\/15529"}],"wp:attachment":[{"href":"https:\/\/plg-pllc.com\/es\/wp-json\/wp\/v2\/media?parent=12001"}],"wp:term":[{"taxonomy":"hc_faqs","embeddable":true,"href":"https:\/\/plg-pllc.com\/es\/wp-json\/wp\/v2\/hc_faqs?post=12001"}],"curies":[{"name":"gracias","href":"https:\/\/api.w.org\/{rel}","templated":true}]}}