{"id":12002,"date":"2015-03-02T13:22:10","date_gmt":"2015-03-02T21:22:10","guid":{"rendered":"https:\/\/plg-pllc.com\/?page_id=12002"},"modified":"2025-02-14T14:18:01","modified_gmt":"2025-02-14T22:18:01","slug":"disability-discrimination-attorneys","status":"publish","type":"page","link":"https:\/\/plg-pllc.com\/es\/washington\/disability-discrimination-lawyer\/","title":{"rendered":"Abogado de discriminaci\u00f3n por discapacidad en Washington"},"content":{"rendered":"<h2>Abogados especializados en discriminaci\u00f3n por discapacidad que representan a Seattle y al estado de Washington<\/h2>\n<h3>\u00bfQu\u00e9 es la discriminaci\u00f3n por discapacidad?<\/h3>\n<p>El acoso por discapacidad es una forma de discriminaci\u00f3n y est\u00e1 prohibido por la ley federal y del estado de Washington. Se define como una conducta verbal o f\u00edsica dirigida a una persona o a su c\u00f3nyuge que es persistente y lo suficientemente grave como para crear lo que se denomina un &quot;entorno de trabajo hostil&quot;. El acoso por discapacidad puede ser por parte de un compa\u00f1ero de trabajo o un supervisor, o incluso de un estudiante o un cliente.<\/p>\n<p>La discriminaci\u00f3n por discapacidad puede ocurrir en el lugar de trabajo, en la escuela, en el acceso a edificios y viviendas y en el transporte p\u00fablico. Muchos de los derechos de las personas discapacitadas est\u00e1n protegidos por la Ley de Estadounidenses con Discapacidades de 1990.<\/p>\n<p>El acoso por discapacidad es ilegal. La discriminaci\u00f3n por discapacidad, tal como se define por ley, es una conducta dirigida a una persona debido a su discapacidad (mental o f\u00edsica). Para que se considere acoso por discapacidad, la persona debe ser objeto de un trato diferente por parte de agentes o empleados sin una raz\u00f3n leg\u00edtima y no discriminatoria.<\/p>\n<p>Si es v\u00edctima de acoso por discapacidad en Vancouver o Seattle, tiene varias opciones. En primer lugar, hable con un abogado laboral con experiencia. Es posible que sea v\u00edctima de discriminaci\u00f3n por discapacidad sin saber que el trato que recibe es ilegal. Adem\u00e1s, un abogado laboral de Seattle puede ayudarlo a documentar y demostrar que est\u00e1 siendo discriminado.<\/p>\n<h3>\u00a1No seas v\u00edctima de tu empleador!<\/h3>\n<p>A menos que est\u00e9 capacitado y tenga los conocimientos necesarios sobre las leyes contra la discriminaci\u00f3n, podr\u00eda poner en riesgo su carrera, su calidad de vida y sus ingresos. Premier Law Group puede revisar su caso y proteger su derecho al respeto y la integridad de su carrera. No merece ser v\u00edctima de su empleador. <a href=\"https:\/\/plg-pllc.com\/about-us\/\">Grupo de abogados Premier<\/a> abogados laborales con experiencia en <a href=\"https:\/\/plg-pllc.com\/seattle\/personal-injury-lawyer\/\">Seattle<\/a>, <a href=\"https:\/\/plg-pllc.com\/\">Bellevue<\/a>, <a href=\"https:\/\/plg-pllc.com\/renton\/personal-injury-lawyer\/\">Rent\u00f3n<\/a> y <a href=\"https:\/\/plg-pllc.com\/federal-way\/personal-injury-lawyer\/\">Camino federal<\/a> le ayudar\u00e1 a recuperar el poder. Ll\u00e1menos al 206-285-1743 para <a href=\"https:\/\/plg-pllc.com\/contact-us\/\">Programe su consulta<\/a> hoy.<\/p>\n\n        <div class=\"rs-content-cta\">\n            <p>Llamar o enviar mensaje de texto <a href=\"tel:+12062851743\">(206) 285-1743<\/a> o complete un formulario de evaluaci\u00f3n de caso<\/p>\n            <a href=\"https:\/\/plg-pllc.com\/es\/contact-us\/\" title=\"OBTENGA UNA EVALUACI\u00d3N DE CASO\" class=\"btn-global\">OBTENGA UNA EVALUACI\u00d3N DE CASO<\/a>\n                    <picture>\n                            <source srcset=\"https:\/\/plg-pllc.com\/wp-content\/themes\/plg-pllc-redesign\/assets\/app\/img\/cta-thumb.webp\" type=\"image\/webp\"\/>\n                            <img src=\"https:\/\/plg-pllc.com\/wp-content\/themes\/plg-pllc-redesign\/assets\/app\/img\/cta-thumb.png\" alt=\"Grupo de abogados Premier\" title=\"Grupo de abogados Premier\" width=\"245\" height=\"220\" loading=\"auto\" fetchpriority=\"auto\" decoding=\"async\"\/>\n        <\/picture>\n        \n        <\/div>","protected":false},"excerpt":{"rendered":"<p>Abogados de discriminaci\u00f3n por discapacidad que representan a Seattle y al estado de Washington \u00bfQu\u00e9 es la discriminaci\u00f3n por discapacidad? El acoso por discapacidad es una forma de discriminaci\u00f3n y est\u00e1 prohibido por la ley federal y del estado de Washington. Se define como una conducta verbal o f\u00edsica dirigida a una persona o a su c\u00f3nyuge que es persistente y lo suficientemente grave como para crear lo que \u2026<\/p>","protected":false},"author":2,"featured_media":15529,"parent":20116,"menu_order":0,"comment_status":"closed","ping_status":"closed","template":"","meta":{"_acf_changed":false,"_genesis_hide_title":false,"_genesis_hide_breadcrumbs":false,"_genesis_hide_singular_image":false,"_genesis_hide_footer_widgets":false,"_genesis_custom_body_class":"","_genesis_custom_post_class":"","_genesis_layout":"","footnotes":""},"hc_faqs":[],"class_list":{"0":"post-12002","1":"page","2":"type-page","3":"status-publish","4":"has-post-thumbnail","6":"hc_city_location-washington","7":"entry"},"acf":[],"yoast_head":"<!-- This site is optimized with the Yoast SEO plugin v27.4 - https:\/\/yoast.com\/product\/yoast-seo-wordpress\/ -->\n<title>Disability Discrimination Lawyer in Washington | Free Case Review<\/title>\n<meta name=\"description\" content=\"Washington Disability Discrimination Lawyer: Premier Law Group helps you unlock the full compensation you deserve. No Fee Unless We Win.\" \/>\n<meta name=\"robots\" content=\"index, follow, max-snippet:-1, max-image-preview:large, max-video-preview:-1\" \/>\n<link rel=\"canonical\" href=\"https:\/\/plg-pllc.com\/es\/washington\/disability-discrimination-lawyer\/\" \/>\n<meta property=\"og:locale\" content=\"es_MX\" \/>\n<meta property=\"og:type\" content=\"article\" \/>\n<meta property=\"og:title\" content=\"Disability Discrimination Lawyer in Washington | Free Case Review\" \/>\n<meta property=\"og:description\" content=\"Washington Disability Discrimination Lawyer: Premier Law Group helps you unlock the full compensation you deserve. No Fee Unless We Win.\" \/>\n<meta property=\"og:url\" content=\"https:\/\/plg-pllc.com\/es\/washington\/disability-discrimination-lawyer\/\" \/>\n<meta property=\"og:site_name\" content=\"Premier Law Group\" \/>\n<meta property=\"article:publisher\" content=\"https:\/\/www.facebook.com\/premierlawgroup\" \/>\n<meta property=\"article:modified_time\" content=\"2025-02-14T22:18:01+00:00\" \/>\n<meta property=\"og:image\" content=\"https:\/\/plg-pllc.com\/wp-content\/uploads\/2013\/02\/employment-law.jpg\" \/>\n\t<meta property=\"og:image:width\" content=\"1920\" \/>\n\t<meta property=\"og:image:height\" content=\"530\" \/>\n\t<meta property=\"og:image:type\" content=\"image\/jpeg\" \/>\n<meta name=\"twitter:card\" content=\"summary_large_image\" \/>\n<meta name=\"twitter:site\" content=\"@premierlawgroup\" \/>\n<meta name=\"twitter:label1\" content=\"Tiempo de lectura\" \/>\n\t<meta name=\"twitter:data1\" content=\"2 minutos\" \/>\n<script type=\"application\/ld+json\" class=\"yoast-schema-graph\">{\"@context\":\"https:\\\/\\\/schema.org\",\"@graph\":[{\"@type\":\"WebPage\",\"@id\":\"https:\\\/\\\/plg-pllc.com\\\/washington\\\/disability-discrimination-lawyer\\\/\",\"url\":\"https:\\\/\\\/plg-pllc.com\\\/washington\\\/disability-discrimination-lawyer\\\/\",\"name\":\"Disability Discrimination Lawyer in Washington | Free Case Review\",\"isPartOf\":{\"@id\":\"https:\\\/\\\/plg-pllc.com\\\/#website\"},\"primaryImageOfPage\":{\"@id\":\"https:\\\/\\\/plg-pllc.com\\\/washington\\\/disability-discrimination-lawyer\\\/#primaryimage\"},\"image\":{\"@id\":\"https:\\\/\\\/plg-pllc.com\\\/washington\\\/disability-discrimination-lawyer\\\/#primaryimage\"},\"thumbnailUrl\":\"https:\\\/\\\/plg-pllc.com\\\/wp-content\\\/uploads\\\/2013\\\/02\\\/employment-law.jpg\",\"datePublished\":\"2015-03-02T21:22:10+00:00\",\"dateModified\":\"2025-02-14T22:18:01+00:00\",\"description\":\"Washington Disability Discrimination Lawyer: Premier Law Group helps you unlock the full compensation you deserve. No Fee Unless We Win.\",\"breadcrumb\":{\"@id\":\"https:\\\/\\\/plg-pllc.com\\\/washington\\\/disability-discrimination-lawyer\\\/#breadcrumb\"},\"inLanguage\":\"es\",\"potentialAction\":[{\"@type\":\"ReadAction\",\"target\":[\"https:\\\/\\\/plg-pllc.com\\\/washington\\\/disability-discrimination-lawyer\\\/\"]}]},{\"@type\":\"ImageObject\",\"inLanguage\":\"es\",\"@id\":\"https:\\\/\\\/plg-pllc.com\\\/washington\\\/disability-discrimination-lawyer\\\/#primaryimage\",\"url\":\"https:\\\/\\\/plg-pllc.com\\\/wp-content\\\/uploads\\\/2013\\\/02\\\/employment-law.jpg\",\"contentUrl\":\"https:\\\/\\\/plg-pllc.com\\\/wp-content\\\/uploads\\\/2013\\\/02\\\/employment-law.jpg\",\"width\":1920,\"height\":530,\"caption\":\"Employment Contract Lawyer\"},{\"@type\":\"BreadcrumbList\",\"@id\":\"https:\\\/\\\/plg-pllc.com\\\/washington\\\/disability-discrimination-lawyer\\\/#breadcrumb\",\"itemListElement\":[{\"@type\":\"ListItem\",\"position\":1,\"name\":\"Home\",\"item\":\"https:\\\/\\\/plg-pllc.com\\\/es\\\/\"},{\"@type\":\"ListItem\",\"position\":2,\"name\":\"Bellevue Personal Injury Lawyer\",\"item\":\"https:\\\/\\\/plg-pllc.com\\\/es\\\/\"},{\"@type\":\"ListItem\",\"position\":3,\"name\":\"Washington Employment Law Lawyer\",\"item\":\"https:\\\/\\\/plg-pllc.com\\\/es\\\/washington\\\/employment-law-lawyer\\\/\"},{\"@type\":\"ListItem\",\"position\":4,\"name\":\"Disability Discrimination\"}]},{\"@type\":\"WebSite\",\"@id\":\"https:\\\/\\\/plg-pllc.com\\\/#website\",\"url\":\"https:\\\/\\\/plg-pllc.com\\\/\",\"name\":\"Premier Law Group\",\"description\":\"Washington Wrongful Death and Serious Injury Lawyer\",\"publisher\":{\"@id\":\"https:\\\/\\\/plg-pllc.com\\\/#organization\"},\"inLanguage\":\"es\"},{\"@type\":\"Organization\",\"@id\":\"https:\\\/\\\/plg-pllc.com\\\/#organization\",\"name\":\"Premier Law Group\",\"url\":\"https:\\\/\\\/plg-pllc.com\\\/\",\"logo\":{\"@type\":\"ImageObject\",\"inLanguage\":\"es\",\"@id\":\"https:\\\/\\\/plg-pllc.com\\\/#\\\/schema\\\/logo\\\/image\\\/\",\"url\":\"https:\\\/\\\/plg-pllc.com\\\/wp-content\\\/uploads\\\/2020\\\/10\\\/plg-logo-v2.gif\",\"contentUrl\":\"https:\\\/\\\/plg-pllc.com\\\/wp-content\\\/uploads\\\/2020\\\/10\\\/plg-logo-v2.gif\",\"width\":592,\"height\":191,\"caption\":\"Premier Law Group\"},\"image\":{\"@id\":\"https:\\\/\\\/plg-pllc.com\\\/#\\\/schema\\\/logo\\\/image\\\/\"},\"sameAs\":[\"https:\\\/\\\/www.facebook.com\\\/premierlawgroup\",\"https:\\\/\\\/x.com\\\/premierlawgroup\"]}]}<\/script>\n<!-- \/ Yoast SEO plugin. -->","yoast_head_json":{"title":"Abogado de discriminaci\u00f3n por discapacidad en Washington | Revisi\u00f3n gratuita de casos","description":"Abogado especializado en discriminaci\u00f3n por discapacidad en Washington: Premier Law Group lo ayuda a obtener la compensaci\u00f3n total que se merece. Sin cargo a menos que ganemos.","robots":{"index":"index","follow":"follow","max-snippet":"max-snippet:-1","max-image-preview":"max-image-preview:large","max-video-preview":"max-video-preview:-1"},"canonical":"https:\/\/plg-pllc.com\/es\/washington\/disability-discrimination-lawyer\/","og_locale":"es_MX","og_type":"article","og_title":"Disability Discrimination Lawyer in Washington | Free Case Review","og_description":"Washington Disability Discrimination Lawyer: Premier Law Group helps you unlock the full compensation you deserve. No Fee Unless We Win.","og_url":"https:\/\/plg-pllc.com\/es\/washington\/disability-discrimination-lawyer\/","og_site_name":"Premier Law Group","article_publisher":"https:\/\/www.facebook.com\/premierlawgroup","article_modified_time":"2025-02-14T22:18:01+00:00","og_image":[{"width":1920,"height":530,"url":"https:\/\/plg-pllc.com\/wp-content\/uploads\/2013\/02\/employment-law.jpg","type":"image\/jpeg"}],"twitter_card":"summary_large_image","twitter_site":"@premierlawgroup","twitter_misc":{"Tiempo de lectura":"2 minutos"},"schema":{"@context":"https:\/\/schema.org","@graph":[{"@type":"WebPage","@id":"https:\/\/plg-pllc.com\/washington\/disability-discrimination-lawyer\/","url":"https:\/\/plg-pllc.com\/washington\/disability-discrimination-lawyer\/","name":"Abogado de discriminaci\u00f3n por discapacidad en Washington | Revisi\u00f3n gratuita de casos","isPartOf":{"@id":"https:\/\/plg-pllc.com\/#website"},"primaryImageOfPage":{"@id":"https:\/\/plg-pllc.com\/washington\/disability-discrimination-lawyer\/#primaryimage"},"image":{"@id":"https:\/\/plg-pllc.com\/washington\/disability-discrimination-lawyer\/#primaryimage"},"thumbnailUrl":"https:\/\/plg-pllc.com\/wp-content\/uploads\/2013\/02\/employment-law.jpg","datePublished":"2015-03-02T21:22:10+00:00","dateModified":"2025-02-14T22:18:01+00:00","description":"Abogado especializado en discriminaci\u00f3n por discapacidad en Washington: Premier Law Group lo ayuda a obtener la compensaci\u00f3n total que se merece. Sin cargo a menos que ganemos.","breadcrumb":{"@id":"https:\/\/plg-pllc.com\/washington\/disability-discrimination-lawyer\/#breadcrumb"},"inLanguage":"es","potentialAction":[{"@type":"ReadAction","target":["https:\/\/plg-pllc.com\/washington\/disability-discrimination-lawyer\/"]}]},{"@type":"ImageObject","inLanguage":"es","@id":"https:\/\/plg-pllc.com\/washington\/disability-discrimination-lawyer\/#primaryimage","url":"https:\/\/plg-pllc.com\/wp-content\/uploads\/2013\/02\/employment-law.jpg","contentUrl":"https:\/\/plg-pllc.com\/wp-content\/uploads\/2013\/02\/employment-law.jpg","width":1920,"height":530,"caption":"Employment Contract Lawyer"},{"@type":"BreadcrumbList","@id":"https:\/\/plg-pllc.com\/washington\/disability-discrimination-lawyer\/#breadcrumb","itemListElement":[{"@type":"ListItem","position":1,"name":"Home","item":"https:\/\/plg-pllc.com\/es\/"},{"@type":"ListItem","position":2,"name":"Bellevue Personal Injury Lawyer","item":"https:\/\/plg-pllc.com\/es\/"},{"@type":"ListItem","position":3,"name":"Washington Employment Law Lawyer","item":"https:\/\/plg-pllc.com\/es\/washington\/employment-law-lawyer\/"},{"@type":"ListItem","position":4,"name":"Disability Discrimination"}]},{"@type":"WebSite","@id":"https:\/\/plg-pllc.com\/#website","url":"https:\/\/plg-pllc.com\/","name":"Grupo de abogados Premier","description":"Abogado de muerte por negligencia y lesiones graves en Washington","publisher":{"@id":"https:\/\/plg-pllc.com\/#organization"},"inLanguage":"es"},{"@type":"Organization","@id":"https:\/\/plg-pllc.com\/#organization","name":"Grupo de abogados Premier","url":"https:\/\/plg-pllc.com\/","logo":{"@type":"ImageObject","inLanguage":"es","@id":"https:\/\/plg-pllc.com\/#\/schema\/logo\/image\/","url":"https:\/\/plg-pllc.com\/wp-content\/uploads\/2020\/10\/plg-logo-v2.gif","contentUrl":"https:\/\/plg-pllc.com\/wp-content\/uploads\/2020\/10\/plg-logo-v2.gif","width":592,"height":191,"caption":"Premier Law Group"},"image":{"@id":"https:\/\/plg-pllc.com\/#\/schema\/logo\/image\/"},"sameAs":["https:\/\/www.facebook.com\/premierlawgroup","https:\/\/x.com\/premierlawgroup"]}]}},"_links":{"self":[{"href":"https:\/\/plg-pllc.com\/es\/wp-json\/wp\/v2\/pages\/12002","targetHints":{"allow":["GET"]}}],"collection":[{"href":"https:\/\/plg-pllc.com\/es\/wp-json\/wp\/v2\/pages"}],"about":[{"href":"https:\/\/plg-pllc.com\/es\/wp-json\/wp\/v2\/types\/page"}],"author":[{"embeddable":true,"href":"https:\/\/plg-pllc.com\/es\/wp-json\/wp\/v2\/users\/2"}],"replies":[{"embeddable":true,"href":"https:\/\/plg-pllc.com\/es\/wp-json\/wp\/v2\/comments?post=12002"}],"version-history":[{"count":0,"href":"https:\/\/plg-pllc.com\/es\/wp-json\/wp\/v2\/pages\/12002\/revisions"}],"up":[{"embeddable":true,"href":"https:\/\/plg-pllc.com\/es\/wp-json\/wp\/v2\/pages\/20116"}],"wp:featuredmedia":[{"embeddable":true,"href":"https:\/\/plg-pllc.com\/es\/wp-json\/wp\/v2\/media\/15529"}],"wp:attachment":[{"href":"https:\/\/plg-pllc.com\/es\/wp-json\/wp\/v2\/media?parent=12002"}],"wp:term":[{"taxonomy":"hc_faqs","embeddable":true,"href":"https:\/\/plg-pllc.com\/es\/wp-json\/wp\/v2\/hc_faqs?post=12002"}],"curies":[{"name":"gracias","href":"https:\/\/api.w.org\/{rel}","templated":true}]}}