{"id":12004,"date":"2015-03-02T13:34:55","date_gmt":"2015-03-02T21:34:55","guid":{"rendered":"https:\/\/plg-pllc.com\/?page_id=12004"},"modified":"2024-11-28T21:00:43","modified_gmt":"2024-11-29T05:00:43","slug":"americans-disabilities-act-attorneys","status":"publish","type":"page","link":"https:\/\/plg-pllc.com\/es\/americans-disabilities-act-lawyer\/","title":{"rendered":"Abogado de la Ley de Estadounidenses con Discapacidades (ADA)"},"content":{"rendered":"<h2>Abogados de la Ley de Estadounidenses con Discapacidades<\/h2>\n<h3>\u00bfQu\u00e9 es la Ley de Estadounidenses con Discapacidades?<\/h3>\n<p>El <a href=\"https:\/\/www.ada.gov\">Ley de Estadounidenses con Discapacidades (ADA)<\/a> La ADA se aprob\u00f3 en 1990 y protege a las personas discapacitadas en diversos entornos, como el lugar de trabajo, los edificios y los servicios de transporte. El T\u00edtulo I de la ADA exige que los empleadores con 15 o m\u00e1s empleados proporcionen a las personas discapacitadas la misma oportunidad de disfrutar de todas las oportunidades relacionadas con el empleo que se ofrecen a los dem\u00e1s. La contrataci\u00f3n, el reclutamiento, el salario, las actividades sociales y la capacitaci\u00f3n deben aplicarse sin discriminar a las personas discapacitadas. Los empleadores tienen prohibido preguntar sobre la discapacidad de un empleado durante el proceso de contrataci\u00f3n y deben realizarse adaptaciones razonables para las personas discapacitadas en el lugar de trabajo.<\/p>\n<p>La \u201cdiscapacidad\u201d se define como un impedimento f\u00edsico o mental que limita sustancialmente las actividades principales de la vida. Realizar tareas manuales, ver, o\u00edr, estar de pie, hablar, pensar y comunicarse son algunos ejemplos de actividades importantes de la vida. La sordera, la ceguera, los impedimentos de movilidad, el autismo, algunas enfermedades como el c\u00e1ncer y el VIH, y la depresi\u00f3n son algunos ejemplos de lo que puede considerarse una discapacidad.<\/p>\n<p>Los solicitantes de empleo deben cumplir con los requisitos para el puesto al que postulan y deben poder realizar las tareas relacionadas con el trabajo. Los empleadores no tienen que dar preferencia a los empleados con discapacidades; tienen la libertad de elegir a los solicitantes en funci\u00f3n de motivos no relacionados con la discapacidad.<\/p>\n<h3>Si soy un trabajador discapacitado, \u00bfcu\u00e1les son mis derechos?<\/h3>\n<p>Es importante conocer sus derechos. Los empleadores tienen prohibido pedir a los solicitantes que se sometan a un examen m\u00e9dico antes de realizar una oferta de trabajo. Tambi\u00e9n tienen prohibido hacer preguntas sobre la discapacidad del solicitante antes de realizar una oferta de trabajo. Sin embargo, despu\u00e9s de realizar una oferta, un empleador puede condicionarla a un examen m\u00e9dico o una consulta con \u00e9xito. Si finalmente se le niega el trabajo a un empleado debido al examen m\u00e9dico o la consulta, el motivo para no contratarlo debe ser coherente con las necesidades de la empresa para ese puesto, y el empleador debe demostrar que no se pudo realizar ninguna adaptaci\u00f3n razonable que garantizara que el solicitante pudiera realizar las funciones del trabajo. Si se realiza un examen despu\u00e9s de la oferta, no es necesario que est\u00e9 directamente relacionado con las funciones del trabajo; sin embargo, si se le exige al empleado que se someta a un examen m\u00e9dico o una consulta despu\u00e9s de que haya comenzado a trabajar, debe estar directamente relacionado con las funciones del trabajo.<\/p>\n<p>Si siente que sus derechos han sido violados en el lugar de trabajo, \u00a1hay ayuda disponible! La Comisi\u00f3n para la Igualdad de Oportunidades en el Empleo (EEOC) de los Estados Unidos se encarga de las quejas y la aplicaci\u00f3n de la ley ADA. Pueden remediar las violaciones de la ley ADA con la recontrataci\u00f3n, el pago de salarios atrasados, los costos judiciales y los honorarios de los abogados, y m\u00e1s. Se debe presentar una denuncia dentro de los 180 d\u00edas a partir de la fecha en que ocurri\u00f3 la discriminaci\u00f3n, as\u00ed que tenga en cuenta que las demoras pueden perjudicar su caso.<\/p>\n<h3>Obtenga ayuda para comprender la ADA de un abogado laboral de Seattle<\/h3>\n<p>Un abogado laboral experimentado tambi\u00e9n podr\u00e1 revisar el incidente y ayudarlo a reunir documentaci\u00f3n y evidencia para fortalecer su caso ante las agencias estatales y el sistema judicial. Un abogado que haya manejado con \u00e9xito casos de ADA en el pasado sabr\u00e1 c\u00f3mo documentar y presentar adecuadamente un reclamo de ADA.<\/p>\n<p>\u00bfTiene preguntas sobre la discriminaci\u00f3n por discapacidad y la Ley de Estadounidenses con Discapacidades? Estaremos encantados de responderlas. Visite una de nuestras oficinas en Seattle, Bellevue y Vancouver o ll\u00e1menos al 888-852-0068.<\/p>","protected":false},"excerpt":{"rendered":"<p>Abogados de la Ley de Estadounidenses con Discapacidades \u00bfQu\u00e9 es la Ley de Estadounidenses con Discapacidades? La Ley de Estadounidenses con Discapacidades (ADA) se aprob\u00f3 en 1990. Protege a las personas discapacitadas en una variedad de entornos, como el lugar de trabajo, los edificios y los servicios de transporte. El T\u00edtulo I de la ADA requiere que los empleadores con 15 o m\u00e1s empleados proporcionen a las personas \u2026<\/p>","protected":false},"author":2,"featured_media":17615,"parent":0,"menu_order":0,"comment_status":"closed","ping_status":"closed","template":"","meta":{"_acf_changed":false,"_genesis_hide_title":false,"_genesis_hide_breadcrumbs":false,"_genesis_hide_singular_image":false,"_genesis_hide_footer_widgets":false,"_genesis_custom_body_class":"","_genesis_custom_post_class":"","_genesis_layout":"","footnotes":""},"hc_faqs":[],"class_list":{"0":"post-12004","1":"page","2":"type-page","3":"status-publish","4":"has-post-thumbnail","6":"entry"},"acf":[],"yoast_head":"<!-- This site is optimized with the Yoast SEO plugin v27.4 - https:\/\/yoast.com\/product\/yoast-seo-wordpress\/ -->\n<title>Americans With Disabilities Act Lawyer | Premier Law Group<\/title>\n<meta name=\"description\" content=\"Our firm&#039;s ADA lawyers will protect you and your loved ones. Call today if you are disabled and feel you have been discriminated against.\" \/>\n<meta name=\"robots\" content=\"index, follow, max-snippet:-1, max-image-preview:large, max-video-preview:-1\" \/>\n<link rel=\"canonical\" href=\"https:\/\/plg-pllc.com\/es\/americans-disabilities-act-lawyer\/\" \/>\n<meta property=\"og:locale\" content=\"es_MX\" \/>\n<meta property=\"og:type\" content=\"article\" \/>\n<meta property=\"og:title\" content=\"Americans With Disabilities Act Lawyer | Premier Law Group\" \/>\n<meta property=\"og:description\" content=\"Our firm&#039;s ADA lawyers will protect you and your loved ones. Call today if you are disabled and feel you have been discriminated against.\" \/>\n<meta property=\"og:url\" content=\"https:\/\/plg-pllc.com\/es\/americans-disabilities-act-lawyer\/\" \/>\n<meta property=\"og:site_name\" content=\"Premier Law Group\" \/>\n<meta property=\"article:publisher\" content=\"https:\/\/www.facebook.com\/premierlawgroup\" \/>\n<meta property=\"article:modified_time\" content=\"2024-11-29T05:00:43+00:00\" \/>\n<meta property=\"og:image\" content=\"https:\/\/plg-pllc.com\/wp-content\/uploads\/2020\/04\/architecture-22039_1920.jpg\" \/>\n\t<meta property=\"og:image:width\" content=\"1920\" \/>\n\t<meta property=\"og:image:height\" content=\"1279\" \/>\n\t<meta property=\"og:image:type\" content=\"image\/jpeg\" \/>\n<meta name=\"twitter:card\" content=\"summary_large_image\" \/>\n<meta name=\"twitter:site\" content=\"@premierlawgroup\" \/>\n<meta name=\"twitter:label1\" content=\"Tiempo de lectura\" \/>\n\t<meta name=\"twitter:data1\" content=\"3 minutos\" \/>\n<script type=\"application\/ld+json\" class=\"yoast-schema-graph\">{\"@context\":\"https:\\\/\\\/schema.org\",\"@graph\":[{\"@type\":\"WebPage\",\"@id\":\"https:\\\/\\\/plg-pllc.com\\\/americans-disabilities-act-lawyer\\\/\",\"url\":\"https:\\\/\\\/plg-pllc.com\\\/americans-disabilities-act-lawyer\\\/\",\"name\":\"Americans With Disabilities Act Lawyer | Premier Law Group\",\"isPartOf\":{\"@id\":\"https:\\\/\\\/plg-pllc.com\\\/#website\"},\"primaryImageOfPage\":{\"@id\":\"https:\\\/\\\/plg-pllc.com\\\/americans-disabilities-act-lawyer\\\/#primaryimage\"},\"image\":{\"@id\":\"https:\\\/\\\/plg-pllc.com\\\/americans-disabilities-act-lawyer\\\/#primaryimage\"},\"thumbnailUrl\":\"https:\\\/\\\/plg-pllc.com\\\/wp-content\\\/uploads\\\/2020\\\/04\\\/architecture-22039_1920.jpg\",\"datePublished\":\"2015-03-02T21:34:55+00:00\",\"dateModified\":\"2024-11-29T05:00:43+00:00\",\"description\":\"Our firm's ADA lawyers will protect you and your loved ones. Call today if you are disabled and feel you have been discriminated against.\",\"breadcrumb\":{\"@id\":\"https:\\\/\\\/plg-pllc.com\\\/americans-disabilities-act-lawyer\\\/#breadcrumb\"},\"inLanguage\":\"es\",\"potentialAction\":[{\"@type\":\"ReadAction\",\"target\":[\"https:\\\/\\\/plg-pllc.com\\\/americans-disabilities-act-lawyer\\\/\"]}]},{\"@type\":\"ImageObject\",\"inLanguage\":\"es\",\"@id\":\"https:\\\/\\\/plg-pllc.com\\\/americans-disabilities-act-lawyer\\\/#primaryimage\",\"url\":\"https:\\\/\\\/plg-pllc.com\\\/wp-content\\\/uploads\\\/2020\\\/04\\\/architecture-22039_1920.jpg\",\"contentUrl\":\"https:\\\/\\\/plg-pllc.com\\\/wp-content\\\/uploads\\\/2020\\\/04\\\/architecture-22039_1920.jpg\",\"width\":1920,\"height\":1279,\"caption\":\"Americans with disabilities act attorneys\"},{\"@type\":\"BreadcrumbList\",\"@id\":\"https:\\\/\\\/plg-pllc.com\\\/americans-disabilities-act-lawyer\\\/#breadcrumb\",\"itemListElement\":[{\"@type\":\"ListItem\",\"position\":1,\"name\":\"Home\",\"item\":\"https:\\\/\\\/plg-pllc.com\\\/es\\\/\"},{\"@type\":\"ListItem\",\"position\":2,\"name\":\"Americans With Disabilities Act (ADA) Lawyer\"}]},{\"@type\":\"WebSite\",\"@id\":\"https:\\\/\\\/plg-pllc.com\\\/#website\",\"url\":\"https:\\\/\\\/plg-pllc.com\\\/\",\"name\":\"Premier Law Group\",\"description\":\"Washington Wrongful Death and Serious Injury Lawyer\",\"publisher\":{\"@id\":\"https:\\\/\\\/plg-pllc.com\\\/#organization\"},\"inLanguage\":\"es\"},{\"@type\":\"Organization\",\"@id\":\"https:\\\/\\\/plg-pllc.com\\\/#organization\",\"name\":\"Premier Law Group\",\"url\":\"https:\\\/\\\/plg-pllc.com\\\/\",\"logo\":{\"@type\":\"ImageObject\",\"inLanguage\":\"es\",\"@id\":\"https:\\\/\\\/plg-pllc.com\\\/#\\\/schema\\\/logo\\\/image\\\/\",\"url\":\"https:\\\/\\\/plg-pllc.com\\\/wp-content\\\/uploads\\\/2020\\\/10\\\/plg-logo-v2.gif\",\"contentUrl\":\"https:\\\/\\\/plg-pllc.com\\\/wp-content\\\/uploads\\\/2020\\\/10\\\/plg-logo-v2.gif\",\"width\":592,\"height\":191,\"caption\":\"Premier Law Group\"},\"image\":{\"@id\":\"https:\\\/\\\/plg-pllc.com\\\/#\\\/schema\\\/logo\\\/image\\\/\"},\"sameAs\":[\"https:\\\/\\\/www.facebook.com\\\/premierlawgroup\",\"https:\\\/\\\/x.com\\\/premierlawgroup\"]}]}<\/script>\n<!-- \/ Yoast SEO plugin. -->","yoast_head_json":{"title":"Abogado de la Ley de Estadounidenses con Discapacidades | Premier Law Group","description":"Los abogados de nuestra firma especializados en ADA lo proteger\u00e1n a usted y a sus seres queridos. Llame hoy si tiene alguna discapacidad y siente que ha sido discriminado.","robots":{"index":"index","follow":"follow","max-snippet":"max-snippet:-1","max-image-preview":"max-image-preview:large","max-video-preview":"max-video-preview:-1"},"canonical":"https:\/\/plg-pllc.com\/es\/americans-disabilities-act-lawyer\/","og_locale":"es_MX","og_type":"article","og_title":"Americans With Disabilities Act Lawyer | Premier Law Group","og_description":"Our firm's ADA lawyers will protect you and your loved ones. Call today if you are disabled and feel you have been discriminated against.","og_url":"https:\/\/plg-pllc.com\/es\/americans-disabilities-act-lawyer\/","og_site_name":"Premier Law Group","article_publisher":"https:\/\/www.facebook.com\/premierlawgroup","article_modified_time":"2024-11-29T05:00:43+00:00","og_image":[{"width":1920,"height":1279,"url":"https:\/\/plg-pllc.com\/wp-content\/uploads\/2020\/04\/architecture-22039_1920.jpg","type":"image\/jpeg"}],"twitter_card":"summary_large_image","twitter_site":"@premierlawgroup","twitter_misc":{"Tiempo de lectura":"3 minutos"},"schema":{"@context":"https:\/\/schema.org","@graph":[{"@type":"WebPage","@id":"https:\/\/plg-pllc.com\/americans-disabilities-act-lawyer\/","url":"https:\/\/plg-pllc.com\/americans-disabilities-act-lawyer\/","name":"Abogado de la Ley de Estadounidenses con Discapacidades | Premier Law Group","isPartOf":{"@id":"https:\/\/plg-pllc.com\/#website"},"primaryImageOfPage":{"@id":"https:\/\/plg-pllc.com\/americans-disabilities-act-lawyer\/#primaryimage"},"image":{"@id":"https:\/\/plg-pllc.com\/americans-disabilities-act-lawyer\/#primaryimage"},"thumbnailUrl":"https:\/\/plg-pllc.com\/wp-content\/uploads\/2020\/04\/architecture-22039_1920.jpg","datePublished":"2015-03-02T21:34:55+00:00","dateModified":"2024-11-29T05:00:43+00:00","description":"Los abogados de nuestra firma especializados en ADA lo proteger\u00e1n a usted y a sus seres queridos. Llame hoy si tiene alguna discapacidad y siente que ha sido discriminado.","breadcrumb":{"@id":"https:\/\/plg-pllc.com\/americans-disabilities-act-lawyer\/#breadcrumb"},"inLanguage":"es","potentialAction":[{"@type":"ReadAction","target":["https:\/\/plg-pllc.com\/americans-disabilities-act-lawyer\/"]}]},{"@type":"ImageObject","inLanguage":"es","@id":"https:\/\/plg-pllc.com\/americans-disabilities-act-lawyer\/#primaryimage","url":"https:\/\/plg-pllc.com\/wp-content\/uploads\/2020\/04\/architecture-22039_1920.jpg","contentUrl":"https:\/\/plg-pllc.com\/wp-content\/uploads\/2020\/04\/architecture-22039_1920.jpg","width":1920,"height":1279,"caption":"Americans with disabilities act attorneys"},{"@type":"BreadcrumbList","@id":"https:\/\/plg-pllc.com\/americans-disabilities-act-lawyer\/#breadcrumb","itemListElement":[{"@type":"ListItem","position":1,"name":"Home","item":"https:\/\/plg-pllc.com\/es\/"},{"@type":"ListItem","position":2,"name":"Americans With Disabilities Act (ADA) Lawyer"}]},{"@type":"WebSite","@id":"https:\/\/plg-pllc.com\/#website","url":"https:\/\/plg-pllc.com\/","name":"Grupo de abogados Premier","description":"Abogado de muerte por negligencia y lesiones graves en Washington","publisher":{"@id":"https:\/\/plg-pllc.com\/#organization"},"inLanguage":"es"},{"@type":"Organization","@id":"https:\/\/plg-pllc.com\/#organization","name":"Grupo de abogados Premier","url":"https:\/\/plg-pllc.com\/","logo":{"@type":"ImageObject","inLanguage":"es","@id":"https:\/\/plg-pllc.com\/#\/schema\/logo\/image\/","url":"https:\/\/plg-pllc.com\/wp-content\/uploads\/2020\/10\/plg-logo-v2.gif","contentUrl":"https:\/\/plg-pllc.com\/wp-content\/uploads\/2020\/10\/plg-logo-v2.gif","width":592,"height":191,"caption":"Premier Law Group"},"image":{"@id":"https:\/\/plg-pllc.com\/#\/schema\/logo\/image\/"},"sameAs":["https:\/\/www.facebook.com\/premierlawgroup","https:\/\/x.com\/premierlawgroup"]}]}},"_links":{"self":[{"href":"https:\/\/plg-pllc.com\/es\/wp-json\/wp\/v2\/pages\/12004","targetHints":{"allow":["GET"]}}],"collection":[{"href":"https:\/\/plg-pllc.com\/es\/wp-json\/wp\/v2\/pages"}],"about":[{"href":"https:\/\/plg-pllc.com\/es\/wp-json\/wp\/v2\/types\/page"}],"author":[{"embeddable":true,"href":"https:\/\/plg-pllc.com\/es\/wp-json\/wp\/v2\/users\/2"}],"replies":[{"embeddable":true,"href":"https:\/\/plg-pllc.com\/es\/wp-json\/wp\/v2\/comments?post=12004"}],"version-history":[{"count":0,"href":"https:\/\/plg-pllc.com\/es\/wp-json\/wp\/v2\/pages\/12004\/revisions"}],"wp:featuredmedia":[{"embeddable":true,"href":"https:\/\/plg-pllc.com\/es\/wp-json\/wp\/v2\/media\/17615"}],"wp:attachment":[{"href":"https:\/\/plg-pllc.com\/es\/wp-json\/wp\/v2\/media?parent=12004"}],"wp:term":[{"taxonomy":"hc_faqs","embeddable":true,"href":"https:\/\/plg-pllc.com\/es\/wp-json\/wp\/v2\/hc_faqs?post=12004"}],"curies":[{"name":"gracias","href":"https:\/\/api.w.org\/{rel}","templated":true}]}}