{"id":12061,"date":"2015-07-16T09:43:56","date_gmt":"2015-07-16T16:43:56","guid":{"rendered":"https:\/\/plg-pllc.com\/?p=12061"},"modified":"2024-11-07T04:12:18","modified_gmt":"2024-11-07T12:12:18","slug":"how-much-will-i-get-if-i-win-my-car-accident-case","status":"publish","type":"page","link":"https:\/\/plg-pllc.com\/es\/faqs\/how-much-will-i-get-if-i-win-my-car-accident-case\/","title":{"rendered":"\u00bfCu\u00e1nto obtendr\u00e9 si gano mi caso de accidente automovil\u00edstico?"},"content":{"rendered":"<p>En nuestra experiencia ayudando a v\u00edctimas de accidentes automovil\u00edsticos, la mayor\u00eda de las personas que buscan nuestros servicios quieren saber una cosa: \u00bfC\u00f3mo puedo mejorar de mis lesiones? En cualquier caso de lesiones personales, la principal responsabilidad del cliente es siempre asistir a las citas con los m\u00e9dicos, realizar los tratamientos prescritos y descansar y relajarse.<\/p>\n<p>En ocasiones, tenemos clientes que quieren saber desde el principio cu\u00e1nto dinero van a recibir por su caso. Si bien es comprensible, seg\u00fan nuestra experiencia, estos clientes se est\u00e1n preparando para el fracaso. A continuaci\u00f3n, le explicamos el motivo:<\/p>\n<p>Si est\u00e1 en una reuni\u00f3n de consulta con un abogado sobre el valor de su caso de lesiones personales y le dice con certeza cu\u00e1l es el valor de su caso antes de que termine el tratamiento, huya. Ese abogado no tiene en cuenta sus mejores intereses y es probable que est\u00e9 subestimando el valor real de su caso. Adem\u00e1s, en el estado de Washington, se considera una grave violaci\u00f3n \u00e9tica decirle a un cliente cu\u00e1nto vale su caso antes de firmarlo. Centrarse en el resultado monetario lo deja expuesto a pr\u00e1cticas legales turbias que le costar\u00e1n caro a largo plazo.<\/p>\n<p>Dicho esto, hay algo que recordar sobre el valor de su caso: en un caso de lesiones personales, una persona tiene el poder de decidir cu\u00e1nto vale su caso: usted. Su abogado preparar\u00e1 un paquete de demanda, una hoja de c\u00e1lculo que contiene una lista detallada de los gastos que \u00e9l o ella cree que es razonable esperar que un jurado otorgue. (Recuerde que el objetivo principal de la compa\u00f1\u00eda de seguros es pagar lo menos posible. Basan los acuerdos en lo que un jurado promedio otorgar\u00eda por casos como el suyo, lo que les ahorra tiempo y honorarios legales).<\/p>\n<p>En realidad, hay una serie de factores que influyen en la cantidad que recibir\u00e1 cuando su caso se resuelva o llegue a un veredicto en el tribunal:<\/p>\n<ul>\n<li>El importe total de las facturas m\u00e9dicas<\/li>\n<li>\u00bfCu\u00e1nto tiempo perdiste en tu trabajo?<\/li>\n<li>Qu\u00e9 tan debilitado lo han dejado sus lesiones despu\u00e9s del tratamiento<\/li>\n<li>L\u00edmites de p\u00f3liza para su seguro y el de ellos<\/li>\n<li>Si tiene cobertura de Protecci\u00f3n contra lesiones personales (PIP) y de Automovilista sin seguro o con seguro insuficiente (UM\/UIM) en su p\u00f3liza<\/li>\n<li>\u00bfEn qu\u00e9 medida usted fue responsable del accidente?<\/li>\n<li>Y otros factores<\/li>\n<\/ul>\n<p>Como puede imaginar, estas variables, muchas de las cuales son f\u00e1cilmente ignoradas por todos excepto por los abogados de lesiones personales con experiencia, hacen que sea dif\u00edcil predecir cu\u00e1nto obtendr\u00e1 cuando todo est\u00e9 dicho y hecho. Un abogado con conocimientos sabr\u00e1 c\u00f3mo maximizar el valor de su caso; un abogado excelente lo mantendr\u00e1 informado durante todo el proceso a medida que avanza, lo que le permitir\u00e1 tener un mayor control del proceso. Por eso, como se descubri\u00f3 en una investigaci\u00f3n realizada por las compa\u00f1\u00edas de seguros, las v\u00edctimas de lesiones que contratan abogados para que las ayuden con su caso reciben, en promedio, 3,5 veces m\u00e1s que quienes llevan adelante sus casos por su cuenta.<\/p>\n<p><b>\u00a1No firme una autorizaci\u00f3n ni hable con el ajustador sin hablar antes con un abogado!<\/b><\/p>\n\n        <div class=\"rs-content-cta long\">\n            <p>Para una consulta legal GRATUITA, llame al <a href=\"tel:+12062851743\">(206) 285-1743 <\/a><\/p>\n            <a href=\"https:\/\/plg-pllc.com\/es\/contact-us\/\" title=\"OBTENGA UNA EVALUACI\u00d3N DE CASO GRATUITA\" class=\"btn-global\">OBTENGA UNA EVALUACI\u00d3N DE CASO GRATUITA<\/a>\n                    <picture>\n                            <source srcset=\"https:\/\/plg-pllc.com\/wp-content\/themes\/plg-pllc-redesign\/assets\/app\/img\/cta-thumb.webp\" type=\"image\/webp\"\/>\n                            <img src=\"https:\/\/plg-pllc.com\/wp-content\/themes\/plg-pllc-redesign\/assets\/app\/img\/cta-thumb.png\" alt=\"Grupo de abogados Premier\" title=\"Grupo de abogados Premier\" width=\"245\" height=\"220\" loading=\"auto\" fetchpriority=\"auto\" decoding=\"async\"\/>\n        <\/picture>\n        \n        <\/div><p>En \u00faltima instancia, la cantidad que reciba depender\u00e1 de a) lo que la compa\u00f1\u00eda de seguros est\u00e9 dispuesta a pagar o b) lo que un jurado decida, despu\u00e9s de escuchar los argumentos de ambas partes, lo que la compa\u00f1\u00eda de seguros deber\u00eda estar obligada a pagar. Las compa\u00f1\u00edas de seguros quieren mantener la cantidad que pagan lo m\u00e1s baja posible y se han vuelto expertas en usar todos los trucos sucios del libro. Por esta raz\u00f3n, \u00a1tenga mucho cuidado al tratar con los peritos de seguros! No firme nada de lo que le env\u00eden ni hable con ellos sobre su accidente sin hablar primero con un abogado de lesiones personales calificado y con experiencia. Podr\u00eda estar renunciando sin saberlo a miles de d\u00f3lares que necesitar\u00e1 para pagar los gastos m\u00e9dicos, cubrir el tiempo perdido en el trabajo y volver a encarrilar su vida despu\u00e9s de su accidente.<\/p>\n<p>\u00bfPreguntas? <a href=\"https:\/\/plg-pllc.com\/contact-us\/\">Cont\u00e1ctenos<\/a> o ll\u00e1menos al 206-285-1743.<\/p>\n\n        <div class=\"rs-content-cta\">\n            <p>Llamar o enviar mensaje de texto <a href=\"tel:+12062851743\">(206) 285-1743<\/a> o complete un formulario de evaluaci\u00f3n de caso gratuito<\/p>\n            <a href=\"https:\/\/plg-pllc.com\/es\/contact-us\/\" title=\"OBTENGA UNA EVALUACI\u00d3N DE CASO GRATUITA\" class=\"btn-global\">OBTENGA UNA EVALUACI\u00d3N DE CASO GRATUITA<\/a>\n                    <picture>\n                            <source srcset=\"https:\/\/plg-pllc.com\/wp-content\/themes\/plg-pllc-redesign\/assets\/app\/img\/cta-thumb.webp\" type=\"image\/webp\"\/>\n                            <img src=\"https:\/\/plg-pllc.com\/wp-content\/themes\/plg-pllc-redesign\/assets\/app\/img\/cta-thumb.png\" alt=\"Grupo de abogados Premier\" title=\"Grupo de abogados Premier\" width=\"245\" height=\"220\" loading=\"auto\" fetchpriority=\"auto\" decoding=\"async\"\/>\n        <\/picture>\n        \n        <\/div>","protected":false},"excerpt":{"rendered":"<p>En nuestra experiencia ayudando a v\u00edctimas de accidentes automovil\u00edsticos, la mayor\u00eda de las personas que buscan nuestros servicios quieren saber una cosa: \u00bfC\u00f3mo puedo mejorar de mis lesiones? En cualquier caso de lesiones personales, la principal responsabilidad del cliente es siempre asistir a las citas con los m\u00e9dicos, realizar los tratamientos prescritos y descansar y relajarse. En ocasiones, tenemos clientes que\u2026<\/p>","protected":false},"author":2,"featured_media":0,"parent":20714,"menu_order":0,"comment_status":"closed","ping_status":"closed","template":"","meta":{"_acf_changed":false,"_genesis_hide_title":false,"_genesis_hide_breadcrumbs":false,"_genesis_hide_singular_image":false,"_genesis_hide_footer_widgets":false,"_genesis_custom_body_class":"","_genesis_custom_post_class":"","_genesis_layout":"","footnotes":""},"hc_faqs":[10344],"class_list":{"0":"post-12061","1":"page","2":"type-page","3":"status-publish","5":"hc_faqs-car-accident","6":"entry"},"acf":[],"yoast_head":"<!-- This site is optimized with the Yoast SEO plugin v27.4 - https:\/\/yoast.com\/product\/yoast-seo-wordpress\/ -->\n<title>How much will I get if I win my car accident case?<\/title>\n<meta name=\"description\" content=\"How much will I get if I win my car accident case?: Premier Law Group helps you unlock the full compensation you deserve. No Fee Unless We Win.\" \/>\n<meta name=\"robots\" content=\"index, follow, max-snippet:-1, max-image-preview:large, max-video-preview:-1\" \/>\n<link rel=\"canonical\" href=\"https:\/\/plg-pllc.com\/es\/faqs\/how-much-will-i-get-if-i-win-my-car-accident-case\/\" \/>\n<meta property=\"og:locale\" content=\"es_MX\" \/>\n<meta property=\"og:type\" content=\"article\" \/>\n<meta property=\"og:title\" content=\"How much will I get if I win my car accident case?\" \/>\n<meta property=\"og:description\" content=\"How much will I get if I win my car accident case?: Premier Law Group helps you unlock the full compensation you deserve. No Fee Unless We Win.\" \/>\n<meta property=\"og:url\" content=\"https:\/\/plg-pllc.com\/es\/faqs\/how-much-will-i-get-if-i-win-my-car-accident-case\/\" \/>\n<meta property=\"og:site_name\" content=\"Premier Law Group\" \/>\n<meta property=\"article:publisher\" content=\"https:\/\/www.facebook.com\/premierlawgroup\" \/>\n<meta property=\"article:modified_time\" content=\"2024-11-07T12:12:18+00:00\" \/>\n<meta name=\"twitter:card\" content=\"summary_large_image\" \/>\n<meta name=\"twitter:site\" content=\"@premierlawgroup\" \/>\n<meta name=\"twitter:label1\" content=\"Tiempo de lectura\" \/>\n\t<meta name=\"twitter:data1\" content=\"3 minutos\" \/>\n<script type=\"application\/ld+json\" class=\"yoast-schema-graph\">{\"@context\":\"https:\\\/\\\/schema.org\",\"@graph\":[{\"@type\":\"WebPage\",\"@id\":\"https:\\\/\\\/plg-pllc.com\\\/faqs\\\/how-much-will-i-get-if-i-win-my-car-accident-case\\\/\",\"url\":\"https:\\\/\\\/plg-pllc.com\\\/faqs\\\/how-much-will-i-get-if-i-win-my-car-accident-case\\\/\",\"name\":\"How much will I get if I win my car accident case?\",\"isPartOf\":{\"@id\":\"https:\\\/\\\/plg-pllc.com\\\/#website\"},\"datePublished\":\"2015-07-16T16:43:56+00:00\",\"dateModified\":\"2024-11-07T12:12:18+00:00\",\"description\":\"How much will I get if I win my car accident case?: Premier Law Group helps you unlock the full compensation you deserve. No Fee Unless We Win.\",\"breadcrumb\":{\"@id\":\"https:\\\/\\\/plg-pllc.com\\\/faqs\\\/how-much-will-i-get-if-i-win-my-car-accident-case\\\/#breadcrumb\"},\"inLanguage\":\"es\",\"potentialAction\":[{\"@type\":\"ReadAction\",\"target\":[\"https:\\\/\\\/plg-pllc.com\\\/faqs\\\/how-much-will-i-get-if-i-win-my-car-accident-case\\\/\"]}]},{\"@type\":\"BreadcrumbList\",\"@id\":\"https:\\\/\\\/plg-pllc.com\\\/faqs\\\/how-much-will-i-get-if-i-win-my-car-accident-case\\\/#breadcrumb\",\"itemListElement\":[{\"@type\":\"ListItem\",\"position\":1,\"name\":\"Home\",\"item\":\"https:\\\/\\\/plg-pllc.com\\\/es\\\/\"},{\"@type\":\"ListItem\",\"position\":2,\"name\":\"FAQs\",\"item\":\"https:\\\/\\\/plg-pllc.com\\\/es\\\/faqs\\\/\"},{\"@type\":\"ListItem\",\"position\":3,\"name\":\"How much will I get if I win my car accident case?\"}]},{\"@type\":\"WebSite\",\"@id\":\"https:\\\/\\\/plg-pllc.com\\\/#website\",\"url\":\"https:\\\/\\\/plg-pllc.com\\\/\",\"name\":\"Premier Law Group\",\"description\":\"Washington Wrongful Death and Serious Injury Lawyer\",\"publisher\":{\"@id\":\"https:\\\/\\\/plg-pllc.com\\\/#organization\"},\"inLanguage\":\"es\"},{\"@type\":\"Organization\",\"@id\":\"https:\\\/\\\/plg-pllc.com\\\/#organization\",\"name\":\"Premier Law Group\",\"url\":\"https:\\\/\\\/plg-pllc.com\\\/\",\"logo\":{\"@type\":\"ImageObject\",\"inLanguage\":\"es\",\"@id\":\"https:\\\/\\\/plg-pllc.com\\\/#\\\/schema\\\/logo\\\/image\\\/\",\"url\":\"https:\\\/\\\/plg-pllc.com\\\/wp-content\\\/uploads\\\/2020\\\/10\\\/plg-logo-v2.gif\",\"contentUrl\":\"https:\\\/\\\/plg-pllc.com\\\/wp-content\\\/uploads\\\/2020\\\/10\\\/plg-logo-v2.gif\",\"width\":592,\"height\":191,\"caption\":\"Premier Law Group\"},\"image\":{\"@id\":\"https:\\\/\\\/plg-pllc.com\\\/#\\\/schema\\\/logo\\\/image\\\/\"},\"sameAs\":[\"https:\\\/\\\/www.facebook.com\\\/premierlawgroup\",\"https:\\\/\\\/x.com\\\/premierlawgroup\"]}]}<\/script>\n<!-- \/ Yoast SEO plugin. -->","yoast_head_json":{"title":"\u00bfCu\u00e1nto obtendr\u00e9 si gano mi caso de accidente automovil\u00edstico?","description":"\u00bfCu\u00e1nto recibir\u00e9 si gano mi caso de accidente automovil\u00edstico?: Premier Law Group lo ayuda a obtener la compensaci\u00f3n total que merece. Sin cargo a menos que ganemos.","robots":{"index":"index","follow":"follow","max-snippet":"max-snippet:-1","max-image-preview":"max-image-preview:large","max-video-preview":"max-video-preview:-1"},"canonical":"https:\/\/plg-pllc.com\/es\/faqs\/how-much-will-i-get-if-i-win-my-car-accident-case\/","og_locale":"es_MX","og_type":"article","og_title":"How much will I get if I win my car accident case?","og_description":"How much will I get if I win my car accident case?: Premier Law Group helps you unlock the full compensation you deserve. No Fee Unless We Win.","og_url":"https:\/\/plg-pllc.com\/es\/faqs\/how-much-will-i-get-if-i-win-my-car-accident-case\/","og_site_name":"Premier Law Group","article_publisher":"https:\/\/www.facebook.com\/premierlawgroup","article_modified_time":"2024-11-07T12:12:18+00:00","twitter_card":"summary_large_image","twitter_site":"@premierlawgroup","twitter_misc":{"Tiempo de lectura":"3 minutos"},"schema":{"@context":"https:\/\/schema.org","@graph":[{"@type":"WebPage","@id":"https:\/\/plg-pllc.com\/faqs\/how-much-will-i-get-if-i-win-my-car-accident-case\/","url":"https:\/\/plg-pllc.com\/faqs\/how-much-will-i-get-if-i-win-my-car-accident-case\/","name":"\u00bfCu\u00e1nto obtendr\u00e9 si gano mi caso de accidente automovil\u00edstico?","isPartOf":{"@id":"https:\/\/plg-pllc.com\/#website"},"datePublished":"2015-07-16T16:43:56+00:00","dateModified":"2024-11-07T12:12:18+00:00","description":"\u00bfCu\u00e1nto recibir\u00e9 si gano mi caso de accidente automovil\u00edstico?: Premier Law Group lo ayuda a obtener la compensaci\u00f3n total que merece. Sin cargo a menos que ganemos.","breadcrumb":{"@id":"https:\/\/plg-pllc.com\/faqs\/how-much-will-i-get-if-i-win-my-car-accident-case\/#breadcrumb"},"inLanguage":"es","potentialAction":[{"@type":"ReadAction","target":["https:\/\/plg-pllc.com\/faqs\/how-much-will-i-get-if-i-win-my-car-accident-case\/"]}]},{"@type":"BreadcrumbList","@id":"https:\/\/plg-pllc.com\/faqs\/how-much-will-i-get-if-i-win-my-car-accident-case\/#breadcrumb","itemListElement":[{"@type":"ListItem","position":1,"name":"Home","item":"https:\/\/plg-pllc.com\/es\/"},{"@type":"ListItem","position":2,"name":"FAQs","item":"https:\/\/plg-pllc.com\/es\/faqs\/"},{"@type":"ListItem","position":3,"name":"How much will I get if I win my car accident case?"}]},{"@type":"WebSite","@id":"https:\/\/plg-pllc.com\/#website","url":"https:\/\/plg-pllc.com\/","name":"Grupo de abogados Premier","description":"Abogado de muerte por negligencia y lesiones graves en Washington","publisher":{"@id":"https:\/\/plg-pllc.com\/#organization"},"inLanguage":"es"},{"@type":"Organization","@id":"https:\/\/plg-pllc.com\/#organization","name":"Grupo de abogados Premier","url":"https:\/\/plg-pllc.com\/","logo":{"@type":"ImageObject","inLanguage":"es","@id":"https:\/\/plg-pllc.com\/#\/schema\/logo\/image\/","url":"https:\/\/plg-pllc.com\/wp-content\/uploads\/2020\/10\/plg-logo-v2.gif","contentUrl":"https:\/\/plg-pllc.com\/wp-content\/uploads\/2020\/10\/plg-logo-v2.gif","width":592,"height":191,"caption":"Premier Law Group"},"image":{"@id":"https:\/\/plg-pllc.com\/#\/schema\/logo\/image\/"},"sameAs":["https:\/\/www.facebook.com\/premierlawgroup","https:\/\/x.com\/premierlawgroup"]}]}},"_links":{"self":[{"href":"https:\/\/plg-pllc.com\/es\/wp-json\/wp\/v2\/pages\/12061","targetHints":{"allow":["GET"]}}],"collection":[{"href":"https:\/\/plg-pllc.com\/es\/wp-json\/wp\/v2\/pages"}],"about":[{"href":"https:\/\/plg-pllc.com\/es\/wp-json\/wp\/v2\/types\/page"}],"author":[{"embeddable":true,"href":"https:\/\/plg-pllc.com\/es\/wp-json\/wp\/v2\/users\/2"}],"replies":[{"embeddable":true,"href":"https:\/\/plg-pllc.com\/es\/wp-json\/wp\/v2\/comments?post=12061"}],"version-history":[{"count":0,"href":"https:\/\/plg-pllc.com\/es\/wp-json\/wp\/v2\/pages\/12061\/revisions"}],"up":[{"embeddable":true,"href":"https:\/\/plg-pllc.com\/es\/wp-json\/wp\/v2\/pages\/20714"}],"wp:attachment":[{"href":"https:\/\/plg-pllc.com\/es\/wp-json\/wp\/v2\/media?parent=12061"}],"wp:term":[{"taxonomy":"hc_faqs","embeddable":true,"href":"https:\/\/plg-pllc.com\/es\/wp-json\/wp\/v2\/hc_faqs?post=12061"}],"curies":[{"name":"gracias","href":"https:\/\/api.w.org\/{rel}","templated":true}]}}