{"id":12071,"date":"2015-08-12T07:02:15","date_gmt":"2015-08-12T14:02:15","guid":{"rendered":"https:\/\/plg-pllc.com\/?p=12071"},"modified":"2025-04-11T09:58:22","modified_gmt":"2025-04-11T16:58:22","slug":"why-must-i-sue-the-other-driver-in-my-accident-trial","status":"publish","type":"page","link":"https:\/\/plg-pllc.com\/es\/faqs\/why-must-i-sue-the-other-driver-in-my-accident-trial\/","title":{"rendered":"\u00bfPor qu\u00e9 debo demandar al otro conductor en mi juicio por accidente automovil\u00edstico?"},"content":{"rendered":"<p>Cuando llevamos un caso a juicio, una pregunta que nuestros clientes de Vancouver y Washington suelen hacer es: &quot;\u00bfPor qu\u00e9 demando al otro conductor? \u00bfPor qu\u00e9 no puedo demandar a su compa\u00f1\u00eda de seguros?&quot;.<\/p>\n<p>La respuesta es un poco complicada. Legalmente, nunca demandar\u00e1 a la compa\u00f1\u00eda de seguros. En el estado de Washington, es ilegal mencionar el nombre de la compa\u00f1\u00eda de seguros del otro conductor en el tribunal. Si su caso llega a juicio, estar\u00e1, legalmente, demandando al otro conductor.<\/p>\n<p>Sin embargo, en un juicio, el otro conductor estar\u00e1 representado por un abogado de la aseguradora. Este abogado presentar\u00e1 argumentos ante el tribunal de acuerdo con las pol\u00edticas y objetivos comerciales de la aseguradora.<\/p>\n<p>El abogado de la aseguradora luchar\u00e1 por proteger, sobre todo, los activos de la aseguradora para pagar lo m\u00ednimo posible a la v\u00edctima. Utilizar\u00e1 todos los recursos disponibles para evitar pagar una indemnizaci\u00f3n justa.<\/p>\n<p>Entonces, mientras t\u00e9cnicamente usted est\u00e1 demandando al otro conductor, los abogados de la compa\u00f1\u00eda de seguros estar\u00e1n all\u00ed en la sala del tribunal luchando por los mejores intereses de la compa\u00f1\u00eda de seguros.<\/p>\n<p>(\u00a1En realidad, no les importa en lo m\u00e1s m\u00ednimo la salud y el bienestar de su cliente!) Si bien esta es una situaci\u00f3n frustrante desde el punto de vista legal, un abogado de lesiones de Vancouver con experiencia y que se preocupa por sus intereses lo entender\u00e1 y se lo comunicar\u00e1 en el per\u00edodo previo al juicio.<\/p>\n<h2>Lo que usted hace inmediatamente despu\u00e9s de un accidente es extremadamente importante<\/h2>\n<p>Aunque est\u00e9 demandando al otro conductor, la compa\u00f1\u00eda de seguros est\u00e1 m\u00e1s interesada en proteger sus ganancias, no en brindar una compensaci\u00f3n justa a las personas lesionadas.<\/p>\n<p>Esto significa que en los d\u00edas y semanas inmediatamente posteriores a un accidente, la compa\u00f1\u00eda de seguros recurrir\u00e1 a t\u00e1cticas deshonestas con la esperanza de que usted firme un contrato por potencialmente miles de d\u00f3lares: dinero que necesitar\u00e1 para pagar facturas m\u00e9dicas, compensar el tiempo fuera del trabajo y otras p\u00e9rdidas.<\/p>\n<p>Le sugerimos que no firme nada de lo que le env\u00ede el ajustador de seguros hasta que hable con un abogado de lesiones personales calificado y con experiencia. Si lo hace, su caso podr\u00eda terminar antes de comenzar.<\/p>\n<p>\u00bfTiene preguntas? Ll\u00e1menos al 206-285-1743 o visite una de nuestras sucursales en Seattle, Bellevue o Vancouver.<\/p>\n\n        <div class=\"rs-content-cta\">\n            <p>Llamar o enviar mensaje de texto <a href=\"tel:+12062851743\">(206) 285-1743<\/a> o complete un formulario de evaluaci\u00f3n de caso gratuito<\/p>\n            <a href=\"https:\/\/plg-pllc.com\/es\/contact-us\/\" title=\"OBTENGA UNA EVALUACI\u00d3N DE CASO GRATUITA\" class=\"btn-global\">OBTENGA UNA EVALUACI\u00d3N DE CASO GRATUITA<\/a>\n                    <picture>\n                            <source srcset=\"https:\/\/plg-pllc.com\/wp-content\/themes\/plg-pllc-redesign\/assets\/app\/img\/cta-thumb.webp\" type=\"image\/webp\"\/>\n                            <img src=\"https:\/\/plg-pllc.com\/wp-content\/themes\/plg-pllc-redesign\/assets\/app\/img\/cta-thumb.png\" alt=\"Grupo de abogados Premier\" title=\"Grupo de abogados Premier\" width=\"245\" height=\"220\" loading=\"auto\" fetchpriority=\"auto\" decoding=\"async\"\/>\n        <\/picture>\n        \n        <\/div>","protected":false},"excerpt":{"rendered":"<p>Cuando llevamos un caso a juicio, una pregunta que nuestros clientes del estado de Vancouver y Washington suelen hacer es: &quot;\u00bfPor qu\u00e9 estoy demandando al otro conductor? \u00bfPor qu\u00e9 no puedo demandar a su compa\u00f1\u00eda de seguros?&quot; La respuesta es un poco complicada. Legalmente, nunca demandar\u00e1s a la compa\u00f1\u00eda de seguros. Es contra la ley en el estado de Washington...<\/p>","protected":false},"author":2,"featured_media":0,"parent":20714,"menu_order":0,"comment_status":"closed","ping_status":"closed","template":"","meta":{"_acf_changed":false,"_genesis_hide_title":false,"_genesis_hide_breadcrumbs":false,"_genesis_hide_singular_image":false,"_genesis_hide_footer_widgets":false,"_genesis_custom_body_class":"","_genesis_custom_post_class":"","_genesis_layout":"","footnotes":""},"hc_faqs":[10344],"class_list":{"0":"post-12071","1":"page","2":"type-page","3":"status-publish","5":"hc_faqs-car-accident","6":"entry"},"acf":[],"yoast_head":"<!-- This site is optimized with the Yoast SEO plugin v27.4 - https:\/\/yoast.com\/product\/yoast-seo-wordpress\/ -->\n<title>Why must I sue the other driver in my car accident trial?<\/title>\n<meta name=\"description\" content=\"Under Washington state law, you are not legally allowed to sue the insurance company. You must sue the other driver in your auto accident, Read more here.\" \/>\n<meta name=\"robots\" content=\"index, follow, max-snippet:-1, max-image-preview:large, max-video-preview:-1\" \/>\n<link rel=\"canonical\" href=\"https:\/\/plg-pllc.com\/es\/faqs\/why-must-i-sue-the-other-driver-in-my-accident-trial\/\" \/>\n<meta property=\"og:locale\" content=\"es_MX\" \/>\n<meta property=\"og:type\" content=\"article\" \/>\n<meta property=\"og:title\" content=\"Why must I sue the other driver in my car accident trial?\" \/>\n<meta property=\"og:description\" content=\"Under Washington state law, you are not legally allowed to sue the insurance company. You must sue the other driver in your auto accident, Read more here.\" \/>\n<meta property=\"og:url\" content=\"https:\/\/plg-pllc.com\/es\/faqs\/why-must-i-sue-the-other-driver-in-my-accident-trial\/\" \/>\n<meta property=\"og:site_name\" content=\"Premier Law Group\" \/>\n<meta property=\"article:publisher\" content=\"https:\/\/www.facebook.com\/premierlawgroup\" \/>\n<meta property=\"article:modified_time\" content=\"2025-04-11T16:58:22+00:00\" \/>\n<meta name=\"twitter:card\" content=\"summary_large_image\" \/>\n<meta name=\"twitter:site\" content=\"@premierlawgroup\" \/>\n<meta name=\"twitter:label1\" content=\"Tiempo de lectura\" \/>\n\t<meta name=\"twitter:data1\" content=\"2 minutos\" \/>\n<script type=\"application\/ld+json\" class=\"yoast-schema-graph\">{\"@context\":\"https:\\\/\\\/schema.org\",\"@graph\":[{\"@type\":\"WebPage\",\"@id\":\"https:\\\/\\\/plg-pllc.com\\\/faqs\\\/why-must-i-sue-the-other-driver-in-my-accident-trial\\\/\",\"url\":\"https:\\\/\\\/plg-pllc.com\\\/faqs\\\/why-must-i-sue-the-other-driver-in-my-accident-trial\\\/\",\"name\":\"Why must I sue the other driver in my car accident trial?\",\"isPartOf\":{\"@id\":\"https:\\\/\\\/plg-pllc.com\\\/#website\"},\"datePublished\":\"2015-08-12T14:02:15+00:00\",\"dateModified\":\"2025-04-11T16:58:22+00:00\",\"description\":\"Under Washington state law, you are not legally allowed to sue the insurance company. You must sue the other driver in your auto accident, Read more here.\",\"breadcrumb\":{\"@id\":\"https:\\\/\\\/plg-pllc.com\\\/faqs\\\/why-must-i-sue-the-other-driver-in-my-accident-trial\\\/#breadcrumb\"},\"inLanguage\":\"es\",\"potentialAction\":[{\"@type\":\"ReadAction\",\"target\":[\"https:\\\/\\\/plg-pllc.com\\\/faqs\\\/why-must-i-sue-the-other-driver-in-my-accident-trial\\\/\"]}]},{\"@type\":\"BreadcrumbList\",\"@id\":\"https:\\\/\\\/plg-pllc.com\\\/faqs\\\/why-must-i-sue-the-other-driver-in-my-accident-trial\\\/#breadcrumb\",\"itemListElement\":[{\"@type\":\"ListItem\",\"position\":1,\"name\":\"Home\",\"item\":\"https:\\\/\\\/plg-pllc.com\\\/es\\\/\"},{\"@type\":\"ListItem\",\"position\":2,\"name\":\"FAQs\",\"item\":\"https:\\\/\\\/plg-pllc.com\\\/es\\\/faqs\\\/\"},{\"@type\":\"ListItem\",\"position\":3,\"name\":\"Why Must I Sue the Other Driver in My Car Accident Trial?\"}]},{\"@type\":\"WebSite\",\"@id\":\"https:\\\/\\\/plg-pllc.com\\\/#website\",\"url\":\"https:\\\/\\\/plg-pllc.com\\\/\",\"name\":\"Premier Law Group\",\"description\":\"Washington Wrongful Death and Serious Injury Lawyer\",\"publisher\":{\"@id\":\"https:\\\/\\\/plg-pllc.com\\\/#organization\"},\"inLanguage\":\"es\"},{\"@type\":\"Organization\",\"@id\":\"https:\\\/\\\/plg-pllc.com\\\/#organization\",\"name\":\"Premier Law Group\",\"url\":\"https:\\\/\\\/plg-pllc.com\\\/\",\"logo\":{\"@type\":\"ImageObject\",\"inLanguage\":\"es\",\"@id\":\"https:\\\/\\\/plg-pllc.com\\\/#\\\/schema\\\/logo\\\/image\\\/\",\"url\":\"https:\\\/\\\/plg-pllc.com\\\/wp-content\\\/uploads\\\/2020\\\/10\\\/plg-logo-v2.gif\",\"contentUrl\":\"https:\\\/\\\/plg-pllc.com\\\/wp-content\\\/uploads\\\/2020\\\/10\\\/plg-logo-v2.gif\",\"width\":592,\"height\":191,\"caption\":\"Premier Law Group\"},\"image\":{\"@id\":\"https:\\\/\\\/plg-pllc.com\\\/#\\\/schema\\\/logo\\\/image\\\/\"},\"sameAs\":[\"https:\\\/\\\/www.facebook.com\\\/premierlawgroup\",\"https:\\\/\\\/x.com\\\/premierlawgroup\"]}]}<\/script>\n<!-- \/ Yoast SEO plugin. -->","yoast_head_json":{"title":"\u00bfPor qu\u00e9 debo demandar al otro conductor en mi juicio por accidente automovil\u00edstico?","description":"Seg\u00fan la ley del estado de Washington, no est\u00e1 legalmente permitido demandar a la compa\u00f1\u00eda de seguros. Debe demandar al otro conductor en su accidente automovil\u00edstico. Lea m\u00e1s aqu\u00ed.","robots":{"index":"index","follow":"follow","max-snippet":"max-snippet:-1","max-image-preview":"max-image-preview:large","max-video-preview":"max-video-preview:-1"},"canonical":"https:\/\/plg-pllc.com\/es\/faqs\/why-must-i-sue-the-other-driver-in-my-accident-trial\/","og_locale":"es_MX","og_type":"article","og_title":"Why must I sue the other driver in my car accident trial?","og_description":"Under Washington state law, you are not legally allowed to sue the insurance company. You must sue the other driver in your auto accident, Read more here.","og_url":"https:\/\/plg-pllc.com\/es\/faqs\/why-must-i-sue-the-other-driver-in-my-accident-trial\/","og_site_name":"Premier Law Group","article_publisher":"https:\/\/www.facebook.com\/premierlawgroup","article_modified_time":"2025-04-11T16:58:22+00:00","twitter_card":"summary_large_image","twitter_site":"@premierlawgroup","twitter_misc":{"Tiempo de lectura":"2 minutos"},"schema":{"@context":"https:\/\/schema.org","@graph":[{"@type":"WebPage","@id":"https:\/\/plg-pllc.com\/faqs\/why-must-i-sue-the-other-driver-in-my-accident-trial\/","url":"https:\/\/plg-pllc.com\/faqs\/why-must-i-sue-the-other-driver-in-my-accident-trial\/","name":"\u00bfPor qu\u00e9 debo demandar al otro conductor en mi juicio por accidente automovil\u00edstico?","isPartOf":{"@id":"https:\/\/plg-pllc.com\/#website"},"datePublished":"2015-08-12T14:02:15+00:00","dateModified":"2025-04-11T16:58:22+00:00","description":"Seg\u00fan la ley del estado de Washington, no est\u00e1 legalmente permitido demandar a la compa\u00f1\u00eda de seguros. Debe demandar al otro conductor en su accidente automovil\u00edstico. Lea m\u00e1s aqu\u00ed.","breadcrumb":{"@id":"https:\/\/plg-pllc.com\/faqs\/why-must-i-sue-the-other-driver-in-my-accident-trial\/#breadcrumb"},"inLanguage":"es","potentialAction":[{"@type":"ReadAction","target":["https:\/\/plg-pllc.com\/faqs\/why-must-i-sue-the-other-driver-in-my-accident-trial\/"]}]},{"@type":"BreadcrumbList","@id":"https:\/\/plg-pllc.com\/faqs\/why-must-i-sue-the-other-driver-in-my-accident-trial\/#breadcrumb","itemListElement":[{"@type":"ListItem","position":1,"name":"Home","item":"https:\/\/plg-pllc.com\/es\/"},{"@type":"ListItem","position":2,"name":"FAQs","item":"https:\/\/plg-pllc.com\/es\/faqs\/"},{"@type":"ListItem","position":3,"name":"Why Must I Sue the Other Driver in My Car Accident Trial?"}]},{"@type":"WebSite","@id":"https:\/\/plg-pllc.com\/#website","url":"https:\/\/plg-pllc.com\/","name":"Grupo de abogados Premier","description":"Abogado de muerte por negligencia y lesiones graves en Washington","publisher":{"@id":"https:\/\/plg-pllc.com\/#organization"},"inLanguage":"es"},{"@type":"Organization","@id":"https:\/\/plg-pllc.com\/#organization","name":"Grupo de abogados Premier","url":"https:\/\/plg-pllc.com\/","logo":{"@type":"ImageObject","inLanguage":"es","@id":"https:\/\/plg-pllc.com\/#\/schema\/logo\/image\/","url":"https:\/\/plg-pllc.com\/wp-content\/uploads\/2020\/10\/plg-logo-v2.gif","contentUrl":"https:\/\/plg-pllc.com\/wp-content\/uploads\/2020\/10\/plg-logo-v2.gif","width":592,"height":191,"caption":"Premier Law Group"},"image":{"@id":"https:\/\/plg-pllc.com\/#\/schema\/logo\/image\/"},"sameAs":["https:\/\/www.facebook.com\/premierlawgroup","https:\/\/x.com\/premierlawgroup"]}]}},"_links":{"self":[{"href":"https:\/\/plg-pllc.com\/es\/wp-json\/wp\/v2\/pages\/12071","targetHints":{"allow":["GET"]}}],"collection":[{"href":"https:\/\/plg-pllc.com\/es\/wp-json\/wp\/v2\/pages"}],"about":[{"href":"https:\/\/plg-pllc.com\/es\/wp-json\/wp\/v2\/types\/page"}],"author":[{"embeddable":true,"href":"https:\/\/plg-pllc.com\/es\/wp-json\/wp\/v2\/users\/2"}],"replies":[{"embeddable":true,"href":"https:\/\/plg-pllc.com\/es\/wp-json\/wp\/v2\/comments?post=12071"}],"version-history":[{"count":0,"href":"https:\/\/plg-pllc.com\/es\/wp-json\/wp\/v2\/pages\/12071\/revisions"}],"up":[{"embeddable":true,"href":"https:\/\/plg-pllc.com\/es\/wp-json\/wp\/v2\/pages\/20714"}],"wp:attachment":[{"href":"https:\/\/plg-pllc.com\/es\/wp-json\/wp\/v2\/media?parent=12071"}],"wp:term":[{"taxonomy":"hc_faqs","embeddable":true,"href":"https:\/\/plg-pllc.com\/es\/wp-json\/wp\/v2\/hc_faqs?post=12071"}],"curies":[{"name":"gracias","href":"https:\/\/api.w.org\/{rel}","templated":true}]}}