{"id":12111,"date":"2015-12-28T10:58:26","date_gmt":"2015-12-28T18:58:26","guid":{"rendered":"https:\/\/plgpllc.wpengine.com\/?p=12111"},"modified":"2024-11-07T04:12:15","modified_gmt":"2024-11-07T12:12:15","slug":"can-i-choose-my-own-attorney-for-my-auto-accident-case","status":"publish","type":"page","link":"https:\/\/plg-pllc.com\/es\/faqs\/can-i-choose-my-own-attorney\/","title":{"rendered":"\u00bfPuedo elegir mi propio abogado para mi caso de accidente automovil\u00edstico?"},"content":{"rendered":"<p>Muchas personas que nunca han utilizado los servicios de un abogado de lesiones de Seattle tienden a asumir que si contrata un bufete de abogados para que lo ayude con un caso, se le asignar\u00e1 a uno de los abogados del bufete que trabajar\u00e1 en su caso de principio a fin.<\/p>\n<p>Por lo general, este no es el caso, a menos que haya contratado a un abogado independiente o a un bufete muy peque\u00f1o. En Premier Law Group, como en muchos otros bufetes de abogados, los abogados, los asistentes jur\u00eddicos y el personal de apoyo trabajan juntos como un equipo. Si bien esto significa que en realidad no tendr\u00e1 un abogado &quot;propio&quot; en el bufete, s\u00ed significa que podr\u00e1 beneficiarse de la sabidur\u00eda, la experiencia y el talento de un bufete completo que trabaja como una sola unidad.<\/p>\n<p><b>Encuentre el abogado de lesiones personales adecuado para su caso con este conocimiento<\/b><\/p>\n<p>Una advertencia: algunas firmas se aprovechan de la falta de conocimiento del consumidor promedio sobre c\u00f3mo funcionan normalmente los bufetes de abogados. Estas firmas suelen estar dise\u00f1adas para ofrecer la mayor cantidad posible de acuerdos a la baja. En este tipo de bufetes de abogados, uno de los abogados \u201csuperestrella\u201d de m\u00e1s alto rango se reunir\u00e1 con el posible cliente y lo convencer\u00e1 de firmar los papeles. Despu\u00e9s de eso, su caso se pasar\u00e1 a los asistentes legales. Por lo general, no hay juicio. La oferta final de la compa\u00f1\u00eda de seguros es lo que obtienes, caso cerrado.<\/p>\n<p>El trabajo de un abogado es bastante sencillo: analizar los hechos concretos y presentar al cliente las mejores opciones posibles. No existe una f\u00f3rmula m\u00e1gica ni un m\u00e9todo secreto para conseguir un acuerdo justo.<\/p>\n<p>\u00bfEst\u00e1 intentando evaluar un bufete de abogados de Seattle, Bellevue o Vancouver? Ll\u00e1menos al 206-285-1743. Estaremos encantados de responder cualquier pregunta que pueda tener.<\/p>\n\n        <div class=\"rs-content-cta\">\n            <p>Llamar o enviar mensaje de texto <a href=\"tel:+12062851743\">(206) 285-1743<\/a> o complete un formulario de evaluaci\u00f3n de caso gratuito<\/p>\n            <a href=\"https:\/\/plg-pllc.com\/es\/contact-us\/\" title=\"OBTENGA UNA EVALUACI\u00d3N DE CASO GRATUITA\" class=\"btn-global\">OBTENGA UNA EVALUACI\u00d3N DE CASO GRATUITA<\/a>\n                    <picture>\n                            <source srcset=\"https:\/\/plg-pllc.com\/wp-content\/themes\/plg-pllc-redesign\/assets\/app\/img\/cta-thumb.webp\" type=\"image\/webp\"\/>\n                            <img src=\"https:\/\/plg-pllc.com\/wp-content\/themes\/plg-pllc-redesign\/assets\/app\/img\/cta-thumb.png\" alt=\"Grupo de abogados Premier\" title=\"Grupo de abogados Premier\" width=\"245\" height=\"220\" loading=\"auto\" fetchpriority=\"auto\" decoding=\"async\"\/>\n        <\/picture>\n        \n        <\/div>","protected":false},"excerpt":{"rendered":"<p>Muchas personas que nunca han recurrido a un abogado especializado en lesiones personales en Seattle tienden a asumir que, si contrata a un bufete de abogados para que lo ayude con un caso, se le asignar\u00e1 a uno de los abogados del bufete que trabajar\u00e1 en su caso de principio a fin. Por lo general, este no es el caso, a menos que tenga \u2026<\/p>","protected":false},"author":2,"featured_media":0,"parent":20714,"menu_order":0,"comment_status":"closed","ping_status":"closed","template":"","meta":{"_acf_changed":false,"_genesis_hide_title":false,"_genesis_hide_breadcrumbs":false,"_genesis_hide_singular_image":false,"_genesis_hide_footer_widgets":false,"_genesis_custom_body_class":"","_genesis_custom_post_class":"","_genesis_layout":"","footnotes":""},"hc_faqs":[10354],"class_list":{"0":"post-12111","1":"page","2":"type-page","3":"status-publish","5":"hc_faqs-personal-injury","6":"entry"},"acf":[],"yoast_head":"<!-- This site is optimized with the Yoast SEO plugin v27.4 - https:\/\/yoast.com\/product\/yoast-seo-wordpress\/ -->\n<title>Can I choose my own attorney for my auto accident case?<\/title>\n<meta name=\"description\" content=\"Can I choose my own attorney for my auto accident case?: Premier Law Group helps you unlock the full compensation you deserve. No Fee Unless We Win.\" \/>\n<meta name=\"robots\" content=\"index, follow, max-snippet:-1, max-image-preview:large, max-video-preview:-1\" \/>\n<link rel=\"canonical\" href=\"https:\/\/plg-pllc.com\/es\/faqs\/can-i-choose-my-own-attorney\/\" \/>\n<meta property=\"og:locale\" content=\"es_MX\" \/>\n<meta property=\"og:type\" content=\"article\" \/>\n<meta property=\"og:title\" content=\"Can I choose my own attorney for my auto accident case?\" \/>\n<meta property=\"og:description\" content=\"Can I choose my own attorney for my auto accident case?: Premier Law Group helps you unlock the full compensation you deserve. No Fee Unless We Win.\" \/>\n<meta property=\"og:url\" content=\"https:\/\/plg-pllc.com\/es\/faqs\/can-i-choose-my-own-attorney\/\" \/>\n<meta property=\"og:site_name\" content=\"Premier Law Group\" \/>\n<meta property=\"article:publisher\" content=\"https:\/\/www.facebook.com\/premierlawgroup\" \/>\n<meta property=\"article:modified_time\" content=\"2024-11-07T12:12:15+00:00\" \/>\n<meta name=\"twitter:card\" content=\"summary_large_image\" \/>\n<meta name=\"twitter:site\" content=\"@premierlawgroup\" \/>\n<meta name=\"twitter:label1\" content=\"Tiempo de lectura\" \/>\n\t<meta name=\"twitter:data1\" content=\"2 minutos\" \/>\n<script type=\"application\/ld+json\" class=\"yoast-schema-graph\">{\"@context\":\"https:\\\/\\\/schema.org\",\"@graph\":[{\"@type\":\"WebPage\",\"@id\":\"https:\\\/\\\/plg-pllc.com\\\/faqs\\\/can-i-choose-my-own-attorney\\\/\",\"url\":\"https:\\\/\\\/plg-pllc.com\\\/faqs\\\/can-i-choose-my-own-attorney\\\/\",\"name\":\"Can I choose my own attorney for my auto accident case?\",\"isPartOf\":{\"@id\":\"https:\\\/\\\/plg-pllc.com\\\/#website\"},\"datePublished\":\"2015-12-28T18:58:26+00:00\",\"dateModified\":\"2024-11-07T12:12:15+00:00\",\"description\":\"Can I choose my own attorney for my auto accident case?: Premier Law Group helps you unlock the full compensation you deserve. No Fee Unless We Win.\",\"breadcrumb\":{\"@id\":\"https:\\\/\\\/plg-pllc.com\\\/faqs\\\/can-i-choose-my-own-attorney\\\/#breadcrumb\"},\"inLanguage\":\"es\",\"potentialAction\":[{\"@type\":\"ReadAction\",\"target\":[\"https:\\\/\\\/plg-pllc.com\\\/faqs\\\/can-i-choose-my-own-attorney\\\/\"]}]},{\"@type\":\"BreadcrumbList\",\"@id\":\"https:\\\/\\\/plg-pllc.com\\\/faqs\\\/can-i-choose-my-own-attorney\\\/#breadcrumb\",\"itemListElement\":[{\"@type\":\"ListItem\",\"position\":1,\"name\":\"Home\",\"item\":\"https:\\\/\\\/plg-pllc.com\\\/es\\\/\"},{\"@type\":\"ListItem\",\"position\":2,\"name\":\"FAQs\",\"item\":\"https:\\\/\\\/plg-pllc.com\\\/es\\\/faqs\\\/\"},{\"@type\":\"ListItem\",\"position\":3,\"name\":\"Can I choose my own attorney for my auto accident case?\"}]},{\"@type\":\"WebSite\",\"@id\":\"https:\\\/\\\/plg-pllc.com\\\/#website\",\"url\":\"https:\\\/\\\/plg-pllc.com\\\/\",\"name\":\"Premier Law Group\",\"description\":\"Washington Wrongful Death and Serious Injury Lawyer\",\"publisher\":{\"@id\":\"https:\\\/\\\/plg-pllc.com\\\/#organization\"},\"inLanguage\":\"es\"},{\"@type\":\"Organization\",\"@id\":\"https:\\\/\\\/plg-pllc.com\\\/#organization\",\"name\":\"Premier Law Group\",\"url\":\"https:\\\/\\\/plg-pllc.com\\\/\",\"logo\":{\"@type\":\"ImageObject\",\"inLanguage\":\"es\",\"@id\":\"https:\\\/\\\/plg-pllc.com\\\/#\\\/schema\\\/logo\\\/image\\\/\",\"url\":\"https:\\\/\\\/plg-pllc.com\\\/wp-content\\\/uploads\\\/2020\\\/10\\\/plg-logo-v2.gif\",\"contentUrl\":\"https:\\\/\\\/plg-pllc.com\\\/wp-content\\\/uploads\\\/2020\\\/10\\\/plg-logo-v2.gif\",\"width\":592,\"height\":191,\"caption\":\"Premier Law Group\"},\"image\":{\"@id\":\"https:\\\/\\\/plg-pllc.com\\\/#\\\/schema\\\/logo\\\/image\\\/\"},\"sameAs\":[\"https:\\\/\\\/www.facebook.com\\\/premierlawgroup\",\"https:\\\/\\\/x.com\\\/premierlawgroup\"]}]}<\/script>\n<!-- \/ Yoast SEO plugin. -->","yoast_head_json":{"title":"\u00bfPuedo elegir mi propio abogado para mi caso de accidente automovil\u00edstico?","description":"\u00bfPuedo elegir mi propio abogado para mi caso de accidente automovil\u00edstico?: Premier Law Group lo ayuda a obtener la compensaci\u00f3n total que merece. Sin cargo a menos que ganemos.","robots":{"index":"index","follow":"follow","max-snippet":"max-snippet:-1","max-image-preview":"max-image-preview:large","max-video-preview":"max-video-preview:-1"},"canonical":"https:\/\/plg-pllc.com\/es\/faqs\/can-i-choose-my-own-attorney\/","og_locale":"es_MX","og_type":"article","og_title":"Can I choose my own attorney for my auto accident case?","og_description":"Can I choose my own attorney for my auto accident case?: Premier Law Group helps you unlock the full compensation you deserve. No Fee Unless We Win.","og_url":"https:\/\/plg-pllc.com\/es\/faqs\/can-i-choose-my-own-attorney\/","og_site_name":"Premier Law Group","article_publisher":"https:\/\/www.facebook.com\/premierlawgroup","article_modified_time":"2024-11-07T12:12:15+00:00","twitter_card":"summary_large_image","twitter_site":"@premierlawgroup","twitter_misc":{"Tiempo de lectura":"2 minutos"},"schema":{"@context":"https:\/\/schema.org","@graph":[{"@type":"WebPage","@id":"https:\/\/plg-pllc.com\/faqs\/can-i-choose-my-own-attorney\/","url":"https:\/\/plg-pllc.com\/faqs\/can-i-choose-my-own-attorney\/","name":"\u00bfPuedo elegir mi propio abogado para mi caso de accidente automovil\u00edstico?","isPartOf":{"@id":"https:\/\/plg-pllc.com\/#website"},"datePublished":"2015-12-28T18:58:26+00:00","dateModified":"2024-11-07T12:12:15+00:00","description":"\u00bfPuedo elegir mi propio abogado para mi caso de accidente automovil\u00edstico?: Premier Law Group lo ayuda a obtener la compensaci\u00f3n total que merece. Sin cargo a menos que ganemos.","breadcrumb":{"@id":"https:\/\/plg-pllc.com\/faqs\/can-i-choose-my-own-attorney\/#breadcrumb"},"inLanguage":"es","potentialAction":[{"@type":"ReadAction","target":["https:\/\/plg-pllc.com\/faqs\/can-i-choose-my-own-attorney\/"]}]},{"@type":"BreadcrumbList","@id":"https:\/\/plg-pllc.com\/faqs\/can-i-choose-my-own-attorney\/#breadcrumb","itemListElement":[{"@type":"ListItem","position":1,"name":"Home","item":"https:\/\/plg-pllc.com\/es\/"},{"@type":"ListItem","position":2,"name":"FAQs","item":"https:\/\/plg-pllc.com\/es\/faqs\/"},{"@type":"ListItem","position":3,"name":"Can I choose my own attorney for my auto accident case?"}]},{"@type":"WebSite","@id":"https:\/\/plg-pllc.com\/#website","url":"https:\/\/plg-pllc.com\/","name":"Grupo de abogados Premier","description":"Abogado de muerte por negligencia y lesiones graves en Washington","publisher":{"@id":"https:\/\/plg-pllc.com\/#organization"},"inLanguage":"es"},{"@type":"Organization","@id":"https:\/\/plg-pllc.com\/#organization","name":"Grupo de abogados Premier","url":"https:\/\/plg-pllc.com\/","logo":{"@type":"ImageObject","inLanguage":"es","@id":"https:\/\/plg-pllc.com\/#\/schema\/logo\/image\/","url":"https:\/\/plg-pllc.com\/wp-content\/uploads\/2020\/10\/plg-logo-v2.gif","contentUrl":"https:\/\/plg-pllc.com\/wp-content\/uploads\/2020\/10\/plg-logo-v2.gif","width":592,"height":191,"caption":"Premier Law Group"},"image":{"@id":"https:\/\/plg-pllc.com\/#\/schema\/logo\/image\/"},"sameAs":["https:\/\/www.facebook.com\/premierlawgroup","https:\/\/x.com\/premierlawgroup"]}]}},"_links":{"self":[{"href":"https:\/\/plg-pllc.com\/es\/wp-json\/wp\/v2\/pages\/12111","targetHints":{"allow":["GET"]}}],"collection":[{"href":"https:\/\/plg-pllc.com\/es\/wp-json\/wp\/v2\/pages"}],"about":[{"href":"https:\/\/plg-pllc.com\/es\/wp-json\/wp\/v2\/types\/page"}],"author":[{"embeddable":true,"href":"https:\/\/plg-pllc.com\/es\/wp-json\/wp\/v2\/users\/2"}],"replies":[{"embeddable":true,"href":"https:\/\/plg-pllc.com\/es\/wp-json\/wp\/v2\/comments?post=12111"}],"version-history":[{"count":0,"href":"https:\/\/plg-pllc.com\/es\/wp-json\/wp\/v2\/pages\/12111\/revisions"}],"up":[{"embeddable":true,"href":"https:\/\/plg-pllc.com\/es\/wp-json\/wp\/v2\/pages\/20714"}],"wp:attachment":[{"href":"https:\/\/plg-pllc.com\/es\/wp-json\/wp\/v2\/media?parent=12111"}],"wp:term":[{"taxonomy":"hc_faqs","embeddable":true,"href":"https:\/\/plg-pllc.com\/es\/wp-json\/wp\/v2\/hc_faqs?post=12111"}],"curies":[{"name":"gracias","href":"https:\/\/api.w.org\/{rel}","templated":true}]}}