{"id":1242,"date":"2010-09-21T12:37:32","date_gmt":"2010-09-21T19:37:32","guid":{"rendered":"https:\/\/plg-pllc.com\/?p=1242"},"modified":"2026-03-24T15:22:03","modified_gmt":"2026-03-24T22:22:03","slug":"seat-belt-laws-effectiveseattle-personal-injury-law-firm","status":"publish","type":"page","link":"https:\/\/plg-pllc.com\/es\/faqs\/seat-belt-laws-effective-in-seattle\/","title":{"rendered":"Leyes sobre el uso del cintur\u00f3n de seguridad efectivas | Bufete de abogados especializado en lesiones personales de Seattle"},"content":{"rendered":"<p>Miles de personas mueren cada a\u00f1o en accidentes automovil\u00edsticos fatales simplemente por no llevar el cintur\u00f3n de seguridad puesto. Como abogado especializado en accidentes automovil\u00edsticos en Seattle, al ser testigo de la devastaci\u00f3n que uno de estos horribles accidentes automovil\u00edsticos fatales puede ocasionar a una familia, siempre me alegra ver que la legislaci\u00f3n de tr\u00e1nsito est\u00e1 teniendo un impacto. La Comisi\u00f3n de Seguridad Vial de Washington public\u00f3 su Estudio sobre el uso del cintur\u00f3n de seguridad, que muestra que la cantidad de personas que lo llevan puesto sigue aumentando.<\/p>\n<p>La Comisi\u00f3n de Seguridad Vial de Washington comenz\u00f3 a realizar estudios anuales en 1986, cuando se promulgaron las primeras leyes sobre el uso del cintur\u00f3n de seguridad, que convert\u00edan la falta de uso del mismo en una infracci\u00f3n secundaria (pod\u00edan sancionarlo por esta infracci\u00f3n si lo deten\u00edan por otra cosa, como por exceso de velocidad). En el estudio de 1986, solo el 36,1% de la poblaci\u00f3n usaba el cintur\u00f3n de seguridad, pero ahora, en 2009, gracias a los amplios esfuerzos del gobierno, el 96,1% de la poblaci\u00f3n se abrocha el cintur\u00f3n de seguridad cuando conduce un autom\u00f3vil.<\/p>\n<p>El estudio monitore\u00f3 tanto a los conductores como a los pasajeros y dividi\u00f3 los resultados en funci\u00f3n del tipo de veh\u00edculo y de la v\u00eda. Curiosamente, las furgonetas y los camiones tuvieron la peor tasa de personas que llevaban el cintur\u00f3n de seguridad abrochado, lo que, en mi opini\u00f3n, es un poco inquietante, ya que la mayor\u00eda de las veces las furgonetas llevan ni\u00f1os peque\u00f1os. Las carreteras con l\u00edmites de velocidad m\u00e1s bajos tambi\u00e9n ten\u00edan menos probabilidades de ver a los conductores con el cintur\u00f3n de seguridad abrochado. Las carreteras m\u00e1s lentas ten\u00edan una tasa de personas que llevaban el cintur\u00f3n de seguridad abrochado del 93% en comparaci\u00f3n con el 97% de quienes viajaban por carreteras interestatales.<\/p>\n<p>El uso m\u00e1s extendido de los cinturones de seguridad es el resultado de las campa\u00f1as de promoci\u00f3n del uso de cinturones de seguridad que comenzaron a principios de los a\u00f1os 2000. <a href=\"https:\/\/app.leg.wa.gov\/rcw\/default.aspx?cite=46.61.688\/\">Ley del cintur\u00f3n de seguridad del estado de Washington<\/a> En 2002, la ley aument\u00f3 a categor\u00eda de infracci\u00f3n primaria, lo que significa que si un agente de polic\u00eda te ve sin cintur\u00f3n de seguridad, te puede detener sin que se produzca ninguna otra infracci\u00f3n. Click-It or Ticket tambi\u00e9n ha tenido grandes resultados en la reducci\u00f3n de la cantidad de infracciones por no llevar cintur\u00f3n de seguridad puesto que ahora se emiten multas elevadas de forma regular.<\/p>\n\n        <div class=\"rs-content-cta long\">\n            <p>Para una consulta legal GRATUITA, llame al <a href=\"tel:+12062851743\">(206) 285-1743 <\/a><\/p>\n            <a href=\"https:\/\/plg-pllc.com\/es\/contact-us\/\" title=\"OBTENGA UNA EVALUACI\u00d3N DE CASO GRATUITA\" class=\"btn-global\">OBTENGA UNA EVALUACI\u00d3N DE CASO GRATUITA<\/a>\n                    <picture>\n                            <source srcset=\"https:\/\/plg-pllc.com\/wp-content\/themes\/plg-pllc-redesign\/assets\/app\/img\/cta-thumb.webp\" type=\"image\/webp\"\/>\n                            <img src=\"https:\/\/plg-pllc.com\/wp-content\/themes\/plg-pllc-redesign\/assets\/app\/img\/cta-thumb.png\" alt=\"Grupo de abogados Premier\" title=\"Grupo de abogados Premier\" width=\"245\" height=\"220\" loading=\"auto\" fetchpriority=\"auto\" decoding=\"async\"\/>\n        <\/picture>\n        \n        <\/div><p>El estado de Washington est\u00e1 a la vanguardia con uno de los porcentajes m\u00e1s altos de usuarios del cintur\u00f3n de seguridad en el pa\u00eds, pero con m\u00e1s de 200.000 personas que a\u00fan no lo usan, a\u00fan queda trabajo por hacer. Por favor, abr\u00f3chese el cintur\u00f3n por su seguridad: el 60% de las personas que mueren en accidentes automovil\u00edsticos fatales no usaban el cintur\u00f3n de seguridad. Para obtener m\u00e1s informaci\u00f3n sobre la seguridad del cintur\u00f3n de seguridad, lea el art\u00edculo: <em>Seguridad del cintur\u00f3n de seguridad.<\/em><\/p>\n\n        <div class=\"rs-content-cta\">\n            <p>Llamar o enviar mensaje de texto <a href=\"tel:+12062851743\">(206) 285-1743<\/a> o complete un formulario de evaluaci\u00f3n de caso gratuito<\/p>\n            <a href=\"https:\/\/plg-pllc.com\/es\/contact-us\/\" title=\"OBTENGA UNA EVALUACI\u00d3N DE CASO GRATUITA\" class=\"btn-global\">OBTENGA UNA EVALUACI\u00d3N DE CASO GRATUITA<\/a>\n                    <picture>\n                            <source srcset=\"https:\/\/plg-pllc.com\/wp-content\/themes\/plg-pllc-redesign\/assets\/app\/img\/cta-thumb.webp\" type=\"image\/webp\"\/>\n                            <img src=\"https:\/\/plg-pllc.com\/wp-content\/themes\/plg-pllc-redesign\/assets\/app\/img\/cta-thumb.png\" alt=\"Grupo de abogados Premier\" title=\"Grupo de abogados Premier\" width=\"245\" height=\"220\" loading=\"auto\" fetchpriority=\"auto\" decoding=\"async\"\/>\n        <\/picture>\n        \n        <\/div>","protected":false},"excerpt":{"rendered":"<p>Miles de personas mueren en accidentes automovil\u00edsticos fatales cada a\u00f1o simplemente porque no llevaban puesto el cintur\u00f3n de seguridad. Como abogado especializado en accidentes automovil\u00edsticos en Seattle, al ser testigo de la devastaci\u00f3n que uno de estos horribles accidentes automovil\u00edsticos fatales puede ocasionar a una familia, siempre me alegra ver que la legislaci\u00f3n de tr\u00e1nsito est\u00e1 teniendo un impacto. La ley de Washington...<\/p>","protected":false},"author":2,"featured_media":0,"parent":20714,"menu_order":0,"comment_status":"closed","ping_status":"closed","template":"","meta":{"_acf_changed":false,"_genesis_hide_title":false,"_genesis_hide_breadcrumbs":false,"_genesis_hide_singular_image":false,"_genesis_hide_footer_widgets":false,"_genesis_custom_body_class":"","_genesis_custom_post_class":"","_genesis_layout":"","footnotes":""},"hc_faqs":[10354],"class_list":{"0":"post-1242","1":"page","2":"type-page","3":"status-publish","5":"hc_faqs-personal-injury","6":"entry"},"acf":[],"yoast_head":"<!-- This site is optimized with the Yoast SEO plugin v27.4 - https:\/\/yoast.com\/product\/yoast-seo-wordpress\/ -->\n<title>Seat Belt Laws Effective|Seattle Personal Injury Law Firm<\/title>\n<meta name=\"description\" content=\"Seat Belt Laws Effective|Seattle Personal Injury Law Firm: Premier Law Group helps you unlock the full compensation you deserve. No Fee Unless We Win.\" \/>\n<meta name=\"robots\" content=\"index, follow, max-snippet:-1, max-image-preview:large, max-video-preview:-1\" \/>\n<link rel=\"canonical\" href=\"https:\/\/plg-pllc.com\/es\/faqs\/seat-belt-laws-effective-in-seattle\/\" \/>\n<meta property=\"og:locale\" content=\"es_MX\" \/>\n<meta property=\"og:type\" content=\"article\" \/>\n<meta property=\"og:title\" content=\"Seat Belt Laws Effective|Seattle Personal Injury Law Firm\" \/>\n<meta property=\"og:description\" content=\"Seat Belt Laws Effective|Seattle Personal Injury Law Firm: Premier Law Group helps you unlock the full compensation you deserve. No Fee Unless We Win.\" \/>\n<meta property=\"og:url\" content=\"https:\/\/plg-pllc.com\/es\/faqs\/seat-belt-laws-effective-in-seattle\/\" \/>\n<meta property=\"og:site_name\" content=\"Premier Law Group\" \/>\n<meta property=\"article:publisher\" content=\"https:\/\/www.facebook.com\/premierlawgroup\" \/>\n<meta property=\"article:modified_time\" content=\"2026-03-24T22:22:03+00:00\" \/>\n<meta name=\"twitter:card\" content=\"summary_large_image\" \/>\n<meta name=\"twitter:site\" content=\"@premierlawgroup\" \/>\n<meta name=\"twitter:label1\" content=\"Tiempo de lectura\" \/>\n\t<meta name=\"twitter:data1\" content=\"2 minutos\" \/>\n<script type=\"application\/ld+json\" class=\"yoast-schema-graph\">{\"@context\":\"https:\\\/\\\/schema.org\",\"@graph\":[{\"@type\":\"WebPage\",\"@id\":\"https:\\\/\\\/plg-pllc.com\\\/faqs\\\/seat-belt-laws-effective-in-seattle\\\/\",\"url\":\"https:\\\/\\\/plg-pllc.com\\\/faqs\\\/seat-belt-laws-effective-in-seattle\\\/\",\"name\":\"Seat Belt Laws Effective|Seattle Personal Injury Law Firm\",\"isPartOf\":{\"@id\":\"https:\\\/\\\/plg-pllc.com\\\/#website\"},\"datePublished\":\"2010-09-21T19:37:32+00:00\",\"dateModified\":\"2026-03-24T22:22:03+00:00\",\"description\":\"Seat Belt Laws Effective|Seattle Personal Injury Law Firm: Premier Law Group helps you unlock the full compensation you deserve. No Fee Unless We Win.\",\"breadcrumb\":{\"@id\":\"https:\\\/\\\/plg-pllc.com\\\/faqs\\\/seat-belt-laws-effective-in-seattle\\\/#breadcrumb\"},\"inLanguage\":\"es\",\"potentialAction\":[{\"@type\":\"ReadAction\",\"target\":[\"https:\\\/\\\/plg-pllc.com\\\/faqs\\\/seat-belt-laws-effective-in-seattle\\\/\"]}]},{\"@type\":\"BreadcrumbList\",\"@id\":\"https:\\\/\\\/plg-pllc.com\\\/faqs\\\/seat-belt-laws-effective-in-seattle\\\/#breadcrumb\",\"itemListElement\":[{\"@type\":\"ListItem\",\"position\":1,\"name\":\"Home\",\"item\":\"https:\\\/\\\/plg-pllc.com\\\/es\\\/\"},{\"@type\":\"ListItem\",\"position\":2,\"name\":\"FAQs\",\"item\":\"https:\\\/\\\/plg-pllc.com\\\/es\\\/faqs\\\/\"},{\"@type\":\"ListItem\",\"position\":3,\"name\":\"Seat Belt Laws Effective|Seattle Personal Injury Law Firm\"}]},{\"@type\":\"WebSite\",\"@id\":\"https:\\\/\\\/plg-pllc.com\\\/#website\",\"url\":\"https:\\\/\\\/plg-pllc.com\\\/\",\"name\":\"Premier Law Group\",\"description\":\"Washington Wrongful Death and Serious Injury Lawyer\",\"publisher\":{\"@id\":\"https:\\\/\\\/plg-pllc.com\\\/#organization\"},\"inLanguage\":\"es\"},{\"@type\":\"Organization\",\"@id\":\"https:\\\/\\\/plg-pllc.com\\\/#organization\",\"name\":\"Premier Law Group\",\"url\":\"https:\\\/\\\/plg-pllc.com\\\/\",\"logo\":{\"@type\":\"ImageObject\",\"inLanguage\":\"es\",\"@id\":\"https:\\\/\\\/plg-pllc.com\\\/#\\\/schema\\\/logo\\\/image\\\/\",\"url\":\"https:\\\/\\\/plg-pllc.com\\\/wp-content\\\/uploads\\\/2020\\\/10\\\/plg-logo-v2.gif\",\"contentUrl\":\"https:\\\/\\\/plg-pllc.com\\\/wp-content\\\/uploads\\\/2020\\\/10\\\/plg-logo-v2.gif\",\"width\":592,\"height\":191,\"caption\":\"Premier Law Group\"},\"image\":{\"@id\":\"https:\\\/\\\/plg-pllc.com\\\/#\\\/schema\\\/logo\\\/image\\\/\"},\"sameAs\":[\"https:\\\/\\\/www.facebook.com\\\/premierlawgroup\",\"https:\\\/\\\/x.com\\\/premierlawgroup\"]}]}<\/script>\n<!-- \/ Yoast SEO plugin. -->","yoast_head_json":{"title":"Leyes sobre el uso del cintur\u00f3n de seguridad efectivas | Bufete de abogados especializado en lesiones personales de Seattle","description":"Leyes de uso del cintur\u00f3n de seguridad efectivas | Bufete de abogados especializado en lesiones personales de Seattle: Premier Law Group lo ayuda a obtener la compensaci\u00f3n total que se merece. Sin honorarios a menos que ganemos.","robots":{"index":"index","follow":"follow","max-snippet":"max-snippet:-1","max-image-preview":"max-image-preview:large","max-video-preview":"max-video-preview:-1"},"canonical":"https:\/\/plg-pllc.com\/es\/faqs\/seat-belt-laws-effective-in-seattle\/","og_locale":"es_MX","og_type":"article","og_title":"Seat Belt Laws Effective|Seattle Personal Injury Law Firm","og_description":"Seat Belt Laws Effective|Seattle Personal Injury Law Firm: Premier Law Group helps you unlock the full compensation you deserve. No Fee Unless We Win.","og_url":"https:\/\/plg-pllc.com\/es\/faqs\/seat-belt-laws-effective-in-seattle\/","og_site_name":"Premier Law Group","article_publisher":"https:\/\/www.facebook.com\/premierlawgroup","article_modified_time":"2026-03-24T22:22:03+00:00","twitter_card":"summary_large_image","twitter_site":"@premierlawgroup","twitter_misc":{"Tiempo de lectura":"2 minutos"},"schema":{"@context":"https:\/\/schema.org","@graph":[{"@type":"WebPage","@id":"https:\/\/plg-pllc.com\/faqs\/seat-belt-laws-effective-in-seattle\/","url":"https:\/\/plg-pllc.com\/faqs\/seat-belt-laws-effective-in-seattle\/","name":"Leyes sobre el uso del cintur\u00f3n de seguridad efectivas | Bufete de abogados especializado en lesiones personales de Seattle","isPartOf":{"@id":"https:\/\/plg-pllc.com\/#website"},"datePublished":"2010-09-21T19:37:32+00:00","dateModified":"2026-03-24T22:22:03+00:00","description":"Leyes de uso del cintur\u00f3n de seguridad efectivas | Bufete de abogados especializado en lesiones personales de Seattle: Premier Law Group lo ayuda a obtener la compensaci\u00f3n total que se merece. Sin honorarios a menos que ganemos.","breadcrumb":{"@id":"https:\/\/plg-pllc.com\/faqs\/seat-belt-laws-effective-in-seattle\/#breadcrumb"},"inLanguage":"es","potentialAction":[{"@type":"ReadAction","target":["https:\/\/plg-pllc.com\/faqs\/seat-belt-laws-effective-in-seattle\/"]}]},{"@type":"BreadcrumbList","@id":"https:\/\/plg-pllc.com\/faqs\/seat-belt-laws-effective-in-seattle\/#breadcrumb","itemListElement":[{"@type":"ListItem","position":1,"name":"Home","item":"https:\/\/plg-pllc.com\/es\/"},{"@type":"ListItem","position":2,"name":"FAQs","item":"https:\/\/plg-pllc.com\/es\/faqs\/"},{"@type":"ListItem","position":3,"name":"Seat Belt Laws Effective|Seattle Personal Injury Law Firm"}]},{"@type":"WebSite","@id":"https:\/\/plg-pllc.com\/#website","url":"https:\/\/plg-pllc.com\/","name":"Grupo de abogados Premier","description":"Abogado de muerte por negligencia y lesiones graves en Washington","publisher":{"@id":"https:\/\/plg-pllc.com\/#organization"},"inLanguage":"es"},{"@type":"Organization","@id":"https:\/\/plg-pllc.com\/#organization","name":"Grupo de abogados Premier","url":"https:\/\/plg-pllc.com\/","logo":{"@type":"ImageObject","inLanguage":"es","@id":"https:\/\/plg-pllc.com\/#\/schema\/logo\/image\/","url":"https:\/\/plg-pllc.com\/wp-content\/uploads\/2020\/10\/plg-logo-v2.gif","contentUrl":"https:\/\/plg-pllc.com\/wp-content\/uploads\/2020\/10\/plg-logo-v2.gif","width":592,"height":191,"caption":"Premier Law Group"},"image":{"@id":"https:\/\/plg-pllc.com\/#\/schema\/logo\/image\/"},"sameAs":["https:\/\/www.facebook.com\/premierlawgroup","https:\/\/x.com\/premierlawgroup"]}]}},"_links":{"self":[{"href":"https:\/\/plg-pllc.com\/es\/wp-json\/wp\/v2\/pages\/1242","targetHints":{"allow":["GET"]}}],"collection":[{"href":"https:\/\/plg-pllc.com\/es\/wp-json\/wp\/v2\/pages"}],"about":[{"href":"https:\/\/plg-pllc.com\/es\/wp-json\/wp\/v2\/types\/page"}],"author":[{"embeddable":true,"href":"https:\/\/plg-pllc.com\/es\/wp-json\/wp\/v2\/users\/2"}],"replies":[{"embeddable":true,"href":"https:\/\/plg-pllc.com\/es\/wp-json\/wp\/v2\/comments?post=1242"}],"version-history":[{"count":0,"href":"https:\/\/plg-pllc.com\/es\/wp-json\/wp\/v2\/pages\/1242\/revisions"}],"up":[{"embeddable":true,"href":"https:\/\/plg-pllc.com\/es\/wp-json\/wp\/v2\/pages\/20714"}],"wp:attachment":[{"href":"https:\/\/plg-pllc.com\/es\/wp-json\/wp\/v2\/media?parent=1242"}],"wp:term":[{"taxonomy":"hc_faqs","embeddable":true,"href":"https:\/\/plg-pllc.com\/es\/wp-json\/wp\/v2\/hc_faqs?post=1242"}],"curies":[{"name":"gracias","href":"https:\/\/api.w.org\/{rel}","templated":true}]}}