{"id":12440,"date":"2016-12-07T16:04:44","date_gmt":"2016-12-08T00:04:44","guid":{"rendered":"https:\/\/plgpllc.wpengine.com\/?p=12440"},"modified":"2024-11-07T04:12:17","modified_gmt":"2024-11-07T12:12:17","slug":"can-prepared-driving-snow-ice-seattle","status":"publish","type":"page","link":"https:\/\/plg-pllc.com\/es\/faqs\/how-can-you-be-prepared-driving-in-snow\/","title":{"rendered":"\u00bfC\u00f3mo puedes estar preparado para conducir en la nieve y el hielo en Seattle?"},"content":{"rendered":"<p><img loading=\"lazy\" decoding=\"async\" class=\"wp-image-16372 aligncenter\" src=\"https:\/\/plg-pllc.com\/wp-content\/uploads\/2016\/12\/Car-driving-on-a-snow-road-1-1024x548.jpg\" alt=\"coche circulando por una carretera nevada\" width=\"878\" height=\"470\" srcset=\"https:\/\/plg-pllc.com\/wp-content\/uploads\/2016\/12\/Car-driving-on-a-snow-road-1-1024x548.jpg 1024w, https:\/\/plg-pllc.com\/wp-content\/uploads\/2016\/12\/Car-driving-on-a-snow-road-1-640x343.jpg 640w, https:\/\/plg-pllc.com\/wp-content\/uploads\/2016\/12\/Car-driving-on-a-snow-road-1-1200x643.jpg 1200w, https:\/\/plg-pllc.com\/wp-content\/uploads\/2016\/12\/Car-driving-on-a-snow-road-1.jpg 1920w, https:\/\/plg-pllc.com\/wp-content\/uploads\/2016\/12\/Car-driving-on-a-snow-road-1-300x161.jpg 300w, https:\/\/plg-pllc.com\/wp-content\/uploads\/2016\/12\/Car-driving-on-a-snow-road-1-768x411.jpg 768w\" sizes=\"auto, (max-width: 878px) 100vw, 878px\" \/><\/p>\n<p style=\"text-align: justify;\">Como abogado especializado en lesiones personales en Seattle, s\u00e9 que conducir en nieve y hielo puede ser aterrador y peligroso. Aunque Seattle no tenga tanta nieve como otras ciudades de Washington, las nevadas no est\u00e1n descartadas.<br \/>\nLamentablemente, muchas de las personas con las que compartimos la carretera son malos conductores en invierno. Algunas personas prefieren evitar conducir en la nieve y el hielo por completo, lo cual es una buena decisi\u00f3n, o creen que saben c\u00f3mo hacerlo cuando en realidad no es as\u00ed.<\/p>\n<p style=\"text-align: justify;\">Es importante recordar que el hecho de que haya nieve o hielo en la carretera no significa que las normas de conducci\u00f3n o la ley deban suspenderse. Si chocas contra alguien debido a la nieve o el hielo, es casi seguro que ser\u00e1s responsable de ese accidente, porque todo conductor tiene el deber de mantener el control absoluto sobre su veh\u00edculo.<\/p>\n<p style=\"text-align: justify;\">Es por eso que en Premier Law Group escribimos algunos consejos b\u00e1sicos para mantenerte seguro si tienes que conducir en condiciones de nieve o hielo.<\/p>\n<p style=\"text-align: justify;\"><strong>1-Consulta informes de tr\u00e1fico y meteorol\u00f3gico:<\/strong> Puedes comprobarlo en \u00a0<a href=\"https:\/\/wsdot.com\/travel\/real-time\/\">wsdot.wa.gov\/trafico\/<\/a> para alertas y condiciones de la carretera antes de conducir.<\/p>\n<p style=\"text-align: justify;\"><strong>2-Reduce tu velocidad:<\/strong> Aunque se supone que este consejo es de sentido com\u00fan, todav\u00eda vemos a algunas personas que intentan ir a m\u00e1s de 80 km\/h en carreteras heladas o mojadas. \u00a1Mant\u00e9ngase alerta y deje suficiente espacio!<\/p>\n<p style=\"text-align: justify;\"><strong>3-Aumentar la distancia de seguimiento:<\/strong> Tenga en cuenta que las carreteras mojadas y heladas aumentar\u00e1n dr\u00e1sticamente la distancia de frenado. Sea extremadamente precavido: duplique la distancia normal entre usted y el otro veh\u00edculo.<\/p>\n<p style=\"text-align: justify;\"><strong>4-No frenes de golpe:<\/strong> Si siente que sus neum\u00e1ticos comienzan a patinar, no se asuste y frene a fondo. En lugar de detener su veh\u00edculo, como ya perdi\u00f3 tracci\u00f3n, bloquear\u00e1 las ruedas y empeorar\u00e1 las cosas. Si su autom\u00f3vil comienza a patinar, retire el pie del acelerador, frene suavemente, sostenga el volante y espere hasta que el autom\u00f3vil se detenga por s\u00ed solo.<\/p>\n<p style=\"text-align: justify;\"><strong>5-Revisa tus neum\u00e1ticos:<\/strong> Lo creas o no, los neum\u00e1ticos de invierno no son solo una cuesti\u00f3n de marketing. Si vives en una zona en la que nieva mucho, deber\u00edas considerar la posibilidad de comprar neum\u00e1ticos de invierno. Si no, aseg\u00farate de que tus neum\u00e1ticos habituales est\u00e9n inflados correctamente y tengan suficiente banda de rodadura.<\/p>\n<p style=\"text-align: justify;\">\u00bfCu\u00e1l es el nivel adecuado de la banda de rodadura?<br \/>\nEl requisito legal de la banda de rodadura es de 2\/32\u201d, lo que significa que debe tener m\u00e1s de 2\/32\u201d de espesor de banda de rodadura en su neum\u00e1tico.<br \/>\nPara carreteras con nieve o hielo, si la banda de rodadura baja a 6\/32\u201d, deber\u00e1 cambiar los neum\u00e1ticos.<br \/>\nConsulta nuestro art\u00edculo C\u00f3mo preparar tu veh\u00edculo para una tormenta de nieve si quieres m\u00e1s informaci\u00f3n.<\/p>\n<p style=\"text-align: justify;\"><strong>6-Est\u00e9 preparado:<\/strong> En caso de que te quedes atascado, debes mantener tu auto equipado con una manta, una linterna, un raspador de hielo, guantes y una bolsa de arena para gatos o arena para que puedas salir del atasco y darle a tu veh\u00edculo algo de tracci\u00f3n.<br \/>\nSi vas a viajar a zonas rurales, tambi\u00e9n puedes a\u00f1adir una botella de agua y algo de comida.<\/p>\n<p style=\"text-align: justify;\">Lamentablemente, estar preparado no es suficiente para prevenir accidentes. Vale la pena saber qu\u00e9 debe hacer si resulta herido en un accidente de tr\u00e1fico.<\/p>\n<p style=\"text-align: justify;\">No dude en consultar nuestra Gu\u00eda gratuita para residentes del estado de Washington:\u00a0<a href=\"https:\/\/plg-pllc.com\/books\/truth-about-washington-auto-accidents\/\"><em>La verdad sobre los accidentes automovil\u00edsticos en Washington<\/em><\/a>.<\/p>\n\n        <div class=\"rs-content-cta\">\n            <p>Llamar o enviar mensaje de texto <a href=\"tel:+12062851743\">(206) 285-1743<\/a> o complete un formulario de evaluaci\u00f3n de caso gratuito<\/p>\n            <a href=\"https:\/\/plg-pllc.com\/es\/contact-us\/\" title=\"OBTENGA UNA EVALUACI\u00d3N DE CASO GRATUITA\" class=\"btn-global\">OBTENGA UNA EVALUACI\u00d3N DE CASO GRATUITA<\/a>\n                    <picture>\n                            <source srcset=\"https:\/\/plg-pllc.com\/wp-content\/themes\/plg-pllc-redesign\/assets\/app\/img\/cta-thumb.webp\" type=\"image\/webp\"\/>\n                            <img src=\"https:\/\/plg-pllc.com\/wp-content\/themes\/plg-pllc-redesign\/assets\/app\/img\/cta-thumb.png\" alt=\"Grupo de abogados Premier\" title=\"Grupo de abogados Premier\" width=\"245\" height=\"220\" loading=\"auto\" fetchpriority=\"auto\" decoding=\"async\"\/>\n        <\/picture>\n        \n        <\/div>","protected":false},"excerpt":{"rendered":"<p>Como abogado especializado en lesiones personales en Seattle, s\u00e9 que conducir en nieve y hielo puede ser aterrador y peligroso. Aunque Seattle no tenga tanta nieve como otras ciudades de Washington, las nevadas no est\u00e1n descartadas. Desafortunadamente, muchas de las personas con las que compartimos la carretera son malos conductores en invierno. Algunas personas\u2026<\/p>","protected":false},"author":2,"featured_media":16372,"parent":20714,"menu_order":0,"comment_status":"closed","ping_status":"closed","template":"","meta":{"_acf_changed":false,"_genesis_hide_title":false,"_genesis_hide_breadcrumbs":false,"_genesis_hide_singular_image":false,"_genesis_hide_footer_widgets":false,"_genesis_custom_body_class":"","_genesis_custom_post_class":"","_genesis_layout":"","footnotes":""},"hc_faqs":[10344],"class_list":{"0":"post-12440","1":"page","2":"type-page","3":"status-publish","4":"has-post-thumbnail","6":"hc_faqs-car-accident","7":"entry"},"acf":[],"yoast_head":"<!-- This site is optimized with the Yoast SEO plugin v27.4 - https:\/\/yoast.com\/product\/yoast-seo-wordpress\/ -->\n<title>How can you be prepared for driving in the snow and ice in Seattle?<\/title>\n<meta name=\"description\" content=\"How can you be prepared for driving in the snow and ice in Seattle?: Premier Law Group helps you unlock the full compensation you deserve. No Fee Unless We Win.\" \/>\n<meta name=\"robots\" content=\"index, follow, max-snippet:-1, max-image-preview:large, max-video-preview:-1\" \/>\n<link rel=\"canonical\" href=\"https:\/\/plg-pllc.com\/es\/faqs\/how-can-you-be-prepared-driving-in-snow\/\" \/>\n<meta property=\"og:locale\" content=\"es_MX\" \/>\n<meta property=\"og:type\" content=\"article\" \/>\n<meta property=\"og:title\" content=\"How can you be prepared for driving in the snow and ice in Seattle?\" \/>\n<meta property=\"og:description\" content=\"How can you be prepared for driving in the snow and ice in Seattle?: Premier Law Group helps you unlock the full compensation you deserve. No Fee Unless We Win.\" \/>\n<meta property=\"og:url\" content=\"https:\/\/plg-pllc.com\/es\/faqs\/how-can-you-be-prepared-driving-in-snow\/\" \/>\n<meta property=\"og:site_name\" content=\"Premier Law Group\" \/>\n<meta property=\"article:publisher\" content=\"https:\/\/www.facebook.com\/premierlawgroup\" \/>\n<meta property=\"article:modified_time\" content=\"2024-11-07T12:12:17+00:00\" \/>\n<meta property=\"og:image\" content=\"https:\/\/plg-pllc.com\/wp-content\/uploads\/2016\/12\/Car-driving-on-a-snow-road-1.jpg\" \/>\n\t<meta property=\"og:image:width\" content=\"1920\" \/>\n\t<meta property=\"og:image:height\" content=\"1028\" \/>\n\t<meta property=\"og:image:type\" content=\"image\/jpeg\" \/>\n<meta name=\"twitter:card\" content=\"summary_large_image\" \/>\n<meta name=\"twitter:site\" content=\"@premierlawgroup\" \/>\n<meta name=\"twitter:label1\" content=\"Tiempo de lectura\" \/>\n\t<meta name=\"twitter:data1\" content=\"3 minutos\" \/>\n<script type=\"application\/ld+json\" class=\"yoast-schema-graph\">{\"@context\":\"https:\\\/\\\/schema.org\",\"@graph\":[{\"@type\":\"WebPage\",\"@id\":\"https:\\\/\\\/plg-pllc.com\\\/faqs\\\/how-can-you-be-prepared-driving-in-snow\\\/\",\"url\":\"https:\\\/\\\/plg-pllc.com\\\/faqs\\\/how-can-you-be-prepared-driving-in-snow\\\/\",\"name\":\"How can you be prepared for driving in the snow and ice in Seattle?\",\"isPartOf\":{\"@id\":\"https:\\\/\\\/plg-pllc.com\\\/#website\"},\"primaryImageOfPage\":{\"@id\":\"https:\\\/\\\/plg-pllc.com\\\/faqs\\\/how-can-you-be-prepared-driving-in-snow\\\/#primaryimage\"},\"image\":{\"@id\":\"https:\\\/\\\/plg-pllc.com\\\/faqs\\\/how-can-you-be-prepared-driving-in-snow\\\/#primaryimage\"},\"thumbnailUrl\":\"https:\\\/\\\/plg-pllc.com\\\/wp-content\\\/uploads\\\/2016\\\/12\\\/Car-driving-on-a-snow-road-1.jpg\",\"datePublished\":\"2016-12-08T00:04:44+00:00\",\"dateModified\":\"2024-11-07T12:12:17+00:00\",\"description\":\"How can you be prepared for driving in the snow and ice in Seattle?: Premier Law Group helps you unlock the full compensation you deserve. No Fee Unless We Win.\",\"breadcrumb\":{\"@id\":\"https:\\\/\\\/plg-pllc.com\\\/faqs\\\/how-can-you-be-prepared-driving-in-snow\\\/#breadcrumb\"},\"inLanguage\":\"es\",\"potentialAction\":[{\"@type\":\"ReadAction\",\"target\":[\"https:\\\/\\\/plg-pllc.com\\\/faqs\\\/how-can-you-be-prepared-driving-in-snow\\\/\"]}]},{\"@type\":\"ImageObject\",\"inLanguage\":\"es\",\"@id\":\"https:\\\/\\\/plg-pllc.com\\\/faqs\\\/how-can-you-be-prepared-driving-in-snow\\\/#primaryimage\",\"url\":\"https:\\\/\\\/plg-pllc.com\\\/wp-content\\\/uploads\\\/2016\\\/12\\\/Car-driving-on-a-snow-road-1.jpg\",\"contentUrl\":\"https:\\\/\\\/plg-pllc.com\\\/wp-content\\\/uploads\\\/2016\\\/12\\\/Car-driving-on-a-snow-road-1.jpg\",\"width\":1920,\"height\":1028,\"caption\":\"car driving on snowy road\"},{\"@type\":\"BreadcrumbList\",\"@id\":\"https:\\\/\\\/plg-pllc.com\\\/faqs\\\/how-can-you-be-prepared-driving-in-snow\\\/#breadcrumb\",\"itemListElement\":[{\"@type\":\"ListItem\",\"position\":1,\"name\":\"Home\",\"item\":\"https:\\\/\\\/plg-pllc.com\\\/es\\\/\"},{\"@type\":\"ListItem\",\"position\":2,\"name\":\"FAQs\",\"item\":\"https:\\\/\\\/plg-pllc.com\\\/es\\\/faqs\\\/\"},{\"@type\":\"ListItem\",\"position\":3,\"name\":\"How can you be prepared for driving in the snow and ice in Seattle?\"}]},{\"@type\":\"WebSite\",\"@id\":\"https:\\\/\\\/plg-pllc.com\\\/#website\",\"url\":\"https:\\\/\\\/plg-pllc.com\\\/\",\"name\":\"Premier Law Group\",\"description\":\"Washington Wrongful Death and Serious Injury Lawyer\",\"publisher\":{\"@id\":\"https:\\\/\\\/plg-pllc.com\\\/#organization\"},\"inLanguage\":\"es\"},{\"@type\":\"Organization\",\"@id\":\"https:\\\/\\\/plg-pllc.com\\\/#organization\",\"name\":\"Premier Law Group\",\"url\":\"https:\\\/\\\/plg-pllc.com\\\/\",\"logo\":{\"@type\":\"ImageObject\",\"inLanguage\":\"es\",\"@id\":\"https:\\\/\\\/plg-pllc.com\\\/#\\\/schema\\\/logo\\\/image\\\/\",\"url\":\"https:\\\/\\\/plg-pllc.com\\\/wp-content\\\/uploads\\\/2020\\\/10\\\/plg-logo-v2.gif\",\"contentUrl\":\"https:\\\/\\\/plg-pllc.com\\\/wp-content\\\/uploads\\\/2020\\\/10\\\/plg-logo-v2.gif\",\"width\":592,\"height\":191,\"caption\":\"Premier Law Group\"},\"image\":{\"@id\":\"https:\\\/\\\/plg-pllc.com\\\/#\\\/schema\\\/logo\\\/image\\\/\"},\"sameAs\":[\"https:\\\/\\\/www.facebook.com\\\/premierlawgroup\",\"https:\\\/\\\/x.com\\\/premierlawgroup\"]}]}<\/script>\n<!-- \/ Yoast SEO plugin. -->","yoast_head_json":{"title":"\u00bfC\u00f3mo puedes estar preparado para conducir en la nieve y el hielo en Seattle?","description":"\u00bfC\u00f3mo puede prepararse para conducir en la nieve y el hielo en Seattle?: Premier Law Group lo ayuda a obtener la compensaci\u00f3n total que merece. Sin cargo a menos que ganemos.","robots":{"index":"index","follow":"follow","max-snippet":"max-snippet:-1","max-image-preview":"max-image-preview:large","max-video-preview":"max-video-preview:-1"},"canonical":"https:\/\/plg-pllc.com\/es\/faqs\/how-can-you-be-prepared-driving-in-snow\/","og_locale":"es_MX","og_type":"article","og_title":"How can you be prepared for driving in the snow and ice in Seattle?","og_description":"How can you be prepared for driving in the snow and ice in Seattle?: Premier Law Group helps you unlock the full compensation you deserve. No Fee Unless We Win.","og_url":"https:\/\/plg-pllc.com\/es\/faqs\/how-can-you-be-prepared-driving-in-snow\/","og_site_name":"Premier Law Group","article_publisher":"https:\/\/www.facebook.com\/premierlawgroup","article_modified_time":"2024-11-07T12:12:17+00:00","og_image":[{"width":1920,"height":1028,"url":"https:\/\/plg-pllc.com\/wp-content\/uploads\/2016\/12\/Car-driving-on-a-snow-road-1.jpg","type":"image\/jpeg"}],"twitter_card":"summary_large_image","twitter_site":"@premierlawgroup","twitter_misc":{"Tiempo de lectura":"3 minutos"},"schema":{"@context":"https:\/\/schema.org","@graph":[{"@type":"WebPage","@id":"https:\/\/plg-pllc.com\/faqs\/how-can-you-be-prepared-driving-in-snow\/","url":"https:\/\/plg-pllc.com\/faqs\/how-can-you-be-prepared-driving-in-snow\/","name":"\u00bfC\u00f3mo puedes estar preparado para conducir en la nieve y el hielo en Seattle?","isPartOf":{"@id":"https:\/\/plg-pllc.com\/#website"},"primaryImageOfPage":{"@id":"https:\/\/plg-pllc.com\/faqs\/how-can-you-be-prepared-driving-in-snow\/#primaryimage"},"image":{"@id":"https:\/\/plg-pllc.com\/faqs\/how-can-you-be-prepared-driving-in-snow\/#primaryimage"},"thumbnailUrl":"https:\/\/plg-pllc.com\/wp-content\/uploads\/2016\/12\/Car-driving-on-a-snow-road-1.jpg","datePublished":"2016-12-08T00:04:44+00:00","dateModified":"2024-11-07T12:12:17+00:00","description":"\u00bfC\u00f3mo puede prepararse para conducir en la nieve y el hielo en Seattle?: Premier Law Group lo ayuda a obtener la compensaci\u00f3n total que merece. Sin cargo a menos que ganemos.","breadcrumb":{"@id":"https:\/\/plg-pllc.com\/faqs\/how-can-you-be-prepared-driving-in-snow\/#breadcrumb"},"inLanguage":"es","potentialAction":[{"@type":"ReadAction","target":["https:\/\/plg-pllc.com\/faqs\/how-can-you-be-prepared-driving-in-snow\/"]}]},{"@type":"ImageObject","inLanguage":"es","@id":"https:\/\/plg-pllc.com\/faqs\/how-can-you-be-prepared-driving-in-snow\/#primaryimage","url":"https:\/\/plg-pllc.com\/wp-content\/uploads\/2016\/12\/Car-driving-on-a-snow-road-1.jpg","contentUrl":"https:\/\/plg-pllc.com\/wp-content\/uploads\/2016\/12\/Car-driving-on-a-snow-road-1.jpg","width":1920,"height":1028,"caption":"car driving on snowy road"},{"@type":"BreadcrumbList","@id":"https:\/\/plg-pllc.com\/faqs\/how-can-you-be-prepared-driving-in-snow\/#breadcrumb","itemListElement":[{"@type":"ListItem","position":1,"name":"Home","item":"https:\/\/plg-pllc.com\/es\/"},{"@type":"ListItem","position":2,"name":"FAQs","item":"https:\/\/plg-pllc.com\/es\/faqs\/"},{"@type":"ListItem","position":3,"name":"How can you be prepared for driving in the snow and ice in Seattle?"}]},{"@type":"WebSite","@id":"https:\/\/plg-pllc.com\/#website","url":"https:\/\/plg-pllc.com\/","name":"Grupo de abogados Premier","description":"Abogado de muerte por negligencia y lesiones graves en Washington","publisher":{"@id":"https:\/\/plg-pllc.com\/#organization"},"inLanguage":"es"},{"@type":"Organization","@id":"https:\/\/plg-pllc.com\/#organization","name":"Grupo de abogados Premier","url":"https:\/\/plg-pllc.com\/","logo":{"@type":"ImageObject","inLanguage":"es","@id":"https:\/\/plg-pllc.com\/#\/schema\/logo\/image\/","url":"https:\/\/plg-pllc.com\/wp-content\/uploads\/2020\/10\/plg-logo-v2.gif","contentUrl":"https:\/\/plg-pllc.com\/wp-content\/uploads\/2020\/10\/plg-logo-v2.gif","width":592,"height":191,"caption":"Premier Law Group"},"image":{"@id":"https:\/\/plg-pllc.com\/#\/schema\/logo\/image\/"},"sameAs":["https:\/\/www.facebook.com\/premierlawgroup","https:\/\/x.com\/premierlawgroup"]}]}},"_links":{"self":[{"href":"https:\/\/plg-pllc.com\/es\/wp-json\/wp\/v2\/pages\/12440","targetHints":{"allow":["GET"]}}],"collection":[{"href":"https:\/\/plg-pllc.com\/es\/wp-json\/wp\/v2\/pages"}],"about":[{"href":"https:\/\/plg-pllc.com\/es\/wp-json\/wp\/v2\/types\/page"}],"author":[{"embeddable":true,"href":"https:\/\/plg-pllc.com\/es\/wp-json\/wp\/v2\/users\/2"}],"replies":[{"embeddable":true,"href":"https:\/\/plg-pllc.com\/es\/wp-json\/wp\/v2\/comments?post=12440"}],"version-history":[{"count":0,"href":"https:\/\/plg-pllc.com\/es\/wp-json\/wp\/v2\/pages\/12440\/revisions"}],"up":[{"embeddable":true,"href":"https:\/\/plg-pllc.com\/es\/wp-json\/wp\/v2\/pages\/20714"}],"wp:featuredmedia":[{"embeddable":true,"href":"https:\/\/plg-pllc.com\/es\/wp-json\/wp\/v2\/media\/16372"}],"wp:attachment":[{"href":"https:\/\/plg-pllc.com\/es\/wp-json\/wp\/v2\/media?parent=12440"}],"wp:term":[{"taxonomy":"hc_faqs","embeddable":true,"href":"https:\/\/plg-pllc.com\/es\/wp-json\/wp\/v2\/hc_faqs?post=12440"}],"curies":[{"name":"gracias","href":"https:\/\/api.w.org\/{rel}","templated":true}]}}