{"id":13189,"date":"2016-12-13T19:52:12","date_gmt":"2016-12-14T03:52:12","guid":{"rendered":"https:\/\/plg.wpengine.com\/?page_id=13189"},"modified":"2024-11-12T04:18:12","modified_gmt":"2024-11-12T12:18:12","slug":"about-us","status":"publish","type":"page","link":"https:\/\/plg-pllc.com\/es\/about-us\/","title":{"rendered":"Sobre nosotros"},"content":{"rendered":"<h2><span style=\"font-weight: 400;\">Perfil de la empresa de lesiones personales de Bellevue<\/span><\/h2>\n<p><span style=\"font-weight: 400;\">Premier Law Group es el principal bufete de abogados especializado en lesiones personales de Bellevue. Nuestros abogados especializados en lesiones personales se describen mejor como <\/span><b>Un equipo realista, dedicado a brindar un servicio al cliente excepcional, especializado en derecho de lesiones personales y comprometido con nuestras comunidades: garantizado.<\/b><span style=\"font-weight: 400;\"> Nuestro despacho de abogados cuenta con cuatro pilares, que podr\u00e1s conocer a continuaci\u00f3n.<\/span><\/p>\n<h3><b><i>1. Abogados de lesiones personales de Bellevue que ofrecen un servicio al cliente excepcional<\/i><\/b><\/h3>\n<p><span style=\"font-weight: 400;\">El primer pilar de Premier Law Group es un servicio al cliente excepcional. El servicio que brindamos es intencional y tiene como objetivo marcar una diferencia significativa para las personas que trabajan con nosotros. Siempre superamos las expectativas. Desde el momento en que <a href=\"tel:(206) 880-7416\">Cont\u00e1ctenos<\/a>Si no somos la opci\u00f3n adecuada, haremos todo lo posible para orientarlo en la direcci\u00f3n correcta. Nuestros abogados expertos en lesiones personales le dar\u00e1n una referencia u otro recurso. Por encima de todo, nuestros procesos incluyen una comunicaci\u00f3n clara y un seguimiento frecuente con los clientes. Gran parte de los <\/span><a href=\"https:\/\/plg-pllc.com\/client-reviews\/\"><span style=\"font-weight: 400;\">Comentarios que recibimos de los clientes<\/span><\/a><span style=\"font-weight: 400;\"> Se trata de qu\u00e9 tan bien y r\u00e1pidamente nos comunicamos con ellos. <\/span><b>Nuestro objetivo es la satisfacci\u00f3n del cliente 100% <\/b><span style=\"font-weight: 400;\">y, <a href=\"https:\/\/www.google.com\/maps\/uv?pb=!1s0x54906ea15b428049%3A0x539fa4b549f1a38f!3m1!7e115!4shttps%3A%2F%2Flh5.googleusercontent.com%2Fp%2FAF1QipPc6wt-iIxeAvpEQMuhPftleNMRFPzKS5FyeVHZ%3Dw255-h144-k-no!5spremier%20law%20group%20bellevue%20-%20Google%20Search!15sCgIgAQ&amp;imagekey=!1e10!2sAF1QipPc6wt-iIxeAvpEQMuhPftleNMRFPzKS5FyeVHZ&amp;hl=en&amp;sa=X&amp;ved=2ahUKEwjirMbb78PsAhVOqJ4KHYJ7AtMQoiowDXoECBMQAw\">seg\u00fan nuestras rese\u00f1as<\/a>Eso es lo que entregamos.<\/span><\/p>\n<h3><b><i>2. Somos personas reales que ayudan a personas reales<\/i><\/b><\/h3>\n<p><span style=\"font-weight: 400;\"><img loading=\"lazy\" decoding=\"async\" class=\"size-medium wp-image-16542 alignright\" src=\"https:\/\/plg-pllc.com\/wp-content\/uploads\/2019\/02\/attorney-kang-e1550268505344-300x185.jpg\" alt=\"El abogado Patrick J. Kang\" width=\"300\" height=\"185\" srcset=\"https:\/\/plg-pllc.com\/wp-content\/uploads\/2019\/02\/attorney-kang-e1550268505344-300x185.jpg 300w, https:\/\/plg-pllc.com\/wp-content\/uploads\/2019\/02\/attorney-kang-e1550268505344.jpg 600w\" sizes=\"auto, (max-width: 300px) 100vw, 300px\" \/>El segundo pilar de Premier Law Group son las personas reales. A lo largo de los a\u00f1os, los socios <\/span><span style=\"font-weight: 400;\">Patrick Kang<\/span><span style=\"font-weight: 400;\"> y <\/span><span style=\"font-weight: 400;\">Jason Epstein<\/span><span style=\"font-weight: 400;\"> Hemos creado intencionalmente un equipo aut\u00e9ntico de abogados y personal especializado en lesiones personales. Cultivar una cultura fresca y realista es importante para nuestro equipo. <strong>Lo m\u00e1s importante es que<\/strong><\/span><b>No hablamos <\/b><b><i>en<\/i><\/b><b> usted durante las consultas.<\/b> En cambio, hablamos <b><i>con<\/i><\/b><b> T\u00fa, porque asegurarnos de que entiendas todo es importante para nosotros.<\/b><span style=\"font-weight: 400;\"> No tenemos un sentido exagerado de la importancia personal, no somos personas pretenciosas y no nos resulta dif\u00edcil relacionarnos con los dem\u00e1s. En resumen, somos personas reales que ayudan a personas reales como usted con problemas reales.<\/span><\/p>\n<h3><b><i>3. Abogados de lesiones personales de Bellevue comprometidos con el servicio comunitario<\/i><\/b><\/h3>\n<p><span style=\"font-weight: 400;\"><img loading=\"lazy\" decoding=\"async\" class=\"wp-image-15639 alignleft\" src=\"https:\/\/plg-pllc.com\/wp-content\/uploads\/2017\/04\/PLG-Jason-Epstein-talked-to-kids-e1493157566879-225x300.jpg\" alt=\"Jason Epstein habl\u00f3 con los ni\u00f1os\" width=\"250\" height=\"333\" srcset=\"https:\/\/plg-pllc.com\/wp-content\/uploads\/2017\/04\/PLG-Jason-Epstein-talked-to-kids-e1493157566879-225x300.jpg 225w, https:\/\/plg-pllc.com\/wp-content\/uploads\/2017\/04\/PLG-Jason-Epstein-talked-to-kids-e1493157566879-640x853.jpg 640w, https:\/\/plg-pllc.com\/wp-content\/uploads\/2017\/04\/PLG-Jason-Epstein-talked-to-kids-e1493157566879-1024x1365.jpg 1024w, https:\/\/plg-pllc.com\/wp-content\/uploads\/2017\/04\/PLG-Jason-Epstein-talked-to-kids-e1493157566879-1200x1600.jpg 1200w, https:\/\/plg-pllc.com\/wp-content\/uploads\/2017\/04\/PLG-Jason-Epstein-talked-to-kids-e1493157566879-1920x2560.jpg 1920w, https:\/\/plg-pllc.com\/wp-content\/uploads\/2017\/04\/PLG-Jason-Epstein-talked-to-kids-e1493157566879-768x1024.jpg 768w\" sizes=\"auto, (max-width: 250px) 100vw, 250px\" \/>Adem\u00e1s, nuestros abogados especializados en lesiones personales tienen el deber de contribuir con nuestras comunidades. Organizamos una serie de campa\u00f1as comunitarias que incluyen: <\/span><span style=\"font-weight: 400;\">Maestro del mes<\/span><span style=\"font-weight: 400;\">, <\/span><a href=\"https:\/\/plg-pllc.com\/community-service\/teens-against-distracted-driving-tadd\/tadd\/\"><span style=\"font-weight: 400;\">Los adolescentes contra las distracciones al volante<\/span><\/a><span style=\"font-weight: 400;\">, <\/span><span style=\"font-weight: 400;\">Mochilas para ni\u00f1os<\/span><span style=\"font-weight: 400;\">, y el <\/span><a href=\"https:\/\/plg-pllc.com\/community-service\/teens-against-distracted-driving-tadd\/tadd\/\"><span style=\"font-weight: 400;\">Beca por conducci\u00f3n distra\u00edda<\/span><\/a><span style=\"font-weight: 400;\">Esta profunda<\/span><span style=\"font-weight: 400;\">\u00a0El compromiso con el servicio comunitario es tambi\u00e9n la raz\u00f3n por la que ofrecemos <\/span><a href=\"https:\/\/plg-pllc.com\/books\/\"><span style=\"font-weight: 400;\">recursos educativos gratuitos<\/span><\/a><span style=\"font-weight: 400;\"> Acerca de las leyes. Queremos que todas las personas que buscan ayuda legal sepan la verdad sobre sus opciones. <\/span><\/p>\n<p><b>\u201cCreemos en dejar el mundo en un lugar mejor del que lo encontramos\u201d. <span style=\"font-weight: 400;\">Esta cita expresa nuestros sentimientos y acciones en torno al servicio comunitario.<\/span><\/b><\/p>\n<h3><b><i>4. Especialistas en derecho de lesiones personales en Bellevue<\/i><\/b><\/h3>\n<p><span style=\"font-weight: 400;\">Todos los abogados de Premier Law Group tienen algo en com\u00fan: una especialidad en lesiones personales. Adem\u00e1s, contamos con amplias cualificaciones y experiencia en esta \u00e1rea de pr\u00e1ctica. Nuestra experiencia se puede apreciar mejor en nuestra trayectoria.<\/span><b>\u00a0de obtener <\/b><a href=\"https:\/\/plg-pllc.com\/case-results\/\"><b>Resultados excepcionales para los clientes<\/b><\/a><span style=\"font-weight: 400;\">Cada caso tiene diferentes factores y cada cliente tiene diferentes objetivos. Por lo tanto, tenemos en cuenta estos factores cuando evaluamos y acordamos tomar su caso. Tenemos reputaci\u00f3n de negociar acuerdos de alto valor y ganar en los tribunales. <\/span><span style=\"font-weight: 400;\">Ganador de premios<\/span><span style=\"font-weight: 400;\">, <\/span><a href=\"https:\/\/plg-pllc.com\/press-release\/\"><span style=\"font-weight: 400;\">reconocido por los medios<\/span><\/a><span style=\"font-weight: 400;\"> abogados, y <\/span><a href=\"https:\/\/plg-pllc.com\/books\/\"><span style=\"font-weight: 400;\">autores<\/span><\/a><span style=\"font-weight: 400;\">Tambi\u00e9n tenemos una reputaci\u00f3n \u00edntegra entre la comunidad jur\u00eddica, <\/span><a href=\"https:\/\/www.businesswire.com\/news\/home\/20110223007041\/en\/Seattle-Personal-Injury-Attorney-Author-Jason-Epstein\"><span style=\"font-weight: 400;\">medios de comunicaci\u00f3n<\/span><\/a><span style=\"font-weight: 400;\">, y el p\u00fablico en general.<\/span><\/p>\n<h2><b>Nuestra triple garant\u00eda<\/b><\/h2>\n<p><span style=\"font-weight: 400;\"><img loading=\"lazy\" decoding=\"async\" class=\"size-medium wp-image-17895 alignright\" src=\"https:\/\/plg-pllc.com\/wp-content\/uploads\/2020\/09\/Untitled-design-1-300x210.jpg\" alt=\"Triple Garant\u00eda Premier Law Group de Seattle |\" width=\"300\" height=\"210\" srcset=\"https:\/\/plg-pllc.com\/wp-content\/uploads\/2020\/09\/Untitled-design-1-300x210.jpg 300w, https:\/\/plg-pllc.com\/wp-content\/uploads\/2020\/09\/Untitled-design-1-250x175.jpg 250w, https:\/\/plg-pllc.com\/wp-content\/uploads\/2020\/09\/Untitled-design-1.jpg 500w\" sizes=\"auto, (max-width: 300px) 100vw, 300px\" \/>Como ya habr\u00e1s podido comprobar, nosotros <\/span><a href=\"https:\/\/plg-pllc.com\/about-us\/why-are-we-different\/\"><span style=\"font-weight: 400;\">Haz las cosas de manera diferente<\/span><\/a><span style=\"font-weight: 400;\"> en Premier Law Group. Una de las cosas que hacemos de manera diferente es ofrecer una garant\u00eda. Aunque la mayor\u00eda de los abogados y procuradores de lesiones personales dicen que no se puede ofrecer una garant\u00eda en esta profesi\u00f3n, no estamos de acuerdo. Por eso, <\/span><b>Somos el \u00fanico bufete de abogados especializado en lesiones en el estado de Washington que ofrece una triple garant\u00eda.<\/b><\/p>\n<p><span style=\"font-weight: 400;\">Prometemos tres cosas:<\/span><\/p>\n<ol>\n<li style=\"font-weight: 400;\"><span style=\"font-weight: 400;\">Cuando tu <a href=\"tel:(206) 880-7416\">Cont\u00e1ctenos<\/a> sobre su asunto de lesiones personales, <\/span><b>Hablar\u00e1s directamente con un abogado.<\/b><span style=\"font-weight: 400;\"> \u2013 no solo una recepcionista o especialista en admisi\u00f3n. Adem\u00e1s, seremos sinceros sobre <\/span><span style=\"font-weight: 400;\">si necesitas un abogado<\/span><span style=\"font-weight: 400;\"> para resolver su reclamaci\u00f3n.<\/span><\/li>\n<li style=\"font-weight: 400;\"><span style=\"font-weight: 400;\">Si decidimos trabajar juntos, <\/span><b>Brindaremos una experiencia de cliente \u201cPremier\u201d<\/b><span style=\"font-weight: 400;\">. Lo que significa que recibir\u00e1s un servicio personalizado y <\/span><a href=\"https:\/\/plg-pllc.com\/join-our-vip-program\/\"><span style=\"font-weight: 400;\">Trato VIP<\/span><\/a><span style=\"font-weight: 400;\">.<\/span><\/li>\n<li style=\"font-weight: 400;\"><span style=\"font-weight: 400;\">T\u00fa <\/span><b>No pagues ni un centavo a menos que ganemos<\/b><span style=\"font-weight: 400;\"> Tu caso. Ese es nuestro \u201c<\/span><a href=\"https:\/\/plg-pllc.com\/about-us\/zero-fee-guarantee\/\"><span style=\"font-weight: 400;\">Garant\u00eda de cero comisiones<\/span><\/a><span style=\"font-weight: 400;\">&quot;.<\/span><\/li>\n<\/ol>\n<h2><b><a href=\"tel:(206) 880-7416\">Llama a Premier Law Group<\/a> Hablar con un abogado hoy<\/b><\/h2>\n<p><span style=\"font-weight: 400;\">Si est\u00e1 listo para hablar con un abogado especializado en lesiones personales sobre su posible demanda, llame a Premier Law Group para programar una consulta inicial gratuita. Hablar\u00e1 directamente con un abogado calificado y, como m\u00ednimo, se informar\u00e1 mejor sobre sus opciones legales.<\/span><\/p>\n<p><b>Llamar <a href=\"tel:(206) 880-7416\">206.880.7416<\/a> Para programar una consulta inicial gratuita.<\/b><\/p>\n<p>Contamos con cuatro bufetes de abogados especializados en lesiones personales ubicados en Seattle, Bellevue, Renton y Federal Way. Por lo tanto, nuestro equipo est\u00e1 disponible para reunirse con usted en el \u00e1rea metropolitana de Seattle. \u00a1Est\u00e1 en buenas manos con el bufete de abogados especializado en lesiones personales m\u00e1s atento y agradable de Bellevue!<\/p>\n<h2><b>Lo que la gente dice sobre nuestros abogados de lesiones personales<\/b><\/h2>\n<p><i><span style=\"font-weight: 400;\">\u201cPremier Law Group me brind\u00f3 el mejor asesoramiento posible en todos los aspectos del caso, lo que dio como resultado un resultado mejor del que esperaba\u201d.<\/span><\/i><span style=\"font-weight: 400;\"> \u2013Chris Cochrane<\/span><\/p>\n<p><i><span style=\"font-weight: 400;\">\u201cMe mantuvieron informado y me trataron con el m\u00e1ximo respeto como cliente. \u00a1Te cuidar\u00e1n de inmediato!\u201d<\/span><\/i><span style=\"font-weight: 400;\"> \u2013Nicolette Xay<\/span><\/p>\n<p><i><span style=\"font-weight: 400;\">\u201cValoro la puntualidad de los correos electr\u00f3nicos y el poco esfuerzo que tuve que poner en el proceso\u201d.<\/span><\/i><span style=\"font-weight: 400;\"> \u2013Sarah T.<\/span><\/p>\n<p><i><span style=\"font-weight: 400;\">\u201cFueron muy minuciosos al explicarme todo. \u00a1Definitivamente velan por tus intereses!\u201d<\/span><\/i><span style=\"font-weight: 400;\"> \u2013Jesse Scott<\/span><\/p>\n<p><i><span style=\"font-weight: 400;\">\u201cMi abogado escuch\u00f3 tan bien que me puse a llorar. Me sent\u00ed escuchado. Fueron profesionales y amables. Todos fueron amigables y respetuosos\u201d.<\/span><\/i><span style=\"font-weight: 400;\"> \u2013Leri Langeberg<\/span><\/p>\n<h2><\/h2>\n<p>Vea m\u00e1s rese\u00f1as de nuestros clientes aqu\u00ed:<\/p>\n<p><a href=\"https:\/\/www.google.com\/maps\/place\/Premier+Law+Group,+PLLC\/@47.6232163,-122.1513454,15z\/data=!4m5!3m4!1s0x0:0x539fa4b549f1a38f!8m2!3d47.6232163!4d-122.1513454\"><img loading=\"lazy\" decoding=\"async\" class=\"alignnone size-medium wp-image-16315\" src=\"https:\/\/plg-pllc.com\/wp-content\/uploads\/2018\/09\/Google-Reviews-300x150.png\" alt=\"Rese\u00f1as de Google\" width=\"300\" height=\"150\" \/><\/a><\/p>","protected":false},"excerpt":{"rendered":"<p>Perfil de la firma de abogados de lesiones personales de Bellevue Premier Law Group es la firma de abogados de lesiones personales m\u00e1s importante de Bellevue. Nuestros abogados de lesiones personales se describen mejor como un equipo realista, dedicado a brindar un servicio al cliente excepcional, especializado en leyes de lesiones personales y comprometido con nuestras comunidades, garantizado. Nuestra firma de abogados tiene cuatro pilares, que puede conocer a continuaci\u00f3n. \u2026<\/p>","protected":false},"author":1,"featured_media":16099,"parent":0,"menu_order":0,"comment_status":"closed","ping_status":"closed","template":"page-about-our-firm.php","meta":{"_acf_changed":false,"_genesis_hide_title":false,"_genesis_hide_breadcrumbs":false,"_genesis_hide_singular_image":false,"_genesis_hide_footer_widgets":false,"_genesis_custom_body_class":"","_genesis_custom_post_class":"","_genesis_layout":"","footnotes":""},"hc_faqs":[],"class_list":{"0":"post-13189","1":"page","2":"type-page","3":"status-publish","4":"has-post-thumbnail","6":"entry"},"acf":[],"yoast_head":"<!-- This site is optimized with the Yoast SEO plugin v27.2 - https:\/\/yoast.com\/product\/yoast-seo-wordpress\/ -->\n<title>About Premier Law Group<\/title>\n<meta name=\"description\" content=\"Our personal injury lawyers have one thing on our minds \u2013 serving clients. Our Attorneys are here to serve YOU. Schedule a free consultation.\" \/>\n<meta name=\"robots\" content=\"index, follow, max-snippet:-1, max-image-preview:large, max-video-preview:-1\" \/>\n<link rel=\"canonical\" href=\"https:\/\/plg-pllc.com\/es\/about-us\/\" \/>\n<meta property=\"og:locale\" content=\"es_MX\" \/>\n<meta property=\"og:type\" content=\"article\" \/>\n<meta property=\"og:title\" content=\"About Premier Law Group\" \/>\n<meta property=\"og:description\" content=\"Our personal injury lawyers have one thing on our minds \u2013 serving clients. Our Attorneys are here to serve YOU. Schedule a free consultation.\" \/>\n<meta property=\"og:url\" content=\"https:\/\/plg-pllc.com\/es\/about-us\/\" \/>\n<meta property=\"og:site_name\" content=\"Premier Law Group\" \/>\n<meta property=\"article:publisher\" content=\"https:\/\/www.facebook.com\/premierlawgroup\" \/>\n<meta property=\"article:modified_time\" content=\"2024-11-12T12:18:12+00:00\" \/>\n<meta property=\"og:image\" content=\"https:\/\/plg-pllc.com\/wp-content\/uploads\/2018\/01\/lawyers-plg-bg800.jpg\" \/>\n\t<meta property=\"og:image:width\" content=\"800\" \/>\n\t<meta property=\"og:image:height\" content=\"511\" \/>\n\t<meta property=\"og:image:type\" content=\"image\/jpeg\" \/>\n<meta name=\"twitter:card\" content=\"summary_large_image\" \/>\n<meta name=\"twitter:site\" content=\"@premierlawgroup\" \/>\n<meta name=\"twitter:label1\" content=\"Tiempo de lectura\" \/>\n\t<meta name=\"twitter:data1\" content=\"5 minutos\" \/>\n<script type=\"application\/ld+json\" class=\"yoast-schema-graph\">{\"@context\":\"https:\/\/schema.org\",\"@graph\":[{\"@type\":\"WebPage\",\"@id\":\"https:\/\/plg-pllc.com\/about-us\/\",\"url\":\"https:\/\/plg-pllc.com\/about-us\/\",\"name\":\"About Premier Law Group\",\"isPartOf\":{\"@id\":\"https:\/\/plg-pllc.com\/#website\"},\"primaryImageOfPage\":{\"@id\":\"https:\/\/plg-pllc.com\/about-us\/#primaryimage\"},\"image\":{\"@id\":\"https:\/\/plg-pllc.com\/about-us\/#primaryimage\"},\"thumbnailUrl\":\"https:\/\/plg-pllc.com\/wp-content\/uploads\/2018\/01\/lawyers-plg-bg800.jpg\",\"datePublished\":\"2016-12-14T03:52:12+00:00\",\"dateModified\":\"2024-11-12T12:18:12+00:00\",\"description\":\"Our personal injury lawyers have one thing on our minds \u2013 serving clients. Our Attorneys are here to serve YOU. Schedule a free consultation.\",\"breadcrumb\":{\"@id\":\"https:\/\/plg-pllc.com\/about-us\/#breadcrumb\"},\"inLanguage\":\"es\",\"potentialAction\":[{\"@type\":\"ReadAction\",\"target\":[\"https:\/\/plg-pllc.com\/about-us\/\"]}]},{\"@type\":\"ImageObject\",\"inLanguage\":\"es\",\"@id\":\"https:\/\/plg-pllc.com\/about-us\/#primaryimage\",\"url\":\"https:\/\/plg-pllc.com\/wp-content\/uploads\/2018\/01\/lawyers-plg-bg800.jpg\",\"contentUrl\":\"https:\/\/plg-pllc.com\/wp-content\/uploads\/2018\/01\/lawyers-plg-bg800.jpg\",\"width\":800,\"height\":511,\"caption\":\"Diffuse Axonal Injury lawyers in Seattle Bellevue Renton and Federal Way\"},{\"@type\":\"BreadcrumbList\",\"@id\":\"https:\/\/plg-pllc.com\/about-us\/#breadcrumb\",\"itemListElement\":[{\"@type\":\"ListItem\",\"position\":1,\"name\":\"Home\",\"item\":\"https:\/\/plg-pllc.com\/es\/\"},{\"@type\":\"ListItem\",\"position\":2,\"name\":\"About Us\"}]},{\"@type\":\"WebSite\",\"@id\":\"https:\/\/plg-pllc.com\/#website\",\"url\":\"https:\/\/plg-pllc.com\/\",\"name\":\"Premier Law Group\",\"description\":\"Washington Wrongful Death and Serious Injury Lawyer\",\"publisher\":{\"@id\":\"https:\/\/plg-pllc.com\/#organization\"},\"inLanguage\":\"es\"},{\"@type\":\"Organization\",\"@id\":\"https:\/\/plg-pllc.com\/#organization\",\"name\":\"Premier Law Group\",\"url\":\"https:\/\/plg-pllc.com\/\",\"logo\":{\"@type\":\"ImageObject\",\"inLanguage\":\"es\",\"@id\":\"https:\/\/plg-pllc.com\/#\/schema\/logo\/image\/\",\"url\":\"https:\/\/plg-pllc.com\/wp-content\/uploads\/2020\/10\/plg-logo-v2.gif\",\"contentUrl\":\"https:\/\/plg-pllc.com\/wp-content\/uploads\/2020\/10\/plg-logo-v2.gif\",\"width\":592,\"height\":191,\"caption\":\"Premier Law Group\"},\"image\":{\"@id\":\"https:\/\/plg-pllc.com\/#\/schema\/logo\/image\/\"},\"sameAs\":[\"https:\/\/www.facebook.com\/premierlawgroup\",\"https:\/\/x.com\/premierlawgroup\"]}]}<\/script>\n<!-- \/ Yoast SEO plugin. -->","yoast_head_json":{"title":"Acerca de Premier Law Group","description":"Nuestros abogados especializados en lesiones personales tienen una sola cosa en mente: servir a los clientes. Nuestros abogados est\u00e1n aqu\u00ed para servirle a USTED. Programe una consulta gratuita.","robots":{"index":"index","follow":"follow","max-snippet":"max-snippet:-1","max-image-preview":"max-image-preview:large","max-video-preview":"max-video-preview:-1"},"canonical":"https:\/\/plg-pllc.com\/es\/about-us\/","og_locale":"es_MX","og_type":"article","og_title":"About Premier Law Group","og_description":"Our personal injury lawyers have one thing on our minds \u2013 serving clients. Our Attorneys are here to serve YOU. Schedule a free consultation.","og_url":"https:\/\/plg-pllc.com\/es\/about-us\/","og_site_name":"Premier Law Group","article_publisher":"https:\/\/www.facebook.com\/premierlawgroup","article_modified_time":"2024-11-12T12:18:12+00:00","og_image":[{"width":800,"height":511,"url":"https:\/\/plg-pllc.com\/wp-content\/uploads\/2018\/01\/lawyers-plg-bg800.jpg","type":"image\/jpeg"}],"twitter_card":"summary_large_image","twitter_site":"@premierlawgroup","twitter_misc":{"Tiempo de lectura":"5 minutos"},"schema":{"@context":"https:\/\/schema.org","@graph":[{"@type":"WebPage","@id":"https:\/\/plg-pllc.com\/about-us\/","url":"https:\/\/plg-pllc.com\/about-us\/","name":"Acerca de Premier Law Group","isPartOf":{"@id":"https:\/\/plg-pllc.com\/#website"},"primaryImageOfPage":{"@id":"https:\/\/plg-pllc.com\/about-us\/#primaryimage"},"image":{"@id":"https:\/\/plg-pllc.com\/about-us\/#primaryimage"},"thumbnailUrl":"https:\/\/plg-pllc.com\/wp-content\/uploads\/2018\/01\/lawyers-plg-bg800.jpg","datePublished":"2016-12-14T03:52:12+00:00","dateModified":"2024-11-12T12:18:12+00:00","description":"Nuestros abogados especializados en lesiones personales tienen una sola cosa en mente: servir a los clientes. Nuestros abogados est\u00e1n aqu\u00ed para servirle a USTED. Programe una consulta gratuita.","breadcrumb":{"@id":"https:\/\/plg-pllc.com\/about-us\/#breadcrumb"},"inLanguage":"es","potentialAction":[{"@type":"ReadAction","target":["https:\/\/plg-pllc.com\/about-us\/"]}]},{"@type":"ImageObject","inLanguage":"es","@id":"https:\/\/plg-pllc.com\/about-us\/#primaryimage","url":"https:\/\/plg-pllc.com\/wp-content\/uploads\/2018\/01\/lawyers-plg-bg800.jpg","contentUrl":"https:\/\/plg-pllc.com\/wp-content\/uploads\/2018\/01\/lawyers-plg-bg800.jpg","width":800,"height":511,"caption":"Diffuse Axonal Injury lawyers in Seattle Bellevue Renton and Federal Way"},{"@type":"BreadcrumbList","@id":"https:\/\/plg-pllc.com\/about-us\/#breadcrumb","itemListElement":[{"@type":"ListItem","position":1,"name":"Home","item":"https:\/\/plg-pllc.com\/es\/"},{"@type":"ListItem","position":2,"name":"About Us"}]},{"@type":"WebSite","@id":"https:\/\/plg-pllc.com\/#website","url":"https:\/\/plg-pllc.com\/","name":"Grupo de abogados Premier","description":"Abogado de muerte por negligencia y lesiones graves en Washington","publisher":{"@id":"https:\/\/plg-pllc.com\/#organization"},"inLanguage":"es"},{"@type":"Organization","@id":"https:\/\/plg-pllc.com\/#organization","name":"Grupo de abogados Premier","url":"https:\/\/plg-pllc.com\/","logo":{"@type":"ImageObject","inLanguage":"es","@id":"https:\/\/plg-pllc.com\/#\/schema\/logo\/image\/","url":"https:\/\/plg-pllc.com\/wp-content\/uploads\/2020\/10\/plg-logo-v2.gif","contentUrl":"https:\/\/plg-pllc.com\/wp-content\/uploads\/2020\/10\/plg-logo-v2.gif","width":592,"height":191,"caption":"Premier Law Group"},"image":{"@id":"https:\/\/plg-pllc.com\/#\/schema\/logo\/image\/"},"sameAs":["https:\/\/www.facebook.com\/premierlawgroup","https:\/\/x.com\/premierlawgroup"]}]}},"_links":{"self":[{"href":"https:\/\/plg-pllc.com\/es\/wp-json\/wp\/v2\/pages\/13189","targetHints":{"allow":["GET"]}}],"collection":[{"href":"https:\/\/plg-pllc.com\/es\/wp-json\/wp\/v2\/pages"}],"about":[{"href":"https:\/\/plg-pllc.com\/es\/wp-json\/wp\/v2\/types\/page"}],"author":[{"embeddable":true,"href":"https:\/\/plg-pllc.com\/es\/wp-json\/wp\/v2\/users\/1"}],"replies":[{"embeddable":true,"href":"https:\/\/plg-pllc.com\/es\/wp-json\/wp\/v2\/comments?post=13189"}],"version-history":[{"count":0,"href":"https:\/\/plg-pllc.com\/es\/wp-json\/wp\/v2\/pages\/13189\/revisions"}],"wp:featuredmedia":[{"embeddable":true,"href":"https:\/\/plg-pllc.com\/es\/wp-json\/wp\/v2\/media\/16099"}],"wp:attachment":[{"href":"https:\/\/plg-pllc.com\/es\/wp-json\/wp\/v2\/media?parent=13189"}],"wp:term":[{"taxonomy":"hc_faqs","embeddable":true,"href":"https:\/\/plg-pllc.com\/es\/wp-json\/wp\/v2\/hc_faqs?post=13189"}],"curies":[{"name":"gracias","href":"https:\/\/api.w.org\/{rel}","templated":true}]}}