{"id":13209,"date":"2016-12-13T19:53:37","date_gmt":"2016-12-14T03:53:37","guid":{"rendered":"https:\/\/plg.wpengine.com\/?page_id=13209"},"modified":"2025-02-14T14:17:28","modified_gmt":"2025-02-14T22:17:28","slug":"contact","status":"publish","type":"page","link":"https:\/\/plg-pllc.com\/es\/contact-us\/","title":{"rendered":"Te damos respuestas. Te conseguimos justicia."},"content":{"rendered":"<p>Con m\u00e1s de <strong>18 a\u00f1os en la pr\u00e1ctica<\/strong>Hemos trabajado en cientos de casos de accidentes automovil\u00edsticos, lesiones personales y muerte por negligencia en <a href=\"https:\/\/plg-pllc.com\/seattle\/personal-injury-lawyer\/\">Seattle<\/a>, <a href=\"https:\/\/plg-pllc.com\/\">Bellevue<\/a>, <a href=\"https:\/\/plg-pllc.com\/federal-way\/personal-injury-lawyer\/\">Camino federal<\/a>, <a href=\"https:\/\/plg-pllc.com\/renton\/personal-injury-lawyer\/\">Rent\u00f3n<\/a> y en todo el condado de King. Nuestra experiencia nos califica de manera \u00fanica para ayudarlo a navegar por los entresijos de los sistemas legales y de seguros.<\/p>\r\n<p>Tenga en cuenta que no somos su representaci\u00f3n legal hasta que se firme un acuerdo de honorarios de contingencia con uno de nuestros abogados. <strong>Para discutir su caso, llame al 206-285-1743 o cont\u00e1ctenos completando nuestro formulario en l\u00ednea.<\/strong><div class=\"\"><div class='_form_2'><\/div><script type='text\/javascript' src='https:\/\/premierlawgroup.activehosted.com\/f\/embed.php?static=0&id=2&69EB68144B429&nostyles=1&preview=0'><\/script><\/div><\/p>\r\n<div class=\"\"><div class='_form_2'><\/div><script type='text\/javascript' src='https:\/\/premierlawgroup.activehosted.com\/f\/embed.php?static=0&id=2&69EB68144B470&nostyles=1&preview=0'><\/script><\/div>","protected":false},"excerpt":{"rendered":"<p>Con m\u00e1s de 18 a\u00f1os de experiencia, hemos trabajado en cientos de casos de accidentes de veh\u00edculos, lesiones personales y muerte por negligencia en Seattle, Bellevue, Federal Way, Renton y en todo el condado de King. Nuestra experiencia nos califica de manera \u00fanica para ayudarlo a navegar por los entresijos de los sistemas legales y de seguros. Tenga en cuenta que\u2026<\/p>","protected":false},"author":1,"featured_media":13770,"parent":0,"menu_order":0,"comment_status":"closed","ping_status":"closed","template":"page-contact-us.php","meta":{"_acf_changed":false,"_genesis_hide_title":false,"_genesis_hide_breadcrumbs":false,"_genesis_hide_singular_image":false,"_genesis_hide_footer_widgets":false,"_genesis_custom_body_class":"","_genesis_custom_post_class":"","_genesis_layout":"","footnotes":""},"hc_faqs":[],"class_list":{"0":"post-13209","1":"page","2":"type-page","3":"status-publish","4":"has-post-thumbnail","6":"entry"},"acf":[],"yoast_head":"<!-- This site is optimized with the Yoast SEO plugin v27.4 - https:\/\/yoast.com\/product\/yoast-seo-wordpress\/ -->\n<title>Contact Premier Law Group<\/title>\n<meta name=\"description\" content=\"Contact Us - We strive to provide the best possible legal representation to individuals throughout Washington State.\" \/>\n<meta name=\"robots\" content=\"index, follow, max-snippet:-1, max-image-preview:large, max-video-preview:-1\" \/>\n<link rel=\"canonical\" href=\"https:\/\/plg-pllc.com\/es\/contact-us\/\" \/>\n<meta property=\"og:locale\" content=\"es_MX\" \/>\n<meta property=\"og:type\" content=\"article\" \/>\n<meta property=\"og:title\" content=\"Contact Premier Law Group\" \/>\n<meta property=\"og:description\" content=\"Contact Us - We strive to provide the best possible legal representation to individuals throughout Washington State.\" \/>\n<meta property=\"og:url\" content=\"https:\/\/plg-pllc.com\/es\/contact-us\/\" \/>\n<meta property=\"og:site_name\" content=\"Premier Law Group\" \/>\n<meta property=\"article:publisher\" content=\"https:\/\/www.facebook.com\/premierlawgroup\" \/>\n<meta property=\"article:modified_time\" content=\"2025-02-14T22:17:28+00:00\" \/>\n<meta property=\"og:image\" content=\"https:\/\/plg-pllc.com\/wp-content\/uploads\/2016\/12\/contact-plg.jpg\" \/>\n\t<meta property=\"og:image:width\" content=\"747\" \/>\n\t<meta property=\"og:image:height\" content=\"887\" \/>\n\t<meta property=\"og:image:type\" content=\"image\/jpeg\" \/>\n<meta name=\"twitter:card\" content=\"summary_large_image\" \/>\n<meta name=\"twitter:site\" content=\"@premierlawgroup\" \/>\n<meta name=\"twitter:label1\" content=\"Tiempo de lectura\" \/>\n\t<meta name=\"twitter:data1\" content=\"1 minuto\" \/>\n<script type=\"application\/ld+json\" class=\"yoast-schema-graph\">{\"@context\":\"https:\\\/\\\/schema.org\",\"@graph\":[{\"@type\":\"WebPage\",\"@id\":\"https:\\\/\\\/plg-pllc.com\\\/contact-us\\\/\",\"url\":\"https:\\\/\\\/plg-pllc.com\\\/contact-us\\\/\",\"name\":\"Contact Premier Law Group\",\"isPartOf\":{\"@id\":\"https:\\\/\\\/plg-pllc.com\\\/#website\"},\"primaryImageOfPage\":{\"@id\":\"https:\\\/\\\/plg-pllc.com\\\/contact-us\\\/#primaryimage\"},\"image\":{\"@id\":\"https:\\\/\\\/plg-pllc.com\\\/contact-us\\\/#primaryimage\"},\"thumbnailUrl\":\"https:\\\/\\\/plg-pllc.com\\\/wp-content\\\/uploads\\\/2016\\\/12\\\/contact-plg.jpg\",\"datePublished\":\"2016-12-14T03:53:37+00:00\",\"dateModified\":\"2025-02-14T22:17:28+00:00\",\"description\":\"Contact Us - We strive to provide the best possible legal representation to individuals throughout Washington State.\",\"breadcrumb\":{\"@id\":\"https:\\\/\\\/plg-pllc.com\\\/contact-us\\\/#breadcrumb\"},\"inLanguage\":\"es\",\"potentialAction\":[{\"@type\":\"ReadAction\",\"target\":[\"https:\\\/\\\/plg-pllc.com\\\/contact-us\\\/\"]}]},{\"@type\":\"ImageObject\",\"inLanguage\":\"es\",\"@id\":\"https:\\\/\\\/plg-pllc.com\\\/contact-us\\\/#primaryimage\",\"url\":\"https:\\\/\\\/plg-pllc.com\\\/wp-content\\\/uploads\\\/2016\\\/12\\\/contact-plg.jpg\",\"contentUrl\":\"https:\\\/\\\/plg-pllc.com\\\/wp-content\\\/uploads\\\/2016\\\/12\\\/contact-plg.jpg\",\"width\":747,\"height\":887,\"caption\":\"Contact Us\"},{\"@type\":\"BreadcrumbList\",\"@id\":\"https:\\\/\\\/plg-pllc.com\\\/contact-us\\\/#breadcrumb\",\"itemListElement\":[{\"@type\":\"ListItem\",\"position\":1,\"name\":\"Home\",\"item\":\"https:\\\/\\\/plg-pllc.com\\\/es\\\/\"},{\"@type\":\"ListItem\",\"position\":2,\"name\":\"Giving You Answers. Getting You Justice.\"}]},{\"@type\":\"WebSite\",\"@id\":\"https:\\\/\\\/plg-pllc.com\\\/#website\",\"url\":\"https:\\\/\\\/plg-pllc.com\\\/\",\"name\":\"Premier Law Group\",\"description\":\"Washington Wrongful Death and Serious Injury Lawyer\",\"publisher\":{\"@id\":\"https:\\\/\\\/plg-pllc.com\\\/#organization\"},\"inLanguage\":\"es\"},{\"@type\":\"Organization\",\"@id\":\"https:\\\/\\\/plg-pllc.com\\\/#organization\",\"name\":\"Premier Law Group\",\"url\":\"https:\\\/\\\/plg-pllc.com\\\/\",\"logo\":{\"@type\":\"ImageObject\",\"inLanguage\":\"es\",\"@id\":\"https:\\\/\\\/plg-pllc.com\\\/#\\\/schema\\\/logo\\\/image\\\/\",\"url\":\"https:\\\/\\\/plg-pllc.com\\\/wp-content\\\/uploads\\\/2020\\\/10\\\/plg-logo-v2.gif\",\"contentUrl\":\"https:\\\/\\\/plg-pllc.com\\\/wp-content\\\/uploads\\\/2020\\\/10\\\/plg-logo-v2.gif\",\"width\":592,\"height\":191,\"caption\":\"Premier Law Group\"},\"image\":{\"@id\":\"https:\\\/\\\/plg-pllc.com\\\/#\\\/schema\\\/logo\\\/image\\\/\"},\"sameAs\":[\"https:\\\/\\\/www.facebook.com\\\/premierlawgroup\",\"https:\\\/\\\/x.com\\\/premierlawgroup\"]}]}<\/script>\n<!-- \/ Yoast SEO plugin. -->","yoast_head_json":{"title":"Comun\u00edquese con Premier Law Group","description":"Cont\u00e1ctenos: Nos esforzamos por brindar la mejor representaci\u00f3n legal posible a personas en todo el estado de Washington.","robots":{"index":"index","follow":"follow","max-snippet":"max-snippet:-1","max-image-preview":"max-image-preview:large","max-video-preview":"max-video-preview:-1"},"canonical":"https:\/\/plg-pllc.com\/es\/contact-us\/","og_locale":"es_MX","og_type":"article","og_title":"Contact Premier Law Group","og_description":"Contact Us - We strive to provide the best possible legal representation to individuals throughout Washington State.","og_url":"https:\/\/plg-pllc.com\/es\/contact-us\/","og_site_name":"Premier Law Group","article_publisher":"https:\/\/www.facebook.com\/premierlawgroup","article_modified_time":"2025-02-14T22:17:28+00:00","og_image":[{"width":747,"height":887,"url":"https:\/\/plg-pllc.com\/wp-content\/uploads\/2016\/12\/contact-plg.jpg","type":"image\/jpeg"}],"twitter_card":"summary_large_image","twitter_site":"@premierlawgroup","twitter_misc":{"Tiempo de lectura":"1 minuto"},"schema":{"@context":"https:\/\/schema.org","@graph":[{"@type":"WebPage","@id":"https:\/\/plg-pllc.com\/contact-us\/","url":"https:\/\/plg-pllc.com\/contact-us\/","name":"Comun\u00edquese con Premier Law Group","isPartOf":{"@id":"https:\/\/plg-pllc.com\/#website"},"primaryImageOfPage":{"@id":"https:\/\/plg-pllc.com\/contact-us\/#primaryimage"},"image":{"@id":"https:\/\/plg-pllc.com\/contact-us\/#primaryimage"},"thumbnailUrl":"https:\/\/plg-pllc.com\/wp-content\/uploads\/2016\/12\/contact-plg.jpg","datePublished":"2016-12-14T03:53:37+00:00","dateModified":"2025-02-14T22:17:28+00:00","description":"Cont\u00e1ctenos: Nos esforzamos por brindar la mejor representaci\u00f3n legal posible a personas en todo el estado de Washington.","breadcrumb":{"@id":"https:\/\/plg-pllc.com\/contact-us\/#breadcrumb"},"inLanguage":"es","potentialAction":[{"@type":"ReadAction","target":["https:\/\/plg-pllc.com\/contact-us\/"]}]},{"@type":"ImageObject","inLanguage":"es","@id":"https:\/\/plg-pllc.com\/contact-us\/#primaryimage","url":"https:\/\/plg-pllc.com\/wp-content\/uploads\/2016\/12\/contact-plg.jpg","contentUrl":"https:\/\/plg-pllc.com\/wp-content\/uploads\/2016\/12\/contact-plg.jpg","width":747,"height":887,"caption":"Contact Us"},{"@type":"BreadcrumbList","@id":"https:\/\/plg-pllc.com\/contact-us\/#breadcrumb","itemListElement":[{"@type":"ListItem","position":1,"name":"Home","item":"https:\/\/plg-pllc.com\/es\/"},{"@type":"ListItem","position":2,"name":"Giving You Answers. Getting You Justice."}]},{"@type":"WebSite","@id":"https:\/\/plg-pllc.com\/#website","url":"https:\/\/plg-pllc.com\/","name":"Grupo de abogados Premier","description":"Abogado de muerte por negligencia y lesiones graves en Washington","publisher":{"@id":"https:\/\/plg-pllc.com\/#organization"},"inLanguage":"es"},{"@type":"Organization","@id":"https:\/\/plg-pllc.com\/#organization","name":"Grupo de abogados Premier","url":"https:\/\/plg-pllc.com\/","logo":{"@type":"ImageObject","inLanguage":"es","@id":"https:\/\/plg-pllc.com\/#\/schema\/logo\/image\/","url":"https:\/\/plg-pllc.com\/wp-content\/uploads\/2020\/10\/plg-logo-v2.gif","contentUrl":"https:\/\/plg-pllc.com\/wp-content\/uploads\/2020\/10\/plg-logo-v2.gif","width":592,"height":191,"caption":"Premier Law Group"},"image":{"@id":"https:\/\/plg-pllc.com\/#\/schema\/logo\/image\/"},"sameAs":["https:\/\/www.facebook.com\/premierlawgroup","https:\/\/x.com\/premierlawgroup"]}]}},"_links":{"self":[{"href":"https:\/\/plg-pllc.com\/es\/wp-json\/wp\/v2\/pages\/13209","targetHints":{"allow":["GET"]}}],"collection":[{"href":"https:\/\/plg-pllc.com\/es\/wp-json\/wp\/v2\/pages"}],"about":[{"href":"https:\/\/plg-pllc.com\/es\/wp-json\/wp\/v2\/types\/page"}],"author":[{"embeddable":true,"href":"https:\/\/plg-pllc.com\/es\/wp-json\/wp\/v2\/users\/1"}],"replies":[{"embeddable":true,"href":"https:\/\/plg-pllc.com\/es\/wp-json\/wp\/v2\/comments?post=13209"}],"version-history":[{"count":0,"href":"https:\/\/plg-pllc.com\/es\/wp-json\/wp\/v2\/pages\/13209\/revisions"}],"wp:featuredmedia":[{"embeddable":true,"href":"https:\/\/plg-pllc.com\/es\/wp-json\/wp\/v2\/media\/13770"}],"wp:attachment":[{"href":"https:\/\/plg-pllc.com\/es\/wp-json\/wp\/v2\/media?parent=13209"}],"wp:term":[{"taxonomy":"hc_faqs","embeddable":true,"href":"https:\/\/plg-pllc.com\/es\/wp-json\/wp\/v2\/hc_faqs?post=13209"}],"curies":[{"name":"gracias","href":"https:\/\/api.w.org\/{rel}","templated":true}]}}