{"id":1468,"date":"2010-10-18T17:10:35","date_gmt":"2010-10-19T00:10:35","guid":{"rendered":"https:\/\/plg-pllc.com\/"},"modified":"2025-07-25T11:32:47","modified_gmt":"2025-07-25T18:32:47","slug":"why-do-i-need-an-attorney-if-i-have-been-in-an-accident","status":"publish","type":"page","link":"https:\/\/plg-pllc.com\/es\/faqs\/why-do-i-need-an-attorney-if-i-have-been-in-an-accident\/","title":{"rendered":"\u00bfPor qu\u00e9 necesito un abogado si he sufrido un accidente?"},"content":{"rendered":"<p>Hay varias razones para contratar un abogado cuando se ve involucrado en un accidente:<\/p>\n<p>1. Obtener una indemnizaci\u00f3n por lesiones es un proceso legal complicado, que requiere la experiencia y los conocimientos de un abogado especializado en lesiones altamente capacitado. Muchas reglas y estrategias requieren a\u00f1os de aprendizaje y adquisici\u00f3n por parte de un abogado. Por lo tanto, siempre hable con un abogado antes de intentar manejar su caso legal por su cuenta. Su indemnizaci\u00f3n generalmente ser\u00e1 sustancialmente mayor, incluso despu\u00e9s de deducir todos los costos y honorarios en los que incurra al contratar representaci\u00f3n legal.<\/p>\n<p>2. Cuando tiene un abogado, puede buscar tratamiento m\u00e9dico para sus lesiones a trav\u00e9s de los m\u00e9dicos m\u00e1s competentes sin costo inicial en la mayor\u00eda de los casos. Saber que un abogado se ha hecho cargo de su caso le dar\u00e1 a los m\u00e9dicos la seguridad de que sus facturas ser\u00e1n pagadas una vez que se resuelva el caso. Esto es especialmente importante para aquellos que no tienen PIP (protecci\u00f3n contra lesiones personales) o seguro m\u00e9dico y no pueden pagar el costo del tratamiento m\u00e9dico necesario.<\/p>\n<p>3. Solo un abogado con experiencia puede evaluar el valor de su caso despu\u00e9s de conocer la naturaleza y el alcance de sus lesiones, el valor de su reclamaci\u00f3n por dolor y sufrimiento y el costo del tratamiento y la rehabilitaci\u00f3n futuros. Es probable que, sin un abogado, llegue a un acuerdo por mucho menos de lo que realmente vale su caso.<\/p>\n<p>4. Lo m\u00e1s importante es que necesita un abogado porque la compa\u00f1\u00eda de seguros le ofrecer\u00e1 muy poco dinero por su lesi\u00f3n. S\u00f3lo un abogado competente, agresivo y con experiencia tiene los medios, el conocimiento y la capacidad para demandar a las compa\u00f1\u00edas de seguros y obligarlas a que le den el acuerdo adecuado al que usted tiene derecho. Las compa\u00f1\u00edas de seguros tienen el deber de proteger y defender a sus propios asegurados (la persona que caus\u00f3 el accidente). No importa lo amigables que parezcan, los representantes de la compa\u00f1\u00eda de seguros no son sus amigos. Tienen el deber de actuar en el mejor inter\u00e9s de sus accionistas ahorr\u00e1ndoles dinero. Necesita a alguien de su lado que tenga en mente su mejor inter\u00e9s.<\/p>\n<p>5. Por \u00faltimo, cuando tienes un abogado, no tienes que lidiar con los problemas, el papeleo, los dolores de cabeza y las preocupaciones que conlleva tratar con las compa\u00f1\u00edas de seguros. Simplemente te relajas sabiendo que un abogado experimentado que tiene en mente tus mejores intereses se ocupar\u00e1 de tu caso y se ocupar\u00e1 de los dolores de cabeza.<\/p>\n\n        <div class=\"rs-content-cta\">\n            <p>Llamar o enviar mensaje de texto <a href=\"tel:+12062851743\">(206) 285-1743<\/a> o complete un formulario de evaluaci\u00f3n de caso gratuito<\/p>\n            <a href=\"https:\/\/plg-pllc.com\/es\/contact-us\/\" title=\"OBTENGA UNA EVALUACI\u00d3N DE CASO GRATUITA\" class=\"btn-global\">OBTENGA UNA EVALUACI\u00d3N DE CASO GRATUITA<\/a>\n                    <picture>\n                            <source srcset=\"https:\/\/plg-pllc.com\/wp-content\/themes\/plg-pllc-redesign\/assets\/app\/img\/cta-thumb.webp\" type=\"image\/webp\"\/>\n                            <img src=\"https:\/\/plg-pllc.com\/wp-content\/themes\/plg-pllc-redesign\/assets\/app\/img\/cta-thumb.png\" alt=\"Grupo de abogados Premier\" title=\"Grupo de abogados Premier\" width=\"245\" height=\"220\" loading=\"auto\" fetchpriority=\"auto\" decoding=\"async\"\/>\n        <\/picture>\n        \n        <\/div>","protected":false},"excerpt":{"rendered":"<p>Existen varias razones para contratar a un abogado cuando se sufre un accidente: 1. Obtener una indemnizaci\u00f3n por lesiones es un proceso legal complicado, que requiere la experiencia y los conocimientos de un abogado especializado en lesiones altamente capacitado. Muchas reglas y estrategias requieren a\u00f1os de aprendizaje y adquisici\u00f3n por parte de un abogado. Por lo tanto, siempre hable con un abogado antes de\u2026<\/p>","protected":false},"author":2,"featured_media":13765,"parent":20714,"menu_order":17,"comment_status":"closed","ping_status":"closed","template":"","meta":{"_acf_changed":false,"_genesis_hide_title":false,"_genesis_hide_breadcrumbs":false,"_genesis_hide_singular_image":false,"_genesis_hide_footer_widgets":false,"_genesis_custom_body_class":"","_genesis_custom_post_class":"","_genesis_layout":"","footnotes":""},"hc_faqs":[10354],"class_list":{"0":"post-1468","1":"page","2":"type-page","3":"status-publish","4":"has-post-thumbnail","6":"hc_faqs-personal-injury","7":"entry"},"acf":[],"yoast_head":"<!-- This site is optimized with the Yoast SEO plugin v27.4 - https:\/\/yoast.com\/product\/yoast-seo-wordpress\/ -->\n<title>Why do I need an Attorney If I Have Been In an Accident?<\/title>\n<meta name=\"description\" content=\"Why do I need an Attorney If I Have Been In an Accident?: Premier Law Group helps you unlock the full compensation you deserve. No Fee Unless We Win.\" \/>\n<meta name=\"robots\" content=\"index, follow, max-snippet:-1, max-image-preview:large, max-video-preview:-1\" \/>\n<link rel=\"canonical\" href=\"https:\/\/plg-pllc.com\/es\/faqs\/why-do-i-need-an-attorney-if-i-have-been-in-an-accident\/\" \/>\n<meta property=\"og:locale\" content=\"es_MX\" \/>\n<meta property=\"og:type\" content=\"article\" \/>\n<meta property=\"og:title\" content=\"Why do I need an Attorney If I Have Been In an Accident?\" \/>\n<meta property=\"og:description\" content=\"Why do I need an Attorney If I Have Been In an Accident?: Premier Law Group helps you unlock the full compensation you deserve. No Fee Unless We Win.\" \/>\n<meta property=\"og:url\" content=\"https:\/\/plg-pllc.com\/es\/faqs\/why-do-i-need-an-attorney-if-i-have-been-in-an-accident\/\" \/>\n<meta property=\"og:site_name\" content=\"Premier Law Group\" \/>\n<meta property=\"article:publisher\" content=\"https:\/\/www.facebook.com\/premierlawgroup\" \/>\n<meta property=\"article:modified_time\" content=\"2025-07-25T18:32:47+00:00\" \/>\n<meta property=\"og:image\" content=\"https:\/\/plg-pllc.com\/wp-content\/uploads\/2017\/03\/PLG-article-img.jpg\" \/>\n\t<meta property=\"og:image:width\" content=\"400\" \/>\n\t<meta property=\"og:image:height\" content=\"377\" \/>\n\t<meta property=\"og:image:type\" content=\"image\/jpeg\" \/>\n<meta name=\"twitter:card\" content=\"summary_large_image\" \/>\n<meta name=\"twitter:site\" content=\"@premierlawgroup\" \/>\n<meta name=\"twitter:label1\" content=\"Tiempo de lectura\" \/>\n\t<meta name=\"twitter:data1\" content=\"2 minutos\" \/>\n<script type=\"application\/ld+json\" class=\"yoast-schema-graph\">{\"@context\":\"https:\\\/\\\/schema.org\",\"@graph\":[{\"@type\":\"WebPage\",\"@id\":\"https:\\\/\\\/plg-pllc.com\\\/faqs\\\/why-do-i-need-an-attorney-if-i-have-been-in-an-accident\\\/\",\"url\":\"https:\\\/\\\/plg-pllc.com\\\/faqs\\\/why-do-i-need-an-attorney-if-i-have-been-in-an-accident\\\/\",\"name\":\"Why do I need an Attorney If I Have Been In an Accident?\",\"isPartOf\":{\"@id\":\"https:\\\/\\\/plg-pllc.com\\\/#website\"},\"primaryImageOfPage\":{\"@id\":\"https:\\\/\\\/plg-pllc.com\\\/faqs\\\/why-do-i-need-an-attorney-if-i-have-been-in-an-accident\\\/#primaryimage\"},\"image\":{\"@id\":\"https:\\\/\\\/plg-pllc.com\\\/faqs\\\/why-do-i-need-an-attorney-if-i-have-been-in-an-accident\\\/#primaryimage\"},\"thumbnailUrl\":\"https:\\\/\\\/plg-pllc.com\\\/wp-content\\\/uploads\\\/2017\\\/03\\\/PLG-article-img.jpg\",\"datePublished\":\"2010-10-19T00:10:35+00:00\",\"dateModified\":\"2025-07-25T18:32:47+00:00\",\"description\":\"Why do I need an Attorney If I Have Been In an Accident?: Premier Law Group helps you unlock the full compensation you deserve. No Fee Unless We Win.\",\"breadcrumb\":{\"@id\":\"https:\\\/\\\/plg-pllc.com\\\/faqs\\\/why-do-i-need-an-attorney-if-i-have-been-in-an-accident\\\/#breadcrumb\"},\"inLanguage\":\"es\",\"potentialAction\":[{\"@type\":\"ReadAction\",\"target\":[\"https:\\\/\\\/plg-pllc.com\\\/faqs\\\/why-do-i-need-an-attorney-if-i-have-been-in-an-accident\\\/\"]}]},{\"@type\":\"ImageObject\",\"inLanguage\":\"es\",\"@id\":\"https:\\\/\\\/plg-pllc.com\\\/faqs\\\/why-do-i-need-an-attorney-if-i-have-been-in-an-accident\\\/#primaryimage\",\"url\":\"https:\\\/\\\/plg-pllc.com\\\/wp-content\\\/uploads\\\/2017\\\/03\\\/PLG-article-img.jpg\",\"contentUrl\":\"https:\\\/\\\/plg-pllc.com\\\/wp-content\\\/uploads\\\/2017\\\/03\\\/PLG-article-img.jpg\",\"width\":400,\"height\":377,\"caption\":\"What are the Most Common Types of Injuries in Pedestrian and Bicycle Accident Cases?\"},{\"@type\":\"BreadcrumbList\",\"@id\":\"https:\\\/\\\/plg-pllc.com\\\/faqs\\\/why-do-i-need-an-attorney-if-i-have-been-in-an-accident\\\/#breadcrumb\",\"itemListElement\":[{\"@type\":\"ListItem\",\"position\":1,\"name\":\"Home\",\"item\":\"https:\\\/\\\/plg-pllc.com\\\/es\\\/\"},{\"@type\":\"ListItem\",\"position\":2,\"name\":\"FAQs\",\"item\":\"https:\\\/\\\/plg-pllc.com\\\/es\\\/faqs\\\/\"},{\"@type\":\"ListItem\",\"position\":3,\"name\":\"Why do I need an Attorney If I Have Been In an Accident?\"}]},{\"@type\":\"WebSite\",\"@id\":\"https:\\\/\\\/plg-pllc.com\\\/#website\",\"url\":\"https:\\\/\\\/plg-pllc.com\\\/\",\"name\":\"Premier Law Group\",\"description\":\"Washington Wrongful Death and Serious Injury Lawyer\",\"publisher\":{\"@id\":\"https:\\\/\\\/plg-pllc.com\\\/#organization\"},\"inLanguage\":\"es\"},{\"@type\":\"Organization\",\"@id\":\"https:\\\/\\\/plg-pllc.com\\\/#organization\",\"name\":\"Premier Law Group\",\"url\":\"https:\\\/\\\/plg-pllc.com\\\/\",\"logo\":{\"@type\":\"ImageObject\",\"inLanguage\":\"es\",\"@id\":\"https:\\\/\\\/plg-pllc.com\\\/#\\\/schema\\\/logo\\\/image\\\/\",\"url\":\"https:\\\/\\\/plg-pllc.com\\\/wp-content\\\/uploads\\\/2020\\\/10\\\/plg-logo-v2.gif\",\"contentUrl\":\"https:\\\/\\\/plg-pllc.com\\\/wp-content\\\/uploads\\\/2020\\\/10\\\/plg-logo-v2.gif\",\"width\":592,\"height\":191,\"caption\":\"Premier Law Group\"},\"image\":{\"@id\":\"https:\\\/\\\/plg-pllc.com\\\/#\\\/schema\\\/logo\\\/image\\\/\"},\"sameAs\":[\"https:\\\/\\\/www.facebook.com\\\/premierlawgroup\",\"https:\\\/\\\/x.com\\\/premierlawgroup\"]}]}<\/script>\n<!-- \/ Yoast SEO plugin. -->","yoast_head_json":{"title":"\u00bfPor qu\u00e9 necesito un abogado si he sufrido un accidente?","description":"\u00bfPor qu\u00e9 necesito un abogado si he sufrido un accidente?: Premier Law Group le ayuda a conseguir la indemnizaci\u00f3n total que merece. Sin honorarios a menos que ganemos.","robots":{"index":"index","follow":"follow","max-snippet":"max-snippet:-1","max-image-preview":"max-image-preview:large","max-video-preview":"max-video-preview:-1"},"canonical":"https:\/\/plg-pllc.com\/es\/faqs\/why-do-i-need-an-attorney-if-i-have-been-in-an-accident\/","og_locale":"es_MX","og_type":"article","og_title":"Why do I need an Attorney If I Have Been In an Accident?","og_description":"Why do I need an Attorney If I Have Been In an Accident?: Premier Law Group helps you unlock the full compensation you deserve. No Fee Unless We Win.","og_url":"https:\/\/plg-pllc.com\/es\/faqs\/why-do-i-need-an-attorney-if-i-have-been-in-an-accident\/","og_site_name":"Premier Law Group","article_publisher":"https:\/\/www.facebook.com\/premierlawgroup","article_modified_time":"2025-07-25T18:32:47+00:00","og_image":[{"width":400,"height":377,"url":"https:\/\/plg-pllc.com\/wp-content\/uploads\/2017\/03\/PLG-article-img.jpg","type":"image\/jpeg"}],"twitter_card":"summary_large_image","twitter_site":"@premierlawgroup","twitter_misc":{"Tiempo de lectura":"2 minutos"},"schema":{"@context":"https:\/\/schema.org","@graph":[{"@type":"WebPage","@id":"https:\/\/plg-pllc.com\/faqs\/why-do-i-need-an-attorney-if-i-have-been-in-an-accident\/","url":"https:\/\/plg-pllc.com\/faqs\/why-do-i-need-an-attorney-if-i-have-been-in-an-accident\/","name":"\u00bfPor qu\u00e9 necesito un abogado si he sufrido un accidente?","isPartOf":{"@id":"https:\/\/plg-pllc.com\/#website"},"primaryImageOfPage":{"@id":"https:\/\/plg-pllc.com\/faqs\/why-do-i-need-an-attorney-if-i-have-been-in-an-accident\/#primaryimage"},"image":{"@id":"https:\/\/plg-pllc.com\/faqs\/why-do-i-need-an-attorney-if-i-have-been-in-an-accident\/#primaryimage"},"thumbnailUrl":"https:\/\/plg-pllc.com\/wp-content\/uploads\/2017\/03\/PLG-article-img.jpg","datePublished":"2010-10-19T00:10:35+00:00","dateModified":"2025-07-25T18:32:47+00:00","description":"\u00bfPor qu\u00e9 necesito un abogado si he sufrido un accidente?: Premier Law Group le ayuda a conseguir la indemnizaci\u00f3n total que merece. Sin honorarios a menos que ganemos.","breadcrumb":{"@id":"https:\/\/plg-pllc.com\/faqs\/why-do-i-need-an-attorney-if-i-have-been-in-an-accident\/#breadcrumb"},"inLanguage":"es","potentialAction":[{"@type":"ReadAction","target":["https:\/\/plg-pllc.com\/faqs\/why-do-i-need-an-attorney-if-i-have-been-in-an-accident\/"]}]},{"@type":"ImageObject","inLanguage":"es","@id":"https:\/\/plg-pllc.com\/faqs\/why-do-i-need-an-attorney-if-i-have-been-in-an-accident\/#primaryimage","url":"https:\/\/plg-pllc.com\/wp-content\/uploads\/2017\/03\/PLG-article-img.jpg","contentUrl":"https:\/\/plg-pllc.com\/wp-content\/uploads\/2017\/03\/PLG-article-img.jpg","width":400,"height":377,"caption":"What are the Most Common Types of Injuries in Pedestrian and Bicycle Accident Cases?"},{"@type":"BreadcrumbList","@id":"https:\/\/plg-pllc.com\/faqs\/why-do-i-need-an-attorney-if-i-have-been-in-an-accident\/#breadcrumb","itemListElement":[{"@type":"ListItem","position":1,"name":"Home","item":"https:\/\/plg-pllc.com\/es\/"},{"@type":"ListItem","position":2,"name":"FAQs","item":"https:\/\/plg-pllc.com\/es\/faqs\/"},{"@type":"ListItem","position":3,"name":"Why do I need an Attorney If I Have Been In an Accident?"}]},{"@type":"WebSite","@id":"https:\/\/plg-pllc.com\/#website","url":"https:\/\/plg-pllc.com\/","name":"Grupo de abogados Premier","description":"Abogado de muerte por negligencia y lesiones graves en Washington","publisher":{"@id":"https:\/\/plg-pllc.com\/#organization"},"inLanguage":"es"},{"@type":"Organization","@id":"https:\/\/plg-pllc.com\/#organization","name":"Grupo de abogados Premier","url":"https:\/\/plg-pllc.com\/","logo":{"@type":"ImageObject","inLanguage":"es","@id":"https:\/\/plg-pllc.com\/#\/schema\/logo\/image\/","url":"https:\/\/plg-pllc.com\/wp-content\/uploads\/2020\/10\/plg-logo-v2.gif","contentUrl":"https:\/\/plg-pllc.com\/wp-content\/uploads\/2020\/10\/plg-logo-v2.gif","width":592,"height":191,"caption":"Premier Law Group"},"image":{"@id":"https:\/\/plg-pllc.com\/#\/schema\/logo\/image\/"},"sameAs":["https:\/\/www.facebook.com\/premierlawgroup","https:\/\/x.com\/premierlawgroup"]}]}},"_links":{"self":[{"href":"https:\/\/plg-pllc.com\/es\/wp-json\/wp\/v2\/pages\/1468","targetHints":{"allow":["GET"]}}],"collection":[{"href":"https:\/\/plg-pllc.com\/es\/wp-json\/wp\/v2\/pages"}],"about":[{"href":"https:\/\/plg-pllc.com\/es\/wp-json\/wp\/v2\/types\/page"}],"author":[{"embeddable":true,"href":"https:\/\/plg-pllc.com\/es\/wp-json\/wp\/v2\/users\/2"}],"replies":[{"embeddable":true,"href":"https:\/\/plg-pllc.com\/es\/wp-json\/wp\/v2\/comments?post=1468"}],"version-history":[{"count":0,"href":"https:\/\/plg-pllc.com\/es\/wp-json\/wp\/v2\/pages\/1468\/revisions"}],"up":[{"embeddable":true,"href":"https:\/\/plg-pllc.com\/es\/wp-json\/wp\/v2\/pages\/20714"}],"wp:featuredmedia":[{"embeddable":true,"href":"https:\/\/plg-pllc.com\/es\/wp-json\/wp\/v2\/media\/13765"}],"wp:attachment":[{"href":"https:\/\/plg-pllc.com\/es\/wp-json\/wp\/v2\/media?parent=1468"}],"wp:term":[{"taxonomy":"hc_faqs","embeddable":true,"href":"https:\/\/plg-pllc.com\/es\/wp-json\/wp\/v2\/hc_faqs?post=1468"}],"curies":[{"name":"gracias","href":"https:\/\/api.w.org\/{rel}","templated":true}]}}