{"id":1489,"date":"2010-10-19T09:12:08","date_gmt":"2010-10-19T16:12:08","guid":{"rendered":"https:\/\/plg-pllc.com\/"},"modified":"2025-07-25T11:36:19","modified_gmt":"2025-07-25T18:36:19","slug":"why-do-i-need-an-attorney-if-a-loved-one-has-died-in-an-accident","status":"publish","type":"page","link":"https:\/\/plg-pllc.com\/es\/faqs\/why-do-i-need-an-attorney-if-a-loved-one-has-died-in-an-accident\/","title":{"rendered":"\u00bfPor qu\u00e9 necesito un abogado si un ser querido muri\u00f3 en un accidente?"},"content":{"rendered":"<p>Hay varias razones para contratar a un abogado si un ser querido ha muerto en un accidente:<\/p>\n<p>1. Los casos de muerte por negligencia tienen un proceso legal muy complicado, que requiere la experiencia y los conocimientos de un abogado especializado en muerte por negligencia. Muchas reglas y estrategias requieren a\u00f1os de aprendizaje y adquisici\u00f3n por parte de un abogado. Por este motivo, es fundamental hablar con un abogado y evaluarlo antes de decidir contratarlo. Es muy dif\u00edcil presentar una demanda por muerte por negligencia por cuenta propia, y las estad\u00edsticas muestran que contratar a un abogado le reportar\u00e1 m\u00e1s dinero, incluso despu\u00e9s de descontar los honorarios del abogado.<\/p>\n<p>2. Solo un abogado con experiencia puede evaluar y luchar adecuadamente por la cantidad de compensaci\u00f3n que se necesita para la familia de la v\u00edctima fallecida. Es probable que, sin un abogado, no pueda determinar cu\u00e1nto dinero merece recibir en un caso de muerte por negligencia.<\/p>\n<p>3. Lo m\u00e1s importante es que necesita un abogado porque la compa\u00f1\u00eda de seguros le ofrecer\u00e1 muy poco dinero por la muerte de su ser querido. Aunque la compa\u00f1\u00eda de seguros entiende lo tr\u00e1gica que es la situaci\u00f3n, sigue dirigiendo un negocio y quiere darle la menor cantidad de dinero posible. Solo un abogado competente, agresivo y con experiencia tiene los medios, el conocimiento y la capacidad para demandar a las compa\u00f1\u00edas de seguros y obligarlas a que le den el acuerdo adecuado al que tiene derecho. Debe nivelar el campo de juego al tener a alguien de su lado que tenga la experiencia para luchar contra las compa\u00f1\u00edas de seguros y que tenga en mente sus mejores intereses.<\/p>\n<p>4. Por \u00faltimo, cuando tienes un abogado, no tienes que lidiar con los problemas, el papeleo, los dolores de cabeza y las preocupaciones que conlleva tratar con las compa\u00f1\u00edas de seguros. Simplemente te relajas sabiendo que un abogado experimentado que tiene en mente tus mejores intereses se ocupar\u00e1 de tu caso y se ocupar\u00e1 de los dolores de cabeza.<\/p>\n\n        <div class=\"rs-content-cta\">\n            <p>Llamar o enviar mensaje de texto <a href=\"tel:+12062851743\">(206) 285-1743<\/a> o complete un formulario de evaluaci\u00f3n de caso gratuito<\/p>\n            <a href=\"https:\/\/plg-pllc.com\/es\/contact-us\/\" title=\"OBTENGA UNA EVALUACI\u00d3N DE CASO GRATUITA\" class=\"btn-global\">OBTENGA UNA EVALUACI\u00d3N DE CASO GRATUITA<\/a>\n                    <picture>\n                            <source srcset=\"https:\/\/plg-pllc.com\/wp-content\/themes\/plg-pllc-redesign\/assets\/app\/img\/cta-thumb.webp\" type=\"image\/webp\"\/>\n                            <img src=\"https:\/\/plg-pllc.com\/wp-content\/themes\/plg-pllc-redesign\/assets\/app\/img\/cta-thumb.png\" alt=\"Grupo de abogados Premier\" title=\"Grupo de abogados Premier\" width=\"245\" height=\"220\" loading=\"auto\" fetchpriority=\"auto\" decoding=\"async\"\/>\n        <\/picture>\n        \n        <\/div>","protected":false},"excerpt":{"rendered":"<p>Existen varias razones para contratar a un abogado si un ser querido ha muerto en un accidente: 1. Los casos de muerte por negligencia tienen un proceso legal muy complicado, que requiere la experiencia y los conocimientos de un abogado especializado en muerte por negligencia altamente capacitado. Muchas reglas y estrategias requieren a\u00f1os de aprendizaje y adquisici\u00f3n por parte de un abogado.<\/p>","protected":false},"author":2,"featured_media":13765,"parent":20714,"menu_order":24,"comment_status":"closed","ping_status":"closed","template":"","meta":{"_acf_changed":false,"_genesis_hide_title":false,"_genesis_hide_breadcrumbs":false,"_genesis_hide_singular_image":false,"_genesis_hide_footer_widgets":false,"_genesis_custom_body_class":"","_genesis_custom_post_class":"","_genesis_layout":"","footnotes":""},"hc_faqs":[10354],"class_list":{"0":"post-1489","1":"page","2":"type-page","3":"status-publish","4":"has-post-thumbnail","6":"hc_faqs-personal-injury","7":"entry"},"acf":[],"yoast_head":"<!-- This site is optimized with the Yoast SEO plugin v27.2 - https:\/\/yoast.com\/product\/yoast-seo-wordpress\/ -->\n<title>Why do I need an Attorney if a Loved One Has Died in an Accident<\/title>\n<meta name=\"description\" content=\"Why do I need an Attorney if a Loved One Has Died in an Accident: Premier Law Group helps you unlock the full compensation you deserve. No Fee Unless We Win.\" \/>\n<meta name=\"robots\" content=\"index, follow, max-snippet:-1, max-image-preview:large, max-video-preview:-1\" \/>\n<link rel=\"canonical\" href=\"https:\/\/plg-pllc.com\/es\/faqs\/why-do-i-need-an-attorney-if-a-loved-one-has-died-in-an-accident\/\" \/>\n<meta property=\"og:locale\" content=\"es_MX\" \/>\n<meta property=\"og:type\" content=\"article\" \/>\n<meta property=\"og:title\" content=\"Why do I need an Attorney if a Loved One Has Died in an Accident\" \/>\n<meta property=\"og:description\" content=\"Why do I need an Attorney if a Loved One Has Died in an Accident: Premier Law Group helps you unlock the full compensation you deserve. No Fee Unless We Win.\" \/>\n<meta property=\"og:url\" content=\"https:\/\/plg-pllc.com\/es\/faqs\/why-do-i-need-an-attorney-if-a-loved-one-has-died-in-an-accident\/\" \/>\n<meta property=\"og:site_name\" content=\"Premier Law Group\" \/>\n<meta property=\"article:publisher\" content=\"https:\/\/www.facebook.com\/premierlawgroup\" \/>\n<meta property=\"article:modified_time\" content=\"2025-07-25T18:36:19+00:00\" \/>\n<meta property=\"og:image\" content=\"https:\/\/plg-pllc.com\/wp-content\/uploads\/2017\/03\/PLG-article-img.jpg\" \/>\n\t<meta property=\"og:image:width\" content=\"400\" \/>\n\t<meta property=\"og:image:height\" content=\"377\" \/>\n\t<meta property=\"og:image:type\" content=\"image\/jpeg\" \/>\n<meta name=\"twitter:card\" content=\"summary_large_image\" \/>\n<meta name=\"twitter:site\" content=\"@premierlawgroup\" \/>\n<meta name=\"twitter:label1\" content=\"Tiempo de lectura\" \/>\n\t<meta name=\"twitter:data1\" content=\"2 minutos\" \/>\n<script type=\"application\/ld+json\" class=\"yoast-schema-graph\">{\"@context\":\"https:\/\/schema.org\",\"@graph\":[{\"@type\":\"WebPage\",\"@id\":\"https:\/\/plg-pllc.com\/faqs\/why-do-i-need-an-attorney-if-a-loved-one-has-died-in-an-accident\/\",\"url\":\"https:\/\/plg-pllc.com\/faqs\/why-do-i-need-an-attorney-if-a-loved-one-has-died-in-an-accident\/\",\"name\":\"Why do I need an Attorney if a Loved One Has Died in an Accident\",\"isPartOf\":{\"@id\":\"https:\/\/plg-pllc.com\/#website\"},\"primaryImageOfPage\":{\"@id\":\"https:\/\/plg-pllc.com\/faqs\/why-do-i-need-an-attorney-if-a-loved-one-has-died-in-an-accident\/#primaryimage\"},\"image\":{\"@id\":\"https:\/\/plg-pllc.com\/faqs\/why-do-i-need-an-attorney-if-a-loved-one-has-died-in-an-accident\/#primaryimage\"},\"thumbnailUrl\":\"https:\/\/plg-pllc.com\/wp-content\/uploads\/2017\/03\/PLG-article-img.jpg\",\"datePublished\":\"2010-10-19T16:12:08+00:00\",\"dateModified\":\"2025-07-25T18:36:19+00:00\",\"description\":\"Why do I need an Attorney if a Loved One Has Died in an Accident: Premier Law Group helps you unlock the full compensation you deserve. No Fee Unless We Win.\",\"breadcrumb\":{\"@id\":\"https:\/\/plg-pllc.com\/faqs\/why-do-i-need-an-attorney-if-a-loved-one-has-died-in-an-accident\/#breadcrumb\"},\"inLanguage\":\"es\",\"potentialAction\":[{\"@type\":\"ReadAction\",\"target\":[\"https:\/\/plg-pllc.com\/faqs\/why-do-i-need-an-attorney-if-a-loved-one-has-died-in-an-accident\/\"]}]},{\"@type\":\"ImageObject\",\"inLanguage\":\"es\",\"@id\":\"https:\/\/plg-pllc.com\/faqs\/why-do-i-need-an-attorney-if-a-loved-one-has-died-in-an-accident\/#primaryimage\",\"url\":\"https:\/\/plg-pllc.com\/wp-content\/uploads\/2017\/03\/PLG-article-img.jpg\",\"contentUrl\":\"https:\/\/plg-pllc.com\/wp-content\/uploads\/2017\/03\/PLG-article-img.jpg\",\"width\":400,\"height\":377,\"caption\":\"What are the Most Common Types of Injuries in Pedestrian and Bicycle Accident Cases?\"},{\"@type\":\"BreadcrumbList\",\"@id\":\"https:\/\/plg-pllc.com\/faqs\/why-do-i-need-an-attorney-if-a-loved-one-has-died-in-an-accident\/#breadcrumb\",\"itemListElement\":[{\"@type\":\"ListItem\",\"position\":1,\"name\":\"Home\",\"item\":\"https:\/\/plg-pllc.com\/es\/\"},{\"@type\":\"ListItem\",\"position\":2,\"name\":\"FAQs\",\"item\":\"https:\/\/plg-pllc.com\/es\/faqs\/\"},{\"@type\":\"ListItem\",\"position\":3,\"name\":\"Why do I need an Attorney if a Loved One Has Died in an Accident\"}]},{\"@type\":\"WebSite\",\"@id\":\"https:\/\/plg-pllc.com\/#website\",\"url\":\"https:\/\/plg-pllc.com\/\",\"name\":\"Premier Law Group\",\"description\":\"Washington Wrongful Death and Serious Injury Lawyer\",\"publisher\":{\"@id\":\"https:\/\/plg-pllc.com\/#organization\"},\"inLanguage\":\"es\"},{\"@type\":\"Organization\",\"@id\":\"https:\/\/plg-pllc.com\/#organization\",\"name\":\"Premier Law Group\",\"url\":\"https:\/\/plg-pllc.com\/\",\"logo\":{\"@type\":\"ImageObject\",\"inLanguage\":\"es\",\"@id\":\"https:\/\/plg-pllc.com\/#\/schema\/logo\/image\/\",\"url\":\"https:\/\/plg-pllc.com\/wp-content\/uploads\/2020\/10\/plg-logo-v2.gif\",\"contentUrl\":\"https:\/\/plg-pllc.com\/wp-content\/uploads\/2020\/10\/plg-logo-v2.gif\",\"width\":592,\"height\":191,\"caption\":\"Premier Law Group\"},\"image\":{\"@id\":\"https:\/\/plg-pllc.com\/#\/schema\/logo\/image\/\"},\"sameAs\":[\"https:\/\/www.facebook.com\/premierlawgroup\",\"https:\/\/x.com\/premierlawgroup\"]}]}<\/script>\n<!-- \/ Yoast SEO plugin. -->","yoast_head_json":{"title":"\u00bfPor qu\u00e9 necesito un abogado si un ser querido muri\u00f3 en un accidente?","description":"\u00bfPor qu\u00e9 necesito un abogado si un ser querido ha fallecido en un accidente? Premier Law Group le ayuda a conseguir la compensaci\u00f3n total que merece. Sin honorarios a menos que ganemos.","robots":{"index":"index","follow":"follow","max-snippet":"max-snippet:-1","max-image-preview":"max-image-preview:large","max-video-preview":"max-video-preview:-1"},"canonical":"https:\/\/plg-pllc.com\/es\/faqs\/why-do-i-need-an-attorney-if-a-loved-one-has-died-in-an-accident\/","og_locale":"es_MX","og_type":"article","og_title":"Why do I need an Attorney if a Loved One Has Died in an Accident","og_description":"Why do I need an Attorney if a Loved One Has Died in an Accident: Premier Law Group helps you unlock the full compensation you deserve. No Fee Unless We Win.","og_url":"https:\/\/plg-pllc.com\/es\/faqs\/why-do-i-need-an-attorney-if-a-loved-one-has-died-in-an-accident\/","og_site_name":"Premier Law Group","article_publisher":"https:\/\/www.facebook.com\/premierlawgroup","article_modified_time":"2025-07-25T18:36:19+00:00","og_image":[{"width":400,"height":377,"url":"https:\/\/plg-pllc.com\/wp-content\/uploads\/2017\/03\/PLG-article-img.jpg","type":"image\/jpeg"}],"twitter_card":"summary_large_image","twitter_site":"@premierlawgroup","twitter_misc":{"Tiempo de lectura":"2 minutos"},"schema":{"@context":"https:\/\/schema.org","@graph":[{"@type":"WebPage","@id":"https:\/\/plg-pllc.com\/faqs\/why-do-i-need-an-attorney-if-a-loved-one-has-died-in-an-accident\/","url":"https:\/\/plg-pllc.com\/faqs\/why-do-i-need-an-attorney-if-a-loved-one-has-died-in-an-accident\/","name":"\u00bfPor qu\u00e9 necesito un abogado si un ser querido muri\u00f3 en un accidente?","isPartOf":{"@id":"https:\/\/plg-pllc.com\/#website"},"primaryImageOfPage":{"@id":"https:\/\/plg-pllc.com\/faqs\/why-do-i-need-an-attorney-if-a-loved-one-has-died-in-an-accident\/#primaryimage"},"image":{"@id":"https:\/\/plg-pllc.com\/faqs\/why-do-i-need-an-attorney-if-a-loved-one-has-died-in-an-accident\/#primaryimage"},"thumbnailUrl":"https:\/\/plg-pllc.com\/wp-content\/uploads\/2017\/03\/PLG-article-img.jpg","datePublished":"2010-10-19T16:12:08+00:00","dateModified":"2025-07-25T18:36:19+00:00","description":"\u00bfPor qu\u00e9 necesito un abogado si un ser querido ha fallecido en un accidente? Premier Law Group le ayuda a conseguir la compensaci\u00f3n total que merece. Sin honorarios a menos que ganemos.","breadcrumb":{"@id":"https:\/\/plg-pllc.com\/faqs\/why-do-i-need-an-attorney-if-a-loved-one-has-died-in-an-accident\/#breadcrumb"},"inLanguage":"es","potentialAction":[{"@type":"ReadAction","target":["https:\/\/plg-pllc.com\/faqs\/why-do-i-need-an-attorney-if-a-loved-one-has-died-in-an-accident\/"]}]},{"@type":"ImageObject","inLanguage":"es","@id":"https:\/\/plg-pllc.com\/faqs\/why-do-i-need-an-attorney-if-a-loved-one-has-died-in-an-accident\/#primaryimage","url":"https:\/\/plg-pllc.com\/wp-content\/uploads\/2017\/03\/PLG-article-img.jpg","contentUrl":"https:\/\/plg-pllc.com\/wp-content\/uploads\/2017\/03\/PLG-article-img.jpg","width":400,"height":377,"caption":"What are the Most Common Types of Injuries in Pedestrian and Bicycle Accident Cases?"},{"@type":"BreadcrumbList","@id":"https:\/\/plg-pllc.com\/faqs\/why-do-i-need-an-attorney-if-a-loved-one-has-died-in-an-accident\/#breadcrumb","itemListElement":[{"@type":"ListItem","position":1,"name":"Home","item":"https:\/\/plg-pllc.com\/es\/"},{"@type":"ListItem","position":2,"name":"FAQs","item":"https:\/\/plg-pllc.com\/es\/faqs\/"},{"@type":"ListItem","position":3,"name":"Why do I need an Attorney if a Loved One Has Died in an Accident"}]},{"@type":"WebSite","@id":"https:\/\/plg-pllc.com\/#website","url":"https:\/\/plg-pllc.com\/","name":"Grupo de abogados Premier","description":"Abogado de muerte por negligencia y lesiones graves en Washington","publisher":{"@id":"https:\/\/plg-pllc.com\/#organization"},"inLanguage":"es"},{"@type":"Organization","@id":"https:\/\/plg-pllc.com\/#organization","name":"Grupo de abogados Premier","url":"https:\/\/plg-pllc.com\/","logo":{"@type":"ImageObject","inLanguage":"es","@id":"https:\/\/plg-pllc.com\/#\/schema\/logo\/image\/","url":"https:\/\/plg-pllc.com\/wp-content\/uploads\/2020\/10\/plg-logo-v2.gif","contentUrl":"https:\/\/plg-pllc.com\/wp-content\/uploads\/2020\/10\/plg-logo-v2.gif","width":592,"height":191,"caption":"Premier Law Group"},"image":{"@id":"https:\/\/plg-pllc.com\/#\/schema\/logo\/image\/"},"sameAs":["https:\/\/www.facebook.com\/premierlawgroup","https:\/\/x.com\/premierlawgroup"]}]}},"_links":{"self":[{"href":"https:\/\/plg-pllc.com\/es\/wp-json\/wp\/v2\/pages\/1489","targetHints":{"allow":["GET"]}}],"collection":[{"href":"https:\/\/plg-pllc.com\/es\/wp-json\/wp\/v2\/pages"}],"about":[{"href":"https:\/\/plg-pllc.com\/es\/wp-json\/wp\/v2\/types\/page"}],"author":[{"embeddable":true,"href":"https:\/\/plg-pllc.com\/es\/wp-json\/wp\/v2\/users\/2"}],"replies":[{"embeddable":true,"href":"https:\/\/plg-pllc.com\/es\/wp-json\/wp\/v2\/comments?post=1489"}],"version-history":[{"count":0,"href":"https:\/\/plg-pllc.com\/es\/wp-json\/wp\/v2\/pages\/1489\/revisions"}],"up":[{"embeddable":true,"href":"https:\/\/plg-pllc.com\/es\/wp-json\/wp\/v2\/pages\/20714"}],"wp:featuredmedia":[{"embeddable":true,"href":"https:\/\/plg-pllc.com\/es\/wp-json\/wp\/v2\/media\/13765"}],"wp:attachment":[{"href":"https:\/\/plg-pllc.com\/es\/wp-json\/wp\/v2\/media?parent=1489"}],"wp:term":[{"taxonomy":"hc_faqs","embeddable":true,"href":"https:\/\/plg-pllc.com\/es\/wp-json\/wp\/v2\/hc_faqs?post=1489"}],"curies":[{"name":"gracias","href":"https:\/\/api.w.org\/{rel}","templated":true}]}}