{"id":1502,"date":"2010-10-19T11:14:12","date_gmt":"2010-10-19T18:14:12","guid":{"rendered":"https:\/\/plg-pllc.com\/"},"modified":"2024-10-17T08:59:13","modified_gmt":"2024-10-17T15:59:13","slug":"illegal-job-interview-questions","status":"publish","type":"page","link":"https:\/\/plg-pllc.com\/es\/faqs\/what-are-illegal-job-interview-questions\/","title":{"rendered":"\u00bfQu\u00e9 preguntas puede hacerte una empresa durante una entrevista de trabajo?"},"content":{"rendered":"<p><strong>Existen algunas limitaciones en los tipos de preguntas que un empleador potencial puede hacerle en una entrevista.<\/strong><\/p>\r\n\r\n\r\n\r\n<h3 class=\"wp-block-heading\" id=\"h-if-an-interviewer-asks-questions-about-your-personal-life\">Si un entrevistador le hace preguntas sobre su vida personal<\/h3>\r\n\r\n\r\n\r\n<p>NO tienes que hacer preguntas sobre tu vida personal. Por ejemplo:<\/p>\r\n\r\n\r\n\r\n<ul class=\"wp-block-list\">\r\n<li>Su estado civil\/vida amorosa<\/li>\r\n<li>Si tienes hijos<\/li>\r\n<li>Tus aficiones (si no quieres compartirlas)<\/li>\r\n<li>Preguntas sobre su casa o lo que posee<\/li>\r\n<\/ul>\r\n\r\n\r\n\r\n<p>Si le preguntan alguna de estas cosas en una entrevista, d\u00edgale educadamente al entrevistador que esas preguntas son personales y que no tienen relaci\u00f3n con el trabajo que usted realizar\u00eda para \u00e9l. Puede optar por responder preguntas sobre sus intereses y pasatiempos, pero no est\u00e1 obligado a hacerlo.<\/p>\r\n\r\n\r\n\r\n<h3 class=\"wp-block-heading\" id=\"h-if-an-interviewer-asks-questions-about-your-race-ethnicity-or-gender\">Si un entrevistador le hace preguntas sobre su raza, etnia o g\u00e9nero<\/h3>\r\n\r\n\r\n\r\n<p>Cualquier pregunta sobre tu raza, etnia, g\u00e9nero u orientaci\u00f3n sexual es una gran se\u00f1al de alerta. En primer lugar, hacer preguntas sobre cualquiera de estos temas es discriminaci\u00f3n e ilegal. En segundo lugar, si el entrevistador hace estas preguntas, probablemente sea se\u00f1al de una cultura laboral t\u00f3xica que carece de l\u00edmites o inteligencia emocional.<\/p>\r\n\r\n\r\n\r\n<p>Si cree que le negaron un trabajo porque se neg\u00f3 a responder una pregunta que cree que podr\u00eda ser ilegal hacer, ll\u00e1menos al 206-285-1743 para hablar con uno de nuestros abogados laborales con experiencia de inmediato.<\/p>\r\n\r\n\r\n<div class=\"wp-block-group book-callout has-background\" style=\"background-color: #eeeeee;\"><div class=\"wp-block-group__inner-container is-layout-flow wp-block-group-is-layout-flow\">\r\n<h2 class=\"wp-block-heading\" id=\"h-free-ebook-the-washington-state-guide-to-severance-employment-contracts\">Libro electr\u00f3nico gratuito: Gu\u00eda del estado de Washington sobre contratos de trabajo e indemnizaci\u00f3n por despido<\/h2>\r\n\r\n\r\n<div class=\"wp-block-image\">\r\n<figure class=\"alignright size-full\"><img loading=\"lazy\" decoding=\"async\" width=\"150\" height=\"256\" class=\"wp-image-19618\" src=\"https:\/\/plg-pllc.com\/wp-content\/uploads\/2022\/08\/plg-severance-guide-book.png\" alt=\"\" srcset=\"https:\/\/plg-pllc.com\/wp-content\/uploads\/2022\/08\/plg-severance-guide-book.png 150w, https:\/\/plg-pllc.com\/wp-content\/uploads\/2022\/08\/plg-severance-guide-book-117x200.png 117w\" sizes=\"auto, (max-width: 150px) 100vw, 150px\" \/><\/figure>\r\n<\/div>\r\n\r\n\r\n<p><a href=\"https:\/\/lni.wa.gov\/workers-rights\/\">Leyes laborales del estado de Washington<\/a>\u00a0Son complicados y, a menudo, dif\u00edciles de entender. Para ayudar a los residentes de Washington a navegar por el proceso con confianza, nuestra firma cre\u00f3 The Washington State Guide to Despido y Contratos de Empleo. Tomamos los conceptos m\u00e1s importantes y los dividimos en libros y recursos f\u00e1ciles de entender. Despu\u00e9s de leer el libro, podr\u00e1 tomar decisiones importantes al elegir si desea presentar una demanda.<\/p>\r\n\r\n\r\n\r\n<div class=\"wp-block-buttons is-content-justification-center is-layout-flex wp-container-core-buttons-is-layout-16018d1d wp-block-buttons-is-layout-flex\">\r\n<div class=\"wp-block-button aligncenter has-custom-width wp-block-button__width-50\"><a class=\"wp-block-button__link\" href=\"https:\/\/plg-pllc.com\/books\/washington-guide-severance\/\">DESCARGAR LA GU\u00cdA<\/a><\/div>\r\n<\/div>\r\n\r\n\r\n\r\n\n        <div class=\"rs-content-cta long\">\n            <p>Para una consulta legal GRATUITA, llame al <a href=\"tel:+12062851743\">(206) 285-1743 <\/a><\/p>\n            <a href=\"https:\/\/plg-pllc.com\/es\/contact-us\/\" title=\"OBTENGA UNA EVALUACI\u00d3N DE CASO GRATUITA\" class=\"btn-global\">OBTENGA UNA EVALUACI\u00d3N DE CASO GRATUITA<\/a>\n                    <picture>\n                            <source srcset=\"https:\/\/plg-pllc.com\/wp-content\/themes\/plg-pllc-redesign\/assets\/app\/img\/cta-thumb.webp\" type=\"image\/webp\"\/>\n                            <img src=\"https:\/\/plg-pllc.com\/wp-content\/themes\/plg-pllc-redesign\/assets\/app\/img\/cta-thumb.png\" alt=\"Grupo de abogados Premier\" title=\"Grupo de abogados Premier\" width=\"245\" height=\"220\" loading=\"auto\" fetchpriority=\"auto\" decoding=\"async\"\/>\n        <\/picture>\n        \n        <\/div><h3 class=\"wp-block-heading\" id=\"h-download-a-free-copy-of-premier-law-group-s-guide-to-employment-and-severance-contracts\"><em>Descargue una copia GRATUITA de la Gu\u00eda de contratos de empleo e indemnizaci\u00f3n de Premier Law Group<\/em><\/h3>\r\n\r\n\r\n\r\n<p><strong>En su copia GRATUITA de este libro electr\u00f3nico, descubrir\u00e1\u2026<\/strong><\/p>\r\n\r\n\r\n\r\n<ul class=\"wp-block-list\">\r\n<li>Qu\u00e9 es la indemnizaci\u00f3n por despido\u2026 y qu\u00e9 no es<\/li>\r\n<li>Consejos \u00fatiles para negociar su contrato de trabajo<\/li>\r\n<li>Tus derechos como trabajador, tengas contrato o no<\/li>\r\n<li>C\u00f3mo contratar al abogado adecuado para su caso laboral<\/li>\r\n<\/ul>\r\n<\/div><\/div>\r\n\r\n\n        <div class=\"rs-content-cta\">\n            <p>Llamar o enviar mensaje de texto <a href=\"tel:+12062851743\">(206) 285-1743<\/a> o complete un formulario de evaluaci\u00f3n de caso gratuito<\/p>\n            <a href=\"https:\/\/plg-pllc.com\/es\/contact-us\/\" title=\"OBTENGA UNA EVALUACI\u00d3N DE CASO GRATUITA\" class=\"btn-global\">OBTENGA UNA EVALUACI\u00d3N DE CASO GRATUITA<\/a>\n                    <picture>\n                            <source srcset=\"https:\/\/plg-pllc.com\/wp-content\/themes\/plg-pllc-redesign\/assets\/app\/img\/cta-thumb.webp\" type=\"image\/webp\"\/>\n                            <img src=\"https:\/\/plg-pllc.com\/wp-content\/themes\/plg-pllc-redesign\/assets\/app\/img\/cta-thumb.png\" alt=\"Grupo de abogados Premier\" title=\"Grupo de abogados Premier\" width=\"245\" height=\"220\" loading=\"auto\" fetchpriority=\"auto\" decoding=\"async\"\/>\n        <\/picture>\n        \n        <\/div>","protected":false},"excerpt":{"rendered":"<p>Existen algunas limitaciones en cuanto al tipo de preguntas que un posible empleador puede hacerle en una entrevista. Si un entrevistador le hace preguntas sobre su vida personal, NO tiene que hacer preguntas sobre su vida personal. Por ejemplo: Su estado civil\/vida amorosa Si tiene hijos Sus pasatiempos (si no quiere \u2026<\/p>","protected":false},"author":2,"featured_media":13765,"parent":20714,"menu_order":30,"comment_status":"closed","ping_status":"closed","template":"","meta":{"_acf_changed":false,"_genesis_hide_title":false,"_genesis_hide_breadcrumbs":false,"_genesis_hide_singular_image":false,"_genesis_hide_footer_widgets":false,"_genesis_custom_body_class":"","_genesis_custom_post_class":"","_genesis_layout":"","footnotes":""},"hc_faqs":[10354],"class_list":{"0":"post-1502","1":"page","2":"type-page","3":"status-publish","4":"has-post-thumbnail","6":"hc_faqs-personal-injury","7":"entry"},"acf":[],"yoast_head":"<!-- This site is optimized with the Yoast SEO plugin v27.4 - https:\/\/yoast.com\/product\/yoast-seo-wordpress\/ -->\n<title>What Questions Can a Business Ask You During a Job Interview?<\/title>\n<meta name=\"description\" content=\"What Questions Can a Business Ask You During a Job Interview?: Premier Law Group helps you unlock the full compensation you deserve. No Fee Unless We Win.\" \/>\n<meta name=\"robots\" content=\"index, follow, max-snippet:-1, max-image-preview:large, max-video-preview:-1\" \/>\n<link rel=\"canonical\" href=\"https:\/\/plg-pllc.com\/es\/faqs\/what-are-illegal-job-interview-questions\/\" \/>\n<meta property=\"og:locale\" content=\"es_MX\" \/>\n<meta property=\"og:type\" content=\"article\" \/>\n<meta property=\"og:title\" content=\"What Questions Can a Business Ask You During a Job Interview?\" \/>\n<meta property=\"og:description\" content=\"What Questions Can a Business Ask You During a Job Interview?: Premier Law Group helps you unlock the full compensation you deserve. No Fee Unless We Win.\" \/>\n<meta property=\"og:url\" content=\"https:\/\/plg-pllc.com\/es\/faqs\/what-are-illegal-job-interview-questions\/\" \/>\n<meta property=\"og:site_name\" content=\"Premier Law Group\" \/>\n<meta property=\"article:publisher\" content=\"https:\/\/www.facebook.com\/premierlawgroup\" \/>\n<meta property=\"article:modified_time\" content=\"2024-10-17T15:59:13+00:00\" \/>\n<meta property=\"og:image\" content=\"https:\/\/plg-pllc.com\/wp-content\/uploads\/2017\/03\/PLG-article-img.jpg\" \/>\n\t<meta property=\"og:image:width\" content=\"400\" \/>\n\t<meta property=\"og:image:height\" content=\"377\" \/>\n\t<meta property=\"og:image:type\" content=\"image\/jpeg\" \/>\n<meta name=\"twitter:card\" content=\"summary_large_image\" \/>\n<meta name=\"twitter:site\" content=\"@premierlawgroup\" \/>\n<meta name=\"twitter:label1\" content=\"Tiempo de lectura\" \/>\n\t<meta name=\"twitter:data1\" content=\"2 minutos\" \/>\n<script type=\"application\/ld+json\" class=\"yoast-schema-graph\">{\"@context\":\"https:\\\/\\\/schema.org\",\"@graph\":[{\"@type\":\"WebPage\",\"@id\":\"https:\\\/\\\/plg-pllc.com\\\/faqs\\\/what-are-illegal-job-interview-questions\\\/\",\"url\":\"https:\\\/\\\/plg-pllc.com\\\/faqs\\\/what-are-illegal-job-interview-questions\\\/\",\"name\":\"What Questions Can a Business Ask You During a Job Interview?\",\"isPartOf\":{\"@id\":\"https:\\\/\\\/plg-pllc.com\\\/#website\"},\"primaryImageOfPage\":{\"@id\":\"https:\\\/\\\/plg-pllc.com\\\/faqs\\\/what-are-illegal-job-interview-questions\\\/#primaryimage\"},\"image\":{\"@id\":\"https:\\\/\\\/plg-pllc.com\\\/faqs\\\/what-are-illegal-job-interview-questions\\\/#primaryimage\"},\"thumbnailUrl\":\"https:\\\/\\\/plg-pllc.com\\\/wp-content\\\/uploads\\\/2017\\\/03\\\/PLG-article-img.jpg\",\"datePublished\":\"2010-10-19T18:14:12+00:00\",\"dateModified\":\"2024-10-17T15:59:13+00:00\",\"description\":\"What Questions Can a Business Ask You During a Job Interview?: Premier Law Group helps you unlock the full compensation you deserve. No Fee Unless We Win.\",\"breadcrumb\":{\"@id\":\"https:\\\/\\\/plg-pllc.com\\\/faqs\\\/what-are-illegal-job-interview-questions\\\/#breadcrumb\"},\"inLanguage\":\"es\",\"potentialAction\":[{\"@type\":\"ReadAction\",\"target\":[\"https:\\\/\\\/plg-pllc.com\\\/faqs\\\/what-are-illegal-job-interview-questions\\\/\"]}]},{\"@type\":\"ImageObject\",\"inLanguage\":\"es\",\"@id\":\"https:\\\/\\\/plg-pllc.com\\\/faqs\\\/what-are-illegal-job-interview-questions\\\/#primaryimage\",\"url\":\"https:\\\/\\\/plg-pllc.com\\\/wp-content\\\/uploads\\\/2017\\\/03\\\/PLG-article-img.jpg\",\"contentUrl\":\"https:\\\/\\\/plg-pllc.com\\\/wp-content\\\/uploads\\\/2017\\\/03\\\/PLG-article-img.jpg\",\"width\":400,\"height\":377,\"caption\":\"What are the Most Common Types of Injuries in Pedestrian and Bicycle Accident Cases?\"},{\"@type\":\"BreadcrumbList\",\"@id\":\"https:\\\/\\\/plg-pllc.com\\\/faqs\\\/what-are-illegal-job-interview-questions\\\/#breadcrumb\",\"itemListElement\":[{\"@type\":\"ListItem\",\"position\":1,\"name\":\"Home\",\"item\":\"https:\\\/\\\/plg-pllc.com\\\/es\\\/\"},{\"@type\":\"ListItem\",\"position\":2,\"name\":\"FAQs\",\"item\":\"https:\\\/\\\/plg-pllc.com\\\/es\\\/faqs\\\/\"},{\"@type\":\"ListItem\",\"position\":3,\"name\":\"What Questions Can a Business Ask You During a Job Interview?\"}]},{\"@type\":\"WebSite\",\"@id\":\"https:\\\/\\\/plg-pllc.com\\\/#website\",\"url\":\"https:\\\/\\\/plg-pllc.com\\\/\",\"name\":\"Premier Law Group\",\"description\":\"Washington Wrongful Death and Serious Injury Lawyer\",\"publisher\":{\"@id\":\"https:\\\/\\\/plg-pllc.com\\\/#organization\"},\"inLanguage\":\"es\"},{\"@type\":\"Organization\",\"@id\":\"https:\\\/\\\/plg-pllc.com\\\/#organization\",\"name\":\"Premier Law Group\",\"url\":\"https:\\\/\\\/plg-pllc.com\\\/\",\"logo\":{\"@type\":\"ImageObject\",\"inLanguage\":\"es\",\"@id\":\"https:\\\/\\\/plg-pllc.com\\\/#\\\/schema\\\/logo\\\/image\\\/\",\"url\":\"https:\\\/\\\/plg-pllc.com\\\/wp-content\\\/uploads\\\/2020\\\/10\\\/plg-logo-v2.gif\",\"contentUrl\":\"https:\\\/\\\/plg-pllc.com\\\/wp-content\\\/uploads\\\/2020\\\/10\\\/plg-logo-v2.gif\",\"width\":592,\"height\":191,\"caption\":\"Premier Law Group\"},\"image\":{\"@id\":\"https:\\\/\\\/plg-pllc.com\\\/#\\\/schema\\\/logo\\\/image\\\/\"},\"sameAs\":[\"https:\\\/\\\/www.facebook.com\\\/premierlawgroup\",\"https:\\\/\\\/x.com\\\/premierlawgroup\"]}]}<\/script>\n<!-- \/ Yoast SEO plugin. -->","yoast_head_json":{"title":"\u00bfQu\u00e9 preguntas puede hacerte una empresa durante una entrevista de trabajo?","description":"\u00bfQu\u00e9 preguntas puede hacerle una empresa durante una entrevista de trabajo?: Premier Law Group le ayuda a conseguir la compensaci\u00f3n total que merece. Sin honorarios a menos que ganemos.","robots":{"index":"index","follow":"follow","max-snippet":"max-snippet:-1","max-image-preview":"max-image-preview:large","max-video-preview":"max-video-preview:-1"},"canonical":"https:\/\/plg-pllc.com\/es\/faqs\/what-are-illegal-job-interview-questions\/","og_locale":"es_MX","og_type":"article","og_title":"What Questions Can a Business Ask You During a Job Interview?","og_description":"What Questions Can a Business Ask You During a Job Interview?: Premier Law Group helps you unlock the full compensation you deserve. No Fee Unless We Win.","og_url":"https:\/\/plg-pllc.com\/es\/faqs\/what-are-illegal-job-interview-questions\/","og_site_name":"Premier Law Group","article_publisher":"https:\/\/www.facebook.com\/premierlawgroup","article_modified_time":"2024-10-17T15:59:13+00:00","og_image":[{"width":400,"height":377,"url":"https:\/\/plg-pllc.com\/wp-content\/uploads\/2017\/03\/PLG-article-img.jpg","type":"image\/jpeg"}],"twitter_card":"summary_large_image","twitter_site":"@premierlawgroup","twitter_misc":{"Tiempo de lectura":"2 minutos"},"schema":{"@context":"https:\/\/schema.org","@graph":[{"@type":"WebPage","@id":"https:\/\/plg-pllc.com\/faqs\/what-are-illegal-job-interview-questions\/","url":"https:\/\/plg-pllc.com\/faqs\/what-are-illegal-job-interview-questions\/","name":"\u00bfQu\u00e9 preguntas puede hacerte una empresa durante una entrevista de trabajo?","isPartOf":{"@id":"https:\/\/plg-pllc.com\/#website"},"primaryImageOfPage":{"@id":"https:\/\/plg-pllc.com\/faqs\/what-are-illegal-job-interview-questions\/#primaryimage"},"image":{"@id":"https:\/\/plg-pllc.com\/faqs\/what-are-illegal-job-interview-questions\/#primaryimage"},"thumbnailUrl":"https:\/\/plg-pllc.com\/wp-content\/uploads\/2017\/03\/PLG-article-img.jpg","datePublished":"2010-10-19T18:14:12+00:00","dateModified":"2024-10-17T15:59:13+00:00","description":"\u00bfQu\u00e9 preguntas puede hacerle una empresa durante una entrevista de trabajo?: Premier Law Group le ayuda a conseguir la compensaci\u00f3n total que merece. Sin honorarios a menos que ganemos.","breadcrumb":{"@id":"https:\/\/plg-pllc.com\/faqs\/what-are-illegal-job-interview-questions\/#breadcrumb"},"inLanguage":"es","potentialAction":[{"@type":"ReadAction","target":["https:\/\/plg-pllc.com\/faqs\/what-are-illegal-job-interview-questions\/"]}]},{"@type":"ImageObject","inLanguage":"es","@id":"https:\/\/plg-pllc.com\/faqs\/what-are-illegal-job-interview-questions\/#primaryimage","url":"https:\/\/plg-pllc.com\/wp-content\/uploads\/2017\/03\/PLG-article-img.jpg","contentUrl":"https:\/\/plg-pllc.com\/wp-content\/uploads\/2017\/03\/PLG-article-img.jpg","width":400,"height":377,"caption":"What are the Most Common Types of Injuries in Pedestrian and Bicycle Accident Cases?"},{"@type":"BreadcrumbList","@id":"https:\/\/plg-pllc.com\/faqs\/what-are-illegal-job-interview-questions\/#breadcrumb","itemListElement":[{"@type":"ListItem","position":1,"name":"Home","item":"https:\/\/plg-pllc.com\/es\/"},{"@type":"ListItem","position":2,"name":"FAQs","item":"https:\/\/plg-pllc.com\/es\/faqs\/"},{"@type":"ListItem","position":3,"name":"What Questions Can a Business Ask You During a Job Interview?"}]},{"@type":"WebSite","@id":"https:\/\/plg-pllc.com\/#website","url":"https:\/\/plg-pllc.com\/","name":"Grupo de abogados Premier","description":"Abogado de muerte por negligencia y lesiones graves en Washington","publisher":{"@id":"https:\/\/plg-pllc.com\/#organization"},"inLanguage":"es"},{"@type":"Organization","@id":"https:\/\/plg-pllc.com\/#organization","name":"Grupo de abogados Premier","url":"https:\/\/plg-pllc.com\/","logo":{"@type":"ImageObject","inLanguage":"es","@id":"https:\/\/plg-pllc.com\/#\/schema\/logo\/image\/","url":"https:\/\/plg-pllc.com\/wp-content\/uploads\/2020\/10\/plg-logo-v2.gif","contentUrl":"https:\/\/plg-pllc.com\/wp-content\/uploads\/2020\/10\/plg-logo-v2.gif","width":592,"height":191,"caption":"Premier Law Group"},"image":{"@id":"https:\/\/plg-pllc.com\/#\/schema\/logo\/image\/"},"sameAs":["https:\/\/www.facebook.com\/premierlawgroup","https:\/\/x.com\/premierlawgroup"]}]}},"_links":{"self":[{"href":"https:\/\/plg-pllc.com\/es\/wp-json\/wp\/v2\/pages\/1502","targetHints":{"allow":["GET"]}}],"collection":[{"href":"https:\/\/plg-pllc.com\/es\/wp-json\/wp\/v2\/pages"}],"about":[{"href":"https:\/\/plg-pllc.com\/es\/wp-json\/wp\/v2\/types\/page"}],"author":[{"embeddable":true,"href":"https:\/\/plg-pllc.com\/es\/wp-json\/wp\/v2\/users\/2"}],"replies":[{"embeddable":true,"href":"https:\/\/plg-pllc.com\/es\/wp-json\/wp\/v2\/comments?post=1502"}],"version-history":[{"count":0,"href":"https:\/\/plg-pllc.com\/es\/wp-json\/wp\/v2\/pages\/1502\/revisions"}],"up":[{"embeddable":true,"href":"https:\/\/plg-pllc.com\/es\/wp-json\/wp\/v2\/pages\/20714"}],"wp:featuredmedia":[{"embeddable":true,"href":"https:\/\/plg-pllc.com\/es\/wp-json\/wp\/v2\/media\/13765"}],"wp:attachment":[{"href":"https:\/\/plg-pllc.com\/es\/wp-json\/wp\/v2\/media?parent=1502"}],"wp:term":[{"taxonomy":"hc_faqs","embeddable":true,"href":"https:\/\/plg-pllc.com\/es\/wp-json\/wp\/v2\/hc_faqs?post=1502"}],"curies":[{"name":"gracias","href":"https:\/\/api.w.org\/{rel}","templated":true}]}}