{"id":15304,"date":"2017-03-29T11:54:58","date_gmt":"2017-03-29T18:54:58","guid":{"rendered":"https:\/\/plg.wpengine.com\/?p=15304"},"modified":"2024-11-07T04:12:11","modified_gmt":"2024-11-07T12:12:11","slug":"jason-designed-as-the-top-ten-attorneys-in-washington-state-for-2017","status":"publish","type":"page","link":"https:\/\/plg-pllc.com\/es\/awards\/jason-designed-as-the-top-ten-attorneys-in-washington-state-for-2017\/","title":{"rendered":"Jason designado como uno de los diez mejores abogados del estado de Washington en 2017"},"content":{"rendered":"<p>La Academia Nacional de Abogados de Lesiones Personales (NAOPIA) nombr\u00f3 a Jason Epstein y Premier Law Group entre los diez mejores abogados del estado de Washington para el a\u00f1o 2017. Este premio se otorg\u00f3 en base a <a href=\"https:\/\/plg-pllc.com\/about-us\/\">Grupo de abogados Premier<\/a>El compromiso de con un servicio compasivo y un alto \u00edndice de satisfacci\u00f3n del cliente.<\/p>\n<p>Jason Epstein es un apasionado de la formaci\u00f3n continua para abogados, especialmente en el campo de las lesiones personales. Ha impartido cursos de Educaci\u00f3n Legal Continua (CLE) porque sabe lo importante que es mantenerse al d\u00eda con la informaci\u00f3n m\u00e1s reciente. Ofrecer a sus clientes una excelente representaci\u00f3n significa mejorar sus propias habilidades con la mayor frecuencia posible. Este reconocimiento de la NAOPIA es una prueba de su compromiso con la mejor representaci\u00f3n posible para todas las v\u00edctimas de negligencia en el estado de Washington.<\/p>\n<p>Para que un abogado sea nombrado uno de los diez mejores abogados de su estado, primero debe ser nominado por otro abogado o seleccionado por el equipo de investigaci\u00f3n de NAOPIA. Luego se completa un proceso de aprobaci\u00f3n de varios pasos, que finaliza con una votaci\u00f3n de la Junta de Gobernadores. Esto garantiza que solo los mejores abogados del \u00e1rea de Seattle formen parte de la lista.<\/p>\n<p>NAOPIA es una organizaci\u00f3n creada para ayudar a los abogados especializados en lesiones personales a perfeccionar su oficio y ayudar a quienes necesitan un abogado especializado en lesiones personales a encontrar la mejor representaci\u00f3n posible. Logran estos objetivos a trav\u00e9s de programas educativos y listas de abogados aprobados.<\/p><p><img loading=\"lazy\" decoding=\"async\" class=\"aligncenter size-medium wp-image-15305\" src=\"https:\/\/plg-pllc.com\/wp-content\/uploads\/2017\/03\/NAOPIA-top-10-PI-Attorney-300x242.png\" alt=\"\" width=\"300\" height=\"242\" srcset=\"https:\/\/plg-pllc.com\/wp-content\/uploads\/2017\/03\/NAOPIA-top-10-PI-Attorney-300x242.png 300w, https:\/\/plg-pllc.com\/wp-content\/uploads\/2017\/03\/NAOPIA-top-10-PI-Attorney.png 309w\" sizes=\"auto, (max-width: 300px) 100vw, 300px\" \/><\/p>","protected":false},"excerpt":{"rendered":"<p>En 2017, Jason Epstein recibi\u00f3 el prestigioso premio Top 10 Personal Injury Attorney del estado de Washington.<br \/>\nEl objetivo principal de NAOPIA es descubrir y reconocer a los 10 mejores abogados de lesiones personales en cada estado por su arduo trabajo.<\/p>","protected":false},"author":2,"featured_media":15305,"parent":20721,"menu_order":0,"comment_status":"closed","ping_status":"closed","template":"","meta":{"_acf_changed":false,"_genesis_hide_title":false,"_genesis_hide_breadcrumbs":false,"_genesis_hide_singular_image":false,"_genesis_hide_footer_widgets":false,"_genesis_custom_body_class":"","_genesis_custom_post_class":"","_genesis_layout":"","footnotes":""},"hc_faqs":[],"class_list":{"0":"post-15304","1":"page","2":"type-page","3":"status-publish","4":"has-post-thumbnail","6":"entry"},"acf":[],"yoast_head":"<!-- This site is optimized with the Yoast SEO plugin v27.4 - https:\/\/yoast.com\/product\/yoast-seo-wordpress\/ -->\n<title>Jason Designated as the top ten Attorneys in Washington State for 2017<\/title>\n<meta name=\"description\" content=\"For 2017, Jason Epstein received the prestigious Top 10 Personal Injury Attorney Award for the State of Washington. NAOPIA&#039;s primary goal is to discover and recognize the Top 10 Personal Injury Attorney in each state for their hard work. Call us for immediate help at 206-285-1743\" \/>\n<meta name=\"robots\" content=\"index, follow, max-snippet:-1, max-image-preview:large, max-video-preview:-1\" \/>\n<link rel=\"canonical\" href=\"https:\/\/plg-pllc.com\/es\/awards\/jason-designed-as-the-top-ten-attorneys-in-washington-state-for-2017\/\" \/>\n<meta property=\"og:locale\" content=\"es_MX\" \/>\n<meta property=\"og:type\" content=\"article\" \/>\n<meta property=\"og:title\" content=\"Jason Designated as the top ten Attorneys in Washington State for 2017\" \/>\n<meta property=\"og:description\" content=\"For 2017, Jason Epstein received the prestigious Top 10 Personal Injury Attorney Award for the State of Washington. NAOPIA&#039;s primary goal is to discover and recognize the Top 10 Personal Injury Attorney in each state for their hard work. Call us for immediate help at 206-285-1743\" \/>\n<meta property=\"og:url\" content=\"https:\/\/plg-pllc.com\/es\/awards\/jason-designed-as-the-top-ten-attorneys-in-washington-state-for-2017\/\" \/>\n<meta property=\"og:site_name\" content=\"Premier Law Group\" \/>\n<meta property=\"article:publisher\" content=\"https:\/\/www.facebook.com\/premierlawgroup\" \/>\n<meta property=\"article:modified_time\" content=\"2024-11-07T12:12:11+00:00\" \/>\n<meta property=\"og:image\" content=\"https:\/\/plg-pllc.com\/wp-content\/uploads\/2017\/03\/NAOPIA-top-10-PI-Attorney.png\" \/>\n\t<meta property=\"og:image:width\" content=\"309\" \/>\n\t<meta property=\"og:image:height\" content=\"249\" \/>\n\t<meta property=\"og:image:type\" content=\"image\/png\" \/>\n<meta name=\"twitter:card\" content=\"summary_large_image\" \/>\n<meta name=\"twitter:site\" content=\"@premierlawgroup\" \/>\n<meta name=\"twitter:label1\" content=\"Tiempo de lectura\" \/>\n\t<meta name=\"twitter:data1\" content=\"2 minutos\" \/>\n<script type=\"application\/ld+json\" class=\"yoast-schema-graph\">{\"@context\":\"https:\\\/\\\/schema.org\",\"@graph\":[{\"@type\":\"WebPage\",\"@id\":\"https:\\\/\\\/plg-pllc.com\\\/awards\\\/jason-designed-as-the-top-ten-attorneys-in-washington-state-for-2017\\\/\",\"url\":\"https:\\\/\\\/plg-pllc.com\\\/awards\\\/jason-designed-as-the-top-ten-attorneys-in-washington-state-for-2017\\\/\",\"name\":\"Jason Designated as the top ten Attorneys in Washington State for 2017\",\"isPartOf\":{\"@id\":\"https:\\\/\\\/plg-pllc.com\\\/#website\"},\"primaryImageOfPage\":{\"@id\":\"https:\\\/\\\/plg-pllc.com\\\/awards\\\/jason-designed-as-the-top-ten-attorneys-in-washington-state-for-2017\\\/#primaryimage\"},\"image\":{\"@id\":\"https:\\\/\\\/plg-pllc.com\\\/awards\\\/jason-designed-as-the-top-ten-attorneys-in-washington-state-for-2017\\\/#primaryimage\"},\"thumbnailUrl\":\"https:\\\/\\\/plg-pllc.com\\\/wp-content\\\/uploads\\\/2017\\\/03\\\/NAOPIA-top-10-PI-Attorney.png\",\"datePublished\":\"2017-03-29T18:54:58+00:00\",\"dateModified\":\"2024-11-07T12:12:11+00:00\",\"description\":\"For 2017, Jason Epstein received the prestigious Top 10 Personal Injury Attorney Award for the State of Washington. NAOPIA's primary goal is to discover and recognize the Top 10 Personal Injury Attorney in each state for their hard work. Call us for immediate help at 206-285-1743\",\"breadcrumb\":{\"@id\":\"https:\\\/\\\/plg-pllc.com\\\/awards\\\/jason-designed-as-the-top-ten-attorneys-in-washington-state-for-2017\\\/#breadcrumb\"},\"inLanguage\":\"es\",\"potentialAction\":[{\"@type\":\"ReadAction\",\"target\":[\"https:\\\/\\\/plg-pllc.com\\\/awards\\\/jason-designed-as-the-top-ten-attorneys-in-washington-state-for-2017\\\/\"]}]},{\"@type\":\"ImageObject\",\"inLanguage\":\"es\",\"@id\":\"https:\\\/\\\/plg-pllc.com\\\/awards\\\/jason-designed-as-the-top-ten-attorneys-in-washington-state-for-2017\\\/#primaryimage\",\"url\":\"https:\\\/\\\/plg-pllc.com\\\/wp-content\\\/uploads\\\/2017\\\/03\\\/NAOPIA-top-10-PI-Attorney.png\",\"contentUrl\":\"https:\\\/\\\/plg-pllc.com\\\/wp-content\\\/uploads\\\/2017\\\/03\\\/NAOPIA-top-10-PI-Attorney.png\",\"width\":309,\"height\":249,\"caption\":\"top 10 PI Attorney\"},{\"@type\":\"BreadcrumbList\",\"@id\":\"https:\\\/\\\/plg-pllc.com\\\/awards\\\/jason-designed-as-the-top-ten-attorneys-in-washington-state-for-2017\\\/#breadcrumb\",\"itemListElement\":[{\"@type\":\"ListItem\",\"position\":1,\"name\":\"Home\",\"item\":\"https:\\\/\\\/plg-pllc.com\\\/es\\\/\"},{\"@type\":\"ListItem\",\"position\":2,\"name\":\"Awards\",\"item\":\"https:\\\/\\\/plg-pllc.com\\\/es\\\/awards\\\/\"},{\"@type\":\"ListItem\",\"position\":3,\"name\":\"Jason Designated as the top ten Attorneys in Washington State for 2017\"}]},{\"@type\":\"WebSite\",\"@id\":\"https:\\\/\\\/plg-pllc.com\\\/#website\",\"url\":\"https:\\\/\\\/plg-pllc.com\\\/\",\"name\":\"Premier Law Group\",\"description\":\"Washington Wrongful Death and Serious Injury Lawyer\",\"publisher\":{\"@id\":\"https:\\\/\\\/plg-pllc.com\\\/#organization\"},\"inLanguage\":\"es\"},{\"@type\":\"Organization\",\"@id\":\"https:\\\/\\\/plg-pllc.com\\\/#organization\",\"name\":\"Premier Law Group\",\"url\":\"https:\\\/\\\/plg-pllc.com\\\/\",\"logo\":{\"@type\":\"ImageObject\",\"inLanguage\":\"es\",\"@id\":\"https:\\\/\\\/plg-pllc.com\\\/#\\\/schema\\\/logo\\\/image\\\/\",\"url\":\"https:\\\/\\\/plg-pllc.com\\\/wp-content\\\/uploads\\\/2020\\\/10\\\/plg-logo-v2.gif\",\"contentUrl\":\"https:\\\/\\\/plg-pllc.com\\\/wp-content\\\/uploads\\\/2020\\\/10\\\/plg-logo-v2.gif\",\"width\":592,\"height\":191,\"caption\":\"Premier Law Group\"},\"image\":{\"@id\":\"https:\\\/\\\/plg-pllc.com\\\/#\\\/schema\\\/logo\\\/image\\\/\"},\"sameAs\":[\"https:\\\/\\\/www.facebook.com\\\/premierlawgroup\",\"https:\\\/\\\/x.com\\\/premierlawgroup\"]}]}<\/script>\n<!-- \/ Yoast SEO plugin. -->","yoast_head_json":{"title":"Jason designado como uno de los diez mejores abogados del estado de Washington en 2017","description":"En 2017, Jason Epstein recibi\u00f3 el prestigioso premio Top 10 Personal Injury Attorney Award del estado de Washington. El objetivo principal de NAOPIA es descubrir y reconocer a los 10 mejores abogados de lesiones personales de cada estado por su arduo trabajo. Ll\u00e1menos para recibir ayuda inmediata al 206-285-1743","robots":{"index":"index","follow":"follow","max-snippet":"max-snippet:-1","max-image-preview":"max-image-preview:large","max-video-preview":"max-video-preview:-1"},"canonical":"https:\/\/plg-pllc.com\/es\/awards\/jason-designed-as-the-top-ten-attorneys-in-washington-state-for-2017\/","og_locale":"es_MX","og_type":"article","og_title":"Jason Designated as the top ten Attorneys in Washington State for 2017","og_description":"For 2017, Jason Epstein received the prestigious Top 10 Personal Injury Attorney Award for the State of Washington. NAOPIA's primary goal is to discover and recognize the Top 10 Personal Injury Attorney in each state for their hard work. Call us for immediate help at 206-285-1743","og_url":"https:\/\/plg-pllc.com\/es\/awards\/jason-designed-as-the-top-ten-attorneys-in-washington-state-for-2017\/","og_site_name":"Premier Law Group","article_publisher":"https:\/\/www.facebook.com\/premierlawgroup","article_modified_time":"2024-11-07T12:12:11+00:00","og_image":[{"width":309,"height":249,"url":"https:\/\/plg-pllc.com\/wp-content\/uploads\/2017\/03\/NAOPIA-top-10-PI-Attorney.png","type":"image\/png"}],"twitter_card":"summary_large_image","twitter_site":"@premierlawgroup","twitter_misc":{"Tiempo de lectura":"2 minutos"},"schema":{"@context":"https:\/\/schema.org","@graph":[{"@type":"WebPage","@id":"https:\/\/plg-pllc.com\/awards\/jason-designed-as-the-top-ten-attorneys-in-washington-state-for-2017\/","url":"https:\/\/plg-pllc.com\/awards\/jason-designed-as-the-top-ten-attorneys-in-washington-state-for-2017\/","name":"Jason designado como uno de los diez mejores abogados del estado de Washington en 2017","isPartOf":{"@id":"https:\/\/plg-pllc.com\/#website"},"primaryImageOfPage":{"@id":"https:\/\/plg-pllc.com\/awards\/jason-designed-as-the-top-ten-attorneys-in-washington-state-for-2017\/#primaryimage"},"image":{"@id":"https:\/\/plg-pllc.com\/awards\/jason-designed-as-the-top-ten-attorneys-in-washington-state-for-2017\/#primaryimage"},"thumbnailUrl":"https:\/\/plg-pllc.com\/wp-content\/uploads\/2017\/03\/NAOPIA-top-10-PI-Attorney.png","datePublished":"2017-03-29T18:54:58+00:00","dateModified":"2024-11-07T12:12:11+00:00","description":"En 2017, Jason Epstein recibi\u00f3 el prestigioso premio Top 10 Personal Injury Attorney Award del estado de Washington. El objetivo principal de NAOPIA es descubrir y reconocer a los 10 mejores abogados de lesiones personales de cada estado por su arduo trabajo. Ll\u00e1menos para recibir ayuda inmediata al 206-285-1743","breadcrumb":{"@id":"https:\/\/plg-pllc.com\/awards\/jason-designed-as-the-top-ten-attorneys-in-washington-state-for-2017\/#breadcrumb"},"inLanguage":"es","potentialAction":[{"@type":"ReadAction","target":["https:\/\/plg-pllc.com\/awards\/jason-designed-as-the-top-ten-attorneys-in-washington-state-for-2017\/"]}]},{"@type":"ImageObject","inLanguage":"es","@id":"https:\/\/plg-pllc.com\/awards\/jason-designed-as-the-top-ten-attorneys-in-washington-state-for-2017\/#primaryimage","url":"https:\/\/plg-pllc.com\/wp-content\/uploads\/2017\/03\/NAOPIA-top-10-PI-Attorney.png","contentUrl":"https:\/\/plg-pllc.com\/wp-content\/uploads\/2017\/03\/NAOPIA-top-10-PI-Attorney.png","width":309,"height":249,"caption":"top 10 PI Attorney"},{"@type":"BreadcrumbList","@id":"https:\/\/plg-pllc.com\/awards\/jason-designed-as-the-top-ten-attorneys-in-washington-state-for-2017\/#breadcrumb","itemListElement":[{"@type":"ListItem","position":1,"name":"Home","item":"https:\/\/plg-pllc.com\/es\/"},{"@type":"ListItem","position":2,"name":"Awards","item":"https:\/\/plg-pllc.com\/es\/awards\/"},{"@type":"ListItem","position":3,"name":"Jason Designated as the top ten Attorneys in Washington State for 2017"}]},{"@type":"WebSite","@id":"https:\/\/plg-pllc.com\/#website","url":"https:\/\/plg-pllc.com\/","name":"Grupo de abogados Premier","description":"Abogado de muerte por negligencia y lesiones graves en Washington","publisher":{"@id":"https:\/\/plg-pllc.com\/#organization"},"inLanguage":"es"},{"@type":"Organization","@id":"https:\/\/plg-pllc.com\/#organization","name":"Grupo de abogados Premier","url":"https:\/\/plg-pllc.com\/","logo":{"@type":"ImageObject","inLanguage":"es","@id":"https:\/\/plg-pllc.com\/#\/schema\/logo\/image\/","url":"https:\/\/plg-pllc.com\/wp-content\/uploads\/2020\/10\/plg-logo-v2.gif","contentUrl":"https:\/\/plg-pllc.com\/wp-content\/uploads\/2020\/10\/plg-logo-v2.gif","width":592,"height":191,"caption":"Premier Law Group"},"image":{"@id":"https:\/\/plg-pllc.com\/#\/schema\/logo\/image\/"},"sameAs":["https:\/\/www.facebook.com\/premierlawgroup","https:\/\/x.com\/premierlawgroup"]}]}},"_links":{"self":[{"href":"https:\/\/plg-pllc.com\/es\/wp-json\/wp\/v2\/pages\/15304","targetHints":{"allow":["GET"]}}],"collection":[{"href":"https:\/\/plg-pllc.com\/es\/wp-json\/wp\/v2\/pages"}],"about":[{"href":"https:\/\/plg-pllc.com\/es\/wp-json\/wp\/v2\/types\/page"}],"author":[{"embeddable":true,"href":"https:\/\/plg-pllc.com\/es\/wp-json\/wp\/v2\/users\/2"}],"replies":[{"embeddable":true,"href":"https:\/\/plg-pllc.com\/es\/wp-json\/wp\/v2\/comments?post=15304"}],"version-history":[{"count":0,"href":"https:\/\/plg-pllc.com\/es\/wp-json\/wp\/v2\/pages\/15304\/revisions"}],"up":[{"embeddable":true,"href":"https:\/\/plg-pllc.com\/es\/wp-json\/wp\/v2\/pages\/20721"}],"wp:featuredmedia":[{"embeddable":true,"href":"https:\/\/plg-pllc.com\/es\/wp-json\/wp\/v2\/media\/15305"}],"wp:attachment":[{"href":"https:\/\/plg-pllc.com\/es\/wp-json\/wp\/v2\/media?parent=15304"}],"wp:term":[{"taxonomy":"hc_faqs","embeddable":true,"href":"https:\/\/plg-pllc.com\/es\/wp-json\/wp\/v2\/hc_faqs?post=15304"}],"curies":[{"name":"gracias","href":"https:\/\/api.w.org\/{rel}","templated":true}]}}