{"id":15358,"date":"2017-03-29T17:04:31","date_gmt":"2017-03-30T00:04:31","guid":{"rendered":"https:\/\/plg.wpengine.com\/?page_id=15358"},"modified":"2026-03-24T15:17:49","modified_gmt":"2026-03-24T22:17:49","slug":"delays-can-damage-your-case","status":"publish","type":"page","link":"https:\/\/plg-pllc.com\/es\/faqs\/delays-can-damage-case\/","title":{"rendered":"Los retrasos pueden da\u00f1ar su caso"},"content":{"rendered":"<h2>Estatutos de limitaciones<\/h2>\n<p>Existen plazos estrictos e inamovibles para los casos de lesiones en el sistema legal. Se denominan prescripci\u00f3n y son reglas que limitan el tiempo en el que puede llevar su caso a juicio. Si demora demasiado en hablar con un abogado, su caso puede quedar fuera del plazo de prescripci\u00f3n y no podr\u00e1 recuperar la indemnizaci\u00f3n.<\/p>\n<p>Un abogado con experiencia en lesiones personales no se apresurar\u00e1 en su caso. Cuanto m\u00e1s tiempo tengamos para trabajar con usted, m\u00e1s s\u00f3lido ser\u00e1 su caso y mejor ser\u00e1 nuestra posici\u00f3n para negociar con las compa\u00f1\u00edas de seguros. Si ha sufrido lesiones graves en un accidente y desea elaborar una hoja de ruta para su caso, ll\u00e1menos al 206-285-1743 para hablar con nuestro personal amable y experto.<\/p>\n<h3>\u00bfCu\u00e1nto tiempo tengo para presentar una demanda por lesiones personales en el estado de Washington?<\/h3>\n<p>De acuerdo con la <a href=\"https:\/\/app.leg.wa.gov\/rcw\/default.aspx?cite=4.16.080\/\">C\u00f3digo Revisado de Washington (RCW) 4.16.080<\/a>, las siguientes acciones deber\u00e1n iniciarse en el plazo de tres a\u00f1os:<br \/>\n\u201c(2) Una acci\u00f3n para tomar, retener o da\u00f1ar propiedad personal, incluyendo una acci\u00f3n para la recuperaci\u00f3n espec\u00edfica de la misma, o por cualquier otra lesi\u00f3n a la persona o derechos de otra persona no enumerada a continuaci\u00f3n;\u201d<\/p>\n<p>Sin embargo, existen algunas excepciones a esta regla y la mejor manera de determinarla es consultar a un abogado con experiencia en lesiones personales.<\/p>\n<h3>\u00bfA\u00fan tiene preguntas sobre los plazos de prescripci\u00f3n? Ll\u00e1menos ahora para una consulta GRATUITA con un abogado especializado en lesiones personales<\/h3>\n<p>Si usted o un ser querido ha sufrido un caso de lesiones personales, como un accidente de veh\u00edculo, un accidente de motocicleta, un accidente de bicicleta, mordeduras de perro o muerte por negligencia, ll\u00e1menos ahora al 206-285-1743. Ofrecemos consultas GRATUITAS con uno de nuestros abogados con experiencia en lesiones personales.<\/p>\n\n        <div class=\"rs-content-cta\">\n            <p>Llamar o enviar mensaje de texto <a href=\"tel:+12062851743\">(206) 285-1743<\/a> o complete un formulario de evaluaci\u00f3n de caso gratuito<\/p>\n            <a href=\"https:\/\/plg-pllc.com\/es\/contact-us\/\" title=\"OBTENGA UNA EVALUACI\u00d3N DE CASO GRATUITA\" class=\"btn-global\">OBTENGA UNA EVALUACI\u00d3N DE CASO GRATUITA<\/a>\n                    <picture>\n                            <source srcset=\"https:\/\/plg-pllc.com\/wp-content\/themes\/plg-pllc-redesign\/assets\/app\/img\/cta-thumb.webp\" type=\"image\/webp\"\/>\n                            <img src=\"https:\/\/plg-pllc.com\/wp-content\/themes\/plg-pllc-redesign\/assets\/app\/img\/cta-thumb.png\" alt=\"Grupo de abogados Premier\" title=\"Grupo de abogados Premier\" width=\"245\" height=\"220\" loading=\"auto\" fetchpriority=\"auto\" decoding=\"async\"\/>\n        <\/picture>\n        \n        <\/div>","protected":false},"excerpt":{"rendered":"<p>Estatutos de limitaciones Existen plazos estrictos y r\u00e1pidos para los casos de lesiones incorporados en el sistema legal. Estos se denominan Estatutos de limitaciones y son reglas que limitan el per\u00edodo de tiempo en el que puede llevar su caso de lesiones a juicio. Si demora demasiado en hablar con un abogado, su caso \u2026<\/p>","protected":false},"author":10,"featured_media":17585,"parent":7532,"menu_order":0,"comment_status":"closed","ping_status":"closed","template":"","meta":{"_acf_changed":false,"_genesis_hide_title":false,"_genesis_hide_breadcrumbs":false,"_genesis_hide_singular_image":false,"_genesis_hide_footer_widgets":false,"_genesis_custom_body_class":"","_genesis_custom_post_class":"","_genesis_layout":"","footnotes":""},"hc_faqs":[10352],"class_list":{"0":"post-15358","1":"page","2":"type-page","3":"status-publish","4":"has-post-thumbnail","6":"hc_faqs-law-news","7":"entry"},"acf":[],"yoast_head":"<!-- This site is optimized with the Yoast SEO plugin v27.4 - https:\/\/yoast.com\/product\/yoast-seo-wordpress\/ -->\n<title>Delays Can Damage Your Case | Premier Law Group<\/title>\n<meta name=\"description\" content=\"There are hard and fast deadlines for injury cases built into the legal system. These are called Statutes of Limitations. Act quickly.\" \/>\n<meta name=\"robots\" content=\"index, follow, max-snippet:-1, max-image-preview:large, max-video-preview:-1\" \/>\n<link rel=\"canonical\" href=\"https:\/\/plg-pllc.com\/es\/faqs\/delays-can-damage-case\/\" \/>\n<meta property=\"og:locale\" content=\"es_MX\" \/>\n<meta property=\"og:type\" content=\"article\" \/>\n<meta property=\"og:title\" content=\"Delays Can Damage Your Case | Premier Law Group\" \/>\n<meta property=\"og:description\" content=\"There are hard and fast deadlines for injury cases built into the legal system. These are called Statutes of Limitations. Act quickly.\" \/>\n<meta property=\"og:url\" content=\"https:\/\/plg-pllc.com\/es\/faqs\/delays-can-damage-case\/\" \/>\n<meta property=\"og:site_name\" content=\"Premier Law Group\" \/>\n<meta property=\"article:publisher\" content=\"https:\/\/www.facebook.com\/premierlawgroup\" \/>\n<meta property=\"article:modified_time\" content=\"2026-03-24T22:17:49+00:00\" \/>\n<meta property=\"og:image\" content=\"https:\/\/plg-pllc.com\/wp-content\/uploads\/2020\/04\/lady-justice-2388500_1920.jpg\" \/>\n\t<meta property=\"og:image:width\" content=\"1920\" \/>\n\t<meta property=\"og:image:height\" content=\"1439\" \/>\n\t<meta property=\"og:image:type\" content=\"image\/jpeg\" \/>\n<meta name=\"twitter:card\" content=\"summary_large_image\" \/>\n<meta name=\"twitter:site\" content=\"@premierlawgroup\" \/>\n<meta name=\"twitter:label1\" content=\"Tiempo de lectura\" \/>\n\t<meta name=\"twitter:data1\" content=\"2 minutos\" \/>\n<script type=\"application\/ld+json\" class=\"yoast-schema-graph\">{\"@context\":\"https:\\\/\\\/schema.org\",\"@graph\":[{\"@type\":\"WebPage\",\"@id\":\"https:\\\/\\\/plg-pllc.com\\\/faqs\\\/delays-can-damage-case\\\/\",\"url\":\"https:\\\/\\\/plg-pllc.com\\\/faqs\\\/delays-can-damage-case\\\/\",\"name\":\"Delays Can Damage Your Case | Premier Law Group\",\"isPartOf\":{\"@id\":\"https:\\\/\\\/plg-pllc.com\\\/#website\"},\"primaryImageOfPage\":{\"@id\":\"https:\\\/\\\/plg-pllc.com\\\/faqs\\\/delays-can-damage-case\\\/#primaryimage\"},\"image\":{\"@id\":\"https:\\\/\\\/plg-pllc.com\\\/faqs\\\/delays-can-damage-case\\\/#primaryimage\"},\"thumbnailUrl\":\"https:\\\/\\\/plg-pllc.com\\\/wp-content\\\/uploads\\\/2020\\\/04\\\/lady-justice-2388500_1920.jpg\",\"datePublished\":\"2017-03-30T00:04:31+00:00\",\"dateModified\":\"2026-03-24T22:17:49+00:00\",\"description\":\"There are hard and fast deadlines for injury cases built into the legal system. These are called Statutes of Limitations. Act quickly.\",\"breadcrumb\":{\"@id\":\"https:\\\/\\\/plg-pllc.com\\\/faqs\\\/delays-can-damage-case\\\/#breadcrumb\"},\"inLanguage\":\"es\",\"potentialAction\":[{\"@type\":\"ReadAction\",\"target\":[\"https:\\\/\\\/plg-pllc.com\\\/faqs\\\/delays-can-damage-case\\\/\"]}]},{\"@type\":\"ImageObject\",\"inLanguage\":\"es\",\"@id\":\"https:\\\/\\\/plg-pllc.com\\\/faqs\\\/delays-can-damage-case\\\/#primaryimage\",\"url\":\"https:\\\/\\\/plg-pllc.com\\\/wp-content\\\/uploads\\\/2020\\\/04\\\/lady-justice-2388500_1920.jpg\",\"contentUrl\":\"https:\\\/\\\/plg-pllc.com\\\/wp-content\\\/uploads\\\/2020\\\/04\\\/lady-justice-2388500_1920.jpg\",\"width\":1920,\"height\":1439,\"caption\":\"Statute of Limitations\"},{\"@type\":\"BreadcrumbList\",\"@id\":\"https:\\\/\\\/plg-pllc.com\\\/faqs\\\/delays-can-damage-case\\\/#breadcrumb\",\"itemListElement\":[{\"@type\":\"ListItem\",\"position\":1,\"name\":\"Home\",\"item\":\"https:\\\/\\\/plg-pllc.com\\\/es\\\/\"},{\"@type\":\"ListItem\",\"position\":2,\"name\":\"Blog\",\"item\":\"https:\\\/\\\/plg-pllc.com\\\/es\\\/blog\\\/\"},{\"@type\":\"ListItem\",\"position\":3,\"name\":\"Delays Can Damage Your Case\"}]},{\"@type\":\"WebSite\",\"@id\":\"https:\\\/\\\/plg-pllc.com\\\/#website\",\"url\":\"https:\\\/\\\/plg-pllc.com\\\/\",\"name\":\"Premier Law Group\",\"description\":\"Washington Wrongful Death and Serious Injury Lawyer\",\"publisher\":{\"@id\":\"https:\\\/\\\/plg-pllc.com\\\/#organization\"},\"inLanguage\":\"es\"},{\"@type\":\"Organization\",\"@id\":\"https:\\\/\\\/plg-pllc.com\\\/#organization\",\"name\":\"Premier Law Group\",\"url\":\"https:\\\/\\\/plg-pllc.com\\\/\",\"logo\":{\"@type\":\"ImageObject\",\"inLanguage\":\"es\",\"@id\":\"https:\\\/\\\/plg-pllc.com\\\/#\\\/schema\\\/logo\\\/image\\\/\",\"url\":\"https:\\\/\\\/plg-pllc.com\\\/wp-content\\\/uploads\\\/2020\\\/10\\\/plg-logo-v2.gif\",\"contentUrl\":\"https:\\\/\\\/plg-pllc.com\\\/wp-content\\\/uploads\\\/2020\\\/10\\\/plg-logo-v2.gif\",\"width\":592,\"height\":191,\"caption\":\"Premier Law Group\"},\"image\":{\"@id\":\"https:\\\/\\\/plg-pllc.com\\\/#\\\/schema\\\/logo\\\/image\\\/\"},\"sameAs\":[\"https:\\\/\\\/www.facebook.com\\\/premierlawgroup\",\"https:\\\/\\\/x.com\\\/premierlawgroup\"]}]}<\/script>\n<!-- \/ Yoast SEO plugin. -->","yoast_head_json":{"title":"Los retrasos pueden perjudicar su caso | Premier Law Group","description":"El sistema legal establece plazos estrictos para los casos de lesiones. Se denominan estatutos de limitaciones. Act\u00fae r\u00e1pidamente.","robots":{"index":"index","follow":"follow","max-snippet":"max-snippet:-1","max-image-preview":"max-image-preview:large","max-video-preview":"max-video-preview:-1"},"canonical":"https:\/\/plg-pllc.com\/es\/faqs\/delays-can-damage-case\/","og_locale":"es_MX","og_type":"article","og_title":"Delays Can Damage Your Case | Premier Law Group","og_description":"There are hard and fast deadlines for injury cases built into the legal system. These are called Statutes of Limitations. Act quickly.","og_url":"https:\/\/plg-pllc.com\/es\/faqs\/delays-can-damage-case\/","og_site_name":"Premier Law Group","article_publisher":"https:\/\/www.facebook.com\/premierlawgroup","article_modified_time":"2026-03-24T22:17:49+00:00","og_image":[{"width":1920,"height":1439,"url":"https:\/\/plg-pllc.com\/wp-content\/uploads\/2020\/04\/lady-justice-2388500_1920.jpg","type":"image\/jpeg"}],"twitter_card":"summary_large_image","twitter_site":"@premierlawgroup","twitter_misc":{"Tiempo de lectura":"2 minutos"},"schema":{"@context":"https:\/\/schema.org","@graph":[{"@type":"WebPage","@id":"https:\/\/plg-pllc.com\/faqs\/delays-can-damage-case\/","url":"https:\/\/plg-pllc.com\/faqs\/delays-can-damage-case\/","name":"Los retrasos pueden perjudicar su caso | Premier Law Group","isPartOf":{"@id":"https:\/\/plg-pllc.com\/#website"},"primaryImageOfPage":{"@id":"https:\/\/plg-pllc.com\/faqs\/delays-can-damage-case\/#primaryimage"},"image":{"@id":"https:\/\/plg-pllc.com\/faqs\/delays-can-damage-case\/#primaryimage"},"thumbnailUrl":"https:\/\/plg-pllc.com\/wp-content\/uploads\/2020\/04\/lady-justice-2388500_1920.jpg","datePublished":"2017-03-30T00:04:31+00:00","dateModified":"2026-03-24T22:17:49+00:00","description":"El sistema legal establece plazos estrictos para los casos de lesiones. Se denominan estatutos de limitaciones. Act\u00fae r\u00e1pidamente.","breadcrumb":{"@id":"https:\/\/plg-pllc.com\/faqs\/delays-can-damage-case\/#breadcrumb"},"inLanguage":"es","potentialAction":[{"@type":"ReadAction","target":["https:\/\/plg-pllc.com\/faqs\/delays-can-damage-case\/"]}]},{"@type":"ImageObject","inLanguage":"es","@id":"https:\/\/plg-pllc.com\/faqs\/delays-can-damage-case\/#primaryimage","url":"https:\/\/plg-pllc.com\/wp-content\/uploads\/2020\/04\/lady-justice-2388500_1920.jpg","contentUrl":"https:\/\/plg-pllc.com\/wp-content\/uploads\/2020\/04\/lady-justice-2388500_1920.jpg","width":1920,"height":1439,"caption":"Statute of Limitations"},{"@type":"BreadcrumbList","@id":"https:\/\/plg-pllc.com\/faqs\/delays-can-damage-case\/#breadcrumb","itemListElement":[{"@type":"ListItem","position":1,"name":"Home","item":"https:\/\/plg-pllc.com\/es\/"},{"@type":"ListItem","position":2,"name":"Blog","item":"https:\/\/plg-pllc.com\/es\/blog\/"},{"@type":"ListItem","position":3,"name":"Delays Can Damage Your Case"}]},{"@type":"WebSite","@id":"https:\/\/plg-pllc.com\/#website","url":"https:\/\/plg-pllc.com\/","name":"Grupo de abogados Premier","description":"Abogado de muerte por negligencia y lesiones graves en Washington","publisher":{"@id":"https:\/\/plg-pllc.com\/#organization"},"inLanguage":"es"},{"@type":"Organization","@id":"https:\/\/plg-pllc.com\/#organization","name":"Grupo de abogados Premier","url":"https:\/\/plg-pllc.com\/","logo":{"@type":"ImageObject","inLanguage":"es","@id":"https:\/\/plg-pllc.com\/#\/schema\/logo\/image\/","url":"https:\/\/plg-pllc.com\/wp-content\/uploads\/2020\/10\/plg-logo-v2.gif","contentUrl":"https:\/\/plg-pllc.com\/wp-content\/uploads\/2020\/10\/plg-logo-v2.gif","width":592,"height":191,"caption":"Premier Law Group"},"image":{"@id":"https:\/\/plg-pllc.com\/#\/schema\/logo\/image\/"},"sameAs":["https:\/\/www.facebook.com\/premierlawgroup","https:\/\/x.com\/premierlawgroup"]}]}},"_links":{"self":[{"href":"https:\/\/plg-pllc.com\/es\/wp-json\/wp\/v2\/pages\/15358","targetHints":{"allow":["GET"]}}],"collection":[{"href":"https:\/\/plg-pllc.com\/es\/wp-json\/wp\/v2\/pages"}],"about":[{"href":"https:\/\/plg-pllc.com\/es\/wp-json\/wp\/v2\/types\/page"}],"author":[{"embeddable":true,"href":"https:\/\/plg-pllc.com\/es\/wp-json\/wp\/v2\/users\/10"}],"replies":[{"embeddable":true,"href":"https:\/\/plg-pllc.com\/es\/wp-json\/wp\/v2\/comments?post=15358"}],"version-history":[{"count":0,"href":"https:\/\/plg-pllc.com\/es\/wp-json\/wp\/v2\/pages\/15358\/revisions"}],"up":[{"embeddable":true,"href":"https:\/\/plg-pllc.com\/es\/wp-json\/wp\/v2\/pages\/7532"}],"wp:featuredmedia":[{"embeddable":true,"href":"https:\/\/plg-pllc.com\/es\/wp-json\/wp\/v2\/media\/17585"}],"wp:attachment":[{"href":"https:\/\/plg-pllc.com\/es\/wp-json\/wp\/v2\/media?parent=15358"}],"wp:term":[{"taxonomy":"hc_faqs","embeddable":true,"href":"https:\/\/plg-pllc.com\/es\/wp-json\/wp\/v2\/hc_faqs?post=15358"}],"curies":[{"name":"gracias","href":"https:\/\/api.w.org\/{rel}","templated":true}]}}