{"id":15374,"date":"2017-03-30T17:09:39","date_gmt":"2017-03-31T00:09:39","guid":{"rendered":"https:\/\/plg.wpengine.com\/?page_id=15374"},"modified":"2024-11-07T04:12:09","modified_gmt":"2024-11-07T12:12:09","slug":"why-we-are-different","status":"publish","type":"page","link":"https:\/\/plg-pllc.com\/es\/about-us\/why-are-we-different\/","title":{"rendered":"\u00a1La diferencia de Premier Law Group!"},"content":{"rendered":"<h2>La diferencia de Premier Law Group<\/h2>\n<p>Desde su primera llamada hasta el acuerdo final, Premier Law Group no opera como un bufete de abogados t\u00edpico. Trabajaremos en equipo para asegurarnos de que reciba la mejor representaci\u00f3n legal posible.<\/p>\n<h3 class=\"text-header\">1. Abogados que son directos y est\u00e1n de su lado<\/h3>\n<p>Nuestros a\u00f1os de experiencia han revelado una verdad b\u00e1sica: las v\u00edctimas necesitan informaci\u00f3n clara y precisa sobre c\u00f3mo seguir adelante. Nuestros abogados le dir\u00e1n la verdad, incluso si esa verdad es que usted no necesita un abogado para obtener lo que necesita para recuperarse y reconstruir su vida. Si puede manejar su caso por su cuenta, se lo haremos saber y le daremos nuestro libro, \u201cC\u00f3mo resolver su propio caso de lesiones personales\u201d. El abogado de Premier Law Group, Jason Epstein, escribi\u00f3 esto espec\u00edficamente para aquellas v\u00edctimas que no necesitan un abogado, pero pueden beneficiarse del conocimiento sobre los entresijos de las compa\u00f1\u00edas de seguros y el sistema legal.<\/p>\n<h3 class=\"text-header\">2. No es una consulta, es una conversaci\u00f3n<\/h3>\n<p>Llamar a un abogado despu\u00e9s de un accidente automovil\u00edstico u otra lesi\u00f3n personal no es f\u00e1cil, y hay abogados que nos dan mala fama a los dem\u00e1s. Nuestro objetivo es demostrar que todos los abogados de Premier Law Group est\u00e1n comprometidos con un nivel de servicio compasivo que rara vez se encuentra en cualquier lugar del estado de Washington. Nadie puede garantizar una tasa de \u00e9xito de 100%, pero podemos garantizar que cada persona asignada a su caso, desde el abogado hasta el asistente legal, est\u00e1 completamente comprometida a lograr justicia para usted. Cambiar las opiniones sobre los abogados de lesiones personales para personas de Federal Way, Renton, Bellevue y Seattle no es solo un negocio para Premier Law Group, \u00a1es personal!<\/p>\n<h3 class=\"text-header\">3. No paga nada por adelantado y no paga comisiones a menos que ganemos<\/h3>\n<p>Muchas personas piensan que nunca podr\u00edan pagar un abogado o que un abogado les quitar\u00eda lo que necesitan para recuperar de su acuerdo. La verdad es la siguiente: si no gana, no cobramos. Las compa\u00f1\u00edas de seguros han realizado investigaciones que demuestran que las v\u00edctimas que cuentan con un abogado reciben una cantidad 3,5 veces mayor que las que no cuentan con \u00e9l. La mayor\u00eda de las veces, lo mejor para usted es contratar a un abogado de lesiones personales de Seattle con experiencia para que le ayude a conseguir lo que necesita para pasar al siguiente cap\u00edtulo de su vida.<\/p>\n<h3 class=\"text-header\">4. Conocimiento y experiencia local<\/h3>\n<p>La mayor\u00eda de las personas no conocen a un abogado especializado en lesiones personales, por lo que Google y las recomendaciones son la \u00fanica forma de encontrar a alguien que pueda ayudarlo. Es dif\u00edcil saber qui\u00e9n ser\u00e1 el adecuado para usted y su situaci\u00f3n particular. No todos los abogados tienen la misma experiencia y formaci\u00f3n. Nuestra experiencia y conocimiento nos hacen excepcionalmente calificados para una amplia gama de casos de lesiones personales. Gastar mucho dinero en publicidad no es tan valioso para nosotros como la recomendaci\u00f3n sincera de nuestros clientes satisfechos. Estamos orgullosos de decir que este trabajo no ha pasado desapercibido.<\/p>\n<p>Premier Law Group recibi\u00f3 recientemente:<\/p>\n<ul>\n<li><i class=\"fa fa-li fa-trophy brand-red\"><\/i>Los 10 mejores abogados de lesiones personales en el estado de Washington seg\u00fan el prestigioso Instituto Americano de Abogados de Lesiones Personales (AIOPIA)<\/li>\n<li><i class=\"fa fa-li fa-trophy brend-red\"><\/i>Firma de abogados de atenci\u00f3n al cliente de 2017 en Seattle seg\u00fan la organizaci\u00f3n ACQ5<\/li>\n<\/ul>\n<p>Haga clic para ver m\u00e1s premios de Premier Law Group.<\/p>\n<p>Pero no solo es importante para nosotros que usted conozca nuestra experiencia y nuestros premios. Es importante que todos los que buscan un abogado tengan las herramientas para encontrar al adecuado. Por eso, el abogado de Premier Law Group, Jason Epstein, ha escrito un libro llamado \u201cLa impactante verdad sobre la publicidad de abogados\u201d. Este libro gratuito tiene toda la informaci\u00f3n que necesita para seleccionar el abogado perfecto para sus necesidades.<\/p>\n<p>La verdad es que puede que no seamos el mejor bufete de abogados para su caso y que ni siquiera necesite un abogado. Si otro bufete pudiera atenderlo mejor, se lo haremos saber.<\/p>\n<h3 class=\"text-header\">5. Expertos reconocidos por los medios<\/h3>\n<p>El trabajo que han realizado durante a\u00f1os con v\u00edctimas de accidentes de tr\u00e1fico ha convertido a los abogados de Premier Law Group en expertos en cuestiones de seguridad vial. Esto ha sido se\u00f1alado por los medios de comunicaci\u00f3n nacionales y locales y otras instituciones respetadas. Los abogados de Premier Law Group han sido invitados a juzgar enfoques innovadores en materia de tecnolog\u00eda de seguridad vial en el Hackathon Internacional de Mujeres de Microsoft en Washington DC. Esta experiencia no solo eleva nuestro perfil, sino que les da a nuestros abogados la oportunidad de ampliar sus conocimientos y aplicarlos para obtener justicia para todos nuestros clientes.<\/p>\n<p><a href=\"https:\/\/plg-pllc.com\/press-release\/\">Descubra c\u00f3mo Premier Law Group ha sido reconocido en los medios<\/a>.<\/p>","protected":false},"excerpt":{"rendered":"<p>La diferencia de Premier Law Group Desde su primera llamada hasta su acuerdo final, Premier Law Group no opera como un bufete de abogados t\u00edpico. Trabajaremos en equipo para asegurarnos de que reciba la mejor representaci\u00f3n legal posible. 1. Abogados que son directos y est\u00e1n de su lado Nuestros a\u00f1os de experiencia han demostrado \u2026<\/p>","protected":false},"author":10,"featured_media":16107,"parent":13189,"menu_order":0,"comment_status":"closed","ping_status":"closed","template":"","meta":{"_acf_changed":false,"_genesis_hide_title":false,"_genesis_hide_breadcrumbs":false,"_genesis_hide_singular_image":false,"_genesis_hide_footer_widgets":false,"_genesis_custom_body_class":"","_genesis_custom_post_class":"","_genesis_layout":"","footnotes":""},"hc_faqs":[],"class_list":{"0":"post-15374","1":"page","2":"type-page","3":"status-publish","4":"has-post-thumbnail","6":"entry"},"acf":[],"yoast_head":"<!-- This site is optimized with the Yoast SEO plugin v27.4 - https:\/\/yoast.com\/product\/yoast-seo-wordpress\/ -->\n<title>The Premier Law Group Difference!<\/title>\n<meta name=\"description\" content=\"The Premier Law Group Difference-From your first call to your final settlement, Premier Law Group does not operate like a typical law firm. Contact us\" \/>\n<meta name=\"robots\" content=\"index, follow, max-snippet:-1, max-image-preview:large, max-video-preview:-1\" \/>\n<link rel=\"canonical\" href=\"https:\/\/plg-pllc.com\/es\/about-us\/why-are-we-different\/\" \/>\n<meta property=\"og:locale\" content=\"es_MX\" \/>\n<meta property=\"og:type\" content=\"article\" \/>\n<meta property=\"og:title\" content=\"The Premier Law Group Difference!\" \/>\n<meta property=\"og:description\" content=\"The Premier Law Group Difference-From your first call to your final settlement, Premier Law Group does not operate like a typical law firm. Contact us\" \/>\n<meta property=\"og:url\" content=\"https:\/\/plg-pllc.com\/es\/about-us\/why-are-we-different\/\" \/>\n<meta property=\"og:site_name\" content=\"Premier Law Group\" \/>\n<meta property=\"article:publisher\" content=\"https:\/\/www.facebook.com\/premierlawgroup\" \/>\n<meta property=\"article:modified_time\" content=\"2024-11-07T12:12:09+00:00\" \/>\n<meta property=\"og:image\" content=\"https:\/\/plg-pllc.com\/wp-content\/uploads\/2018\/01\/why-plg-header.jpg\" \/>\n\t<meta property=\"og:image:width\" content=\"2000\" \/>\n\t<meta property=\"og:image:height\" content=\"505\" \/>\n\t<meta property=\"og:image:type\" content=\"image\/jpeg\" \/>\n<meta name=\"twitter:card\" content=\"summary_large_image\" \/>\n<meta name=\"twitter:site\" content=\"@premierlawgroup\" \/>\n<meta name=\"twitter:label1\" content=\"Tiempo de lectura\" \/>\n\t<meta name=\"twitter:data1\" content=\"4 minutos\" \/>\n<script type=\"application\/ld+json\" class=\"yoast-schema-graph\">{\"@context\":\"https:\\\/\\\/schema.org\",\"@graph\":[{\"@type\":\"WebPage\",\"@id\":\"https:\\\/\\\/plg-pllc.com\\\/about-us\\\/why-are-we-different\\\/\",\"url\":\"https:\\\/\\\/plg-pllc.com\\\/about-us\\\/why-are-we-different\\\/\",\"name\":\"The Premier Law Group Difference!\",\"isPartOf\":{\"@id\":\"https:\\\/\\\/plg-pllc.com\\\/#website\"},\"primaryImageOfPage\":{\"@id\":\"https:\\\/\\\/plg-pllc.com\\\/about-us\\\/why-are-we-different\\\/#primaryimage\"},\"image\":{\"@id\":\"https:\\\/\\\/plg-pllc.com\\\/about-us\\\/why-are-we-different\\\/#primaryimage\"},\"thumbnailUrl\":\"https:\\\/\\\/plg-pllc.com\\\/wp-content\\\/uploads\\\/2018\\\/01\\\/why-plg-header.jpg\",\"datePublished\":\"2017-03-31T00:09:39+00:00\",\"dateModified\":\"2024-11-07T12:12:09+00:00\",\"description\":\"The Premier Law Group Difference-From your first call to your final settlement, Premier Law Group does not operate like a typical law firm. Contact us\",\"breadcrumb\":{\"@id\":\"https:\\\/\\\/plg-pllc.com\\\/about-us\\\/why-are-we-different\\\/#breadcrumb\"},\"inLanguage\":\"es\",\"potentialAction\":[{\"@type\":\"ReadAction\",\"target\":[\"https:\\\/\\\/plg-pllc.com\\\/about-us\\\/why-are-we-different\\\/\"]}]},{\"@type\":\"ImageObject\",\"inLanguage\":\"es\",\"@id\":\"https:\\\/\\\/plg-pllc.com\\\/about-us\\\/why-are-we-different\\\/#primaryimage\",\"url\":\"https:\\\/\\\/plg-pllc.com\\\/wp-content\\\/uploads\\\/2018\\\/01\\\/why-plg-header.jpg\",\"contentUrl\":\"https:\\\/\\\/plg-pllc.com\\\/wp-content\\\/uploads\\\/2018\\\/01\\\/why-plg-header.jpg\",\"width\":2000,\"height\":505,\"caption\":\"Best Seattle auto accident lawyers\"},{\"@type\":\"BreadcrumbList\",\"@id\":\"https:\\\/\\\/plg-pllc.com\\\/about-us\\\/why-are-we-different\\\/#breadcrumb\",\"itemListElement\":[{\"@type\":\"ListItem\",\"position\":1,\"name\":\"Home\",\"item\":\"https:\\\/\\\/plg-pllc.com\\\/es\\\/\"},{\"@type\":\"ListItem\",\"position\":2,\"name\":\"About Us\",\"item\":\"https:\\\/\\\/plg-pllc.com\\\/es\\\/about-us\\\/\"},{\"@type\":\"ListItem\",\"position\":3,\"name\":\"The Premier Law Group Difference!\"}]},{\"@type\":\"WebSite\",\"@id\":\"https:\\\/\\\/plg-pllc.com\\\/#website\",\"url\":\"https:\\\/\\\/plg-pllc.com\\\/\",\"name\":\"Premier Law Group\",\"description\":\"Washington Wrongful Death and Serious Injury Lawyer\",\"publisher\":{\"@id\":\"https:\\\/\\\/plg-pllc.com\\\/#organization\"},\"inLanguage\":\"es\"},{\"@type\":\"Organization\",\"@id\":\"https:\\\/\\\/plg-pllc.com\\\/#organization\",\"name\":\"Premier Law Group\",\"url\":\"https:\\\/\\\/plg-pllc.com\\\/\",\"logo\":{\"@type\":\"ImageObject\",\"inLanguage\":\"es\",\"@id\":\"https:\\\/\\\/plg-pllc.com\\\/#\\\/schema\\\/logo\\\/image\\\/\",\"url\":\"https:\\\/\\\/plg-pllc.com\\\/wp-content\\\/uploads\\\/2020\\\/10\\\/plg-logo-v2.gif\",\"contentUrl\":\"https:\\\/\\\/plg-pllc.com\\\/wp-content\\\/uploads\\\/2020\\\/10\\\/plg-logo-v2.gif\",\"width\":592,\"height\":191,\"caption\":\"Premier Law Group\"},\"image\":{\"@id\":\"https:\\\/\\\/plg-pllc.com\\\/#\\\/schema\\\/logo\\\/image\\\/\"},\"sameAs\":[\"https:\\\/\\\/www.facebook.com\\\/premierlawgroup\",\"https:\\\/\\\/x.com\\\/premierlawgroup\"]}]}<\/script>\n<!-- \/ Yoast SEO plugin. -->","yoast_head_json":{"title":"\u00a1La diferencia de Premier Law Group!","description":"La diferencia de Premier Law Group: desde su primera llamada hasta el acuerdo final, Premier Law Group no opera como un bufete de abogados t\u00edpico. Cont\u00e1ctenos","robots":{"index":"index","follow":"follow","max-snippet":"max-snippet:-1","max-image-preview":"max-image-preview:large","max-video-preview":"max-video-preview:-1"},"canonical":"https:\/\/plg-pllc.com\/es\/about-us\/why-are-we-different\/","og_locale":"es_MX","og_type":"article","og_title":"The Premier Law Group Difference!","og_description":"The Premier Law Group Difference-From your first call to your final settlement, Premier Law Group does not operate like a typical law firm. Contact us","og_url":"https:\/\/plg-pllc.com\/es\/about-us\/why-are-we-different\/","og_site_name":"Premier Law Group","article_publisher":"https:\/\/www.facebook.com\/premierlawgroup","article_modified_time":"2024-11-07T12:12:09+00:00","og_image":[{"width":2000,"height":505,"url":"https:\/\/plg-pllc.com\/wp-content\/uploads\/2018\/01\/why-plg-header.jpg","type":"image\/jpeg"}],"twitter_card":"summary_large_image","twitter_site":"@premierlawgroup","twitter_misc":{"Tiempo de lectura":"4 minutos"},"schema":{"@context":"https:\/\/schema.org","@graph":[{"@type":"WebPage","@id":"https:\/\/plg-pllc.com\/about-us\/why-are-we-different\/","url":"https:\/\/plg-pllc.com\/about-us\/why-are-we-different\/","name":"\u00a1La diferencia de Premier Law Group!","isPartOf":{"@id":"https:\/\/plg-pllc.com\/#website"},"primaryImageOfPage":{"@id":"https:\/\/plg-pllc.com\/about-us\/why-are-we-different\/#primaryimage"},"image":{"@id":"https:\/\/plg-pllc.com\/about-us\/why-are-we-different\/#primaryimage"},"thumbnailUrl":"https:\/\/plg-pllc.com\/wp-content\/uploads\/2018\/01\/why-plg-header.jpg","datePublished":"2017-03-31T00:09:39+00:00","dateModified":"2024-11-07T12:12:09+00:00","description":"La diferencia de Premier Law Group: desde su primera llamada hasta el acuerdo final, Premier Law Group no opera como un bufete de abogados t\u00edpico. Cont\u00e1ctenos","breadcrumb":{"@id":"https:\/\/plg-pllc.com\/about-us\/why-are-we-different\/#breadcrumb"},"inLanguage":"es","potentialAction":[{"@type":"ReadAction","target":["https:\/\/plg-pllc.com\/about-us\/why-are-we-different\/"]}]},{"@type":"ImageObject","inLanguage":"es","@id":"https:\/\/plg-pllc.com\/about-us\/why-are-we-different\/#primaryimage","url":"https:\/\/plg-pllc.com\/wp-content\/uploads\/2018\/01\/why-plg-header.jpg","contentUrl":"https:\/\/plg-pllc.com\/wp-content\/uploads\/2018\/01\/why-plg-header.jpg","width":2000,"height":505,"caption":"Best Seattle auto accident lawyers"},{"@type":"BreadcrumbList","@id":"https:\/\/plg-pllc.com\/about-us\/why-are-we-different\/#breadcrumb","itemListElement":[{"@type":"ListItem","position":1,"name":"Home","item":"https:\/\/plg-pllc.com\/es\/"},{"@type":"ListItem","position":2,"name":"About Us","item":"https:\/\/plg-pllc.com\/es\/about-us\/"},{"@type":"ListItem","position":3,"name":"The Premier Law Group Difference!"}]},{"@type":"WebSite","@id":"https:\/\/plg-pllc.com\/#website","url":"https:\/\/plg-pllc.com\/","name":"Grupo de abogados Premier","description":"Abogado de muerte por negligencia y lesiones graves en Washington","publisher":{"@id":"https:\/\/plg-pllc.com\/#organization"},"inLanguage":"es"},{"@type":"Organization","@id":"https:\/\/plg-pllc.com\/#organization","name":"Grupo de abogados Premier","url":"https:\/\/plg-pllc.com\/","logo":{"@type":"ImageObject","inLanguage":"es","@id":"https:\/\/plg-pllc.com\/#\/schema\/logo\/image\/","url":"https:\/\/plg-pllc.com\/wp-content\/uploads\/2020\/10\/plg-logo-v2.gif","contentUrl":"https:\/\/plg-pllc.com\/wp-content\/uploads\/2020\/10\/plg-logo-v2.gif","width":592,"height":191,"caption":"Premier Law Group"},"image":{"@id":"https:\/\/plg-pllc.com\/#\/schema\/logo\/image\/"},"sameAs":["https:\/\/www.facebook.com\/premierlawgroup","https:\/\/x.com\/premierlawgroup"]}]}},"_links":{"self":[{"href":"https:\/\/plg-pllc.com\/es\/wp-json\/wp\/v2\/pages\/15374","targetHints":{"allow":["GET"]}}],"collection":[{"href":"https:\/\/plg-pllc.com\/es\/wp-json\/wp\/v2\/pages"}],"about":[{"href":"https:\/\/plg-pllc.com\/es\/wp-json\/wp\/v2\/types\/page"}],"author":[{"embeddable":true,"href":"https:\/\/plg-pllc.com\/es\/wp-json\/wp\/v2\/users\/10"}],"replies":[{"embeddable":true,"href":"https:\/\/plg-pllc.com\/es\/wp-json\/wp\/v2\/comments?post=15374"}],"version-history":[{"count":0,"href":"https:\/\/plg-pllc.com\/es\/wp-json\/wp\/v2\/pages\/15374\/revisions"}],"up":[{"embeddable":true,"href":"https:\/\/plg-pllc.com\/es\/wp-json\/wp\/v2\/pages\/13189"}],"wp:featuredmedia":[{"embeddable":true,"href":"https:\/\/plg-pllc.com\/es\/wp-json\/wp\/v2\/media\/16107"}],"wp:attachment":[{"href":"https:\/\/plg-pllc.com\/es\/wp-json\/wp\/v2\/media?parent=15374"}],"wp:term":[{"taxonomy":"hc_faqs","embeddable":true,"href":"https:\/\/plg-pllc.com\/es\/wp-json\/wp\/v2\/hc_faqs?post=15374"}],"curies":[{"name":"gracias","href":"https:\/\/api.w.org\/{rel}","templated":true}]}}