{"id":15424,"date":"2017-03-31T17:27:59","date_gmt":"2017-04-01T00:27:59","guid":{"rendered":"https:\/\/plg.wpengine.com\/?page_id=15424"},"modified":"2025-02-14T14:17:11","modified_gmt":"2025-02-14T22:17:11","slug":"mission-goals-values","status":"publish","type":"page","link":"https:\/\/plg-pllc.com\/es\/about-us\/our-mission\/","title":{"rendered":"Nuestra declaraci\u00f3n de misi\u00f3n, objetivos y valores"},"content":{"rendered":"<h2 class=\"text-header\">Nuestra misi\u00f3n<\/h2>\n<p>Nuestra misi\u00f3n en <a href=\"https:\/\/plg-pllc.com\/\">Grupo de abogados Premier<\/a> es simple: brindar el mejor servicio a nuestros clientes y asegurarnos de que todos los que nos llamen est\u00e9n mejor informados sobre sus opciones (\u00a1ya sea que terminemos represent\u00e1ndolos o no!). Tambi\u00e9n es importante para los <a href=\"https:\/\/plg-pllc.com\/seattle\/employment-law-lawyer\/\">empleo<\/a> y <a href=\"https:\/\/plg-pllc.com\/practice-areas\/\">Lesi\u00f3n personal<\/a> Los abogados de Premier Law Group seguimos esforz\u00e1ndonos por ser mejores que antes; es por eso que nos esforzamos por mantenernos en estrecho contacto con nuestros clientes durante todo su caso.<\/p>\n<h2 class=\"text-header\">Nuestras metas<\/h2>\n<ol>\n<li>\n<h3>Sirviendo a nuestros clientes con compasi\u00f3n y excelencia<\/h3>\n<p>Un accidente automovil\u00edstico puede poner en pausa toda su vida. En Premier Law Group, tomamos cada caso de manera personal porque cada caso es personal para nuestros clientes. Entendemos que usted no solo quiere a\u00f1os de experiencia en reclamos por accidentes automovil\u00edsticos, sino que tambi\u00e9n quiere abogados que comprendan que necesita volver a encarrilar su vida.<\/p><\/li>\n<li>\n<h3>Construir relaciones basadas en la confianza<\/h3>\n<p>Usted merece un equipo legal que se preocupe por su futuro m\u00e1s que por sus ganancias. Como sus abogados, le ofreceremos asesoramiento basado en lo que sea mejor para usted, incluso si eso significa no seguir adelante con su caso.<\/p><\/li>\n<li>\n<h3>Comunicaci\u00f3n respetuosa y regular<\/h3>\n<p>Otras firmas consideran a sus clientes como simples n\u00fameros de casos o acuerdos que se pueden dejar de lado r\u00e1pidamente. Estamos orgullosos del inter\u00e9s personal que nuestros abogados muestran en cada caso, ya sea un accidente automovil\u00edstico o una muerte por negligencia. Mantener informados a nuestros clientes con regularidad es una parte importante del proceso para nosotros y para nuestros clientes durante su recuperaci\u00f3n.<\/p><\/li>\n<li>\n<h3>Trayendo resultados para usted<\/h3>\n<p>Cada caso es diferente y es imposible garantizar un resultado espec\u00edfico. Lo que s\u00ed garantizamos es que aplicaremos nuestra amplia experiencia y atenci\u00f3n personal a su caso para lograr el mejor resultado posible para usted y su familia.<\/p><\/li>\n<li>\n<h3>Poner el conocimiento jur\u00eddico al alcance de las v\u00edctimas y sus familias<\/h3>\n<p>Los a\u00f1os de experiencia ayudando a v\u00edctimas de accidentes automovil\u00edsticos, accidentes peatonales y una gran cantidad de otros casos de lesiones personales han hecho que nuestros abogados se apasionen por ayudar a todas las v\u00edctimas y sus familias. Conocemos los trucos que utilizan las compa\u00f1\u00edas de seguros y la forma en que se aprovechan de las personas que solo intentan recuperarse. No todos los casos necesitan un abogado, pero eso no significa que deba hacerlo a ciegas. Jason Epstein, socio de Premier Law Group, ha escrito m\u00e1s de una docena de libros que detallan c\u00f3mo manejar varios problemas de lesiones personales, que ofrece al p\u00fablico de forma gratuita.<\/p><\/li>\n<\/ol>\n<h2 class=\"text-header\">Nuestros compromisos con usted<\/h2>\n<ul>\n<li>\n<h3>Comprometidos con su recuperaci\u00f3n<\/h3>\n<p>Acaba de sufrir una lesi\u00f3n; ya es bastante dif\u00edcil concentrarse en su propia recuperaci\u00f3n f\u00edsica y mental sin preocuparse por las compa\u00f1\u00edas de seguros y los problemas legales. Queremos quitarle todos los problemas legales de encima para que pueda concentrarse en recibir el mejor tratamiento posible y recuperar su vida.<\/p><\/li>\n<li>\n<h3>Comprometidos con el estado de Washington<\/h3>\n<p>El estado de Washington es un lugar hermoso al que nos enorgullece prestar servicios. Nuestros abogados han vivido, trabajado y ayudado a clientes desde Bellevue y Redmond hasta Renton, Federal Way, Kent y hasta Spokane. Con los programas educativos y comunitarios de Premier Law Group, estamos comprometidos a hacer que el \u00e1rea metropolitana de Seattle y todo el estado de Washington sean los m\u00e1s seguros del pa\u00eds.<\/p><\/li>\n<li>\n<h3>Comprometidos con la comunicaci\u00f3n<\/h3>\n<p>En otras firmas, puede esperar semanas para que le devuelvan la llamada o preguntarse si su abogado sabe su nombre. Puede ser f\u00e1cil para estas firmas olvidar que sus clientes son personas primero y no solo n\u00fameros. Nuestra misi\u00f3n y promesa es que si desea hablar con un abogado, todo lo que tiene que hacer es llamar al asistente legal asignado a su caso. Lo transferir\u00e1n de inmediato o, si el abogado est\u00e1 en el tribunal, programar\u00e1n una cita para usted lo antes posible.<\/p><\/li>\n<li>\n<h3>Comprometidos con la excelencia<\/h3>\n<p>Si bien nos gusta mantenernos lo suficientemente peque\u00f1os como para brindar atenci\u00f3n personalizada a todos nuestros clientes, como empresa de tama\u00f1o mediano, podemos reunir amplios recursos, conocimientos y experiencia. Podemos organizar un equipo de abogados experimentados de diversas \u00e1reas de pr\u00e1ctica para manejar cada aspecto de su caso, sin importar cu\u00e1n complejo sea. Sabemos que la mayor parte del trabajo se realiza fuera de la sala del tribunal, por lo que asignamos a cada caso a los mejores y m\u00e1s experimentados asistentes legales.<\/p><\/li>\n<li>\n<h3>Comprometidos con su caso, hasta el juicio<\/h3>\n<p>Estamos comprometidos con las v\u00edctimas de negligencia, <a href=\"https:\/\/plg-pllc.com\/seattle\/car-accident-lawyer\/\">Accidentes de coche<\/a>, <a href=\"https:\/\/plg-pllc.com\/seattle\/motorcycle-accident-lawyer\/\">accidentes de motocicleta<\/a>, <a href=\"https:\/\/plg-pllc.com\/bellevue\/dog-bite-lawyer\/\">mordeduras de perro<\/a> y <a href=\"https:\/\/plg-pllc.com\/seattle\/wrongful-death-lawyer\/\">muerte por negligencia<\/a>Cada una de estas \u00e1reas de pr\u00e1ctica requiere un conocimiento \u00fanico y, sin embargo, todas son iguales en un aspecto fundamental: dejan a las v\u00edctimas heridas, asustadas y solas. Nuestra misi\u00f3n, trabajar como abogado de lesiones personales, significa que no puede evitar apasionarse por estas v\u00edctimas y trasladamos esa pasi\u00f3n a todos los casos de nuestros clientes.<\/p><\/li>\n<li>\n<h3>Comprometidos con la inclusi\u00f3n<\/h3>\n<p>Premier Law Group cuenta con un equipo diverso e internacional <a href=\"https:\/\/plg-pllc.com\/\">equipo<\/a>Nuestra misi\u00f3n y nuestro \u00e9xito han demostrado que la diversidad es una fortaleza. Jason Epstein y Patrick Kang lideran su equipo sabiendo que cada persona aporta su propio conocimiento y punto de vista \u00fanicos para ayudar a cada cliente.<\/p>\n<p>Premier Law Group no discriminar\u00e1 bajo ning\u00fan motivo a ning\u00fan cliente o cliente potencial por motivos de raza, color, religi\u00f3n, g\u00e9nero, origen nacional, orientaci\u00f3n sexual, discapacidad, estado militar, edad, estado civil o cualquier otro estado protegido por la ley.<\/p><\/li>\n<\/ul>","protected":false},"excerpt":{"rendered":"<p>Nuestra misi\u00f3n Nuestra misi\u00f3n en Premier Law Group es simple: brindar el mejor servicio a nuestros clientes y asegurarnos de que todos los que nos llamen est\u00e9n mejor informados sobre sus opciones (\u00a1ya sea que terminemos represent\u00e1ndolos o no!). Tambi\u00e9n es importante para los abogados de lesiones personales y laborales de Premier Law Group \u2026<\/p>","protected":false},"author":1,"featured_media":15421,"parent":13189,"menu_order":0,"comment_status":"closed","ping_status":"closed","template":"","meta":{"_acf_changed":false,"_genesis_hide_title":false,"_genesis_hide_breadcrumbs":false,"_genesis_hide_singular_image":false,"_genesis_hide_footer_widgets":false,"_genesis_custom_body_class":"","_genesis_custom_post_class":"","_genesis_layout":"","footnotes":""},"hc_faqs":[],"class_list":{"0":"post-15424","1":"page","2":"type-page","3":"status-publish","4":"has-post-thumbnail","6":"entry"},"acf":[],"yoast_head":"<!-- This site is optimized with the Yoast SEO plugin v27.4 - https:\/\/yoast.com\/product\/yoast-seo-wordpress\/ -->\n<title>Our Mission Statement, Goals &amp; Values | PLG<\/title>\n<meta name=\"description\" content=\"Read about our mission, goals and commitments. At Premier Law Group we are driven to achieving the best possible outcome for you and your family.\" \/>\n<meta name=\"robots\" content=\"index, follow, max-snippet:-1, max-image-preview:large, max-video-preview:-1\" \/>\n<link rel=\"canonical\" href=\"https:\/\/plg-pllc.com\/es\/about-us\/our-mission\/\" \/>\n<meta property=\"og:locale\" content=\"es_MX\" \/>\n<meta property=\"og:type\" content=\"article\" \/>\n<meta property=\"og:title\" content=\"Our Mission Statement, Goals &amp; Values | PLG\" \/>\n<meta property=\"og:description\" content=\"Read about our mission, goals and commitments. At Premier Law Group we are driven to achieving the best possible outcome for you and your family.\" \/>\n<meta property=\"og:url\" content=\"https:\/\/plg-pllc.com\/es\/about-us\/our-mission\/\" \/>\n<meta property=\"og:site_name\" content=\"Premier Law Group\" \/>\n<meta property=\"article:publisher\" content=\"https:\/\/www.facebook.com\/premierlawgroup\" \/>\n<meta property=\"article:modified_time\" content=\"2025-02-14T22:17:11+00:00\" \/>\n<meta property=\"og:image\" content=\"https:\/\/plg-pllc.com\/wp-content\/uploads\/2009\/08\/PLG-profile.jpg\" \/>\n\t<meta property=\"og:image:width\" content=\"2000\" \/>\n\t<meta property=\"og:image:height\" content=\"481\" \/>\n\t<meta property=\"og:image:type\" content=\"image\/jpeg\" \/>\n<meta name=\"twitter:card\" content=\"summary_large_image\" \/>\n<meta name=\"twitter:site\" content=\"@premierlawgroup\" \/>\n<meta name=\"twitter:label1\" content=\"Tiempo de lectura\" \/>\n\t<meta name=\"twitter:data1\" content=\"4 minutos\" \/>\n<script type=\"application\/ld+json\" class=\"yoast-schema-graph\">{\"@context\":\"https:\\\/\\\/schema.org\",\"@graph\":[{\"@type\":\"WebPage\",\"@id\":\"https:\\\/\\\/plg-pllc.com\\\/about-us\\\/our-mission\\\/\",\"url\":\"https:\\\/\\\/plg-pllc.com\\\/about-us\\\/our-mission\\\/\",\"name\":\"Our Mission Statement, Goals & Values | PLG\",\"isPartOf\":{\"@id\":\"https:\\\/\\\/plg-pllc.com\\\/#website\"},\"primaryImageOfPage\":{\"@id\":\"https:\\\/\\\/plg-pllc.com\\\/about-us\\\/our-mission\\\/#primaryimage\"},\"image\":{\"@id\":\"https:\\\/\\\/plg-pllc.com\\\/about-us\\\/our-mission\\\/#primaryimage\"},\"thumbnailUrl\":\"https:\\\/\\\/plg-pllc.com\\\/wp-content\\\/uploads\\\/2009\\\/08\\\/PLG-profile.jpg\",\"datePublished\":\"2017-04-01T00:27:59+00:00\",\"dateModified\":\"2025-02-14T22:17:11+00:00\",\"description\":\"Read about our mission, goals and commitments. At Premier Law Group we are driven to achieving the best possible outcome for you and your family.\",\"breadcrumb\":{\"@id\":\"https:\\\/\\\/plg-pllc.com\\\/about-us\\\/our-mission\\\/#breadcrumb\"},\"inLanguage\":\"es\",\"potentialAction\":[{\"@type\":\"ReadAction\",\"target\":[\"https:\\\/\\\/plg-pllc.com\\\/about-us\\\/our-mission\\\/\"]}]},{\"@type\":\"ImageObject\",\"inLanguage\":\"es\",\"@id\":\"https:\\\/\\\/plg-pllc.com\\\/about-us\\\/our-mission\\\/#primaryimage\",\"url\":\"https:\\\/\\\/plg-pllc.com\\\/wp-content\\\/uploads\\\/2009\\\/08\\\/PLG-profile.jpg\",\"contentUrl\":\"https:\\\/\\\/plg-pllc.com\\\/wp-content\\\/uploads\\\/2009\\\/08\\\/PLG-profile.jpg\",\"width\":2000,\"height\":481,\"caption\":\"our mission\"},{\"@type\":\"BreadcrumbList\",\"@id\":\"https:\\\/\\\/plg-pllc.com\\\/about-us\\\/our-mission\\\/#breadcrumb\",\"itemListElement\":[{\"@type\":\"ListItem\",\"position\":1,\"name\":\"Home\",\"item\":\"https:\\\/\\\/plg-pllc.com\\\/es\\\/\"},{\"@type\":\"ListItem\",\"position\":2,\"name\":\"About Us\",\"item\":\"https:\\\/\\\/plg-pllc.com\\\/es\\\/about-us\\\/\"},{\"@type\":\"ListItem\",\"position\":3,\"name\":\"Our Mission Statement, Goals &#038; Values\"}]},{\"@type\":\"WebSite\",\"@id\":\"https:\\\/\\\/plg-pllc.com\\\/#website\",\"url\":\"https:\\\/\\\/plg-pllc.com\\\/\",\"name\":\"Premier Law Group\",\"description\":\"Washington Wrongful Death and Serious Injury Lawyer\",\"publisher\":{\"@id\":\"https:\\\/\\\/plg-pllc.com\\\/#organization\"},\"inLanguage\":\"es\"},{\"@type\":\"Organization\",\"@id\":\"https:\\\/\\\/plg-pllc.com\\\/#organization\",\"name\":\"Premier Law Group\",\"url\":\"https:\\\/\\\/plg-pllc.com\\\/\",\"logo\":{\"@type\":\"ImageObject\",\"inLanguage\":\"es\",\"@id\":\"https:\\\/\\\/plg-pllc.com\\\/#\\\/schema\\\/logo\\\/image\\\/\",\"url\":\"https:\\\/\\\/plg-pllc.com\\\/wp-content\\\/uploads\\\/2020\\\/10\\\/plg-logo-v2.gif\",\"contentUrl\":\"https:\\\/\\\/plg-pllc.com\\\/wp-content\\\/uploads\\\/2020\\\/10\\\/plg-logo-v2.gif\",\"width\":592,\"height\":191,\"caption\":\"Premier Law Group\"},\"image\":{\"@id\":\"https:\\\/\\\/plg-pllc.com\\\/#\\\/schema\\\/logo\\\/image\\\/\"},\"sameAs\":[\"https:\\\/\\\/www.facebook.com\\\/premierlawgroup\",\"https:\\\/\\\/x.com\\\/premierlawgroup\"]}]}<\/script>\n<!-- \/ Yoast SEO plugin. -->","yoast_head_json":{"title":"Nuestra declaraci\u00f3n de misi\u00f3n, objetivos y valores | PLG","description":"Inf\u00f3rmese sobre nuestra misi\u00f3n, objetivos y compromisos. En Premier Law Group, nuestro objetivo es lograr el mejor resultado posible para usted y su familia.","robots":{"index":"index","follow":"follow","max-snippet":"max-snippet:-1","max-image-preview":"max-image-preview:large","max-video-preview":"max-video-preview:-1"},"canonical":"https:\/\/plg-pllc.com\/es\/about-us\/our-mission\/","og_locale":"es_MX","og_type":"article","og_title":"Our Mission Statement, Goals & Values | PLG","og_description":"Read about our mission, goals and commitments. At Premier Law Group we are driven to achieving the best possible outcome for you and your family.","og_url":"https:\/\/plg-pllc.com\/es\/about-us\/our-mission\/","og_site_name":"Premier Law Group","article_publisher":"https:\/\/www.facebook.com\/premierlawgroup","article_modified_time":"2025-02-14T22:17:11+00:00","og_image":[{"width":2000,"height":481,"url":"https:\/\/plg-pllc.com\/wp-content\/uploads\/2009\/08\/PLG-profile.jpg","type":"image\/jpeg"}],"twitter_card":"summary_large_image","twitter_site":"@premierlawgroup","twitter_misc":{"Tiempo de lectura":"4 minutos"},"schema":{"@context":"https:\/\/schema.org","@graph":[{"@type":"WebPage","@id":"https:\/\/plg-pllc.com\/about-us\/our-mission\/","url":"https:\/\/plg-pllc.com\/about-us\/our-mission\/","name":"Nuestra declaraci\u00f3n de misi\u00f3n, objetivos y valores | PLG","isPartOf":{"@id":"https:\/\/plg-pllc.com\/#website"},"primaryImageOfPage":{"@id":"https:\/\/plg-pllc.com\/about-us\/our-mission\/#primaryimage"},"image":{"@id":"https:\/\/plg-pllc.com\/about-us\/our-mission\/#primaryimage"},"thumbnailUrl":"https:\/\/plg-pllc.com\/wp-content\/uploads\/2009\/08\/PLG-profile.jpg","datePublished":"2017-04-01T00:27:59+00:00","dateModified":"2025-02-14T22:17:11+00:00","description":"Inf\u00f3rmese sobre nuestra misi\u00f3n, objetivos y compromisos. En Premier Law Group, nuestro objetivo es lograr el mejor resultado posible para usted y su familia.","breadcrumb":{"@id":"https:\/\/plg-pllc.com\/about-us\/our-mission\/#breadcrumb"},"inLanguage":"es","potentialAction":[{"@type":"ReadAction","target":["https:\/\/plg-pllc.com\/about-us\/our-mission\/"]}]},{"@type":"ImageObject","inLanguage":"es","@id":"https:\/\/plg-pllc.com\/about-us\/our-mission\/#primaryimage","url":"https:\/\/plg-pllc.com\/wp-content\/uploads\/2009\/08\/PLG-profile.jpg","contentUrl":"https:\/\/plg-pllc.com\/wp-content\/uploads\/2009\/08\/PLG-profile.jpg","width":2000,"height":481,"caption":"our mission"},{"@type":"BreadcrumbList","@id":"https:\/\/plg-pllc.com\/about-us\/our-mission\/#breadcrumb","itemListElement":[{"@type":"ListItem","position":1,"name":"Home","item":"https:\/\/plg-pllc.com\/es\/"},{"@type":"ListItem","position":2,"name":"About Us","item":"https:\/\/plg-pllc.com\/es\/about-us\/"},{"@type":"ListItem","position":3,"name":"Our Mission Statement, Goals &#038; Values"}]},{"@type":"WebSite","@id":"https:\/\/plg-pllc.com\/#website","url":"https:\/\/plg-pllc.com\/","name":"Grupo de abogados Premier","description":"Abogado de muerte por negligencia y lesiones graves en Washington","publisher":{"@id":"https:\/\/plg-pllc.com\/#organization"},"inLanguage":"es"},{"@type":"Organization","@id":"https:\/\/plg-pllc.com\/#organization","name":"Grupo de abogados Premier","url":"https:\/\/plg-pllc.com\/","logo":{"@type":"ImageObject","inLanguage":"es","@id":"https:\/\/plg-pllc.com\/#\/schema\/logo\/image\/","url":"https:\/\/plg-pllc.com\/wp-content\/uploads\/2020\/10\/plg-logo-v2.gif","contentUrl":"https:\/\/plg-pllc.com\/wp-content\/uploads\/2020\/10\/plg-logo-v2.gif","width":592,"height":191,"caption":"Premier Law Group"},"image":{"@id":"https:\/\/plg-pllc.com\/#\/schema\/logo\/image\/"},"sameAs":["https:\/\/www.facebook.com\/premierlawgroup","https:\/\/x.com\/premierlawgroup"]}]}},"_links":{"self":[{"href":"https:\/\/plg-pllc.com\/es\/wp-json\/wp\/v2\/pages\/15424","targetHints":{"allow":["GET"]}}],"collection":[{"href":"https:\/\/plg-pllc.com\/es\/wp-json\/wp\/v2\/pages"}],"about":[{"href":"https:\/\/plg-pllc.com\/es\/wp-json\/wp\/v2\/types\/page"}],"author":[{"embeddable":true,"href":"https:\/\/plg-pllc.com\/es\/wp-json\/wp\/v2\/users\/1"}],"replies":[{"embeddable":true,"href":"https:\/\/plg-pllc.com\/es\/wp-json\/wp\/v2\/comments?post=15424"}],"version-history":[{"count":0,"href":"https:\/\/plg-pllc.com\/es\/wp-json\/wp\/v2\/pages\/15424\/revisions"}],"up":[{"embeddable":true,"href":"https:\/\/plg-pllc.com\/es\/wp-json\/wp\/v2\/pages\/13189"}],"wp:featuredmedia":[{"embeddable":true,"href":"https:\/\/plg-pllc.com\/es\/wp-json\/wp\/v2\/media\/15421"}],"wp:attachment":[{"href":"https:\/\/plg-pllc.com\/es\/wp-json\/wp\/v2\/media?parent=15424"}],"wp:term":[{"taxonomy":"hc_faqs","embeddable":true,"href":"https:\/\/plg-pllc.com\/es\/wp-json\/wp\/v2\/hc_faqs?post=15424"}],"curies":[{"name":"gracias","href":"https:\/\/api.w.org\/{rel}","templated":true}]}}