{"id":15667,"date":"2017-05-14T19:14:52","date_gmt":"2017-05-15T02:14:52","guid":{"rendered":"https:\/\/plgpllc.wpengine.com\/?post_type=faqs&#038;p=15667"},"modified":"2024-11-07T04:12:19","modified_gmt":"2024-11-07T12:12:19","slug":"personal-injury-case-disclosure-opposing-person-trial","status":"publish","type":"page","link":"https:\/\/plg-pllc.com\/es\/faqs\/what-is-disclosed-to-opposing-party-in-trial\/","title":{"rendered":"Result\u00e9 herido en un accidente y ahora me han pedido que asista al juicio de la otra persona."},"content":{"rendered":"<p><script src=\"\/\/fast.wistia.com\/embed\/medias\/47pwpq3cmp.jsonp\" async=\"\"><\/script><br \/>\n<script src=\"\/\/fast.wistia.com\/assets\/external\/E-v1.js\" async=\"\"><\/script><\/p>\n<div class=\"wistia_responsive_padding\" style=\"padding: 56.25% 0 0 0; position: relative; margin-top: -30px;\">\n<div class=\"wistia_responsive_wrapper\" style=\"height: 100%; left: 0; position: absolute; top: 0; width: 100%;\">\n<div class=\"wistia_embed wistia_async_47pwpq3cmp seo=false videoFoam=true popover=true\" style=\"height: 100%; width: 100%;\">&nbsp;<\/div>\n<\/div>\n<\/div>\n<div>&nbsp;<\/div>\n<h2>\u00bfTiene usted que discutir su caso de lesiones personales?<\/h2>\n<h5>Transcripci\u00f3n del v\u00eddeo<\/h5>\n<p>Existen dos \u00e1reas separadas y distintas de la ley que a menudo pueden cruzarse en un caso de lesiones personales: la parte civil y la parte penal.  <\/p>\n<p>En el \u00e1mbito civil, presentamos una demanda contra la persona que caus\u00f3 el accidente y buscamos da\u00f1os y perjuicios o una compensaci\u00f3n econ\u00f3mica para la v\u00edctima lesionada. En el \u00e1mbito penal, la ciudad, el estado o el condado presentan cargos penales o cargos por multas de tr\u00e1nsito contra la persona que caus\u00f3 el accidente.<\/p>\n<p><img loading=\"lazy\" decoding=\"async\" src=\"https:\/\/plg-pllc.com\/wp-content\/uploads\/2017\/05\/courtroom-trial-300x225.jpg\" alt=\"caso de lesiones personales en el tribunal de primera instancia\" width=\"300\" height=\"225\" class=\"alignleft size-medium wp-image-15668\" srcset=\"https:\/\/plg-pllc.com\/wp-content\/uploads\/2017\/05\/courtroom-trial-300x225.jpg 300w, https:\/\/plg-pllc.com\/wp-content\/uploads\/2017\/05\/courtroom-trial.jpg 640w\" sizes=\"auto, (max-width: 300px) 100vw, 300px\" \/>Si el fiscal lo cita a declarar en un juicio penal, debe cumplir con la citaci\u00f3n y declarar. Debe ir y decirles lo que sabe sobre el accidente. Ahora bien, si le hacen alguna pregunta sobre sus lesiones, es una buena idea decirle al fiscal y al juez que tiene un caso de lesiones personales en curso. Mencione que su abogado le dijo que no es apropiado discutir esos asuntos en el juicio penal.<\/p>\n<p>Nuestro <a href=\"https:\/\/plg-pllc.com\/glossary\/car-accidents\/\">abogados de accidentes de auto<\/a> Tenemos muchos a\u00f1os de experiencia luchando contra las compa\u00f1\u00edas de seguros para obtener acuerdos justos. Si necesitamos luchar por usted en los tribunales, tambi\u00e9n somos expertos en eso. Si ha resultado herido debido al error de otro conductor, merece que se le compense por ello, y Premier Law Group luchar\u00e1 con usted y por usted para asegurarse de que se haga justicia.<\/p>\n\n        <div class=\"rs-content-cta\">\n            <p>Llamar o enviar mensaje de texto <a href=\"tel:+12062851743\">(206) 285-1743<\/a> o complete un formulario de evaluaci\u00f3n de caso gratuito<\/p>\n            <a href=\"https:\/\/plg-pllc.com\/es\/contact-us\/\" title=\"OBTENGA UNA EVALUACI\u00d3N DE CASO GRATUITA\" class=\"btn-global\">OBTENGA UNA EVALUACI\u00d3N DE CASO GRATUITA<\/a>\n                    <picture>\n                            <source srcset=\"https:\/\/plg-pllc.com\/wp-content\/themes\/plg-pllc-redesign\/assets\/app\/img\/cta-thumb.webp\" type=\"image\/webp\"\/>\n                            <img src=\"https:\/\/plg-pllc.com\/wp-content\/themes\/plg-pllc-redesign\/assets\/app\/img\/cta-thumb.png\" alt=\"Grupo de abogados Premier\" title=\"Grupo de abogados Premier\" width=\"245\" height=\"220\" loading=\"auto\" fetchpriority=\"auto\" decoding=\"async\"\/>\n        <\/picture>\n        \n        <\/div>","protected":false},"excerpt":{"rendered":"<p>Si el fiscal lo cita a declarar en el juicio penal de alguien, debe cumplir con la orden. \u00bfDeber\u00eda hablar sobre su caso de lesiones personales en curso?<\/p>","protected":false},"author":2,"featured_media":15668,"parent":20714,"menu_order":0,"comment_status":"closed","ping_status":"closed","template":"","meta":{"_acf_changed":false,"_genesis_hide_title":false,"_genesis_hide_breadcrumbs":false,"_genesis_hide_singular_image":false,"_genesis_hide_footer_widgets":false,"_genesis_custom_body_class":"","_genesis_custom_post_class":"","_genesis_layout":"","footnotes":""},"hc_faqs":[10354],"class_list":{"0":"post-15667","1":"page","2":"type-page","3":"status-publish","4":"has-post-thumbnail","6":"hc_faqs-personal-injury","7":"entry"},"acf":[],"yoast_head":"<!-- This site is optimized with the Yoast SEO plugin v27.4 - https:\/\/yoast.com\/product\/yoast-seo-wordpress\/ -->\n<title>I was injured in an accident, and now I\u2019ve been asked to attend the trial of the other person.<\/title>\n<meta name=\"description\" content=\"I was injured in an accident, and now I\u2019ve been asked to attend the trial of the other person.: Premier Law Group helps you unlock the full compensation you deserve. No Fee Unless We Win.\" \/>\n<meta name=\"robots\" content=\"index, follow, max-snippet:-1, max-image-preview:large, max-video-preview:-1\" \/>\n<link rel=\"canonical\" href=\"https:\/\/plg-pllc.com\/es\/faqs\/what-is-disclosed-to-opposing-party-in-trial\/\" \/>\n<meta property=\"og:locale\" content=\"es_MX\" \/>\n<meta property=\"og:type\" content=\"article\" \/>\n<meta property=\"og:title\" content=\"I was injured in an accident, and now I\u2019ve been asked to attend the trial of the other person.\" \/>\n<meta property=\"og:description\" content=\"I was injured in an accident, and now I\u2019ve been asked to attend the trial of the other person.: Premier Law Group helps you unlock the full compensation you deserve. No Fee Unless We Win.\" \/>\n<meta property=\"og:url\" content=\"https:\/\/plg-pllc.com\/es\/faqs\/what-is-disclosed-to-opposing-party-in-trial\/\" \/>\n<meta property=\"og:site_name\" content=\"Premier Law Group\" \/>\n<meta property=\"article:publisher\" content=\"https:\/\/www.facebook.com\/premierlawgroup\" \/>\n<meta property=\"article:modified_time\" content=\"2024-11-07T12:12:19+00:00\" \/>\n<meta property=\"og:image\" content=\"https:\/\/plg-pllc.com\/wp-content\/uploads\/2017\/05\/courtroom-trial.jpg\" \/>\n\t<meta property=\"og:image:width\" content=\"640\" \/>\n\t<meta property=\"og:image:height\" content=\"481\" \/>\n\t<meta property=\"og:image:type\" content=\"image\/jpeg\" \/>\n<meta name=\"twitter:card\" content=\"summary_large_image\" \/>\n<meta name=\"twitter:site\" content=\"@premierlawgroup\" \/>\n<meta name=\"twitter:label1\" content=\"Tiempo de lectura\" \/>\n\t<meta name=\"twitter:data1\" content=\"1 minuto\" \/>\n<script type=\"application\/ld+json\" class=\"yoast-schema-graph\">{\"@context\":\"https:\\\/\\\/schema.org\",\"@graph\":[{\"@type\":\"WebPage\",\"@id\":\"https:\\\/\\\/plg-pllc.com\\\/faqs\\\/what-is-disclosed-to-opposing-party-in-trial\\\/\",\"url\":\"https:\\\/\\\/plg-pllc.com\\\/faqs\\\/what-is-disclosed-to-opposing-party-in-trial\\\/\",\"name\":\"I was injured in an accident, and now I\u2019ve been asked to attend the trial of the other person.\",\"isPartOf\":{\"@id\":\"https:\\\/\\\/plg-pllc.com\\\/#website\"},\"primaryImageOfPage\":{\"@id\":\"https:\\\/\\\/plg-pllc.com\\\/faqs\\\/what-is-disclosed-to-opposing-party-in-trial\\\/#primaryimage\"},\"image\":{\"@id\":\"https:\\\/\\\/plg-pllc.com\\\/faqs\\\/what-is-disclosed-to-opposing-party-in-trial\\\/#primaryimage\"},\"thumbnailUrl\":\"https:\\\/\\\/plg-pllc.com\\\/wp-content\\\/uploads\\\/2017\\\/05\\\/courtroom-trial.jpg\",\"datePublished\":\"2017-05-15T02:14:52+00:00\",\"dateModified\":\"2024-11-07T12:12:19+00:00\",\"description\":\"I was injured in an accident, and now I\u2019ve been asked to attend the trial of the other person.: Premier Law Group helps you unlock the full compensation you deserve. No Fee Unless We Win.\",\"breadcrumb\":{\"@id\":\"https:\\\/\\\/plg-pllc.com\\\/faqs\\\/what-is-disclosed-to-opposing-party-in-trial\\\/#breadcrumb\"},\"inLanguage\":\"es\",\"potentialAction\":[{\"@type\":\"ReadAction\",\"target\":[\"https:\\\/\\\/plg-pllc.com\\\/faqs\\\/what-is-disclosed-to-opposing-party-in-trial\\\/\"]}]},{\"@type\":\"ImageObject\",\"inLanguage\":\"es\",\"@id\":\"https:\\\/\\\/plg-pllc.com\\\/faqs\\\/what-is-disclosed-to-opposing-party-in-trial\\\/#primaryimage\",\"url\":\"https:\\\/\\\/plg-pllc.com\\\/wp-content\\\/uploads\\\/2017\\\/05\\\/courtroom-trial.jpg\",\"contentUrl\":\"https:\\\/\\\/plg-pllc.com\\\/wp-content\\\/uploads\\\/2017\\\/05\\\/courtroom-trial.jpg\",\"width\":640,\"height\":481,\"caption\":\"testify at trial\"},{\"@type\":\"BreadcrumbList\",\"@id\":\"https:\\\/\\\/plg-pllc.com\\\/faqs\\\/what-is-disclosed-to-opposing-party-in-trial\\\/#breadcrumb\",\"itemListElement\":[{\"@type\":\"ListItem\",\"position\":1,\"name\":\"Home\",\"item\":\"https:\\\/\\\/plg-pllc.com\\\/es\\\/\"},{\"@type\":\"ListItem\",\"position\":2,\"name\":\"FAQs\",\"item\":\"https:\\\/\\\/plg-pllc.com\\\/es\\\/faqs\\\/\"},{\"@type\":\"ListItem\",\"position\":3,\"name\":\"I was injured in an accident, and now I\u2019ve been asked to attend the trial of the other person.\"}]},{\"@type\":\"WebSite\",\"@id\":\"https:\\\/\\\/plg-pllc.com\\\/#website\",\"url\":\"https:\\\/\\\/plg-pllc.com\\\/\",\"name\":\"Premier Law Group\",\"description\":\"Washington Wrongful Death and Serious Injury Lawyer\",\"publisher\":{\"@id\":\"https:\\\/\\\/plg-pllc.com\\\/#organization\"},\"inLanguage\":\"es\"},{\"@type\":\"Organization\",\"@id\":\"https:\\\/\\\/plg-pllc.com\\\/#organization\",\"name\":\"Premier Law Group\",\"url\":\"https:\\\/\\\/plg-pllc.com\\\/\",\"logo\":{\"@type\":\"ImageObject\",\"inLanguage\":\"es\",\"@id\":\"https:\\\/\\\/plg-pllc.com\\\/#\\\/schema\\\/logo\\\/image\\\/\",\"url\":\"https:\\\/\\\/plg-pllc.com\\\/wp-content\\\/uploads\\\/2020\\\/10\\\/plg-logo-v2.gif\",\"contentUrl\":\"https:\\\/\\\/plg-pllc.com\\\/wp-content\\\/uploads\\\/2020\\\/10\\\/plg-logo-v2.gif\",\"width\":592,\"height\":191,\"caption\":\"Premier Law Group\"},\"image\":{\"@id\":\"https:\\\/\\\/plg-pllc.com\\\/#\\\/schema\\\/logo\\\/image\\\/\"},\"sameAs\":[\"https:\\\/\\\/www.facebook.com\\\/premierlawgroup\",\"https:\\\/\\\/x.com\\\/premierlawgroup\"]}]}<\/script>\n<!-- \/ Yoast SEO plugin. -->","yoast_head_json":{"title":"Result\u00e9 herido en un accidente y ahora me han pedido que asista al juicio de la otra persona.","description":"Me lesion\u00e9 en un accidente y ahora me han pedido que asista al juicio de la otra persona.: Premier Law Group lo ayuda a obtener la compensaci\u00f3n total que merece. Sin honorarios a menos que ganemos.","robots":{"index":"index","follow":"follow","max-snippet":"max-snippet:-1","max-image-preview":"max-image-preview:large","max-video-preview":"max-video-preview:-1"},"canonical":"https:\/\/plg-pllc.com\/es\/faqs\/what-is-disclosed-to-opposing-party-in-trial\/","og_locale":"es_MX","og_type":"article","og_title":"I was injured in an accident, and now I\u2019ve been asked to attend the trial of the other person.","og_description":"I was injured in an accident, and now I\u2019ve been asked to attend the trial of the other person.: Premier Law Group helps you unlock the full compensation you deserve. No Fee Unless We Win.","og_url":"https:\/\/plg-pllc.com\/es\/faqs\/what-is-disclosed-to-opposing-party-in-trial\/","og_site_name":"Premier Law Group","article_publisher":"https:\/\/www.facebook.com\/premierlawgroup","article_modified_time":"2024-11-07T12:12:19+00:00","og_image":[{"width":640,"height":481,"url":"https:\/\/plg-pllc.com\/wp-content\/uploads\/2017\/05\/courtroom-trial.jpg","type":"image\/jpeg"}],"twitter_card":"summary_large_image","twitter_site":"@premierlawgroup","twitter_misc":{"Tiempo de lectura":"1 minuto"},"schema":{"@context":"https:\/\/schema.org","@graph":[{"@type":"WebPage","@id":"https:\/\/plg-pllc.com\/faqs\/what-is-disclosed-to-opposing-party-in-trial\/","url":"https:\/\/plg-pllc.com\/faqs\/what-is-disclosed-to-opposing-party-in-trial\/","name":"Result\u00e9 herido en un accidente y ahora me han pedido que asista al juicio de la otra persona.","isPartOf":{"@id":"https:\/\/plg-pllc.com\/#website"},"primaryImageOfPage":{"@id":"https:\/\/plg-pllc.com\/faqs\/what-is-disclosed-to-opposing-party-in-trial\/#primaryimage"},"image":{"@id":"https:\/\/plg-pllc.com\/faqs\/what-is-disclosed-to-opposing-party-in-trial\/#primaryimage"},"thumbnailUrl":"https:\/\/plg-pllc.com\/wp-content\/uploads\/2017\/05\/courtroom-trial.jpg","datePublished":"2017-05-15T02:14:52+00:00","dateModified":"2024-11-07T12:12:19+00:00","description":"Me lesion\u00e9 en un accidente y ahora me han pedido que asista al juicio de la otra persona.: Premier Law Group lo ayuda a obtener la compensaci\u00f3n total que merece. Sin honorarios a menos que ganemos.","breadcrumb":{"@id":"https:\/\/plg-pllc.com\/faqs\/what-is-disclosed-to-opposing-party-in-trial\/#breadcrumb"},"inLanguage":"es","potentialAction":[{"@type":"ReadAction","target":["https:\/\/plg-pllc.com\/faqs\/what-is-disclosed-to-opposing-party-in-trial\/"]}]},{"@type":"ImageObject","inLanguage":"es","@id":"https:\/\/plg-pllc.com\/faqs\/what-is-disclosed-to-opposing-party-in-trial\/#primaryimage","url":"https:\/\/plg-pllc.com\/wp-content\/uploads\/2017\/05\/courtroom-trial.jpg","contentUrl":"https:\/\/plg-pllc.com\/wp-content\/uploads\/2017\/05\/courtroom-trial.jpg","width":640,"height":481,"caption":"testify at trial"},{"@type":"BreadcrumbList","@id":"https:\/\/plg-pllc.com\/faqs\/what-is-disclosed-to-opposing-party-in-trial\/#breadcrumb","itemListElement":[{"@type":"ListItem","position":1,"name":"Home","item":"https:\/\/plg-pllc.com\/es\/"},{"@type":"ListItem","position":2,"name":"FAQs","item":"https:\/\/plg-pllc.com\/es\/faqs\/"},{"@type":"ListItem","position":3,"name":"I was injured in an accident, and now I\u2019ve been asked to attend the trial of the other person."}]},{"@type":"WebSite","@id":"https:\/\/plg-pllc.com\/#website","url":"https:\/\/plg-pllc.com\/","name":"Grupo de abogados Premier","description":"Abogado de muerte por negligencia y lesiones graves en Washington","publisher":{"@id":"https:\/\/plg-pllc.com\/#organization"},"inLanguage":"es"},{"@type":"Organization","@id":"https:\/\/plg-pllc.com\/#organization","name":"Grupo de abogados Premier","url":"https:\/\/plg-pllc.com\/","logo":{"@type":"ImageObject","inLanguage":"es","@id":"https:\/\/plg-pllc.com\/#\/schema\/logo\/image\/","url":"https:\/\/plg-pllc.com\/wp-content\/uploads\/2020\/10\/plg-logo-v2.gif","contentUrl":"https:\/\/plg-pllc.com\/wp-content\/uploads\/2020\/10\/plg-logo-v2.gif","width":592,"height":191,"caption":"Premier Law Group"},"image":{"@id":"https:\/\/plg-pllc.com\/#\/schema\/logo\/image\/"},"sameAs":["https:\/\/www.facebook.com\/premierlawgroup","https:\/\/x.com\/premierlawgroup"]}]}},"_links":{"self":[{"href":"https:\/\/plg-pllc.com\/es\/wp-json\/wp\/v2\/pages\/15667","targetHints":{"allow":["GET"]}}],"collection":[{"href":"https:\/\/plg-pllc.com\/es\/wp-json\/wp\/v2\/pages"}],"about":[{"href":"https:\/\/plg-pllc.com\/es\/wp-json\/wp\/v2\/types\/page"}],"author":[{"embeddable":true,"href":"https:\/\/plg-pllc.com\/es\/wp-json\/wp\/v2\/users\/2"}],"replies":[{"embeddable":true,"href":"https:\/\/plg-pllc.com\/es\/wp-json\/wp\/v2\/comments?post=15667"}],"version-history":[{"count":0,"href":"https:\/\/plg-pllc.com\/es\/wp-json\/wp\/v2\/pages\/15667\/revisions"}],"up":[{"embeddable":true,"href":"https:\/\/plg-pllc.com\/es\/wp-json\/wp\/v2\/pages\/20714"}],"wp:featuredmedia":[{"embeddable":true,"href":"https:\/\/plg-pllc.com\/es\/wp-json\/wp\/v2\/media\/15668"}],"wp:attachment":[{"href":"https:\/\/plg-pllc.com\/es\/wp-json\/wp\/v2\/media?parent=15667"}],"wp:term":[{"taxonomy":"hc_faqs","embeddable":true,"href":"https:\/\/plg-pllc.com\/es\/wp-json\/wp\/v2\/hc_faqs?post=15667"}],"curies":[{"name":"gracias","href":"https:\/\/api.w.org\/{rel}","templated":true}]}}