{"id":15698,"date":"2017-05-30T06:24:08","date_gmt":"2017-05-30T13:24:08","guid":{"rendered":"https:\/\/plgpllc.wpengine.com\/?post_type=faqs&#038;p=15698"},"modified":"2024-10-14T08:53:57","modified_gmt":"2024-10-14T15:53:57","slug":"traumatic-brain-injury-attorney","status":"publish","type":"page","link":"https:\/\/plg-pllc.com\/es\/faqs\/does-my-attorney-need-brain-injury-experience\/","title":{"rendered":"Lesi\u00f3n cerebral traum\u00e1tica | \u00bfNecesito un abogado con experiencia?"},"content":{"rendered":"<h4>Sufr\u00ed una lesi\u00f3n cerebral traum\u00e1tica en mi accidente. \u00bfImporta si mi abogado tiene experiencia con este tipo espec\u00edfico de lesi\u00f3n?<\/h4>\n<p><script src=\"\/\/fast.wistia.com\/embed\/medias\/wvznxw56ej.jsonp\" async=\"\"><\/script><br \/>\n<script src=\"\/\/fast.wistia.com\/assets\/external\/E-v1.js\" async=\"\"><\/script><\/p>\n<div class=\"wistia_responsive_padding\" style=\"padding: 56.25% 0 0 0; position: relative; margin-top: -30px;\">\n<div class=\"wistia_responsive_wrapper\" style=\"height: 100%; left: 0; position: absolute; top: 0; width: 100%;\">\n<div class=\"wistia_embed wistia_async_wvznxw56ej seo=false videoFoam=true popover=true\" style=\"height: 100%; width: 100%;\">&nbsp;<\/div>\n<\/div>\n<\/div>\n<div>&nbsp;<\/div>\n<h2><\/h2>\n<h5>Transcripci\u00f3n del v\u00eddeo<\/h5>\n<p><img loading=\"lazy\" decoding=\"async\" src=\"https:\/\/plg-pllc.com\/wp-content\/uploads\/2009\/09\/bn000003-150x150.jpg\" alt=\"Lesi\u00f3n cerebral traum\u00e1tica\" width=\"150\" height=\"150\" class=\"alignleft size-thumbnail wp-image-3547\" srcset=\"https:\/\/plg-pllc.com\/wp-content\/uploads\/2009\/09\/bn000003-150x150.jpg 150w, https:\/\/plg-pllc.com\/wp-content\/uploads\/2009\/09\/bn000003.jpg 240w\" sizes=\"auto, (max-width: 150px) 100vw, 150px\" \/>Sea cual sea el tipo de caso que tenga, es una buena idea contratar a un abogado que tenga experiencia y conocimientos sobre ese tipo de casos. Esto es especialmente cierto en el caso de una lesi\u00f3n cerebral traum\u00e1tica, ya que los s\u00edntomas y signos de una lesi\u00f3n cerebral traum\u00e1tica pueden estar ocultos o ser dif\u00edciles de detectar. Es fundamental que su abogado le ayude a obtener la atenci\u00f3n adecuada y las pruebas adecuadas para demostrar su lesi\u00f3n cerebral traum\u00e1tica.<\/p>\n<p>Premier Law Group se especializa en casos de lesiones cerebrales y de la m\u00e9dula espinal. Nuestros abogados tienen muchos a\u00f1os de experiencia en la lucha contra las compa\u00f1\u00edas de seguros para obtener acuerdos justos. Si necesitamos luchar por usted en los tribunales, tambi\u00e9n somos expertos en ese aspecto. Si ha sufrido un traumatismo cerebral debido al error de otra persona, merece una reparaci\u00f3n integral, y Premier Law Group luchar\u00e1 con usted y por usted para asegurarse de que se haga justicia.<\/p>\n<p>Lea m\u00e1s sobre c\u00f3mo podemos ayudarle con su caso.<\/p>\n\n        <div class=\"rs-content-cta\">\n            <p>Llamar o enviar mensaje de texto <a href=\"tel:+12062851743\">(206) 285-1743<\/a> o complete un formulario de evaluaci\u00f3n de caso gratuito<\/p>\n            <a href=\"https:\/\/plg-pllc.com\/es\/contact-us\/\" title=\"OBTENGA UNA EVALUACI\u00d3N DE CASO GRATUITA\" class=\"btn-global\">OBTENGA UNA EVALUACI\u00d3N DE CASO GRATUITA<\/a>\n                    <picture>\n                            <source srcset=\"https:\/\/plg-pllc.com\/wp-content\/themes\/plg-pllc-redesign\/assets\/app\/img\/cta-thumb.webp\" type=\"image\/webp\"\/>\n                            <img src=\"https:\/\/plg-pllc.com\/wp-content\/themes\/plg-pllc-redesign\/assets\/app\/img\/cta-thumb.png\" alt=\"Grupo de abogados Premier\" title=\"Grupo de abogados Premier\" width=\"245\" height=\"220\" loading=\"auto\" fetchpriority=\"auto\" decoding=\"async\"\/>\n        <\/picture>\n        \n        <\/div>","protected":false},"excerpt":{"rendered":"<p>Sufr\u00ed una lesi\u00f3n cerebral traum\u00e1tica en mi accidente. \u00bfImporta si mi abogado tiene experiencia con este tipo espec\u00edfico de lesi\u00f3n?<\/p>","protected":false},"author":2,"featured_media":3547,"parent":20714,"menu_order":0,"comment_status":"closed","ping_status":"closed","template":"","meta":{"_acf_changed":false,"_genesis_hide_title":false,"_genesis_hide_breadcrumbs":false,"_genesis_hide_singular_image":false,"_genesis_hide_footer_widgets":false,"_genesis_custom_body_class":"","_genesis_custom_post_class":"","_genesis_layout":"","footnotes":""},"hc_faqs":[10354],"class_list":{"0":"post-15698","1":"page","2":"type-page","3":"status-publish","4":"has-post-thumbnail","6":"hc_faqs-personal-injury","7":"entry"},"acf":[],"yoast_head":"<!-- This site is optimized with the Yoast SEO plugin v27.4 - https:\/\/yoast.com\/product\/yoast-seo-wordpress\/ -->\n<title>Traumatic Brain Injury | Do I Need an Experienced Attorney?<\/title>\n<meta name=\"description\" content=\"Traumatic Brain Injury | Do I Need an Experienced Attorney?: Premier Law Group helps you unlock the full compensation you deserve. No Fee Unless We Win.\" \/>\n<meta name=\"robots\" content=\"index, follow, max-snippet:-1, max-image-preview:large, max-video-preview:-1\" \/>\n<link rel=\"canonical\" href=\"https:\/\/plg-pllc.com\/es\/faqs\/does-my-attorney-need-brain-injury-experience\/\" \/>\n<meta property=\"og:locale\" content=\"es_MX\" \/>\n<meta property=\"og:type\" content=\"article\" \/>\n<meta property=\"og:title\" content=\"Traumatic Brain Injury | Do I Need an Experienced Attorney?\" \/>\n<meta property=\"og:description\" content=\"Traumatic Brain Injury | Do I Need an Experienced Attorney?: Premier Law Group helps you unlock the full compensation you deserve. No Fee Unless We Win.\" \/>\n<meta property=\"og:url\" content=\"https:\/\/plg-pllc.com\/es\/faqs\/does-my-attorney-need-brain-injury-experience\/\" \/>\n<meta property=\"og:site_name\" content=\"Premier Law Group\" \/>\n<meta property=\"article:publisher\" content=\"https:\/\/www.facebook.com\/premierlawgroup\" \/>\n<meta property=\"article:modified_time\" content=\"2024-10-14T15:53:57+00:00\" \/>\n<meta property=\"og:image\" content=\"https:\/\/plg-pllc.com\/wp-content\/uploads\/2009\/09\/bn000003.jpg\" \/>\n\t<meta property=\"og:image:width\" content=\"240\" \/>\n\t<meta property=\"og:image:height\" content=\"240\" \/>\n\t<meta property=\"og:image:type\" content=\"image\/jpeg\" \/>\n<meta name=\"twitter:card\" content=\"summary_large_image\" \/>\n<meta name=\"twitter:site\" content=\"@premierlawgroup\" \/>\n<meta name=\"twitter:label1\" content=\"Tiempo de lectura\" \/>\n\t<meta name=\"twitter:data1\" content=\"1 minuto\" \/>\n<script type=\"application\/ld+json\" class=\"yoast-schema-graph\">{\"@context\":\"https:\\\/\\\/schema.org\",\"@graph\":[{\"@type\":\"WebPage\",\"@id\":\"https:\\\/\\\/plg-pllc.com\\\/faqs\\\/does-my-attorney-need-brain-injury-experience\\\/\",\"url\":\"https:\\\/\\\/plg-pllc.com\\\/faqs\\\/does-my-attorney-need-brain-injury-experience\\\/\",\"name\":\"Traumatic Brain Injury | Do I Need an Experienced Attorney?\",\"isPartOf\":{\"@id\":\"https:\\\/\\\/plg-pllc.com\\\/#website\"},\"primaryImageOfPage\":{\"@id\":\"https:\\\/\\\/plg-pllc.com\\\/faqs\\\/does-my-attorney-need-brain-injury-experience\\\/#primaryimage\"},\"image\":{\"@id\":\"https:\\\/\\\/plg-pllc.com\\\/faqs\\\/does-my-attorney-need-brain-injury-experience\\\/#primaryimage\"},\"thumbnailUrl\":\"https:\\\/\\\/plg-pllc.com\\\/wp-content\\\/uploads\\\/2009\\\/09\\\/bn000003.jpg\",\"datePublished\":\"2017-05-30T13:24:08+00:00\",\"dateModified\":\"2024-10-14T15:53:57+00:00\",\"description\":\"Traumatic Brain Injury | Do I Need an Experienced Attorney?: Premier Law Group helps you unlock the full compensation you deserve. No Fee Unless We Win.\",\"breadcrumb\":{\"@id\":\"https:\\\/\\\/plg-pllc.com\\\/faqs\\\/does-my-attorney-need-brain-injury-experience\\\/#breadcrumb\"},\"inLanguage\":\"es\",\"potentialAction\":[{\"@type\":\"ReadAction\",\"target\":[\"https:\\\/\\\/plg-pllc.com\\\/faqs\\\/does-my-attorney-need-brain-injury-experience\\\/\"]}]},{\"@type\":\"ImageObject\",\"inLanguage\":\"es\",\"@id\":\"https:\\\/\\\/plg-pllc.com\\\/faqs\\\/does-my-attorney-need-brain-injury-experience\\\/#primaryimage\",\"url\":\"https:\\\/\\\/plg-pllc.com\\\/wp-content\\\/uploads\\\/2009\\\/09\\\/bn000003.jpg\",\"contentUrl\":\"https:\\\/\\\/plg-pllc.com\\\/wp-content\\\/uploads\\\/2009\\\/09\\\/bn000003.jpg\",\"width\":240,\"height\":240,\"caption\":\"best brain injury lawyers in Seattle Bellevue Federal Way and Renton\"},{\"@type\":\"BreadcrumbList\",\"@id\":\"https:\\\/\\\/plg-pllc.com\\\/faqs\\\/does-my-attorney-need-brain-injury-experience\\\/#breadcrumb\",\"itemListElement\":[{\"@type\":\"ListItem\",\"position\":1,\"name\":\"Home\",\"item\":\"https:\\\/\\\/plg-pllc.com\\\/es\\\/\"},{\"@type\":\"ListItem\",\"position\":2,\"name\":\"FAQs\",\"item\":\"https:\\\/\\\/plg-pllc.com\\\/es\\\/faqs\\\/\"},{\"@type\":\"ListItem\",\"position\":3,\"name\":\"Traumatic Brain Injury | Do I Need an Experienced Attorney?\"}]},{\"@type\":\"WebSite\",\"@id\":\"https:\\\/\\\/plg-pllc.com\\\/#website\",\"url\":\"https:\\\/\\\/plg-pllc.com\\\/\",\"name\":\"Premier Law Group\",\"description\":\"Washington Wrongful Death and Serious Injury Lawyer\",\"publisher\":{\"@id\":\"https:\\\/\\\/plg-pllc.com\\\/#organization\"},\"inLanguage\":\"es\"},{\"@type\":\"Organization\",\"@id\":\"https:\\\/\\\/plg-pllc.com\\\/#organization\",\"name\":\"Premier Law Group\",\"url\":\"https:\\\/\\\/plg-pllc.com\\\/\",\"logo\":{\"@type\":\"ImageObject\",\"inLanguage\":\"es\",\"@id\":\"https:\\\/\\\/plg-pllc.com\\\/#\\\/schema\\\/logo\\\/image\\\/\",\"url\":\"https:\\\/\\\/plg-pllc.com\\\/wp-content\\\/uploads\\\/2020\\\/10\\\/plg-logo-v2.gif\",\"contentUrl\":\"https:\\\/\\\/plg-pllc.com\\\/wp-content\\\/uploads\\\/2020\\\/10\\\/plg-logo-v2.gif\",\"width\":592,\"height\":191,\"caption\":\"Premier Law Group\"},\"image\":{\"@id\":\"https:\\\/\\\/plg-pllc.com\\\/#\\\/schema\\\/logo\\\/image\\\/\"},\"sameAs\":[\"https:\\\/\\\/www.facebook.com\\\/premierlawgroup\",\"https:\\\/\\\/x.com\\\/premierlawgroup\"]}]}<\/script>\n<!-- \/ Yoast SEO plugin. -->","yoast_head_json":{"title":"Lesi\u00f3n cerebral traum\u00e1tica | \u00bfNecesito un abogado con experiencia?","description":"Lesi\u00f3n cerebral traum\u00e1tica | \u00bfNecesito un abogado con experiencia?: Premier Law Group le ayuda a obtener la compensaci\u00f3n total que se merece. Sin honorarios a menos que ganemos.","robots":{"index":"index","follow":"follow","max-snippet":"max-snippet:-1","max-image-preview":"max-image-preview:large","max-video-preview":"max-video-preview:-1"},"canonical":"https:\/\/plg-pllc.com\/es\/faqs\/does-my-attorney-need-brain-injury-experience\/","og_locale":"es_MX","og_type":"article","og_title":"Traumatic Brain Injury | Do I Need an Experienced Attorney?","og_description":"Traumatic Brain Injury | Do I Need an Experienced Attorney?: Premier Law Group helps you unlock the full compensation you deserve. No Fee Unless We Win.","og_url":"https:\/\/plg-pllc.com\/es\/faqs\/does-my-attorney-need-brain-injury-experience\/","og_site_name":"Premier Law Group","article_publisher":"https:\/\/www.facebook.com\/premierlawgroup","article_modified_time":"2024-10-14T15:53:57+00:00","og_image":[{"width":240,"height":240,"url":"https:\/\/plg-pllc.com\/wp-content\/uploads\/2009\/09\/bn000003.jpg","type":"image\/jpeg"}],"twitter_card":"summary_large_image","twitter_site":"@premierlawgroup","twitter_misc":{"Tiempo de lectura":"1 minuto"},"schema":{"@context":"https:\/\/schema.org","@graph":[{"@type":"WebPage","@id":"https:\/\/plg-pllc.com\/faqs\/does-my-attorney-need-brain-injury-experience\/","url":"https:\/\/plg-pllc.com\/faqs\/does-my-attorney-need-brain-injury-experience\/","name":"Lesi\u00f3n cerebral traum\u00e1tica | \u00bfNecesito un abogado con experiencia?","isPartOf":{"@id":"https:\/\/plg-pllc.com\/#website"},"primaryImageOfPage":{"@id":"https:\/\/plg-pllc.com\/faqs\/does-my-attorney-need-brain-injury-experience\/#primaryimage"},"image":{"@id":"https:\/\/plg-pllc.com\/faqs\/does-my-attorney-need-brain-injury-experience\/#primaryimage"},"thumbnailUrl":"https:\/\/plg-pllc.com\/wp-content\/uploads\/2009\/09\/bn000003.jpg","datePublished":"2017-05-30T13:24:08+00:00","dateModified":"2024-10-14T15:53:57+00:00","description":"Lesi\u00f3n cerebral traum\u00e1tica | \u00bfNecesito un abogado con experiencia?: Premier Law Group le ayuda a obtener la compensaci\u00f3n total que se merece. Sin honorarios a menos que ganemos.","breadcrumb":{"@id":"https:\/\/plg-pllc.com\/faqs\/does-my-attorney-need-brain-injury-experience\/#breadcrumb"},"inLanguage":"es","potentialAction":[{"@type":"ReadAction","target":["https:\/\/plg-pllc.com\/faqs\/does-my-attorney-need-brain-injury-experience\/"]}]},{"@type":"ImageObject","inLanguage":"es","@id":"https:\/\/plg-pllc.com\/faqs\/does-my-attorney-need-brain-injury-experience\/#primaryimage","url":"https:\/\/plg-pllc.com\/wp-content\/uploads\/2009\/09\/bn000003.jpg","contentUrl":"https:\/\/plg-pllc.com\/wp-content\/uploads\/2009\/09\/bn000003.jpg","width":240,"height":240,"caption":"best brain injury lawyers in Seattle Bellevue Federal Way and Renton"},{"@type":"BreadcrumbList","@id":"https:\/\/plg-pllc.com\/faqs\/does-my-attorney-need-brain-injury-experience\/#breadcrumb","itemListElement":[{"@type":"ListItem","position":1,"name":"Home","item":"https:\/\/plg-pllc.com\/es\/"},{"@type":"ListItem","position":2,"name":"FAQs","item":"https:\/\/plg-pllc.com\/es\/faqs\/"},{"@type":"ListItem","position":3,"name":"Traumatic Brain Injury | Do I Need an Experienced Attorney?"}]},{"@type":"WebSite","@id":"https:\/\/plg-pllc.com\/#website","url":"https:\/\/plg-pllc.com\/","name":"Grupo de abogados Premier","description":"Abogado de muerte por negligencia y lesiones graves en Washington","publisher":{"@id":"https:\/\/plg-pllc.com\/#organization"},"inLanguage":"es"},{"@type":"Organization","@id":"https:\/\/plg-pllc.com\/#organization","name":"Grupo de abogados Premier","url":"https:\/\/plg-pllc.com\/","logo":{"@type":"ImageObject","inLanguage":"es","@id":"https:\/\/plg-pllc.com\/#\/schema\/logo\/image\/","url":"https:\/\/plg-pllc.com\/wp-content\/uploads\/2020\/10\/plg-logo-v2.gif","contentUrl":"https:\/\/plg-pllc.com\/wp-content\/uploads\/2020\/10\/plg-logo-v2.gif","width":592,"height":191,"caption":"Premier Law Group"},"image":{"@id":"https:\/\/plg-pllc.com\/#\/schema\/logo\/image\/"},"sameAs":["https:\/\/www.facebook.com\/premierlawgroup","https:\/\/x.com\/premierlawgroup"]}]}},"_links":{"self":[{"href":"https:\/\/plg-pllc.com\/es\/wp-json\/wp\/v2\/pages\/15698","targetHints":{"allow":["GET"]}}],"collection":[{"href":"https:\/\/plg-pllc.com\/es\/wp-json\/wp\/v2\/pages"}],"about":[{"href":"https:\/\/plg-pllc.com\/es\/wp-json\/wp\/v2\/types\/page"}],"author":[{"embeddable":true,"href":"https:\/\/plg-pllc.com\/es\/wp-json\/wp\/v2\/users\/2"}],"replies":[{"embeddable":true,"href":"https:\/\/plg-pllc.com\/es\/wp-json\/wp\/v2\/comments?post=15698"}],"version-history":[{"count":0,"href":"https:\/\/plg-pllc.com\/es\/wp-json\/wp\/v2\/pages\/15698\/revisions"}],"up":[{"embeddable":true,"href":"https:\/\/plg-pllc.com\/es\/wp-json\/wp\/v2\/pages\/20714"}],"wp:featuredmedia":[{"embeddable":true,"href":"https:\/\/plg-pllc.com\/es\/wp-json\/wp\/v2\/media\/3547"}],"wp:attachment":[{"href":"https:\/\/plg-pllc.com\/es\/wp-json\/wp\/v2\/media?parent=15698"}],"wp:term":[{"taxonomy":"hc_faqs","embeddable":true,"href":"https:\/\/plg-pllc.com\/es\/wp-json\/wp\/v2\/hc_faqs?post=15698"}],"curies":[{"name":"gracias","href":"https:\/\/api.w.org\/{rel}","templated":true}]}}