{"id":15731,"date":"2017-06-19T00:52:29","date_gmt":"2017-06-19T07:52:29","guid":{"rendered":"https:\/\/plgpllc.wpengine.com\/?post_type=faqs&#038;p=15731"},"modified":"2024-11-07T04:12:19","modified_gmt":"2024-11-07T12:12:19","slug":"im-driver-accident-passenger-injured-can-sue","status":"publish","type":"page","link":"https:\/\/plg-pllc.com\/es\/faqs\/can-passenger-sue-driver-in-accident\/","title":{"rendered":"Soy el conductor durante un accidente y mi pasajero est\u00e1 herido, \u00bfpueden demandarme?"},"content":{"rendered":"<h2>\u00bfPuede mi pasajero demandarme despu\u00e9s de un accidente automovil\u00edstico?<\/h2>\n<p><script src=\"\/\/fast.wistia.com\/embed\/medias\/hkgd25g1vv.jsonp\" async=\"\"><\/script><br \/>\n<script src=\"\/\/fast.wistia.com\/assets\/external\/E-v1.js\" async=\"\"><\/script><\/p>\n<div class=\"wistia_responsive_padding\" style=\"padding: 56.25% 0 0 0; position: relative; margin-top: -30px;\">\n<div class=\"wistia_responsive_wrapper\" style=\"height: 100%; left: 0; position: absolute; top: 0; width: 100%;\">\n<div class=\"wistia_embed wistia_async_hkgd25g1vv seo=false videoFoam=true popover=true\" style=\"height: 100%; width: 100%;\"><\/div>\n<\/div>\n<\/div>\n<div><\/div>\n<h3>Transcripci\u00f3n del v\u00eddeo<\/h3>\n<p>Tu pasajero tiene derecho a reclamar contra todos y cada uno de los conductores culpables. Por lo tanto, si el accidente no fue culpa tuya en absoluto, entonces solo tiene derecho a reclamar contra el otro conductor. Sin embargo, si se puede argumentar que el accidente fue parcialmente culpa tuya, entonces s\u00ed, tendr\u00e1 derecho a reclamar contra ti y contra el otro conductor. Y, por supuesto, si el accidente fue \u00fanicamente culpa tuya, entonces tendr\u00e1 derecho a reclamar \u00fanicamente contra ti. Adem\u00e1s, es posible que tenga derecho a la cobertura PIP seg\u00fan tu p\u00f3liza PIP, por lo que es algo que debes consultar para ayudarlo a que le paguen sus facturas m\u00e9dicas.<\/p>\n\n        <div class=\"rs-content-cta\">\n            <p>Llamar o enviar mensaje de texto <a href=\"tel:+12062851743\">(206) 285-1743<\/a> o complete un formulario de evaluaci\u00f3n de caso gratuito<\/p>\n            <a href=\"https:\/\/plg-pllc.com\/es\/contact-us\/\" title=\"OBTENGA UNA EVALUACI\u00d3N DE CASO GRATUITA\" class=\"btn-global\">OBTENGA UNA EVALUACI\u00d3N DE CASO GRATUITA<\/a>\n                    <picture>\n                            <source srcset=\"https:\/\/plg-pllc.com\/wp-content\/themes\/plg-pllc-redesign\/assets\/app\/img\/cta-thumb.webp\" type=\"image\/webp\"\/>\n                            <img src=\"https:\/\/plg-pllc.com\/wp-content\/themes\/plg-pllc-redesign\/assets\/app\/img\/cta-thumb.png\" alt=\"Grupo de abogados Premier\" title=\"Grupo de abogados Premier\" width=\"245\" height=\"220\" loading=\"auto\" fetchpriority=\"auto\" decoding=\"async\"\/>\n        <\/picture>\n        \n        <\/div>","protected":false},"excerpt":{"rendered":"<p>\u00bfPuede mi pasajero demandarme despu\u00e9s de un accidente automovil\u00edstico? Transcripci\u00f3n del video Su pasajero tiene derecho a presentar una demanda contra todos y cada uno de los conductores culpables. Por lo tanto, si el accidente no fue en absoluto su culpa, entonces solo tiene derecho a presentar una demanda contra el otro conductor. Sin embargo, si se puede argumentar que el accidente fue parcialmente su culpa, entonces s\u00ed, \u2026<\/p>","protected":false},"author":2,"featured_media":13765,"parent":20714,"menu_order":0,"comment_status":"closed","ping_status":"closed","template":"","meta":{"_acf_changed":false,"_genesis_hide_title":false,"_genesis_hide_breadcrumbs":false,"_genesis_hide_singular_image":false,"_genesis_hide_footer_widgets":false,"_genesis_custom_body_class":"","_genesis_custom_post_class":"","_genesis_layout":"","footnotes":""},"hc_faqs":[10354],"class_list":{"0":"post-15731","1":"page","2":"type-page","3":"status-publish","4":"has-post-thumbnail","6":"hc_faqs-personal-injury","7":"entry"},"acf":[],"yoast_head":"<!-- This site is optimized with the Yoast SEO plugin v27.4 - https:\/\/yoast.com\/product\/yoast-seo-wordpress\/ -->\n<title>I\u2019m The Driver During an Accident and my Passenger is Injured, Can They Sue Me?<\/title>\n<meta name=\"description\" content=\"I\u2019m The Driver During an Accident and my Passenger is Injured, Can They Sue Me?: Premier Law Group helps you unlock the full compensation you deserve. No Fee Unless We Win.\" \/>\n<meta name=\"robots\" content=\"index, follow, max-snippet:-1, max-image-preview:large, max-video-preview:-1\" \/>\n<link rel=\"canonical\" href=\"https:\/\/plg-pllc.com\/es\/faqs\/can-passenger-sue-driver-in-accident\/\" \/>\n<meta property=\"og:locale\" content=\"es_MX\" \/>\n<meta property=\"og:type\" content=\"article\" \/>\n<meta property=\"og:title\" content=\"I\u2019m The Driver During an Accident and my Passenger is Injured, Can They Sue Me?\" \/>\n<meta property=\"og:description\" content=\"I\u2019m The Driver During an Accident and my Passenger is Injured, Can They Sue Me?: Premier Law Group helps you unlock the full compensation you deserve. No Fee Unless We Win.\" \/>\n<meta property=\"og:url\" content=\"https:\/\/plg-pllc.com\/es\/faqs\/can-passenger-sue-driver-in-accident\/\" \/>\n<meta property=\"og:site_name\" content=\"Premier Law Group\" \/>\n<meta property=\"article:publisher\" content=\"https:\/\/www.facebook.com\/premierlawgroup\" \/>\n<meta property=\"article:modified_time\" content=\"2024-11-07T12:12:19+00:00\" \/>\n<meta property=\"og:image\" content=\"https:\/\/plg-pllc.com\/wp-content\/uploads\/2017\/03\/PLG-article-img.jpg\" \/>\n\t<meta property=\"og:image:width\" content=\"400\" \/>\n\t<meta property=\"og:image:height\" content=\"377\" \/>\n\t<meta property=\"og:image:type\" content=\"image\/jpeg\" \/>\n<meta name=\"twitter:card\" content=\"summary_large_image\" \/>\n<meta name=\"twitter:site\" content=\"@premierlawgroup\" \/>\n<meta name=\"twitter:label1\" content=\"Tiempo de lectura\" \/>\n\t<meta name=\"twitter:data1\" content=\"1 minuto\" \/>\n<script type=\"application\/ld+json\" class=\"yoast-schema-graph\">{\"@context\":\"https:\\\/\\\/schema.org\",\"@graph\":[{\"@type\":\"WebPage\",\"@id\":\"https:\\\/\\\/plg-pllc.com\\\/faqs\\\/can-passenger-sue-driver-in-accident\\\/\",\"url\":\"https:\\\/\\\/plg-pllc.com\\\/faqs\\\/can-passenger-sue-driver-in-accident\\\/\",\"name\":\"I\u2019m The Driver During an Accident and my Passenger is Injured, Can They Sue Me?\",\"isPartOf\":{\"@id\":\"https:\\\/\\\/plg-pllc.com\\\/#website\"},\"primaryImageOfPage\":{\"@id\":\"https:\\\/\\\/plg-pllc.com\\\/faqs\\\/can-passenger-sue-driver-in-accident\\\/#primaryimage\"},\"image\":{\"@id\":\"https:\\\/\\\/plg-pllc.com\\\/faqs\\\/can-passenger-sue-driver-in-accident\\\/#primaryimage\"},\"thumbnailUrl\":\"https:\\\/\\\/plg-pllc.com\\\/wp-content\\\/uploads\\\/2017\\\/03\\\/PLG-article-img.jpg\",\"datePublished\":\"2017-06-19T07:52:29+00:00\",\"dateModified\":\"2024-11-07T12:12:19+00:00\",\"description\":\"I\u2019m The Driver During an Accident and my Passenger is Injured, Can They Sue Me?: Premier Law Group helps you unlock the full compensation you deserve. No Fee Unless We Win.\",\"breadcrumb\":{\"@id\":\"https:\\\/\\\/plg-pllc.com\\\/faqs\\\/can-passenger-sue-driver-in-accident\\\/#breadcrumb\"},\"inLanguage\":\"es\",\"potentialAction\":[{\"@type\":\"ReadAction\",\"target\":[\"https:\\\/\\\/plg-pllc.com\\\/faqs\\\/can-passenger-sue-driver-in-accident\\\/\"]}]},{\"@type\":\"ImageObject\",\"inLanguage\":\"es\",\"@id\":\"https:\\\/\\\/plg-pllc.com\\\/faqs\\\/can-passenger-sue-driver-in-accident\\\/#primaryimage\",\"url\":\"https:\\\/\\\/plg-pllc.com\\\/wp-content\\\/uploads\\\/2017\\\/03\\\/PLG-article-img.jpg\",\"contentUrl\":\"https:\\\/\\\/plg-pllc.com\\\/wp-content\\\/uploads\\\/2017\\\/03\\\/PLG-article-img.jpg\",\"width\":400,\"height\":377,\"caption\":\"What are the Most Common Types of Injuries in Pedestrian and Bicycle Accident Cases?\"},{\"@type\":\"BreadcrumbList\",\"@id\":\"https:\\\/\\\/plg-pllc.com\\\/faqs\\\/can-passenger-sue-driver-in-accident\\\/#breadcrumb\",\"itemListElement\":[{\"@type\":\"ListItem\",\"position\":1,\"name\":\"Home\",\"item\":\"https:\\\/\\\/plg-pllc.com\\\/es\\\/\"},{\"@type\":\"ListItem\",\"position\":2,\"name\":\"FAQs\",\"item\":\"https:\\\/\\\/plg-pllc.com\\\/es\\\/faqs\\\/\"},{\"@type\":\"ListItem\",\"position\":3,\"name\":\"I\u2019m The Driver During an Accident and my Passenger is Injured, Can They Sue Me?\"}]},{\"@type\":\"WebSite\",\"@id\":\"https:\\\/\\\/plg-pllc.com\\\/#website\",\"url\":\"https:\\\/\\\/plg-pllc.com\\\/\",\"name\":\"Premier Law Group\",\"description\":\"Washington Wrongful Death and Serious Injury Lawyer\",\"publisher\":{\"@id\":\"https:\\\/\\\/plg-pllc.com\\\/#organization\"},\"inLanguage\":\"es\"},{\"@type\":\"Organization\",\"@id\":\"https:\\\/\\\/plg-pllc.com\\\/#organization\",\"name\":\"Premier Law Group\",\"url\":\"https:\\\/\\\/plg-pllc.com\\\/\",\"logo\":{\"@type\":\"ImageObject\",\"inLanguage\":\"es\",\"@id\":\"https:\\\/\\\/plg-pllc.com\\\/#\\\/schema\\\/logo\\\/image\\\/\",\"url\":\"https:\\\/\\\/plg-pllc.com\\\/wp-content\\\/uploads\\\/2020\\\/10\\\/plg-logo-v2.gif\",\"contentUrl\":\"https:\\\/\\\/plg-pllc.com\\\/wp-content\\\/uploads\\\/2020\\\/10\\\/plg-logo-v2.gif\",\"width\":592,\"height\":191,\"caption\":\"Premier Law Group\"},\"image\":{\"@id\":\"https:\\\/\\\/plg-pllc.com\\\/#\\\/schema\\\/logo\\\/image\\\/\"},\"sameAs\":[\"https:\\\/\\\/www.facebook.com\\\/premierlawgroup\",\"https:\\\/\\\/x.com\\\/premierlawgroup\"]}]}<\/script>\n<!-- \/ Yoast SEO plugin. -->","yoast_head_json":{"title":"Soy el conductor durante un accidente y mi pasajero est\u00e1 herido, \u00bfpueden demandarme?","description":"Soy el conductor durante un accidente y mi pasajero est\u00e1 herido, \u00bfpueden demandarme?: Premier Law Group lo ayuda a obtener la compensaci\u00f3n total que merece. Sin cargo a menos que ganemos.","robots":{"index":"index","follow":"follow","max-snippet":"max-snippet:-1","max-image-preview":"max-image-preview:large","max-video-preview":"max-video-preview:-1"},"canonical":"https:\/\/plg-pllc.com\/es\/faqs\/can-passenger-sue-driver-in-accident\/","og_locale":"es_MX","og_type":"article","og_title":"I\u2019m The Driver During an Accident and my Passenger is Injured, Can They Sue Me?","og_description":"I\u2019m The Driver During an Accident and my Passenger is Injured, Can They Sue Me?: Premier Law Group helps you unlock the full compensation you deserve. No Fee Unless We Win.","og_url":"https:\/\/plg-pllc.com\/es\/faqs\/can-passenger-sue-driver-in-accident\/","og_site_name":"Premier Law Group","article_publisher":"https:\/\/www.facebook.com\/premierlawgroup","article_modified_time":"2024-11-07T12:12:19+00:00","og_image":[{"width":400,"height":377,"url":"https:\/\/plg-pllc.com\/wp-content\/uploads\/2017\/03\/PLG-article-img.jpg","type":"image\/jpeg"}],"twitter_card":"summary_large_image","twitter_site":"@premierlawgroup","twitter_misc":{"Tiempo de lectura":"1 minuto"},"schema":{"@context":"https:\/\/schema.org","@graph":[{"@type":"WebPage","@id":"https:\/\/plg-pllc.com\/faqs\/can-passenger-sue-driver-in-accident\/","url":"https:\/\/plg-pllc.com\/faqs\/can-passenger-sue-driver-in-accident\/","name":"Soy el conductor durante un accidente y mi pasajero est\u00e1 herido, \u00bfpueden demandarme?","isPartOf":{"@id":"https:\/\/plg-pllc.com\/#website"},"primaryImageOfPage":{"@id":"https:\/\/plg-pllc.com\/faqs\/can-passenger-sue-driver-in-accident\/#primaryimage"},"image":{"@id":"https:\/\/plg-pllc.com\/faqs\/can-passenger-sue-driver-in-accident\/#primaryimage"},"thumbnailUrl":"https:\/\/plg-pllc.com\/wp-content\/uploads\/2017\/03\/PLG-article-img.jpg","datePublished":"2017-06-19T07:52:29+00:00","dateModified":"2024-11-07T12:12:19+00:00","description":"Soy el conductor durante un accidente y mi pasajero est\u00e1 herido, \u00bfpueden demandarme?: Premier Law Group lo ayuda a obtener la compensaci\u00f3n total que merece. Sin cargo a menos que ganemos.","breadcrumb":{"@id":"https:\/\/plg-pllc.com\/faqs\/can-passenger-sue-driver-in-accident\/#breadcrumb"},"inLanguage":"es","potentialAction":[{"@type":"ReadAction","target":["https:\/\/plg-pllc.com\/faqs\/can-passenger-sue-driver-in-accident\/"]}]},{"@type":"ImageObject","inLanguage":"es","@id":"https:\/\/plg-pllc.com\/faqs\/can-passenger-sue-driver-in-accident\/#primaryimage","url":"https:\/\/plg-pllc.com\/wp-content\/uploads\/2017\/03\/PLG-article-img.jpg","contentUrl":"https:\/\/plg-pllc.com\/wp-content\/uploads\/2017\/03\/PLG-article-img.jpg","width":400,"height":377,"caption":"What are the Most Common Types of Injuries in Pedestrian and Bicycle Accident Cases?"},{"@type":"BreadcrumbList","@id":"https:\/\/plg-pllc.com\/faqs\/can-passenger-sue-driver-in-accident\/#breadcrumb","itemListElement":[{"@type":"ListItem","position":1,"name":"Home","item":"https:\/\/plg-pllc.com\/es\/"},{"@type":"ListItem","position":2,"name":"FAQs","item":"https:\/\/plg-pllc.com\/es\/faqs\/"},{"@type":"ListItem","position":3,"name":"I\u2019m The Driver During an Accident and my Passenger is Injured, Can They Sue Me?"}]},{"@type":"WebSite","@id":"https:\/\/plg-pllc.com\/#website","url":"https:\/\/plg-pllc.com\/","name":"Grupo de abogados Premier","description":"Abogado de muerte por negligencia y lesiones graves en Washington","publisher":{"@id":"https:\/\/plg-pllc.com\/#organization"},"inLanguage":"es"},{"@type":"Organization","@id":"https:\/\/plg-pllc.com\/#organization","name":"Grupo de abogados Premier","url":"https:\/\/plg-pllc.com\/","logo":{"@type":"ImageObject","inLanguage":"es","@id":"https:\/\/plg-pllc.com\/#\/schema\/logo\/image\/","url":"https:\/\/plg-pllc.com\/wp-content\/uploads\/2020\/10\/plg-logo-v2.gif","contentUrl":"https:\/\/plg-pllc.com\/wp-content\/uploads\/2020\/10\/plg-logo-v2.gif","width":592,"height":191,"caption":"Premier Law Group"},"image":{"@id":"https:\/\/plg-pllc.com\/#\/schema\/logo\/image\/"},"sameAs":["https:\/\/www.facebook.com\/premierlawgroup","https:\/\/x.com\/premierlawgroup"]}]}},"_links":{"self":[{"href":"https:\/\/plg-pllc.com\/es\/wp-json\/wp\/v2\/pages\/15731","targetHints":{"allow":["GET"]}}],"collection":[{"href":"https:\/\/plg-pllc.com\/es\/wp-json\/wp\/v2\/pages"}],"about":[{"href":"https:\/\/plg-pllc.com\/es\/wp-json\/wp\/v2\/types\/page"}],"author":[{"embeddable":true,"href":"https:\/\/plg-pllc.com\/es\/wp-json\/wp\/v2\/users\/2"}],"replies":[{"embeddable":true,"href":"https:\/\/plg-pllc.com\/es\/wp-json\/wp\/v2\/comments?post=15731"}],"version-history":[{"count":0,"href":"https:\/\/plg-pllc.com\/es\/wp-json\/wp\/v2\/pages\/15731\/revisions"}],"up":[{"embeddable":true,"href":"https:\/\/plg-pllc.com\/es\/wp-json\/wp\/v2\/pages\/20714"}],"wp:featuredmedia":[{"embeddable":true,"href":"https:\/\/plg-pllc.com\/es\/wp-json\/wp\/v2\/media\/13765"}],"wp:attachment":[{"href":"https:\/\/plg-pllc.com\/es\/wp-json\/wp\/v2\/media?parent=15731"}],"wp:term":[{"taxonomy":"hc_faqs","embeddable":true,"href":"https:\/\/plg-pllc.com\/es\/wp-json\/wp\/v2\/hc_faqs?post=15731"}],"curies":[{"name":"gracias","href":"https:\/\/api.w.org\/{rel}","templated":true}]}}