{"id":15733,"date":"2017-06-28T07:30:20","date_gmt":"2017-06-28T14:30:20","guid":{"rendered":"https:\/\/plgpllc.wpengine.com\/?post_type=faqs&#038;p=15733"},"modified":"2024-11-07T04:12:15","modified_gmt":"2024-11-07T12:12:15","slug":"car-accident-contact-insurance-company","status":"publish","type":"page","link":"https:\/\/plg-pllc.com\/es\/faqs\/car-accident-contact-insurance\/","title":{"rendered":"Despu\u00e9s de un accidente automovil\u00edstico, \u00bfdebo comunicarme con la compa\u00f1\u00eda de seguros del otro conductor?"},"content":{"rendered":"<h2>Despu\u00e9s de un accidente automovil\u00edstico, \u00bfdebo comunicarme con la compa\u00f1\u00eda de seguros del otro conductor?<\/h2>\n<p><script src=\"\/\/fast.wistia.com\/embed\/medias\/64ka4rysdd.jsonp\" async=\"\"><\/script><br \/>\n<script src=\"\/\/fast.wistia.com\/assets\/external\/E-v1.js\" async=\"\"><\/script><\/p>\n<div class=\"wistia_responsive_padding\" style=\"padding: 56.25% 0 0 0; position: relative; margin-top: -30px;\">\n<div class=\"wistia_responsive_wrapper\" style=\"height: 100%; left: 0; position: absolute; top: 0; width: 100%;\">\n<div class=\"wistia_embed wistia_async_64ka4rysdd seo=false videoFoam=true popover=true\" style=\"height: 100%; width: 100%;\"><\/div>\n<\/div>\n<\/div>\n<div><\/div>\n<h3>Transcripci\u00f3n del v\u00eddeo<\/h3>\n<p>Si el accidente de tr\u00e1fico fue claramente culpa del otro conductor, supongo que se pondr\u00e1n en contacto contigo bastante r\u00e1pido. Las compa\u00f1\u00edas de seguros tienen varios trucos para intentar evitar la responsabilidad o para minimizar lo que pagan.<\/p>\n<p><img loading=\"lazy\" decoding=\"async\" class=\"alignleft size-medium wp-image-15772\" src=\"https:\/\/plg-pllc.com\/wp-content\/uploads\/2017\/06\/signature-300x225.jpg\" alt=\"Se\u00f1al de accidente de coche con liberaci\u00f3n de seguro\" width=\"300\" height=\"225\" srcset=\"https:\/\/plg-pllc.com\/wp-content\/uploads\/2017\/06\/signature-300x225.jpg 300w, https:\/\/plg-pllc.com\/wp-content\/uploads\/2017\/06\/signature.jpg 640w\" sizes=\"auto, (max-width: 300px) 100vw, 300px\" \/>Una de ellas es la oferta de acuerdo r\u00e1pido, en la que horas o al principio del accidente (quiz\u00e1s al d\u00eda siguiente) te llamar\u00e1n y te ofrecer\u00e1n $500.00 o $1,000.00 para resolver tu caso.<\/p>\n<p>\u00a1Esto es un gran error! A menudo, puede llevar d\u00edas, semanas o meses conocer la naturaleza y el alcance completos de sus lesiones. He visto muchos casos en los que alguien resuelve su reclamo al principio por una suma modesta de dinero, digamos $1,000.00, y luego termina necesitando una cirug\u00eda de espalda o de cuello y tiene un caso que deber\u00eda haber valido un par de $100,000.00.<\/p>\n<p>Lamentablemente, tomaron esos $1,000.00 y firmaron la liberaci\u00f3n, por lo que no hay nada que podamos hacer para ayudarlos.<\/p>\n<blockquote><p>\u00a1No seas esa persona! Si has resultado herido en un accidente de tr\u00e1fico <a href=\"https:\/\/plg-pllc.com\/contact-us\/\">Cont\u00e1ctenos<\/a> de inmediato para una evaluaci\u00f3n de caso gratuita.<\/p><\/blockquote>\n\n        <div class=\"rs-content-cta\">\n            <p>Llamar o enviar mensaje de texto <a href=\"tel:+12062851743\">(206) 285-1743<\/a> o complete un formulario de evaluaci\u00f3n de caso gratuito<\/p>\n            <a href=\"https:\/\/plg-pllc.com\/es\/contact-us\/\" title=\"OBTENGA UNA EVALUACI\u00d3N DE CASO GRATUITA\" class=\"btn-global\">OBTENGA UNA EVALUACI\u00d3N DE CASO GRATUITA<\/a>\n                    <picture>\n                            <source srcset=\"https:\/\/plg-pllc.com\/wp-content\/themes\/plg-pllc-redesign\/assets\/app\/img\/cta-thumb.webp\" type=\"image\/webp\"\/>\n                            <img src=\"https:\/\/plg-pllc.com\/wp-content\/themes\/plg-pllc-redesign\/assets\/app\/img\/cta-thumb.png\" alt=\"Grupo de abogados Premier\" title=\"Grupo de abogados Premier\" width=\"245\" height=\"220\" loading=\"auto\" fetchpriority=\"auto\" decoding=\"async\"\/>\n        <\/picture>\n        \n        <\/div>","protected":false},"excerpt":{"rendered":"<p>Despu\u00e9s de un accidente de tr\u00e1fico, \u00bfdebo ponerme en contacto con la compa\u00f1\u00eda de seguros del otro conductor? Transcripci\u00f3n del v\u00eddeo Si el accidente de tr\u00e1fico fue claramente culpa del otro conductor, supongo que se pondr\u00e1n en contacto contigo bastante r\u00e1pido. Las compa\u00f1\u00edas de seguros tienen varios trucos para intentar evitar la responsabilidad o para minimizar lo que pagan. Uno de ellos\u2026<\/p>","protected":false},"author":2,"featured_media":15772,"parent":20714,"menu_order":0,"comment_status":"closed","ping_status":"closed","template":"","meta":{"_acf_changed":false,"_genesis_hide_title":false,"_genesis_hide_breadcrumbs":false,"_genesis_hide_singular_image":false,"_genesis_hide_footer_widgets":false,"_genesis_custom_body_class":"","_genesis_custom_post_class":"","_genesis_layout":"","footnotes":""},"hc_faqs":[10354],"class_list":{"0":"post-15733","1":"page","2":"type-page","3":"status-publish","4":"has-post-thumbnail","6":"hc_faqs-personal-injury","7":"entry"},"acf":[],"yoast_head":"<!-- This site is optimized with the Yoast SEO plugin v27.4 - https:\/\/yoast.com\/product\/yoast-seo-wordpress\/ -->\n<title>After a car accident, should I contact the other driver\u2019s insurance company?<\/title>\n<meta name=\"description\" content=\"After a car accident, should I contact the other driver\u2019s insurance company?: Premier Law Group helps you unlock the full compensation you deserve. No Fee Unless We Win.\" \/>\n<meta name=\"robots\" content=\"index, follow, max-snippet:-1, max-image-preview:large, max-video-preview:-1\" \/>\n<link rel=\"canonical\" href=\"https:\/\/plg-pllc.com\/es\/faqs\/car-accident-contact-insurance\/\" \/>\n<meta property=\"og:locale\" content=\"es_MX\" \/>\n<meta property=\"og:type\" content=\"article\" \/>\n<meta property=\"og:title\" content=\"After a car accident, should I contact the other driver\u2019s insurance company?\" \/>\n<meta property=\"og:description\" content=\"After a car accident, should I contact the other driver\u2019s insurance company?: Premier Law Group helps you unlock the full compensation you deserve. No Fee Unless We Win.\" \/>\n<meta property=\"og:url\" content=\"https:\/\/plg-pllc.com\/es\/faqs\/car-accident-contact-insurance\/\" \/>\n<meta property=\"og:site_name\" content=\"Premier Law Group\" \/>\n<meta property=\"article:publisher\" content=\"https:\/\/www.facebook.com\/premierlawgroup\" \/>\n<meta property=\"article:modified_time\" content=\"2024-11-07T12:12:15+00:00\" \/>\n<meta property=\"og:image\" content=\"https:\/\/plg-pllc.com\/wp-content\/uploads\/2017\/06\/signature.jpg\" \/>\n\t<meta property=\"og:image:width\" content=\"640\" \/>\n\t<meta property=\"og:image:height\" content=\"480\" \/>\n\t<meta property=\"og:image:type\" content=\"image\/jpeg\" \/>\n<meta name=\"twitter:card\" content=\"summary_large_image\" \/>\n<meta name=\"twitter:site\" content=\"@premierlawgroup\" \/>\n<meta name=\"twitter:label1\" content=\"Tiempo de lectura\" \/>\n\t<meta name=\"twitter:data1\" content=\"2 minutos\" \/>\n<script type=\"application\/ld+json\" class=\"yoast-schema-graph\">{\"@context\":\"https:\\\/\\\/schema.org\",\"@graph\":[{\"@type\":\"WebPage\",\"@id\":\"https:\\\/\\\/plg-pllc.com\\\/faqs\\\/car-accident-contact-insurance\\\/\",\"url\":\"https:\\\/\\\/plg-pllc.com\\\/faqs\\\/car-accident-contact-insurance\\\/\",\"name\":\"After a car accident, should I contact the other driver\u2019s insurance company?\",\"isPartOf\":{\"@id\":\"https:\\\/\\\/plg-pllc.com\\\/#website\"},\"primaryImageOfPage\":{\"@id\":\"https:\\\/\\\/plg-pllc.com\\\/faqs\\\/car-accident-contact-insurance\\\/#primaryimage\"},\"image\":{\"@id\":\"https:\\\/\\\/plg-pllc.com\\\/faqs\\\/car-accident-contact-insurance\\\/#primaryimage\"},\"thumbnailUrl\":\"https:\\\/\\\/plg-pllc.com\\\/wp-content\\\/uploads\\\/2017\\\/06\\\/signature.jpg\",\"datePublished\":\"2017-06-28T14:30:20+00:00\",\"dateModified\":\"2024-11-07T12:12:15+00:00\",\"description\":\"After a car accident, should I contact the other driver\u2019s insurance company?: Premier Law Group helps you unlock the full compensation you deserve. No Fee Unless We Win.\",\"breadcrumb\":{\"@id\":\"https:\\\/\\\/plg-pllc.com\\\/faqs\\\/car-accident-contact-insurance\\\/#breadcrumb\"},\"inLanguage\":\"es\",\"potentialAction\":[{\"@type\":\"ReadAction\",\"target\":[\"https:\\\/\\\/plg-pllc.com\\\/faqs\\\/car-accident-contact-insurance\\\/\"]}]},{\"@type\":\"ImageObject\",\"inLanguage\":\"es\",\"@id\":\"https:\\\/\\\/plg-pllc.com\\\/faqs\\\/car-accident-contact-insurance\\\/#primaryimage\",\"url\":\"https:\\\/\\\/plg-pllc.com\\\/wp-content\\\/uploads\\\/2017\\\/06\\\/signature.jpg\",\"contentUrl\":\"https:\\\/\\\/plg-pllc.com\\\/wp-content\\\/uploads\\\/2017\\\/06\\\/signature.jpg\",\"width\":640,\"height\":480,\"caption\":\"signature\"},{\"@type\":\"BreadcrumbList\",\"@id\":\"https:\\\/\\\/plg-pllc.com\\\/faqs\\\/car-accident-contact-insurance\\\/#breadcrumb\",\"itemListElement\":[{\"@type\":\"ListItem\",\"position\":1,\"name\":\"Home\",\"item\":\"https:\\\/\\\/plg-pllc.com\\\/es\\\/\"},{\"@type\":\"ListItem\",\"position\":2,\"name\":\"FAQs\",\"item\":\"https:\\\/\\\/plg-pllc.com\\\/es\\\/faqs\\\/\"},{\"@type\":\"ListItem\",\"position\":3,\"name\":\"After a car accident, should I contact the other driver\u2019s insurance company?\"}]},{\"@type\":\"WebSite\",\"@id\":\"https:\\\/\\\/plg-pllc.com\\\/#website\",\"url\":\"https:\\\/\\\/plg-pllc.com\\\/\",\"name\":\"Premier Law Group\",\"description\":\"Washington Wrongful Death and Serious Injury Lawyer\",\"publisher\":{\"@id\":\"https:\\\/\\\/plg-pllc.com\\\/#organization\"},\"inLanguage\":\"es\"},{\"@type\":\"Organization\",\"@id\":\"https:\\\/\\\/plg-pllc.com\\\/#organization\",\"name\":\"Premier Law Group\",\"url\":\"https:\\\/\\\/plg-pllc.com\\\/\",\"logo\":{\"@type\":\"ImageObject\",\"inLanguage\":\"es\",\"@id\":\"https:\\\/\\\/plg-pllc.com\\\/#\\\/schema\\\/logo\\\/image\\\/\",\"url\":\"https:\\\/\\\/plg-pllc.com\\\/wp-content\\\/uploads\\\/2020\\\/10\\\/plg-logo-v2.gif\",\"contentUrl\":\"https:\\\/\\\/plg-pllc.com\\\/wp-content\\\/uploads\\\/2020\\\/10\\\/plg-logo-v2.gif\",\"width\":592,\"height\":191,\"caption\":\"Premier Law Group\"},\"image\":{\"@id\":\"https:\\\/\\\/plg-pllc.com\\\/#\\\/schema\\\/logo\\\/image\\\/\"},\"sameAs\":[\"https:\\\/\\\/www.facebook.com\\\/premierlawgroup\",\"https:\\\/\\\/x.com\\\/premierlawgroup\"]}]}<\/script>\n<!-- \/ Yoast SEO plugin. -->","yoast_head_json":{"title":"Despu\u00e9s de un accidente automovil\u00edstico, \u00bfdebo comunicarme con la compa\u00f1\u00eda de seguros del otro conductor?","description":"Despu\u00e9s de un accidente automovil\u00edstico, \u00bfdeber\u00eda comunicarme con la compa\u00f1\u00eda de seguros del otro conductor?: Premier Law Group lo ayuda a obtener la compensaci\u00f3n total que merece. Sin cargo a menos que ganemos.","robots":{"index":"index","follow":"follow","max-snippet":"max-snippet:-1","max-image-preview":"max-image-preview:large","max-video-preview":"max-video-preview:-1"},"canonical":"https:\/\/plg-pllc.com\/es\/faqs\/car-accident-contact-insurance\/","og_locale":"es_MX","og_type":"article","og_title":"After a car accident, should I contact the other driver\u2019s insurance company?","og_description":"After a car accident, should I contact the other driver\u2019s insurance company?: Premier Law Group helps you unlock the full compensation you deserve. No Fee Unless We Win.","og_url":"https:\/\/plg-pllc.com\/es\/faqs\/car-accident-contact-insurance\/","og_site_name":"Premier Law Group","article_publisher":"https:\/\/www.facebook.com\/premierlawgroup","article_modified_time":"2024-11-07T12:12:15+00:00","og_image":[{"width":640,"height":480,"url":"https:\/\/plg-pllc.com\/wp-content\/uploads\/2017\/06\/signature.jpg","type":"image\/jpeg"}],"twitter_card":"summary_large_image","twitter_site":"@premierlawgroup","twitter_misc":{"Tiempo de lectura":"2 minutos"},"schema":{"@context":"https:\/\/schema.org","@graph":[{"@type":"WebPage","@id":"https:\/\/plg-pllc.com\/faqs\/car-accident-contact-insurance\/","url":"https:\/\/plg-pllc.com\/faqs\/car-accident-contact-insurance\/","name":"Despu\u00e9s de un accidente automovil\u00edstico, \u00bfdebo comunicarme con la compa\u00f1\u00eda de seguros del otro conductor?","isPartOf":{"@id":"https:\/\/plg-pllc.com\/#website"},"primaryImageOfPage":{"@id":"https:\/\/plg-pllc.com\/faqs\/car-accident-contact-insurance\/#primaryimage"},"image":{"@id":"https:\/\/plg-pllc.com\/faqs\/car-accident-contact-insurance\/#primaryimage"},"thumbnailUrl":"https:\/\/plg-pllc.com\/wp-content\/uploads\/2017\/06\/signature.jpg","datePublished":"2017-06-28T14:30:20+00:00","dateModified":"2024-11-07T12:12:15+00:00","description":"Despu\u00e9s de un accidente automovil\u00edstico, \u00bfdeber\u00eda comunicarme con la compa\u00f1\u00eda de seguros del otro conductor?: Premier Law Group lo ayuda a obtener la compensaci\u00f3n total que merece. Sin cargo a menos que ganemos.","breadcrumb":{"@id":"https:\/\/plg-pllc.com\/faqs\/car-accident-contact-insurance\/#breadcrumb"},"inLanguage":"es","potentialAction":[{"@type":"ReadAction","target":["https:\/\/plg-pllc.com\/faqs\/car-accident-contact-insurance\/"]}]},{"@type":"ImageObject","inLanguage":"es","@id":"https:\/\/plg-pllc.com\/faqs\/car-accident-contact-insurance\/#primaryimage","url":"https:\/\/plg-pllc.com\/wp-content\/uploads\/2017\/06\/signature.jpg","contentUrl":"https:\/\/plg-pllc.com\/wp-content\/uploads\/2017\/06\/signature.jpg","width":640,"height":480,"caption":"signature"},{"@type":"BreadcrumbList","@id":"https:\/\/plg-pllc.com\/faqs\/car-accident-contact-insurance\/#breadcrumb","itemListElement":[{"@type":"ListItem","position":1,"name":"Home","item":"https:\/\/plg-pllc.com\/es\/"},{"@type":"ListItem","position":2,"name":"FAQs","item":"https:\/\/plg-pllc.com\/es\/faqs\/"},{"@type":"ListItem","position":3,"name":"After a car accident, should I contact the other driver\u2019s insurance company?"}]},{"@type":"WebSite","@id":"https:\/\/plg-pllc.com\/#website","url":"https:\/\/plg-pllc.com\/","name":"Grupo de abogados Premier","description":"Abogado de muerte por negligencia y lesiones graves en Washington","publisher":{"@id":"https:\/\/plg-pllc.com\/#organization"},"inLanguage":"es"},{"@type":"Organization","@id":"https:\/\/plg-pllc.com\/#organization","name":"Grupo de abogados Premier","url":"https:\/\/plg-pllc.com\/","logo":{"@type":"ImageObject","inLanguage":"es","@id":"https:\/\/plg-pllc.com\/#\/schema\/logo\/image\/","url":"https:\/\/plg-pllc.com\/wp-content\/uploads\/2020\/10\/plg-logo-v2.gif","contentUrl":"https:\/\/plg-pllc.com\/wp-content\/uploads\/2020\/10\/plg-logo-v2.gif","width":592,"height":191,"caption":"Premier Law Group"},"image":{"@id":"https:\/\/plg-pllc.com\/#\/schema\/logo\/image\/"},"sameAs":["https:\/\/www.facebook.com\/premierlawgroup","https:\/\/x.com\/premierlawgroup"]}]}},"_links":{"self":[{"href":"https:\/\/plg-pllc.com\/es\/wp-json\/wp\/v2\/pages\/15733","targetHints":{"allow":["GET"]}}],"collection":[{"href":"https:\/\/plg-pllc.com\/es\/wp-json\/wp\/v2\/pages"}],"about":[{"href":"https:\/\/plg-pllc.com\/es\/wp-json\/wp\/v2\/types\/page"}],"author":[{"embeddable":true,"href":"https:\/\/plg-pllc.com\/es\/wp-json\/wp\/v2\/users\/2"}],"replies":[{"embeddable":true,"href":"https:\/\/plg-pllc.com\/es\/wp-json\/wp\/v2\/comments?post=15733"}],"version-history":[{"count":0,"href":"https:\/\/plg-pllc.com\/es\/wp-json\/wp\/v2\/pages\/15733\/revisions"}],"up":[{"embeddable":true,"href":"https:\/\/plg-pllc.com\/es\/wp-json\/wp\/v2\/pages\/20714"}],"wp:featuredmedia":[{"embeddable":true,"href":"https:\/\/plg-pllc.com\/es\/wp-json\/wp\/v2\/media\/15772"}],"wp:attachment":[{"href":"https:\/\/plg-pllc.com\/es\/wp-json\/wp\/v2\/media?parent=15733"}],"wp:term":[{"taxonomy":"hc_faqs","embeddable":true,"href":"https:\/\/plg-pllc.com\/es\/wp-json\/wp\/v2\/hc_faqs?post=15733"}],"curies":[{"name":"gracias","href":"https:\/\/api.w.org\/{rel}","templated":true}]}}