{"id":15734,"date":"2017-06-26T07:33:18","date_gmt":"2017-06-26T14:33:18","guid":{"rendered":"https:\/\/plgpllc.wpengine.com\/?post_type=faqs&#038;p=15734"},"modified":"2024-10-18T09:08:48","modified_gmt":"2024-10-18T16:08:48","slug":"should-i-have-my-attorney-attend-my-doctor-appointments","status":"publish","type":"page","link":"https:\/\/plg-pllc.com\/es\/faqs\/should-attorney-attend-doctor-appointments\/","title":{"rendered":"\u00bfDebo hacer que mi abogado asista a mis citas m\u00e9dicas?"},"content":{"rendered":"<h2>\u00bfEn qu\u00e9 caso quisiera que mi abogado asista a mis citas m\u00e9dicas?<\/h2>\n<p><script src=\"\/\/fast.wistia.com\/embed\/medias\/w02f967zfu.jsonp\" async=\"\"><\/script><br \/>\n<script src=\"\/\/fast.wistia.com\/assets\/external\/E-v1.js\" async=\"\"><\/script><\/p>\n<div class=\"wistia_responsive_padding\" style=\"padding: 56.25% 0 0 0; position: relative; margin-top: -30px;\">\n<div class=\"wistia_responsive_wrapper\" style=\"height: 100%; left: 0; position: absolute; top: 0; width: 100%;\">\n<div class=\"wistia_embed wistia_async_w02f967zfu seo=false videoFoam=true popover=true\" style=\"height: 100%; width: 100%;\"><\/div>\n<\/div>\n<\/div>\n<div><\/div>\n<p><strong>Transcripci\u00f3n del v\u00eddeo<\/strong><\/p>\n<p>No creo que su abogado deba tener nada que ver con su atenci\u00f3n m\u00e9dica o tratamiento. No me gustar\u00eda que un abogado asistiera a sus citas m\u00e9dicas, al igual que no me gustar\u00eda que su m\u00e9dico asistiera a sus reuniones con el abogado.<\/p>\n<p><img loading=\"lazy\" decoding=\"async\" class=\"alignleft size-medium wp-image-15770\" src=\"https:\/\/plg-pllc.com\/wp-content\/uploads\/2017\/06\/injured-crutches-200x300.jpg\" alt=\"\u00bfDebe un abogado asistir a mis citas m\u00e9dicas?\" width=\"200\" height=\"300\" srcset=\"https:\/\/plg-pllc.com\/wp-content\/uploads\/2017\/06\/injured-crutches-200x300.jpg 200w, https:\/\/plg-pllc.com\/wp-content\/uploads\/2017\/06\/injured-crutches-640x960.jpg 640w, https:\/\/plg-pllc.com\/wp-content\/uploads\/2017\/06\/injured-crutches-768x1152.jpg 768w, https:\/\/plg-pllc.com\/wp-content\/uploads\/2017\/06\/injured-crutches-682x1024.jpg 682w, https:\/\/plg-pllc.com\/wp-content\/uploads\/2017\/06\/injured-crutches.jpg 853w\" sizes=\"auto, (max-width: 200px) 100vw, 200px\" \/>Dicho esto, hay un momento en el que un abogado debe acompa\u00f1arlo a una cita o al menos enviar un representante en su nombre, y es cuando debe acudir a un examen m\u00e9dico independiente por parte de una compa\u00f1\u00eda de seguros.<br \/>\nEn esos casos, normalmente enviaremos a alguien de nuestra oficina para que lo acompa\u00f1e a la cita, pero eso se debe a que esa persona no est\u00e1 all\u00ed para tratarlo por sus lesiones y ayudarlo a recuperarse. En realidad, est\u00e1 trabajando para la compa\u00f1\u00eda de seguros para intentar demostrar que usted no est\u00e1 lesionado.<\/p>\n<p>Una de las cosas que veo una y otra vez es que los abogados env\u00edan a las personas a determinados m\u00e9dicos. Eso es algo que yo evitar\u00eda a toda costa. Las compa\u00f1\u00edas de seguros lo saben. Saben cu\u00e1ndo determinados abogados y determinados m\u00e9dicos aparecen una y otra vez en los casos, y utilizan esa informaci\u00f3n para intentar conseguir un acuerdo a la baja.<\/p>\n\n        <div class=\"rs-content-cta\">\n            <p>Llamar o enviar mensaje de texto <a href=\"tel:+12062851743\">(206) 285-1743<\/a> o complete un formulario de evaluaci\u00f3n de caso gratuito<\/p>\n            <a href=\"https:\/\/plg-pllc.com\/es\/contact-us\/\" title=\"OBTENGA UNA EVALUACI\u00d3N DE CASO GRATUITA\" class=\"btn-global\">OBTENGA UNA EVALUACI\u00d3N DE CASO GRATUITA<\/a>\n                    <picture>\n                            <source srcset=\"https:\/\/plg-pllc.com\/wp-content\/themes\/plg-pllc-redesign\/assets\/app\/img\/cta-thumb.webp\" type=\"image\/webp\"\/>\n                            <img src=\"https:\/\/plg-pllc.com\/wp-content\/themes\/plg-pllc-redesign\/assets\/app\/img\/cta-thumb.png\" alt=\"Grupo de abogados Premier\" title=\"Grupo de abogados Premier\" width=\"245\" height=\"220\" loading=\"auto\" fetchpriority=\"auto\" decoding=\"async\"\/>\n        <\/picture>\n        \n        <\/div>","protected":false},"excerpt":{"rendered":"<p>\u00bfEn qu\u00e9 caso querr\u00eda que mi abogado asistiera a mis citas m\u00e9dicas? Transcripci\u00f3n del video No creo que su abogado deba tener nada que ver con su atenci\u00f3n o tratamiento m\u00e9dico. No querr\u00eda que un abogado asistiera a sus citas m\u00e9dicas m\u00e1s de lo que querr\u00eda que su m\u00e9dico asistiera a sus citas m\u00e9dicas.<\/p>","protected":false},"author":2,"featured_media":15770,"parent":20714,"menu_order":0,"comment_status":"closed","ping_status":"closed","template":"","meta":{"_acf_changed":false,"_genesis_hide_title":false,"_genesis_hide_breadcrumbs":false,"_genesis_hide_singular_image":false,"_genesis_hide_footer_widgets":false,"_genesis_custom_body_class":"","_genesis_custom_post_class":"","_genesis_layout":"","footnotes":""},"hc_faqs":[10354],"class_list":{"0":"post-15734","1":"page","2":"type-page","3":"status-publish","4":"has-post-thumbnail","6":"hc_faqs-personal-injury","7":"entry"},"acf":[],"yoast_head":"<!-- This site is optimized with the Yoast SEO plugin v27.5 - https:\/\/yoast.com\/product\/yoast-seo-wordpress\/ -->\n<title>Should I Have My Attorney Attend My Doctor Appointments?<\/title>\n<meta name=\"description\" content=\"Should I Have My Attorney Attend My Doctor Appointments?: Premier Law Group helps you unlock the full compensation you deserve. No Fee Unless We Win.\" \/>\n<meta name=\"robots\" content=\"index, follow, max-snippet:-1, max-image-preview:large, max-video-preview:-1\" \/>\n<link rel=\"canonical\" href=\"https:\/\/plg-pllc.com\/es\/faqs\/should-attorney-attend-doctor-appointments\/\" \/>\n<meta property=\"og:locale\" content=\"es_MX\" \/>\n<meta property=\"og:type\" content=\"article\" \/>\n<meta property=\"og:title\" content=\"Should I Have My Attorney Attend My Doctor Appointments?\" \/>\n<meta property=\"og:description\" content=\"Should I Have My Attorney Attend My Doctor Appointments?: Premier Law Group helps you unlock the full compensation you deserve. No Fee Unless We Win.\" \/>\n<meta property=\"og:url\" content=\"https:\/\/plg-pllc.com\/es\/faqs\/should-attorney-attend-doctor-appointments\/\" \/>\n<meta property=\"og:site_name\" content=\"Premier Law Group\" \/>\n<meta property=\"article:publisher\" content=\"https:\/\/www.facebook.com\/premierlawgroup\" \/>\n<meta property=\"article:modified_time\" content=\"2024-10-18T16:08:48+00:00\" \/>\n<meta property=\"og:image\" content=\"https:\/\/plg-pllc.com\/wp-content\/uploads\/2017\/06\/injured-crutches.jpg\" \/>\n\t<meta property=\"og:image:width\" content=\"853\" \/>\n\t<meta property=\"og:image:height\" content=\"1280\" \/>\n\t<meta property=\"og:image:type\" content=\"image\/jpeg\" \/>\n<meta name=\"twitter:card\" content=\"summary_large_image\" \/>\n<meta name=\"twitter:site\" content=\"@premierlawgroup\" \/>\n<meta name=\"twitter:label1\" content=\"Tiempo de lectura\" \/>\n\t<meta name=\"twitter:data1\" content=\"2 minutos\" \/>\n<script type=\"application\/ld+json\" class=\"yoast-schema-graph\">{\"@context\":\"https:\\\/\\\/schema.org\",\"@graph\":[{\"@type\":\"WebPage\",\"@id\":\"https:\\\/\\\/plg-pllc.com\\\/faqs\\\/should-attorney-attend-doctor-appointments\\\/\",\"url\":\"https:\\\/\\\/plg-pllc.com\\\/faqs\\\/should-attorney-attend-doctor-appointments\\\/\",\"name\":\"Should I Have My Attorney Attend My Doctor Appointments?\",\"isPartOf\":{\"@id\":\"https:\\\/\\\/plg-pllc.com\\\/#website\"},\"primaryImageOfPage\":{\"@id\":\"https:\\\/\\\/plg-pllc.com\\\/faqs\\\/should-attorney-attend-doctor-appointments\\\/#primaryimage\"},\"image\":{\"@id\":\"https:\\\/\\\/plg-pllc.com\\\/faqs\\\/should-attorney-attend-doctor-appointments\\\/#primaryimage\"},\"thumbnailUrl\":\"https:\\\/\\\/plg-pllc.com\\\/wp-content\\\/uploads\\\/2017\\\/06\\\/injured-crutches.jpg\",\"datePublished\":\"2017-06-26T14:33:18+00:00\",\"dateModified\":\"2024-10-18T16:08:48+00:00\",\"description\":\"Should I Have My Attorney Attend My Doctor Appointments?: Premier Law Group helps you unlock the full compensation you deserve. No Fee Unless We Win.\",\"breadcrumb\":{\"@id\":\"https:\\\/\\\/plg-pllc.com\\\/faqs\\\/should-attorney-attend-doctor-appointments\\\/#breadcrumb\"},\"inLanguage\":\"es\",\"potentialAction\":[{\"@type\":\"ReadAction\",\"target\":[\"https:\\\/\\\/plg-pllc.com\\\/faqs\\\/should-attorney-attend-doctor-appointments\\\/\"]}]},{\"@type\":\"ImageObject\",\"inLanguage\":\"es\",\"@id\":\"https:\\\/\\\/plg-pllc.com\\\/faqs\\\/should-attorney-attend-doctor-appointments\\\/#primaryimage\",\"url\":\"https:\\\/\\\/plg-pllc.com\\\/wp-content\\\/uploads\\\/2017\\\/06\\\/injured-crutches.jpg\",\"contentUrl\":\"https:\\\/\\\/plg-pllc.com\\\/wp-content\\\/uploads\\\/2017\\\/06\\\/injured-crutches.jpg\",\"width\":853,\"height\":1280,\"caption\":\"injured person on crutches\"},{\"@type\":\"BreadcrumbList\",\"@id\":\"https:\\\/\\\/plg-pllc.com\\\/faqs\\\/should-attorney-attend-doctor-appointments\\\/#breadcrumb\",\"itemListElement\":[{\"@type\":\"ListItem\",\"position\":1,\"name\":\"Home\",\"item\":\"https:\\\/\\\/plg-pllc.com\\\/es\\\/\"},{\"@type\":\"ListItem\",\"position\":2,\"name\":\"FAQs\",\"item\":\"https:\\\/\\\/plg-pllc.com\\\/es\\\/faqs\\\/\"},{\"@type\":\"ListItem\",\"position\":3,\"name\":\"Should I Have My Attorney Attend My Doctor Appointments?\"}]},{\"@type\":\"WebSite\",\"@id\":\"https:\\\/\\\/plg-pllc.com\\\/#website\",\"url\":\"https:\\\/\\\/plg-pllc.com\\\/\",\"name\":\"Premier Law Group\",\"description\":\"Washington Wrongful Death and Serious Injury Lawyer\",\"publisher\":{\"@id\":\"https:\\\/\\\/plg-pllc.com\\\/#organization\"},\"inLanguage\":\"es\"},{\"@type\":\"Organization\",\"@id\":\"https:\\\/\\\/plg-pllc.com\\\/#organization\",\"name\":\"Premier Law Group\",\"url\":\"https:\\\/\\\/plg-pllc.com\\\/\",\"logo\":{\"@type\":\"ImageObject\",\"inLanguage\":\"es\",\"@id\":\"https:\\\/\\\/plg-pllc.com\\\/#\\\/schema\\\/logo\\\/image\\\/\",\"url\":\"https:\\\/\\\/plg-pllc.com\\\/wp-content\\\/uploads\\\/2020\\\/10\\\/plg-logo-v2.gif\",\"contentUrl\":\"https:\\\/\\\/plg-pllc.com\\\/wp-content\\\/uploads\\\/2020\\\/10\\\/plg-logo-v2.gif\",\"width\":592,\"height\":191,\"caption\":\"Premier Law Group\"},\"image\":{\"@id\":\"https:\\\/\\\/plg-pllc.com\\\/#\\\/schema\\\/logo\\\/image\\\/\"},\"sameAs\":[\"https:\\\/\\\/www.facebook.com\\\/premierlawgroup\",\"https:\\\/\\\/x.com\\\/premierlawgroup\"]}]}<\/script>\n<!-- \/ Yoast SEO plugin. -->","yoast_head_json":{"title":"\u00bfDebo hacer que mi abogado asista a mis citas m\u00e9dicas?","description":"\u00bfDebo hacer que mi abogado asista a mis citas m\u00e9dicas?: Premier Law Group lo ayuda a obtener la compensaci\u00f3n total que se merece. Sin cargo a menos que ganemos.","robots":{"index":"index","follow":"follow","max-snippet":"max-snippet:-1","max-image-preview":"max-image-preview:large","max-video-preview":"max-video-preview:-1"},"canonical":"https:\/\/plg-pllc.com\/es\/faqs\/should-attorney-attend-doctor-appointments\/","og_locale":"es_MX","og_type":"article","og_title":"Should I Have My Attorney Attend My Doctor Appointments?","og_description":"Should I Have My Attorney Attend My Doctor Appointments?: Premier Law Group helps you unlock the full compensation you deserve. No Fee Unless We Win.","og_url":"https:\/\/plg-pllc.com\/es\/faqs\/should-attorney-attend-doctor-appointments\/","og_site_name":"Premier Law Group","article_publisher":"https:\/\/www.facebook.com\/premierlawgroup","article_modified_time":"2024-10-18T16:08:48+00:00","og_image":[{"width":853,"height":1280,"url":"https:\/\/plg-pllc.com\/wp-content\/uploads\/2017\/06\/injured-crutches.jpg","type":"image\/jpeg"}],"twitter_card":"summary_large_image","twitter_site":"@premierlawgroup","twitter_misc":{"Tiempo de lectura":"2 minutos"},"schema":{"@context":"https:\/\/schema.org","@graph":[{"@type":"WebPage","@id":"https:\/\/plg-pllc.com\/faqs\/should-attorney-attend-doctor-appointments\/","url":"https:\/\/plg-pllc.com\/faqs\/should-attorney-attend-doctor-appointments\/","name":"\u00bfDebo hacer que mi abogado asista a mis citas m\u00e9dicas?","isPartOf":{"@id":"https:\/\/plg-pllc.com\/#website"},"primaryImageOfPage":{"@id":"https:\/\/plg-pllc.com\/faqs\/should-attorney-attend-doctor-appointments\/#primaryimage"},"image":{"@id":"https:\/\/plg-pllc.com\/faqs\/should-attorney-attend-doctor-appointments\/#primaryimage"},"thumbnailUrl":"https:\/\/plg-pllc.com\/wp-content\/uploads\/2017\/06\/injured-crutches.jpg","datePublished":"2017-06-26T14:33:18+00:00","dateModified":"2024-10-18T16:08:48+00:00","description":"\u00bfDebo hacer que mi abogado asista a mis citas m\u00e9dicas?: Premier Law Group lo ayuda a obtener la compensaci\u00f3n total que se merece. Sin cargo a menos que ganemos.","breadcrumb":{"@id":"https:\/\/plg-pllc.com\/faqs\/should-attorney-attend-doctor-appointments\/#breadcrumb"},"inLanguage":"es","potentialAction":[{"@type":"ReadAction","target":["https:\/\/plg-pllc.com\/faqs\/should-attorney-attend-doctor-appointments\/"]}]},{"@type":"ImageObject","inLanguage":"es","@id":"https:\/\/plg-pllc.com\/faqs\/should-attorney-attend-doctor-appointments\/#primaryimage","url":"https:\/\/plg-pllc.com\/wp-content\/uploads\/2017\/06\/injured-crutches.jpg","contentUrl":"https:\/\/plg-pllc.com\/wp-content\/uploads\/2017\/06\/injured-crutches.jpg","width":853,"height":1280,"caption":"injured person on crutches"},{"@type":"BreadcrumbList","@id":"https:\/\/plg-pllc.com\/faqs\/should-attorney-attend-doctor-appointments\/#breadcrumb","itemListElement":[{"@type":"ListItem","position":1,"name":"Home","item":"https:\/\/plg-pllc.com\/es\/"},{"@type":"ListItem","position":2,"name":"FAQs","item":"https:\/\/plg-pllc.com\/es\/faqs\/"},{"@type":"ListItem","position":3,"name":"Should I Have My Attorney Attend My Doctor Appointments?"}]},{"@type":"WebSite","@id":"https:\/\/plg-pllc.com\/#website","url":"https:\/\/plg-pllc.com\/","name":"Grupo de abogados Premier","description":"Abogado de muerte por negligencia y lesiones graves en Washington","publisher":{"@id":"https:\/\/plg-pllc.com\/#organization"},"inLanguage":"es"},{"@type":"Organization","@id":"https:\/\/plg-pllc.com\/#organization","name":"Grupo de abogados Premier","url":"https:\/\/plg-pllc.com\/","logo":{"@type":"ImageObject","inLanguage":"es","@id":"https:\/\/plg-pllc.com\/#\/schema\/logo\/image\/","url":"https:\/\/plg-pllc.com\/wp-content\/uploads\/2020\/10\/plg-logo-v2.gif","contentUrl":"https:\/\/plg-pllc.com\/wp-content\/uploads\/2020\/10\/plg-logo-v2.gif","width":592,"height":191,"caption":"Premier Law Group"},"image":{"@id":"https:\/\/plg-pllc.com\/#\/schema\/logo\/image\/"},"sameAs":["https:\/\/www.facebook.com\/premierlawgroup","https:\/\/x.com\/premierlawgroup"]}]}},"_links":{"self":[{"href":"https:\/\/plg-pllc.com\/es\/wp-json\/wp\/v2\/pages\/15734","targetHints":{"allow":["GET"]}}],"collection":[{"href":"https:\/\/plg-pllc.com\/es\/wp-json\/wp\/v2\/pages"}],"about":[{"href":"https:\/\/plg-pllc.com\/es\/wp-json\/wp\/v2\/types\/page"}],"author":[{"embeddable":true,"href":"https:\/\/plg-pllc.com\/es\/wp-json\/wp\/v2\/users\/2"}],"replies":[{"embeddable":true,"href":"https:\/\/plg-pllc.com\/es\/wp-json\/wp\/v2\/comments?post=15734"}],"version-history":[{"count":0,"href":"https:\/\/plg-pllc.com\/es\/wp-json\/wp\/v2\/pages\/15734\/revisions"}],"up":[{"embeddable":true,"href":"https:\/\/plg-pllc.com\/es\/wp-json\/wp\/v2\/pages\/20714"}],"wp:featuredmedia":[{"embeddable":true,"href":"https:\/\/plg-pllc.com\/es\/wp-json\/wp\/v2\/media\/15770"}],"wp:attachment":[{"href":"https:\/\/plg-pllc.com\/es\/wp-json\/wp\/v2\/media?parent=15734"}],"wp:term":[{"taxonomy":"hc_faqs","embeddable":true,"href":"https:\/\/plg-pllc.com\/es\/wp-json\/wp\/v2\/hc_faqs?post=15734"}],"curies":[{"name":"gracias","href":"https:\/\/api.w.org\/{rel}","templated":true}]}}