{"id":15750,"date":"2017-06-27T07:21:25","date_gmt":"2017-06-27T14:21:25","guid":{"rendered":"https:\/\/plgpllc.wpengine.com\/?page_id=15750"},"modified":"2024-10-16T12:13:37","modified_gmt":"2024-10-16T19:13:37","slug":"diminished-value-claim","status":"publish","type":"page","link":"https:\/\/plg-pllc.com\/es\/washington\/car-accident-lawyer\/diminished-value-claim\/","title":{"rendered":"Abogado de reclamaciones por disminuci\u00f3n del valor en Washington"},"content":{"rendered":"<div class=\"wp-block-image\">\r\n<figure class=\"alignright size-full is-resized\"><img loading=\"lazy\" decoding=\"async\" class=\"wp-image-15767\" src=\"https:\/\/plg-pllc.com\/wp-content\/uploads\/2017\/06\/diminished-value-claim.jpg\" alt=\"Reclamaci\u00f3n por valor disminuido\" width=\"398\" height=\"265\" srcset=\"https:\/\/plg-pllc.com\/wp-content\/uploads\/2017\/06\/diminished-value-claim.jpg 640w, https:\/\/plg-pllc.com\/wp-content\/uploads\/2017\/06\/diminished-value-claim-300x200.jpg 300w\" sizes=\"auto, (max-width: 398px) 100vw, 398px\" \/><\/figure>\r\n<\/div>\r\n\r\n<h2><b>Reclamaciones por valor disminuido<\/b><\/h2>\r\n<p><span style=\"font-weight: 400;\">Para muchas personas, un veh\u00edculo es la compra m\u00e1s importante que har\u00e1n en su vida, adem\u00e1s de comprar una casa. La gente trabaja duro para ahorrar dinero para comprar el auto nuevo de sus sue\u00f1os o el auto que los llevar\u00e1 del punto A al punto B. No hay sensaci\u00f3n m\u00e1s grande que recibir las llaves y salir del concesionario sabiendo que es todo suyo. Sin embargo, todo eso puede cambiar en un abrir y cerrar de ojos.<\/span><\/p>\r\n<p><span style=\"font-weight: 400;\">En un instante, su nuevo autom\u00f3vil puede verse involucrado en un accidente que requiera reparaciones costosas y valga significativamente menos de lo que val\u00eda antes de la colisi\u00f3n. La mayor\u00eda de los autom\u00f3viles pierden permanentemente su valor despu\u00e9s de un accidente vehicular, incluso si se han reparado correctamente. Esto se llama Valor disminuido. Si su veh\u00edculo ha sufrido da\u00f1os estructurales o cosm\u00e9ticos como resultado de la negligencia de otra persona, es posible que pueda reclamar una compensaci\u00f3n financiera presentando un reclamo por valor disminuido. Ya sea que se trate de su veh\u00edculo de viaje diario, su veh\u00edculo ex\u00f3tico de fin de semana, su bote, motocicleta, cami\u00f3n, veh\u00edculo recreativo o veh\u00edculo de flota, el experimentado equipo legal de <\/span><a href=\"https:\/\/plg-pllc.com\/\"><span style=\"font-weight: 400;\">Grupo de abogados Premier<\/span><\/a><span style=\"font-weight: 400;\"> Le ayudar\u00e1 a construir una reclamaci\u00f3n s\u00f3lida.\u00a0<\/span><\/p>\r\n<h2><strong>C\u00f3mo Premier Law Group le ayudar\u00e1 con su reclamaci\u00f3n por disminuci\u00f3n del valor<\/strong><\/h2>\r\n<p><span style=\"font-weight: 400;\">Incluso si ya ha recurrido a los servicios de un taller de carrocer\u00eda, el proceso puede parecer extra\u00f1o y abrumador. Hay muchos talleres de carrocer\u00eda, pero no todos son iguales. Deje que los abogados de Premier Law Group le ayuden a navegar por el proceso de reparaci\u00f3n desde el primer d\u00eda para que su veh\u00edculo se repare correctamente. De esta manera, puede estar seguro de que el coche se pondr\u00e1 en la mejor forma posible teniendo en cuenta la magnitud del da\u00f1o.<\/span><\/p>\r\n<p><span style=\"font-weight: 400;\">Si bien las compa\u00f1\u00edas de seguros pueden recomendarle algunos talleres de carrocer\u00eda con los que est\u00e1n afiliadas, usted tiene derecho, seg\u00fan la ley, a elegir el taller de carrocer\u00eda que prefiera. Tambi\u00e9n tiene derecho a un veh\u00edculo de alquiler mientras se repara su autom\u00f3vil. Ese veh\u00edculo de alquiler debe ser de un tipo y marca similares a su autom\u00f3vil. Si no recibe un veh\u00edculo de alquiler, entonces tiene derecho a recuperar el costo de alquilar un veh\u00edculo similar durante el tiempo que el suyo est\u00e9 en el taller.<\/span><\/p>\r\n<p><span style=\"font-weight: 400;\">Despu\u00e9s de reparar su veh\u00edculo, podemos ayudarle a:<\/span><\/p>\r\n<ul>\r\n<li style=\"font-weight: 400;\" aria-level=\"1\"><span style=\"font-weight: 400;\">Eval\u00fae su reclamo por valor disminuido<\/span><\/li>\r\n<li style=\"font-weight: 400;\" aria-level=\"1\"><span style=\"font-weight: 400;\">Encuentre el tasador adecuado para evaluar su p\u00e9rdida espec\u00edfica<\/span><\/li>\r\n<li style=\"font-weight: 400;\" aria-level=\"1\"><span style=\"font-weight: 400;\">Presente ese reclamo a la compa\u00f1\u00eda de seguros para que pueda maximizar sus posibilidades de recuperar el valor disminuido.<\/span><\/li>\r\n<\/ul>\r\n<p><span style=\"font-weight: 400;\">No hay dos reclamaciones iguales. No se deje enga\u00f1ar por las calculadoras en l\u00ednea que afirman utilizar una f\u00f3rmula patentada para calcular su p\u00e9rdida. Para obtener ayuda con su reclamaci\u00f3n por p\u00e9rdida de valor, es fundamental que trabaje con un abogado experto.<\/span><\/p>\r\n<h2><strong>\u00bfQu\u00e9 determina cu\u00e1nto ha perdido valor mi veh\u00edculo?<\/strong><\/h2>\r\n<p><span style=\"font-weight: 400;\">Cuando una persona compra un autom\u00f3vil, suele haber un valor sentimental asociado a lo que cree que deber\u00eda valer su veh\u00edculo. Para distinguir entre la inversi\u00f3n emocional que hizo en su veh\u00edculo y el valor real, es importante que un profesional eval\u00fae su veh\u00edculo. Cuando una persona se enfrenta a una reclamaci\u00f3n por p\u00e9rdida de valor, en la mayor\u00eda de los casos, un tasador analizar\u00e1 algunos factores comunes:<\/span><\/p>\r\n<ul>\r\n<li style=\"font-weight: 400;\" aria-level=\"1\"><span style=\"font-weight: 400;\">\u00bfEl coche es nuevo?<\/span><\/li>\r\n<li style=\"font-weight: 400;\" aria-level=\"1\"><span style=\"font-weight: 400;\">\u00bfTiene poco kilometraje?<\/span><\/li>\r\n<li style=\"font-weight: 400;\" aria-level=\"1\"><span style=\"font-weight: 400;\">\u00bfSufri\u00f3 da\u00f1os en el marco?<\/span><\/li>\r\n<li style=\"font-weight: 400;\" aria-level=\"1\"><span style=\"font-weight: 400;\">\u00bfHubo alg\u00fan da\u00f1o por colisi\u00f3n previa?<\/span><\/li>\r\n<li style=\"font-weight: 400;\" aria-level=\"1\"><span style=\"font-weight: 400;\">\u00bfEl coche es un objeto de colecci\u00f3n?<\/span><\/li>\r\n<li style=\"font-weight: 400;\" aria-level=\"1\"><span style=\"font-weight: 400;\">\u00bfEl coche es ex\u00f3tico?<\/span><\/li>\r\n<li style=\"font-weight: 400;\" aria-level=\"1\"><span style=\"font-weight: 400;\">\u00bfEl veh\u00edculo fue reparado en un centro certificado?<\/span><\/li>\r\n<\/ul>\r\n<p><span style=\"font-weight: 400;\">Si cree que su autom\u00f3vil no fue tasado de manera precisa o justa, nuestros expertos abogados especializados en valor disminuido pueden ayudarlo revisando los detalles de su reclamo.\u00a0<\/span><\/p>\r\n\n        <div class=\"rs-content-cta long\">\n            <p>Para una consulta legal GRATUITA con un abogado especializado en reclamos por valor disminuido que preste servicios en Washington, llame al <a href=\"tel:+12062851743\">(206) 285-1743 <\/a><\/p>\n            <a href=\"https:\/\/plg-pllc.com\/es\/contact-us\/\" title=\"OBTENGA UNA EVALUACI\u00d3N DE CASO GRATUITA\" class=\"btn-global\">OBTENGA UNA EVALUACI\u00d3N DE CASO GRATUITA<\/a>\n                    <picture>\n                            <source srcset=\"https:\/\/plg-pllc.com\/wp-content\/themes\/plg-pllc-redesign\/assets\/app\/img\/cta-thumb.webp\" type=\"image\/webp\"\/>\n                            <img src=\"https:\/\/plg-pllc.com\/wp-content\/themes\/plg-pllc-redesign\/assets\/app\/img\/cta-thumb.png\" alt=\"Grupo de abogados Premier\" title=\"Grupo de abogados Premier\" width=\"245\" height=\"220\" loading=\"auto\" fetchpriority=\"auto\" decoding=\"async\"\/>\n        <\/picture>\n        \n        <\/div><h2><strong>\u00bfQu\u00e9 debe hacer si otra persona da\u00f1a su autom\u00f3vil?<\/strong><\/h2>\r\n<p><span style=\"font-weight: 400;\">Los accidentes ocurren cuando menos se los espera. Se ha informado de que hay varios millones <\/span><a href=\"https:\/\/www.thewanderingrv.com\/car-accident-statistics\/\" target=\"_blank\" rel=\"noopener\"><span style=\"font-weight: 400;\">Accidentes de coche<\/span><\/a><span style=\"font-weight: 400;\"> que ocurren en los Estados Unidos cada a\u00f1o. Incluso los conductores m\u00e1s seguros pueden ser v\u00edctimas de un accidente automovil\u00edstico cuando est\u00e1 involucrado un conductor negligente. Si usted o un ser querido ha estado involucrado en un accidente automovil\u00edstico que dej\u00f3 su veh\u00edculo da\u00f1ado, los siguientes pasos son cruciales para su seguridad y para su reclamo:<\/span><\/p>\r\n<ul>\r\n<li style=\"font-weight: 400;\" aria-level=\"1\"><span style=\"font-weight: 400;\">Llame al 911 y obtenga un informe policial si es posible.<\/span><\/li>\r\n<li style=\"font-weight: 400;\" aria-level=\"1\"><span style=\"font-weight: 400;\">Documentar los da\u00f1os a todos los veh\u00edculos.<\/span><\/li>\r\n<li style=\"font-weight: 400;\" aria-level=\"1\"><span style=\"font-weight: 400;\">Llame inmediatamente a su compa\u00f1\u00eda de seguros para presentar una reclamaci\u00f3n. Incluso si el accidente fue culpa de la otra persona, casi siempre es mejor utilizar su propia compa\u00f1\u00eda de seguros.<\/span><\/li>\r\n<li style=\"font-weight: 400;\" aria-level=\"1\"><span style=\"font-weight: 400;\">Si no se siente seguro al conducir su veh\u00edculo, NO LO HAGA. Haga que remolquen el veh\u00edculo hasta un taller de carrocer\u00eda de su elecci\u00f3n.<\/span><\/li>\r\n<li style=\"font-weight: 400;\" aria-level=\"1\"><span style=\"font-weight: 400;\">Para mantener la garant\u00eda del fabricante, algunas compa\u00f1\u00edas automovil\u00edsticas exigen que lleves el coche a reparar a un taller \u201ccertificado\u201d. No todos los talleres de carrocer\u00eda saben c\u00f3mo reparar los Tesla, Porsches, Audis, Bentleys o Ferraris.<\/span><\/li>\r\n<li style=\"font-weight: 400;\" aria-level=\"1\"><span style=\"font-weight: 400;\">Aseg\u00farese de documentar y conservar todas las estimaciones y facturas.<\/span><\/li>\r\n<\/ul>\r\n<p><span style=\"font-weight: 400;\">Adem\u00e1s de estos pasos, es fundamental que se ponga en contacto con los abogados expertos en casos de p\u00e9rdida de valor de Premier Law Group lo antes posible. Nuestro equipo legal le ayudar\u00e1 a reunir todas las pruebas e informaci\u00f3n necesarias para elaborar una reclamaci\u00f3n s\u00f3lida mientras reclama la indemnizaci\u00f3n que se le debe.<\/span><\/p>\r\n<h2><strong>Contacte a un abogado especializado en p\u00e9rdida de valor<\/strong><\/h2>\r\n<p><span style=\"font-weight: 400;\">Despu\u00e9s de invertir dinero en la compra de un veh\u00edculo nuevo, esperas tenerlo durante mucho tiempo y alg\u00fan d\u00eda poder venderlo por una buena suma de dinero. Sin embargo, cuando el veh\u00edculo sufre da\u00f1os y su valor disminuye, darse cuenta de ello puede ser devastador. Aunque te sientas desesperanzado, todav\u00eda hay una manera de obtener la compensaci\u00f3n que te corresponde. Ponte en contacto con un abogado especializado en p\u00e9rdida de valor lo antes posible para comenzar a preparar tu reclamaci\u00f3n.\u00a0<\/span><\/p>\r\n<p><span style=\"font-weight: 400;\">Grupo de abogados Premier<\/span><span style=\"font-weight: 400;\"> es un bufete de abogados de primera categor\u00eda dedicado a ayudar a los clientes a obtener la compensaci\u00f3n que merecen. Estamos orgullosos de brindarles a los clientes los servicios legales confiables que merecen. Nuestros abogados especializados en casos de p\u00e9rdida de valor tienen muchos a\u00f1os de experiencia luchando contra las compa\u00f1\u00edas de seguros. <\/span><a href=\"https:\/\/plg-pllc.com\/contact-us\/\"><span style=\"font-weight: 400;\">Cont\u00e1ctenos aqu\u00ed<\/span><\/a><span style=\"font-weight: 400;\"> o ll\u00e1menos ahora al (206) 880-7518 para obtener una consulta gratuita.<\/span><\/p>\n        <div class=\"rs-content-cta\">\n            <p>Llamar o enviar mensaje de texto <a href=\"tel:+12062851743\">(206) 285-1743<\/a> o complete un formulario de evaluaci\u00f3n de caso gratuito<\/p>\n            <a href=\"https:\/\/plg-pllc.com\/es\/contact-us\/\" title=\"OBTENGA UNA EVALUACI\u00d3N DE CASO GRATUITA\" class=\"btn-global\">OBTENGA UNA EVALUACI\u00d3N DE CASO GRATUITA<\/a>\n                    <picture>\n                            <source srcset=\"https:\/\/plg-pllc.com\/wp-content\/themes\/plg-pllc-redesign\/assets\/app\/img\/cta-thumb.webp\" type=\"image\/webp\"\/>\n                            <img src=\"https:\/\/plg-pllc.com\/wp-content\/themes\/plg-pllc-redesign\/assets\/app\/img\/cta-thumb.png\" alt=\"Grupo de abogados Premier\" title=\"Grupo de abogados Premier\" width=\"245\" height=\"220\" loading=\"auto\" fetchpriority=\"auto\" decoding=\"async\"\/>\n        <\/picture>\n        \n        <\/div>","protected":false},"excerpt":{"rendered":"<p>Reclamos por p\u00e9rdida de valor Para muchas personas, un veh\u00edculo es la compra m\u00e1s importante que har\u00e1n en su vida, adem\u00e1s de comprar una casa. Las personas trabajan duro para ahorrar dinero para comprar el auto nuevo de sus sue\u00f1os o el auto que los llevar\u00e1 del punto A al punto B. No hay nada \u2026<\/p>","protected":false},"author":10,"featured_media":15766,"parent":13495,"menu_order":0,"comment_status":"closed","ping_status":"closed","template":"","meta":{"_acf_changed":false,"_genesis_hide_title":false,"_genesis_hide_breadcrumbs":false,"_genesis_hide_singular_image":false,"_genesis_hide_footer_widgets":false,"_genesis_custom_body_class":"","_genesis_custom_post_class":"","_genesis_layout":"","footnotes":""},"hc_faqs":[],"class_list":{"0":"post-15750","1":"page","2":"type-page","3":"status-publish","4":"has-post-thumbnail","6":"hc_city_location-washington","7":"entry"},"acf":[],"yoast_head":"<!-- This site is optimized with the Yoast SEO plugin v27.4 - https:\/\/yoast.com\/product\/yoast-seo-wordpress\/ -->\n<title>Diminished Value Claim Lawyer in Washington | Free Case Review<\/title>\n<meta name=\"description\" content=\"Washington Diminished Value Claim Lawyer: Premier Law Group helps you unlock the full compensation you deserve. No Fee Unless We Win.\" \/>\n<meta name=\"robots\" content=\"index, follow, max-snippet:-1, max-image-preview:large, max-video-preview:-1\" \/>\n<link rel=\"canonical\" href=\"https:\/\/plg-pllc.com\/es\/washington\/car-accident-lawyer\/diminished-value-claim\/\" \/>\n<meta property=\"og:locale\" content=\"es_MX\" \/>\n<meta property=\"og:type\" content=\"article\" \/>\n<meta property=\"og:title\" content=\"Diminished Value Claim Lawyer in Washington | Free Case Review\" \/>\n<meta property=\"og:description\" content=\"Washington Diminished Value Claim Lawyer: Premier Law Group helps you unlock the full compensation you deserve. No Fee Unless We Win.\" \/>\n<meta property=\"og:url\" content=\"https:\/\/plg-pllc.com\/es\/washington\/car-accident-lawyer\/diminished-value-claim\/\" \/>\n<meta property=\"og:site_name\" content=\"Premier Law Group\" \/>\n<meta property=\"article:publisher\" content=\"https:\/\/www.facebook.com\/premierlawgroup\" \/>\n<meta property=\"article:modified_time\" content=\"2024-10-16T19:13:37+00:00\" \/>\n<meta property=\"og:image\" content=\"https:\/\/plg-pllc.com\/wp-content\/uploads\/2017\/06\/diminished-value.jpg\" \/>\n\t<meta property=\"og:image:width\" content=\"1600\" \/>\n\t<meta property=\"og:image:height\" content=\"516\" \/>\n\t<meta property=\"og:image:type\" content=\"image\/jpeg\" \/>\n<meta name=\"twitter:card\" content=\"summary_large_image\" \/>\n<meta name=\"twitter:site\" content=\"@premierlawgroup\" \/>\n<meta name=\"twitter:label1\" content=\"Tiempo de lectura\" \/>\n\t<meta name=\"twitter:data1\" content=\"5 minutos\" \/>\n<script type=\"application\/ld+json\" class=\"yoast-schema-graph\">{\"@context\":\"https:\\\/\\\/schema.org\",\"@graph\":[{\"@type\":\"WebPage\",\"@id\":\"https:\\\/\\\/plg-pllc.com\\\/washington\\\/car-accident-lawyer\\\/diminished-value-claim\\\/\",\"url\":\"https:\\\/\\\/plg-pllc.com\\\/washington\\\/car-accident-lawyer\\\/diminished-value-claim\\\/\",\"name\":\"Diminished Value Claim Lawyer in Washington | Free Case Review\",\"isPartOf\":{\"@id\":\"https:\\\/\\\/plg-pllc.com\\\/#website\"},\"primaryImageOfPage\":{\"@id\":\"https:\\\/\\\/plg-pllc.com\\\/washington\\\/car-accident-lawyer\\\/diminished-value-claim\\\/#primaryimage\"},\"image\":{\"@id\":\"https:\\\/\\\/plg-pllc.com\\\/washington\\\/car-accident-lawyer\\\/diminished-value-claim\\\/#primaryimage\"},\"thumbnailUrl\":\"https:\\\/\\\/plg-pllc.com\\\/wp-content\\\/uploads\\\/2017\\\/06\\\/diminished-value.jpg\",\"datePublished\":\"2017-06-27T14:21:25+00:00\",\"dateModified\":\"2024-10-16T19:13:37+00:00\",\"description\":\"Washington Diminished Value Claim Lawyer: Premier Law Group helps you unlock the full compensation you deserve. No Fee Unless We Win.\",\"breadcrumb\":{\"@id\":\"https:\\\/\\\/plg-pllc.com\\\/washington\\\/car-accident-lawyer\\\/diminished-value-claim\\\/#breadcrumb\"},\"inLanguage\":\"es\",\"potentialAction\":[{\"@type\":\"ReadAction\",\"target\":[\"https:\\\/\\\/plg-pllc.com\\\/washington\\\/car-accident-lawyer\\\/diminished-value-claim\\\/\"]}]},{\"@type\":\"ImageObject\",\"inLanguage\":\"es\",\"@id\":\"https:\\\/\\\/plg-pllc.com\\\/washington\\\/car-accident-lawyer\\\/diminished-value-claim\\\/#primaryimage\",\"url\":\"https:\\\/\\\/plg-pllc.com\\\/wp-content\\\/uploads\\\/2017\\\/06\\\/diminished-value.jpg\",\"contentUrl\":\"https:\\\/\\\/plg-pllc.com\\\/wp-content\\\/uploads\\\/2017\\\/06\\\/diminished-value.jpg\",\"width\":1600,\"height\":516,\"caption\":\"diminished value\"},{\"@type\":\"BreadcrumbList\",\"@id\":\"https:\\\/\\\/plg-pllc.com\\\/washington\\\/car-accident-lawyer\\\/diminished-value-claim\\\/#breadcrumb\",\"itemListElement\":[{\"@type\":\"ListItem\",\"position\":1,\"name\":\"Home\",\"item\":\"https:\\\/\\\/plg-pllc.com\\\/es\\\/\"},{\"@type\":\"ListItem\",\"position\":2,\"name\":\"Bellevue Personal Injury Lawyer\",\"item\":\"https:\\\/\\\/plg-pllc.com\\\/es\\\/\"},{\"@type\":\"ListItem\",\"position\":3,\"name\":\"Washington Car Accident Lawyer\",\"item\":\"https:\\\/\\\/plg-pllc.com\\\/es\\\/washington\\\/car-accident-lawyer\\\/\"},{\"@type\":\"ListItem\",\"position\":4,\"name\":\"Diminished Value Claim\"}]},{\"@type\":\"WebSite\",\"@id\":\"https:\\\/\\\/plg-pllc.com\\\/#website\",\"url\":\"https:\\\/\\\/plg-pllc.com\\\/\",\"name\":\"Premier Law Group\",\"description\":\"Washington Wrongful Death and Serious Injury Lawyer\",\"publisher\":{\"@id\":\"https:\\\/\\\/plg-pllc.com\\\/#organization\"},\"inLanguage\":\"es\"},{\"@type\":\"Organization\",\"@id\":\"https:\\\/\\\/plg-pllc.com\\\/#organization\",\"name\":\"Premier Law Group\",\"url\":\"https:\\\/\\\/plg-pllc.com\\\/\",\"logo\":{\"@type\":\"ImageObject\",\"inLanguage\":\"es\",\"@id\":\"https:\\\/\\\/plg-pllc.com\\\/#\\\/schema\\\/logo\\\/image\\\/\",\"url\":\"https:\\\/\\\/plg-pllc.com\\\/wp-content\\\/uploads\\\/2020\\\/10\\\/plg-logo-v2.gif\",\"contentUrl\":\"https:\\\/\\\/plg-pllc.com\\\/wp-content\\\/uploads\\\/2020\\\/10\\\/plg-logo-v2.gif\",\"width\":592,\"height\":191,\"caption\":\"Premier Law Group\"},\"image\":{\"@id\":\"https:\\\/\\\/plg-pllc.com\\\/#\\\/schema\\\/logo\\\/image\\\/\"},\"sameAs\":[\"https:\\\/\\\/www.facebook.com\\\/premierlawgroup\",\"https:\\\/\\\/x.com\\\/premierlawgroup\"]}]}<\/script>\n<!-- \/ Yoast SEO plugin. -->","yoast_head_json":{"title":"Abogado de reclamaciones por disminuci\u00f3n del valor de la propiedad en Washington | Revisi\u00f3n gratuita del caso","description":"Abogado de Washington especializado en reclamaciones por p\u00e9rdida de valor: Premier Law Group le ayuda a obtener la compensaci\u00f3n total que merece. Sin honorarios a menos que ganemos.","robots":{"index":"index","follow":"follow","max-snippet":"max-snippet:-1","max-image-preview":"max-image-preview:large","max-video-preview":"max-video-preview:-1"},"canonical":"https:\/\/plg-pllc.com\/es\/washington\/car-accident-lawyer\/diminished-value-claim\/","og_locale":"es_MX","og_type":"article","og_title":"Diminished Value Claim Lawyer in Washington | Free Case Review","og_description":"Washington Diminished Value Claim Lawyer: Premier Law Group helps you unlock the full compensation you deserve. No Fee Unless We Win.","og_url":"https:\/\/plg-pllc.com\/es\/washington\/car-accident-lawyer\/diminished-value-claim\/","og_site_name":"Premier Law Group","article_publisher":"https:\/\/www.facebook.com\/premierlawgroup","article_modified_time":"2024-10-16T19:13:37+00:00","og_image":[{"width":1600,"height":516,"url":"https:\/\/plg-pllc.com\/wp-content\/uploads\/2017\/06\/diminished-value.jpg","type":"image\/jpeg"}],"twitter_card":"summary_large_image","twitter_site":"@premierlawgroup","twitter_misc":{"Tiempo de lectura":"5 minutos"},"schema":{"@context":"https:\/\/schema.org","@graph":[{"@type":"WebPage","@id":"https:\/\/plg-pllc.com\/washington\/car-accident-lawyer\/diminished-value-claim\/","url":"https:\/\/plg-pllc.com\/washington\/car-accident-lawyer\/diminished-value-claim\/","name":"Abogado de reclamaciones por disminuci\u00f3n del valor de la propiedad en Washington | Revisi\u00f3n gratuita del caso","isPartOf":{"@id":"https:\/\/plg-pllc.com\/#website"},"primaryImageOfPage":{"@id":"https:\/\/plg-pllc.com\/washington\/car-accident-lawyer\/diminished-value-claim\/#primaryimage"},"image":{"@id":"https:\/\/plg-pllc.com\/washington\/car-accident-lawyer\/diminished-value-claim\/#primaryimage"},"thumbnailUrl":"https:\/\/plg-pllc.com\/wp-content\/uploads\/2017\/06\/diminished-value.jpg","datePublished":"2017-06-27T14:21:25+00:00","dateModified":"2024-10-16T19:13:37+00:00","description":"Abogado de Washington especializado en reclamaciones por p\u00e9rdida de valor: Premier Law Group le ayuda a obtener la compensaci\u00f3n total que merece. Sin honorarios a menos que ganemos.","breadcrumb":{"@id":"https:\/\/plg-pllc.com\/washington\/car-accident-lawyer\/diminished-value-claim\/#breadcrumb"},"inLanguage":"es","potentialAction":[{"@type":"ReadAction","target":["https:\/\/plg-pllc.com\/washington\/car-accident-lawyer\/diminished-value-claim\/"]}]},{"@type":"ImageObject","inLanguage":"es","@id":"https:\/\/plg-pllc.com\/washington\/car-accident-lawyer\/diminished-value-claim\/#primaryimage","url":"https:\/\/plg-pllc.com\/wp-content\/uploads\/2017\/06\/diminished-value.jpg","contentUrl":"https:\/\/plg-pllc.com\/wp-content\/uploads\/2017\/06\/diminished-value.jpg","width":1600,"height":516,"caption":"diminished value"},{"@type":"BreadcrumbList","@id":"https:\/\/plg-pllc.com\/washington\/car-accident-lawyer\/diminished-value-claim\/#breadcrumb","itemListElement":[{"@type":"ListItem","position":1,"name":"Home","item":"https:\/\/plg-pllc.com\/es\/"},{"@type":"ListItem","position":2,"name":"Bellevue Personal Injury Lawyer","item":"https:\/\/plg-pllc.com\/es\/"},{"@type":"ListItem","position":3,"name":"Washington Car Accident Lawyer","item":"https:\/\/plg-pllc.com\/es\/washington\/car-accident-lawyer\/"},{"@type":"ListItem","position":4,"name":"Diminished Value Claim"}]},{"@type":"WebSite","@id":"https:\/\/plg-pllc.com\/#website","url":"https:\/\/plg-pllc.com\/","name":"Grupo de abogados Premier","description":"Abogado de muerte por negligencia y lesiones graves en Washington","publisher":{"@id":"https:\/\/plg-pllc.com\/#organization"},"inLanguage":"es"},{"@type":"Organization","@id":"https:\/\/plg-pllc.com\/#organization","name":"Grupo de abogados Premier","url":"https:\/\/plg-pllc.com\/","logo":{"@type":"ImageObject","inLanguage":"es","@id":"https:\/\/plg-pllc.com\/#\/schema\/logo\/image\/","url":"https:\/\/plg-pllc.com\/wp-content\/uploads\/2020\/10\/plg-logo-v2.gif","contentUrl":"https:\/\/plg-pllc.com\/wp-content\/uploads\/2020\/10\/plg-logo-v2.gif","width":592,"height":191,"caption":"Premier Law Group"},"image":{"@id":"https:\/\/plg-pllc.com\/#\/schema\/logo\/image\/"},"sameAs":["https:\/\/www.facebook.com\/premierlawgroup","https:\/\/x.com\/premierlawgroup"]}]}},"_links":{"self":[{"href":"https:\/\/plg-pllc.com\/es\/wp-json\/wp\/v2\/pages\/15750","targetHints":{"allow":["GET"]}}],"collection":[{"href":"https:\/\/plg-pllc.com\/es\/wp-json\/wp\/v2\/pages"}],"about":[{"href":"https:\/\/plg-pllc.com\/es\/wp-json\/wp\/v2\/types\/page"}],"author":[{"embeddable":true,"href":"https:\/\/plg-pllc.com\/es\/wp-json\/wp\/v2\/users\/10"}],"replies":[{"embeddable":true,"href":"https:\/\/plg-pllc.com\/es\/wp-json\/wp\/v2\/comments?post=15750"}],"version-history":[{"count":0,"href":"https:\/\/plg-pllc.com\/es\/wp-json\/wp\/v2\/pages\/15750\/revisions"}],"up":[{"embeddable":true,"href":"https:\/\/plg-pllc.com\/es\/wp-json\/wp\/v2\/pages\/13495"}],"wp:featuredmedia":[{"embeddable":true,"href":"https:\/\/plg-pllc.com\/es\/wp-json\/wp\/v2\/media\/15766"}],"wp:attachment":[{"href":"https:\/\/plg-pllc.com\/es\/wp-json\/wp\/v2\/media?parent=15750"}],"wp:term":[{"taxonomy":"hc_faqs","embeddable":true,"href":"https:\/\/plg-pllc.com\/es\/wp-json\/wp\/v2\/hc_faqs?post=15750"}],"curies":[{"name":"gracias","href":"https:\/\/api.w.org\/{rel}","templated":true}]}}