{"id":15752,"date":"2017-06-16T15:44:37","date_gmt":"2017-06-16T22:44:37","guid":{"rendered":"https:\/\/plgpllc.wpengine.com\/?p=15752"},"modified":"2024-10-15T19:03:38","modified_gmt":"2024-10-16T02:03:38","slug":"think-twice-next-time-look-phone-driving","status":"publish","type":"page","link":"https:\/\/plg-pllc.com\/es\/faqs\/think-twice-next-time-look-phone-driving\/","title":{"rendered":"\u00a1Pi\u00e9nsalo dos veces! La pr\u00f3xima vez que mires tu tel\u00e9fono mientras conduces"},"content":{"rendered":"<p class=\"p1\"><span class=\"s1\">Cada a\u00f1o, el n\u00famero de muertes por accidentes de tr\u00e1fico en Estados Unidos a causa de la conducci\u00f3n distra\u00edda ha ido aumentando. Solo en 2015, hubo 3.477 muertes por accidentes de tr\u00e1fico en Estados Unidos, lo que supone un aumento del 9 por ciento en las muertes con respecto al a\u00f1o anterior. A medida que estas estad\u00edsticas se disparan, el gobernador de Washington, Jay Inslee, ha comenzado a tomar medidas en\u00e9rgicas contra estas infracciones acelerando la promulgaci\u00f3n de un proyecto de ley llamado, <a href=\"https:\/\/app.leg.wa.gov\/RCW\/default.aspx?cite=46.61.672\"><em>Ley sobre conducir bajo la influencia de aparatos electr\u00f3nicos (DUIE)<\/em><\/a>.<br \/>\n<\/span><span class=\"s1\"><br \/>\nEsta nueva ley entrar\u00e1 en vigor el 23 de julio.<\/span><span class=\"s2\"><sup>Tercera<\/sup><\/span><span class=\"s1\">, y proh\u00edbe pr\u00e1cticamente el uso de todos los dispositivos port\u00e1tiles, como tel\u00e9fonos, tabletas, computadoras port\u00e1tiles y dispositivos de juegos mientras se conduce un veh\u00edculo. La ley tambi\u00e9n proh\u00edbe el uso de dispositivos port\u00e1tiles mientras se est\u00e1 en una se\u00f1al de stop o de luz roja. Los conductores a\u00fan pueden usar un tel\u00e9fono inteligente de algunas maneras, como para acceder al GPS, Bluetooth y para hacer llamadas al 911. Los automovilistas que utilizan su GPS pueden usar sus dispositivos siempre que est\u00e9n conectados a una base en el tablero. El equipo de radioaficionado, la radio de banda ciudadana o el uso de dispositivos port\u00e1tiles mientras el veh\u00edculo est\u00e1 parado a\u00fan es legal.<br \/>\n<\/span><br \/>\nLos conductores que violen esta ley se enfrentar\u00e1n a una multa de $136, que se duplica a $235 si reciben una segunda citaci\u00f3n por conducir distra\u00eddamente. Las consecuencias de recibir una multa por conducir distra\u00eddamente no son temporales, ya que la infracci\u00f3n tambi\u00e9n se registrar\u00e1 en el historial del conductor. Esa informaci\u00f3n ser\u00e1 utilizada por la industria de seguros. Es probable que aumente la prima del seguro, pero en \u00faltima instancia depender\u00e1 de lo que muestren los datos, as\u00ed como de la correlaci\u00f3n entre la infracci\u00f3n de una persona y su historial de accidentes.<\/p>\n<p>Como abogado especializado en lesiones personales, Jason Epstein reconoce la importancia de estas leyes y el comportamiento que buscan desalentar. Trabaja arduamente en nombre de las v\u00edctimas que sufren lesiones debido a la conducci\u00f3n negligente. Si usted o alguien que conoce ha sido v\u00edctima de una conducci\u00f3n negligente, no dude en comunicarse con nosotros. Ofrecemos una consulta gratuita, durante la cual le brindaremos m\u00e1s informaci\u00f3n sobre sus derechos y c\u00f3mo seguir adelante con su reclamo.<\/p><p><img loading=\"lazy\" decoding=\"async\" class=\"aligncenter wp-image-15753\" src=\"https:\/\/plg-pllc.com\/wp-content\/uploads\/2017\/06\/Texting_driving_Premier_Law_Group_Personal_Injury_Attorney.jpg\" alt=\"Conductor de autom\u00f3vil que env\u00eda mensajes de texto mientras conduce - Premier Law Group Abogado de lesiones personales\" width=\"797\" height=\"509\" \/><\/p>\n\n        <div class=\"rs-content-cta\">\n            <p>Llamar o enviar mensaje de texto <a href=\"tel:+12062851743\">(206) 285-1743<\/a> o complete un formulario de evaluaci\u00f3n de caso gratuito<\/p>\n            <a href=\"https:\/\/plg-pllc.com\/es\/contact-us\/\" title=\"OBTENGA UNA EVALUACI\u00d3N DE CASO GRATUITA\" class=\"btn-global\">OBTENGA UNA EVALUACI\u00d3N DE CASO GRATUITA<\/a>\n                    <picture>\n                            <source srcset=\"https:\/\/plg-pllc.com\/wp-content\/themes\/plg-pllc-redesign\/assets\/app\/img\/cta-thumb.webp\" type=\"image\/webp\"\/>\n                            <img src=\"https:\/\/plg-pllc.com\/wp-content\/themes\/plg-pllc-redesign\/assets\/app\/img\/cta-thumb.png\" alt=\"Grupo de abogados Premier\" title=\"Grupo de abogados Premier\" width=\"245\" height=\"220\" loading=\"auto\" fetchpriority=\"auto\" decoding=\"async\"\/>\n        <\/picture>\n        \n        <\/div>","protected":false},"excerpt":{"rendered":"<p>Cada a\u00f1o, el n\u00famero de muertes por accidentes de tr\u00e1fico en Estados Unidos a causa de la conducci\u00f3n distra\u00edda aumenta. Solo en 2015, hubo 3.477 muertes por accidentes de tr\u00e1fico en Estados Unidos, lo que supone un aumento del 9 por ciento en las muertes con respecto al a\u00f1o anterior. A medida que aumentan estas estad\u00edsticas, el gobernador de Washington, Jay Inslee, ha comenzado a tomar medidas en\u00e9rgicas\u2026<\/p>","protected":false},"author":24,"featured_media":15753,"parent":20714,"menu_order":0,"comment_status":"closed","ping_status":"closed","template":"","meta":{"_acf_changed":false,"_genesis_hide_title":false,"_genesis_hide_breadcrumbs":false,"_genesis_hide_singular_image":false,"_genesis_hide_footer_widgets":false,"_genesis_custom_body_class":"","_genesis_custom_post_class":"","_genesis_layout":"","footnotes":""},"hc_faqs":[10344],"class_list":{"0":"post-15752","1":"page","2":"type-page","3":"status-publish","4":"has-post-thumbnail","6":"hc_faqs-car-accident","7":"entry"},"acf":[],"yoast_head":"<!-- This site is optimized with the Yoast SEO plugin v27.2 - https:\/\/yoast.com\/product\/yoast-seo-wordpress\/ -->\n<title>Think twice! The next time you look at your phone while driving<\/title>\n<meta name=\"description\" content=\"Think twice! The next time you look at your phone while driving: Premier Law Group helps you unlock the full compensation you deserve. No Fee Unless We Win.\" \/>\n<meta name=\"robots\" content=\"index, follow, max-snippet:-1, max-image-preview:large, max-video-preview:-1\" \/>\n<link rel=\"canonical\" href=\"https:\/\/plg-pllc.com\/es\/faqs\/think-twice-next-time-look-phone-driving\/\" \/>\n<meta property=\"og:locale\" content=\"es_MX\" \/>\n<meta property=\"og:type\" content=\"article\" \/>\n<meta property=\"og:title\" content=\"Think twice! The next time you look at your phone while driving\" \/>\n<meta property=\"og:description\" content=\"Think twice! The next time you look at your phone while driving: Premier Law Group helps you unlock the full compensation you deserve. No Fee Unless We Win.\" \/>\n<meta property=\"og:url\" content=\"https:\/\/plg-pllc.com\/es\/faqs\/think-twice-next-time-look-phone-driving\/\" \/>\n<meta property=\"og:site_name\" content=\"Premier Law Group\" \/>\n<meta property=\"article:publisher\" content=\"https:\/\/www.facebook.com\/premierlawgroup\" \/>\n<meta property=\"article:modified_time\" content=\"2024-10-16T02:03:38+00:00\" \/>\n<meta property=\"og:image\" content=\"https:\/\/plg-pllc.com\/wp-content\/uploads\/2017\/06\/Texting_driving_Premier_Law_Group_Personal_Injury_Attorney.jpg\" \/>\n\t<meta property=\"og:image:width\" content=\"1920\" \/>\n\t<meta property=\"og:image:height\" content=\"1277\" \/>\n\t<meta property=\"og:image:type\" content=\"image\/jpeg\" \/>\n<meta name=\"twitter:card\" content=\"summary_large_image\" \/>\n<meta name=\"twitter:site\" content=\"@premierlawgroup\" \/>\n<meta name=\"twitter:label1\" content=\"Tiempo de lectura\" \/>\n\t<meta name=\"twitter:data1\" content=\"2 minutos\" \/>\n<script type=\"application\/ld+json\" class=\"yoast-schema-graph\">{\"@context\":\"https:\/\/schema.org\",\"@graph\":[{\"@type\":\"WebPage\",\"@id\":\"https:\/\/plg-pllc.com\/faqs\/think-twice-next-time-look-phone-driving\/\",\"url\":\"https:\/\/plg-pllc.com\/faqs\/think-twice-next-time-look-phone-driving\/\",\"name\":\"Think twice! The next time you look at your phone while driving\",\"isPartOf\":{\"@id\":\"https:\/\/plg-pllc.com\/#website\"},\"primaryImageOfPage\":{\"@id\":\"https:\/\/plg-pllc.com\/faqs\/think-twice-next-time-look-phone-driving\/#primaryimage\"},\"image\":{\"@id\":\"https:\/\/plg-pllc.com\/faqs\/think-twice-next-time-look-phone-driving\/#primaryimage\"},\"thumbnailUrl\":\"https:\/\/plg-pllc.com\/wp-content\/uploads\/2017\/06\/Texting_driving_Premier_Law_Group_Personal_Injury_Attorney.jpg\",\"datePublished\":\"2017-06-16T22:44:37+00:00\",\"dateModified\":\"2024-10-16T02:03:38+00:00\",\"description\":\"Think twice! The next time you look at your phone while driving: Premier Law Group helps you unlock the full compensation you deserve. No Fee Unless We Win.\",\"breadcrumb\":{\"@id\":\"https:\/\/plg-pllc.com\/faqs\/think-twice-next-time-look-phone-driving\/#breadcrumb\"},\"inLanguage\":\"es\",\"potentialAction\":[{\"@type\":\"ReadAction\",\"target\":[\"https:\/\/plg-pllc.com\/faqs\/think-twice-next-time-look-phone-driving\/\"]}]},{\"@type\":\"ImageObject\",\"inLanguage\":\"es\",\"@id\":\"https:\/\/plg-pllc.com\/faqs\/think-twice-next-time-look-phone-driving\/#primaryimage\",\"url\":\"https:\/\/plg-pllc.com\/wp-content\/uploads\/2017\/06\/Texting_driving_Premier_Law_Group_Personal_Injury_Attorney.jpg\",\"contentUrl\":\"https:\/\/plg-pllc.com\/wp-content\/uploads\/2017\/06\/Texting_driving_Premier_Law_Group_Personal_Injury_Attorney.jpg\",\"width\":1920,\"height\":1277,\"caption\":\"Car driver texting and driving - Premier Law group Personal Injury Attorney\"},{\"@type\":\"BreadcrumbList\",\"@id\":\"https:\/\/plg-pllc.com\/faqs\/think-twice-next-time-look-phone-driving\/#breadcrumb\",\"itemListElement\":[{\"@type\":\"ListItem\",\"position\":1,\"name\":\"Home\",\"item\":\"https:\/\/plg-pllc.com\/es\/\"},{\"@type\":\"ListItem\",\"position\":2,\"name\":\"FAQs\",\"item\":\"https:\/\/plg-pllc.com\/es\/faqs\/\"},{\"@type\":\"ListItem\",\"position\":3,\"name\":\"Think twice! The next time you look at your phone while driving\"}]},{\"@type\":\"WebSite\",\"@id\":\"https:\/\/plg-pllc.com\/#website\",\"url\":\"https:\/\/plg-pllc.com\/\",\"name\":\"Premier Law Group\",\"description\":\"Washington Wrongful Death and Serious Injury Lawyer\",\"publisher\":{\"@id\":\"https:\/\/plg-pllc.com\/#organization\"},\"inLanguage\":\"es\"},{\"@type\":\"Organization\",\"@id\":\"https:\/\/plg-pllc.com\/#organization\",\"name\":\"Premier Law Group\",\"url\":\"https:\/\/plg-pllc.com\/\",\"logo\":{\"@type\":\"ImageObject\",\"inLanguage\":\"es\",\"@id\":\"https:\/\/plg-pllc.com\/#\/schema\/logo\/image\/\",\"url\":\"https:\/\/plg-pllc.com\/wp-content\/uploads\/2020\/10\/plg-logo-v2.gif\",\"contentUrl\":\"https:\/\/plg-pllc.com\/wp-content\/uploads\/2020\/10\/plg-logo-v2.gif\",\"width\":592,\"height\":191,\"caption\":\"Premier Law Group\"},\"image\":{\"@id\":\"https:\/\/plg-pllc.com\/#\/schema\/logo\/image\/\"},\"sameAs\":[\"https:\/\/www.facebook.com\/premierlawgroup\",\"https:\/\/x.com\/premierlawgroup\"]}]}<\/script>\n<!-- \/ Yoast SEO plugin. -->","yoast_head_json":{"title":"\u00a1Pi\u00e9nsalo dos veces! La pr\u00f3xima vez que mires tu tel\u00e9fono mientras conduces","description":"\u00a1Pi\u00e9nselo dos veces! La pr\u00f3xima vez que mire su tel\u00e9fono mientras conduce: Premier Law Group lo ayuda a obtener la compensaci\u00f3n total que merece. Sin cargo a menos que ganemos.","robots":{"index":"index","follow":"follow","max-snippet":"max-snippet:-1","max-image-preview":"max-image-preview:large","max-video-preview":"max-video-preview:-1"},"canonical":"https:\/\/plg-pllc.com\/es\/faqs\/think-twice-next-time-look-phone-driving\/","og_locale":"es_MX","og_type":"article","og_title":"Think twice! The next time you look at your phone while driving","og_description":"Think twice! The next time you look at your phone while driving: Premier Law Group helps you unlock the full compensation you deserve. No Fee Unless We Win.","og_url":"https:\/\/plg-pllc.com\/es\/faqs\/think-twice-next-time-look-phone-driving\/","og_site_name":"Premier Law Group","article_publisher":"https:\/\/www.facebook.com\/premierlawgroup","article_modified_time":"2024-10-16T02:03:38+00:00","og_image":[{"width":1920,"height":1277,"url":"https:\/\/plg-pllc.com\/wp-content\/uploads\/2017\/06\/Texting_driving_Premier_Law_Group_Personal_Injury_Attorney.jpg","type":"image\/jpeg"}],"twitter_card":"summary_large_image","twitter_site":"@premierlawgroup","twitter_misc":{"Tiempo de lectura":"2 minutos"},"schema":{"@context":"https:\/\/schema.org","@graph":[{"@type":"WebPage","@id":"https:\/\/plg-pllc.com\/faqs\/think-twice-next-time-look-phone-driving\/","url":"https:\/\/plg-pllc.com\/faqs\/think-twice-next-time-look-phone-driving\/","name":"\u00a1Pi\u00e9nsalo dos veces! La pr\u00f3xima vez que mires tu tel\u00e9fono mientras conduces","isPartOf":{"@id":"https:\/\/plg-pllc.com\/#website"},"primaryImageOfPage":{"@id":"https:\/\/plg-pllc.com\/faqs\/think-twice-next-time-look-phone-driving\/#primaryimage"},"image":{"@id":"https:\/\/plg-pllc.com\/faqs\/think-twice-next-time-look-phone-driving\/#primaryimage"},"thumbnailUrl":"https:\/\/plg-pllc.com\/wp-content\/uploads\/2017\/06\/Texting_driving_Premier_Law_Group_Personal_Injury_Attorney.jpg","datePublished":"2017-06-16T22:44:37+00:00","dateModified":"2024-10-16T02:03:38+00:00","description":"\u00a1Pi\u00e9nselo dos veces! La pr\u00f3xima vez que mire su tel\u00e9fono mientras conduce: Premier Law Group lo ayuda a obtener la compensaci\u00f3n total que merece. Sin cargo a menos que ganemos.","breadcrumb":{"@id":"https:\/\/plg-pllc.com\/faqs\/think-twice-next-time-look-phone-driving\/#breadcrumb"},"inLanguage":"es","potentialAction":[{"@type":"ReadAction","target":["https:\/\/plg-pllc.com\/faqs\/think-twice-next-time-look-phone-driving\/"]}]},{"@type":"ImageObject","inLanguage":"es","@id":"https:\/\/plg-pllc.com\/faqs\/think-twice-next-time-look-phone-driving\/#primaryimage","url":"https:\/\/plg-pllc.com\/wp-content\/uploads\/2017\/06\/Texting_driving_Premier_Law_Group_Personal_Injury_Attorney.jpg","contentUrl":"https:\/\/plg-pllc.com\/wp-content\/uploads\/2017\/06\/Texting_driving_Premier_Law_Group_Personal_Injury_Attorney.jpg","width":1920,"height":1277,"caption":"Car driver texting and driving - Premier Law group Personal Injury Attorney"},{"@type":"BreadcrumbList","@id":"https:\/\/plg-pllc.com\/faqs\/think-twice-next-time-look-phone-driving\/#breadcrumb","itemListElement":[{"@type":"ListItem","position":1,"name":"Home","item":"https:\/\/plg-pllc.com\/es\/"},{"@type":"ListItem","position":2,"name":"FAQs","item":"https:\/\/plg-pllc.com\/es\/faqs\/"},{"@type":"ListItem","position":3,"name":"Think twice! The next time you look at your phone while driving"}]},{"@type":"WebSite","@id":"https:\/\/plg-pllc.com\/#website","url":"https:\/\/plg-pllc.com\/","name":"Grupo de abogados Premier","description":"Abogado de muerte por negligencia y lesiones graves en Washington","publisher":{"@id":"https:\/\/plg-pllc.com\/#organization"},"inLanguage":"es"},{"@type":"Organization","@id":"https:\/\/plg-pllc.com\/#organization","name":"Grupo de abogados Premier","url":"https:\/\/plg-pllc.com\/","logo":{"@type":"ImageObject","inLanguage":"es","@id":"https:\/\/plg-pllc.com\/#\/schema\/logo\/image\/","url":"https:\/\/plg-pllc.com\/wp-content\/uploads\/2020\/10\/plg-logo-v2.gif","contentUrl":"https:\/\/plg-pllc.com\/wp-content\/uploads\/2020\/10\/plg-logo-v2.gif","width":592,"height":191,"caption":"Premier Law Group"},"image":{"@id":"https:\/\/plg-pllc.com\/#\/schema\/logo\/image\/"},"sameAs":["https:\/\/www.facebook.com\/premierlawgroup","https:\/\/x.com\/premierlawgroup"]}]}},"_links":{"self":[{"href":"https:\/\/plg-pllc.com\/es\/wp-json\/wp\/v2\/pages\/15752","targetHints":{"allow":["GET"]}}],"collection":[{"href":"https:\/\/plg-pllc.com\/es\/wp-json\/wp\/v2\/pages"}],"about":[{"href":"https:\/\/plg-pllc.com\/es\/wp-json\/wp\/v2\/types\/page"}],"author":[{"embeddable":true,"href":"https:\/\/plg-pllc.com\/es\/wp-json\/wp\/v2\/users\/24"}],"replies":[{"embeddable":true,"href":"https:\/\/plg-pllc.com\/es\/wp-json\/wp\/v2\/comments?post=15752"}],"version-history":[{"count":0,"href":"https:\/\/plg-pllc.com\/es\/wp-json\/wp\/v2\/pages\/15752\/revisions"}],"up":[{"embeddable":true,"href":"https:\/\/plg-pllc.com\/es\/wp-json\/wp\/v2\/pages\/20714"}],"wp:featuredmedia":[{"embeddable":true,"href":"https:\/\/plg-pllc.com\/es\/wp-json\/wp\/v2\/media\/15753"}],"wp:attachment":[{"href":"https:\/\/plg-pllc.com\/es\/wp-json\/wp\/v2\/media?parent=15752"}],"wp:term":[{"taxonomy":"hc_faqs","embeddable":true,"href":"https:\/\/plg-pllc.com\/es\/wp-json\/wp\/v2\/hc_faqs?post=15752"}],"curies":[{"name":"gracias","href":"https:\/\/api.w.org\/{rel}","templated":true}]}}