{"id":15794,"date":"2017-07-05T07:21:55","date_gmt":"2017-07-05T14:21:55","guid":{"rendered":"https:\/\/plgpllc.wpengine.com\/?post_type=faqs&#038;p=15794"},"modified":"2024-11-07T04:12:18","modified_gmt":"2024-11-07T12:12:18","slug":"how-long-settle-my-claim","status":"publish","type":"page","link":"https:\/\/plg-pllc.com\/es\/faqs\/how-long-to-settle-claim\/","title":{"rendered":"\u00bfCu\u00e1nto tiempo tardar\u00e1 en resolverse mi reclamo?"},"content":{"rendered":"<h2>Si contrato a un abogado de lesiones personales, \u00bfcu\u00e1nto tiempo tomar\u00e1 resolver mi reclamo?<\/h2>\n<p><script src=\"\/\/fast.wistia.com\/embed\/medias\/3wfxly3467.jsonp\" async=\"\"><\/script><br \/>\n<script src=\"\/\/fast.wistia.com\/assets\/external\/E-v1.js\" async=\"\"><\/script><\/p>\n<div class=\"wistia_responsive_padding\" style=\"padding: 56.25% 0 0 0; position: relative; margin-top: -30px;\">\n<div class=\"wistia_responsive_wrapper\" style=\"height: 100%; left: 0; position: absolute; top: 0; width: 100%;\">\n<div class=\"wistia_embed wistia_async_3wfxly3467 seo=false videoFoam=true popover=true\" style=\"height: 100%; width: 100%;\"><\/div>\n<\/div>\n<\/div>\n<div><\/div>\n<p><strong>Transcripci\u00f3n del v\u00eddeo<\/strong><\/p>\n<p>En realidad, no hay una respuesta concreta para esa pregunta. Cada caso es diferente y cada uno debe evaluarse seg\u00fan sus propios m\u00e9ritos, pero esto es lo que puedo decirles en t\u00e9rminos generales.<\/p>\n<p>Para que podamos comenzar a intentar resolver su caso, debe llegar al punto en que haya terminado el tratamiento o tenga un pron\u00f3stico permanente por parte de su m\u00e9dico.<\/p>\n<p>Por lo tanto, su abogado no podr\u00e1 siquiera pasar al siguiente paso de intentar resolver su caso hasta que haya terminado el tratamiento. Por lo general, eso puede ocurrir entre seis meses, nueve meses, un a\u00f1o o dos a\u00f1os despu\u00e9s de su accidente automovil\u00edstico.<\/p>\n<p><img loading=\"lazy\" decoding=\"async\" class=\"alignleft size-medium wp-image-15672\" src=\"https:\/\/plg-pllc.com\/wp-content\/uploads\/2016\/12\/judgement-300x225.jpg\" alt=\"\u00bfCu\u00e1nto tiempo se tarda en resolver un reclamo?\" width=\"300\" height=\"225\" srcset=\"https:\/\/plg-pllc.com\/wp-content\/uploads\/2016\/12\/judgement-300x225.jpg 300w, https:\/\/plg-pllc.com\/wp-content\/uploads\/2016\/12\/judgement.jpg 562w\" sizes=\"auto, (max-width: 300px) 100vw, 300px\" \/>En ese momento, pueden pasar al siguiente paso y tratar de llegar a un acuerdo sobre su caso. En \u00faltima instancia, un abogado le dir\u00e1 cu\u00e1nto cree que vale su caso, pero la compa\u00f1\u00eda de seguros es la que debe ofrecer el dinero. Si la compa\u00f1\u00eda de seguros no ofrece el dinero que su abogado le dice que vale su caso, la \u00fanica opci\u00f3n que le queda es presentar una demanda.<\/p>\n<p>Si se presenta una demanda, las cosas pueden tardar mucho m\u00e1s, a veces un a\u00f1o, a veces incluso m\u00e1s. Por eso, no hay una buena manera de decirle a una persona en particular cu\u00e1nto tiempo llevar\u00e1 resolver su caso.<\/p>\n<p>Depende en parte de usted y del tipo de tratamiento que reciba, y en parte de la compa\u00f1\u00eda de seguros y de si le hacen una oferta razonable desde el principio o si le hacen pasar por una serie de obst\u00e1culos para llegar a esa cifra razonable.<\/p>\n<blockquote><p>Si ha resultado herido en un accidente automovil\u00edstico y cree que puede presentar un reclamo, por favor <a href=\"https:\/\/plg-pllc.com\/contact-us\/\">Cont\u00e1ctenos<\/a> de inmediato para una evaluaci\u00f3n de caso gratuita.<\/p><\/blockquote>\n\n        <div class=\"rs-content-cta\">\n            <p>Llamar o enviar mensaje de texto <a href=\"tel:+12062851743\">(206) 285-1743<\/a> o complete un formulario de evaluaci\u00f3n de caso gratuito<\/p>\n            <a href=\"https:\/\/plg-pllc.com\/es\/contact-us\/\" title=\"OBTENGA UNA EVALUACI\u00d3N DE CASO GRATUITA\" class=\"btn-global\">OBTENGA UNA EVALUACI\u00d3N DE CASO GRATUITA<\/a>\n                    <picture>\n                            <source srcset=\"https:\/\/plg-pllc.com\/wp-content\/themes\/plg-pllc-redesign\/assets\/app\/img\/cta-thumb.webp\" type=\"image\/webp\"\/>\n                            <img src=\"https:\/\/plg-pllc.com\/wp-content\/themes\/plg-pllc-redesign\/assets\/app\/img\/cta-thumb.png\" alt=\"Grupo de abogados Premier\" title=\"Grupo de abogados Premier\" width=\"245\" height=\"220\" loading=\"auto\" fetchpriority=\"auto\" decoding=\"async\"\/>\n        <\/picture>\n        \n        <\/div>","protected":false},"excerpt":{"rendered":"<p>Si contrato a un abogado especializado en lesiones personales, \u00bfcu\u00e1nto tiempo tardar\u00e1 en resolverse mi demanda? Transcripci\u00f3n del video En realidad, no hay una buena respuesta a esa pregunta. Cada caso es diferente y cada caso debe evaluarse seg\u00fan sus propios m\u00e9ritos, pero esto es lo que puedo decirle en general. Para que podamos comenzar...<\/p>","protected":false},"author":2,"featured_media":15672,"parent":20714,"menu_order":0,"comment_status":"closed","ping_status":"closed","template":"","meta":{"_acf_changed":false,"_genesis_hide_title":false,"_genesis_hide_breadcrumbs":false,"_genesis_hide_singular_image":false,"_genesis_hide_footer_widgets":false,"_genesis_custom_body_class":"","_genesis_custom_post_class":"","_genesis_layout":"","footnotes":""},"hc_faqs":[10354],"class_list":{"0":"post-15794","1":"page","2":"type-page","3":"status-publish","4":"has-post-thumbnail","6":"hc_faqs-personal-injury","7":"entry"},"acf":[],"yoast_head":"<!-- This site is optimized with the Yoast SEO plugin v27.2 - https:\/\/yoast.com\/product\/yoast-seo-wordpress\/ -->\n<title>How long will it take to settle my claim?<\/title>\n<meta name=\"description\" content=\"How long will it take to settle my claim?: Premier Law Group helps you unlock the full compensation you deserve. No Fee Unless We Win.\" \/>\n<meta name=\"robots\" content=\"index, follow, max-snippet:-1, max-image-preview:large, max-video-preview:-1\" \/>\n<link rel=\"canonical\" href=\"https:\/\/plg-pllc.com\/es\/faqs\/how-long-to-settle-claim\/\" \/>\n<meta property=\"og:locale\" content=\"es_MX\" \/>\n<meta property=\"og:type\" content=\"article\" \/>\n<meta property=\"og:title\" content=\"How long will it take to settle my claim?\" \/>\n<meta property=\"og:description\" content=\"How long will it take to settle my claim?: Premier Law Group helps you unlock the full compensation you deserve. No Fee Unless We Win.\" \/>\n<meta property=\"og:url\" content=\"https:\/\/plg-pllc.com\/es\/faqs\/how-long-to-settle-claim\/\" \/>\n<meta property=\"og:site_name\" content=\"Premier Law Group\" \/>\n<meta property=\"article:publisher\" content=\"https:\/\/www.facebook.com\/premierlawgroup\" \/>\n<meta property=\"article:modified_time\" content=\"2024-11-07T12:12:18+00:00\" \/>\n<meta property=\"og:image\" content=\"https:\/\/plg-pllc.com\/wp-content\/uploads\/2016\/12\/judgement.jpg\" \/>\n\t<meta property=\"og:image:width\" content=\"562\" \/>\n\t<meta property=\"og:image:height\" content=\"422\" \/>\n\t<meta property=\"og:image:type\" content=\"image\/jpeg\" \/>\n<meta name=\"twitter:card\" content=\"summary_large_image\" \/>\n<meta name=\"twitter:site\" content=\"@premierlawgroup\" \/>\n<meta name=\"twitter:label1\" content=\"Tiempo de lectura\" \/>\n\t<meta name=\"twitter:data1\" content=\"2 minutos\" \/>\n<script type=\"application\/ld+json\" class=\"yoast-schema-graph\">{\"@context\":\"https:\/\/schema.org\",\"@graph\":[{\"@type\":\"WebPage\",\"@id\":\"https:\/\/plg-pllc.com\/faqs\/how-long-to-settle-claim\/\",\"url\":\"https:\/\/plg-pllc.com\/faqs\/how-long-to-settle-claim\/\",\"name\":\"How long will it take to settle my claim?\",\"isPartOf\":{\"@id\":\"https:\/\/plg-pllc.com\/#website\"},\"primaryImageOfPage\":{\"@id\":\"https:\/\/plg-pllc.com\/faqs\/how-long-to-settle-claim\/#primaryimage\"},\"image\":{\"@id\":\"https:\/\/plg-pllc.com\/faqs\/how-long-to-settle-claim\/#primaryimage\"},\"thumbnailUrl\":\"https:\/\/plg-pllc.com\/wp-content\/uploads\/2016\/12\/judgement.jpg\",\"datePublished\":\"2017-07-05T14:21:55+00:00\",\"dateModified\":\"2024-11-07T12:12:18+00:00\",\"description\":\"How long will it take to settle my claim?: Premier Law Group helps you unlock the full compensation you deserve. No Fee Unless We Win.\",\"breadcrumb\":{\"@id\":\"https:\/\/plg-pllc.com\/faqs\/how-long-to-settle-claim\/#breadcrumb\"},\"inLanguage\":\"es\",\"potentialAction\":[{\"@type\":\"ReadAction\",\"target\":[\"https:\/\/plg-pllc.com\/faqs\/how-long-to-settle-claim\/\"]}]},{\"@type\":\"ImageObject\",\"inLanguage\":\"es\",\"@id\":\"https:\/\/plg-pllc.com\/faqs\/how-long-to-settle-claim\/#primaryimage\",\"url\":\"https:\/\/plg-pllc.com\/wp-content\/uploads\/2016\/12\/judgement.jpg\",\"contentUrl\":\"https:\/\/plg-pllc.com\/wp-content\/uploads\/2016\/12\/judgement.jpg\",\"width\":562,\"height\":422,\"caption\":\"Fair compensation for an auto accident\"},{\"@type\":\"BreadcrumbList\",\"@id\":\"https:\/\/plg-pllc.com\/faqs\/how-long-to-settle-claim\/#breadcrumb\",\"itemListElement\":[{\"@type\":\"ListItem\",\"position\":1,\"name\":\"Home\",\"item\":\"https:\/\/plg-pllc.com\/es\/\"},{\"@type\":\"ListItem\",\"position\":2,\"name\":\"FAQs\",\"item\":\"https:\/\/plg-pllc.com\/es\/faqs\/\"},{\"@type\":\"ListItem\",\"position\":3,\"name\":\"How long will it take to settle my claim?\"}]},{\"@type\":\"WebSite\",\"@id\":\"https:\/\/plg-pllc.com\/#website\",\"url\":\"https:\/\/plg-pllc.com\/\",\"name\":\"Premier Law Group\",\"description\":\"Washington Wrongful Death and Serious Injury Lawyer\",\"publisher\":{\"@id\":\"https:\/\/plg-pllc.com\/#organization\"},\"inLanguage\":\"es\"},{\"@type\":\"Organization\",\"@id\":\"https:\/\/plg-pllc.com\/#organization\",\"name\":\"Premier Law Group\",\"url\":\"https:\/\/plg-pllc.com\/\",\"logo\":{\"@type\":\"ImageObject\",\"inLanguage\":\"es\",\"@id\":\"https:\/\/plg-pllc.com\/#\/schema\/logo\/image\/\",\"url\":\"https:\/\/plg-pllc.com\/wp-content\/uploads\/2020\/10\/plg-logo-v2.gif\",\"contentUrl\":\"https:\/\/plg-pllc.com\/wp-content\/uploads\/2020\/10\/plg-logo-v2.gif\",\"width\":592,\"height\":191,\"caption\":\"Premier Law Group\"},\"image\":{\"@id\":\"https:\/\/plg-pllc.com\/#\/schema\/logo\/image\/\"},\"sameAs\":[\"https:\/\/www.facebook.com\/premierlawgroup\",\"https:\/\/x.com\/premierlawgroup\"]}]}<\/script>\n<!-- \/ Yoast SEO plugin. -->","yoast_head_json":{"title":"\u00bfCu\u00e1nto tiempo tardar\u00e1 en resolverse mi reclamo?","description":"\u00bfCu\u00e1nto tiempo llevar\u00e1 resolver mi reclamo?: Premier Law Group lo ayuda a obtener la compensaci\u00f3n total que merece. Sin cargo a menos que ganemos.","robots":{"index":"index","follow":"follow","max-snippet":"max-snippet:-1","max-image-preview":"max-image-preview:large","max-video-preview":"max-video-preview:-1"},"canonical":"https:\/\/plg-pllc.com\/es\/faqs\/how-long-to-settle-claim\/","og_locale":"es_MX","og_type":"article","og_title":"How long will it take to settle my claim?","og_description":"How long will it take to settle my claim?: Premier Law Group helps you unlock the full compensation you deserve. No Fee Unless We Win.","og_url":"https:\/\/plg-pllc.com\/es\/faqs\/how-long-to-settle-claim\/","og_site_name":"Premier Law Group","article_publisher":"https:\/\/www.facebook.com\/premierlawgroup","article_modified_time":"2024-11-07T12:12:18+00:00","og_image":[{"width":562,"height":422,"url":"https:\/\/plg-pllc.com\/wp-content\/uploads\/2016\/12\/judgement.jpg","type":"image\/jpeg"}],"twitter_card":"summary_large_image","twitter_site":"@premierlawgroup","twitter_misc":{"Tiempo de lectura":"2 minutos"},"schema":{"@context":"https:\/\/schema.org","@graph":[{"@type":"WebPage","@id":"https:\/\/plg-pllc.com\/faqs\/how-long-to-settle-claim\/","url":"https:\/\/plg-pllc.com\/faqs\/how-long-to-settle-claim\/","name":"\u00bfCu\u00e1nto tiempo tardar\u00e1 en resolverse mi reclamo?","isPartOf":{"@id":"https:\/\/plg-pllc.com\/#website"},"primaryImageOfPage":{"@id":"https:\/\/plg-pllc.com\/faqs\/how-long-to-settle-claim\/#primaryimage"},"image":{"@id":"https:\/\/plg-pllc.com\/faqs\/how-long-to-settle-claim\/#primaryimage"},"thumbnailUrl":"https:\/\/plg-pllc.com\/wp-content\/uploads\/2016\/12\/judgement.jpg","datePublished":"2017-07-05T14:21:55+00:00","dateModified":"2024-11-07T12:12:18+00:00","description":"\u00bfCu\u00e1nto tiempo llevar\u00e1 resolver mi reclamo?: Premier Law Group lo ayuda a obtener la compensaci\u00f3n total que merece. Sin cargo a menos que ganemos.","breadcrumb":{"@id":"https:\/\/plg-pllc.com\/faqs\/how-long-to-settle-claim\/#breadcrumb"},"inLanguage":"es","potentialAction":[{"@type":"ReadAction","target":["https:\/\/plg-pllc.com\/faqs\/how-long-to-settle-claim\/"]}]},{"@type":"ImageObject","inLanguage":"es","@id":"https:\/\/plg-pllc.com\/faqs\/how-long-to-settle-claim\/#primaryimage","url":"https:\/\/plg-pllc.com\/wp-content\/uploads\/2016\/12\/judgement.jpg","contentUrl":"https:\/\/plg-pllc.com\/wp-content\/uploads\/2016\/12\/judgement.jpg","width":562,"height":422,"caption":"Fair compensation for an auto accident"},{"@type":"BreadcrumbList","@id":"https:\/\/plg-pllc.com\/faqs\/how-long-to-settle-claim\/#breadcrumb","itemListElement":[{"@type":"ListItem","position":1,"name":"Home","item":"https:\/\/plg-pllc.com\/es\/"},{"@type":"ListItem","position":2,"name":"FAQs","item":"https:\/\/plg-pllc.com\/es\/faqs\/"},{"@type":"ListItem","position":3,"name":"How long will it take to settle my claim?"}]},{"@type":"WebSite","@id":"https:\/\/plg-pllc.com\/#website","url":"https:\/\/plg-pllc.com\/","name":"Grupo de abogados Premier","description":"Abogado de muerte por negligencia y lesiones graves en Washington","publisher":{"@id":"https:\/\/plg-pllc.com\/#organization"},"inLanguage":"es"},{"@type":"Organization","@id":"https:\/\/plg-pllc.com\/#organization","name":"Grupo de abogados Premier","url":"https:\/\/plg-pllc.com\/","logo":{"@type":"ImageObject","inLanguage":"es","@id":"https:\/\/plg-pllc.com\/#\/schema\/logo\/image\/","url":"https:\/\/plg-pllc.com\/wp-content\/uploads\/2020\/10\/plg-logo-v2.gif","contentUrl":"https:\/\/plg-pllc.com\/wp-content\/uploads\/2020\/10\/plg-logo-v2.gif","width":592,"height":191,"caption":"Premier Law Group"},"image":{"@id":"https:\/\/plg-pllc.com\/#\/schema\/logo\/image\/"},"sameAs":["https:\/\/www.facebook.com\/premierlawgroup","https:\/\/x.com\/premierlawgroup"]}]}},"_links":{"self":[{"href":"https:\/\/plg-pllc.com\/es\/wp-json\/wp\/v2\/pages\/15794","targetHints":{"allow":["GET"]}}],"collection":[{"href":"https:\/\/plg-pllc.com\/es\/wp-json\/wp\/v2\/pages"}],"about":[{"href":"https:\/\/plg-pllc.com\/es\/wp-json\/wp\/v2\/types\/page"}],"author":[{"embeddable":true,"href":"https:\/\/plg-pllc.com\/es\/wp-json\/wp\/v2\/users\/2"}],"replies":[{"embeddable":true,"href":"https:\/\/plg-pllc.com\/es\/wp-json\/wp\/v2\/comments?post=15794"}],"version-history":[{"count":0,"href":"https:\/\/plg-pllc.com\/es\/wp-json\/wp\/v2\/pages\/15794\/revisions"}],"up":[{"embeddable":true,"href":"https:\/\/plg-pllc.com\/es\/wp-json\/wp\/v2\/pages\/20714"}],"wp:featuredmedia":[{"embeddable":true,"href":"https:\/\/plg-pllc.com\/es\/wp-json\/wp\/v2\/media\/15672"}],"wp:attachment":[{"href":"https:\/\/plg-pllc.com\/es\/wp-json\/wp\/v2\/media?parent=15794"}],"wp:term":[{"taxonomy":"hc_faqs","embeddable":true,"href":"https:\/\/plg-pllc.com\/es\/wp-json\/wp\/v2\/hc_faqs?post=15794"}],"curies":[{"name":"gracias","href":"https:\/\/api.w.org\/{rel}","templated":true}]}}