{"id":15808,"date":"2017-07-12T11:48:05","date_gmt":"2017-07-12T18:48:05","guid":{"rendered":"https:\/\/plgpllc.wpengine.com\/?post_type=faqs&#038;p=15808"},"modified":"2024-11-07T04:12:19","modified_gmt":"2024-11-07T12:12:19","slug":"hire-personal-injury-lawyer-long-will-take-settle-claim","status":"publish","type":"page","link":"https:\/\/plg-pllc.com\/es\/faqs\/how-long-to-settle-claim-with-lawyer\/","title":{"rendered":"Si contrato a un abogado de lesiones personales, \u00bfcu\u00e1nto tiempo tomar\u00e1 resolver mi reclamo?"},"content":{"rendered":"<p><script src=\"\/\/fast.wistia.com\/embed\/medias\/3wfxly3467.jsonp\" async=\"\"><span data-mce-type=\"bookmark\" style=\"display: inline-block; width: 0px; overflow: hidden; line-height: 0;\" class=\"mce_SELRES_start\">\ufeff<\/span><\/script><br \/>\n<script src=\"\/\/fast.wistia.com\/assets\/external\/E-v1.js\" async=\"\"><\/script><\/p>\n<div class=\"wistia_responsive_padding\" style=\"padding: 56.25% 0 0 0; position: relative; margin-top: -30px;\">\n<div class=\"wistia_responsive_wrapper\" style=\"height: 100%; left: 0; position: absolute; top: 0; width: 100%;\">\n<div class=\"wistia_embed wistia_async_3wfxly3467 seo=false videoFoam=true popover=true\" style=\"height: 100%; width: 100%;\"><\/div>\n<\/div>\n<\/div>\n<div><\/div>\n<p><strong>Transcripci\u00f3n del v\u00eddeo<\/strong><\/p>\n<p>En realidad, no hay una respuesta adecuada a esa pregunta. Cada caso es diferente y cada uno debe evaluarse seg\u00fan sus propios m\u00e9ritos, pero esto es lo que puedo decirles en t\u00e9rminos generales.<\/p>\n<p>Para que podamos comenzar a intentar resolver su caso, usted tiene que llegar al punto en el que haya terminado el tratamiento o tenga un pron\u00f3stico permanente por parte de su m\u00e9dico.<\/p>\n<p>Por lo tanto, su abogado ni siquiera podr\u00e1 avanzar al siguiente paso para intentar resolver su caso hasta que haya terminado el tratamiento.<\/p>\n<h2>Bien, entonces contrato a un abogado de lesiones personales, \u00bfahora cu\u00e1nto tiempo tengo que esperar?<\/h2>\n<p>Por lo general, eso puede ocurrir entre seis meses, nueve meses, un a\u00f1o o dos a\u00f1os despu\u00e9s del accidente automovil\u00edstico. Es entonces cuando pueden pasar al siguiente paso para intentar resolver el caso.<\/p>\n<p>En \u00faltima instancia, un abogado le dir\u00e1 cu\u00e1nto cree que vale su caso, pero es la compa\u00f1\u00eda de seguros quien debe ofrecer el dinero.<\/p>\n<p><img loading=\"lazy\" decoding=\"async\" class=\"alignleft wp-image-16376 size-medium\" src=\"https:\/\/plg-pllc.com\/wp-content\/uploads\/2017\/07\/case-law-677940_1920-300x201.jpg\" alt=\"Se hace justicia\" width=\"300\" height=\"201\" srcset=\"https:\/\/plg-pllc.com\/wp-content\/uploads\/2017\/07\/case-law-677940_1920-300x201.jpg 300w, https:\/\/plg-pllc.com\/wp-content\/uploads\/2017\/07\/case-law-677940_1920-640x428.jpg 640w, https:\/\/plg-pllc.com\/wp-content\/uploads\/2017\/07\/case-law-677940_1920-1024x685.jpg 1024w, https:\/\/plg-pllc.com\/wp-content\/uploads\/2017\/07\/case-law-677940_1920-1200x803.jpg 1200w, https:\/\/plg-pllc.com\/wp-content\/uploads\/2017\/07\/case-law-677940_1920.jpg 1920w, https:\/\/plg-pllc.com\/wp-content\/uploads\/2017\/07\/case-law-677940_1920-768x514.jpg 768w\" sizes=\"auto, (max-width: 300px) 100vw, 300px\" \/>Si la compa\u00f1\u00eda de seguros no ofrece el dinero que su abogado le dice que vale su caso, la \u00fanica opci\u00f3n que le queda es presentar una demanda.<\/p>\n<p>Si se presenta una demanda, las cosas pueden tardar mucho m\u00e1s, a veces un a\u00f1o, a veces incluso m\u00e1s. Por eso, no hay una buena manera de decirle a una persona cu\u00e1nto tiempo llevar\u00e1 resolver su caso.<\/p>\n<p>Depende en parte de usted y del tipo de tratamiento que reciba y en parte de la compa\u00f1\u00eda de seguros y de si le hacen una oferta razonable desde el principio o si le hacen pasar por una serie de obst\u00e1culos para llegar a esa cifra razonable.<\/p>\n<blockquote><p>Nuestros abogados especializados en accidentes automovil\u00edsticos tienen muchos a\u00f1os de experiencia en la lucha contra las compa\u00f1\u00edas de seguros para obtener acuerdos justos. Si necesitamos luchar por usted en los tribunales, tambi\u00e9n somos expertos en ese aspecto. Si ha resultado herido debido al error de otro conductor, merece que se le repare la lesi\u00f3n, y Premier Law Group luchar\u00e1 con usted para que se haga justicia. <a href=\"https:\/\/plg-pllc.com\/contact-us\/\">\u00a1Cont\u00e1ctanos hoy!<\/a><\/p><\/blockquote>\n\n        <div class=\"rs-content-cta\">\n            <p>Llamar o enviar mensaje de texto <a href=\"tel:+12062851743\">(206) 285-1743<\/a> o complete un formulario de evaluaci\u00f3n de caso gratuito<\/p>\n            <a href=\"https:\/\/plg-pllc.com\/es\/contact-us\/\" title=\"OBTENGA UNA EVALUACI\u00d3N DE CASO GRATUITA\" class=\"btn-global\">OBTENGA UNA EVALUACI\u00d3N DE CASO GRATUITA<\/a>\n                    <picture>\n                            <source srcset=\"https:\/\/plg-pllc.com\/wp-content\/themes\/plg-pllc-redesign\/assets\/app\/img\/cta-thumb.webp\" type=\"image\/webp\"\/>\n                            <img src=\"https:\/\/plg-pllc.com\/wp-content\/themes\/plg-pllc-redesign\/assets\/app\/img\/cta-thumb.png\" alt=\"Grupo de abogados Premier\" title=\"Grupo de abogados Premier\" width=\"245\" height=\"220\" loading=\"auto\" fetchpriority=\"auto\" decoding=\"async\"\/>\n        <\/picture>\n        \n        <\/div>","protected":false},"excerpt":{"rendered":"<p>Transcripci\u00f3n del video En realidad, no hay una buena respuesta a esa pregunta. Cada caso es diferente y cada caso debe evaluarse seg\u00fan sus propios m\u00e9ritos, pero esto es lo que puedo decirle en general. Para que podamos comenzar a intentar resolver su caso, debe llegar al punto en el que est\u00e9...<\/p>","protected":false},"author":2,"featured_media":16376,"parent":20714,"menu_order":0,"comment_status":"closed","ping_status":"closed","template":"","meta":{"_acf_changed":false,"_genesis_hide_title":false,"_genesis_hide_breadcrumbs":false,"_genesis_hide_singular_image":false,"_genesis_hide_footer_widgets":false,"_genesis_custom_body_class":"","_genesis_custom_post_class":"","_genesis_layout":"","footnotes":""},"hc_faqs":[10354],"class_list":{"0":"post-15808","1":"page","2":"type-page","3":"status-publish","4":"has-post-thumbnail","6":"hc_faqs-personal-injury","7":"entry"},"acf":[],"yoast_head":"<!-- This site is optimized with the Yoast SEO plugin v27.4 - https:\/\/yoast.com\/product\/yoast-seo-wordpress\/ -->\n<title>If I hire a personal injury lawyer, how long will it take to settle my claim?<\/title>\n<meta name=\"description\" content=\"If I hire a personal injury lawyer, how long will it take to settle my claim?: Premier Law Group helps you unlock the full compensation you deserve. No Fee Unless We Win.\" \/>\n<meta name=\"robots\" content=\"index, follow, max-snippet:-1, max-image-preview:large, max-video-preview:-1\" \/>\n<link rel=\"canonical\" href=\"https:\/\/plg-pllc.com\/es\/faqs\/how-long-to-settle-claim-with-lawyer\/\" \/>\n<meta property=\"og:locale\" content=\"es_MX\" \/>\n<meta property=\"og:type\" content=\"article\" \/>\n<meta property=\"og:title\" content=\"If I hire a personal injury lawyer, how long will it take to settle my claim?\" \/>\n<meta property=\"og:description\" content=\"If I hire a personal injury lawyer, how long will it take to settle my claim?: Premier Law Group helps you unlock the full compensation you deserve. No Fee Unless We Win.\" \/>\n<meta property=\"og:url\" content=\"https:\/\/plg-pllc.com\/es\/faqs\/how-long-to-settle-claim-with-lawyer\/\" \/>\n<meta property=\"og:site_name\" content=\"Premier Law Group\" \/>\n<meta property=\"article:publisher\" content=\"https:\/\/www.facebook.com\/premierlawgroup\" \/>\n<meta property=\"article:modified_time\" content=\"2024-11-07T12:12:19+00:00\" \/>\n<meta property=\"og:image\" content=\"https:\/\/plg-pllc.com\/wp-content\/uploads\/2017\/07\/case-law-677940_1920.jpg\" \/>\n\t<meta property=\"og:image:width\" content=\"1920\" \/>\n\t<meta property=\"og:image:height\" content=\"1285\" \/>\n\t<meta property=\"og:image:type\" content=\"image\/jpeg\" \/>\n<meta name=\"twitter:card\" content=\"summary_large_image\" \/>\n<meta name=\"twitter:site\" content=\"@premierlawgroup\" \/>\n<meta name=\"twitter:label1\" content=\"Tiempo de lectura\" \/>\n\t<meta name=\"twitter:data1\" content=\"2 minutos\" \/>\n<script type=\"application\/ld+json\" class=\"yoast-schema-graph\">{\"@context\":\"https:\\\/\\\/schema.org\",\"@graph\":[{\"@type\":\"WebPage\",\"@id\":\"https:\\\/\\\/plg-pllc.com\\\/es\\\/faqs\\\/how-long-to-settle-claim-with-lawyer\\\/\",\"url\":\"https:\\\/\\\/plg-pllc.com\\\/es\\\/faqs\\\/how-long-to-settle-claim-with-lawyer\\\/\",\"name\":\"If I hire a personal injury lawyer, how long will it take to settle my claim?\",\"isPartOf\":{\"@id\":\"https:\\\/\\\/plg-pllc.com\\\/#website\"},\"primaryImageOfPage\":{\"@id\":\"https:\\\/\\\/plg-pllc.com\\\/es\\\/faqs\\\/how-long-to-settle-claim-with-lawyer\\\/#primaryimage\"},\"image\":{\"@id\":\"https:\\\/\\\/plg-pllc.com\\\/es\\\/faqs\\\/how-long-to-settle-claim-with-lawyer\\\/#primaryimage\"},\"thumbnailUrl\":\"https:\\\/\\\/plg-pllc.com\\\/wp-content\\\/uploads\\\/2017\\\/07\\\/case-law-677940_1920.jpg\",\"datePublished\":\"2017-07-12T18:48:05+00:00\",\"dateModified\":\"2024-11-07T12:12:19+00:00\",\"description\":\"If I hire a personal injury lawyer, how long will it take to settle my claim?: Premier Law Group helps you unlock the full compensation you deserve. No Fee Unless We Win.\",\"breadcrumb\":{\"@id\":\"https:\\\/\\\/plg-pllc.com\\\/es\\\/faqs\\\/how-long-to-settle-claim-with-lawyer\\\/#breadcrumb\"},\"inLanguage\":\"es\",\"potentialAction\":[{\"@type\":\"ReadAction\",\"target\":[\"https:\\\/\\\/plg-pllc.com\\\/es\\\/faqs\\\/how-long-to-settle-claim-with-lawyer\\\/\"]}]},{\"@type\":\"ImageObject\",\"inLanguage\":\"es\",\"@id\":\"https:\\\/\\\/plg-pllc.com\\\/es\\\/faqs\\\/how-long-to-settle-claim-with-lawyer\\\/#primaryimage\",\"url\":\"https:\\\/\\\/plg-pllc.com\\\/wp-content\\\/uploads\\\/2017\\\/07\\\/case-law-677940_1920.jpg\",\"contentUrl\":\"https:\\\/\\\/plg-pllc.com\\\/wp-content\\\/uploads\\\/2017\\\/07\\\/case-law-677940_1920.jpg\",\"width\":1920,\"height\":1285,\"caption\":\"justice is served\"},{\"@type\":\"BreadcrumbList\",\"@id\":\"https:\\\/\\\/plg-pllc.com\\\/es\\\/faqs\\\/how-long-to-settle-claim-with-lawyer\\\/#breadcrumb\",\"itemListElement\":[{\"@type\":\"ListItem\",\"position\":1,\"name\":\"Home\",\"item\":\"https:\\\/\\\/plg-pllc.com\\\/es\\\/\"},{\"@type\":\"ListItem\",\"position\":2,\"name\":\"FAQs\",\"item\":\"https:\\\/\\\/plg-pllc.com\\\/es\\\/faqs\\\/\"},{\"@type\":\"ListItem\",\"position\":3,\"name\":\"If I hire a personal injury lawyer, how long will it take to settle my claim?\"}]},{\"@type\":\"WebSite\",\"@id\":\"https:\\\/\\\/plg-pllc.com\\\/#website\",\"url\":\"https:\\\/\\\/plg-pllc.com\\\/\",\"name\":\"Premier Law Group\",\"description\":\"Washington Wrongful Death and Serious Injury Lawyer\",\"publisher\":{\"@id\":\"https:\\\/\\\/plg-pllc.com\\\/#organization\"},\"inLanguage\":\"es\"},{\"@type\":\"Organization\",\"@id\":\"https:\\\/\\\/plg-pllc.com\\\/#organization\",\"name\":\"Premier Law Group\",\"url\":\"https:\\\/\\\/plg-pllc.com\\\/\",\"logo\":{\"@type\":\"ImageObject\",\"inLanguage\":\"es\",\"@id\":\"https:\\\/\\\/plg-pllc.com\\\/#\\\/schema\\\/logo\\\/image\\\/\",\"url\":\"https:\\\/\\\/plg-pllc.com\\\/wp-content\\\/uploads\\\/2020\\\/10\\\/plg-logo-v2.gif\",\"contentUrl\":\"https:\\\/\\\/plg-pllc.com\\\/wp-content\\\/uploads\\\/2020\\\/10\\\/plg-logo-v2.gif\",\"width\":592,\"height\":191,\"caption\":\"Premier Law Group\"},\"image\":{\"@id\":\"https:\\\/\\\/plg-pllc.com\\\/#\\\/schema\\\/logo\\\/image\\\/\"},\"sameAs\":[\"https:\\\/\\\/www.facebook.com\\\/premierlawgroup\",\"https:\\\/\\\/x.com\\\/premierlawgroup\"]}]}<\/script>\n<!-- \/ Yoast SEO plugin. -->","yoast_head_json":{"title":"Si contrato a un abogado de lesiones personales, \u00bfcu\u00e1nto tiempo tomar\u00e1 resolver mi reclamo?","description":"Si contrato a un abogado especializado en lesiones personales, \u00bfcu\u00e1nto tiempo llevar\u00e1 resolver mi reclamo?: Premier Law Group lo ayuda a obtener la compensaci\u00f3n total que se merece. Sin cargo a menos que ganemos.","robots":{"index":"index","follow":"follow","max-snippet":"max-snippet:-1","max-image-preview":"max-image-preview:large","max-video-preview":"max-video-preview:-1"},"canonical":"https:\/\/plg-pllc.com\/es\/faqs\/how-long-to-settle-claim-with-lawyer\/","og_locale":"es_MX","og_type":"article","og_title":"If I hire a personal injury lawyer, how long will it take to settle my claim?","og_description":"If I hire a personal injury lawyer, how long will it take to settle my claim?: Premier Law Group helps you unlock the full compensation you deserve. No Fee Unless We Win.","og_url":"https:\/\/plg-pllc.com\/es\/faqs\/how-long-to-settle-claim-with-lawyer\/","og_site_name":"Premier Law Group","article_publisher":"https:\/\/www.facebook.com\/premierlawgroup","article_modified_time":"2024-11-07T12:12:19+00:00","og_image":[{"width":1920,"height":1285,"url":"https:\/\/plg-pllc.com\/wp-content\/uploads\/2017\/07\/case-law-677940_1920.jpg","type":"image\/jpeg"}],"twitter_card":"summary_large_image","twitter_site":"@premierlawgroup","twitter_misc":{"Tiempo de lectura":"2 minutos"},"schema":{"@context":"https:\/\/schema.org","@graph":[{"@type":"WebPage","@id":"https:\/\/plg-pllc.com\/es\/faqs\/how-long-to-settle-claim-with-lawyer\/","url":"https:\/\/plg-pllc.com\/es\/faqs\/how-long-to-settle-claim-with-lawyer\/","name":"Si contrato a un abogado de lesiones personales, \u00bfcu\u00e1nto tiempo tomar\u00e1 resolver mi reclamo?","isPartOf":{"@id":"https:\/\/plg-pllc.com\/#website"},"primaryImageOfPage":{"@id":"https:\/\/plg-pllc.com\/es\/faqs\/how-long-to-settle-claim-with-lawyer\/#primaryimage"},"image":{"@id":"https:\/\/plg-pllc.com\/es\/faqs\/how-long-to-settle-claim-with-lawyer\/#primaryimage"},"thumbnailUrl":"https:\/\/plg-pllc.com\/wp-content\/uploads\/2017\/07\/case-law-677940_1920.jpg","datePublished":"2017-07-12T18:48:05+00:00","dateModified":"2024-11-07T12:12:19+00:00","description":"Si contrato a un abogado especializado en lesiones personales, \u00bfcu\u00e1nto tiempo llevar\u00e1 resolver mi reclamo?: Premier Law Group lo ayuda a obtener la compensaci\u00f3n total que se merece. Sin cargo a menos que ganemos.","breadcrumb":{"@id":"https:\/\/plg-pllc.com\/es\/faqs\/how-long-to-settle-claim-with-lawyer\/#breadcrumb"},"inLanguage":"es","potentialAction":[{"@type":"ReadAction","target":["https:\/\/plg-pllc.com\/es\/faqs\/how-long-to-settle-claim-with-lawyer\/"]}]},{"@type":"ImageObject","inLanguage":"es","@id":"https:\/\/plg-pllc.com\/es\/faqs\/how-long-to-settle-claim-with-lawyer\/#primaryimage","url":"https:\/\/plg-pllc.com\/wp-content\/uploads\/2017\/07\/case-law-677940_1920.jpg","contentUrl":"https:\/\/plg-pllc.com\/wp-content\/uploads\/2017\/07\/case-law-677940_1920.jpg","width":1920,"height":1285,"caption":"justice is served"},{"@type":"BreadcrumbList","@id":"https:\/\/plg-pllc.com\/es\/faqs\/how-long-to-settle-claim-with-lawyer\/#breadcrumb","itemListElement":[{"@type":"ListItem","position":1,"name":"Home","item":"https:\/\/plg-pllc.com\/es\/"},{"@type":"ListItem","position":2,"name":"FAQs","item":"https:\/\/plg-pllc.com\/es\/faqs\/"},{"@type":"ListItem","position":3,"name":"If I hire a personal injury lawyer, how long will it take to settle my claim?"}]},{"@type":"WebSite","@id":"https:\/\/plg-pllc.com\/#website","url":"https:\/\/plg-pllc.com\/","name":"Grupo de abogados Premier","description":"Abogado de muerte por negligencia y lesiones graves en Washington","publisher":{"@id":"https:\/\/plg-pllc.com\/#organization"},"inLanguage":"es"},{"@type":"Organization","@id":"https:\/\/plg-pllc.com\/#organization","name":"Grupo de abogados Premier","url":"https:\/\/plg-pllc.com\/","logo":{"@type":"ImageObject","inLanguage":"es","@id":"https:\/\/plg-pllc.com\/#\/schema\/logo\/image\/","url":"https:\/\/plg-pllc.com\/wp-content\/uploads\/2020\/10\/plg-logo-v2.gif","contentUrl":"https:\/\/plg-pllc.com\/wp-content\/uploads\/2020\/10\/plg-logo-v2.gif","width":592,"height":191,"caption":"Premier Law Group"},"image":{"@id":"https:\/\/plg-pllc.com\/#\/schema\/logo\/image\/"},"sameAs":["https:\/\/www.facebook.com\/premierlawgroup","https:\/\/x.com\/premierlawgroup"]}]}},"_links":{"self":[{"href":"https:\/\/plg-pllc.com\/es\/wp-json\/wp\/v2\/pages\/15808","targetHints":{"allow":["GET"]}}],"collection":[{"href":"https:\/\/plg-pllc.com\/es\/wp-json\/wp\/v2\/pages"}],"about":[{"href":"https:\/\/plg-pllc.com\/es\/wp-json\/wp\/v2\/types\/page"}],"author":[{"embeddable":true,"href":"https:\/\/plg-pllc.com\/es\/wp-json\/wp\/v2\/users\/2"}],"replies":[{"embeddable":true,"href":"https:\/\/plg-pllc.com\/es\/wp-json\/wp\/v2\/comments?post=15808"}],"version-history":[{"count":0,"href":"https:\/\/plg-pllc.com\/es\/wp-json\/wp\/v2\/pages\/15808\/revisions"}],"up":[{"embeddable":true,"href":"https:\/\/plg-pllc.com\/es\/wp-json\/wp\/v2\/pages\/20714"}],"wp:featuredmedia":[{"embeddable":true,"href":"https:\/\/plg-pllc.com\/es\/wp-json\/wp\/v2\/media\/16376"}],"wp:attachment":[{"href":"https:\/\/plg-pllc.com\/es\/wp-json\/wp\/v2\/media?parent=15808"}],"wp:term":[{"taxonomy":"hc_faqs","embeddable":true,"href":"https:\/\/plg-pllc.com\/es\/wp-json\/wp\/v2\/hc_faqs?post=15808"}],"curies":[{"name":"gracias","href":"https:\/\/api.w.org\/{rel}","templated":true}]}}