{"id":15849,"date":"2017-07-21T07:51:52","date_gmt":"2017-07-21T14:51:52","guid":{"rendered":"https:\/\/plgpllc.wpengine.com\/?post_type=faqs&#038;p=15849"},"modified":"2024-11-07T04:12:20","modified_gmt":"2024-11-07T12:12:20","slug":"rear-end-collision-automatically-fault-driver-hit","status":"publish","type":"page","link":"https:\/\/plg-pllc.com\/es\/faqs\/is-rear-end-driver-always-at-fault\/","title":{"rendered":"\u00bfUna colisi\u00f3n trasera es autom\u00e1ticamente culpa del conductor que golpe\u00f3 al otro?"},"content":{"rendered":"<p><script src=\"\/\/fast.wistia.com\/embed\/medias\/38xbaxsben.jsonp\" async=\"\"><\/script><br \/>\n<script src=\"\/\/fast.wistia.com\/assets\/external\/E-v1.js\" async=\"\"><\/script><\/p>\n<div class=\"wistia_responsive_padding\" style=\"padding: 56.25% 0 0 0; position: relative; margin-top: -30px;\">\n<div class=\"wistia_responsive_wrapper\" style=\"height: 100%; left: 0; position: absolute; top: 0; width: 100%;\">\n<div class=\"wistia_embed wistia_async_38xbaxsben seo=false videoFoam=true popover=true\" style=\"height: 100%; width: 100%;\">&nbsp;<\/div>\n<\/div>\n<\/div>\n<div>&nbsp;<\/div>\n<h2>\u00bfUna colisi\u00f3n trasera en el estado de Washington es autom\u00e1ticamente culpa del conductor que golpe\u00f3 al otro?<\/h2>\n<h4>Transcripci\u00f3n del v\u00eddeo<\/h4>\n<p>Si usted sufre un accidente por alcance en Washington, ya no existe lo que se llama negligencia per se, lo que significa que autom\u00e1ticamente es culpa de la otra persona. <\/p>\n<p>Sin embargo, es pr\u00e1cticamente imposible imaginar que la culpa pudiera ser de la persona que iba delante del veh\u00edculo si es chocada por detr\u00e1s. En realidad, la \u00fanica forma en que eso podr\u00eda suceder es si la persona que iba delante iba marcha atr\u00e1s.  <\/p>\n<p>Incluso ha habido casos en Washington que han determinado que detenerse en la autopista es algo que los conductores que siguen deben esperar. <\/p>\n<p>La mejor regla a seguir es que siempre debes tener cuidado con lo que est\u00e1 frente a ti y ser consciente de que las personas pueden disminuir la velocidad o detenerse, por lo que, pr\u00e1cticamente, si golpeas a alguien por detr\u00e1s, ser\u00e1 tu culpa.<\/p>\n<p><img loading=\"lazy\" decoding=\"async\" src=\"https:\/\/plg-pllc.com\/wp-content\/uploads\/2017\/07\/rear-end-300x165.png\" alt=\"colisi\u00f3n trasera\" width=\"300\" height=\"165\" class=\"aligncenter size-medium wp-image-15850\" srcset=\"https:\/\/plg-pllc.com\/wp-content\/uploads\/2017\/07\/rear-end-300x165.png 300w, https:\/\/plg-pllc.com\/wp-content\/uploads\/2017\/07\/rear-end-640x353.png 640w, https:\/\/plg-pllc.com\/wp-content\/uploads\/2017\/07\/rear-end-1024x564.png 1024w, https:\/\/plg-pllc.com\/wp-content\/uploads\/2017\/07\/rear-end-1200x661.png 1200w, https:\/\/plg-pllc.com\/wp-content\/uploads\/2017\/07\/rear-end-768x423.png 768w, https:\/\/plg-pllc.com\/wp-content\/uploads\/2017\/07\/rear-end.png 1280w\" sizes=\"auto, (max-width: 300px) 100vw, 300px\" \/><\/p>\n\n        <div class=\"rs-content-cta\">\n            <p>Llamar o enviar mensaje de texto <a href=\"tel:+12062851743\">(206) 285-1743<\/a> o complete un formulario de evaluaci\u00f3n de caso gratuito<\/p>\n            <a href=\"https:\/\/plg-pllc.com\/es\/contact-us\/\" title=\"OBTENGA UNA EVALUACI\u00d3N DE CASO GRATUITA\" class=\"btn-global\">OBTENGA UNA EVALUACI\u00d3N DE CASO GRATUITA<\/a>\n                    <picture>\n                            <source srcset=\"https:\/\/plg-pllc.com\/wp-content\/themes\/plg-pllc-redesign\/assets\/app\/img\/cta-thumb.webp\" type=\"image\/webp\"\/>\n                            <img src=\"https:\/\/plg-pllc.com\/wp-content\/themes\/plg-pllc-redesign\/assets\/app\/img\/cta-thumb.png\" alt=\"Grupo de abogados Premier\" title=\"Grupo de abogados Premier\" width=\"245\" height=\"220\" loading=\"auto\" fetchpriority=\"auto\" decoding=\"async\"\/>\n        <\/picture>\n        \n        <\/div>","protected":false},"excerpt":{"rendered":"<p>&nbsp; &nbsp; \u00bfEn el estado de Washington, una colisi\u00f3n por alcance es autom\u00e1ticamente culpa del conductor que golpe\u00f3 al otro? Transcripci\u00f3n del video Si sufre un accidente por alcance en Washington, ya no existe lo que se denomina negligencia per se, lo que significa que autom\u00e1ticamente es culpa de la otra persona. Sin embargo, casi no hay forma de imaginar que \u2026<\/p>","protected":false},"author":2,"featured_media":15850,"parent":20714,"menu_order":0,"comment_status":"closed","ping_status":"closed","template":"","meta":{"_acf_changed":false,"_genesis_hide_title":false,"_genesis_hide_breadcrumbs":false,"_genesis_hide_singular_image":false,"_genesis_hide_footer_widgets":false,"_genesis_custom_body_class":"","_genesis_custom_post_class":"","_genesis_layout":"","footnotes":""},"hc_faqs":[10354],"class_list":{"0":"post-15849","1":"page","2":"type-page","3":"status-publish","4":"has-post-thumbnail","6":"hc_faqs-personal-injury","7":"entry"},"acf":[],"yoast_head":"<!-- This site is optimized with the Yoast SEO plugin v27.2 - https:\/\/yoast.com\/product\/yoast-seo-wordpress\/ -->\n<title>Is a rear-end collision automatically the fault of the driver that hit the other?<\/title>\n<meta name=\"description\" content=\"Is a rear-end collision automatically the fault of the driver that hit the other?: Premier Law Group helps you unlock the full compensation you deserve. No Fee Unless We Win.\" \/>\n<meta name=\"robots\" content=\"index, follow, max-snippet:-1, max-image-preview:large, max-video-preview:-1\" \/>\n<link rel=\"canonical\" href=\"https:\/\/plg-pllc.com\/es\/faqs\/is-rear-end-driver-always-at-fault\/\" \/>\n<meta property=\"og:locale\" content=\"es_MX\" \/>\n<meta property=\"og:type\" content=\"article\" \/>\n<meta property=\"og:title\" content=\"Is a rear-end collision automatically the fault of the driver that hit the other?\" \/>\n<meta property=\"og:description\" content=\"Is a rear-end collision automatically the fault of the driver that hit the other?: Premier Law Group helps you unlock the full compensation you deserve. No Fee Unless We Win.\" \/>\n<meta property=\"og:url\" content=\"https:\/\/plg-pllc.com\/es\/faqs\/is-rear-end-driver-always-at-fault\/\" \/>\n<meta property=\"og:site_name\" content=\"Premier Law Group\" \/>\n<meta property=\"article:publisher\" content=\"https:\/\/www.facebook.com\/premierlawgroup\" \/>\n<meta property=\"article:modified_time\" content=\"2024-11-07T12:12:20+00:00\" \/>\n<meta property=\"og:image\" content=\"https:\/\/plg-pllc.com\/wp-content\/uploads\/2017\/07\/rear-end.png\" \/>\n\t<meta property=\"og:image:width\" content=\"1280\" \/>\n\t<meta property=\"og:image:height\" content=\"705\" \/>\n\t<meta property=\"og:image:type\" content=\"image\/png\" \/>\n<meta name=\"twitter:card\" content=\"summary_large_image\" \/>\n<meta name=\"twitter:site\" content=\"@premierlawgroup\" \/>\n<meta name=\"twitter:label1\" content=\"Tiempo de lectura\" \/>\n\t<meta name=\"twitter:data1\" content=\"1 minuto\" \/>\n<script type=\"application\/ld+json\" class=\"yoast-schema-graph\">{\"@context\":\"https:\/\/schema.org\",\"@graph\":[{\"@type\":\"WebPage\",\"@id\":\"https:\/\/plg-pllc.com\/faqs\/is-rear-end-driver-always-at-fault\/\",\"url\":\"https:\/\/plg-pllc.com\/faqs\/is-rear-end-driver-always-at-fault\/\",\"name\":\"Is a rear-end collision automatically the fault of the driver that hit the other?\",\"isPartOf\":{\"@id\":\"https:\/\/plg-pllc.com\/#website\"},\"primaryImageOfPage\":{\"@id\":\"https:\/\/plg-pllc.com\/faqs\/is-rear-end-driver-always-at-fault\/#primaryimage\"},\"image\":{\"@id\":\"https:\/\/plg-pllc.com\/faqs\/is-rear-end-driver-always-at-fault\/#primaryimage\"},\"thumbnailUrl\":\"https:\/\/plg-pllc.com\/wp-content\/uploads\/2017\/07\/rear-end.png\",\"datePublished\":\"2017-07-21T14:51:52+00:00\",\"dateModified\":\"2024-11-07T12:12:20+00:00\",\"description\":\"Is a rear-end collision automatically the fault of the driver that hit the other?: Premier Law Group helps you unlock the full compensation you deserve. No Fee Unless We Win.\",\"breadcrumb\":{\"@id\":\"https:\/\/plg-pllc.com\/faqs\/is-rear-end-driver-always-at-fault\/#breadcrumb\"},\"inLanguage\":\"es\",\"potentialAction\":[{\"@type\":\"ReadAction\",\"target\":[\"https:\/\/plg-pllc.com\/faqs\/is-rear-end-driver-always-at-fault\/\"]}]},{\"@type\":\"ImageObject\",\"inLanguage\":\"es\",\"@id\":\"https:\/\/plg-pllc.com\/faqs\/is-rear-end-driver-always-at-fault\/#primaryimage\",\"url\":\"https:\/\/plg-pllc.com\/wp-content\/uploads\/2017\/07\/rear-end.png\",\"contentUrl\":\"https:\/\/plg-pllc.com\/wp-content\/uploads\/2017\/07\/rear-end.png\",\"width\":1280,\"height\":705,\"caption\":\"rear-end collision\"},{\"@type\":\"BreadcrumbList\",\"@id\":\"https:\/\/plg-pllc.com\/faqs\/is-rear-end-driver-always-at-fault\/#breadcrumb\",\"itemListElement\":[{\"@type\":\"ListItem\",\"position\":1,\"name\":\"Home\",\"item\":\"https:\/\/plg-pllc.com\/es\/\"},{\"@type\":\"ListItem\",\"position\":2,\"name\":\"FAQs\",\"item\":\"https:\/\/plg-pllc.com\/es\/faqs\/\"},{\"@type\":\"ListItem\",\"position\":3,\"name\":\"Is a rear-end collision automatically the fault of the driver that hit the other?\"}]},{\"@type\":\"WebSite\",\"@id\":\"https:\/\/plg-pllc.com\/#website\",\"url\":\"https:\/\/plg-pllc.com\/\",\"name\":\"Premier Law Group\",\"description\":\"Washington Wrongful Death and Serious Injury Lawyer\",\"publisher\":{\"@id\":\"https:\/\/plg-pllc.com\/#organization\"},\"inLanguage\":\"es\"},{\"@type\":\"Organization\",\"@id\":\"https:\/\/plg-pllc.com\/#organization\",\"name\":\"Premier Law Group\",\"url\":\"https:\/\/plg-pllc.com\/\",\"logo\":{\"@type\":\"ImageObject\",\"inLanguage\":\"es\",\"@id\":\"https:\/\/plg-pllc.com\/#\/schema\/logo\/image\/\",\"url\":\"https:\/\/plg-pllc.com\/wp-content\/uploads\/2020\/10\/plg-logo-v2.gif\",\"contentUrl\":\"https:\/\/plg-pllc.com\/wp-content\/uploads\/2020\/10\/plg-logo-v2.gif\",\"width\":592,\"height\":191,\"caption\":\"Premier Law Group\"},\"image\":{\"@id\":\"https:\/\/plg-pllc.com\/#\/schema\/logo\/image\/\"},\"sameAs\":[\"https:\/\/www.facebook.com\/premierlawgroup\",\"https:\/\/x.com\/premierlawgroup\"]}]}<\/script>\n<!-- \/ Yoast SEO plugin. -->","yoast_head_json":{"title":"\u00bfUna colisi\u00f3n trasera es autom\u00e1ticamente culpa del conductor que golpe\u00f3 al otro?","description":"\u00bfUna colisi\u00f3n trasera es autom\u00e1ticamente culpa del conductor que golpe\u00f3 al otro?: Premier Law Group lo ayuda a obtener la compensaci\u00f3n total que merece. Sin cargo a menos que ganemos.","robots":{"index":"index","follow":"follow","max-snippet":"max-snippet:-1","max-image-preview":"max-image-preview:large","max-video-preview":"max-video-preview:-1"},"canonical":"https:\/\/plg-pllc.com\/es\/faqs\/is-rear-end-driver-always-at-fault\/","og_locale":"es_MX","og_type":"article","og_title":"Is a rear-end collision automatically the fault of the driver that hit the other?","og_description":"Is a rear-end collision automatically the fault of the driver that hit the other?: Premier Law Group helps you unlock the full compensation you deserve. No Fee Unless We Win.","og_url":"https:\/\/plg-pllc.com\/es\/faqs\/is-rear-end-driver-always-at-fault\/","og_site_name":"Premier Law Group","article_publisher":"https:\/\/www.facebook.com\/premierlawgroup","article_modified_time":"2024-11-07T12:12:20+00:00","og_image":[{"width":1280,"height":705,"url":"https:\/\/plg-pllc.com\/wp-content\/uploads\/2017\/07\/rear-end.png","type":"image\/png"}],"twitter_card":"summary_large_image","twitter_site":"@premierlawgroup","twitter_misc":{"Tiempo de lectura":"1 minuto"},"schema":{"@context":"https:\/\/schema.org","@graph":[{"@type":"WebPage","@id":"https:\/\/plg-pllc.com\/faqs\/is-rear-end-driver-always-at-fault\/","url":"https:\/\/plg-pllc.com\/faqs\/is-rear-end-driver-always-at-fault\/","name":"\u00bfUna colisi\u00f3n trasera es autom\u00e1ticamente culpa del conductor que golpe\u00f3 al otro?","isPartOf":{"@id":"https:\/\/plg-pllc.com\/#website"},"primaryImageOfPage":{"@id":"https:\/\/plg-pllc.com\/faqs\/is-rear-end-driver-always-at-fault\/#primaryimage"},"image":{"@id":"https:\/\/plg-pllc.com\/faqs\/is-rear-end-driver-always-at-fault\/#primaryimage"},"thumbnailUrl":"https:\/\/plg-pllc.com\/wp-content\/uploads\/2017\/07\/rear-end.png","datePublished":"2017-07-21T14:51:52+00:00","dateModified":"2024-11-07T12:12:20+00:00","description":"\u00bfUna colisi\u00f3n trasera es autom\u00e1ticamente culpa del conductor que golpe\u00f3 al otro?: Premier Law Group lo ayuda a obtener la compensaci\u00f3n total que merece. Sin cargo a menos que ganemos.","breadcrumb":{"@id":"https:\/\/plg-pllc.com\/faqs\/is-rear-end-driver-always-at-fault\/#breadcrumb"},"inLanguage":"es","potentialAction":[{"@type":"ReadAction","target":["https:\/\/plg-pllc.com\/faqs\/is-rear-end-driver-always-at-fault\/"]}]},{"@type":"ImageObject","inLanguage":"es","@id":"https:\/\/plg-pllc.com\/faqs\/is-rear-end-driver-always-at-fault\/#primaryimage","url":"https:\/\/plg-pllc.com\/wp-content\/uploads\/2017\/07\/rear-end.png","contentUrl":"https:\/\/plg-pllc.com\/wp-content\/uploads\/2017\/07\/rear-end.png","width":1280,"height":705,"caption":"rear-end collision"},{"@type":"BreadcrumbList","@id":"https:\/\/plg-pllc.com\/faqs\/is-rear-end-driver-always-at-fault\/#breadcrumb","itemListElement":[{"@type":"ListItem","position":1,"name":"Home","item":"https:\/\/plg-pllc.com\/es\/"},{"@type":"ListItem","position":2,"name":"FAQs","item":"https:\/\/plg-pllc.com\/es\/faqs\/"},{"@type":"ListItem","position":3,"name":"Is a rear-end collision automatically the fault of the driver that hit the other?"}]},{"@type":"WebSite","@id":"https:\/\/plg-pllc.com\/#website","url":"https:\/\/plg-pllc.com\/","name":"Grupo de abogados Premier","description":"Abogado de muerte por negligencia y lesiones graves en Washington","publisher":{"@id":"https:\/\/plg-pllc.com\/#organization"},"inLanguage":"es"},{"@type":"Organization","@id":"https:\/\/plg-pllc.com\/#organization","name":"Grupo de abogados Premier","url":"https:\/\/plg-pllc.com\/","logo":{"@type":"ImageObject","inLanguage":"es","@id":"https:\/\/plg-pllc.com\/#\/schema\/logo\/image\/","url":"https:\/\/plg-pllc.com\/wp-content\/uploads\/2020\/10\/plg-logo-v2.gif","contentUrl":"https:\/\/plg-pllc.com\/wp-content\/uploads\/2020\/10\/plg-logo-v2.gif","width":592,"height":191,"caption":"Premier Law Group"},"image":{"@id":"https:\/\/plg-pllc.com\/#\/schema\/logo\/image\/"},"sameAs":["https:\/\/www.facebook.com\/premierlawgroup","https:\/\/x.com\/premierlawgroup"]}]}},"_links":{"self":[{"href":"https:\/\/plg-pllc.com\/es\/wp-json\/wp\/v2\/pages\/15849","targetHints":{"allow":["GET"]}}],"collection":[{"href":"https:\/\/plg-pllc.com\/es\/wp-json\/wp\/v2\/pages"}],"about":[{"href":"https:\/\/plg-pllc.com\/es\/wp-json\/wp\/v2\/types\/page"}],"author":[{"embeddable":true,"href":"https:\/\/plg-pllc.com\/es\/wp-json\/wp\/v2\/users\/2"}],"replies":[{"embeddable":true,"href":"https:\/\/plg-pllc.com\/es\/wp-json\/wp\/v2\/comments?post=15849"}],"version-history":[{"count":0,"href":"https:\/\/plg-pllc.com\/es\/wp-json\/wp\/v2\/pages\/15849\/revisions"}],"up":[{"embeddable":true,"href":"https:\/\/plg-pllc.com\/es\/wp-json\/wp\/v2\/pages\/20714"}],"wp:featuredmedia":[{"embeddable":true,"href":"https:\/\/plg-pllc.com\/es\/wp-json\/wp\/v2\/media\/15850"}],"wp:attachment":[{"href":"https:\/\/plg-pllc.com\/es\/wp-json\/wp\/v2\/media?parent=15849"}],"wp:term":[{"taxonomy":"hc_faqs","embeddable":true,"href":"https:\/\/plg-pllc.com\/es\/wp-json\/wp\/v2\/hc_faqs?post=15849"}],"curies":[{"name":"gracias","href":"https:\/\/api.w.org\/{rel}","templated":true}]}}