{"id":15856,"date":"2017-07-24T10:58:27","date_gmt":"2017-07-24T17:58:27","guid":{"rendered":"https:\/\/plgpllc.wpengine.com\/?post_type=faqs&#038;p=15856"},"modified":"2024-11-07T04:12:20","modified_gmt":"2024-11-07T12:12:20","slug":"easier-win-case-car-was-totaled","status":"publish","type":"page","link":"https:\/\/plg-pllc.com\/es\/faqs\/easier-win-case-if-car-totaled\/","title":{"rendered":"\u00bfEs m\u00e1s f\u00e1cil ganar un caso si el auto fue destrozado?"},"content":{"rendered":"<p><script src=\"\/\/fast.wistia.com\/embed\/medias\/ixmoojpu8o.jsonp\" async=\"\"><\/script><br \/>\n<script src=\"\/\/fast.wistia.com\/assets\/external\/E-v1.js\" async=\"\"><\/script><\/p>\n<div class=\"wistia_responsive_padding\" style=\"padding: 56.25% 0 0 0; position: relative; margin-top: -30px;\">\n<div class=\"wistia_responsive_wrapper\" style=\"height: 100%; left: 0; position: absolute; top: 0; width: 100%;\">\n<div class=\"wistia_embed wistia_async_ixmoojpu8o seo=false videoFoam=true popover=true\" style=\"height: 100%; width: 100%;\"><\/div>\n<\/div>\n<\/div>\n<div><\/div>\n<h2>\u00bfEs m\u00e1s f\u00e1cil ganar un caso si el auto fue destrozado?<\/h2>\n<h3>Transcripci\u00f3n del v\u00eddeo<\/h3>\n<p>Para ganar su caso, una de las cosas que tenemos que demostrar es que su lesi\u00f3n fue causada por el accidente en cuesti\u00f3n.<\/p>\n<p>Una de las cosas que las compa\u00f1\u00edas de seguros han utilizado cada vez con m\u00e1s frecuencia para intentar argumentar ese elemento de causalidad es el da\u00f1o al veh\u00edculo. Dicen que, si el da\u00f1o al veh\u00edculo no es tan grave, entonces no podr\u00eda haber causado las lesiones por las que usted se queja.<br \/>\nSi su veh\u00edculo qued\u00f3 destrozado en el accidente, se elimina ese elemento del repertorio de defensa. Un veh\u00edculo destrozado indicar\u00e1 que las fuerzas involucradas en el accidente fueron lo suficientemente grandes como para causar lesiones graves a alguien.<\/p>\n<p>De modo que esto elimina uno de los argumentos que el abogado defensor puede utilizar para intentar minimizar su demanda. No significa necesariamente que ser\u00e1 m\u00e1s f\u00e1cil ganar, simplemente elimina uno de los argumentos de la defensa.<\/p>\n<p><img loading=\"lazy\" decoding=\"async\" class=\"aligncenter wp-image-15766 size-large\" src=\"https:\/\/plg-pllc.com\/wp-content\/uploads\/2017\/06\/diminished-value-1024x330.jpg\" alt=\"Este coche qued\u00f3 destrozado\" width=\"1024\" height=\"330\" srcset=\"https:\/\/plg-pllc.com\/wp-content\/uploads\/2017\/06\/diminished-value-1024x330.jpg 1024w, https:\/\/plg-pllc.com\/wp-content\/uploads\/2017\/06\/diminished-value-640x206.jpg 640w, https:\/\/plg-pllc.com\/wp-content\/uploads\/2017\/06\/diminished-value-1200x387.jpg 1200w, https:\/\/plg-pllc.com\/wp-content\/uploads\/2017\/06\/diminished-value-300x97.jpg 300w, https:\/\/plg-pllc.com\/wp-content\/uploads\/2017\/06\/diminished-value-768x248.jpg 768w, https:\/\/plg-pllc.com\/wp-content\/uploads\/2017\/06\/diminished-value.jpg 1600w\" sizes=\"auto, (max-width: 1024px) 100vw, 1024px\" \/><\/p>\n<blockquote><p>Si ha resultado herido en un accidente automovil\u00edstico y cree que puede presentar un reclamo, por favor <a href=\"https:\/\/plg-pllc.com\/contact-us\/\">Cont\u00e1ctenos<\/a> de inmediato para una evaluaci\u00f3n de caso gratuita.<\/p><\/blockquote>\n\n        <div class=\"rs-content-cta\">\n            <p>Llamar o enviar mensaje de texto <a href=\"tel:+12062851743\">(206) 285-1743<\/a> o complete un formulario de evaluaci\u00f3n de caso gratuito<\/p>\n            <a href=\"https:\/\/plg-pllc.com\/es\/contact-us\/\" title=\"OBTENGA UNA EVALUACI\u00d3N DE CASO GRATUITA\" class=\"btn-global\">OBTENGA UNA EVALUACI\u00d3N DE CASO GRATUITA<\/a>\n                    <picture>\n                            <source srcset=\"https:\/\/plg-pllc.com\/wp-content\/themes\/plg-pllc-redesign\/assets\/app\/img\/cta-thumb.webp\" type=\"image\/webp\"\/>\n                            <img src=\"https:\/\/plg-pllc.com\/wp-content\/themes\/plg-pllc-redesign\/assets\/app\/img\/cta-thumb.png\" alt=\"Grupo de abogados Premier\" title=\"Grupo de abogados Premier\" width=\"245\" height=\"220\" loading=\"auto\" fetchpriority=\"auto\" decoding=\"async\"\/>\n        <\/picture>\n        \n        <\/div>","protected":false},"excerpt":{"rendered":"<p>\u00bfEs m\u00e1s f\u00e1cil ganar un caso si el auto qued\u00f3 destrozado? Transcripci\u00f3n del video Para ganar su caso, una de las cosas que tenemos que demostrar es que su lesi\u00f3n fue causada por el accidente en cuesti\u00f3n. Una de las cosas que las compa\u00f1\u00edas de seguros han utilizado cada vez con m\u00e1s frecuencia para intentar \u2026<\/p>","protected":false},"author":2,"featured_media":15858,"parent":20714,"menu_order":0,"comment_status":"closed","ping_status":"closed","template":"","meta":{"_acf_changed":false,"_genesis_hide_title":false,"_genesis_hide_breadcrumbs":false,"_genesis_hide_singular_image":false,"_genesis_hide_footer_widgets":false,"_genesis_custom_body_class":"","_genesis_custom_post_class":"","_genesis_layout":"","footnotes":""},"hc_faqs":[10354],"class_list":{"0":"post-15856","1":"page","2":"type-page","3":"status-publish","4":"has-post-thumbnail","6":"hc_faqs-personal-injury","7":"entry"},"acf":[],"yoast_head":"<!-- This site is optimized with the Yoast SEO plugin v27.5 - https:\/\/yoast.com\/product\/yoast-seo-wordpress\/ -->\n<title>Is it easier to win a case if the car was totaled?<\/title>\n<meta name=\"description\" content=\"Is it easier to win a case if the car was totaled?: Premier Law Group helps you unlock the full compensation you deserve. No Fee Unless We Win.\" \/>\n<meta name=\"robots\" content=\"index, follow, max-snippet:-1, max-image-preview:large, max-video-preview:-1\" \/>\n<link rel=\"canonical\" href=\"https:\/\/plg-pllc.com\/es\/faqs\/easier-win-case-if-car-totaled\/\" \/>\n<meta property=\"og:locale\" content=\"es_MX\" \/>\n<meta property=\"og:type\" content=\"article\" \/>\n<meta property=\"og:title\" content=\"Is it easier to win a case if the car was totaled?\" \/>\n<meta property=\"og:description\" content=\"Is it easier to win a case if the car was totaled?: Premier Law Group helps you unlock the full compensation you deserve. No Fee Unless We Win.\" \/>\n<meta property=\"og:url\" content=\"https:\/\/plg-pllc.com\/es\/faqs\/easier-win-case-if-car-totaled\/\" \/>\n<meta property=\"og:site_name\" content=\"Premier Law Group\" \/>\n<meta property=\"article:publisher\" content=\"https:\/\/www.facebook.com\/premierlawgroup\" \/>\n<meta property=\"article:modified_time\" content=\"2024-11-07T12:12:20+00:00\" \/>\n<meta property=\"og:image\" content=\"https:\/\/plg-pllc.com\/wp-content\/uploads\/2017\/07\/car-was-totaled-accident.jpg\" \/>\n\t<meta property=\"og:image:width\" content=\"640\" \/>\n\t<meta property=\"og:image:height\" content=\"426\" \/>\n\t<meta property=\"og:image:type\" content=\"image\/jpeg\" \/>\n<meta name=\"twitter:card\" content=\"summary_large_image\" \/>\n<meta name=\"twitter:site\" content=\"@premierlawgroup\" \/>\n<meta name=\"twitter:label1\" content=\"Tiempo de lectura\" \/>\n\t<meta name=\"twitter:data1\" content=\"2 minutos\" \/>\n<script type=\"application\/ld+json\" class=\"yoast-schema-graph\">{\"@context\":\"https:\\\/\\\/schema.org\",\"@graph\":[{\"@type\":\"WebPage\",\"@id\":\"https:\\\/\\\/plg-pllc.com\\\/faqs\\\/easier-win-case-if-car-totaled\\\/\",\"url\":\"https:\\\/\\\/plg-pllc.com\\\/faqs\\\/easier-win-case-if-car-totaled\\\/\",\"name\":\"Is it easier to win a case if the car was totaled?\",\"isPartOf\":{\"@id\":\"https:\\\/\\\/plg-pllc.com\\\/#website\"},\"primaryImageOfPage\":{\"@id\":\"https:\\\/\\\/plg-pllc.com\\\/faqs\\\/easier-win-case-if-car-totaled\\\/#primaryimage\"},\"image\":{\"@id\":\"https:\\\/\\\/plg-pllc.com\\\/faqs\\\/easier-win-case-if-car-totaled\\\/#primaryimage\"},\"thumbnailUrl\":\"https:\\\/\\\/plg-pllc.com\\\/wp-content\\\/uploads\\\/2017\\\/07\\\/car-was-totaled-accident.jpg\",\"datePublished\":\"2017-07-24T17:58:27+00:00\",\"dateModified\":\"2024-11-07T12:12:20+00:00\",\"description\":\"Is it easier to win a case if the car was totaled?: Premier Law Group helps you unlock the full compensation you deserve. No Fee Unless We Win.\",\"breadcrumb\":{\"@id\":\"https:\\\/\\\/plg-pllc.com\\\/faqs\\\/easier-win-case-if-car-totaled\\\/#breadcrumb\"},\"inLanguage\":\"es\",\"potentialAction\":[{\"@type\":\"ReadAction\",\"target\":[\"https:\\\/\\\/plg-pllc.com\\\/faqs\\\/easier-win-case-if-car-totaled\\\/\"]}]},{\"@type\":\"ImageObject\",\"inLanguage\":\"es\",\"@id\":\"https:\\\/\\\/plg-pllc.com\\\/faqs\\\/easier-win-case-if-car-totaled\\\/#primaryimage\",\"url\":\"https:\\\/\\\/plg-pllc.com\\\/wp-content\\\/uploads\\\/2017\\\/07\\\/car-was-totaled-accident.jpg\",\"contentUrl\":\"https:\\\/\\\/plg-pllc.com\\\/wp-content\\\/uploads\\\/2017\\\/07\\\/car-was-totaled-accident.jpg\",\"width\":640,\"height\":426,\"caption\":\"this car was totaled\"},{\"@type\":\"BreadcrumbList\",\"@id\":\"https:\\\/\\\/plg-pllc.com\\\/faqs\\\/easier-win-case-if-car-totaled\\\/#breadcrumb\",\"itemListElement\":[{\"@type\":\"ListItem\",\"position\":1,\"name\":\"Home\",\"item\":\"https:\\\/\\\/plg-pllc.com\\\/es\\\/\"},{\"@type\":\"ListItem\",\"position\":2,\"name\":\"FAQs\",\"item\":\"https:\\\/\\\/plg-pllc.com\\\/es\\\/faqs\\\/\"},{\"@type\":\"ListItem\",\"position\":3,\"name\":\"Is it easier to win a case if the car was totaled?\"}]},{\"@type\":\"WebSite\",\"@id\":\"https:\\\/\\\/plg-pllc.com\\\/#website\",\"url\":\"https:\\\/\\\/plg-pllc.com\\\/\",\"name\":\"Premier Law Group\",\"description\":\"Washington Wrongful Death and Serious Injury Lawyer\",\"publisher\":{\"@id\":\"https:\\\/\\\/plg-pllc.com\\\/#organization\"},\"inLanguage\":\"es\"},{\"@type\":\"Organization\",\"@id\":\"https:\\\/\\\/plg-pllc.com\\\/#organization\",\"name\":\"Premier Law Group\",\"url\":\"https:\\\/\\\/plg-pllc.com\\\/\",\"logo\":{\"@type\":\"ImageObject\",\"inLanguage\":\"es\",\"@id\":\"https:\\\/\\\/plg-pllc.com\\\/#\\\/schema\\\/logo\\\/image\\\/\",\"url\":\"https:\\\/\\\/plg-pllc.com\\\/wp-content\\\/uploads\\\/2020\\\/10\\\/plg-logo-v2.gif\",\"contentUrl\":\"https:\\\/\\\/plg-pllc.com\\\/wp-content\\\/uploads\\\/2020\\\/10\\\/plg-logo-v2.gif\",\"width\":592,\"height\":191,\"caption\":\"Premier Law Group\"},\"image\":{\"@id\":\"https:\\\/\\\/plg-pllc.com\\\/#\\\/schema\\\/logo\\\/image\\\/\"},\"sameAs\":[\"https:\\\/\\\/www.facebook.com\\\/premierlawgroup\",\"https:\\\/\\\/x.com\\\/premierlawgroup\"]}]}<\/script>\n<!-- \/ Yoast SEO plugin. -->","yoast_head_json":{"title":"\u00bfEs m\u00e1s f\u00e1cil ganar un caso si el auto fue destrozado?","description":"\u00bfEs m\u00e1s f\u00e1cil ganar un caso si el autom\u00f3vil qued\u00f3 destrozado?: Premier Law Group le ayuda a obtener la compensaci\u00f3n total que merece. Sin cargo a menos que ganemos.","robots":{"index":"index","follow":"follow","max-snippet":"max-snippet:-1","max-image-preview":"max-image-preview:large","max-video-preview":"max-video-preview:-1"},"canonical":"https:\/\/plg-pllc.com\/es\/faqs\/easier-win-case-if-car-totaled\/","og_locale":"es_MX","og_type":"article","og_title":"Is it easier to win a case if the car was totaled?","og_description":"Is it easier to win a case if the car was totaled?: Premier Law Group helps you unlock the full compensation you deserve. No Fee Unless We Win.","og_url":"https:\/\/plg-pllc.com\/es\/faqs\/easier-win-case-if-car-totaled\/","og_site_name":"Premier Law Group","article_publisher":"https:\/\/www.facebook.com\/premierlawgroup","article_modified_time":"2024-11-07T12:12:20+00:00","og_image":[{"width":640,"height":426,"url":"https:\/\/plg-pllc.com\/wp-content\/uploads\/2017\/07\/car-was-totaled-accident.jpg","type":"image\/jpeg"}],"twitter_card":"summary_large_image","twitter_site":"@premierlawgroup","twitter_misc":{"Tiempo de lectura":"2 minutos"},"schema":{"@context":"https:\/\/schema.org","@graph":[{"@type":"WebPage","@id":"https:\/\/plg-pllc.com\/faqs\/easier-win-case-if-car-totaled\/","url":"https:\/\/plg-pllc.com\/faqs\/easier-win-case-if-car-totaled\/","name":"\u00bfEs m\u00e1s f\u00e1cil ganar un caso si el auto fue destrozado?","isPartOf":{"@id":"https:\/\/plg-pllc.com\/#website"},"primaryImageOfPage":{"@id":"https:\/\/plg-pllc.com\/faqs\/easier-win-case-if-car-totaled\/#primaryimage"},"image":{"@id":"https:\/\/plg-pllc.com\/faqs\/easier-win-case-if-car-totaled\/#primaryimage"},"thumbnailUrl":"https:\/\/plg-pllc.com\/wp-content\/uploads\/2017\/07\/car-was-totaled-accident.jpg","datePublished":"2017-07-24T17:58:27+00:00","dateModified":"2024-11-07T12:12:20+00:00","description":"\u00bfEs m\u00e1s f\u00e1cil ganar un caso si el autom\u00f3vil qued\u00f3 destrozado?: Premier Law Group le ayuda a obtener la compensaci\u00f3n total que merece. Sin cargo a menos que ganemos.","breadcrumb":{"@id":"https:\/\/plg-pllc.com\/faqs\/easier-win-case-if-car-totaled\/#breadcrumb"},"inLanguage":"es","potentialAction":[{"@type":"ReadAction","target":["https:\/\/plg-pllc.com\/faqs\/easier-win-case-if-car-totaled\/"]}]},{"@type":"ImageObject","inLanguage":"es","@id":"https:\/\/plg-pllc.com\/faqs\/easier-win-case-if-car-totaled\/#primaryimage","url":"https:\/\/plg-pllc.com\/wp-content\/uploads\/2017\/07\/car-was-totaled-accident.jpg","contentUrl":"https:\/\/plg-pllc.com\/wp-content\/uploads\/2017\/07\/car-was-totaled-accident.jpg","width":640,"height":426,"caption":"this car was totaled"},{"@type":"BreadcrumbList","@id":"https:\/\/plg-pllc.com\/faqs\/easier-win-case-if-car-totaled\/#breadcrumb","itemListElement":[{"@type":"ListItem","position":1,"name":"Home","item":"https:\/\/plg-pllc.com\/es\/"},{"@type":"ListItem","position":2,"name":"FAQs","item":"https:\/\/plg-pllc.com\/es\/faqs\/"},{"@type":"ListItem","position":3,"name":"Is it easier to win a case if the car was totaled?"}]},{"@type":"WebSite","@id":"https:\/\/plg-pllc.com\/#website","url":"https:\/\/plg-pllc.com\/","name":"Grupo de abogados Premier","description":"Abogado de muerte por negligencia y lesiones graves en Washington","publisher":{"@id":"https:\/\/plg-pllc.com\/#organization"},"inLanguage":"es"},{"@type":"Organization","@id":"https:\/\/plg-pllc.com\/#organization","name":"Grupo de abogados Premier","url":"https:\/\/plg-pllc.com\/","logo":{"@type":"ImageObject","inLanguage":"es","@id":"https:\/\/plg-pllc.com\/#\/schema\/logo\/image\/","url":"https:\/\/plg-pllc.com\/wp-content\/uploads\/2020\/10\/plg-logo-v2.gif","contentUrl":"https:\/\/plg-pllc.com\/wp-content\/uploads\/2020\/10\/plg-logo-v2.gif","width":592,"height":191,"caption":"Premier Law Group"},"image":{"@id":"https:\/\/plg-pllc.com\/#\/schema\/logo\/image\/"},"sameAs":["https:\/\/www.facebook.com\/premierlawgroup","https:\/\/x.com\/premierlawgroup"]}]}},"_links":{"self":[{"href":"https:\/\/plg-pllc.com\/es\/wp-json\/wp\/v2\/pages\/15856","targetHints":{"allow":["GET"]}}],"collection":[{"href":"https:\/\/plg-pllc.com\/es\/wp-json\/wp\/v2\/pages"}],"about":[{"href":"https:\/\/plg-pllc.com\/es\/wp-json\/wp\/v2\/types\/page"}],"author":[{"embeddable":true,"href":"https:\/\/plg-pllc.com\/es\/wp-json\/wp\/v2\/users\/2"}],"replies":[{"embeddable":true,"href":"https:\/\/plg-pllc.com\/es\/wp-json\/wp\/v2\/comments?post=15856"}],"version-history":[{"count":0,"href":"https:\/\/plg-pllc.com\/es\/wp-json\/wp\/v2\/pages\/15856\/revisions"}],"up":[{"embeddable":true,"href":"https:\/\/plg-pllc.com\/es\/wp-json\/wp\/v2\/pages\/20714"}],"wp:featuredmedia":[{"embeddable":true,"href":"https:\/\/plg-pllc.com\/es\/wp-json\/wp\/v2\/media\/15858"}],"wp:attachment":[{"href":"https:\/\/plg-pllc.com\/es\/wp-json\/wp\/v2\/media?parent=15856"}],"wp:term":[{"taxonomy":"hc_faqs","embeddable":true,"href":"https:\/\/plg-pllc.com\/es\/wp-json\/wp\/v2\/hc_faqs?post=15856"}],"curies":[{"name":"gracias","href":"https:\/\/api.w.org\/{rel}","templated":true}]}}