{"id":15903,"date":"2017-08-23T07:38:29","date_gmt":"2017-08-23T14:38:29","guid":{"rendered":"https:\/\/plgpllc.wpengine.com\/?post_type=faqs&#038;p=15903"},"modified":"2024-11-07T04:12:14","modified_gmt":"2024-11-07T12:12:14","slug":"hit-vehicle-crosswalk-settlement","status":"publish","type":"page","link":"https:\/\/plg-pllc.com\/es\/faqs\/what-if-hit-vehicle-crosswalk\/","title":{"rendered":"Un veh\u00edculo me choc\u00f3 mientras estaba en un cruce de peatones. \u00bfQu\u00e9 deber\u00eda poder esperar que cubra mi indemnizaci\u00f3n?"},"content":{"rendered":"<p><script src=\"\/\/fast.wistia.com\/embed\/medias\/ymh2yijohy.jsonp\" async=\"\"><\/script><br \/>\n<script src=\"\/\/fast.wistia.com\/assets\/external\/E-v1.js\" async=\"\"><\/script><\/p>\n<div class=\"wistia_responsive_padding\" style=\"padding: 56.25% 0 0 0; position: relative; margin-top: -30px;\">\n<div class=\"wistia_responsive_wrapper\" style=\"height: 100%; left: 0; position: absolute; top: 0; width: 100%;\">\n<div class=\"wistia_embed wistia_async_ymh2yijohy seo=false videoFoam=true popover=true\" style=\"height: 100%; width: 100%;\"><\/div>\n<\/div>\n<\/div><h2>Transcripci\u00f3n del v\u00eddeo<\/h2>\n<p>Existen un par de diferencias claves entre los accidentes peatonales y otros tipos de accidentes.<\/p>\n<p>En primer lugar, el peat\u00f3n tiene derecho a recuperar la cobertura PIP del veh\u00edculo que lo choc\u00f3. Esto significa que la compa\u00f1\u00eda de seguros de la otra persona pagar\u00e1 sus facturas m\u00e9dicas hasta el monto del l\u00edmite PIP de inmediato. Esto es diferente a otros tipos de casos.<\/p>\n<p>Tambi\u00e9n es importante saber que en los accidentes con peatones no se controla si usted se encontraba o no en un cruce de peatones en el momento del accidente. Existe algo llamado cruce de peatones sin marcar que puede ofrecerle a un peat\u00f3n el mismo nivel de protecci\u00f3n que un cruce de peatones marcado.<\/p>\n<p><img loading=\"lazy\" decoding=\"async\" class=\"alignleft size-thumbnail wp-image-15904\" src=\"https:\/\/plg-pllc.com\/wp-content\/uploads\/2017\/08\/eb30b7072df7013ecd0b470de7444e90fe76e7d51ab515469cf2c1_640_pedestrian-150x150.jpg\" alt=\"peatones en el paso de peatones\" width=\"150\" height=\"150\" \/>Por lo tanto, si usted ha resultado herido como peat\u00f3n, realmente deber\u00eda... <a href=\"https:\/\/plg-pllc.com\/contact-us\/\">Hable con un abogado de lesiones personales<\/a> \u00bfQui\u00e9n puede ayudarle a determinar a qu\u00e9 tipo de seguro tiene derecho y si, de hecho, el accidente es culpa de la otra persona?<\/p>\n\n        <div class=\"rs-content-cta\">\n            <p>Llamar o enviar mensaje de texto <a href=\"tel:+12062851743\">(206) 285-1743<\/a> o complete un formulario de evaluaci\u00f3n de caso gratuito<\/p>\n            <a href=\"https:\/\/plg-pllc.com\/es\/contact-us\/\" title=\"OBTENGA UNA EVALUACI\u00d3N DE CASO GRATUITA\" class=\"btn-global\">OBTENGA UNA EVALUACI\u00d3N DE CASO GRATUITA<\/a>\n                    <picture>\n                            <source srcset=\"https:\/\/plg-pllc.com\/wp-content\/themes\/plg-pllc-redesign\/assets\/app\/img\/cta-thumb.webp\" type=\"image\/webp\"\/>\n                            <img src=\"https:\/\/plg-pllc.com\/wp-content\/themes\/plg-pllc-redesign\/assets\/app\/img\/cta-thumb.png\" alt=\"Grupo de abogados Premier\" title=\"Grupo de abogados Premier\" width=\"245\" height=\"220\" loading=\"auto\" fetchpriority=\"auto\" decoding=\"async\"\/>\n        <\/picture>\n        \n        <\/div>","protected":false},"excerpt":{"rendered":"<p>Transcripci\u00f3n del video Existen un par de diferencias clave entre los accidentes de peatones y otros tipos de accidentes. La primera es que un peat\u00f3n tiene derecho a recuperar la cobertura PIP del autom\u00f3vil que lo choc\u00f3. Eso significa que la compa\u00f1\u00eda de seguros de la otra persona pagar\u00e1 sus facturas m\u00e9dicas hasta el monto del l\u00edmite de PIP...<\/p>","protected":false},"author":2,"featured_media":15904,"parent":20714,"menu_order":0,"comment_status":"closed","ping_status":"closed","template":"","meta":{"_acf_changed":false,"_genesis_hide_title":false,"_genesis_hide_breadcrumbs":false,"_genesis_hide_singular_image":false,"_genesis_hide_footer_widgets":false,"_genesis_custom_body_class":"","_genesis_custom_post_class":"","_genesis_layout":"","footnotes":""},"hc_faqs":[10354],"class_list":{"0":"post-15903","1":"page","2":"type-page","3":"status-publish","4":"has-post-thumbnail","6":"hc_faqs-personal-injury","7":"entry"},"acf":[],"yoast_head":"<!-- This site is optimized with the Yoast SEO plugin v27.2 - https:\/\/yoast.com\/product\/yoast-seo-wordpress\/ -->\n<title>A Vehicle Hit Me While I Was In A Crosswalk. What Should I Be Able To Expect My Settlement To Cover?<\/title>\n<meta name=\"description\" content=\"A Vehicle Hit Me While I Was In A Crosswalk. What Should I Be Able To Expect My Settlement To Cover?: Premier Law Group helps you unlock the full compensation you deserve. No Fee Unless We Win.\" \/>\n<meta name=\"robots\" content=\"index, follow, max-snippet:-1, max-image-preview:large, max-video-preview:-1\" \/>\n<link rel=\"canonical\" href=\"https:\/\/plg-pllc.com\/es\/faqs\/what-if-hit-vehicle-crosswalk\/\" \/>\n<meta property=\"og:locale\" content=\"es_MX\" \/>\n<meta property=\"og:type\" content=\"article\" \/>\n<meta property=\"og:title\" content=\"A Vehicle Hit Me While I Was In A Crosswalk. What Should I Be Able To Expect My Settlement To Cover?\" \/>\n<meta property=\"og:description\" content=\"A Vehicle Hit Me While I Was In A Crosswalk. What Should I Be Able To Expect My Settlement To Cover?: Premier Law Group helps you unlock the full compensation you deserve. No Fee Unless We Win.\" \/>\n<meta property=\"og:url\" content=\"https:\/\/plg-pllc.com\/es\/faqs\/what-if-hit-vehicle-crosswalk\/\" \/>\n<meta property=\"og:site_name\" content=\"Premier Law Group\" \/>\n<meta property=\"article:publisher\" content=\"https:\/\/www.facebook.com\/premierlawgroup\" \/>\n<meta property=\"article:modified_time\" content=\"2024-11-07T12:12:14+00:00\" \/>\n<meta property=\"og:image\" content=\"https:\/\/plg-pllc.com\/wp-content\/uploads\/2017\/08\/eb30b7072df7013ecd0b470de7444e90fe76e7d51ab515469cf2c1_640_pedestrian.jpg\" \/>\n\t<meta property=\"og:image:width\" content=\"640\" \/>\n\t<meta property=\"og:image:height\" content=\"427\" \/>\n\t<meta property=\"og:image:type\" content=\"image\/jpeg\" \/>\n<meta name=\"twitter:card\" content=\"summary_large_image\" \/>\n<meta name=\"twitter:site\" content=\"@premierlawgroup\" \/>\n<meta name=\"twitter:label1\" content=\"Tiempo de lectura\" \/>\n\t<meta name=\"twitter:data1\" content=\"2 minutos\" \/>\n<script type=\"application\/ld+json\" class=\"yoast-schema-graph\">{\"@context\":\"https:\/\/schema.org\",\"@graph\":[{\"@type\":\"WebPage\",\"@id\":\"https:\/\/plg-pllc.com\/faqs\/what-if-hit-vehicle-crosswalk\/\",\"url\":\"https:\/\/plg-pllc.com\/faqs\/what-if-hit-vehicle-crosswalk\/\",\"name\":\"A Vehicle Hit Me While I Was In A Crosswalk. What Should I Be Able To Expect My Settlement To Cover?\",\"isPartOf\":{\"@id\":\"https:\/\/plg-pllc.com\/#website\"},\"primaryImageOfPage\":{\"@id\":\"https:\/\/plg-pllc.com\/faqs\/what-if-hit-vehicle-crosswalk\/#primaryimage\"},\"image\":{\"@id\":\"https:\/\/plg-pllc.com\/faqs\/what-if-hit-vehicle-crosswalk\/#primaryimage\"},\"thumbnailUrl\":\"https:\/\/plg-pllc.com\/wp-content\/uploads\/2017\/08\/eb30b7072df7013ecd0b470de7444e90fe76e7d51ab515469cf2c1_640_pedestrian.jpg\",\"datePublished\":\"2017-08-23T14:38:29+00:00\",\"dateModified\":\"2024-11-07T12:12:14+00:00\",\"description\":\"A Vehicle Hit Me While I Was In A Crosswalk. What Should I Be Able To Expect My Settlement To Cover?: Premier Law Group helps you unlock the full compensation you deserve. No Fee Unless We Win.\",\"breadcrumb\":{\"@id\":\"https:\/\/plg-pllc.com\/faqs\/what-if-hit-vehicle-crosswalk\/#breadcrumb\"},\"inLanguage\":\"es\",\"potentialAction\":[{\"@type\":\"ReadAction\",\"target\":[\"https:\/\/plg-pllc.com\/faqs\/what-if-hit-vehicle-crosswalk\/\"]}]},{\"@type\":\"ImageObject\",\"inLanguage\":\"es\",\"@id\":\"https:\/\/plg-pllc.com\/faqs\/what-if-hit-vehicle-crosswalk\/#primaryimage\",\"url\":\"https:\/\/plg-pllc.com\/wp-content\/uploads\/2017\/08\/eb30b7072df7013ecd0b470de7444e90fe76e7d51ab515469cf2c1_640_pedestrian.jpg\",\"contentUrl\":\"https:\/\/plg-pllc.com\/wp-content\/uploads\/2017\/08\/eb30b7072df7013ecd0b470de7444e90fe76e7d51ab515469cf2c1_640_pedestrian.jpg\",\"width\":640,\"height\":427,\"caption\":\"Bellevue pedestrian accident lawyers\"},{\"@type\":\"BreadcrumbList\",\"@id\":\"https:\/\/plg-pllc.com\/faqs\/what-if-hit-vehicle-crosswalk\/#breadcrumb\",\"itemListElement\":[{\"@type\":\"ListItem\",\"position\":1,\"name\":\"Home\",\"item\":\"https:\/\/plg-pllc.com\/es\/\"},{\"@type\":\"ListItem\",\"position\":2,\"name\":\"FAQs\",\"item\":\"https:\/\/plg-pllc.com\/es\/faqs\/\"},{\"@type\":\"ListItem\",\"position\":3,\"name\":\"A Vehicle Hit Me While I Was In A Crosswalk. What Should I Be Able To Expect My Settlement To Cover?\"}]},{\"@type\":\"WebSite\",\"@id\":\"https:\/\/plg-pllc.com\/#website\",\"url\":\"https:\/\/plg-pllc.com\/\",\"name\":\"Premier Law Group\",\"description\":\"Washington Wrongful Death and Serious Injury Lawyer\",\"publisher\":{\"@id\":\"https:\/\/plg-pllc.com\/#organization\"},\"inLanguage\":\"es\"},{\"@type\":\"Organization\",\"@id\":\"https:\/\/plg-pllc.com\/#organization\",\"name\":\"Premier Law Group\",\"url\":\"https:\/\/plg-pllc.com\/\",\"logo\":{\"@type\":\"ImageObject\",\"inLanguage\":\"es\",\"@id\":\"https:\/\/plg-pllc.com\/#\/schema\/logo\/image\/\",\"url\":\"https:\/\/plg-pllc.com\/wp-content\/uploads\/2020\/10\/plg-logo-v2.gif\",\"contentUrl\":\"https:\/\/plg-pllc.com\/wp-content\/uploads\/2020\/10\/plg-logo-v2.gif\",\"width\":592,\"height\":191,\"caption\":\"Premier Law Group\"},\"image\":{\"@id\":\"https:\/\/plg-pllc.com\/#\/schema\/logo\/image\/\"},\"sameAs\":[\"https:\/\/www.facebook.com\/premierlawgroup\",\"https:\/\/x.com\/premierlawgroup\"]}]}<\/script>\n<!-- \/ Yoast SEO plugin. -->","yoast_head_json":{"title":"Un veh\u00edculo me choc\u00f3 mientras estaba en un cruce de peatones. \u00bfQu\u00e9 deber\u00eda poder esperar que cubra mi indemnizaci\u00f3n?","description":"Un veh\u00edculo me choc\u00f3 mientras estaba en un cruce de peatones. \u00bfQu\u00e9 deber\u00eda poder esperar que cubra mi acuerdo?: Premier Law Group lo ayuda a obtener la compensaci\u00f3n total que se merece. Sin honorarios a menos que ganemos.","robots":{"index":"index","follow":"follow","max-snippet":"max-snippet:-1","max-image-preview":"max-image-preview:large","max-video-preview":"max-video-preview:-1"},"canonical":"https:\/\/plg-pllc.com\/es\/faqs\/what-if-hit-vehicle-crosswalk\/","og_locale":"es_MX","og_type":"article","og_title":"A Vehicle Hit Me While I Was In A Crosswalk. What Should I Be Able To Expect My Settlement To Cover?","og_description":"A Vehicle Hit Me While I Was In A Crosswalk. What Should I Be Able To Expect My Settlement To Cover?: Premier Law Group helps you unlock the full compensation you deserve. No Fee Unless We Win.","og_url":"https:\/\/plg-pllc.com\/es\/faqs\/what-if-hit-vehicle-crosswalk\/","og_site_name":"Premier Law Group","article_publisher":"https:\/\/www.facebook.com\/premierlawgroup","article_modified_time":"2024-11-07T12:12:14+00:00","og_image":[{"width":640,"height":427,"url":"https:\/\/plg-pllc.com\/wp-content\/uploads\/2017\/08\/eb30b7072df7013ecd0b470de7444e90fe76e7d51ab515469cf2c1_640_pedestrian.jpg","type":"image\/jpeg"}],"twitter_card":"summary_large_image","twitter_site":"@premierlawgroup","twitter_misc":{"Tiempo de lectura":"2 minutos"},"schema":{"@context":"https:\/\/schema.org","@graph":[{"@type":"WebPage","@id":"https:\/\/plg-pllc.com\/faqs\/what-if-hit-vehicle-crosswalk\/","url":"https:\/\/plg-pllc.com\/faqs\/what-if-hit-vehicle-crosswalk\/","name":"Un veh\u00edculo me choc\u00f3 mientras estaba en un cruce de peatones. \u00bfQu\u00e9 deber\u00eda poder esperar que cubra mi indemnizaci\u00f3n?","isPartOf":{"@id":"https:\/\/plg-pllc.com\/#website"},"primaryImageOfPage":{"@id":"https:\/\/plg-pllc.com\/faqs\/what-if-hit-vehicle-crosswalk\/#primaryimage"},"image":{"@id":"https:\/\/plg-pllc.com\/faqs\/what-if-hit-vehicle-crosswalk\/#primaryimage"},"thumbnailUrl":"https:\/\/plg-pllc.com\/wp-content\/uploads\/2017\/08\/eb30b7072df7013ecd0b470de7444e90fe76e7d51ab515469cf2c1_640_pedestrian.jpg","datePublished":"2017-08-23T14:38:29+00:00","dateModified":"2024-11-07T12:12:14+00:00","description":"Un veh\u00edculo me choc\u00f3 mientras estaba en un cruce de peatones. \u00bfQu\u00e9 deber\u00eda poder esperar que cubra mi acuerdo?: Premier Law Group lo ayuda a obtener la compensaci\u00f3n total que se merece. Sin honorarios a menos que ganemos.","breadcrumb":{"@id":"https:\/\/plg-pllc.com\/faqs\/what-if-hit-vehicle-crosswalk\/#breadcrumb"},"inLanguage":"es","potentialAction":[{"@type":"ReadAction","target":["https:\/\/plg-pllc.com\/faqs\/what-if-hit-vehicle-crosswalk\/"]}]},{"@type":"ImageObject","inLanguage":"es","@id":"https:\/\/plg-pllc.com\/faqs\/what-if-hit-vehicle-crosswalk\/#primaryimage","url":"https:\/\/plg-pllc.com\/wp-content\/uploads\/2017\/08\/eb30b7072df7013ecd0b470de7444e90fe76e7d51ab515469cf2c1_640_pedestrian.jpg","contentUrl":"https:\/\/plg-pllc.com\/wp-content\/uploads\/2017\/08\/eb30b7072df7013ecd0b470de7444e90fe76e7d51ab515469cf2c1_640_pedestrian.jpg","width":640,"height":427,"caption":"Bellevue pedestrian accident lawyers"},{"@type":"BreadcrumbList","@id":"https:\/\/plg-pllc.com\/faqs\/what-if-hit-vehicle-crosswalk\/#breadcrumb","itemListElement":[{"@type":"ListItem","position":1,"name":"Home","item":"https:\/\/plg-pllc.com\/es\/"},{"@type":"ListItem","position":2,"name":"FAQs","item":"https:\/\/plg-pllc.com\/es\/faqs\/"},{"@type":"ListItem","position":3,"name":"A Vehicle Hit Me While I Was In A Crosswalk. What Should I Be Able To Expect My Settlement To Cover?"}]},{"@type":"WebSite","@id":"https:\/\/plg-pllc.com\/#website","url":"https:\/\/plg-pllc.com\/","name":"Grupo de abogados Premier","description":"Abogado de muerte por negligencia y lesiones graves en Washington","publisher":{"@id":"https:\/\/plg-pllc.com\/#organization"},"inLanguage":"es"},{"@type":"Organization","@id":"https:\/\/plg-pllc.com\/#organization","name":"Grupo de abogados Premier","url":"https:\/\/plg-pllc.com\/","logo":{"@type":"ImageObject","inLanguage":"es","@id":"https:\/\/plg-pllc.com\/#\/schema\/logo\/image\/","url":"https:\/\/plg-pllc.com\/wp-content\/uploads\/2020\/10\/plg-logo-v2.gif","contentUrl":"https:\/\/plg-pllc.com\/wp-content\/uploads\/2020\/10\/plg-logo-v2.gif","width":592,"height":191,"caption":"Premier Law Group"},"image":{"@id":"https:\/\/plg-pllc.com\/#\/schema\/logo\/image\/"},"sameAs":["https:\/\/www.facebook.com\/premierlawgroup","https:\/\/x.com\/premierlawgroup"]}]}},"_links":{"self":[{"href":"https:\/\/plg-pllc.com\/es\/wp-json\/wp\/v2\/pages\/15903","targetHints":{"allow":["GET"]}}],"collection":[{"href":"https:\/\/plg-pllc.com\/es\/wp-json\/wp\/v2\/pages"}],"about":[{"href":"https:\/\/plg-pllc.com\/es\/wp-json\/wp\/v2\/types\/page"}],"author":[{"embeddable":true,"href":"https:\/\/plg-pllc.com\/es\/wp-json\/wp\/v2\/users\/2"}],"replies":[{"embeddable":true,"href":"https:\/\/plg-pllc.com\/es\/wp-json\/wp\/v2\/comments?post=15903"}],"version-history":[{"count":0,"href":"https:\/\/plg-pllc.com\/es\/wp-json\/wp\/v2\/pages\/15903\/revisions"}],"up":[{"embeddable":true,"href":"https:\/\/plg-pllc.com\/es\/wp-json\/wp\/v2\/pages\/20714"}],"wp:featuredmedia":[{"embeddable":true,"href":"https:\/\/plg-pllc.com\/es\/wp-json\/wp\/v2\/media\/15904"}],"wp:attachment":[{"href":"https:\/\/plg-pllc.com\/es\/wp-json\/wp\/v2\/media?parent=15903"}],"wp:term":[{"taxonomy":"hc_faqs","embeddable":true,"href":"https:\/\/plg-pllc.com\/es\/wp-json\/wp\/v2\/hc_faqs?post=15903"}],"curies":[{"name":"gracias","href":"https:\/\/api.w.org\/{rel}","templated":true}]}}