{"id":16147,"date":"2018-03-05T15:31:41","date_gmt":"2018-03-05T23:31:41","guid":{"rendered":"https:\/\/plg-pllc.com\/?page_id=16147"},"modified":"2024-11-07T04:15:04","modified_gmt":"2024-11-07T12:15:04","slug":"plg-teacher-of-the-month","status":"publish","type":"page","link":"https:\/\/plg-pllc.com\/es\/community-service\/teacher-of-the-month\/","title":{"rendered":"Profesor del mes de Premier Law Group"},"content":{"rendered":"<h2 class=\"wp-block-heading\">Nomine a un educador para el programa Maestro del mes de Premier Law Group<\/h2>\r\n\r\n\r\n\r\n<p>\u00bfConoce a un maestro incre\u00edble en el condado de King, Washington, que haya hecho todo lo posible para tener un impacto positivo en la vida de sus estudiantes? Premier Law Group quiere reconocer a estos maestros con nuestro <em><strong>Maestro del mes<\/strong><\/em> \u00a1programa!<\/p>\r\n<h3>\u00a1Presentamos el programa Maestro del Mes de Premier Law Group!<\/h3>\r\n<p>En Premier Law Group, estamos orgullosos de celebrar el arduo trabajo de nuestros educadores locales. <em><strong>Maestro del mes<\/strong><\/em> El programa nos permite honrar a aquellos maestros que han tenido un impacto duradero en la vida de sus estudiantes.<\/p>\r\n<p>Cada mes, revisaremos las nominaciones presentadas y seleccionaremos a un educador del condado de King, WA, para que aparezca en el sitio web y los canales de redes sociales de nuestro bufete de abogados. Premier Law Group tambi\u00e9n donar\u00e1 <strong>$150 d\u00f3lares<\/strong> al aula de profesores para que puedan seguir haciendo una diferencia en la educaci\u00f3n de sus estudiantes.<\/p>\r\n<h3>C\u00f3mo puedes nominar a tu profesor<\/h3>\r\n<p>Aceptamos nominaciones de cualquier persona: estudiantes, padres, familiares, amigos o incluso otros profesores. <strong>Todo lo que necesitas hacer es enviar una nominaci\u00f3n utilizando el formulario a continuaci\u00f3n.<\/strong> Explique por qu\u00e9 su candidato deber\u00eda ser seleccionado como <em><strong>Maestro del mes<\/strong><\/em>\u00a1Y nuestro equipo revisar\u00e1 todas las presentaciones y seleccionar\u00e1 un ganador!<\/p>\r\n<p><strong>\u00a1Tambi\u00e9n puedes nominar a tu profesor favorito y obtener recompensas!<\/strong> Premier Law Group le enviar\u00e1 una tarjeta de regalo de Amazon $25 como agradecimiento adicional a cualquier persona que nomine al candidato seleccionado. <em><strong>Maestro del mes<\/strong><\/em>.<\/p>\r\n<h3>Nos preocupamos por nuestros educadores<\/h3>\r\n<p>Premier Law Group se compromete a apoyar a los l\u00edderes de nuestra comunidad local. Creemos que los maestros tienen un impacto duradero en la vida de sus estudiantes y, a menudo, son los h\u00e9roes an\u00f3nimos de nuestro sistema educativo. Por eso creamos el <em><strong>Maestro del mes<\/strong><\/em> Programa para honrar a aquellos maestros que se esfuerzan al m\u00e1ximo por sus alumnos. A trav\u00e9s de este programa, esperamos mostrar nuestro agradecimiento a estos educadores al reconocerlos p\u00fablicamente y brindar apoyo financiero para sus aulas.<\/p>\r\n<h2 style=\"text-align: center;\">\u00a1Nomina a tu profesor favorito con el formulario a continuaci\u00f3n!<\/h2>\r\n\r\n<div class=\"standard-form content\">\r\n<div class=\"lead-form\">\n<div class=\"wpcf7 no-js\" id=\"wpcf7-f20604-o1\" lang=\"en\" dir=\"ltr\" data-wpcf7-id=\"20604\">\n<div class=\"screen-reader-response\"><p role=\"status\" aria-live=\"polite\" aria-atomic=\"true\"><\/p> <ul><\/ul><\/div>\n<form action=\"\/es\/wp-json\/wp\/v2\/pages\/16147#wpcf7-f20604-o1\" method=\"post\" class=\"wpcf7-form init\" aria-label=\"Formulario de contacto\" novalidate=\"novalidate\" data-status=\"init\" data-trp-original-action=\"\/es\/wp-json\/wp\/v2\/pages\/16147#wpcf7-f20604-o1\">\n<fieldset class=\"hidden-fields-container\"><input type=\"hidden\" name=\"_wpcf7\" value=\"20604\" \/><input type=\"hidden\" name=\"_wpcf7_version\" value=\"6.1.5\" \/><input type=\"hidden\" name=\"_wpcf7_locale\" value=\"en\" \/><input type=\"hidden\" name=\"_wpcf7_unit_tag\" value=\"wpcf7-f20604-o1\" \/><input type=\"hidden\" name=\"_wpcf7_container_post\" value=\"0\" \/><input type=\"hidden\" name=\"_wpcf7_posted_data_hash\" value=\"\" \/><input type=\"hidden\" name=\"conversion_url\" value=\"\" \/><input type=\"hidden\" name=\"landing_url\" value=\"\" \/><input type=\"hidden\" name=\"referrer_url\" value=\"\" \/><input type=\"hidden\" name=\"utm_source\" value=\"\" \/><input type=\"hidden\" name=\"utm_medium\" value=\"\" \/><input type=\"hidden\" name=\"utm_campaign\" value=\"\" \/><input type=\"hidden\" name=\"_wpcf7_recaptcha_response\" value=\"\" \/>\n<\/fieldset>\n<div class=\"standard-form-head\">\n            <h3>Nominar a un profesor<\/h3>\n        <\/div>\n<div class=\"row\">\n        <div class=\"col-12\">\n            <label>\n                <span class=\"wpcf7-form-control-wrap\" data-name=\"fullName\"><input size=\"40\" maxlength=\"400\" class=\"wpcf7-form-control wpcf7-text wpcf7-validates-as-required\" aria-required=\"true\" aria-invalid=\"false\" placeholder=\"Nombre completo*\" value=\"\" type=\"text\" name=\"fullName\" \/><\/span>\n            <\/label>\n        <\/div>\n        <div class=\"col-12\">\n            <label>\n                <span class=\"wpcf7-form-control-wrap\" data-name=\"email\"><input size=\"40\" maxlength=\"400\" class=\"wpcf7-form-control wpcf7-email wpcf7-validates-as-required wpcf7-text wpcf7-validates-as-email\" aria-required=\"true\" aria-invalid=\"false\" placeholder=\"Correo electr\u00f3nico*\" value=\"\" type=\"email\" name=\"email\" \/><\/span>\n            <\/label>\n        <\/div>\n        <div class=\"col-12\">\n            <label>\n                <span class=\"wpcf7-form-control-wrap\" data-name=\"teachersName\"><input size=\"40\" maxlength=\"400\" class=\"wpcf7-form-control wpcf7-text\" aria-invalid=\"false\" placeholder=\"Nombre del profesor\" value=\"\" type=\"text\" name=\"teachersName\" \/><\/span>\n            <\/label>\n        <\/div>\n        <div class=\"col-12\">\n            <label>\n                <span class=\"wpcf7-form-control-wrap\" data-name=\"teachersSchool\"><input size=\"40\" maxlength=\"400\" class=\"wpcf7-form-control wpcf7-text\" aria-invalid=\"false\" placeholder=\"Escuela de maestros\" value=\"\" type=\"text\" name=\"teachersSchool\" \/><\/span>\n            <\/label>\n        <\/div>\n        <div class=\"col-12\">\n            <label>\n                <span class=\"wpcf7-form-control-wrap\" data-name=\"message\"><textarea cols=\"40\" rows=\"10\" maxlength=\"2000\" class=\"wpcf7-form-control wpcf7-textarea\" aria-invalid=\"false\" placeholder=\"\u00bfPor qu\u00e9 nominan a este profesor?\" name=\"message\"><\/textarea><\/span>\n            <\/label>\n        <\/div>\n        <div class=\"col-12\">\n            <div class=\"submit\">\n                <input class=\"wpcf7-form-control wpcf7-submit has-spinner btn-global\" type=\"submit\" value=\"Entregar\" \/>\n            <\/div>\n        <\/div>\n    <\/div>\n<input class=\"wpcf7-form-control wpcf7-hidden\" value=\"\" type=\"hidden\" name=\"conversion_url\" \/>\n<input class=\"wpcf7-form-control wpcf7-hidden\" value=\"\" type=\"hidden\" name=\"landing_url\" \/>\n<input class=\"wpcf7-form-control wpcf7-hidden\" value=\"\" type=\"hidden\" name=\"referrer_url\" \/>\n<input class=\"wpcf7-form-control wpcf7-hidden\" value=\"\" type=\"hidden\" name=\"utm_source\" \/>\n<input class=\"wpcf7-form-control wpcf7-hidden\" value=\"\" type=\"hidden\" name=\"utm_medium\" \/>\n<input class=\"wpcf7-form-control wpcf7-hidden\" value=\"\" type=\"hidden\" name=\"utm_campaign\" \/><p style=\"display: none !important;\" class=\"akismet-fields-container\" data-prefix=\"_wpcf7_ak_\"><label>\u0394<textarea name=\"_wpcf7_ak_hp_textarea\" cols=\"45\" rows=\"8\" maxlength=\"100\"><\/textarea><\/label><input type=\"hidden\" id=\"ak_js_1\" name=\"_wpcf7_ak_js\" value=\"119\"\/><script>document.getElementById( \"ak_js_1\" ).setAttribute( \"value\", ( new Date() ).getTime() );<\/script><\/p><div class=\"wpcf7-response-output\" aria-hidden=\"true\"><\/div>\n<input type=\"hidden\" name=\"trp-form-language\" value=\"es\"\/><\/form>\n<\/div>\n<\/div>\r\n<\/div>\r\n\r\n<section class=\"current-teacher bg-subtle p-40 m-top-50\">\r\n<h2 class=\"text-center\">MAESTRO DEL MES<\/h2>\r\n<p class=\"text-center brand-blue\">Ganadores recientes<\/p>\r\n<div class=\"grid-x grid-margin-x\">\r\n<div class=\"cell small-12 medium-6\">\r\n<p><script src=\"https:\/\/fast.wistia.com\/embed\/medias\/i7qmzak8go.jsonp\" async=\"\"><\/script><script src=\"https:\/\/fast.wistia.com\/assets\/external\/E-v1.js\" async=\"\"><\/script><\/p>\r\n<div class=\"wistia_responsive_padding\" style=\"padding: 56.25% 0 0 0; position: relative;\">\r\n<div class=\"wistia_responsive_wrapper\" style=\"height: 100%; left: 0; position: absolute; top: 0; width: 100%;\"><span class=\"wistia_embed wistia_async_i7qmzak8go popover=true popoverAnimateThumbnail=true videoFoam=true\" style=\"display: inline-block; height: 100%; position: relative; width: 100%;\">\u00a0<\/span><\/div>\r\n<\/div>\r\n<\/div>\r\n<div class=\"cell small-12 medium-6\">\r\n<p>Los profesores ser\u00e1n seleccionados de forma continua y se entregar\u00e1 un premio cada mes durante el a\u00f1o escolar. Premier Law Group coordinar\u00e1 el premio monetario a trav\u00e9s de la escuela y los ganadores ser\u00e1n destacados y anunciados en el blog de la firma.<\/p>\r\n<p>Agradecemos sus nominaciones y esperamos compartir sus incre\u00edbles historias.<\/p>\r\n<\/div>\r\n<\/div>\r\n<\/section>\r\n\r\n\r\n\r\n<figure class=\"wp-block-gallery has-nested-images columns-3 is-cropped wp-block-gallery-1 is-layout-flex wp-block-gallery-is-layout-flex\">\r\n<figure class=\"wp-block-image size-large\"><img loading=\"lazy\" decoding=\"async\" width=\"600\" height=\"426\" data-id=\"16294\" class=\"wp-image-16294\" src=\"https:\/\/plg-pllc.com\/wp-content\/uploads\/2018\/08\/totm5-2-1.jpg\" alt=\"El ayudante del mes\" srcset=\"https:\/\/plg-pllc.com\/wp-content\/uploads\/2018\/08\/totm5-2-1.jpg 600w, https:\/\/plg-pllc.com\/wp-content\/uploads\/2018\/08\/totm5-2-1-300x213.jpg 300w\" sizes=\"auto, (max-width: 600px) 100vw, 600px\" \/><\/figure>\r\n\r\n\r\n\r\n<figure class=\"wp-block-image size-large\"><img loading=\"lazy\" decoding=\"async\" width=\"800\" height=\"600\" data-id=\"16295\" class=\"wp-image-16295\" src=\"https:\/\/plg-pllc.com\/wp-content\/uploads\/2018\/08\/totm5-1.jpg\" alt=\"Maestro del mes\" srcset=\"https:\/\/plg-pllc.com\/wp-content\/uploads\/2018\/08\/totm5-1.jpg 800w, https:\/\/plg-pllc.com\/wp-content\/uploads\/2018\/08\/totm5-1-640x480.jpg 640w, https:\/\/plg-pllc.com\/wp-content\/uploads\/2018\/08\/totm5-1-300x225.jpg 300w, https:\/\/plg-pllc.com\/wp-content\/uploads\/2018\/08\/totm5-1-768x576.jpg 768w\" sizes=\"auto, (max-width: 800px) 100vw, 800px\" \/><\/figure>\r\n\r\n\r\n\r\n<figure class=\"wp-block-image size-large\"><img loading=\"lazy\" decoding=\"async\" width=\"600\" height=\"800\" data-id=\"16359\" class=\"wp-image-16359\" src=\"https:\/\/plg-pllc.com\/wp-content\/uploads\/2018\/10\/teacher-month-jason-1.jpg\" alt=\"Jason entregando el premio al maestro\" srcset=\"https:\/\/plg-pllc.com\/wp-content\/uploads\/2018\/10\/teacher-month-jason-1.jpg 600w, https:\/\/plg-pllc.com\/wp-content\/uploads\/2018\/10\/teacher-month-jason-1-225x300.jpg 225w\" sizes=\"auto, (max-width: 600px) 100vw, 600px\" \/><\/figure>\r\n<\/figure>\r\n\r\n\r\n\r\n<section class=\"section-small\">\r\n<h2>\u00bfPor qu\u00e9 empezamos? <em><strong>Maestro del mes<\/strong><\/em> Programa<\/h2>\r\n<p>El <em><strong>Maestro del mes<\/strong><\/em> El programa se inici\u00f3 como parte de nuestro compromiso permanente de mejorar nuestra comunidad. Sabemos lo duro que trabajan los maestros y el incre\u00edble impacto que un maestro puede tener en las vidas de sus estudiantes. Tambi\u00e9n sabemos que los presupuestos son ajustados y que los maestros a menudo pagan de su bolsillo los suministros y art\u00edculos necesarios. Este programa est\u00e1 dise\u00f1ado para brindarles a algunos maestros merecedores una peque\u00f1a contribuci\u00f3n a sus clases y tambi\u00e9n para destacar el excelente trabajo que est\u00e1n haciendo en nuestras escuelas.<\/p>\r\n<\/section>\r\n\r\n\r\n\r\n<section class=\"teacher-winners\">\r\n<h2>M\u00e1s ganadores del premio Maestro del Mes<\/h2>\r\n<div class=\"row\">\r\n<div class=\"col-lg-6 mb-4\"><script src=\"https:\/\/fast.wistia.com\/embed\/medias\/e6ytswdacw.jsonp\" async=\"\"><\/script><script src=\"https:\/\/fast.wistia.com\/assets\/external\/E-v1.js\" async=\"\"><\/script>\r\n<div class=\"wistia_responsive_padding\" style=\"padding: 56.25% 0 0 0; position: relative;\">\r\n<div class=\"wistia_responsive_wrapper\" style=\"height: 100%; left: 0; position: absolute; top: 0; width: 100%;\"><span class=\"wistia_embed wistia_async_e6ytswdacw popover=true popoverAnimateThumbnail=true videoFoam=true\" style=\"display: inline-block; height: 100%; position: relative; width: 100%;\">\u00a0<\/span><\/div>\r\n<\/div>\r\n<div class=\"teacher-winners_desc\">\r\n<h4 class=\"brand-red\">David Newton<\/h4>\r\nEscuela secundaria Risdon <a href=\"https:\/\/plg-pllc.com\/about-us\/\">Historia completa<\/a><\/div>\r\n<\/div>\r\n<div class=\"col-lg-6 mb-4\"><script src=\"https:\/\/fast.wistia.com\/embed\/medias\/i7qmzak8go.jsonp\" async=\"\"><\/script><script src=\"https:\/\/fast.wistia.com\/assets\/external\/E-v1.js\" async=\"\"><\/script>\r\n<div class=\"wistia_responsive_padding\" style=\"padding: 56.25% 0 0 0; position: relative;\">\r\n<div class=\"wistia_responsive_wrapper\" style=\"height: 100%; left: 0; position: absolute; top: 0; width: 100%;\"><span class=\"wistia_embed wistia_async_i7qmzak8go popover=true popoverAnimateThumbnail=true videoFoam=true\" style=\"display: inline-block; height: 100%; position: relative; width: 100%;\">\u00a0<\/span><\/div>\r\n<\/div>\r\n<div class=\"teacher-winners_desc\">\r\n<h4 class=\"brand-red\">Natalia Schr\u00f6der<\/h4>\r\nEscuela secundaria Hazen <a href=\"https:\/\/plg-pllc.com\/community-service\/teacher-of-the-month\/\">Historia completa<\/a><\/div>\r\n<\/div>\r\n<div class=\"col-lg-6 mb-4\"><script src=\"https:\/\/fast.wistia.com\/embed\/medias\/g9ql61n05m.jsonp\" async=\"\"><\/script><script src=\"https:\/\/fast.wistia.com\/assets\/external\/E-v1.js\" async=\"\"><\/script>\r\n<div class=\"wistia_responsive_padding\" style=\"padding: 56.25% 0 0 0; position: relative;\">\r\n<div class=\"wistia_responsive_wrapper\" style=\"height: 100%; left: 0; position: absolute; top: 0; width: 100%;\"><span class=\"wistia_embed wistia_async_g9ql61n05m popover=true popoverAnimateThumbnail=true videoFoam=true\" style=\"display: inline-block; height: 100%; position: relative; width: 100%;\">\u00a0<\/span><\/div>\r\n<\/div>\r\n<div class=\"teacher-winners_desc\">\r\n<h4 class=\"brand-red\">Thomas Coraggio<\/h4>\r\nHistoria completa de la escuela secundaria Mount Rainier<\/div>\r\n<\/div>\r\n<div class=\"col-lg-6 mb-4\"><script src=\"https:\/\/fast.wistia.com\/embed\/medias\/6y4lw1zt6p.jsonp\" async=\"\"><\/script><script src=\"https:\/\/fast.wistia.com\/assets\/external\/E-v1.js\" async=\"\"><\/script>\r\n<div class=\"wistia_responsive_padding\" style=\"padding: 56.25% 0 0 0; position: relative;\">\r\n<div class=\"wistia_responsive_wrapper\" style=\"height: 100%; left: 0; position: absolute; top: 0; width: 100%;\"><span class=\"wistia_embed wistia_async_6y4lw1zt6p popover=true popoverAnimateThumbnail=true videoFoam=true\" style=\"display: inline-block; height: 100%; position: relative; width: 100%;\">\u00a0<\/span><\/div>\r\n<\/div>\r\n<div class=\"teacher-winners_desc\">\r\n<h4 class=\"brand-red\">Marianne Null<\/h4>\r\nEscuela secundaria Issaquah<\/div>\r\n<\/div>\r\n<\/div>\r\n<\/section>","protected":false},"excerpt":{"rendered":"<p>Nomine a un educador para el programa Maestro del mes de Premier Law Group \u00bfConoce a un maestro incre\u00edble en el condado de King, Washington, que haya hecho todo lo posible para generar un impacto positivo en la vida de sus estudiantes? \u00a1Premier Law Group quiere reconocer a estos maestros con nuestro programa Maestro del mes! Presentamos a Premier Law Group \u2026<\/p>","protected":false},"author":10,"featured_media":16148,"parent":17949,"menu_order":20,"comment_status":"closed","ping_status":"closed","template":"","meta":{"_acf_changed":false,"_genesis_hide_title":false,"_genesis_hide_breadcrumbs":false,"_genesis_hide_singular_image":false,"_genesis_hide_footer_widgets":false,"_genesis_custom_body_class":"","_genesis_custom_post_class":"","_genesis_layout":"","footnotes":""},"hc_faqs":[],"class_list":{"0":"post-16147","1":"page","2":"type-page","3":"status-publish","4":"has-post-thumbnail","6":"entry"},"acf":[],"yoast_head":"<!-- This site is optimized with the Yoast SEO plugin v27.2 - https:\/\/yoast.com\/product\/yoast-seo-wordpress\/ -->\n<title>Premier Law Group&#039;s Teacher of the Month<\/title>\n<meta name=\"description\" content=\"Premier Law Group&#039;s Teacher of the Month: Premier Law Group helps you unlock the full compensation you deserve. No Fee Unless We Win.\" \/>\n<meta name=\"robots\" content=\"index, follow, max-snippet:-1, max-image-preview:large, max-video-preview:-1\" \/>\n<link rel=\"canonical\" href=\"https:\/\/plg-pllc.com\/es\/community-service\/teacher-of-the-month\/\" \/>\n<meta property=\"og:locale\" content=\"es_MX\" \/>\n<meta property=\"og:type\" content=\"article\" \/>\n<meta property=\"og:title\" content=\"Premier Law Group&#039;s Teacher of the Month\" \/>\n<meta property=\"og:description\" content=\"Premier Law Group&#039;s Teacher of the Month: Premier Law Group helps you unlock the full compensation you deserve. No Fee Unless We Win.\" \/>\n<meta property=\"og:url\" content=\"https:\/\/plg-pllc.com\/es\/community-service\/teacher-of-the-month\/\" \/>\n<meta property=\"og:site_name\" content=\"Premier Law Group\" \/>\n<meta property=\"article:publisher\" content=\"https:\/\/www.facebook.com\/premierlawgroup\" \/>\n<meta property=\"article:modified_time\" content=\"2024-11-07T12:15:04+00:00\" \/>\n<meta property=\"og:image\" content=\"https:\/\/plg-pllc.com\/wp-content\/uploads\/2018\/03\/header.jpg\" \/>\n\t<meta property=\"og:image:width\" content=\"1920\" \/>\n\t<meta property=\"og:image:height\" content=\"610\" \/>\n\t<meta property=\"og:image:type\" content=\"image\/jpeg\" \/>\n<meta name=\"twitter:card\" content=\"summary_large_image\" \/>\n<meta name=\"twitter:site\" content=\"@premierlawgroup\" \/>\n<meta name=\"twitter:label1\" content=\"Tiempo de lectura\" \/>\n\t<meta name=\"twitter:data1\" content=\"4 minutos\" \/>\n<script type=\"application\/ld+json\" class=\"yoast-schema-graph\">{\"@context\":\"https:\/\/schema.org\",\"@graph\":[{\"@type\":\"WebPage\",\"@id\":\"https:\/\/plg-pllc.com\/community-service\/teacher-of-the-month\/\",\"url\":\"https:\/\/plg-pllc.com\/community-service\/teacher-of-the-month\/\",\"name\":\"Premier Law Group's Teacher of the Month\",\"isPartOf\":{\"@id\":\"https:\/\/plg-pllc.com\/#website\"},\"primaryImageOfPage\":{\"@id\":\"https:\/\/plg-pllc.com\/community-service\/teacher-of-the-month\/#primaryimage\"},\"image\":{\"@id\":\"https:\/\/plg-pllc.com\/community-service\/teacher-of-the-month\/#primaryimage\"},\"thumbnailUrl\":\"https:\/\/plg-pllc.com\/wp-content\/uploads\/2018\/03\/header.jpg\",\"datePublished\":\"2018-03-05T23:31:41+00:00\",\"dateModified\":\"2024-11-07T12:15:04+00:00\",\"description\":\"Premier Law Group's Teacher of the Month: Premier Law Group helps you unlock the full compensation you deserve. No Fee Unless We Win.\",\"breadcrumb\":{\"@id\":\"https:\/\/plg-pllc.com\/community-service\/teacher-of-the-month\/#breadcrumb\"},\"inLanguage\":\"es\",\"potentialAction\":[{\"@type\":\"ReadAction\",\"target\":[\"https:\/\/plg-pllc.com\/community-service\/teacher-of-the-month\/\"]}]},{\"@type\":\"ImageObject\",\"inLanguage\":\"es\",\"@id\":\"https:\/\/plg-pllc.com\/community-service\/teacher-of-the-month\/#primaryimage\",\"url\":\"https:\/\/plg-pllc.com\/wp-content\/uploads\/2018\/03\/header.jpg\",\"contentUrl\":\"https:\/\/plg-pllc.com\/wp-content\/uploads\/2018\/03\/header.jpg\",\"width\":1920,\"height\":610,\"caption\":\"PLG Teacher of the Month\"},{\"@type\":\"BreadcrumbList\",\"@id\":\"https:\/\/plg-pllc.com\/community-service\/teacher-of-the-month\/#breadcrumb\",\"itemListElement\":[{\"@type\":\"ListItem\",\"position\":1,\"name\":\"Home\",\"item\":\"https:\/\/plg-pllc.com\/es\/\"},{\"@type\":\"ListItem\",\"position\":2,\"name\":\"About Us\",\"item\":\"https:\/\/plg-pllc.com\/es\/about-us\/\"},{\"@type\":\"ListItem\",\"position\":3,\"name\":\"How Premier Law Group Gives Back\",\"item\":\"https:\/\/plg-pllc.com\/es\/community-service\/\"},{\"@type\":\"ListItem\",\"position\":4,\"name\":\"Premier Law Group&#8217;s Teacher of the Month\"}]},{\"@type\":\"WebSite\",\"@id\":\"https:\/\/plg-pllc.com\/#website\",\"url\":\"https:\/\/plg-pllc.com\/\",\"name\":\"Premier Law Group\",\"description\":\"Washington Wrongful Death and Serious Injury Lawyer\",\"publisher\":{\"@id\":\"https:\/\/plg-pllc.com\/#organization\"},\"inLanguage\":\"es\"},{\"@type\":\"Organization\",\"@id\":\"https:\/\/plg-pllc.com\/#organization\",\"name\":\"Premier Law Group\",\"url\":\"https:\/\/plg-pllc.com\/\",\"logo\":{\"@type\":\"ImageObject\",\"inLanguage\":\"es\",\"@id\":\"https:\/\/plg-pllc.com\/#\/schema\/logo\/image\/\",\"url\":\"https:\/\/plg-pllc.com\/wp-content\/uploads\/2020\/10\/plg-logo-v2.gif\",\"contentUrl\":\"https:\/\/plg-pllc.com\/wp-content\/uploads\/2020\/10\/plg-logo-v2.gif\",\"width\":592,\"height\":191,\"caption\":\"Premier Law Group\"},\"image\":{\"@id\":\"https:\/\/plg-pllc.com\/#\/schema\/logo\/image\/\"},\"sameAs\":[\"https:\/\/www.facebook.com\/premierlawgroup\",\"https:\/\/x.com\/premierlawgroup\"]}]}<\/script>\n<!-- \/ Yoast SEO plugin. -->","yoast_head_json":{"title":"Profesor del mes de Premier Law Group","description":"Profesor del mes de Premier Law Group: Premier Law Group le ayuda a obtener la compensaci\u00f3n total que merece. Sin honorarios a menos que ganemos.","robots":{"index":"index","follow":"follow","max-snippet":"max-snippet:-1","max-image-preview":"max-image-preview:large","max-video-preview":"max-video-preview:-1"},"canonical":"https:\/\/plg-pllc.com\/es\/community-service\/teacher-of-the-month\/","og_locale":"es_MX","og_type":"article","og_title":"Premier Law Group's Teacher of the Month","og_description":"Premier Law Group's Teacher of the Month: Premier Law Group helps you unlock the full compensation you deserve. No Fee Unless We Win.","og_url":"https:\/\/plg-pllc.com\/es\/community-service\/teacher-of-the-month\/","og_site_name":"Premier Law Group","article_publisher":"https:\/\/www.facebook.com\/premierlawgroup","article_modified_time":"2024-11-07T12:15:04+00:00","og_image":[{"width":1920,"height":610,"url":"https:\/\/plg-pllc.com\/wp-content\/uploads\/2018\/03\/header.jpg","type":"image\/jpeg"}],"twitter_card":"summary_large_image","twitter_site":"@premierlawgroup","twitter_misc":{"Tiempo de lectura":"4 minutos"},"schema":{"@context":"https:\/\/schema.org","@graph":[{"@type":"WebPage","@id":"https:\/\/plg-pllc.com\/community-service\/teacher-of-the-month\/","url":"https:\/\/plg-pllc.com\/community-service\/teacher-of-the-month\/","name":"Profesor del mes de Premier Law Group","isPartOf":{"@id":"https:\/\/plg-pllc.com\/#website"},"primaryImageOfPage":{"@id":"https:\/\/plg-pllc.com\/community-service\/teacher-of-the-month\/#primaryimage"},"image":{"@id":"https:\/\/plg-pllc.com\/community-service\/teacher-of-the-month\/#primaryimage"},"thumbnailUrl":"https:\/\/plg-pllc.com\/wp-content\/uploads\/2018\/03\/header.jpg","datePublished":"2018-03-05T23:31:41+00:00","dateModified":"2024-11-07T12:15:04+00:00","description":"Profesor del mes de Premier Law Group: Premier Law Group le ayuda a obtener la compensaci\u00f3n total que merece. Sin honorarios a menos que ganemos.","breadcrumb":{"@id":"https:\/\/plg-pllc.com\/community-service\/teacher-of-the-month\/#breadcrumb"},"inLanguage":"es","potentialAction":[{"@type":"ReadAction","target":["https:\/\/plg-pllc.com\/community-service\/teacher-of-the-month\/"]}]},{"@type":"ImageObject","inLanguage":"es","@id":"https:\/\/plg-pllc.com\/community-service\/teacher-of-the-month\/#primaryimage","url":"https:\/\/plg-pllc.com\/wp-content\/uploads\/2018\/03\/header.jpg","contentUrl":"https:\/\/plg-pllc.com\/wp-content\/uploads\/2018\/03\/header.jpg","width":1920,"height":610,"caption":"PLG Teacher of the Month"},{"@type":"BreadcrumbList","@id":"https:\/\/plg-pllc.com\/community-service\/teacher-of-the-month\/#breadcrumb","itemListElement":[{"@type":"ListItem","position":1,"name":"Home","item":"https:\/\/plg-pllc.com\/es\/"},{"@type":"ListItem","position":2,"name":"About Us","item":"https:\/\/plg-pllc.com\/es\/about-us\/"},{"@type":"ListItem","position":3,"name":"How Premier Law Group Gives Back","item":"https:\/\/plg-pllc.com\/es\/community-service\/"},{"@type":"ListItem","position":4,"name":"Premier Law Group&#8217;s Teacher of the Month"}]},{"@type":"WebSite","@id":"https:\/\/plg-pllc.com\/#website","url":"https:\/\/plg-pllc.com\/","name":"Grupo de abogados Premier","description":"Abogado de muerte por negligencia y lesiones graves en Washington","publisher":{"@id":"https:\/\/plg-pllc.com\/#organization"},"inLanguage":"es"},{"@type":"Organization","@id":"https:\/\/plg-pllc.com\/#organization","name":"Grupo de abogados Premier","url":"https:\/\/plg-pllc.com\/","logo":{"@type":"ImageObject","inLanguage":"es","@id":"https:\/\/plg-pllc.com\/#\/schema\/logo\/image\/","url":"https:\/\/plg-pllc.com\/wp-content\/uploads\/2020\/10\/plg-logo-v2.gif","contentUrl":"https:\/\/plg-pllc.com\/wp-content\/uploads\/2020\/10\/plg-logo-v2.gif","width":592,"height":191,"caption":"Premier Law Group"},"image":{"@id":"https:\/\/plg-pllc.com\/#\/schema\/logo\/image\/"},"sameAs":["https:\/\/www.facebook.com\/premierlawgroup","https:\/\/x.com\/premierlawgroup"]}]}},"_links":{"self":[{"href":"https:\/\/plg-pllc.com\/es\/wp-json\/wp\/v2\/pages\/16147","targetHints":{"allow":["GET"]}}],"collection":[{"href":"https:\/\/plg-pllc.com\/es\/wp-json\/wp\/v2\/pages"}],"about":[{"href":"https:\/\/plg-pllc.com\/es\/wp-json\/wp\/v2\/types\/page"}],"author":[{"embeddable":true,"href":"https:\/\/plg-pllc.com\/es\/wp-json\/wp\/v2\/users\/10"}],"replies":[{"embeddable":true,"href":"https:\/\/plg-pllc.com\/es\/wp-json\/wp\/v2\/comments?post=16147"}],"version-history":[{"count":0,"href":"https:\/\/plg-pllc.com\/es\/wp-json\/wp\/v2\/pages\/16147\/revisions"}],"up":[{"embeddable":true,"href":"https:\/\/plg-pllc.com\/es\/wp-json\/wp\/v2\/pages\/17949"}],"wp:featuredmedia":[{"embeddable":true,"href":"https:\/\/plg-pllc.com\/es\/wp-json\/wp\/v2\/media\/16148"}],"wp:attachment":[{"href":"https:\/\/plg-pllc.com\/es\/wp-json\/wp\/v2\/media?parent=16147"}],"wp:term":[{"taxonomy":"hc_faqs","embeddable":true,"href":"https:\/\/plg-pllc.com\/es\/wp-json\/wp\/v2\/hc_faqs?post=16147"}],"curies":[{"name":"gracias","href":"https:\/\/api.w.org\/{rel}","templated":true}]}}